{"id":829,"date":"2018-11-29T12:28:47","date_gmt":"2018-11-29T12:28:47","guid":{"rendered":"https:\/\/waterpik.lt\/product\/pp\/"},"modified":"2024-07-11T16:53:56","modified_gmt":"2024-07-11T13:53:56","slug":"pp","status":"publish","type":"product","link":"https:\/\/waterpik.lt\/ru\/product\/pp\/","title":{"rendered":"PP"},"content":{"rendered":"","protected":false},"excerpt":{"rendered":"<p><b><\/b><br \/>\n\u041d\u0430\u0441\u0430\u0434\u043a\u0430 Pik Pocket PP. \u0427\u0438\u0441\u0442\u043a\u0430 \u0437\u0443\u0431\u043e\u0434\u0435\u0441\u043d\u0435\u0432\u044b\u0445 \u043a\u0430\u0440\u043c\u0430\u043d\u043e\u0432.<\/p>\n<p>&nbsp;<\/p>\n<div class=\"qbutton default\">[spu popup=\"867\"]\u0417\u0410\u041a\u0410\u0417\u0410\u0422\u042c[\/spu]<\/div>\n","protected":false},"featured_media":495,"template":"","meta":{"inline_featured_image":false},"product_brand":[],"product_cat":[62],"product_tag":[],"class_list":{"0":"post-829","1":"product","2":"type-product","3":"status-publish","4":"has-post-thumbnail","6":"product_cat-aksessuary","8":"first","9":"instock","10":"taxable","11":"shipping-taxable","12":"purchasable","13":"product-type-simple"},"yoast_head":"<!-- This site is optimized with the Yoast SEO plugin v24.6 - https:\/\/yoast.com\/wordpress\/plugins\/seo\/ -->\n<title>Antgaliukas Pik Pocket PP, dant\u0173 ki\u0161eni\u0173 valymui | Waterpik<\/title>\n<meta name=\"description\" content=\"\u041d\u0430 \u043f\u0440\u043e\u0442\u044f\u0436\u0435\u043d\u0438\u0438 20 \u043b\u0435\u0442 \u043c\u044b \u043f\u0440\u0435\u0434\u0441\u0442\u0430\u0432\u043b\u044f\u0435\u043c \u043f\u0440\u043e\u0438\u0437\u0432\u043e\u0434\u0438\u0442\u0435\u043b\u044f \u0438\u0440\u0440\u0438\u0433\u0430\u0442\u043e\u0440\u043e\u0432 \u043f\u043e\u043b\u043e\u0441\u0442\u0438 \u0440\u0442\u0430 \u201eWaterpik\u201c \u043d\u0430 \u0440\u044b\u043d\u043a\u0435 \u0431\u0430\u043b\u0442\u0438\u0439\u0441\u043a\u0438\u0445 \u0441\u0442\u0440\u0430\u043d.\" \/>\n<meta name=\"robots\" content=\"index, follow, max-snippet:-1, max-image-preview:large, max-video-preview:-1\" \/>\n<link rel=\"canonical\" href=\"https:\/\/waterpik.lt\/ru\/product\/pp\/\" \/>\n<meta property=\"og:locale\" content=\"ru_RU\" \/>\n<meta property=\"og:type\" content=\"article\" \/>\n<meta property=\"og:title\" content=\"Antgaliukas Pik Pocket PP, dant\u0173 ki\u0161eni\u0173 valymui | Waterpik\" \/>\n<meta property=\"og:description\" content=\"\u041d\u0430 \u043f\u0440\u043e\u0442\u044f\u0436\u0435\u043d\u0438\u0438 20 \u043b\u0435\u0442 \u043c\u044b \u043f\u0440\u0435\u0434\u0441\u0442\u0430\u0432\u043b\u044f\u0435\u043c \u043f\u0440\u043e\u0438\u0437\u0432\u043e\u0434\u0438\u0442\u0435\u043b\u044f \u0438\u0440\u0440\u0438\u0433\u0430\u0442\u043e\u0440\u043e\u0432 \u043f\u043e\u043b\u043e\u0441\u0442\u0438 \u0440\u0442\u0430 \u201eWaterpik\u201c \u043d\u0430 \u0440\u044b\u043d\u043a\u0435 \u0431\u0430\u043b\u0442\u0438\u0439\u0441\u043a\u0438\u0445 \u0441\u0442\u0440\u0430\u043d.\" \/>\n<meta property=\"og:url\" content=\"https:\/\/waterpik.lt\/ru\/product\/pp\/\" \/>\n<meta property=\"og:site_name\" content=\"Waterpik\" \/>\n<meta property=\"article:modified_time\" content=\"2024-07-11T13:53:56+00:00\" \/>\n<meta property=\"og:image\" content=\"https:\/\/waterpik.lt\/wp-content\/uploads\/2018\/11\/WF-06_Hero_Rendering_White-768x768_0013_tumb-8.jpg\" \/>\n\t<meta property=\"og:image:width\" content=\"768\" \/>\n\t<meta property=\"og:image:height\" content=\"768\" \/>\n\t<meta property=\"og:image:type\" content=\"image\/jpeg\" \/>\n<meta name=\"twitter:card\" content=\"summary_large_image\" \/>\n<script type=\"application\/ld+json\" class=\"yoast-schema-graph\">{\"@context\":\"https:\/\/schema.org\",\"@graph\":[{\"@type\":\"WebPage\",\"@id\":\"https:\/\/waterpik.lt\/ru\/product\/pp\/\",\"url\":\"https:\/\/waterpik.lt\/ru\/product\/pp\/\",\"name\":\"Antgaliukas Pik Pocket PP, dant\u0173 ki\u0161eni\u0173 valymui | Waterpik\",\"isPartOf\":{\"@id\":\"https:\/\/waterpik.lt\/#website\"},\"primaryImageOfPage\":{\"@id\":\"https:\/\/waterpik.lt\/ru\/product\/pp\/#primaryimage\"},\"image\":{\"@id\":\"https:\/\/waterpik.lt\/ru\/product\/pp\/#primaryimage\"},\"thumbnailUrl\":\"https:\/\/waterpik.lt\/wp-content\/uploads\/2018\/11\/WF-06_Hero_Rendering_White-768x768_0013_tumb-8.jpg\",\"datePublished\":\"2018-11-29T12:28:47+00:00\",\"dateModified\":\"2024-07-11T13:53:56+00:00\",\"description\":\"\u041d\u0430 \u043f\u0440\u043e\u0442\u044f\u0436\u0435\u043d\u0438\u0438 20 \u043b\u0435\u0442 \u043c\u044b \u043f\u0440\u0435\u0434\u0441\u0442\u0430\u0432\u043b\u044f\u0435\u043c \u043f\u0440\u043e\u0438\u0437\u0432\u043e\u0434\u0438\u0442\u0435\u043b\u044f \u0438\u0440\u0440\u0438\u0433\u0430\u0442\u043e\u0440\u043e\u0432 \u043f\u043e\u043b\u043e\u0441\u0442\u0438 \u0440\u0442\u0430 \u201eWaterpik\u201c \u043d\u0430 \u0440\u044b\u043d\u043a\u0435 \u0431\u0430\u043b\u0442\u0438\u0439\u0441\u043a\u0438\u0445 \u0441\u0442\u0440\u0430\u043d.\",\"breadcrumb\":{\"@id\":\"https:\/\/waterpik.lt\/ru\/product\/pp\/#breadcrumb\"},\"inLanguage\":\"ru-RU\",\"potentialAction\":[{\"@type\":\"ReadAction\",\"target\":[\"https:\/\/waterpik.lt\/ru\/product\/pp\/\"]}]},{\"@type\":\"ImageObject\",\"inLanguage\":\"ru-RU\",\"@id\":\"https:\/\/waterpik.lt\/ru\/product\/pp\/#primaryimage\",\"url\":\"https:\/\/waterpik.lt\/wp-content\/uploads\/2018\/11\/WF-06_Hero_Rendering_White-768x768_0013_tumb-8.jpg\",\"contentUrl\":\"https:\/\/waterpik.lt\/wp-content\/uploads\/2018\/11\/WF-06_Hero_Rendering_White-768x768_0013_tumb-8.jpg\",\"width\":768,\"height\":768},{\"@type\":\"BreadcrumbList\",\"@id\":\"https:\/\/waterpik.lt\/ru\/product\/pp\/#breadcrumb\",\"itemListElement\":[{\"@type\":\"ListItem\",\"position\":1,\"name\":\"Titulinis\",\"item\":\"https:\/\/waterpik.lt\/ru\/\"},{\"@type\":\"ListItem\",\"position\":2,\"name\":\"\u041f\u0440\u043e\u0434\u0443\u043a\u0442\u044b\",\"item\":\"https:\/\/waterpik.lt\/ru\/produkty\/\"},{\"@type\":\"ListItem\",\"position\":3,\"name\":\"PP\"}]},{\"@type\":\"WebSite\",\"@id\":\"https:\/\/waterpik.lt\/#website\",\"url\":\"https:\/\/waterpik.lt\/\",\"name\":\"Waterpik\",\"description\":\"Irigatoriai\",\"publisher\":{\"@id\":\"https:\/\/waterpik.lt\/#organization\"},\"potentialAction\":[{\"@type\":\"SearchAction\",\"target\":{\"@type\":\"EntryPoint\",\"urlTemplate\":\"https:\/\/waterpik.lt\/?s={search_term_string}\"},\"query-input\":{\"@type\":\"PropertyValueSpecification\",\"valueRequired\":true,\"valueName\":\"search_term_string\"}}],\"inLanguage\":\"ru-RU\"},{\"@type\":\"Organization\",\"@id\":\"https:\/\/waterpik.lt\/#organization\",\"name\":\"Waterpik\",\"url\":\"https:\/\/waterpik.lt\/\",\"logo\":{\"@type\":\"ImageObject\",\"inLanguage\":\"ru-RU\",\"@id\":\"https:\/\/waterpik.lt\/#\/schema\/logo\/image\/\",\"url\":\"https:\/\/waterpik.lt\/wp-content\/uploads\/2019\/05\/WP-160.jpg\",\"contentUrl\":\"https:\/\/waterpik.lt\/wp-content\/uploads\/2019\/05\/WP-160.jpg\",\"width\":2048,\"height\":2048,\"caption\":\"Waterpik\"},\"image\":{\"@id\":\"https:\/\/waterpik.lt\/#\/schema\/logo\/image\/\"}}]}<\/script>\n<!-- \/ Yoast SEO plugin. -->","yoast_head_json":{"title":"Antgaliukas Pik Pocket PP, dant\u0173 ki\u0161eni\u0173 valymui | Waterpik","description":"\u041d\u0430 \u043f\u0440\u043e\u0442\u044f\u0436\u0435\u043d\u0438\u0438 20 \u043b\u0435\u0442 \u043c\u044b \u043f\u0440\u0435\u0434\u0441\u0442\u0430\u0432\u043b\u044f\u0435\u043c \u043f\u0440\u043e\u0438\u0437\u0432\u043e\u0434\u0438\u0442\u0435\u043b\u044f \u0438\u0440\u0440\u0438\u0433\u0430\u0442\u043e\u0440\u043e\u0432 \u043f\u043e\u043b\u043e\u0441\u0442\u0438 \u0440\u0442\u0430 \u201eWaterpik\u201c \u043d\u0430 \u0440\u044b\u043d\u043a\u0435 \u0431\u0430\u043b\u0442\u0438\u0439\u0441\u043a\u0438\u0445 \u0441\u0442\u0440\u0430\u043d.","robots":{"index":"index","follow":"follow","max-snippet":"max-snippet:-1","max-image-preview":"max-image-preview:large","max-video-preview":"max-video-preview:-1"},"canonical":"https:\/\/waterpik.lt\/ru\/product\/pp\/","og_locale":"ru_RU","og_type":"article","og_title":"Antgaliukas Pik Pocket PP, dant\u0173 ki\u0161eni\u0173 valymui | Waterpik","og_description":"\u041d\u0430 \u043f\u0440\u043e\u0442\u044f\u0436\u0435\u043d\u0438\u0438 20 \u043b\u0435\u0442 \u043c\u044b \u043f\u0440\u0435\u0434\u0441\u0442\u0430\u0432\u043b\u044f\u0435\u043c \u043f\u0440\u043e\u0438\u0437\u0432\u043e\u0434\u0438\u0442\u0435\u043b\u044f \u0438\u0440\u0440\u0438\u0433\u0430\u0442\u043e\u0440\u043e\u0432 \u043f\u043e\u043b\u043e\u0441\u0442\u0438 \u0440\u0442\u0430 \u201eWaterpik\u201c \u043d\u0430 \u0440\u044b\u043d\u043a\u0435 \u0431\u0430\u043b\u0442\u0438\u0439\u0441\u043a\u0438\u0445 \u0441\u0442\u0440\u0430\u043d.","og_url":"https:\/\/waterpik.lt\/ru\/product\/pp\/","og_site_name":"Waterpik","article_modified_time":"2024-07-11T13:53:56+00:00","og_image":[{"width":768,"height":768,"url":"https:\/\/waterpik.lt\/wp-content\/uploads\/2018\/11\/WF-06_Hero_Rendering_White-768x768_0013_tumb-8.jpg","type":"image\/jpeg"}],"twitter_card":"summary_large_image","schema":{"@context":"https:\/\/schema.org","@graph":[{"@type":"WebPage","@id":"https:\/\/waterpik.lt\/ru\/product\/pp\/","url":"https:\/\/waterpik.lt\/ru\/product\/pp\/","name":"Antgaliukas Pik Pocket PP, dant\u0173 ki\u0161eni\u0173 valymui | Waterpik","isPartOf":{"@id":"https:\/\/waterpik.lt\/#website"},"primaryImageOfPage":{"@id":"https:\/\/waterpik.lt\/ru\/product\/pp\/#primaryimage"},"image":{"@id":"https:\/\/waterpik.lt\/ru\/product\/pp\/#primaryimage"},"thumbnailUrl":"https:\/\/waterpik.lt\/wp-content\/uploads\/2018\/11\/WF-06_Hero_Rendering_White-768x768_0013_tumb-8.jpg","datePublished":"2018-11-29T12:28:47+00:00","dateModified":"2024-07-11T13:53:56+00:00","description":"\u041d\u0430 \u043f\u0440\u043e\u0442\u044f\u0436\u0435\u043d\u0438\u0438 20 \u043b\u0435\u0442 \u043c\u044b \u043f\u0440\u0435\u0434\u0441\u0442\u0430\u0432\u043b\u044f\u0435\u043c \u043f\u0440\u043e\u0438\u0437\u0432\u043e\u0434\u0438\u0442\u0435\u043b\u044f \u0438\u0440\u0440\u0438\u0433\u0430\u0442\u043e\u0440\u043e\u0432 \u043f\u043e\u043b\u043e\u0441\u0442\u0438 \u0440\u0442\u0430 \u201eWaterpik\u201c \u043d\u0430 \u0440\u044b\u043d\u043a\u0435 \u0431\u0430\u043b\u0442\u0438\u0439\u0441\u043a\u0438\u0445 \u0441\u0442\u0440\u0430\u043d.","breadcrumb":{"@id":"https:\/\/waterpik.lt\/ru\/product\/pp\/#breadcrumb"},"inLanguage":"ru-RU","potentialAction":[{"@type":"ReadAction","target":["https:\/\/waterpik.lt\/ru\/product\/pp\/"]}]},{"@type":"ImageObject","inLanguage":"ru-RU","@id":"https:\/\/waterpik.lt\/ru\/product\/pp\/#primaryimage","url":"https:\/\/waterpik.lt\/wp-content\/uploads\/2018\/11\/WF-06_Hero_Rendering_White-768x768_0013_tumb-8.jpg","contentUrl":"https:\/\/waterpik.lt\/wp-content\/uploads\/2018\/11\/WF-06_Hero_Rendering_White-768x768_0013_tumb-8.jpg","width":768,"height":768},{"@type":"BreadcrumbList","@id":"https:\/\/waterpik.lt\/ru\/product\/pp\/#breadcrumb","itemListElement":[{"@type":"ListItem","position":1,"name":"Titulinis","item":"https:\/\/waterpik.lt\/ru\/"},{"@type":"ListItem","position":2,"name":"\u041f\u0440\u043e\u0434\u0443\u043a\u0442\u044b","item":"https:\/\/waterpik.lt\/ru\/produkty\/"},{"@type":"ListItem","position":3,"name":"PP"}]},{"@type":"WebSite","@id":"https:\/\/waterpik.lt\/#website","url":"https:\/\/waterpik.lt\/","name":"Waterpik","description":"Irigatoriai","publisher":{"@id":"https:\/\/waterpik.lt\/#organization"},"potentialAction":[{"@type":"SearchAction","target":{"@type":"EntryPoint","urlTemplate":"https:\/\/waterpik.lt\/?s={search_term_string}"},"query-input":{"@type":"PropertyValueSpecification","valueRequired":true,"valueName":"search_term_string"}}],"inLanguage":"ru-RU"},{"@type":"Organization","@id":"https:\/\/waterpik.lt\/#organization","name":"Waterpik","url":"https:\/\/waterpik.lt\/","logo":{"@type":"ImageObject","inLanguage":"ru-RU","@id":"https:\/\/waterpik.lt\/#\/schema\/logo\/image\/","url":"https:\/\/waterpik.lt\/wp-content\/uploads\/2019\/05\/WP-160.jpg","contentUrl":"https:\/\/waterpik.lt\/wp-content\/uploads\/2019\/05\/WP-160.jpg","width":2048,"height":2048,"caption":"Waterpik"},"image":{"@id":"https:\/\/waterpik.lt\/#\/schema\/logo\/image\/"}}]}},"_links":{"self":[{"href":"https:\/\/waterpik.lt\/ru\/wp-json\/wp\/v2\/product\/829","targetHints":{"allow":["GET"]}}],"collection":[{"href":"https:\/\/waterpik.lt\/ru\/wp-json\/wp\/v2\/product"}],"about":[{"href":"https:\/\/waterpik.lt\/ru\/wp-json\/wp\/v2\/types\/product"}],"wp:featuredmedia":[{"embeddable":true,"href":"https:\/\/waterpik.lt\/ru\/wp-json\/wp\/v2\/media\/495"}],"wp:attachment":[{"href":"https:\/\/waterpik.lt\/ru\/wp-json\/wp\/v2\/media?parent=829"}],"wp:term":[{"taxonomy":"product_brand","embeddable":true,"href":"https:\/\/waterpik.lt\/ru\/wp-json\/wp\/v2\/product_brand?post=829"},{"taxonomy":"product_cat","embeddable":true,"href":"https:\/\/waterpik.lt\/ru\/wp-json\/wp\/v2\/product_cat?post=829"},{"taxonomy":"product_tag","embeddable":true,"href":"https:\/\/waterpik.lt\/ru\/wp-json\/wp\/v2\/product_tag?post=829"}],"curies":[{"name":"wp","href":"https:\/\/api.w.org\/{rel}","templated":true}]}}