{"id":801,"date":"2018-11-29T11:32:37","date_gmt":"2018-11-29T11:32:37","guid":{"rendered":"https:\/\/waterpik.lt\/product\/elektrinis-dantu-sepetelis-st-01\/"},"modified":"2025-09-08T15:54:58","modified_gmt":"2025-09-08T12:54:58","slug":"elektriceskaja-zubnaja-setka-st-01","status":"publish","type":"product","link":"https:\/\/waterpik.lt\/ru\/product\/elektriceskaja-zubnaja-setka-st-01\/","title":{"rendered":"\u042d\u043b\u0435\u043a\u0442\u0440\u0438\u0447\u0435\u0441\u043a\u0430\u044f \u0437\u0443\u0431\u043d\u0430\u044f \u0449\u0435\u0442\u043a\u0430 ST-01"},"content":{"rendered":"<div class=\"wpb-content-wrapper\"><p>[vc_row css_animation=&#187;&#187; row_type=&#187;row&#187; use_row_as_full_screen_section=&#187;no&#187; type=&#187;full_width&#187; angled_section=&#187;no&#187; text_align=&#187;left&#187; background_image_as_pattern=&#187;without_pattern&#187;][vc_column][vc_column_text]<\/p>\n<h3>\u041f\u0440\u0435\u0438\u043c\u0443\u0449\u0435\u0441\u0442\u0432\u0430 \u201eTriple Sonic\u201c<\/h3>\n<ul>\n<li>\u0413\u043e\u043b\u043e\u0432\u043a\u0430 \u0449\u0435\u0442\u043a\u0438 \u043f\u0440\u043e\u0433\u0440\u0435\u0441\u0441\u0438\u0432\u043d\u043e\u0439 \u0444\u043e\u0440\u043c\u044b \u0441 \u0438\u043d\u0442\u0435\u0433\u0440\u0438\u0440\u043e\u0432\u0430\u043d\u043d\u044b\u043c \u0441\u043a\u0440\u0435\u0431\u043a\u043e\u043c \u0434\u043b\u044f \u0447\u0438\u0441\u0442\u043a\u0438 \u044f\u0437\u044b\u043a\u0430<\/li>\n<li>\u0423\u0434\u043e\u0431\u043d\u044b\u0439 \u0438\u043d\u0434\u0438\u043a\u0430\u0442\u043e\u0440 \u0437\u0430\u0440\u044f\u0434\u043a\u0438, \u043f\u043e\u043a\u0430\u0437\u044b\u0432\u0430\u044e\u0449\u0438\u0439 \u0442\u043e\u0447\u043d\u0443\u044e \u0438\u043d\u0444\u043e\u0440\u043c\u0430\u0446\u0438\u044e \u043e\u0431 \u0443\u0440\u043e\u0432\u043d\u0435 \u0437\u0430\u0440\u044f\u0434\u043a\u0438<\/li>\n<\/ul>\n<p>\u0422\u0440\u0438 \u0440\u0435\u0436\u0438\u043c\u0430 \u0447\u0438\u0441\u0442\u043a\u0438<\/p>\n<ul>\n<li>\u0420\u0435\u0436\u0438\u043c \u0447\u0438\u0441\u0442\u043a\u0438 \u0434\u043b\u044f \u0431\u0435\u0437\u0443\u043f\u0440\u0435\u0447\u043d\u043e\u0439 \u0435\u0436\u0435\u0434\u043d\u0435\u0432\u043d\u043e\u0439 \u0447\u0438\u0441\u0442\u043a\u0438<\/li>\n<li>\u0420\u0435\u0436\u0438\u043c \u043e\u0442\u0431\u0435\u043b\u0438\u0432\u0430\u043d\u0438\u044f, \u043f\u0440\u0435\u0434\u043d\u0430\u0437\u043d\u0430\u0447\u0435\u043d\u043d\u044b\u0439 \u0434\u043b\u044f \u0443\u0441\u0442\u0440\u0430\u043d\u0435\u043d\u0438\u044f \u0441 \u043f\u043e\u0432\u0435\u0440\u0445\u043d\u043e\u0441\u0442\u0438 \u043f\u044f\u0442\u0435\u043d \u0438 \u043d\u0430\u0442\u0443\u0440\u0430\u043b\u044c\u043d\u043e\u0433\u043e \u043e\u0442\u0431\u0435\u043b\u0438\u0432\u0430\u043d\u0438\u044f \u0437\u0443\u0431\u043e\u0432<\/li>\n<li>\u0420\u0435\u0436\u0438\u043c \u043c\u0430\u0441\u0441\u0430\u0436\u0430 \u0434\u043b\u044f \u0434\u043e\u043f\u043e\u043b\u043d\u0438\u0442\u0435\u043b\u044c\u043d\u043e\u0439 \u0441\u0442\u0438\u043c\u0443\u043b\u044f\u0446\u0438\u0438 \u0434\u0435\u0441\u0435\u043d \u0438 \u043a\u0440\u043e\u0432\u043e\u043e\u0431\u0440\u0430\u0449\u0435\u043d\u0438\u044f<\/li>\n<\/ul>\n<p>[\/vc_column_text][vc_column_text]<\/p>\n<h3>\u0421\u0432\u043e\u0439\u0441\u0442\u0432\u0430 \u0437\u0443\u0431\u043d\u043e\u0439 \u0449\u0435\u0442\u043a\u0438 \u201eTriple Sonic\u201c<\/h3>\n<ul>\n<li>\u0414\u0432\u0435 \u0433\u043e\u043b\u043e\u0432\u043a\u0438 \u0449\u0435\u0442\u043a\u0438 \u00abTriple Sonic\u00bb<\/li>\n<li>Dviej\u0173 minu\u010di\u0173 bendras laikmatis su 30 sekund\u017ei\u0173 kvadrant\u0173 laikma\u010diu<\/li>\n<li>\u0422\u0440\u0438 \u0440\u0435\u0436\u0438\u043c\u0430 \u0447\u0438\u0441\u0442\u043a\u0438<\/li>\n<li>\u041a\u0430\u0447\u0435\u0441\u0442\u0432\u0435\u043d\u043d\u044b\u0439 \u0434\u043e\u0440\u043e\u0436\u043d\u044b\u0439 \u0444\u0443\u0442\u043b\u044f\u0440 \u0434\u043b\u044f \u0437\u0443\u0431\u043d\u043e\u0439 \u0449\u0435\u0442\u043a\u0438<\/li>\n<li>\u0423\u0434\u043e\u0431\u043d\u044b\u0439 \u0438\u043d\u0434\u0438\u043a\u0430\u0442\u043e\u0440 \u0437\u0430\u0440\u044f\u0434\u043a\u0438<\/li>\n<\/ul>\n<p>[\/vc_column_text][\/vc_column][\/vc_row]<\/p>\n<\/div>","protected":false},"excerpt":{"rendered":"<p>&nbsp;<\/p>\n<p lang=\"ru-RU\"><strong><span style=\"font-family: Times New Roman, serif;\"><span style=\"font-size: medium;\">\u0412\u043d\u0438\u043c\u0430\u043d\u0438\u0435! \u041c\u043e\u0434\u0435\u043b\u044c Waterpik ST-01 \u043e\u0444\u0438\u0446\u0438\u0430\u043b\u044c\u043d\u043e \u0437\u0430\u043c\u0435\u043d\u0435\u043d\u0430 \u043d\u043e\u0432\u043e\u0439 \u043c\u043e\u0434\u0435\u043b\u044c\u044e Waterpik STW-03<\/span><\/span><\/strong><\/p>\n<p lang=\"ru-RU\"><a href=\"https:\/\/waterpik.lt\/ru\/product\/elektricheskaya-zubnaya-shhetka-stw-03\/\"><span style=\"color: #ff0000;\"><strong><span style=\"font-family: Times New Roman, serif;\"><span style=\"font-size: medium;\">\u041d\u043e\u0432\u0443\u044e \u043c\u043e\u0434\u0435\u043b\u044c \u043c\u043e\u0436\u043d\u043e \u043f\u0440\u0438\u043e\u0431\u0440\u0435\u0441\u0442\u0438 \u0437\u0434\u0435\u0441\u044c<\/span><\/span><\/strong><\/span><\/a><\/p>\n<p lang=\"ru-RU\">\n<div class=\"qbutton default\">[spu popup=\"867\"]\u0417\u0410\u041a\u0410\u0417\u0410\u0422\u042c[\/spu]<\/div>\n","protected":false},"featured_media":411,"template":"","meta":{"inline_featured_image":false},"product_brand":[],"product_cat":[60],"product_tag":[],"class_list":{"0":"post-801","1":"product","2":"type-product","3":"status-publish","4":"has-post-thumbnail","6":"product_cat-elektriceskie-zubnye-setki","8":"first","9":"outofstock","10":"taxable","11":"shipping-taxable","12":"purchasable","13":"product-type-simple"},"yoast_head":"<!-- This site is optimized with the Yoast SEO plugin v24.6 - https:\/\/yoast.com\/wordpress\/plugins\/seo\/ -->\n<title>\u042d\u043b\u0435\u043a\u0442\u0440\u0438\u0447\u0435\u0441\u043a\u0430\u044f \u0437\u0443\u0431\u043d\u0430\u044f \u0449\u0435\u0442\u043a\u0430 ST-01 | Waterpik<\/title>\n<meta name=\"description\" content=\"Elektrinis dant\u0173 \u0161epet\u0117lis leis pasir\u016bpinti nepriekai\u0161tinga burnos higiena. Tai \u2013 puiki alternatyva paprastam \u0161epet\u0117liui. U\u017esisakykite internetu nemokamai!\" \/>\n<meta name=\"robots\" content=\"index, follow, max-snippet:-1, max-image-preview:large, max-video-preview:-1\" \/>\n<link rel=\"canonical\" href=\"https:\/\/waterpik.lt\/ru\/product\/elektriceskaja-zubnaja-setka-st-01\/\" \/>\n<meta property=\"og:locale\" content=\"ru_RU\" \/>\n<meta property=\"og:type\" content=\"article\" \/>\n<meta property=\"og:title\" content=\"\u042d\u043b\u0435\u043a\u0442\u0440\u0438\u0447\u0435\u0441\u043a\u0430\u044f \u0437\u0443\u0431\u043d\u0430\u044f \u0449\u0435\u0442\u043a\u0430 ST-01 | Waterpik\" \/>\n<meta property=\"og:description\" content=\"Elektrinis dant\u0173 \u0161epet\u0117lis leis pasir\u016bpinti nepriekai\u0161tinga burnos higiena. Tai \u2013 puiki alternatyva paprastam \u0161epet\u0117liui. U\u017esisakykite internetu nemokamai!\" \/>\n<meta property=\"og:url\" content=\"https:\/\/waterpik.lt\/ru\/product\/elektriceskaja-zubnaja-setka-st-01\/\" \/>\n<meta property=\"og:site_name\" content=\"Waterpik\" \/>\n<meta property=\"article:modified_time\" content=\"2025-09-08T12:54:58+00:00\" \/>\n<meta property=\"og:image\" content=\"https:\/\/waterpik.lt\/wp-content\/uploads\/2018\/11\/WF-06_Hero_Rendering_White-768x768_0021_Triple-Sonic-Toothbrush-White.jpg\" \/>\n\t<meta property=\"og:image:width\" content=\"768\" \/>\n\t<meta property=\"og:image:height\" content=\"768\" \/>\n\t<meta property=\"og:image:type\" content=\"image\/jpeg\" \/>\n<meta name=\"twitter:card\" content=\"summary_large_image\" \/>\n<meta name=\"twitter:label1\" content=\"\u041f\u0440\u0438\u043c\u0435\u0440\u043d\u043e\u0435 \u0432\u0440\u0435\u043c\u044f \u0434\u043b\u044f \u0447\u0442\u0435\u043d\u0438\u044f\" \/>\n\t<meta name=\"twitter:data1\" content=\"1 \u043c\u0438\u043d\u0443\u0442\u0430\" \/>\n<script type=\"application\/ld+json\" class=\"yoast-schema-graph\">{\"@context\":\"https:\/\/schema.org\",\"@graph\":[{\"@type\":\"WebPage\",\"@id\":\"https:\/\/waterpik.lt\/ru\/product\/elektriceskaja-zubnaja-setka-st-01\/\",\"url\":\"https:\/\/waterpik.lt\/ru\/product\/elektriceskaja-zubnaja-setka-st-01\/\",\"name\":\"\u042d\u043b\u0435\u043a\u0442\u0440\u0438\u0447\u0435\u0441\u043a\u0430\u044f \u0437\u0443\u0431\u043d\u0430\u044f \u0449\u0435\u0442\u043a\u0430 ST-01 | Waterpik\",\"isPartOf\":{\"@id\":\"https:\/\/waterpik.lt\/#website\"},\"primaryImageOfPage\":{\"@id\":\"https:\/\/waterpik.lt\/ru\/product\/elektriceskaja-zubnaja-setka-st-01\/#primaryimage\"},\"image\":{\"@id\":\"https:\/\/waterpik.lt\/ru\/product\/elektriceskaja-zubnaja-setka-st-01\/#primaryimage\"},\"thumbnailUrl\":\"https:\/\/waterpik.lt\/wp-content\/uploads\/2018\/11\/WF-06_Hero_Rendering_White-768x768_0021_Triple-Sonic-Toothbrush-White.jpg\",\"datePublished\":\"2018-11-29T11:32:37+00:00\",\"dateModified\":\"2025-09-08T12:54:58+00:00\",\"description\":\"Elektrinis dant\u0173 \u0161epet\u0117lis leis pasir\u016bpinti nepriekai\u0161tinga burnos higiena. Tai \u2013 puiki alternatyva paprastam \u0161epet\u0117liui. U\u017esisakykite internetu nemokamai!\",\"breadcrumb\":{\"@id\":\"https:\/\/waterpik.lt\/ru\/product\/elektriceskaja-zubnaja-setka-st-01\/#breadcrumb\"},\"inLanguage\":\"ru-RU\",\"potentialAction\":[{\"@type\":\"ReadAction\",\"target\":[\"https:\/\/waterpik.lt\/ru\/product\/elektriceskaja-zubnaja-setka-st-01\/\"]}]},{\"@type\":\"ImageObject\",\"inLanguage\":\"ru-RU\",\"@id\":\"https:\/\/waterpik.lt\/ru\/product\/elektriceskaja-zubnaja-setka-st-01\/#primaryimage\",\"url\":\"https:\/\/waterpik.lt\/wp-content\/uploads\/2018\/11\/WF-06_Hero_Rendering_White-768x768_0021_Triple-Sonic-Toothbrush-White.jpg\",\"contentUrl\":\"https:\/\/waterpik.lt\/wp-content\/uploads\/2018\/11\/WF-06_Hero_Rendering_White-768x768_0021_Triple-Sonic-Toothbrush-White.jpg\",\"width\":768,\"height\":768},{\"@type\":\"BreadcrumbList\",\"@id\":\"https:\/\/waterpik.lt\/ru\/product\/elektriceskaja-zubnaja-setka-st-01\/#breadcrumb\",\"itemListElement\":[{\"@type\":\"ListItem\",\"position\":1,\"name\":\"Titulinis\",\"item\":\"https:\/\/waterpik.lt\/ru\/\"},{\"@type\":\"ListItem\",\"position\":2,\"name\":\"\u041f\u0440\u043e\u0434\u0443\u043a\u0442\u044b\",\"item\":\"https:\/\/waterpik.lt\/ru\/produkty\/\"},{\"@type\":\"ListItem\",\"position\":3,\"name\":\"\u042d\u043b\u0435\u043a\u0442\u0440\u0438\u0447\u0435\u0441\u043a\u0430\u044f \u0437\u0443\u0431\u043d\u0430\u044f \u0449\u0435\u0442\u043a\u0430 ST-01\"}]},{\"@type\":\"WebSite\",\"@id\":\"https:\/\/waterpik.lt\/#website\",\"url\":\"https:\/\/waterpik.lt\/\",\"name\":\"Waterpik\",\"description\":\"Irigatoriai\",\"publisher\":{\"@id\":\"https:\/\/waterpik.lt\/#organization\"},\"potentialAction\":[{\"@type\":\"SearchAction\",\"target\":{\"@type\":\"EntryPoint\",\"urlTemplate\":\"https:\/\/waterpik.lt\/?s={search_term_string}\"},\"query-input\":{\"@type\":\"PropertyValueSpecification\",\"valueRequired\":true,\"valueName\":\"search_term_string\"}}],\"inLanguage\":\"ru-RU\"},{\"@type\":\"Organization\",\"@id\":\"https:\/\/waterpik.lt\/#organization\",\"name\":\"Waterpik\",\"url\":\"https:\/\/waterpik.lt\/\",\"logo\":{\"@type\":\"ImageObject\",\"inLanguage\":\"ru-RU\",\"@id\":\"https:\/\/waterpik.lt\/#\/schema\/logo\/image\/\",\"url\":\"https:\/\/waterpik.lt\/wp-content\/uploads\/2019\/05\/WP-160.jpg\",\"contentUrl\":\"https:\/\/waterpik.lt\/wp-content\/uploads\/2019\/05\/WP-160.jpg\",\"width\":2048,\"height\":2048,\"caption\":\"Waterpik\"},\"image\":{\"@id\":\"https:\/\/waterpik.lt\/#\/schema\/logo\/image\/\"}}]}<\/script>\n<!-- \/ Yoast SEO plugin. -->","yoast_head_json":{"title":"\u042d\u043b\u0435\u043a\u0442\u0440\u0438\u0447\u0435\u0441\u043a\u0430\u044f \u0437\u0443\u0431\u043d\u0430\u044f \u0449\u0435\u0442\u043a\u0430 ST-01 | Waterpik","description":"Elektrinis dant\u0173 \u0161epet\u0117lis leis pasir\u016bpinti nepriekai\u0161tinga burnos higiena. Tai \u2013 puiki alternatyva paprastam \u0161epet\u0117liui. U\u017esisakykite internetu nemokamai!","robots":{"index":"index","follow":"follow","max-snippet":"max-snippet:-1","max-image-preview":"max-image-preview:large","max-video-preview":"max-video-preview:-1"},"canonical":"https:\/\/waterpik.lt\/ru\/product\/elektriceskaja-zubnaja-setka-st-01\/","og_locale":"ru_RU","og_type":"article","og_title":"\u042d\u043b\u0435\u043a\u0442\u0440\u0438\u0447\u0435\u0441\u043a\u0430\u044f \u0437\u0443\u0431\u043d\u0430\u044f \u0449\u0435\u0442\u043a\u0430 ST-01 | Waterpik","og_description":"Elektrinis dant\u0173 \u0161epet\u0117lis leis pasir\u016bpinti nepriekai\u0161tinga burnos higiena. Tai \u2013 puiki alternatyva paprastam \u0161epet\u0117liui. U\u017esisakykite internetu nemokamai!","og_url":"https:\/\/waterpik.lt\/ru\/product\/elektriceskaja-zubnaja-setka-st-01\/","og_site_name":"Waterpik","article_modified_time":"2025-09-08T12:54:58+00:00","og_image":[{"width":768,"height":768,"url":"https:\/\/waterpik.lt\/wp-content\/uploads\/2018\/11\/WF-06_Hero_Rendering_White-768x768_0021_Triple-Sonic-Toothbrush-White.jpg","type":"image\/jpeg"}],"twitter_card":"summary_large_image","twitter_misc":{"\u041f\u0440\u0438\u043c\u0435\u0440\u043d\u043e\u0435 \u0432\u0440\u0435\u043c\u044f \u0434\u043b\u044f \u0447\u0442\u0435\u043d\u0438\u044f":"1 \u043c\u0438\u043d\u0443\u0442\u0430"},"schema":{"@context":"https:\/\/schema.org","@graph":[{"@type":"WebPage","@id":"https:\/\/waterpik.lt\/ru\/product\/elektriceskaja-zubnaja-setka-st-01\/","url":"https:\/\/waterpik.lt\/ru\/product\/elektriceskaja-zubnaja-setka-st-01\/","name":"\u042d\u043b\u0435\u043a\u0442\u0440\u0438\u0447\u0435\u0441\u043a\u0430\u044f \u0437\u0443\u0431\u043d\u0430\u044f \u0449\u0435\u0442\u043a\u0430 ST-01 | Waterpik","isPartOf":{"@id":"https:\/\/waterpik.lt\/#website"},"primaryImageOfPage":{"@id":"https:\/\/waterpik.lt\/ru\/product\/elektriceskaja-zubnaja-setka-st-01\/#primaryimage"},"image":{"@id":"https:\/\/waterpik.lt\/ru\/product\/elektriceskaja-zubnaja-setka-st-01\/#primaryimage"},"thumbnailUrl":"https:\/\/waterpik.lt\/wp-content\/uploads\/2018\/11\/WF-06_Hero_Rendering_White-768x768_0021_Triple-Sonic-Toothbrush-White.jpg","datePublished":"2018-11-29T11:32:37+00:00","dateModified":"2025-09-08T12:54:58+00:00","description":"Elektrinis dant\u0173 \u0161epet\u0117lis leis pasir\u016bpinti nepriekai\u0161tinga burnos higiena. Tai \u2013 puiki alternatyva paprastam \u0161epet\u0117liui. U\u017esisakykite internetu nemokamai!","breadcrumb":{"@id":"https:\/\/waterpik.lt\/ru\/product\/elektriceskaja-zubnaja-setka-st-01\/#breadcrumb"},"inLanguage":"ru-RU","potentialAction":[{"@type":"ReadAction","target":["https:\/\/waterpik.lt\/ru\/product\/elektriceskaja-zubnaja-setka-st-01\/"]}]},{"@type":"ImageObject","inLanguage":"ru-RU","@id":"https:\/\/waterpik.lt\/ru\/product\/elektriceskaja-zubnaja-setka-st-01\/#primaryimage","url":"https:\/\/waterpik.lt\/wp-content\/uploads\/2018\/11\/WF-06_Hero_Rendering_White-768x768_0021_Triple-Sonic-Toothbrush-White.jpg","contentUrl":"https:\/\/waterpik.lt\/wp-content\/uploads\/2018\/11\/WF-06_Hero_Rendering_White-768x768_0021_Triple-Sonic-Toothbrush-White.jpg","width":768,"height":768},{"@type":"BreadcrumbList","@id":"https:\/\/waterpik.lt\/ru\/product\/elektriceskaja-zubnaja-setka-st-01\/#breadcrumb","itemListElement":[{"@type":"ListItem","position":1,"name":"Titulinis","item":"https:\/\/waterpik.lt\/ru\/"},{"@type":"ListItem","position":2,"name":"\u041f\u0440\u043e\u0434\u0443\u043a\u0442\u044b","item":"https:\/\/waterpik.lt\/ru\/produkty\/"},{"@type":"ListItem","position":3,"name":"\u042d\u043b\u0435\u043a\u0442\u0440\u0438\u0447\u0435\u0441\u043a\u0430\u044f \u0437\u0443\u0431\u043d\u0430\u044f \u0449\u0435\u0442\u043a\u0430 ST-01"}]},{"@type":"WebSite","@id":"https:\/\/waterpik.lt\/#website","url":"https:\/\/waterpik.lt\/","name":"Waterpik","description":"Irigatoriai","publisher":{"@id":"https:\/\/waterpik.lt\/#organization"},"potentialAction":[{"@type":"SearchAction","target":{"@type":"EntryPoint","urlTemplate":"https:\/\/waterpik.lt\/?s={search_term_string}"},"query-input":{"@type":"PropertyValueSpecification","valueRequired":true,"valueName":"search_term_string"}}],"inLanguage":"ru-RU"},{"@type":"Organization","@id":"https:\/\/waterpik.lt\/#organization","name":"Waterpik","url":"https:\/\/waterpik.lt\/","logo":{"@type":"ImageObject","inLanguage":"ru-RU","@id":"https:\/\/waterpik.lt\/#\/schema\/logo\/image\/","url":"https:\/\/waterpik.lt\/wp-content\/uploads\/2019\/05\/WP-160.jpg","contentUrl":"https:\/\/waterpik.lt\/wp-content\/uploads\/2019\/05\/WP-160.jpg","width":2048,"height":2048,"caption":"Waterpik"},"image":{"@id":"https:\/\/waterpik.lt\/#\/schema\/logo\/image\/"}}]}},"_links":{"self":[{"href":"https:\/\/waterpik.lt\/ru\/wp-json\/wp\/v2\/product\/801","targetHints":{"allow":["GET"]}}],"collection":[{"href":"https:\/\/waterpik.lt\/ru\/wp-json\/wp\/v2\/product"}],"about":[{"href":"https:\/\/waterpik.lt\/ru\/wp-json\/wp\/v2\/types\/product"}],"wp:featuredmedia":[{"embeddable":true,"href":"https:\/\/waterpik.lt\/ru\/wp-json\/wp\/v2\/media\/411"}],"wp:attachment":[{"href":"https:\/\/waterpik.lt\/ru\/wp-json\/wp\/v2\/media?parent=801"}],"wp:term":[{"taxonomy":"product_brand","embeddable":true,"href":"https:\/\/waterpik.lt\/ru\/wp-json\/wp\/v2\/product_brand?post=801"},{"taxonomy":"product_cat","embeddable":true,"href":"https:\/\/waterpik.lt\/ru\/wp-json\/wp\/v2\/product_cat?post=801"},{"taxonomy":"product_tag","embeddable":true,"href":"https:\/\/waterpik.lt\/ru\/wp-json\/wp\/v2\/product_tag?post=801"}],"curies":[{"name":"wp","href":"https:\/\/api.w.org\/{rel}","templated":true}]}}