{"id":98017,"date":"2024-05-17T13:03:55","date_gmt":"2024-05-17T10:03:56","guid":{"rendered":"https:\/\/waterpik.lt\/?post_type=product&#038;p=98017"},"modified":"2024-07-11T16:44:05","modified_gmt":"2024-07-11T13:44:05","slug":"dt","status":"publish","type":"product","link":"https:\/\/waterpik.lt\/lv\/produkt\/dt\/","title":{"rendered":"DT"},"content":{"rendered":"","protected":false},"excerpt":{"rendered":"<p><b>Waterpik DT uzgalis \u2013 uz implantiemstiprin\u0101mu prot\u0113\u017eu t\u012br\u012b\u0161anai<\/b><\/p>\n<p>Uz implantiem stiprin\u0101mu prot\u0113\u017eu t\u012br\u012b\u0161anai paredz\u0113tais uzgalis pal\u012bdz izt\u012br\u012bt<br \/>\ngr\u016bti sasniedzamas fiks\u0113tu tiltu un prot\u0113\u017eu vietas, kur\u0101m nevar piek\u013c\u016bt ar<br \/>\ncit\u0101m t\u012br\u012b\u0161anas metod\u0113m. T\u0101 k\u0101 uzgalim ir unik\u0101la izliekta konstrukcija, tas<br \/>\nsasniedz zonas zem implantiem, ko tur prot\u0113zes un tilti, k\u0101 ar\u012b blakus eso\u0161\u0101s<br \/>\nvietas, no\u0146emot aplikumu un \u0113diena paliekas. Ide\u0101li piem\u0113rots All-on-4 un All-<br \/>\non-6 prot\u0113\u017eu un pl\u0101ksn\u012b\u0161u t\u012br\u012b\u0161anai.<br \/>\nLai ieg\u016btu vislab\u0101kos rezult\u0101tus, lietojiet kop\u0101 ar Waterpik stacion\u0101ro irigatoru, ar kuru \u0161is<br \/>\nuzgalis ir \u0113rt\u0101k lietojams.<br \/>\nVislab\u0101k piem\u0113rots: fiks\u0113tiem tiltiem un prot\u0113z\u0113m uz implantiem, All-on-4 un All-on-6<br \/>\nprot\u0113z\u0113m un pl\u0101ksn\u012bt\u0113m.<br \/>\nMain\u012bt: ik p\u0113c 6\u00a0m\u0113ne\u0161iem<br \/>\nK\u0101 lietot: pietuviniet uzgali pie prot\u0113zes no iek\u0161puses. Pav\u0113rsiet uzgali starp smagan\u0101m<br \/>\nun prot\u0113\u017eu l\u012bniju un l\u0113ni virziet uzgali gar prot\u0113zi, kam\u0113r izt\u012br\u012bsiet visu zonu zem t\u0101s.<\/p>\n<p>*Nelietot kop\u0101 ar Sonic-FusionTM un balino\u0161ajiem irigatoriem.<\/p>\n<p>&nbsp;<\/p>\n<div class=\"qbutton default\">[spu popup=\"862\"]PAS\u016aT\u012aT[\/spu]<\/div>\n","protected":false},"featured_media":98033,"template":"","meta":{"inline_featured_image":false},"product_brand":[],"product_cat":[61],"product_tag":[],"class_list":{"0":"post-98017","1":"product","2":"type-product","3":"status-publish","4":"has-post-thumbnail","6":"product_cat-piederumi","8":"first","9":"instock","10":"taxable","11":"shipping-taxable","12":"purchasable","13":"product-type-simple"},"yoast_head":"<!-- This site is optimized with the Yoast SEO plugin v24.6 - https:\/\/yoast.com\/wordpress\/plugins\/seo\/ -->\n<title>Waterpik DT uzgalis \u2013 uz implantiemstiprin\u0101mu prot\u0113\u017eu t\u012br\u012b\u0161anai | Waterpik<\/title>\n<meta name=\"description\" content=\"Uz\u0146\u0113mums nodarbojas ar zobu tehnikas un stomatolo\u0123isk\u0101 apr\u012bkojuma tirdzniec\u012bbu. Jau 20 gadu ir mutes irigatoru ra\u017eot\u0101ja \u201eWaterpik\u201c p\u0101rst\u0101vis Baltijas valst\u012bs.\" \/>\n<meta name=\"robots\" content=\"index, follow, max-snippet:-1, max-image-preview:large, max-video-preview:-1\" \/>\n<link rel=\"canonical\" href=\"https:\/\/waterpik.lt\/lv\/produkt\/dt\/\" \/>\n<meta property=\"og:locale\" content=\"lv_LV\" \/>\n<meta property=\"og:type\" content=\"article\" \/>\n<meta property=\"og:title\" content=\"Waterpik DT uzgalis \u2013 uz implantiemstiprin\u0101mu prot\u0113\u017eu t\u012br\u012b\u0161anai | Waterpik\" \/>\n<meta property=\"og:description\" content=\"Uz\u0146\u0113mums nodarbojas ar zobu tehnikas un stomatolo\u0123isk\u0101 apr\u012bkojuma tirdzniec\u012bbu. Jau 20 gadu ir mutes irigatoru ra\u017eot\u0101ja \u201eWaterpik\u201c p\u0101rst\u0101vis Baltijas valst\u012bs.\" \/>\n<meta property=\"og:url\" content=\"https:\/\/waterpik.lt\/lv\/produkt\/dt\/\" \/>\n<meta property=\"og:site_name\" content=\"Waterpik\" \/>\n<meta property=\"article:modified_time\" content=\"2024-07-11T13:44:05+00:00\" \/>\n<meta property=\"og:image\" content=\"https:\/\/waterpik.lt\/wp-content\/uploads\/2024\/05\/waterpik-implant-denture-tip-angle-dt100e.jpg\" \/>\n\t<meta property=\"og:image:width\" content=\"600\" \/>\n\t<meta property=\"og:image:height\" content=\"600\" \/>\n\t<meta property=\"og:image:type\" content=\"image\/jpeg\" \/>\n<meta name=\"twitter:card\" content=\"summary_large_image\" \/>\n<script type=\"application\/ld+json\" class=\"yoast-schema-graph\">{\"@context\":\"https:\/\/schema.org\",\"@graph\":[{\"@type\":\"WebPage\",\"@id\":\"https:\/\/waterpik.lt\/lv\/produkt\/dt\/\",\"url\":\"https:\/\/waterpik.lt\/lv\/produkt\/dt\/\",\"name\":\"Waterpik DT uzgalis \u2013 uz implantiemstiprin\u0101mu prot\u0113\u017eu t\u012br\u012b\u0161anai | Waterpik\",\"isPartOf\":{\"@id\":\"https:\/\/waterpik.lt\/#website\"},\"primaryImageOfPage\":{\"@id\":\"https:\/\/waterpik.lt\/lv\/produkt\/dt\/#primaryimage\"},\"image\":{\"@id\":\"https:\/\/waterpik.lt\/lv\/produkt\/dt\/#primaryimage\"},\"thumbnailUrl\":\"https:\/\/waterpik.lt\/wp-content\/uploads\/2024\/05\/waterpik-implant-denture-tip-angle-dt100e.jpg\",\"datePublished\":\"2024-05-17T10:03:56+00:00\",\"dateModified\":\"2024-07-11T13:44:05+00:00\",\"description\":\"Uz\u0146\u0113mums nodarbojas ar zobu tehnikas un stomatolo\u0123isk\u0101 apr\u012bkojuma tirdzniec\u012bbu. Jau 20 gadu ir mutes irigatoru ra\u017eot\u0101ja \u201eWaterpik\u201c p\u0101rst\u0101vis Baltijas valst\u012bs.\",\"breadcrumb\":{\"@id\":\"https:\/\/waterpik.lt\/lv\/produkt\/dt\/#breadcrumb\"},\"inLanguage\":\"lv-LV\",\"potentialAction\":[{\"@type\":\"ReadAction\",\"target\":[\"https:\/\/waterpik.lt\/lv\/produkt\/dt\/\"]}]},{\"@type\":\"ImageObject\",\"inLanguage\":\"lv-LV\",\"@id\":\"https:\/\/waterpik.lt\/lv\/produkt\/dt\/#primaryimage\",\"url\":\"https:\/\/waterpik.lt\/wp-content\/uploads\/2024\/05\/waterpik-implant-denture-tip-angle-dt100e.jpg\",\"contentUrl\":\"https:\/\/waterpik.lt\/wp-content\/uploads\/2024\/05\/waterpik-implant-denture-tip-angle-dt100e.jpg\",\"width\":600,\"height\":600},{\"@type\":\"BreadcrumbList\",\"@id\":\"https:\/\/waterpik.lt\/lv\/produkt\/dt\/#breadcrumb\",\"itemListElement\":[{\"@type\":\"ListItem\",\"position\":1,\"name\":\"Titulinis\",\"item\":\"https:\/\/waterpik.lt\/lv\/\"},{\"@type\":\"ListItem\",\"position\":2,\"name\":\"Produkti\",\"item\":\"https:\/\/waterpik.lt\/lv\/produkti\/\"},{\"@type\":\"ListItem\",\"position\":3,\"name\":\"DT\"}]},{\"@type\":\"WebSite\",\"@id\":\"https:\/\/waterpik.lt\/#website\",\"url\":\"https:\/\/waterpik.lt\/\",\"name\":\"Waterpik\",\"description\":\"Irigatoriai\",\"publisher\":{\"@id\":\"https:\/\/waterpik.lt\/#organization\"},\"potentialAction\":[{\"@type\":\"SearchAction\",\"target\":{\"@type\":\"EntryPoint\",\"urlTemplate\":\"https:\/\/waterpik.lt\/?s={search_term_string}\"},\"query-input\":{\"@type\":\"PropertyValueSpecification\",\"valueRequired\":true,\"valueName\":\"search_term_string\"}}],\"inLanguage\":\"lv-LV\"},{\"@type\":\"Organization\",\"@id\":\"https:\/\/waterpik.lt\/#organization\",\"name\":\"Waterpik\",\"url\":\"https:\/\/waterpik.lt\/\",\"logo\":{\"@type\":\"ImageObject\",\"inLanguage\":\"lv-LV\",\"@id\":\"https:\/\/waterpik.lt\/#\/schema\/logo\/image\/\",\"url\":\"https:\/\/waterpik.lt\/wp-content\/uploads\/2019\/05\/WP-160.jpg\",\"contentUrl\":\"https:\/\/waterpik.lt\/wp-content\/uploads\/2019\/05\/WP-160.jpg\",\"width\":2048,\"height\":2048,\"caption\":\"Waterpik\"},\"image\":{\"@id\":\"https:\/\/waterpik.lt\/#\/schema\/logo\/image\/\"}}]}<\/script>\n<!-- \/ Yoast SEO plugin. -->","yoast_head_json":{"title":"Waterpik DT uzgalis \u2013 uz implantiemstiprin\u0101mu prot\u0113\u017eu t\u012br\u012b\u0161anai | Waterpik","description":"Uz\u0146\u0113mums nodarbojas ar zobu tehnikas un stomatolo\u0123isk\u0101 apr\u012bkojuma tirdzniec\u012bbu. Jau 20 gadu ir mutes irigatoru ra\u017eot\u0101ja \u201eWaterpik\u201c p\u0101rst\u0101vis Baltijas valst\u012bs.","robots":{"index":"index","follow":"follow","max-snippet":"max-snippet:-1","max-image-preview":"max-image-preview:large","max-video-preview":"max-video-preview:-1"},"canonical":"https:\/\/waterpik.lt\/lv\/produkt\/dt\/","og_locale":"lv_LV","og_type":"article","og_title":"Waterpik DT uzgalis \u2013 uz implantiemstiprin\u0101mu prot\u0113\u017eu t\u012br\u012b\u0161anai | Waterpik","og_description":"Uz\u0146\u0113mums nodarbojas ar zobu tehnikas un stomatolo\u0123isk\u0101 apr\u012bkojuma tirdzniec\u012bbu. Jau 20 gadu ir mutes irigatoru ra\u017eot\u0101ja \u201eWaterpik\u201c p\u0101rst\u0101vis Baltijas valst\u012bs.","og_url":"https:\/\/waterpik.lt\/lv\/produkt\/dt\/","og_site_name":"Waterpik","article_modified_time":"2024-07-11T13:44:05+00:00","og_image":[{"width":600,"height":600,"url":"https:\/\/waterpik.lt\/wp-content\/uploads\/2024\/05\/waterpik-implant-denture-tip-angle-dt100e.jpg","type":"image\/jpeg"}],"twitter_card":"summary_large_image","schema":{"@context":"https:\/\/schema.org","@graph":[{"@type":"WebPage","@id":"https:\/\/waterpik.lt\/lv\/produkt\/dt\/","url":"https:\/\/waterpik.lt\/lv\/produkt\/dt\/","name":"Waterpik DT uzgalis \u2013 uz implantiemstiprin\u0101mu prot\u0113\u017eu t\u012br\u012b\u0161anai | Waterpik","isPartOf":{"@id":"https:\/\/waterpik.lt\/#website"},"primaryImageOfPage":{"@id":"https:\/\/waterpik.lt\/lv\/produkt\/dt\/#primaryimage"},"image":{"@id":"https:\/\/waterpik.lt\/lv\/produkt\/dt\/#primaryimage"},"thumbnailUrl":"https:\/\/waterpik.lt\/wp-content\/uploads\/2024\/05\/waterpik-implant-denture-tip-angle-dt100e.jpg","datePublished":"2024-05-17T10:03:56+00:00","dateModified":"2024-07-11T13:44:05+00:00","description":"Uz\u0146\u0113mums nodarbojas ar zobu tehnikas un stomatolo\u0123isk\u0101 apr\u012bkojuma tirdzniec\u012bbu. Jau 20 gadu ir mutes irigatoru ra\u017eot\u0101ja \u201eWaterpik\u201c p\u0101rst\u0101vis Baltijas valst\u012bs.","breadcrumb":{"@id":"https:\/\/waterpik.lt\/lv\/produkt\/dt\/#breadcrumb"},"inLanguage":"lv-LV","potentialAction":[{"@type":"ReadAction","target":["https:\/\/waterpik.lt\/lv\/produkt\/dt\/"]}]},{"@type":"ImageObject","inLanguage":"lv-LV","@id":"https:\/\/waterpik.lt\/lv\/produkt\/dt\/#primaryimage","url":"https:\/\/waterpik.lt\/wp-content\/uploads\/2024\/05\/waterpik-implant-denture-tip-angle-dt100e.jpg","contentUrl":"https:\/\/waterpik.lt\/wp-content\/uploads\/2024\/05\/waterpik-implant-denture-tip-angle-dt100e.jpg","width":600,"height":600},{"@type":"BreadcrumbList","@id":"https:\/\/waterpik.lt\/lv\/produkt\/dt\/#breadcrumb","itemListElement":[{"@type":"ListItem","position":1,"name":"Titulinis","item":"https:\/\/waterpik.lt\/lv\/"},{"@type":"ListItem","position":2,"name":"Produkti","item":"https:\/\/waterpik.lt\/lv\/produkti\/"},{"@type":"ListItem","position":3,"name":"DT"}]},{"@type":"WebSite","@id":"https:\/\/waterpik.lt\/#website","url":"https:\/\/waterpik.lt\/","name":"Waterpik","description":"Irigatoriai","publisher":{"@id":"https:\/\/waterpik.lt\/#organization"},"potentialAction":[{"@type":"SearchAction","target":{"@type":"EntryPoint","urlTemplate":"https:\/\/waterpik.lt\/?s={search_term_string}"},"query-input":{"@type":"PropertyValueSpecification","valueRequired":true,"valueName":"search_term_string"}}],"inLanguage":"lv-LV"},{"@type":"Organization","@id":"https:\/\/waterpik.lt\/#organization","name":"Waterpik","url":"https:\/\/waterpik.lt\/","logo":{"@type":"ImageObject","inLanguage":"lv-LV","@id":"https:\/\/waterpik.lt\/#\/schema\/logo\/image\/","url":"https:\/\/waterpik.lt\/wp-content\/uploads\/2019\/05\/WP-160.jpg","contentUrl":"https:\/\/waterpik.lt\/wp-content\/uploads\/2019\/05\/WP-160.jpg","width":2048,"height":2048,"caption":"Waterpik"},"image":{"@id":"https:\/\/waterpik.lt\/#\/schema\/logo\/image\/"}}]}},"_links":{"self":[{"href":"https:\/\/waterpik.lt\/lv\/wp-json\/wp\/v2\/product\/98017","targetHints":{"allow":["GET"]}}],"collection":[{"href":"https:\/\/waterpik.lt\/lv\/wp-json\/wp\/v2\/product"}],"about":[{"href":"https:\/\/waterpik.lt\/lv\/wp-json\/wp\/v2\/types\/product"}],"wp:featuredmedia":[{"embeddable":true,"href":"https:\/\/waterpik.lt\/lv\/wp-json\/wp\/v2\/media\/98033"}],"wp:attachment":[{"href":"https:\/\/waterpik.lt\/lv\/wp-json\/wp\/v2\/media?parent=98017"}],"wp:term":[{"taxonomy":"product_brand","embeddable":true,"href":"https:\/\/waterpik.lt\/lv\/wp-json\/wp\/v2\/product_brand?post=98017"},{"taxonomy":"product_cat","embeddable":true,"href":"https:\/\/waterpik.lt\/lv\/wp-json\/wp\/v2\/product_cat?post=98017"},{"taxonomy":"product_tag","embeddable":true,"href":"https:\/\/waterpik.lt\/lv\/wp-json\/wp\/v2\/product_tag?post=98017"}],"curies":[{"name":"wp","href":"https:\/\/api.w.org\/{rel}","templated":true}]}}