{"id":811,"date":"2018-11-29T12:16:04","date_gmt":"2018-11-29T12:16:04","guid":{"rendered":"https:\/\/waterpik.lt\/product\/wod-2e\/"},"modified":"2023-03-17T09:08:10","modified_gmt":"2023-03-17T07:08:10","slug":"wod-2e","status":"publish","type":"product","link":"https:\/\/waterpik.lt\/lv\/produkt\/wod-2e\/","title":{"rendered":"WOD-2E"},"content":{"rendered":"","protected":false},"excerpt":{"rendered":"<p style=\"text-align: justify;\"><b><\/b><br \/>\nUzgalis WOD<br \/>\n<b><\/b><br \/>\nIzmanto ar \u201eWaterpik\u00ae\u201d zobu balin\u0101\u0161anas irigatoriem WF-05 vai WF-06, paredz\u0113ts mutes dobuma kop\u0161anai, ja n\u0113s\u0101 ortodontiskas ietaises vai breketes. Kl\u012bniskajos p\u0113t\u012bjumos ir pier\u0101d\u012bts, ka likvid\u0113 l\u012bdz trim reiz\u0113m vair\u0101k aplikuma sal\u012bdzin\u0101jum\u0101 ar parasto zobu diegu, k\u0101 ar\u012b iev\u0113rojami uzlabojas to pacientu smaganu st\u0101voklis, kuri n\u0113s\u0101 ortodontiskas ietaises.<br \/>\n<b><\/b><br \/>\nNovatoriska konusa formas birst\u012bte likvid\u0113 ap breket\u0113m un stiepl\u0113m eso\u0161o aplikumu, kam gr\u016bti tikt kl\u0101t. Ar to ar\u012b var izskalot zobstarp\u0101s un zem smagan\u0101m eso\u0161\u0101s bakt\u0113rijas un \u0113diena paliekas.<br \/>\n<b><\/b><br \/>\nMainiet ik p\u0113c tr\u012bs m\u0113ne\u0161iem.<\/p>\n<p>&nbsp;<\/p>\n<div class=\"qbutton default\">[spu popup=\"862\"]PAS\u016aT\u012aT[\/spu]<\/div>\n","protected":false},"featured_media":474,"template":"","meta":{"inline_featured_image":false},"product_brand":[],"product_cat":[61],"product_tag":[],"class_list":{"0":"post-811","1":"product","2":"type-product","3":"status-publish","4":"has-post-thumbnail","6":"product_cat-piederumi","8":"first","9":"instock","10":"taxable","11":"shipping-taxable","12":"purchasable","13":"product-type-simple"},"yoast_head":"<!-- This site is optimized with the Yoast SEO plugin v24.6 - https:\/\/yoast.com\/wordpress\/plugins\/seo\/ -->\n<title>Balinimo irigatoriaus antgalis WOD-2E | Waterpik<\/title>\n<meta name=\"description\" content=\"Uz\u0146\u0113mums nodarbojas ar zobu tehnikas un stomatolo\u0123isk\u0101 apr\u012bkojuma tirdzniec\u012bbu. Jau 20 gadu ir mutes irigatoru ra\u017eot\u0101ja \u201eWaterpik\u201c p\u0101rst\u0101vis Baltijas valst\u012bs.\" \/>\n<meta name=\"robots\" content=\"index, follow, max-snippet:-1, max-image-preview:large, max-video-preview:-1\" \/>\n<link rel=\"canonical\" href=\"https:\/\/waterpik.lt\/lv\/produkt\/wod-2e\/\" \/>\n<meta property=\"og:locale\" content=\"lv_LV\" \/>\n<meta property=\"og:type\" content=\"article\" \/>\n<meta property=\"og:title\" content=\"Balinimo irigatoriaus antgalis WOD-2E | Waterpik\" \/>\n<meta property=\"og:description\" content=\"Uz\u0146\u0113mums nodarbojas ar zobu tehnikas un stomatolo\u0123isk\u0101 apr\u012bkojuma tirdzniec\u012bbu. Jau 20 gadu ir mutes irigatoru ra\u017eot\u0101ja \u201eWaterpik\u201c p\u0101rst\u0101vis Baltijas valst\u012bs.\" \/>\n<meta property=\"og:url\" content=\"https:\/\/waterpik.lt\/lv\/produkt\/wod-2e\/\" \/>\n<meta property=\"og:site_name\" content=\"Waterpik\" \/>\n<meta property=\"article:modified_time\" content=\"2023-03-17T07:08:10+00:00\" \/>\n<meta property=\"og:image\" content=\"https:\/\/waterpik.lt\/wp-content\/uploads\/2018\/11\/WF-06_Hero_Rendering_White-768x768_0017_tumb-4.jpg\" \/>\n\t<meta property=\"og:image:width\" content=\"768\" \/>\n\t<meta property=\"og:image:height\" content=\"768\" \/>\n\t<meta property=\"og:image:type\" content=\"image\/jpeg\" \/>\n<meta name=\"twitter:card\" content=\"summary_large_image\" \/>\n<script type=\"application\/ld+json\" class=\"yoast-schema-graph\">{\"@context\":\"https:\/\/schema.org\",\"@graph\":[{\"@type\":\"WebPage\",\"@id\":\"https:\/\/waterpik.lt\/lv\/produkt\/wod-2e\/\",\"url\":\"https:\/\/waterpik.lt\/lv\/produkt\/wod-2e\/\",\"name\":\"Balinimo irigatoriaus antgalis WOD-2E | Waterpik\",\"isPartOf\":{\"@id\":\"https:\/\/waterpik.lt\/#website\"},\"primaryImageOfPage\":{\"@id\":\"https:\/\/waterpik.lt\/lv\/produkt\/wod-2e\/#primaryimage\"},\"image\":{\"@id\":\"https:\/\/waterpik.lt\/lv\/produkt\/wod-2e\/#primaryimage\"},\"thumbnailUrl\":\"https:\/\/waterpik.lt\/wp-content\/uploads\/2018\/11\/WF-06_Hero_Rendering_White-768x768_0017_tumb-4.jpg\",\"datePublished\":\"2018-11-29T12:16:04+00:00\",\"dateModified\":\"2023-03-17T07:08:10+00:00\",\"description\":\"Uz\u0146\u0113mums nodarbojas ar zobu tehnikas un stomatolo\u0123isk\u0101 apr\u012bkojuma tirdzniec\u012bbu. Jau 20 gadu ir mutes irigatoru ra\u017eot\u0101ja \u201eWaterpik\u201c p\u0101rst\u0101vis Baltijas valst\u012bs.\",\"breadcrumb\":{\"@id\":\"https:\/\/waterpik.lt\/lv\/produkt\/wod-2e\/#breadcrumb\"},\"inLanguage\":\"lv-LV\",\"potentialAction\":[{\"@type\":\"ReadAction\",\"target\":[\"https:\/\/waterpik.lt\/lv\/produkt\/wod-2e\/\"]}]},{\"@type\":\"ImageObject\",\"inLanguage\":\"lv-LV\",\"@id\":\"https:\/\/waterpik.lt\/lv\/produkt\/wod-2e\/#primaryimage\",\"url\":\"https:\/\/waterpik.lt\/wp-content\/uploads\/2018\/11\/WF-06_Hero_Rendering_White-768x768_0017_tumb-4.jpg\",\"contentUrl\":\"https:\/\/waterpik.lt\/wp-content\/uploads\/2018\/11\/WF-06_Hero_Rendering_White-768x768_0017_tumb-4.jpg\",\"width\":768,\"height\":768},{\"@type\":\"BreadcrumbList\",\"@id\":\"https:\/\/waterpik.lt\/lv\/produkt\/wod-2e\/#breadcrumb\",\"itemListElement\":[{\"@type\":\"ListItem\",\"position\":1,\"name\":\"Titulinis\",\"item\":\"https:\/\/waterpik.lt\/lv\/\"},{\"@type\":\"ListItem\",\"position\":2,\"name\":\"Produkti\",\"item\":\"https:\/\/waterpik.lt\/lv\/produkti\/\"},{\"@type\":\"ListItem\",\"position\":3,\"name\":\"WOD-2E\"}]},{\"@type\":\"WebSite\",\"@id\":\"https:\/\/waterpik.lt\/#website\",\"url\":\"https:\/\/waterpik.lt\/\",\"name\":\"Waterpik\",\"description\":\"Irigatoriai\",\"publisher\":{\"@id\":\"https:\/\/waterpik.lt\/#organization\"},\"potentialAction\":[{\"@type\":\"SearchAction\",\"target\":{\"@type\":\"EntryPoint\",\"urlTemplate\":\"https:\/\/waterpik.lt\/?s={search_term_string}\"},\"query-input\":{\"@type\":\"PropertyValueSpecification\",\"valueRequired\":true,\"valueName\":\"search_term_string\"}}],\"inLanguage\":\"lv-LV\"},{\"@type\":\"Organization\",\"@id\":\"https:\/\/waterpik.lt\/#organization\",\"name\":\"Waterpik\",\"url\":\"https:\/\/waterpik.lt\/\",\"logo\":{\"@type\":\"ImageObject\",\"inLanguage\":\"lv-LV\",\"@id\":\"https:\/\/waterpik.lt\/#\/schema\/logo\/image\/\",\"url\":\"https:\/\/waterpik.lt\/wp-content\/uploads\/2019\/05\/WP-160.jpg\",\"contentUrl\":\"https:\/\/waterpik.lt\/wp-content\/uploads\/2019\/05\/WP-160.jpg\",\"width\":2048,\"height\":2048,\"caption\":\"Waterpik\"},\"image\":{\"@id\":\"https:\/\/waterpik.lt\/#\/schema\/logo\/image\/\"}}]}<\/script>\n<!-- \/ Yoast SEO plugin. -->","yoast_head_json":{"title":"Balinimo irigatoriaus antgalis WOD-2E | Waterpik","description":"Uz\u0146\u0113mums nodarbojas ar zobu tehnikas un stomatolo\u0123isk\u0101 apr\u012bkojuma tirdzniec\u012bbu. Jau 20 gadu ir mutes irigatoru ra\u017eot\u0101ja \u201eWaterpik\u201c p\u0101rst\u0101vis Baltijas valst\u012bs.","robots":{"index":"index","follow":"follow","max-snippet":"max-snippet:-1","max-image-preview":"max-image-preview:large","max-video-preview":"max-video-preview:-1"},"canonical":"https:\/\/waterpik.lt\/lv\/produkt\/wod-2e\/","og_locale":"lv_LV","og_type":"article","og_title":"Balinimo irigatoriaus antgalis WOD-2E | Waterpik","og_description":"Uz\u0146\u0113mums nodarbojas ar zobu tehnikas un stomatolo\u0123isk\u0101 apr\u012bkojuma tirdzniec\u012bbu. Jau 20 gadu ir mutes irigatoru ra\u017eot\u0101ja \u201eWaterpik\u201c p\u0101rst\u0101vis Baltijas valst\u012bs.","og_url":"https:\/\/waterpik.lt\/lv\/produkt\/wod-2e\/","og_site_name":"Waterpik","article_modified_time":"2023-03-17T07:08:10+00:00","og_image":[{"width":768,"height":768,"url":"https:\/\/waterpik.lt\/wp-content\/uploads\/2018\/11\/WF-06_Hero_Rendering_White-768x768_0017_tumb-4.jpg","type":"image\/jpeg"}],"twitter_card":"summary_large_image","schema":{"@context":"https:\/\/schema.org","@graph":[{"@type":"WebPage","@id":"https:\/\/waterpik.lt\/lv\/produkt\/wod-2e\/","url":"https:\/\/waterpik.lt\/lv\/produkt\/wod-2e\/","name":"Balinimo irigatoriaus antgalis WOD-2E | Waterpik","isPartOf":{"@id":"https:\/\/waterpik.lt\/#website"},"primaryImageOfPage":{"@id":"https:\/\/waterpik.lt\/lv\/produkt\/wod-2e\/#primaryimage"},"image":{"@id":"https:\/\/waterpik.lt\/lv\/produkt\/wod-2e\/#primaryimage"},"thumbnailUrl":"https:\/\/waterpik.lt\/wp-content\/uploads\/2018\/11\/WF-06_Hero_Rendering_White-768x768_0017_tumb-4.jpg","datePublished":"2018-11-29T12:16:04+00:00","dateModified":"2023-03-17T07:08:10+00:00","description":"Uz\u0146\u0113mums nodarbojas ar zobu tehnikas un stomatolo\u0123isk\u0101 apr\u012bkojuma tirdzniec\u012bbu. Jau 20 gadu ir mutes irigatoru ra\u017eot\u0101ja \u201eWaterpik\u201c p\u0101rst\u0101vis Baltijas valst\u012bs.","breadcrumb":{"@id":"https:\/\/waterpik.lt\/lv\/produkt\/wod-2e\/#breadcrumb"},"inLanguage":"lv-LV","potentialAction":[{"@type":"ReadAction","target":["https:\/\/waterpik.lt\/lv\/produkt\/wod-2e\/"]}]},{"@type":"ImageObject","inLanguage":"lv-LV","@id":"https:\/\/waterpik.lt\/lv\/produkt\/wod-2e\/#primaryimage","url":"https:\/\/waterpik.lt\/wp-content\/uploads\/2018\/11\/WF-06_Hero_Rendering_White-768x768_0017_tumb-4.jpg","contentUrl":"https:\/\/waterpik.lt\/wp-content\/uploads\/2018\/11\/WF-06_Hero_Rendering_White-768x768_0017_tumb-4.jpg","width":768,"height":768},{"@type":"BreadcrumbList","@id":"https:\/\/waterpik.lt\/lv\/produkt\/wod-2e\/#breadcrumb","itemListElement":[{"@type":"ListItem","position":1,"name":"Titulinis","item":"https:\/\/waterpik.lt\/lv\/"},{"@type":"ListItem","position":2,"name":"Produkti","item":"https:\/\/waterpik.lt\/lv\/produkti\/"},{"@type":"ListItem","position":3,"name":"WOD-2E"}]},{"@type":"WebSite","@id":"https:\/\/waterpik.lt\/#website","url":"https:\/\/waterpik.lt\/","name":"Waterpik","description":"Irigatoriai","publisher":{"@id":"https:\/\/waterpik.lt\/#organization"},"potentialAction":[{"@type":"SearchAction","target":{"@type":"EntryPoint","urlTemplate":"https:\/\/waterpik.lt\/?s={search_term_string}"},"query-input":{"@type":"PropertyValueSpecification","valueRequired":true,"valueName":"search_term_string"}}],"inLanguage":"lv-LV"},{"@type":"Organization","@id":"https:\/\/waterpik.lt\/#organization","name":"Waterpik","url":"https:\/\/waterpik.lt\/","logo":{"@type":"ImageObject","inLanguage":"lv-LV","@id":"https:\/\/waterpik.lt\/#\/schema\/logo\/image\/","url":"https:\/\/waterpik.lt\/wp-content\/uploads\/2019\/05\/WP-160.jpg","contentUrl":"https:\/\/waterpik.lt\/wp-content\/uploads\/2019\/05\/WP-160.jpg","width":2048,"height":2048,"caption":"Waterpik"},"image":{"@id":"https:\/\/waterpik.lt\/#\/schema\/logo\/image\/"}}]}},"_links":{"self":[{"href":"https:\/\/waterpik.lt\/lv\/wp-json\/wp\/v2\/product\/811","targetHints":{"allow":["GET"]}}],"collection":[{"href":"https:\/\/waterpik.lt\/lv\/wp-json\/wp\/v2\/product"}],"about":[{"href":"https:\/\/waterpik.lt\/lv\/wp-json\/wp\/v2\/types\/product"}],"wp:featuredmedia":[{"embeddable":true,"href":"https:\/\/waterpik.lt\/lv\/wp-json\/wp\/v2\/media\/474"}],"wp:attachment":[{"href":"https:\/\/waterpik.lt\/lv\/wp-json\/wp\/v2\/media?parent=811"}],"wp:term":[{"taxonomy":"product_brand","embeddable":true,"href":"https:\/\/waterpik.lt\/lv\/wp-json\/wp\/v2\/product_brand?post=811"},{"taxonomy":"product_cat","embeddable":true,"href":"https:\/\/waterpik.lt\/lv\/wp-json\/wp\/v2\/product_cat?post=811"},{"taxonomy":"product_tag","embeddable":true,"href":"https:\/\/waterpik.lt\/lv\/wp-json\/wp\/v2\/product_tag?post=811"}],"curies":[{"name":"wp","href":"https:\/\/api.w.org\/{rel}","templated":true}]}}