{"id":799,"date":"2018-11-29T11:32:37","date_gmt":"2018-11-29T11:32:37","guid":{"rendered":"https:\/\/waterpik.lt\/product\/elektrinis-dantu-sepetelis-st-01\/"},"modified":"2025-09-08T15:54:05","modified_gmt":"2025-09-08T12:54:05","slug":"zobu-birste-triple-sonic-st-01","status":"publish","type":"product","link":"https:\/\/waterpik.lt\/lv\/produkt\/zobu-birste-triple-sonic-st-01\/","title":{"rendered":"Zobu birste Triple Sonic ST-01"},"content":{"rendered":"<div class=\"wpb-content-wrapper\"><p>[vc_row css_animation=&#8221;&#8221; row_type=&#8221;row&#8221; use_row_as_full_screen_section=&#8221;no&#8221; type=&#8221;full_width&#8221; angled_section=&#8221;no&#8221; text_align=&#8221;left&#8221; background_image_as_pattern=&#8221;without_pattern&#8221;][vc_column][vc_column_text]<\/p>\n<h3>\u201eTriple Sonic\u201d priek\u0161roc\u012bbas<\/h3>\n<ul>\n<li>Progres\u012bvas formas sukas galvi\u0146a ar integr\u0113tu m\u0113les t\u012br\u012bt\u0101ju<\/li>\n<li class=\"flix-d-p\">L\u012bdz 62 000 birstes kust\u012bbu\/min<\/li>\n<li>\u0112rts uzl\u0101des indikators, kas skaidri inform\u0113 par uzl\u0101des l\u012bmeni<\/li>\n<\/ul>\n<p>Tr\u012bs t\u012br\u012b\u0161anas re\u017e\u012bmi<\/p>\n<ul>\n<li>T\u012br\u012b\u0161anas re\u017e\u012bms nevainojamai ikdienas t\u012br\u012b\u0161anai<\/li>\n<li>Balin\u0101\u0161anas re\u017e\u012bms paredz\u0113ts, lai saudz\u012bgi likvid\u0113tu plankumus no t\u012br\u0101m\u0101s zobu virsmas un dab\u012bgi balin\u0101tu zobus<\/li>\n<li>Mas\u0101\u017eas re\u017e\u012bms papildus stimul\u0113 smaganas un asinsriti<\/li>\n<\/ul>\n<p>[\/vc_column_text][vc_column_text]<\/p>\n<h3>Zobu sukas \u201eTriple Sonic\u201d \u012bpa\u0161\u012bbas<\/h3>\n<ul>\n<li>Divas \u201eTriple Sonic\u201d zobu sukas galvi\u0146as<\/li>\n<li>Divu min\u016b\u0161u kop\u0113jais taimeris ar 30 sekun\u017eu interv\u0101liem<\/li>\n<li class=\"flix-d-p\">L\u012bdz 62 000 birstes kust\u012bbu\/min<\/li>\n<li>Tr\u012bs t\u012br\u012b\u0161anas re\u017e\u012bmi<\/li>\n<li>Kvalitat\u012bvs ce\u013cojumu zobu sukas ietvars<\/li>\n<li>\u0112rts uzl\u0101des indikators<\/li>\n<\/ul>\n<p>[\/vc_column_text][\/vc_column][\/vc_row]<\/p>\n<\/div>","protected":false},"excerpt":{"rendered":"<p>&nbsp;<\/p>\n<p class=\"western\"><b>Uzman\u012bbu! Modelis Waterpik ST-01 ofici\u0101li ir aizst\u0101ts ar jaunu modeli Waterpik STW-03<\/b><\/p>\n<p class=\"western\"><a href=\"https:\/\/waterpik.lt\/lv\/produkt\/zobu-birste-sensonic-stw-03\/\"><span style=\"color: #ff0000;\"><u><b>Jauno modeli varat ieg\u0101d\u0101ties \u0161eit<\/b><\/u><\/span><\/a><\/p>\n<p>&nbsp;<\/p>\n<p>&nbsp;<\/p>\n<div class=\"qbutton default\">[spu popup=\"862\"]PAS\u016aT\u012aT[\/spu]<\/div>\n","protected":false},"featured_media":410,"template":"","meta":{"inline_featured_image":false},"product_brand":[],"product_cat":[59],"product_tag":[],"class_list":{"0":"post-799","1":"product","2":"type-product","3":"status-publish","4":"has-post-thumbnail","6":"product_cat-zobu-sukas-ar-ultraskanu","8":"first","9":"outofstock","10":"taxable","11":"shipping-taxable","12":"purchasable","13":"product-type-simple"},"yoast_head":"<!-- This site is optimized with the Yoast SEO plugin v24.6 - https:\/\/yoast.com\/wordpress\/plugins\/seo\/ -->\n<title>Zobu birste Triple Sonic ST-01 | Waterpik<\/title>\n<meta name=\"description\" content=\"Elektrinis dant\u0173 \u0161epet\u0117lis leis pasir\u016bpinti nepriekai\u0161tinga burnos higiena. Tai \u2013 puiki alternatyva paprastam \u0161epet\u0117liui. U\u017esisakykite internetu nemokamai!\" \/>\n<meta name=\"robots\" content=\"index, follow, max-snippet:-1, max-image-preview:large, max-video-preview:-1\" \/>\n<link rel=\"canonical\" href=\"https:\/\/waterpik.lt\/lv\/produkt\/zobu-birste-triple-sonic-st-01\/\" \/>\n<meta property=\"og:locale\" content=\"lv_LV\" \/>\n<meta property=\"og:type\" content=\"article\" \/>\n<meta property=\"og:title\" content=\"Zobu birste Triple Sonic ST-01 | Waterpik\" \/>\n<meta property=\"og:description\" content=\"Elektrinis dant\u0173 \u0161epet\u0117lis leis pasir\u016bpinti nepriekai\u0161tinga burnos higiena. Tai \u2013 puiki alternatyva paprastam \u0161epet\u0117liui. U\u017esisakykite internetu nemokamai!\" \/>\n<meta property=\"og:url\" content=\"https:\/\/waterpik.lt\/lv\/produkt\/zobu-birste-triple-sonic-st-01\/\" \/>\n<meta property=\"og:site_name\" content=\"Waterpik\" \/>\n<meta property=\"article:modified_time\" content=\"2025-09-08T12:54:05+00:00\" \/>\n<meta property=\"og:image\" content=\"https:\/\/waterpik.lt\/wp-content\/uploads\/2018\/11\/WF-06_Hero_Rendering_White-768x768_0021_Triple-Sonic-Toothbrush-White.jpg\" \/>\n\t<meta property=\"og:image:width\" content=\"768\" \/>\n\t<meta property=\"og:image:height\" content=\"768\" \/>\n\t<meta property=\"og:image:type\" content=\"image\/jpeg\" \/>\n<meta name=\"twitter:card\" content=\"summary_large_image\" \/>\n<meta name=\"twitter:label1\" content=\"Est. reading time\" \/>\n\t<meta name=\"twitter:data1\" content=\"1 minute\" \/>\n<script type=\"application\/ld+json\" class=\"yoast-schema-graph\">{\"@context\":\"https:\/\/schema.org\",\"@graph\":[{\"@type\":\"WebPage\",\"@id\":\"https:\/\/waterpik.lt\/lv\/produkt\/zobu-birste-triple-sonic-st-01\/\",\"url\":\"https:\/\/waterpik.lt\/lv\/produkt\/zobu-birste-triple-sonic-st-01\/\",\"name\":\"Zobu birste Triple Sonic ST-01 | Waterpik\",\"isPartOf\":{\"@id\":\"https:\/\/waterpik.lt\/#website\"},\"primaryImageOfPage\":{\"@id\":\"https:\/\/waterpik.lt\/lv\/produkt\/zobu-birste-triple-sonic-st-01\/#primaryimage\"},\"image\":{\"@id\":\"https:\/\/waterpik.lt\/lv\/produkt\/zobu-birste-triple-sonic-st-01\/#primaryimage\"},\"thumbnailUrl\":\"https:\/\/waterpik.lt\/wp-content\/uploads\/2018\/11\/WF-06_Hero_Rendering_White-768x768_0021_Triple-Sonic-Toothbrush-White.jpg\",\"datePublished\":\"2018-11-29T11:32:37+00:00\",\"dateModified\":\"2025-09-08T12:54:05+00:00\",\"description\":\"Elektrinis dant\u0173 \u0161epet\u0117lis leis pasir\u016bpinti nepriekai\u0161tinga burnos higiena. Tai \u2013 puiki alternatyva paprastam \u0161epet\u0117liui. U\u017esisakykite internetu nemokamai!\",\"breadcrumb\":{\"@id\":\"https:\/\/waterpik.lt\/lv\/produkt\/zobu-birste-triple-sonic-st-01\/#breadcrumb\"},\"inLanguage\":\"lv-LV\",\"potentialAction\":[{\"@type\":\"ReadAction\",\"target\":[\"https:\/\/waterpik.lt\/lv\/produkt\/zobu-birste-triple-sonic-st-01\/\"]}]},{\"@type\":\"ImageObject\",\"inLanguage\":\"lv-LV\",\"@id\":\"https:\/\/waterpik.lt\/lv\/produkt\/zobu-birste-triple-sonic-st-01\/#primaryimage\",\"url\":\"https:\/\/waterpik.lt\/wp-content\/uploads\/2018\/11\/WF-06_Hero_Rendering_White-768x768_0021_Triple-Sonic-Toothbrush-White.jpg\",\"contentUrl\":\"https:\/\/waterpik.lt\/wp-content\/uploads\/2018\/11\/WF-06_Hero_Rendering_White-768x768_0021_Triple-Sonic-Toothbrush-White.jpg\",\"width\":768,\"height\":768},{\"@type\":\"BreadcrumbList\",\"@id\":\"https:\/\/waterpik.lt\/lv\/produkt\/zobu-birste-triple-sonic-st-01\/#breadcrumb\",\"itemListElement\":[{\"@type\":\"ListItem\",\"position\":1,\"name\":\"Titulinis\",\"item\":\"https:\/\/waterpik.lt\/lv\/\"},{\"@type\":\"ListItem\",\"position\":2,\"name\":\"Produkti\",\"item\":\"https:\/\/waterpik.lt\/lv\/produkti\/\"},{\"@type\":\"ListItem\",\"position\":3,\"name\":\"Zobu birste Triple Sonic ST-01\"}]},{\"@type\":\"WebSite\",\"@id\":\"https:\/\/waterpik.lt\/#website\",\"url\":\"https:\/\/waterpik.lt\/\",\"name\":\"Waterpik\",\"description\":\"Irigatoriai\",\"publisher\":{\"@id\":\"https:\/\/waterpik.lt\/#organization\"},\"potentialAction\":[{\"@type\":\"SearchAction\",\"target\":{\"@type\":\"EntryPoint\",\"urlTemplate\":\"https:\/\/waterpik.lt\/?s={search_term_string}\"},\"query-input\":{\"@type\":\"PropertyValueSpecification\",\"valueRequired\":true,\"valueName\":\"search_term_string\"}}],\"inLanguage\":\"lv-LV\"},{\"@type\":\"Organization\",\"@id\":\"https:\/\/waterpik.lt\/#organization\",\"name\":\"Waterpik\",\"url\":\"https:\/\/waterpik.lt\/\",\"logo\":{\"@type\":\"ImageObject\",\"inLanguage\":\"lv-LV\",\"@id\":\"https:\/\/waterpik.lt\/#\/schema\/logo\/image\/\",\"url\":\"https:\/\/waterpik.lt\/wp-content\/uploads\/2019\/05\/WP-160.jpg\",\"contentUrl\":\"https:\/\/waterpik.lt\/wp-content\/uploads\/2019\/05\/WP-160.jpg\",\"width\":2048,\"height\":2048,\"caption\":\"Waterpik\"},\"image\":{\"@id\":\"https:\/\/waterpik.lt\/#\/schema\/logo\/image\/\"}}]}<\/script>\n<!-- \/ Yoast SEO plugin. -->","yoast_head_json":{"title":"Zobu birste Triple Sonic ST-01 | Waterpik","description":"Elektrinis dant\u0173 \u0161epet\u0117lis leis pasir\u016bpinti nepriekai\u0161tinga burnos higiena. Tai \u2013 puiki alternatyva paprastam \u0161epet\u0117liui. U\u017esisakykite internetu nemokamai!","robots":{"index":"index","follow":"follow","max-snippet":"max-snippet:-1","max-image-preview":"max-image-preview:large","max-video-preview":"max-video-preview:-1"},"canonical":"https:\/\/waterpik.lt\/lv\/produkt\/zobu-birste-triple-sonic-st-01\/","og_locale":"lv_LV","og_type":"article","og_title":"Zobu birste Triple Sonic ST-01 | Waterpik","og_description":"Elektrinis dant\u0173 \u0161epet\u0117lis leis pasir\u016bpinti nepriekai\u0161tinga burnos higiena. Tai \u2013 puiki alternatyva paprastam \u0161epet\u0117liui. U\u017esisakykite internetu nemokamai!","og_url":"https:\/\/waterpik.lt\/lv\/produkt\/zobu-birste-triple-sonic-st-01\/","og_site_name":"Waterpik","article_modified_time":"2025-09-08T12:54:05+00:00","og_image":[{"width":768,"height":768,"url":"https:\/\/waterpik.lt\/wp-content\/uploads\/2018\/11\/WF-06_Hero_Rendering_White-768x768_0021_Triple-Sonic-Toothbrush-White.jpg","type":"image\/jpeg"}],"twitter_card":"summary_large_image","twitter_misc":{"Est. reading time":"1 minute"},"schema":{"@context":"https:\/\/schema.org","@graph":[{"@type":"WebPage","@id":"https:\/\/waterpik.lt\/lv\/produkt\/zobu-birste-triple-sonic-st-01\/","url":"https:\/\/waterpik.lt\/lv\/produkt\/zobu-birste-triple-sonic-st-01\/","name":"Zobu birste Triple Sonic ST-01 | Waterpik","isPartOf":{"@id":"https:\/\/waterpik.lt\/#website"},"primaryImageOfPage":{"@id":"https:\/\/waterpik.lt\/lv\/produkt\/zobu-birste-triple-sonic-st-01\/#primaryimage"},"image":{"@id":"https:\/\/waterpik.lt\/lv\/produkt\/zobu-birste-triple-sonic-st-01\/#primaryimage"},"thumbnailUrl":"https:\/\/waterpik.lt\/wp-content\/uploads\/2018\/11\/WF-06_Hero_Rendering_White-768x768_0021_Triple-Sonic-Toothbrush-White.jpg","datePublished":"2018-11-29T11:32:37+00:00","dateModified":"2025-09-08T12:54:05+00:00","description":"Elektrinis dant\u0173 \u0161epet\u0117lis leis pasir\u016bpinti nepriekai\u0161tinga burnos higiena. Tai \u2013 puiki alternatyva paprastam \u0161epet\u0117liui. U\u017esisakykite internetu nemokamai!","breadcrumb":{"@id":"https:\/\/waterpik.lt\/lv\/produkt\/zobu-birste-triple-sonic-st-01\/#breadcrumb"},"inLanguage":"lv-LV","potentialAction":[{"@type":"ReadAction","target":["https:\/\/waterpik.lt\/lv\/produkt\/zobu-birste-triple-sonic-st-01\/"]}]},{"@type":"ImageObject","inLanguage":"lv-LV","@id":"https:\/\/waterpik.lt\/lv\/produkt\/zobu-birste-triple-sonic-st-01\/#primaryimage","url":"https:\/\/waterpik.lt\/wp-content\/uploads\/2018\/11\/WF-06_Hero_Rendering_White-768x768_0021_Triple-Sonic-Toothbrush-White.jpg","contentUrl":"https:\/\/waterpik.lt\/wp-content\/uploads\/2018\/11\/WF-06_Hero_Rendering_White-768x768_0021_Triple-Sonic-Toothbrush-White.jpg","width":768,"height":768},{"@type":"BreadcrumbList","@id":"https:\/\/waterpik.lt\/lv\/produkt\/zobu-birste-triple-sonic-st-01\/#breadcrumb","itemListElement":[{"@type":"ListItem","position":1,"name":"Titulinis","item":"https:\/\/waterpik.lt\/lv\/"},{"@type":"ListItem","position":2,"name":"Produkti","item":"https:\/\/waterpik.lt\/lv\/produkti\/"},{"@type":"ListItem","position":3,"name":"Zobu birste Triple Sonic ST-01"}]},{"@type":"WebSite","@id":"https:\/\/waterpik.lt\/#website","url":"https:\/\/waterpik.lt\/","name":"Waterpik","description":"Irigatoriai","publisher":{"@id":"https:\/\/waterpik.lt\/#organization"},"potentialAction":[{"@type":"SearchAction","target":{"@type":"EntryPoint","urlTemplate":"https:\/\/waterpik.lt\/?s={search_term_string}"},"query-input":{"@type":"PropertyValueSpecification","valueRequired":true,"valueName":"search_term_string"}}],"inLanguage":"lv-LV"},{"@type":"Organization","@id":"https:\/\/waterpik.lt\/#organization","name":"Waterpik","url":"https:\/\/waterpik.lt\/","logo":{"@type":"ImageObject","inLanguage":"lv-LV","@id":"https:\/\/waterpik.lt\/#\/schema\/logo\/image\/","url":"https:\/\/waterpik.lt\/wp-content\/uploads\/2019\/05\/WP-160.jpg","contentUrl":"https:\/\/waterpik.lt\/wp-content\/uploads\/2019\/05\/WP-160.jpg","width":2048,"height":2048,"caption":"Waterpik"},"image":{"@id":"https:\/\/waterpik.lt\/#\/schema\/logo\/image\/"}}]}},"_links":{"self":[{"href":"https:\/\/waterpik.lt\/lv\/wp-json\/wp\/v2\/product\/799","targetHints":{"allow":["GET"]}}],"collection":[{"href":"https:\/\/waterpik.lt\/lv\/wp-json\/wp\/v2\/product"}],"about":[{"href":"https:\/\/waterpik.lt\/lv\/wp-json\/wp\/v2\/types\/product"}],"wp:featuredmedia":[{"embeddable":true,"href":"https:\/\/waterpik.lt\/lv\/wp-json\/wp\/v2\/media\/410"}],"wp:attachment":[{"href":"https:\/\/waterpik.lt\/lv\/wp-json\/wp\/v2\/media?parent=799"}],"wp:term":[{"taxonomy":"product_brand","embeddable":true,"href":"https:\/\/waterpik.lt\/lv\/wp-json\/wp\/v2\/product_brand?post=799"},{"taxonomy":"product_cat","embeddable":true,"href":"https:\/\/waterpik.lt\/lv\/wp-json\/wp\/v2\/product_cat?post=799"},{"taxonomy":"product_tag","embeddable":true,"href":"https:\/\/waterpik.lt\/lv\/wp-json\/wp\/v2\/product_tag?post=799"}],"curies":[{"name":"wp","href":"https:\/\/api.w.org\/{rel}","templated":true}]}}