{"id":787,"date":"2018-11-29T11:07:50","date_gmt":"2018-11-29T11:07:50","guid":{"rendered":"https:\/\/waterpik.lt\/product\/burnos-irigatorius-waterpik-wp-260-for-kids\/"},"modified":"2025-12-16T15:55:02","modified_gmt":"2025-12-16T13:55:02","slug":"mutes-irigators-waterpik-wp-260-for-kids","status":"publish","type":"product","link":"https:\/\/waterpik.lt\/lv\/produkt\/mutes-irigators-waterpik-wp-260-for-kids\/","title":{"rendered":"Mutes irigators Waterpik WP-260 for Kids"},"content":{"rendered":"<div class=\"wpb-content-wrapper\"><p>[vc_row css_animation=&#8221;&#8221; row_type=&#8221;row&#8221; use_row_as_full_screen_section=&#8221;no&#8221; type=&#8221;full_width&#8221; angled_section=&#8221;no&#8221; text_align=&#8221;left&#8221; background_image_as_pattern=&#8221;without_pattern&#8221;][vc_column][vc_column_text]<\/p>\n<h3>Produkta priek\u0161roc\u012bbas<\/h3>\n<ul>\n<li style=\"text-align: justify;\">Nepiecie\u0161ams breket\u0113m: kl\u012bniski pier\u0101d\u012bts, ka produkts ir l\u012bdz 3 reiz\u0113m efekt\u012bv\u0101ks, likvid\u0113jot zobu aplikumu ap breket\u0113m sal\u012bdzin\u0101jum\u0101 ar zobu diegu, izmantojot ortodontisko uzgali.<\/li>\n<li style=\"text-align: justify;\">Efekt\u012bva zobu aplikuma likvid\u0113\u0161ana: no\u0146em l\u012bdz 99,9 % zobu aplikuma no gr\u016bti sasniedzam\u0101m viet\u0101m.<\/li>\n<li style=\"text-align: justify;\">Vesel\u0101kas smaganas: kl\u012bniski pier\u0101d\u012bts, ka \u0161is produkts ir l\u012bdz 50 % efekt\u012bv\u0101ks, uzlabojot smaganu st\u0101vokli, sal\u012bdzin\u0101jum\u0101 ar zobu diegu.<\/li>\n<li style=\"text-align: justify;\">Likvid\u0113 zobu aplikumu, k\u0101 ar\u012b zobstarp\u0101s un zem smaganu l\u012bnijas eso\u0161os net\u012brumus, kur zobu birste un tradicion\u0101lais zobu diegs netiek kl\u0101t.<\/li>\n<\/ul>\n<h3>Produkta raksturojums<\/h3>\n<ul>\n<li style=\"text-align: justify;\">2 uzga\u013ci<\/li>\n<li style=\"text-align: justify;\">\u013boti dro\u0161s, b\u0113rniem paredz\u0113ts dizains<\/li>\n<li style=\"text-align: justify;\">Spiediena kontroles sist\u0113ma ar 3 funkcij\u0101m<\/li>\n<li style=\"text-align: justify;\">Tvertnes tilpums ir 400+ ml, proti, 60 un vair\u0101k sekun\u017eu<\/li>\n<li style=\"text-align: justify;\">Maz\u0101ks un klus\u0101ks par iepriek\u0161\u0113jiem mode\u013ciem<\/li>\n<li style=\"text-align: justify;\">20 no\u0146emamas uzl\u012bmes<\/li>\n<li style=\"text-align: justify;\">Divu gadu garantija<\/li>\n<\/ul>\n<p>[\/vc_column_text][\/vc_column][\/vc_row]<\/p>\n<\/div>","protected":false},"excerpt":{"rendered":"<p style=\"text-align: justify;\"><b><\/b><br \/>\n\u201eWaterpik\u00ae\u201d mutes irigators b\u0113rniem ir viegls, efekt\u012bv\u0101ks un pat\u012bkam\u0101ks veids, k\u0101 b\u0113rniem t\u012br\u012bt zobus. Mutes irigators ir paredz\u0113ts b\u0113rniem no 6 gadu vecuma. Maza izm\u0113ra un vienk\u0101r\u0161s dizains atvieglo zobu t\u012br\u012b\u0161anu. \u0160is irigators ir lieliski piem\u0113rots jebkuram b\u0113rnam, kuram ir breketes vai kur\u0161 nevar lietot zobu diegu.<br \/>\n<b><\/b><br \/>\n\u201eWaterpik\u00ae\u201d mutes irigatoram ir dro\u0161s, b\u0113rniem paredz\u0113ts dizains. Viegla vad\u012bba ar pirkstu galiem, \u201eOn\/Off\u201d sl\u0113dzis, spiediena regul\u0113\u0161anas sist\u0113ma un tvertne, ko var izmantot k\u0101 v\u0101ci\u0146u, lai ier\u012bce paliktu t\u012bra. Mutes irigatora komplekt\u0101 ir viens ortodontiskais uzgalis breket\u0113m un viens klasiskais sprauslas uzgalis, kas paredz\u0113ts visp\u0101r\u0113jai t\u012br\u012b\u0161anai. Irigatoram tiek pie\u0161\u0137irta divu gadu garantija.<br \/>\n<b><\/b><br \/>\nKl\u012bniski pier\u0101d\u012bts, ka \u201eWaterpik\u00ae\u201d mutes irigatori ir efekt\u012bv\u0101ki par tradicion\u0101lo zobu diegu, mazinot zobu aplikumu, gingiv\u012btu un smaganu slim\u012bbas. Ir pier\u0101d\u012bts, ka, lietojot kop\u0101 ar zobu birsti, mutes irigatori ir 3 reizes efekt\u012bv\u0101ki par zobu diegu un l\u012bdz 5 reiz\u0113m efekt\u012bv\u0101ki par t\u012br\u012b\u0161anu tikai ar zobu birsti ap breket\u0113m.<br \/>\n<b><\/b><br \/>\nKomplekt\u0101 ietilpst 20 no\u0146emamas uzl\u012bmes, kas \u013cauj personaliz\u0113t j\u016bsu b\u0113rna \u201eWaterpik\u00ae\u201d mutes irigatoru.<br \/>\n<b><\/b><br \/>\nLai uzzin\u0101tu vair\u0101k par m\u016bsu augst\u0101k\u0101s kvalit\u0101tes modeli pieaugu\u0161ajiem, apskatiet \u201eWaterpik\u00ae\u201d ultra mutes irigatoru (WP-100).<\/p>\n<p>&nbsp;<\/p>\n<p><a href=\"\/wp-content\/uploads\/2018\/12\/Waterpik-WP-260-300-LV.pdf\" target=\"_blank\" rel=\"noopener\"><img loading=\"lazy\" decoding=\"async\" class=\"alignnone wp-image-433\" src=\"https:\/\/waterpik.lt\/wp-content\/uploads\/2018\/11\/download.png\" alt=\"\" width=\"128\" height=\"41\" \/><\/a><\/p>\n<p>&nbsp;<\/p>\n<div class=\"qbutton default\">[spu popup=\"862\"]PAS\u016aT\u012aT[\/spu]<\/div>\n","protected":false},"featured_media":395,"template":"","meta":{"inline_featured_image":false},"product_brand":[],"product_cat":[55],"product_tag":[],"class_list":{"0":"post-787","1":"product","2":"type-product","3":"status-publish","4":"has-post-thumbnail","6":"product_cat-mutes-irigatori","8":"first","9":"outofstock","10":"taxable","11":"shipping-taxable","12":"purchasable","13":"product-type-simple"},"yoast_head":"<!-- This site is optimized with the Yoast SEO plugin v24.6 - https:\/\/yoast.com\/wordpress\/plugins\/seo\/ -->\n<title>Mutes irigators Waterpik WP-260 for Kids | Waterpik<\/title>\n<meta name=\"description\" content=\"Uz\u0146\u0113mums nodarbojas ar zobu tehnikas un stomatolo\u0123isk\u0101 apr\u012bkojuma tirdzniec\u012bbu. Jau 20 gadu ir mutes irigatoru ra\u017eot\u0101ja \u201eWaterpik\u201c p\u0101rst\u0101vis Baltijas valst\u012bs.\" \/>\n<meta name=\"robots\" content=\"index, follow, max-snippet:-1, max-image-preview:large, max-video-preview:-1\" \/>\n<link rel=\"canonical\" href=\"https:\/\/waterpik.lt\/lv\/produkt\/mutes-irigators-waterpik-wp-260-for-kids\/\" \/>\n<meta property=\"og:locale\" content=\"lv_LV\" \/>\n<meta property=\"og:type\" content=\"article\" \/>\n<meta property=\"og:title\" content=\"Mutes irigators Waterpik WP-260 for Kids | Waterpik\" \/>\n<meta property=\"og:description\" content=\"Uz\u0146\u0113mums nodarbojas ar zobu tehnikas un stomatolo\u0123isk\u0101 apr\u012bkojuma tirdzniec\u012bbu. Jau 20 gadu ir mutes irigatoru ra\u017eot\u0101ja \u201eWaterpik\u201c p\u0101rst\u0101vis Baltijas valst\u012bs.\" \/>\n<meta property=\"og:url\" content=\"https:\/\/waterpik.lt\/lv\/produkt\/mutes-irigators-waterpik-wp-260-for-kids\/\" \/>\n<meta property=\"og:site_name\" content=\"Waterpik\" \/>\n<meta property=\"article:modified_time\" content=\"2025-12-16T13:55:02+00:00\" \/>\n<meta property=\"og:image\" content=\"https:\/\/waterpik.lt\/wp-content\/uploads\/2018\/11\/WF-06_Hero_Rendering_White-768x768_0023_Kids.jpg\" \/>\n\t<meta property=\"og:image:width\" content=\"768\" \/>\n\t<meta property=\"og:image:height\" content=\"768\" \/>\n\t<meta property=\"og:image:type\" content=\"image\/jpeg\" \/>\n<meta name=\"twitter:card\" content=\"summary_large_image\" \/>\n<meta name=\"twitter:label1\" content=\"Est. reading time\" \/>\n\t<meta name=\"twitter:data1\" content=\"1 minute\" \/>\n<script type=\"application\/ld+json\" class=\"yoast-schema-graph\">{\"@context\":\"https:\/\/schema.org\",\"@graph\":[{\"@type\":\"WebPage\",\"@id\":\"https:\/\/waterpik.lt\/lv\/produkt\/mutes-irigators-waterpik-wp-260-for-kids\/\",\"url\":\"https:\/\/waterpik.lt\/lv\/produkt\/mutes-irigators-waterpik-wp-260-for-kids\/\",\"name\":\"Mutes irigators Waterpik WP-260 for Kids | Waterpik\",\"isPartOf\":{\"@id\":\"https:\/\/waterpik.lt\/#website\"},\"primaryImageOfPage\":{\"@id\":\"https:\/\/waterpik.lt\/lv\/produkt\/mutes-irigators-waterpik-wp-260-for-kids\/#primaryimage\"},\"image\":{\"@id\":\"https:\/\/waterpik.lt\/lv\/produkt\/mutes-irigators-waterpik-wp-260-for-kids\/#primaryimage\"},\"thumbnailUrl\":\"https:\/\/waterpik.lt\/wp-content\/uploads\/2018\/11\/WF-06_Hero_Rendering_White-768x768_0023_Kids.jpg\",\"datePublished\":\"2018-11-29T11:07:50+00:00\",\"dateModified\":\"2025-12-16T13:55:02+00:00\",\"description\":\"Uz\u0146\u0113mums nodarbojas ar zobu tehnikas un stomatolo\u0123isk\u0101 apr\u012bkojuma tirdzniec\u012bbu. Jau 20 gadu ir mutes irigatoru ra\u017eot\u0101ja \u201eWaterpik\u201c p\u0101rst\u0101vis Baltijas valst\u012bs.\",\"breadcrumb\":{\"@id\":\"https:\/\/waterpik.lt\/lv\/produkt\/mutes-irigators-waterpik-wp-260-for-kids\/#breadcrumb\"},\"inLanguage\":\"lv-LV\",\"potentialAction\":[{\"@type\":\"ReadAction\",\"target\":[\"https:\/\/waterpik.lt\/lv\/produkt\/mutes-irigators-waterpik-wp-260-for-kids\/\"]}]},{\"@type\":\"ImageObject\",\"inLanguage\":\"lv-LV\",\"@id\":\"https:\/\/waterpik.lt\/lv\/produkt\/mutes-irigators-waterpik-wp-260-for-kids\/#primaryimage\",\"url\":\"https:\/\/waterpik.lt\/wp-content\/uploads\/2018\/11\/WF-06_Hero_Rendering_White-768x768_0023_Kids.jpg\",\"contentUrl\":\"https:\/\/waterpik.lt\/wp-content\/uploads\/2018\/11\/WF-06_Hero_Rendering_White-768x768_0023_Kids.jpg\",\"width\":768,\"height\":768},{\"@type\":\"BreadcrumbList\",\"@id\":\"https:\/\/waterpik.lt\/lv\/produkt\/mutes-irigators-waterpik-wp-260-for-kids\/#breadcrumb\",\"itemListElement\":[{\"@type\":\"ListItem\",\"position\":1,\"name\":\"Titulinis\",\"item\":\"https:\/\/waterpik.lt\/lv\/\"},{\"@type\":\"ListItem\",\"position\":2,\"name\":\"Produkti\",\"item\":\"https:\/\/waterpik.lt\/lv\/produkti\/\"},{\"@type\":\"ListItem\",\"position\":3,\"name\":\"Mutes irigators Waterpik WP-260 for Kids\"}]},{\"@type\":\"WebSite\",\"@id\":\"https:\/\/waterpik.lt\/#website\",\"url\":\"https:\/\/waterpik.lt\/\",\"name\":\"Waterpik\",\"description\":\"Irigatoriai\",\"publisher\":{\"@id\":\"https:\/\/waterpik.lt\/#organization\"},\"potentialAction\":[{\"@type\":\"SearchAction\",\"target\":{\"@type\":\"EntryPoint\",\"urlTemplate\":\"https:\/\/waterpik.lt\/?s={search_term_string}\"},\"query-input\":{\"@type\":\"PropertyValueSpecification\",\"valueRequired\":true,\"valueName\":\"search_term_string\"}}],\"inLanguage\":\"lv-LV\"},{\"@type\":\"Organization\",\"@id\":\"https:\/\/waterpik.lt\/#organization\",\"name\":\"Waterpik\",\"url\":\"https:\/\/waterpik.lt\/\",\"logo\":{\"@type\":\"ImageObject\",\"inLanguage\":\"lv-LV\",\"@id\":\"https:\/\/waterpik.lt\/#\/schema\/logo\/image\/\",\"url\":\"https:\/\/waterpik.lt\/wp-content\/uploads\/2019\/05\/WP-160.jpg\",\"contentUrl\":\"https:\/\/waterpik.lt\/wp-content\/uploads\/2019\/05\/WP-160.jpg\",\"width\":2048,\"height\":2048,\"caption\":\"Waterpik\"},\"image\":{\"@id\":\"https:\/\/waterpik.lt\/#\/schema\/logo\/image\/\"}}]}<\/script>\n<!-- \/ Yoast SEO plugin. -->","yoast_head_json":{"title":"Mutes irigators Waterpik WP-260 for Kids | Waterpik","description":"Uz\u0146\u0113mums nodarbojas ar zobu tehnikas un stomatolo\u0123isk\u0101 apr\u012bkojuma tirdzniec\u012bbu. Jau 20 gadu ir mutes irigatoru ra\u017eot\u0101ja \u201eWaterpik\u201c p\u0101rst\u0101vis Baltijas valst\u012bs.","robots":{"index":"index","follow":"follow","max-snippet":"max-snippet:-1","max-image-preview":"max-image-preview:large","max-video-preview":"max-video-preview:-1"},"canonical":"https:\/\/waterpik.lt\/lv\/produkt\/mutes-irigators-waterpik-wp-260-for-kids\/","og_locale":"lv_LV","og_type":"article","og_title":"Mutes irigators Waterpik WP-260 for Kids | Waterpik","og_description":"Uz\u0146\u0113mums nodarbojas ar zobu tehnikas un stomatolo\u0123isk\u0101 apr\u012bkojuma tirdzniec\u012bbu. Jau 20 gadu ir mutes irigatoru ra\u017eot\u0101ja \u201eWaterpik\u201c p\u0101rst\u0101vis Baltijas valst\u012bs.","og_url":"https:\/\/waterpik.lt\/lv\/produkt\/mutes-irigators-waterpik-wp-260-for-kids\/","og_site_name":"Waterpik","article_modified_time":"2025-12-16T13:55:02+00:00","og_image":[{"width":768,"height":768,"url":"https:\/\/waterpik.lt\/wp-content\/uploads\/2018\/11\/WF-06_Hero_Rendering_White-768x768_0023_Kids.jpg","type":"image\/jpeg"}],"twitter_card":"summary_large_image","twitter_misc":{"Est. reading time":"1 minute"},"schema":{"@context":"https:\/\/schema.org","@graph":[{"@type":"WebPage","@id":"https:\/\/waterpik.lt\/lv\/produkt\/mutes-irigators-waterpik-wp-260-for-kids\/","url":"https:\/\/waterpik.lt\/lv\/produkt\/mutes-irigators-waterpik-wp-260-for-kids\/","name":"Mutes irigators Waterpik WP-260 for Kids | Waterpik","isPartOf":{"@id":"https:\/\/waterpik.lt\/#website"},"primaryImageOfPage":{"@id":"https:\/\/waterpik.lt\/lv\/produkt\/mutes-irigators-waterpik-wp-260-for-kids\/#primaryimage"},"image":{"@id":"https:\/\/waterpik.lt\/lv\/produkt\/mutes-irigators-waterpik-wp-260-for-kids\/#primaryimage"},"thumbnailUrl":"https:\/\/waterpik.lt\/wp-content\/uploads\/2018\/11\/WF-06_Hero_Rendering_White-768x768_0023_Kids.jpg","datePublished":"2018-11-29T11:07:50+00:00","dateModified":"2025-12-16T13:55:02+00:00","description":"Uz\u0146\u0113mums nodarbojas ar zobu tehnikas un stomatolo\u0123isk\u0101 apr\u012bkojuma tirdzniec\u012bbu. Jau 20 gadu ir mutes irigatoru ra\u017eot\u0101ja \u201eWaterpik\u201c p\u0101rst\u0101vis Baltijas valst\u012bs.","breadcrumb":{"@id":"https:\/\/waterpik.lt\/lv\/produkt\/mutes-irigators-waterpik-wp-260-for-kids\/#breadcrumb"},"inLanguage":"lv-LV","potentialAction":[{"@type":"ReadAction","target":["https:\/\/waterpik.lt\/lv\/produkt\/mutes-irigators-waterpik-wp-260-for-kids\/"]}]},{"@type":"ImageObject","inLanguage":"lv-LV","@id":"https:\/\/waterpik.lt\/lv\/produkt\/mutes-irigators-waterpik-wp-260-for-kids\/#primaryimage","url":"https:\/\/waterpik.lt\/wp-content\/uploads\/2018\/11\/WF-06_Hero_Rendering_White-768x768_0023_Kids.jpg","contentUrl":"https:\/\/waterpik.lt\/wp-content\/uploads\/2018\/11\/WF-06_Hero_Rendering_White-768x768_0023_Kids.jpg","width":768,"height":768},{"@type":"BreadcrumbList","@id":"https:\/\/waterpik.lt\/lv\/produkt\/mutes-irigators-waterpik-wp-260-for-kids\/#breadcrumb","itemListElement":[{"@type":"ListItem","position":1,"name":"Titulinis","item":"https:\/\/waterpik.lt\/lv\/"},{"@type":"ListItem","position":2,"name":"Produkti","item":"https:\/\/waterpik.lt\/lv\/produkti\/"},{"@type":"ListItem","position":3,"name":"Mutes irigators Waterpik WP-260 for Kids"}]},{"@type":"WebSite","@id":"https:\/\/waterpik.lt\/#website","url":"https:\/\/waterpik.lt\/","name":"Waterpik","description":"Irigatoriai","publisher":{"@id":"https:\/\/waterpik.lt\/#organization"},"potentialAction":[{"@type":"SearchAction","target":{"@type":"EntryPoint","urlTemplate":"https:\/\/waterpik.lt\/?s={search_term_string}"},"query-input":{"@type":"PropertyValueSpecification","valueRequired":true,"valueName":"search_term_string"}}],"inLanguage":"lv-LV"},{"@type":"Organization","@id":"https:\/\/waterpik.lt\/#organization","name":"Waterpik","url":"https:\/\/waterpik.lt\/","logo":{"@type":"ImageObject","inLanguage":"lv-LV","@id":"https:\/\/waterpik.lt\/#\/schema\/logo\/image\/","url":"https:\/\/waterpik.lt\/wp-content\/uploads\/2019\/05\/WP-160.jpg","contentUrl":"https:\/\/waterpik.lt\/wp-content\/uploads\/2019\/05\/WP-160.jpg","width":2048,"height":2048,"caption":"Waterpik"},"image":{"@id":"https:\/\/waterpik.lt\/#\/schema\/logo\/image\/"}}]}},"_links":{"self":[{"href":"https:\/\/waterpik.lt\/lv\/wp-json\/wp\/v2\/product\/787","targetHints":{"allow":["GET"]}}],"collection":[{"href":"https:\/\/waterpik.lt\/lv\/wp-json\/wp\/v2\/product"}],"about":[{"href":"https:\/\/waterpik.lt\/lv\/wp-json\/wp\/v2\/types\/product"}],"wp:featuredmedia":[{"embeddable":true,"href":"https:\/\/waterpik.lt\/lv\/wp-json\/wp\/v2\/media\/395"}],"wp:attachment":[{"href":"https:\/\/waterpik.lt\/lv\/wp-json\/wp\/v2\/media?parent=787"}],"wp:term":[{"taxonomy":"product_brand","embeddable":true,"href":"https:\/\/waterpik.lt\/lv\/wp-json\/wp\/v2\/product_brand?post=787"},{"taxonomy":"product_cat","embeddable":true,"href":"https:\/\/waterpik.lt\/lv\/wp-json\/wp\/v2\/product_cat?post=787"},{"taxonomy":"product_tag","embeddable":true,"href":"https:\/\/waterpik.lt\/lv\/wp-json\/wp\/v2\/product_tag?post=787"}],"curies":[{"name":"wp","href":"https:\/\/api.w.org\/{rel}","templated":true}]}}