{"id":779,"date":"2018-11-29T10:57:49","date_gmt":"2018-11-29T10:57:49","guid":{"rendered":"https:\/\/waterpik.lt\/product\/burnos-irigatorius-waterpik-ultra-wp-112\/"},"modified":"2026-03-10T10:45:42","modified_gmt":"2026-03-10T08:45:42","slug":"mutes-irigators-waterpik-ultra-wp-112","status":"publish","type":"product","link":"https:\/\/waterpik.lt\/lv\/produkt\/mutes-irigators-waterpik-ultra-wp-112\/","title":{"rendered":"Mutes irigators Waterpik Ultra WP-112"},"content":{"rendered":"<div class=\"wpb-content-wrapper\"><p>[vc_row css_animation=&#8221;&#8221; row_type=&#8221;row&#8221; use_row_as_full_screen_section=&#8221;no&#8221; type=&#8221;full_width&#8221; angled_section=&#8221;no&#8221; text_align=&#8221;left&#8221; background_image_as_pattern=&#8221;without_pattern&#8221;][vc_column][vc_column_text]<\/p>\n<h3>Priek\u0161roc\u012bbas<\/h3>\n<ul>\n<li style=\"text-align: justify;\">Uzlabo mutes higi\u0113nu: kl\u012bniski pier\u0101d\u012bts, ka smaganu kop\u0161ana ar irigatoru ir divreiz efekt\u012bv\u0101ka neka ar zobu diegu<\/li>\n<li style=\"text-align: justify;\">Likvid\u0113 dzi\u013ci starp zobiem un aiz smagan\u0101m eso\u0161\u0101s bakt\u0113rijas, kur\u0101m gr\u016bti piek\u013c\u016bt ar birsti un diegu<\/li>\n<li style=\"text-align: justify;\">Mas\u0113 un stimul\u0113 smaganas, nov\u0113r\u0161 iekaisumu un uzlabo mutes vesel\u012bbu<\/li>\n<li style=\"text-align: justify;\">Var lietot kop\u0101 ar \u016bdeni vai iecien\u012bto mutes skalojamo l\u012bdzekli<\/li>\n<\/ul>\n<h3>Produkta raksturojums<\/h3>\n<ul>\n<li style=\"text-align: justify;\">Progres\u012bva spiediena vad\u012bbas sist\u0113ma ar 10 spiediena re\u017e\u012bmiem<\/li>\n<li style=\"text-align: justify;\">Moderns mini korpuss: par 20% maz\u0101ks nek\u0101 iepriek\u0161\u0113jiem mode\u013ciem<\/li>\n<li style=\"text-align: justify;\">Darbojas klus\u0101k par citiem<\/li>\n<li style=\"text-align: justify;\">Unik\u0101ls tvertnes v\u0101ci\u0146\u0161 ar nodal\u012bjumu higi\u0113niskai uzga\u013cu glab\u0101\u0161anai<\/li>\n<li style=\"text-align: justify;\">Tvertnes ietilp\u012bba: 650 ml<\/li>\n<\/ul>\n<p>Komplekt\u0101:<\/p>\n<ul>\n<li style=\"text-align: justify;\">Standarta uzgalis JT-100E, 2 gab. Dzi\u013ci t\u012bra zobstarpas, mas\u0113 smaganas un r\u016bp\u0113jas par smaganu vesel\u012bbu<\/li>\n<li style=\"text-align: justify;\">M\u0113les t\u012br\u012bt\u0101js TC-100E, 1 gab. No\u0146em bakt\u0113rijas, kas izraisa sliktu elpu<\/li>\n<li style=\"text-align: justify;\">Uzgalis Pik Pocket PPR-2, 1 gab. Izskalo smaganu kabatas<\/li>\n<li style=\"text-align: justify;\">Ortodontiskais uzgalis OD-100E, 1 gab. Izt\u012bra gr\u016bti sasniedzamas vietas ap breket\u0113m un cit\u0101m prot\u0113z\u0113m<\/li>\n<li style=\"text-align: justify;\">Plaque Seeker\u2122 Tip PS-100E, 1 gab. Tr\u012bs pl\u0101ni saru k\u016bl\u012b\u0161i no\u0146em zobu aplikumu no gr\u016bti sasniedzam\u0101m viet\u0101m un ir \u012bpa\u0161i piem\u0113roti implantu kop\u0161anai<\/li>\n<li style=\"text-align: justify;\">Zobu suka TB-100E, 1 gab. Tradicion\u0101la zobu birste. Var lietot ar zobu pastu. Ieteicams main\u012bt ik p\u0113c 3 m\u0113ne\u0161iem<\/li>\n<\/ul>\n<p>[\/vc_column_text][\/vc_column][\/vc_row]<\/p>\n<\/div>","protected":false},"excerpt":{"rendered":"<p><b>Uzman\u012bbu! Modelim Waterpik WP-112 Ultra ofici\u0101li ir main\u012bts nosaukums uz Waterpik WF-112 Ultra!<\/b><\/p>\n<p><a href=\"https:\/\/waterpik.lt\/lv\/produkt\/mutes-irigators-waterpik-ultra-wf-112\/\"><span style=\"color: #ff0000;\"><u><b>Irigatoru ar jauno nosaukumu varat ieg\u0101d\u0101ties \u0161eit<\/b><\/u><\/span><\/a><\/p>\n<p style=\"text-align: justify;\">Waterpik Ultra \u2013 t\u0101 ir zobu t\u012br\u012b\u0161ana ar puls\u0113jo\u0161u \u016bdens str\u016bklu. Komplekt\u0101 ir se\u0161u veidu uzga\u013ci, tostarp jaunie ortodontiskie un zobu birstes uzga\u013ci. Ja n\u0113s\u0101jat breketes, Waterpik Ultra ar ortodontisko uzgali vismaz tr\u012bsreiz efekt\u012bv\u0101k no\u0146em aplikumu sal\u012bdzin\u0101jum\u0101 ar zobu diegu. Rezult\u0101ti b\u016bs redzami jau p\u0113c 14 dien\u0101m.<\/p>\n<p><b><\/b><br \/>\n<a href=\"\/wp-content\/uploads\/2018\/12\/Waterpik-WP-100-LV.pdf\" target=\"_blank\" rel=\"noopener\"><img loading=\"lazy\" decoding=\"async\" class=\"alignnone wp-image-433\" src=\"https:\/\/waterpik.lt\/wp-content\/uploads\/2018\/11\/download.png\" alt=\"\" width=\"128\" height=\"41\" \/><\/a><\/p>\n<p>&nbsp;<\/p>\n<div class=\"qbutton default\">[spu popup=\"862\"]PAS\u016aT\u012aT[\/spu]<\/div>\n","protected":false},"featured_media":38988,"template":"","meta":{"inline_featured_image":false},"product_brand":[],"product_cat":[55],"product_tag":[],"class_list":{"0":"post-779","1":"product","2":"type-product","3":"status-publish","4":"has-post-thumbnail","6":"product_cat-mutes-irigatori","8":"first","9":"outofstock","10":"taxable","11":"shipping-taxable","12":"purchasable","13":"product-type-simple"},"yoast_head":"<!-- This site is optimized with the Yoast SEO plugin v24.6 - https:\/\/yoast.com\/wordpress\/plugins\/seo\/ -->\n<title>Mutes irigators Waterpik Ultra WP-112 | Waterpik<\/title>\n<meta name=\"description\" content=\"Uz\u0146\u0113mums nodarbojas ar zobu tehnikas un stomatolo\u0123isk\u0101 apr\u012bkojuma tirdzniec\u012bbu. Jau 20 gadu ir mutes irigatoru ra\u017eot\u0101ja \u201eWaterpik\u201c p\u0101rst\u0101vis Baltijas valst\u012bs.\" \/>\n<meta name=\"robots\" content=\"index, follow, max-snippet:-1, max-image-preview:large, max-video-preview:-1\" \/>\n<link rel=\"canonical\" href=\"https:\/\/waterpik.lt\/lv\/produkt\/mutes-irigators-waterpik-ultra-wp-112\/\" \/>\n<meta property=\"og:locale\" content=\"lv_LV\" \/>\n<meta property=\"og:type\" content=\"article\" \/>\n<meta property=\"og:title\" content=\"Mutes irigators Waterpik Ultra WP-112 | Waterpik\" \/>\n<meta property=\"og:description\" content=\"Uz\u0146\u0113mums nodarbojas ar zobu tehnikas un stomatolo\u0123isk\u0101 apr\u012bkojuma tirdzniec\u012bbu. Jau 20 gadu ir mutes irigatoru ra\u017eot\u0101ja \u201eWaterpik\u201c p\u0101rst\u0101vis Baltijas valst\u012bs.\" \/>\n<meta property=\"og:url\" content=\"https:\/\/waterpik.lt\/lv\/produkt\/mutes-irigators-waterpik-ultra-wp-112\/\" \/>\n<meta property=\"og:site_name\" content=\"Waterpik\" \/>\n<meta property=\"article:modified_time\" content=\"2026-03-10T08:45:42+00:00\" \/>\n<meta property=\"og:image\" content=\"https:\/\/waterpik.lt\/wp-content\/uploads\/2020\/12\/WP670-webui-scaled.jpg\" \/>\n\t<meta property=\"og:image:width\" content=\"2560\" \/>\n\t<meta property=\"og:image:height\" content=\"2560\" \/>\n\t<meta property=\"og:image:type\" content=\"image\/jpeg\" \/>\n<meta name=\"twitter:card\" content=\"summary_large_image\" \/>\n<meta name=\"twitter:label1\" content=\"Est. reading time\" \/>\n\t<meta name=\"twitter:data1\" content=\"1 minute\" \/>\n<script type=\"application\/ld+json\" class=\"yoast-schema-graph\">{\"@context\":\"https:\/\/schema.org\",\"@graph\":[{\"@type\":\"WebPage\",\"@id\":\"https:\/\/waterpik.lt\/lv\/produkt\/mutes-irigators-waterpik-ultra-wp-112\/\",\"url\":\"https:\/\/waterpik.lt\/lv\/produkt\/mutes-irigators-waterpik-ultra-wp-112\/\",\"name\":\"Mutes irigators Waterpik Ultra WP-112 | Waterpik\",\"isPartOf\":{\"@id\":\"https:\/\/waterpik.lt\/#website\"},\"primaryImageOfPage\":{\"@id\":\"https:\/\/waterpik.lt\/lv\/produkt\/mutes-irigators-waterpik-ultra-wp-112\/#primaryimage\"},\"image\":{\"@id\":\"https:\/\/waterpik.lt\/lv\/produkt\/mutes-irigators-waterpik-ultra-wp-112\/#primaryimage\"},\"thumbnailUrl\":\"https:\/\/waterpik.lt\/wp-content\/uploads\/2018\/11\/waterpik-ultra-water-flosser-wp-112-black..jpg\",\"datePublished\":\"2018-11-29T10:57:49+00:00\",\"dateModified\":\"2026-03-10T08:45:42+00:00\",\"description\":\"Uz\u0146\u0113mums nodarbojas ar zobu tehnikas un stomatolo\u0123isk\u0101 apr\u012bkojuma tirdzniec\u012bbu. Jau 20 gadu ir mutes irigatoru ra\u017eot\u0101ja \u201eWaterpik\u201c p\u0101rst\u0101vis Baltijas valst\u012bs.\",\"breadcrumb\":{\"@id\":\"https:\/\/waterpik.lt\/lv\/produkt\/mutes-irigators-waterpik-ultra-wp-112\/#breadcrumb\"},\"inLanguage\":\"lv-LV\",\"potentialAction\":[{\"@type\":\"ReadAction\",\"target\":[\"https:\/\/waterpik.lt\/lv\/produkt\/mutes-irigators-waterpik-ultra-wp-112\/\"]}]},{\"@type\":\"ImageObject\",\"inLanguage\":\"lv-LV\",\"@id\":\"https:\/\/waterpik.lt\/lv\/produkt\/mutes-irigators-waterpik-ultra-wp-112\/#primaryimage\",\"url\":\"https:\/\/waterpik.lt\/wp-content\/uploads\/2018\/11\/waterpik-ultra-water-flosser-wp-112-black..jpg\",\"contentUrl\":\"https:\/\/waterpik.lt\/wp-content\/uploads\/2018\/11\/waterpik-ultra-water-flosser-wp-112-black..jpg\",\"width\":600,\"height\":600},{\"@type\":\"BreadcrumbList\",\"@id\":\"https:\/\/waterpik.lt\/lv\/produkt\/mutes-irigators-waterpik-ultra-wp-112\/#breadcrumb\",\"itemListElement\":[{\"@type\":\"ListItem\",\"position\":1,\"name\":\"Titulinis\",\"item\":\"https:\/\/waterpik.lt\/lv\/\"},{\"@type\":\"ListItem\",\"position\":2,\"name\":\"Produkti\",\"item\":\"https:\/\/waterpik.lt\/lv\/produkti\/\"},{\"@type\":\"ListItem\",\"position\":3,\"name\":\"Mutes irigators Waterpik Ultra WP-112\"}]},{\"@type\":\"WebSite\",\"@id\":\"https:\/\/waterpik.lt\/#website\",\"url\":\"https:\/\/waterpik.lt\/\",\"name\":\"Waterpik\",\"description\":\"Irigatoriai\",\"publisher\":{\"@id\":\"https:\/\/waterpik.lt\/#organization\"},\"potentialAction\":[{\"@type\":\"SearchAction\",\"target\":{\"@type\":\"EntryPoint\",\"urlTemplate\":\"https:\/\/waterpik.lt\/?s={search_term_string}\"},\"query-input\":{\"@type\":\"PropertyValueSpecification\",\"valueRequired\":true,\"valueName\":\"search_term_string\"}}],\"inLanguage\":\"lv-LV\"},{\"@type\":\"Organization\",\"@id\":\"https:\/\/waterpik.lt\/#organization\",\"name\":\"Waterpik\",\"url\":\"https:\/\/waterpik.lt\/\",\"logo\":{\"@type\":\"ImageObject\",\"inLanguage\":\"lv-LV\",\"@id\":\"https:\/\/waterpik.lt\/#\/schema\/logo\/image\/\",\"url\":\"https:\/\/waterpik.lt\/wp-content\/uploads\/2019\/05\/WP-160.jpg\",\"contentUrl\":\"https:\/\/waterpik.lt\/wp-content\/uploads\/2019\/05\/WP-160.jpg\",\"width\":2048,\"height\":2048,\"caption\":\"Waterpik\"},\"image\":{\"@id\":\"https:\/\/waterpik.lt\/#\/schema\/logo\/image\/\"}}]}<\/script>\n<!-- \/ Yoast SEO plugin. -->","yoast_head_json":{"title":"Mutes irigators Waterpik Ultra WP-112 | Waterpik","description":"Uz\u0146\u0113mums nodarbojas ar zobu tehnikas un stomatolo\u0123isk\u0101 apr\u012bkojuma tirdzniec\u012bbu. Jau 20 gadu ir mutes irigatoru ra\u017eot\u0101ja \u201eWaterpik\u201c p\u0101rst\u0101vis Baltijas valst\u012bs.","robots":{"index":"index","follow":"follow","max-snippet":"max-snippet:-1","max-image-preview":"max-image-preview:large","max-video-preview":"max-video-preview:-1"},"canonical":"https:\/\/waterpik.lt\/lv\/produkt\/mutes-irigators-waterpik-ultra-wp-112\/","og_locale":"lv_LV","og_type":"article","og_title":"Mutes irigators Waterpik Ultra WP-112 | Waterpik","og_description":"Uz\u0146\u0113mums nodarbojas ar zobu tehnikas un stomatolo\u0123isk\u0101 apr\u012bkojuma tirdzniec\u012bbu. Jau 20 gadu ir mutes irigatoru ra\u017eot\u0101ja \u201eWaterpik\u201c p\u0101rst\u0101vis Baltijas valst\u012bs.","og_url":"https:\/\/waterpik.lt\/lv\/produkt\/mutes-irigators-waterpik-ultra-wp-112\/","og_site_name":"Waterpik","article_modified_time":"2026-03-10T08:45:42+00:00","og_image":[{"width":2560,"height":2560,"url":"https:\/\/waterpik.lt\/wp-content\/uploads\/2020\/12\/WP670-webui-scaled.jpg","type":"image\/jpeg"}],"twitter_card":"summary_large_image","twitter_misc":{"Est. reading time":"1 minute"},"schema":{"@context":"https:\/\/schema.org","@graph":[{"@type":"WebPage","@id":"https:\/\/waterpik.lt\/lv\/produkt\/mutes-irigators-waterpik-ultra-wp-112\/","url":"https:\/\/waterpik.lt\/lv\/produkt\/mutes-irigators-waterpik-ultra-wp-112\/","name":"Mutes irigators Waterpik Ultra WP-112 | Waterpik","isPartOf":{"@id":"https:\/\/waterpik.lt\/#website"},"primaryImageOfPage":{"@id":"https:\/\/waterpik.lt\/lv\/produkt\/mutes-irigators-waterpik-ultra-wp-112\/#primaryimage"},"image":{"@id":"https:\/\/waterpik.lt\/lv\/produkt\/mutes-irigators-waterpik-ultra-wp-112\/#primaryimage"},"thumbnailUrl":"https:\/\/waterpik.lt\/wp-content\/uploads\/2018\/11\/waterpik-ultra-water-flosser-wp-112-black..jpg","datePublished":"2018-11-29T10:57:49+00:00","dateModified":"2026-03-10T08:45:42+00:00","description":"Uz\u0146\u0113mums nodarbojas ar zobu tehnikas un stomatolo\u0123isk\u0101 apr\u012bkojuma tirdzniec\u012bbu. Jau 20 gadu ir mutes irigatoru ra\u017eot\u0101ja \u201eWaterpik\u201c p\u0101rst\u0101vis Baltijas valst\u012bs.","breadcrumb":{"@id":"https:\/\/waterpik.lt\/lv\/produkt\/mutes-irigators-waterpik-ultra-wp-112\/#breadcrumb"},"inLanguage":"lv-LV","potentialAction":[{"@type":"ReadAction","target":["https:\/\/waterpik.lt\/lv\/produkt\/mutes-irigators-waterpik-ultra-wp-112\/"]}]},{"@type":"ImageObject","inLanguage":"lv-LV","@id":"https:\/\/waterpik.lt\/lv\/produkt\/mutes-irigators-waterpik-ultra-wp-112\/#primaryimage","url":"https:\/\/waterpik.lt\/wp-content\/uploads\/2018\/11\/waterpik-ultra-water-flosser-wp-112-black..jpg","contentUrl":"https:\/\/waterpik.lt\/wp-content\/uploads\/2018\/11\/waterpik-ultra-water-flosser-wp-112-black..jpg","width":600,"height":600},{"@type":"BreadcrumbList","@id":"https:\/\/waterpik.lt\/lv\/produkt\/mutes-irigators-waterpik-ultra-wp-112\/#breadcrumb","itemListElement":[{"@type":"ListItem","position":1,"name":"Titulinis","item":"https:\/\/waterpik.lt\/lv\/"},{"@type":"ListItem","position":2,"name":"Produkti","item":"https:\/\/waterpik.lt\/lv\/produkti\/"},{"@type":"ListItem","position":3,"name":"Mutes irigators Waterpik Ultra WP-112"}]},{"@type":"WebSite","@id":"https:\/\/waterpik.lt\/#website","url":"https:\/\/waterpik.lt\/","name":"Waterpik","description":"Irigatoriai","publisher":{"@id":"https:\/\/waterpik.lt\/#organization"},"potentialAction":[{"@type":"SearchAction","target":{"@type":"EntryPoint","urlTemplate":"https:\/\/waterpik.lt\/?s={search_term_string}"},"query-input":{"@type":"PropertyValueSpecification","valueRequired":true,"valueName":"search_term_string"}}],"inLanguage":"lv-LV"},{"@type":"Organization","@id":"https:\/\/waterpik.lt\/#organization","name":"Waterpik","url":"https:\/\/waterpik.lt\/","logo":{"@type":"ImageObject","inLanguage":"lv-LV","@id":"https:\/\/waterpik.lt\/#\/schema\/logo\/image\/","url":"https:\/\/waterpik.lt\/wp-content\/uploads\/2019\/05\/WP-160.jpg","contentUrl":"https:\/\/waterpik.lt\/wp-content\/uploads\/2019\/05\/WP-160.jpg","width":2048,"height":2048,"caption":"Waterpik"},"image":{"@id":"https:\/\/waterpik.lt\/#\/schema\/logo\/image\/"}}]}},"_links":{"self":[{"href":"https:\/\/waterpik.lt\/lv\/wp-json\/wp\/v2\/product\/779","targetHints":{"allow":["GET"]}}],"collection":[{"href":"https:\/\/waterpik.lt\/lv\/wp-json\/wp\/v2\/product"}],"about":[{"href":"https:\/\/waterpik.lt\/lv\/wp-json\/wp\/v2\/types\/product"}],"wp:featuredmedia":[{"embeddable":true,"href":"https:\/\/waterpik.lt\/lv\/wp-json\/wp\/v2\/media\/38988"}],"wp:attachment":[{"href":"https:\/\/waterpik.lt\/lv\/wp-json\/wp\/v2\/media?parent=779"}],"wp:term":[{"taxonomy":"product_brand","embeddable":true,"href":"https:\/\/waterpik.lt\/lv\/wp-json\/wp\/v2\/product_brand?post=779"},{"taxonomy":"product_cat","embeddable":true,"href":"https:\/\/waterpik.lt\/lv\/wp-json\/wp\/v2\/product_cat?post=779"},{"taxonomy":"product_tag","embeddable":true,"href":"https:\/\/waterpik.lt\/lv\/wp-json\/wp\/v2\/product_tag?post=779"}],"curies":[{"name":"wp","href":"https:\/\/api.w.org\/{rel}","templated":true}]}}