{"id":771,"date":"2019-10-26T09:43:08","date_gmt":"2018-11-29T09:43:08","guid":{"rendered":"https:\/\/waterpik.lt\/product\/burnos-irigatorius-complete-care-wp-861\/"},"modified":"2025-12-16T15:50:05","modified_gmt":"2025-12-16T13:50:05","slug":"mutes-irigators-complete-care-wp-861","status":"publish","type":"product","link":"https:\/\/waterpik.lt\/lv\/produkt\/mutes-irigators-complete-care-wp-861\/","title":{"rendered":"Mutes irigators Complete Care WP-861"},"content":{"rendered":"<div class=\"wpb-content-wrapper\"><p>[vc_row css_animation=&#8221;&#8221; row_type=&#8221;row&#8221; use_row_as_full_screen_section=&#8221;no&#8221; type=&#8221;full_width&#8221; angled_section=&#8221;no&#8221; text_align=&#8221;left&#8221; background_image_as_pattern=&#8221;without_pattern&#8221;][vc_column][vc_column_text]<\/p>\n<h3>Mutes irigatora priek\u0161roc\u012bbas<\/h3>\n<p>Efekt\u012bvi atbr\u012bvo zobus no aplikuma:<\/p>\n<ul>\n<li style=\"text-align: justify;\">kl\u012bniski pier\u0101d\u012bts, ka tas likvid\u0113 l\u012bdz 99,9 % aplikuma no t\u012br\u0101m\u0101s zobu virsmas.<\/li>\n<li style=\"text-align: justify;\">Vesel\u012bg\u0101kas smaganas: kl\u012bniski pier\u0101d\u012bts, ka tas ir l\u012bdz 50 % efekt\u012bv\u0101ks par zobu diegu.<\/li>\n<li style=\"text-align: justify;\">Ide\u0101li piem\u0113rots zobu implantu kop\u0161anai: kl\u012bniski pier\u0101d\u012bts, ka, izmantojot \u201ePlaque Seeker\u00ae\u201d uzgali, tas darbojas divreiz efekt\u012bv\u0101k par zobu diegu un uzlabo smaganu vesel\u012bbu.<\/li>\n<li style=\"text-align: justify;\">Svar\u012bgs tiem, kas n\u0113s\u0101 breketes: kl\u012bniski pier\u0101d\u012bts, ka, lietojot ortodontisko uzgali, tas darbojas tr\u012bsreiz efekt\u012bv\u0101k par zobu diegu, atbr\u012bvojoties no zobu aplikuma ap breket\u0113m.<\/li>\n<\/ul>\n<h3>\u201eTriple Sonic\u201c priek\u0161roc\u012bbas<\/h3>\n<ul>\n<li style=\"text-align: justify;\">Progres\u012bvas formas sukas galvi\u0146a ar integr\u0113tu m\u0113les t\u012br\u012bt\u0101ju<\/li>\n<li>L\u012bdz 62 000 birstes kust\u012bbu\/min<\/li>\n<li style=\"text-align: justify;\">\u0112rts uzl\u0101des indikators, kas skaidri inform\u0113 par uzl\u0101des l\u012bmeni<\/li>\n<\/ul>\n<h3>Tr\u012bs t\u012br\u012b\u0161anas re\u017e\u012bmi<\/h3>\n<ul>\n<li style=\"text-align: justify;\">T\u012br\u012b\u0161anas re\u017e\u012bms nevainojamai ikdienas t\u012br\u012b\u0161anai<\/li>\n<li style=\"text-align: justify;\">Balin\u0101\u0161anas re\u017e\u012bms paredz\u0113ts, lai saudz\u012bgi likvid\u0113tu plankumus no t\u012br\u0101m\u0101s zobu virsmas un dab\u012bgi balin\u0101tu zobus<\/li>\n<li style=\"text-align: justify;\">Mas\u0101\u017eas re\u017e\u012bms papildus stimul\u0113 smaganas un asinsriti<\/li>\n<\/ul>\n<h3>Mutes irigatora raksturojums<\/h3>\n<ul>\n<li style=\"text-align: justify;\">Pieci irigatora uzga\u013ci<\/li>\n<li style=\"text-align: justify;\">\u016adens pl\u016bsmas sl\u0113dzis uz roktur\u012b\u0161a<\/li>\n<li style=\"text-align: justify;\">Var lietot kop\u0101 ar iecien\u012bto mutes skalojamo l\u012bdzekli<\/li>\n<li style=\"text-align: justify;\">Progres\u012bva spiediena vad\u012bbas sist\u0113ma ar 10 funkcij\u0101m<\/li>\n<li style=\"text-align: justify;\">Rezervu\u0101ra ietilp\u012bba \u2014 90 un vair\u0101k sek.<\/li>\n<\/ul>\n<h3>Zobu sukas \u201eTriple Sonic\u201d\u00a0raksturojums<\/h3>\n<ul>\n<li style=\"text-align: justify;\">Divas \u201eTriple Sonic\u201d zobu sukas galvi\u0146as<\/li>\n<li style=\"text-align: justify;\">Divu min\u016b\u0161u kop\u0113jais taimeris ar 30 sekun\u017eu interv\u0101liem<\/li>\n<li>L\u012bdz 62 000 birstes kust\u012bbu\/min<\/li>\n<li style=\"text-align: justify;\">Tr\u012bs t\u012br\u012b\u0161anas re\u017e\u012bmi<\/li>\n<li style=\"text-align: justify;\">Kvalitat\u012bvs ce\u013cojumu zobu sukas ietvars<\/li>\n<li style=\"text-align: justify;\">\u0112rts uzl\u0101des indikators<\/li>\n<\/ul>\n<h3>Vispus\u012bga kop\u0161ana<\/h3>\n<ul>\n<li style=\"text-align: justify;\">Divu gadu garantija<\/li>\n<li style=\"text-align: justify;\">Nepiecie\u0161ama tikai viena kontaktligzda<\/li>\n<li style=\"text-align: justify;\">Kompakts<\/li>\n<\/ul>\n<p>[\/vc_column_text][\/vc_column][\/vc_row]<\/p>\n<\/div>","protected":false},"excerpt":{"rendered":"<p><b>Uzman\u012bbu! Modelis Waterpik WP-861 ofici\u0101li ir aizst\u0101ts ar jaunu modeli Waterpik CC-04<\/b><\/p>\n<p><a href=\"https:\/\/waterpik.lt\/lv\/produkt\/mutes-irigators-complete-care-cc-04\/\"><span style=\"color: #ff0000;\"><u><b>Jauno modeli varat ieg\u0101d\u0101ties \u0161eit<\/b><\/u><\/span><\/a><\/p>\n<p>&nbsp;<\/p>\n<p><a href=\"\/wp-content\/uploads\/2018\/12\/Waterpik-WP-861-LT.pdf\" target=\"_blank\" rel=\"noopener\"><img loading=\"lazy\" decoding=\"async\" class=\"alignnone wp-image-433\" src=\"https:\/\/waterpik.lt\/wp-content\/uploads\/2018\/11\/download.png\" alt=\"\" width=\"128\" height=\"41\" \/><\/a><\/p>\n<div class=\"qbutton default\">[spu popup=\"862\"]PAS\u016aT\u012aT[\/spu]<\/div>\n","protected":false},"featured_media":36238,"template":"","meta":{"inline_featured_image":false},"product_brand":[],"product_cat":[55],"product_tag":[],"class_list":{"0":"post-771","1":"product","2":"type-product","3":"status-publish","4":"has-post-thumbnail","6":"product_cat-mutes-irigatori","8":"first","9":"outofstock","10":"taxable","11":"shipping-taxable","12":"purchasable","13":"product-type-simple"},"yoast_head":"<!-- This site is optimized with the Yoast SEO plugin v24.6 - https:\/\/yoast.com\/wordpress\/plugins\/seo\/ -->\n<title>Mutes irigators Complete Care WP-861 | Waterpik<\/title>\n<meta name=\"description\" content=\"Uz\u0146\u0113mums nodarbojas ar zobu tehnikas un stomatolo\u0123isk\u0101 apr\u012bkojuma tirdzniec\u012bbu. Jau 20 gadu ir mutes irigatoru ra\u017eot\u0101ja \u201eWaterpik\u201c p\u0101rst\u0101vis Baltijas valst\u012bs.\" \/>\n<meta name=\"robots\" content=\"index, follow, max-snippet:-1, max-image-preview:large, max-video-preview:-1\" \/>\n<link rel=\"canonical\" href=\"https:\/\/waterpik.lt\/lv\/produkt\/mutes-irigators-complete-care-wp-861\/\" \/>\n<meta property=\"og:locale\" content=\"lv_LV\" \/>\n<meta property=\"og:type\" content=\"article\" \/>\n<meta property=\"og:title\" content=\"Mutes irigators Complete Care WP-861 | Waterpik\" \/>\n<meta property=\"og:description\" content=\"Uz\u0146\u0113mums nodarbojas ar zobu tehnikas un stomatolo\u0123isk\u0101 apr\u012bkojuma tirdzniec\u012bbu. Jau 20 gadu ir mutes irigatoru ra\u017eot\u0101ja \u201eWaterpik\u201c p\u0101rst\u0101vis Baltijas valst\u012bs.\" \/>\n<meta property=\"og:url\" content=\"https:\/\/waterpik.lt\/lv\/produkt\/mutes-irigators-complete-care-wp-861\/\" \/>\n<meta property=\"og:site_name\" content=\"Waterpik\" \/>\n<meta property=\"article:modified_time\" content=\"2025-12-16T13:50:05+00:00\" \/>\n<meta property=\"og:image\" content=\"https:\/\/waterpik.lt\/wp-content\/uploads\/2019\/10\/WP861_3Quarter-1-scaled.jpg\" \/>\n\t<meta property=\"og:image:width\" content=\"2560\" \/>\n\t<meta property=\"og:image:height\" content=\"2560\" \/>\n\t<meta property=\"og:image:type\" content=\"image\/jpeg\" \/>\n<meta name=\"twitter:card\" content=\"summary_large_image\" \/>\n<meta name=\"twitter:label1\" content=\"Est. reading time\" \/>\n\t<meta name=\"twitter:data1\" content=\"2 minutes\" \/>\n<script type=\"application\/ld+json\" class=\"yoast-schema-graph\">{\"@context\":\"https:\/\/schema.org\",\"@graph\":[{\"@type\":\"WebPage\",\"@id\":\"https:\/\/waterpik.lt\/lv\/produkt\/mutes-irigators-complete-care-wp-861\/\",\"url\":\"https:\/\/waterpik.lt\/lv\/produkt\/mutes-irigators-complete-care-wp-861\/\",\"name\":\"Mutes irigators Complete Care WP-861 | Waterpik\",\"isPartOf\":{\"@id\":\"https:\/\/waterpik.lt\/#website\"},\"primaryImageOfPage\":{\"@id\":\"https:\/\/waterpik.lt\/lv\/produkt\/mutes-irigators-complete-care-wp-861\/#primaryimage\"},\"image\":{\"@id\":\"https:\/\/waterpik.lt\/lv\/produkt\/mutes-irigators-complete-care-wp-861\/#primaryimage\"},\"thumbnailUrl\":\"https:\/\/waterpik.lt\/wp-content\/uploads\/2019\/10\/WP861_3Quarter-1-scaled.jpg\",\"datePublished\":\"2018-11-29T09:43:08+00:00\",\"dateModified\":\"2025-12-16T13:50:05+00:00\",\"description\":\"Uz\u0146\u0113mums nodarbojas ar zobu tehnikas un stomatolo\u0123isk\u0101 apr\u012bkojuma tirdzniec\u012bbu. Jau 20 gadu ir mutes irigatoru ra\u017eot\u0101ja \u201eWaterpik\u201c p\u0101rst\u0101vis Baltijas valst\u012bs.\",\"breadcrumb\":{\"@id\":\"https:\/\/waterpik.lt\/lv\/produkt\/mutes-irigators-complete-care-wp-861\/#breadcrumb\"},\"inLanguage\":\"lv-LV\",\"potentialAction\":[{\"@type\":\"ReadAction\",\"target\":[\"https:\/\/waterpik.lt\/lv\/produkt\/mutes-irigators-complete-care-wp-861\/\"]}]},{\"@type\":\"ImageObject\",\"inLanguage\":\"lv-LV\",\"@id\":\"https:\/\/waterpik.lt\/lv\/produkt\/mutes-irigators-complete-care-wp-861\/#primaryimage\",\"url\":\"https:\/\/waterpik.lt\/wp-content\/uploads\/2019\/10\/WP861_3Quarter-1-scaled.jpg\",\"contentUrl\":\"https:\/\/waterpik.lt\/wp-content\/uploads\/2019\/10\/WP861_3Quarter-1-scaled.jpg\",\"width\":2560,\"height\":2560},{\"@type\":\"BreadcrumbList\",\"@id\":\"https:\/\/waterpik.lt\/lv\/produkt\/mutes-irigators-complete-care-wp-861\/#breadcrumb\",\"itemListElement\":[{\"@type\":\"ListItem\",\"position\":1,\"name\":\"Titulinis\",\"item\":\"https:\/\/waterpik.lt\/lv\/\"},{\"@type\":\"ListItem\",\"position\":2,\"name\":\"Produkti\",\"item\":\"https:\/\/waterpik.lt\/lv\/produkti\/\"},{\"@type\":\"ListItem\",\"position\":3,\"name\":\"Mutes irigators Complete Care WP-861\"}]},{\"@type\":\"WebSite\",\"@id\":\"https:\/\/waterpik.lt\/#website\",\"url\":\"https:\/\/waterpik.lt\/\",\"name\":\"Waterpik\",\"description\":\"Irigatoriai\",\"publisher\":{\"@id\":\"https:\/\/waterpik.lt\/#organization\"},\"potentialAction\":[{\"@type\":\"SearchAction\",\"target\":{\"@type\":\"EntryPoint\",\"urlTemplate\":\"https:\/\/waterpik.lt\/?s={search_term_string}\"},\"query-input\":{\"@type\":\"PropertyValueSpecification\",\"valueRequired\":true,\"valueName\":\"search_term_string\"}}],\"inLanguage\":\"lv-LV\"},{\"@type\":\"Organization\",\"@id\":\"https:\/\/waterpik.lt\/#organization\",\"name\":\"Waterpik\",\"url\":\"https:\/\/waterpik.lt\/\",\"logo\":{\"@type\":\"ImageObject\",\"inLanguage\":\"lv-LV\",\"@id\":\"https:\/\/waterpik.lt\/#\/schema\/logo\/image\/\",\"url\":\"https:\/\/waterpik.lt\/wp-content\/uploads\/2019\/05\/WP-160.jpg\",\"contentUrl\":\"https:\/\/waterpik.lt\/wp-content\/uploads\/2019\/05\/WP-160.jpg\",\"width\":2048,\"height\":2048,\"caption\":\"Waterpik\"},\"image\":{\"@id\":\"https:\/\/waterpik.lt\/#\/schema\/logo\/image\/\"}}]}<\/script>\n<!-- \/ Yoast SEO plugin. -->","yoast_head_json":{"title":"Mutes irigators Complete Care WP-861 | Waterpik","description":"Uz\u0146\u0113mums nodarbojas ar zobu tehnikas un stomatolo\u0123isk\u0101 apr\u012bkojuma tirdzniec\u012bbu. Jau 20 gadu ir mutes irigatoru ra\u017eot\u0101ja \u201eWaterpik\u201c p\u0101rst\u0101vis Baltijas valst\u012bs.","robots":{"index":"index","follow":"follow","max-snippet":"max-snippet:-1","max-image-preview":"max-image-preview:large","max-video-preview":"max-video-preview:-1"},"canonical":"https:\/\/waterpik.lt\/lv\/produkt\/mutes-irigators-complete-care-wp-861\/","og_locale":"lv_LV","og_type":"article","og_title":"Mutes irigators Complete Care WP-861 | Waterpik","og_description":"Uz\u0146\u0113mums nodarbojas ar zobu tehnikas un stomatolo\u0123isk\u0101 apr\u012bkojuma tirdzniec\u012bbu. Jau 20 gadu ir mutes irigatoru ra\u017eot\u0101ja \u201eWaterpik\u201c p\u0101rst\u0101vis Baltijas valst\u012bs.","og_url":"https:\/\/waterpik.lt\/lv\/produkt\/mutes-irigators-complete-care-wp-861\/","og_site_name":"Waterpik","article_modified_time":"2025-12-16T13:50:05+00:00","og_image":[{"width":2560,"height":2560,"url":"https:\/\/waterpik.lt\/wp-content\/uploads\/2019\/10\/WP861_3Quarter-1-scaled.jpg","type":"image\/jpeg"}],"twitter_card":"summary_large_image","twitter_misc":{"Est. reading time":"2 minutes"},"schema":{"@context":"https:\/\/schema.org","@graph":[{"@type":"WebPage","@id":"https:\/\/waterpik.lt\/lv\/produkt\/mutes-irigators-complete-care-wp-861\/","url":"https:\/\/waterpik.lt\/lv\/produkt\/mutes-irigators-complete-care-wp-861\/","name":"Mutes irigators Complete Care WP-861 | Waterpik","isPartOf":{"@id":"https:\/\/waterpik.lt\/#website"},"primaryImageOfPage":{"@id":"https:\/\/waterpik.lt\/lv\/produkt\/mutes-irigators-complete-care-wp-861\/#primaryimage"},"image":{"@id":"https:\/\/waterpik.lt\/lv\/produkt\/mutes-irigators-complete-care-wp-861\/#primaryimage"},"thumbnailUrl":"https:\/\/waterpik.lt\/wp-content\/uploads\/2019\/10\/WP861_3Quarter-1-scaled.jpg","datePublished":"2018-11-29T09:43:08+00:00","dateModified":"2025-12-16T13:50:05+00:00","description":"Uz\u0146\u0113mums nodarbojas ar zobu tehnikas un stomatolo\u0123isk\u0101 apr\u012bkojuma tirdzniec\u012bbu. Jau 20 gadu ir mutes irigatoru ra\u017eot\u0101ja \u201eWaterpik\u201c p\u0101rst\u0101vis Baltijas valst\u012bs.","breadcrumb":{"@id":"https:\/\/waterpik.lt\/lv\/produkt\/mutes-irigators-complete-care-wp-861\/#breadcrumb"},"inLanguage":"lv-LV","potentialAction":[{"@type":"ReadAction","target":["https:\/\/waterpik.lt\/lv\/produkt\/mutes-irigators-complete-care-wp-861\/"]}]},{"@type":"ImageObject","inLanguage":"lv-LV","@id":"https:\/\/waterpik.lt\/lv\/produkt\/mutes-irigators-complete-care-wp-861\/#primaryimage","url":"https:\/\/waterpik.lt\/wp-content\/uploads\/2019\/10\/WP861_3Quarter-1-scaled.jpg","contentUrl":"https:\/\/waterpik.lt\/wp-content\/uploads\/2019\/10\/WP861_3Quarter-1-scaled.jpg","width":2560,"height":2560},{"@type":"BreadcrumbList","@id":"https:\/\/waterpik.lt\/lv\/produkt\/mutes-irigators-complete-care-wp-861\/#breadcrumb","itemListElement":[{"@type":"ListItem","position":1,"name":"Titulinis","item":"https:\/\/waterpik.lt\/lv\/"},{"@type":"ListItem","position":2,"name":"Produkti","item":"https:\/\/waterpik.lt\/lv\/produkti\/"},{"@type":"ListItem","position":3,"name":"Mutes irigators Complete Care WP-861"}]},{"@type":"WebSite","@id":"https:\/\/waterpik.lt\/#website","url":"https:\/\/waterpik.lt\/","name":"Waterpik","description":"Irigatoriai","publisher":{"@id":"https:\/\/waterpik.lt\/#organization"},"potentialAction":[{"@type":"SearchAction","target":{"@type":"EntryPoint","urlTemplate":"https:\/\/waterpik.lt\/?s={search_term_string}"},"query-input":{"@type":"PropertyValueSpecification","valueRequired":true,"valueName":"search_term_string"}}],"inLanguage":"lv-LV"},{"@type":"Organization","@id":"https:\/\/waterpik.lt\/#organization","name":"Waterpik","url":"https:\/\/waterpik.lt\/","logo":{"@type":"ImageObject","inLanguage":"lv-LV","@id":"https:\/\/waterpik.lt\/#\/schema\/logo\/image\/","url":"https:\/\/waterpik.lt\/wp-content\/uploads\/2019\/05\/WP-160.jpg","contentUrl":"https:\/\/waterpik.lt\/wp-content\/uploads\/2019\/05\/WP-160.jpg","width":2048,"height":2048,"caption":"Waterpik"},"image":{"@id":"https:\/\/waterpik.lt\/#\/schema\/logo\/image\/"}}]}},"_links":{"self":[{"href":"https:\/\/waterpik.lt\/lv\/wp-json\/wp\/v2\/product\/771","targetHints":{"allow":["GET"]}}],"collection":[{"href":"https:\/\/waterpik.lt\/lv\/wp-json\/wp\/v2\/product"}],"about":[{"href":"https:\/\/waterpik.lt\/lv\/wp-json\/wp\/v2\/types\/product"}],"wp:featuredmedia":[{"embeddable":true,"href":"https:\/\/waterpik.lt\/lv\/wp-json\/wp\/v2\/media\/36238"}],"wp:attachment":[{"href":"https:\/\/waterpik.lt\/lv\/wp-json\/wp\/v2\/media?parent=771"}],"wp:term":[{"taxonomy":"product_brand","embeddable":true,"href":"https:\/\/waterpik.lt\/lv\/wp-json\/wp\/v2\/product_brand?post=771"},{"taxonomy":"product_cat","embeddable":true,"href":"https:\/\/waterpik.lt\/lv\/wp-json\/wp\/v2\/product_cat?post=771"},{"taxonomy":"product_tag","embeddable":true,"href":"https:\/\/waterpik.lt\/lv\/wp-json\/wp\/v2\/product_tag?post=771"}],"curies":[{"name":"wp","href":"https:\/\/api.w.org\/{rel}","templated":true}]}}