{"id":767,"date":"2018-11-29T08:54:19","date_gmt":"2018-11-29T08:54:19","guid":{"rendered":"https:\/\/waterpik.lt\/product\/balinantis-irigatorius-wf-05-whitening-professional\/"},"modified":"2025-12-16T15:56:59","modified_gmt":"2025-12-16T13:56:59","slug":"mutes-irigators-wf-05-whitening-professional","status":"publish","type":"product","link":"https:\/\/waterpik.lt\/lv\/produkt\/mutes-irigators-wf-05-whitening-professional\/","title":{"rendered":"Mutes irigators WF-05 Whitening Professional"},"content":{"rendered":"<div class=\"wpb-content-wrapper\"><p>[vc_row css_animation=&#8221;&#8221; row_type=&#8221;row&#8221; use_row_as_full_screen_section=&#8221;no&#8221; type=&#8221;full_width&#8221; angled_section=&#8221;no&#8221; text_align=&#8221;left&#8221; background_image_as_pattern=&#8221;without_pattern&#8221;][vc_column][vc_column_text]<\/p>\n<h3>Priek\u0161roc\u012bbas<\/h3>\n<ul>\n<li style=\"text-align: justify;\">Pigmenta plankumu likvid\u0113\u0161ana: kl\u012bniskajos p\u0113t\u012bjumos ir pier\u0101d\u012bts, ka no\u0146em par 25 % vair\u0101k pigmenta plankumu, nek\u0101 lietojot tikai zobu birsti<\/li>\n<li style=\"text-align: justify;\">Efekt\u012bva aplikuma likvid\u0113\u0161ana: no t\u012br\u0101m\u0101m viet\u0101m no\u0146em l\u012bdz 99,9 % aplikuma<\/li>\n<li style=\"text-align: justify;\">Vesel\u0101kas smaganas: kl\u012bniskajos p\u0113t\u012bjumos ir pier\u0101d\u012bts, ka smaganu kop\u0161ana ir l\u012bdz 50 % efekt\u012bv\u0101ka, nek\u0101 lietojot zobu diegu<\/li>\n<li style=\"text-align: justify;\">Lieliski piem\u0113rots implantu kop\u0161anai: kl\u012bniskajos p\u0113t\u012bjumos ir pier\u0101d\u012bts, ka, lietojot \u201ePlaque Seeker\u00ae\u201d uzgali, smaganu st\u0101voklis ap implantiem uzlabojas l\u012bdz div\u0101m reiz\u0113m efekt\u012bv\u0101k<\/li>\n<li style=\"text-align: justify;\">Nepiecie\u0161ams, ja n\u0113s\u0101 breketes: kl\u012bniskajos p\u0113t\u012bjumos ir pier\u0101d\u012bts, ka ar ortodontisko uzgali aplikums ap breket\u0113m tiek likvid\u0113ts l\u012bdz trim reiz\u0113m efekt\u012bv\u0101k par zobu diegu<\/li>\n<li style=\"text-align: justify;\">Likvid\u0113 aplikumu un \u0113diena paliekas dzi\u013ci zobstarp\u0101s un zem smaganu l\u012bnijas \u2014 viet\u0101s, kur nevar piek\u013c\u016bt ar zobu birsti un zobu diegu<\/li>\n<li style=\"text-align: justify;\">D\u0101v\u0101 svaiguma un t\u012br\u012bbas saj\u016btu mut\u0113<\/li>\n<li style=\"text-align: justify;\">Lieliski piem\u0113rots tiem, kam ir implanti, zobu kro\u0146i, zobu tilti vai ven\u012bri<\/li>\n<\/ul>\n<h3>Produkta raksturojums<\/h3>\n<ul>\n<li style=\"text-align: justify;\">Balta un mat\u0113ta hroma apdare<\/li>\n<li style=\"text-align: justify;\">\u010cetri zobu balin\u0101\u0161anas uzga\u013ci<\/li>\n<li style=\"text-align: justify;\">Ietvars uzga\u013cu glab\u0101\u0161anai<\/li>\n<li style=\"text-align: justify;\">Roktur\u012btis ar Whitening Infuser tehnolo\u0123iju<\/li>\n<li style=\"text-align: justify;\">30 zobu balin\u0101\u0161anas tabletes ar atsvaidzino\u0161u piparm\u0113tru arom\u0101tu (pietiek vienam m\u0113nesim)<\/li>\n<li style=\"text-align: justify;\">Progres\u012bva spiediena vad\u012bbas sist\u0113ma ar 10 funkcij\u0101m<\/li>\n<li style=\"text-align: justify;\">Ar rezervu\u0101ra ietilp\u012bbu pietiek vair\u0101k nek\u0101 90 sekund\u0113m<\/li>\n<li style=\"text-align: justify;\">\u016adens pl\u016bsmas sl\u0113dzis uz roktur\u012b\u0161a<\/li>\n<li style=\"text-align: justify;\">Divi puls\u0113jo\u0161as str\u016bklas re\u017e\u012bmi \u2014 zobstarpu t\u012br\u012b\u0161anai un hidromas\u0101\u017eai<\/li>\n<li style=\"text-align: justify;\">1 min\u016btes taimeris ar 30 sekun\u017eu interv\u0101liem<\/li>\n<li style=\"text-align: justify;\">LED lampi\u0146as, kas par\u0101da re\u017e\u012bmu<\/li>\n<li style=\"text-align: justify;\">Divu gadu garantija<\/li>\n<\/ul>\n<p>[\/vc_column_text][\/vc_column][\/vc_row]<\/p>\n<\/div>","protected":false},"excerpt":{"rendered":"<p style=\"text-align: justify;\"><b><\/b><br \/>\n<strong><span style=\"color: #e90900;\">Jaunums!<\/span><\/strong><br \/>\n<b><\/b><br \/>\nBalina zobus, t\u012brot ar \u016bdens str\u016bklu. Atjauno zobu dab\u012bgo baltumu vien \u010detr\u0101s ned\u0113\u013c\u0101s, likvid\u0113jot pigmenta plankumus, ar ko nesp\u0113j tikt gal\u0101 citi l\u012bdz\u012bgi izstr\u0101d\u0101jumi. Pier\u0101d\u012bts, ka ar \u0161o irigatoru var likvid\u0113t par 25 % vair\u0101k pigmenta plankumu, nek\u0101 lietojot tikai zobu birsti, turkl\u0101t tam ir visas t\u012br\u012b\u0161anas ar \u016bdens str\u016bklu priek\u0161roc\u012bbas, ar pat\u012bkamu gar\u0161u.<br \/>\n<b><\/b><br \/>\nIzmantojot Whitening Infuser tehnolo\u0123iju, \u016bdens vajadz\u012bg\u0101 attiec\u012bb\u0101 tiek sajaukts ar balino\u0161o tableti, kas dro\u0161\u0101 veid\u0101 pal\u012bdz atjaunot zobu baltumu, likvid\u0113t aplikumu un uztur\u0113t veselu smaganu st\u0101vokli.<\/p>\n<p>&nbsp;<\/p>\n<p><a href=\"\/wp-content\/uploads\/2018\/12\/wf-05-instrukcija-LT.pdf\" target=\"_blank\" rel=\"noopener\"><img loading=\"lazy\" decoding=\"async\" class=\"alignnone wp-image-433\" src=\"https:\/\/waterpik.lt\/wp-content\/uploads\/2018\/11\/download.png\" alt=\"\" width=\"128\" height=\"41\" \/><\/a><\/p>\n<p>&nbsp;<\/p>\n<div class=\"qbutton default\">[spu popup=\"862\"]PAS\u016aT\u012aT[\/spu]<\/div>\n","protected":false},"featured_media":768,"template":"","meta":{"inline_featured_image":false},"product_brand":[],"product_cat":[53],"product_tag":[],"class_list":{"0":"post-767","1":"product","2":"type-product","3":"status-publish","4":"has-post-thumbnail","6":"product_cat-whitening-mutes-irigatori","8":"first","9":"outofstock","10":"taxable","11":"shipping-taxable","12":"purchasable","13":"product-type-simple"},"yoast_head":"<!-- This site is optimized with the Yoast SEO plugin v24.6 - https:\/\/yoast.com\/wordpress\/plugins\/seo\/ -->\n<title>Mutes irigators WF-05 Whitening Professional | Waterpik<\/title>\n<meta name=\"description\" content=\"Uz\u0146\u0113mums nodarbojas ar zobu tehnikas un stomatolo\u0123isk\u0101 apr\u012bkojuma tirdzniec\u012bbu. Jau 20 gadu ir mutes irigatoru ra\u017eot\u0101ja \u201eWaterpik\u201c p\u0101rst\u0101vis Baltijas valst\u012bs.\" \/>\n<meta name=\"robots\" content=\"index, follow, max-snippet:-1, max-image-preview:large, max-video-preview:-1\" \/>\n<link rel=\"canonical\" href=\"https:\/\/waterpik.lt\/lv\/produkt\/mutes-irigators-wf-05-whitening-professional\/\" \/>\n<meta property=\"og:locale\" content=\"lv_LV\" \/>\n<meta property=\"og:type\" content=\"article\" \/>\n<meta property=\"og:title\" content=\"Mutes irigators WF-05 Whitening Professional | Waterpik\" \/>\n<meta property=\"og:description\" content=\"Uz\u0146\u0113mums nodarbojas ar zobu tehnikas un stomatolo\u0123isk\u0101 apr\u012bkojuma tirdzniec\u012bbu. Jau 20 gadu ir mutes irigatoru ra\u017eot\u0101ja \u201eWaterpik\u201c p\u0101rst\u0101vis Baltijas valst\u012bs.\" \/>\n<meta property=\"og:url\" content=\"https:\/\/waterpik.lt\/lv\/produkt\/mutes-irigators-wf-05-whitening-professional\/\" \/>\n<meta property=\"og:site_name\" content=\"Waterpik\" \/>\n<meta property=\"article:modified_time\" content=\"2025-12-16T13:56:59+00:00\" \/>\n<meta property=\"og:image\" content=\"https:\/\/waterpik.lt\/wp-content\/uploads\/2018\/11\/WF-05_Hero_Rendering_White.png\" \/>\n\t<meta property=\"og:image:width\" content=\"3000\" \/>\n\t<meta property=\"og:image:height\" content=\"3000\" \/>\n\t<meta property=\"og:image:type\" content=\"image\/png\" \/>\n<meta name=\"twitter:card\" content=\"summary_large_image\" \/>\n<meta name=\"twitter:label1\" content=\"Est. reading time\" \/>\n\t<meta name=\"twitter:data1\" content=\"2 minutes\" \/>\n<script type=\"application\/ld+json\" class=\"yoast-schema-graph\">{\"@context\":\"https:\/\/schema.org\",\"@graph\":[{\"@type\":\"WebPage\",\"@id\":\"https:\/\/waterpik.lt\/lv\/produkt\/mutes-irigators-wf-05-whitening-professional\/\",\"url\":\"https:\/\/waterpik.lt\/lv\/produkt\/mutes-irigators-wf-05-whitening-professional\/\",\"name\":\"Mutes irigators WF-05 Whitening Professional | Waterpik\",\"isPartOf\":{\"@id\":\"https:\/\/waterpik.lt\/#website\"},\"primaryImageOfPage\":{\"@id\":\"https:\/\/waterpik.lt\/lv\/produkt\/mutes-irigators-wf-05-whitening-professional\/#primaryimage\"},\"image\":{\"@id\":\"https:\/\/waterpik.lt\/lv\/produkt\/mutes-irigators-wf-05-whitening-professional\/#primaryimage\"},\"thumbnailUrl\":\"https:\/\/waterpik.lt\/wp-content\/uploads\/2018\/11\/WF-05_Hero_Rendering_White.png\",\"datePublished\":\"2018-11-29T08:54:19+00:00\",\"dateModified\":\"2025-12-16T13:56:59+00:00\",\"description\":\"Uz\u0146\u0113mums nodarbojas ar zobu tehnikas un stomatolo\u0123isk\u0101 apr\u012bkojuma tirdzniec\u012bbu. Jau 20 gadu ir mutes irigatoru ra\u017eot\u0101ja \u201eWaterpik\u201c p\u0101rst\u0101vis Baltijas valst\u012bs.\",\"breadcrumb\":{\"@id\":\"https:\/\/waterpik.lt\/lv\/produkt\/mutes-irigators-wf-05-whitening-professional\/#breadcrumb\"},\"inLanguage\":\"lv-LV\",\"potentialAction\":[{\"@type\":\"ReadAction\",\"target\":[\"https:\/\/waterpik.lt\/lv\/produkt\/mutes-irigators-wf-05-whitening-professional\/\"]}]},{\"@type\":\"ImageObject\",\"inLanguage\":\"lv-LV\",\"@id\":\"https:\/\/waterpik.lt\/lv\/produkt\/mutes-irigators-wf-05-whitening-professional\/#primaryimage\",\"url\":\"https:\/\/waterpik.lt\/wp-content\/uploads\/2018\/11\/WF-05_Hero_Rendering_White.png\",\"contentUrl\":\"https:\/\/waterpik.lt\/wp-content\/uploads\/2018\/11\/WF-05_Hero_Rendering_White.png\",\"width\":3000,\"height\":3000},{\"@type\":\"BreadcrumbList\",\"@id\":\"https:\/\/waterpik.lt\/lv\/produkt\/mutes-irigators-wf-05-whitening-professional\/#breadcrumb\",\"itemListElement\":[{\"@type\":\"ListItem\",\"position\":1,\"name\":\"Titulinis\",\"item\":\"https:\/\/waterpik.lt\/lv\/\"},{\"@type\":\"ListItem\",\"position\":2,\"name\":\"Produkti\",\"item\":\"https:\/\/waterpik.lt\/lv\/produkti\/\"},{\"@type\":\"ListItem\",\"position\":3,\"name\":\"Mutes irigators WF-05 Whitening Professional\"}]},{\"@type\":\"WebSite\",\"@id\":\"https:\/\/waterpik.lt\/#website\",\"url\":\"https:\/\/waterpik.lt\/\",\"name\":\"Waterpik\",\"description\":\"Irigatoriai\",\"publisher\":{\"@id\":\"https:\/\/waterpik.lt\/#organization\"},\"potentialAction\":[{\"@type\":\"SearchAction\",\"target\":{\"@type\":\"EntryPoint\",\"urlTemplate\":\"https:\/\/waterpik.lt\/?s={search_term_string}\"},\"query-input\":{\"@type\":\"PropertyValueSpecification\",\"valueRequired\":true,\"valueName\":\"search_term_string\"}}],\"inLanguage\":\"lv-LV\"},{\"@type\":\"Organization\",\"@id\":\"https:\/\/waterpik.lt\/#organization\",\"name\":\"Waterpik\",\"url\":\"https:\/\/waterpik.lt\/\",\"logo\":{\"@type\":\"ImageObject\",\"inLanguage\":\"lv-LV\",\"@id\":\"https:\/\/waterpik.lt\/#\/schema\/logo\/image\/\",\"url\":\"https:\/\/waterpik.lt\/wp-content\/uploads\/2019\/05\/WP-160.jpg\",\"contentUrl\":\"https:\/\/waterpik.lt\/wp-content\/uploads\/2019\/05\/WP-160.jpg\",\"width\":2048,\"height\":2048,\"caption\":\"Waterpik\"},\"image\":{\"@id\":\"https:\/\/waterpik.lt\/#\/schema\/logo\/image\/\"}}]}<\/script>\n<!-- \/ Yoast SEO plugin. -->","yoast_head_json":{"title":"Mutes irigators WF-05 Whitening Professional | Waterpik","description":"Uz\u0146\u0113mums nodarbojas ar zobu tehnikas un stomatolo\u0123isk\u0101 apr\u012bkojuma tirdzniec\u012bbu. Jau 20 gadu ir mutes irigatoru ra\u017eot\u0101ja \u201eWaterpik\u201c p\u0101rst\u0101vis Baltijas valst\u012bs.","robots":{"index":"index","follow":"follow","max-snippet":"max-snippet:-1","max-image-preview":"max-image-preview:large","max-video-preview":"max-video-preview:-1"},"canonical":"https:\/\/waterpik.lt\/lv\/produkt\/mutes-irigators-wf-05-whitening-professional\/","og_locale":"lv_LV","og_type":"article","og_title":"Mutes irigators WF-05 Whitening Professional | Waterpik","og_description":"Uz\u0146\u0113mums nodarbojas ar zobu tehnikas un stomatolo\u0123isk\u0101 apr\u012bkojuma tirdzniec\u012bbu. Jau 20 gadu ir mutes irigatoru ra\u017eot\u0101ja \u201eWaterpik\u201c p\u0101rst\u0101vis Baltijas valst\u012bs.","og_url":"https:\/\/waterpik.lt\/lv\/produkt\/mutes-irigators-wf-05-whitening-professional\/","og_site_name":"Waterpik","article_modified_time":"2025-12-16T13:56:59+00:00","og_image":[{"width":3000,"height":3000,"url":"https:\/\/waterpik.lt\/wp-content\/uploads\/2018\/11\/WF-05_Hero_Rendering_White.png","type":"image\/png"}],"twitter_card":"summary_large_image","twitter_misc":{"Est. reading time":"2 minutes"},"schema":{"@context":"https:\/\/schema.org","@graph":[{"@type":"WebPage","@id":"https:\/\/waterpik.lt\/lv\/produkt\/mutes-irigators-wf-05-whitening-professional\/","url":"https:\/\/waterpik.lt\/lv\/produkt\/mutes-irigators-wf-05-whitening-professional\/","name":"Mutes irigators WF-05 Whitening Professional | Waterpik","isPartOf":{"@id":"https:\/\/waterpik.lt\/#website"},"primaryImageOfPage":{"@id":"https:\/\/waterpik.lt\/lv\/produkt\/mutes-irigators-wf-05-whitening-professional\/#primaryimage"},"image":{"@id":"https:\/\/waterpik.lt\/lv\/produkt\/mutes-irigators-wf-05-whitening-professional\/#primaryimage"},"thumbnailUrl":"https:\/\/waterpik.lt\/wp-content\/uploads\/2018\/11\/WF-05_Hero_Rendering_White.png","datePublished":"2018-11-29T08:54:19+00:00","dateModified":"2025-12-16T13:56:59+00:00","description":"Uz\u0146\u0113mums nodarbojas ar zobu tehnikas un stomatolo\u0123isk\u0101 apr\u012bkojuma tirdzniec\u012bbu. Jau 20 gadu ir mutes irigatoru ra\u017eot\u0101ja \u201eWaterpik\u201c p\u0101rst\u0101vis Baltijas valst\u012bs.","breadcrumb":{"@id":"https:\/\/waterpik.lt\/lv\/produkt\/mutes-irigators-wf-05-whitening-professional\/#breadcrumb"},"inLanguage":"lv-LV","potentialAction":[{"@type":"ReadAction","target":["https:\/\/waterpik.lt\/lv\/produkt\/mutes-irigators-wf-05-whitening-professional\/"]}]},{"@type":"ImageObject","inLanguage":"lv-LV","@id":"https:\/\/waterpik.lt\/lv\/produkt\/mutes-irigators-wf-05-whitening-professional\/#primaryimage","url":"https:\/\/waterpik.lt\/wp-content\/uploads\/2018\/11\/WF-05_Hero_Rendering_White.png","contentUrl":"https:\/\/waterpik.lt\/wp-content\/uploads\/2018\/11\/WF-05_Hero_Rendering_White.png","width":3000,"height":3000},{"@type":"BreadcrumbList","@id":"https:\/\/waterpik.lt\/lv\/produkt\/mutes-irigators-wf-05-whitening-professional\/#breadcrumb","itemListElement":[{"@type":"ListItem","position":1,"name":"Titulinis","item":"https:\/\/waterpik.lt\/lv\/"},{"@type":"ListItem","position":2,"name":"Produkti","item":"https:\/\/waterpik.lt\/lv\/produkti\/"},{"@type":"ListItem","position":3,"name":"Mutes irigators WF-05 Whitening Professional"}]},{"@type":"WebSite","@id":"https:\/\/waterpik.lt\/#website","url":"https:\/\/waterpik.lt\/","name":"Waterpik","description":"Irigatoriai","publisher":{"@id":"https:\/\/waterpik.lt\/#organization"},"potentialAction":[{"@type":"SearchAction","target":{"@type":"EntryPoint","urlTemplate":"https:\/\/waterpik.lt\/?s={search_term_string}"},"query-input":{"@type":"PropertyValueSpecification","valueRequired":true,"valueName":"search_term_string"}}],"inLanguage":"lv-LV"},{"@type":"Organization","@id":"https:\/\/waterpik.lt\/#organization","name":"Waterpik","url":"https:\/\/waterpik.lt\/","logo":{"@type":"ImageObject","inLanguage":"lv-LV","@id":"https:\/\/waterpik.lt\/#\/schema\/logo\/image\/","url":"https:\/\/waterpik.lt\/wp-content\/uploads\/2019\/05\/WP-160.jpg","contentUrl":"https:\/\/waterpik.lt\/wp-content\/uploads\/2019\/05\/WP-160.jpg","width":2048,"height":2048,"caption":"Waterpik"},"image":{"@id":"https:\/\/waterpik.lt\/#\/schema\/logo\/image\/"}}]}},"_links":{"self":[{"href":"https:\/\/waterpik.lt\/lv\/wp-json\/wp\/v2\/product\/767","targetHints":{"allow":["GET"]}}],"collection":[{"href":"https:\/\/waterpik.lt\/lv\/wp-json\/wp\/v2\/product"}],"about":[{"href":"https:\/\/waterpik.lt\/lv\/wp-json\/wp\/v2\/types\/product"}],"wp:featuredmedia":[{"embeddable":true,"href":"https:\/\/waterpik.lt\/lv\/wp-json\/wp\/v2\/media\/768"}],"wp:attachment":[{"href":"https:\/\/waterpik.lt\/lv\/wp-json\/wp\/v2\/media?parent=767"}],"wp:term":[{"taxonomy":"product_brand","embeddable":true,"href":"https:\/\/waterpik.lt\/lv\/wp-json\/wp\/v2\/product_brand?post=767"},{"taxonomy":"product_cat","embeddable":true,"href":"https:\/\/waterpik.lt\/lv\/wp-json\/wp\/v2\/product_cat?post=767"},{"taxonomy":"product_tag","embeddable":true,"href":"https:\/\/waterpik.lt\/lv\/wp-json\/wp\/v2\/product_tag?post=767"}],"curies":[{"name":"wp","href":"https:\/\/api.w.org\/{rel}","templated":true}]}}