{"id":76602,"date":"2023-10-07T14:51:29","date_gmt":"2023-10-07T11:51:29","guid":{"rendered":"https:\/\/waterpik.lt\/?post_type=product&#038;p=76602"},"modified":"2026-02-25T11:03:51","modified_gmt":"2026-02-25T09:03:51","slug":"bezvadu-mutes-irigators-waterpik-wp-490","status":"publish","type":"product","link":"https:\/\/waterpik.lt\/lv\/produkt\/bezvadu-mutes-irigators-waterpik-wp-490\/","title":{"rendered":"Bezvadu mutes irigators Waterpik WP-490"},"content":{"rendered":"<div class=\"wpb-content-wrapper\"><p>[vc_row css_animation=&#8221;&#8221; row_type=&#8221;row&#8221; use_row_as_full_screen_section=&#8221;no&#8221; type=&#8221;full_width&#8221; angled_section=&#8221;no&#8221; text_align=&#8221;left&#8221; background_image_as_pattern=&#8221;without_pattern&#8221;][vc_column][vc_column_text css=&#8221;&#8221;]<\/p>\n<h3>Priek\u0161roc\u012bbas<\/h3>\n<ul>\n<li style=\"text-align: justify;\">Kl\u012bniski pier\u0101d\u012bts, ka smaganu kop\u0161ana ir divreiz efekt\u012bv\u0101ka nek\u0101 ar zobu diegu<\/li>\n<li style=\"text-align: justify;\">Likvid\u0113 bakt\u0113rijas no viet\u0101m, kur\u0101m gr\u016bti piek\u013c\u016bt ar suku vai zobu diegu, izt\u012bra zobstarpas un vietas zem smaganu l\u012bnijas<\/li>\n<li style=\"text-align: justify;\">Laboratorijas testos apstiprin\u0101ts, ka likvid\u0113 99,9% aplikuma no t\u012br\u0101m\u0101 zoba virsmas 3 sekun\u017eu laik\u0101<\/li>\n<li style=\"text-align: justify;\">Mas\u0113, stimul\u0113 un uzlabo smaganu asinsriti. Smaganas k\u013c\u016bst iztur\u012bg\u0101kas un vesel\u012bg\u0101kas<\/li>\n<li style=\"text-align: justify;\">J\u016btama mutes dobuma t\u012br\u012bba un svaigums<\/li>\n<\/ul>\n<h3>Produkta raksturojums<\/h3>\n<ul>\n<li>4 unik\u0101li uzga\u013ci<\/li>\n<li>Divk\u0101r\u0161a spiediena regul\u0113\u0161ana roktur\u012b<\/li>\n<li>\u012apa\u0161i klusa darb\u012bba<\/li>\n<li>Ergonomiski \u0161aurs rokturis<\/li>\n<li>Uzlabota uzga\u013ca rot\u0101cija 360 gr\u0101du le\u0146\u0137\u012b<\/li>\n<li>Piem\u0113rots ce\u013co\u0161anai<\/li>\n<li>Uzl\u0101d\u0113\u0161anas kabelis ar diviem kontaktiem un USB-A (nomin\u0101lais 5,0 V l\u012bdzstr\u0101vas spriegums, 1,0 A), uzl\u0101d\u0113 no kl\u0113pjdatora, baro\u0161anas bankas vai sienas adaptera<\/li>\n<li>Uzl\u0101d\u0113jams, nav nepiecie\u0161ami elementi<\/li>\n<li>Tvertnes ietilp\u012bba: 210 ml (45 s)<\/li>\n<li>Var lietot kop\u0101 ar iecien\u012bto mutes skalojamo l\u012bdzekli<\/li>\n<li>Divu gadu garantija<\/li>\n<\/ul>\n<h3>Komplekt\u0101:<\/h3>\n<ul>\n<li style=\"text-align: justify;\">Standarta uzgalis JT, 1 gab. Dzi\u013ci t\u012bra zobstarpas, mas\u0113 smaganas un r\u016bp\u0113jas par smaganu vesel\u012bbu<\/li>\n<li style=\"text-align: justify;\">Ortodontiskais uzgalis OD, 1 gab. Izt\u012bra gr\u016bti sasniedzamas vietas ap breket\u0113m un cit\u0101m prot\u0113z\u0113m<\/li>\n<li style=\"text-align: justify;\">Plaque Seeker\u2122 Tip PS, 1 gab. Tr\u012bs pl\u0101ni saru k\u016bl\u012b\u0161i no\u0146em zobu aplikumu no gr\u016bti sasniedzam\u0101m viet\u0101m un ir \u012bpa\u0161i piem\u0113roti implantu kop\u0161anai<\/li>\n<li style=\"text-align: justify;\">M\u0113les t\u012br\u012bt\u0101js TC, 1 gab. No\u0146em bakt\u0113rijas, kas izraisa sliktu elpu<\/li>\n<\/ul>\n<p>[\/vc_column_text][\/vc_column][\/vc_row]<\/p>\n<\/div>","protected":false},"excerpt":{"rendered":"<p style=\"text-align: justify;\">Viegl\u0101ka un efekt\u012bv\u0101ka zobstarpu kop\u0161ana nek\u0101 t\u012brot ar zobu diegu. Bezvadu irigators lieliski no\u0146em aplikumu no zobstarp\u0101m un zem smagan\u0101m. Divl\u012bme\u0146u \u016bdens pl\u016bsma \u013cauj veikt gan saudz\u012bgu t\u012br\u012b\u0161anu, gan efekt\u012bvi izt\u012br\u012bt vietas, kur\u0101m gr\u016bti piek\u013c\u016bt ar birsti vai zobu diegu. \u010cetri unik\u0101li uzga\u013ci un bezvadu dizains j\u016bsu mobilit\u0101tei un \u0113rt\u012bb\u0101m. WP-490 ir ide\u0101ls cilv\u0113kiem, kuriem nepat\u012bk zobu diegs, k\u0101 ar\u012b tiem, kuriem ir breketes, implanti, met\u0101la keramikas kro\u0146i vai lieli tilti, vai periodonta kabatas.<\/p>\n<p><b><\/b><br \/>\n<a href=\"\/wp-content\/uploads\/2018\/12\/WP-450-lietuviska-instrukcija.pdf\" target=\"_blank\" rel=\"noopener\"><img loading=\"lazy\" decoding=\"async\" class=\"alignnone wp-image-433\" src=\"https:\/\/waterpik.lt\/wp-content\/uploads\/2018\/11\/download.png\" alt=\"\" width=\"128\" height=\"41\" \/><\/a><\/p>\n<p>&nbsp;<\/p>\n<div class=\"qbutton default\">[spu popup=\"862\"]PAS\u016aT\u012aT[\/spu]<\/div>\n","protected":false},"featured_media":198966,"template":"","meta":{"inline_featured_image":false},"product_brand":[],"product_cat":[57],"product_tag":[],"class_list":{"0":"post-76602","1":"product","2":"type-product","3":"status-publish","4":"has-post-thumbnail","6":"product_cat-bezvadu-mutes-irigatori","8":"first","9":"instock","10":"sale","11":"taxable","12":"shipping-taxable","13":"purchasable","14":"product-type-simple"},"yoast_head":"<!-- This site is optimized with the Yoast SEO plugin v24.6 - https:\/\/yoast.com\/wordpress\/plugins\/seo\/ -->\n<title>Bezvadu mutes irigators Waterpik WP-490 | Waterpik<\/title>\n<meta name=\"description\" content=\"Uz\u0146\u0113mums nodarbojas ar zobu tehnikas un stomatolo\u0123isk\u0101 apr\u012bkojuma tirdzniec\u012bbu. Jau 20 gadu ir mutes irigatoru ra\u017eot\u0101ja \u201eWaterpik\u201c p\u0101rst\u0101vis Baltijas valst\u012bs.\" \/>\n<meta name=\"robots\" content=\"index, follow, max-snippet:-1, max-image-preview:large, max-video-preview:-1\" \/>\n<link rel=\"canonical\" href=\"https:\/\/waterpik.lt\/lv\/produkt\/bezvadu-mutes-irigators-waterpik-wp-490\/\" \/>\n<meta property=\"og:locale\" content=\"lv_LV\" \/>\n<meta property=\"og:type\" content=\"article\" \/>\n<meta property=\"og:title\" content=\"Bezvadu mutes irigators Waterpik WP-490 | Waterpik\" \/>\n<meta property=\"og:description\" content=\"Uz\u0146\u0113mums nodarbojas ar zobu tehnikas un stomatolo\u0123isk\u0101 apr\u012bkojuma tirdzniec\u012bbu. Jau 20 gadu ir mutes irigatoru ra\u017eot\u0101ja \u201eWaterpik\u201c p\u0101rst\u0101vis Baltijas valst\u012bs.\" \/>\n<meta property=\"og:url\" content=\"https:\/\/waterpik.lt\/lv\/produkt\/bezvadu-mutes-irigators-waterpik-wp-490\/\" \/>\n<meta property=\"og:site_name\" content=\"Waterpik\" \/>\n<meta property=\"article:modified_time\" content=\"2026-02-25T09:03:51+00:00\" \/>\n<meta property=\"og:image\" content=\"https:\/\/waterpik.lt\/wp-content\/uploads\/2023\/10\/Waterpik-Cordless-Plus-WP-450-Proud-hero-shot-with-shadow--scaled.jpg\" \/>\n\t<meta property=\"og:image:width\" content=\"2560\" \/>\n\t<meta property=\"og:image:height\" content=\"2560\" \/>\n\t<meta property=\"og:image:type\" content=\"image\/jpeg\" \/>\n<meta name=\"twitter:card\" content=\"summary_large_image\" \/>\n<meta name=\"twitter:label1\" content=\"Est. reading time\" \/>\n\t<meta name=\"twitter:data1\" content=\"2 minutes\" \/>\n<script type=\"application\/ld+json\" class=\"yoast-schema-graph\">{\"@context\":\"https:\/\/schema.org\",\"@graph\":[{\"@type\":\"WebPage\",\"@id\":\"https:\/\/waterpik.lt\/lv\/produkt\/bezvadu-mutes-irigators-waterpik-wp-490\/\",\"url\":\"https:\/\/waterpik.lt\/lv\/produkt\/bezvadu-mutes-irigators-waterpik-wp-490\/\",\"name\":\"Bezvadu mutes irigators Waterpik WP-490 | Waterpik\",\"isPartOf\":{\"@id\":\"https:\/\/waterpik.lt\/#website\"},\"primaryImageOfPage\":{\"@id\":\"https:\/\/waterpik.lt\/lv\/produkt\/bezvadu-mutes-irigators-waterpik-wp-490\/#primaryimage\"},\"image\":{\"@id\":\"https:\/\/waterpik.lt\/lv\/produkt\/bezvadu-mutes-irigators-waterpik-wp-490\/#primaryimage\"},\"thumbnailUrl\":\"https:\/\/waterpik.lt\/wp-content\/uploads\/2023\/10\/Waterpik-Cordless-Plus-WP-450-Proud-hero-shot-with-shadow--scaled.jpg\",\"datePublished\":\"2023-10-07T11:51:29+00:00\",\"dateModified\":\"2026-02-25T09:03:51+00:00\",\"description\":\"Uz\u0146\u0113mums nodarbojas ar zobu tehnikas un stomatolo\u0123isk\u0101 apr\u012bkojuma tirdzniec\u012bbu. Jau 20 gadu ir mutes irigatoru ra\u017eot\u0101ja \u201eWaterpik\u201c p\u0101rst\u0101vis Baltijas valst\u012bs.\",\"breadcrumb\":{\"@id\":\"https:\/\/waterpik.lt\/lv\/produkt\/bezvadu-mutes-irigators-waterpik-wp-490\/#breadcrumb\"},\"inLanguage\":\"lv-LV\",\"potentialAction\":[{\"@type\":\"ReadAction\",\"target\":[\"https:\/\/waterpik.lt\/lv\/produkt\/bezvadu-mutes-irigators-waterpik-wp-490\/\"]}]},{\"@type\":\"ImageObject\",\"inLanguage\":\"lv-LV\",\"@id\":\"https:\/\/waterpik.lt\/lv\/produkt\/bezvadu-mutes-irigators-waterpik-wp-490\/#primaryimage\",\"url\":\"https:\/\/waterpik.lt\/wp-content\/uploads\/2023\/10\/Waterpik-Cordless-Plus-WP-450-Proud-hero-shot-with-shadow--scaled.jpg\",\"contentUrl\":\"https:\/\/waterpik.lt\/wp-content\/uploads\/2023\/10\/Waterpik-Cordless-Plus-WP-450-Proud-hero-shot-with-shadow--scaled.jpg\",\"width\":2560,\"height\":2560},{\"@type\":\"BreadcrumbList\",\"@id\":\"https:\/\/waterpik.lt\/lv\/produkt\/bezvadu-mutes-irigators-waterpik-wp-490\/#breadcrumb\",\"itemListElement\":[{\"@type\":\"ListItem\",\"position\":1,\"name\":\"Titulinis\",\"item\":\"https:\/\/waterpik.lt\/lv\/\"},{\"@type\":\"ListItem\",\"position\":2,\"name\":\"Produkti\",\"item\":\"https:\/\/waterpik.lt\/lv\/produkti\/\"},{\"@type\":\"ListItem\",\"position\":3,\"name\":\"Bezvadu mutes irigators Waterpik WP-490\"}]},{\"@type\":\"WebSite\",\"@id\":\"https:\/\/waterpik.lt\/#website\",\"url\":\"https:\/\/waterpik.lt\/\",\"name\":\"Waterpik\",\"description\":\"Irigatoriai\",\"publisher\":{\"@id\":\"https:\/\/waterpik.lt\/#organization\"},\"potentialAction\":[{\"@type\":\"SearchAction\",\"target\":{\"@type\":\"EntryPoint\",\"urlTemplate\":\"https:\/\/waterpik.lt\/?s={search_term_string}\"},\"query-input\":{\"@type\":\"PropertyValueSpecification\",\"valueRequired\":true,\"valueName\":\"search_term_string\"}}],\"inLanguage\":\"lv-LV\"},{\"@type\":\"Organization\",\"@id\":\"https:\/\/waterpik.lt\/#organization\",\"name\":\"Waterpik\",\"url\":\"https:\/\/waterpik.lt\/\",\"logo\":{\"@type\":\"ImageObject\",\"inLanguage\":\"lv-LV\",\"@id\":\"https:\/\/waterpik.lt\/#\/schema\/logo\/image\/\",\"url\":\"https:\/\/waterpik.lt\/wp-content\/uploads\/2019\/05\/WP-160.jpg\",\"contentUrl\":\"https:\/\/waterpik.lt\/wp-content\/uploads\/2019\/05\/WP-160.jpg\",\"width\":2048,\"height\":2048,\"caption\":\"Waterpik\"},\"image\":{\"@id\":\"https:\/\/waterpik.lt\/#\/schema\/logo\/image\/\"}}]}<\/script>\n<!-- \/ Yoast SEO plugin. -->","yoast_head_json":{"title":"Bezvadu mutes irigators Waterpik WP-490 | Waterpik","description":"Uz\u0146\u0113mums nodarbojas ar zobu tehnikas un stomatolo\u0123isk\u0101 apr\u012bkojuma tirdzniec\u012bbu. Jau 20 gadu ir mutes irigatoru ra\u017eot\u0101ja \u201eWaterpik\u201c p\u0101rst\u0101vis Baltijas valst\u012bs.","robots":{"index":"index","follow":"follow","max-snippet":"max-snippet:-1","max-image-preview":"max-image-preview:large","max-video-preview":"max-video-preview:-1"},"canonical":"https:\/\/waterpik.lt\/lv\/produkt\/bezvadu-mutes-irigators-waterpik-wp-490\/","og_locale":"lv_LV","og_type":"article","og_title":"Bezvadu mutes irigators Waterpik WP-490 | Waterpik","og_description":"Uz\u0146\u0113mums nodarbojas ar zobu tehnikas un stomatolo\u0123isk\u0101 apr\u012bkojuma tirdzniec\u012bbu. Jau 20 gadu ir mutes irigatoru ra\u017eot\u0101ja \u201eWaterpik\u201c p\u0101rst\u0101vis Baltijas valst\u012bs.","og_url":"https:\/\/waterpik.lt\/lv\/produkt\/bezvadu-mutes-irigators-waterpik-wp-490\/","og_site_name":"Waterpik","article_modified_time":"2026-02-25T09:03:51+00:00","og_image":[{"width":2560,"height":2560,"url":"https:\/\/waterpik.lt\/wp-content\/uploads\/2023\/10\/Waterpik-Cordless-Plus-WP-450-Proud-hero-shot-with-shadow--scaled.jpg","type":"image\/jpeg"}],"twitter_card":"summary_large_image","twitter_misc":{"Est. reading time":"2 minutes"},"schema":{"@context":"https:\/\/schema.org","@graph":[{"@type":"WebPage","@id":"https:\/\/waterpik.lt\/lv\/produkt\/bezvadu-mutes-irigators-waterpik-wp-490\/","url":"https:\/\/waterpik.lt\/lv\/produkt\/bezvadu-mutes-irigators-waterpik-wp-490\/","name":"Bezvadu mutes irigators Waterpik WP-490 | Waterpik","isPartOf":{"@id":"https:\/\/waterpik.lt\/#website"},"primaryImageOfPage":{"@id":"https:\/\/waterpik.lt\/lv\/produkt\/bezvadu-mutes-irigators-waterpik-wp-490\/#primaryimage"},"image":{"@id":"https:\/\/waterpik.lt\/lv\/produkt\/bezvadu-mutes-irigators-waterpik-wp-490\/#primaryimage"},"thumbnailUrl":"https:\/\/waterpik.lt\/wp-content\/uploads\/2023\/10\/Waterpik-Cordless-Plus-WP-450-Proud-hero-shot-with-shadow--scaled.jpg","datePublished":"2023-10-07T11:51:29+00:00","dateModified":"2026-02-25T09:03:51+00:00","description":"Uz\u0146\u0113mums nodarbojas ar zobu tehnikas un stomatolo\u0123isk\u0101 apr\u012bkojuma tirdzniec\u012bbu. Jau 20 gadu ir mutes irigatoru ra\u017eot\u0101ja \u201eWaterpik\u201c p\u0101rst\u0101vis Baltijas valst\u012bs.","breadcrumb":{"@id":"https:\/\/waterpik.lt\/lv\/produkt\/bezvadu-mutes-irigators-waterpik-wp-490\/#breadcrumb"},"inLanguage":"lv-LV","potentialAction":[{"@type":"ReadAction","target":["https:\/\/waterpik.lt\/lv\/produkt\/bezvadu-mutes-irigators-waterpik-wp-490\/"]}]},{"@type":"ImageObject","inLanguage":"lv-LV","@id":"https:\/\/waterpik.lt\/lv\/produkt\/bezvadu-mutes-irigators-waterpik-wp-490\/#primaryimage","url":"https:\/\/waterpik.lt\/wp-content\/uploads\/2023\/10\/Waterpik-Cordless-Plus-WP-450-Proud-hero-shot-with-shadow--scaled.jpg","contentUrl":"https:\/\/waterpik.lt\/wp-content\/uploads\/2023\/10\/Waterpik-Cordless-Plus-WP-450-Proud-hero-shot-with-shadow--scaled.jpg","width":2560,"height":2560},{"@type":"BreadcrumbList","@id":"https:\/\/waterpik.lt\/lv\/produkt\/bezvadu-mutes-irigators-waterpik-wp-490\/#breadcrumb","itemListElement":[{"@type":"ListItem","position":1,"name":"Titulinis","item":"https:\/\/waterpik.lt\/lv\/"},{"@type":"ListItem","position":2,"name":"Produkti","item":"https:\/\/waterpik.lt\/lv\/produkti\/"},{"@type":"ListItem","position":3,"name":"Bezvadu mutes irigators Waterpik WP-490"}]},{"@type":"WebSite","@id":"https:\/\/waterpik.lt\/#website","url":"https:\/\/waterpik.lt\/","name":"Waterpik","description":"Irigatoriai","publisher":{"@id":"https:\/\/waterpik.lt\/#organization"},"potentialAction":[{"@type":"SearchAction","target":{"@type":"EntryPoint","urlTemplate":"https:\/\/waterpik.lt\/?s={search_term_string}"},"query-input":{"@type":"PropertyValueSpecification","valueRequired":true,"valueName":"search_term_string"}}],"inLanguage":"lv-LV"},{"@type":"Organization","@id":"https:\/\/waterpik.lt\/#organization","name":"Waterpik","url":"https:\/\/waterpik.lt\/","logo":{"@type":"ImageObject","inLanguage":"lv-LV","@id":"https:\/\/waterpik.lt\/#\/schema\/logo\/image\/","url":"https:\/\/waterpik.lt\/wp-content\/uploads\/2019\/05\/WP-160.jpg","contentUrl":"https:\/\/waterpik.lt\/wp-content\/uploads\/2019\/05\/WP-160.jpg","width":2048,"height":2048,"caption":"Waterpik"},"image":{"@id":"https:\/\/waterpik.lt\/#\/schema\/logo\/image\/"}}]}},"_links":{"self":[{"href":"https:\/\/waterpik.lt\/lv\/wp-json\/wp\/v2\/product\/76602","targetHints":{"allow":["GET"]}}],"collection":[{"href":"https:\/\/waterpik.lt\/lv\/wp-json\/wp\/v2\/product"}],"about":[{"href":"https:\/\/waterpik.lt\/lv\/wp-json\/wp\/v2\/types\/product"}],"wp:featuredmedia":[{"embeddable":true,"href":"https:\/\/waterpik.lt\/lv\/wp-json\/wp\/v2\/media\/198966"}],"wp:attachment":[{"href":"https:\/\/waterpik.lt\/lv\/wp-json\/wp\/v2\/media?parent=76602"}],"wp:term":[{"taxonomy":"product_brand","embeddable":true,"href":"https:\/\/waterpik.lt\/lv\/wp-json\/wp\/v2\/product_brand?post=76602"},{"taxonomy":"product_cat","embeddable":true,"href":"https:\/\/waterpik.lt\/lv\/wp-json\/wp\/v2\/product_cat?post=76602"},{"taxonomy":"product_tag","embeddable":true,"href":"https:\/\/waterpik.lt\/lv\/wp-json\/wp\/v2\/product_tag?post=76602"}],"curies":[{"name":"wp","href":"https:\/\/api.w.org\/{rel}","templated":true}]}}