{"id":7185,"date":"2019-10-27T14:34:45","date_gmt":"2019-10-24T11:41:21","guid":{"rendered":"https:\/\/waterpik.lt\/?post_type=product&#038;p=7185"},"modified":"2025-12-16T15:49:43","modified_gmt":"2025-12-16T13:49:43","slug":"mutes-irigators-complete-care-cc-01","status":"publish","type":"product","link":"https:\/\/waterpik.lt\/lv\/produkt\/mutes-irigators-complete-care-cc-01\/","title":{"rendered":"Mutes irigators Complete Care CC-01"},"content":{"rendered":"<div class=\"wpb-content-wrapper\"><p>[vc_row css_animation=&#8221;&#8221; row_type=&#8221;row&#8221; use_row_as_full_screen_section=&#8221;no&#8221; type=&#8221;full_width&#8221; angled_section=&#8221;no&#8221; text_align=&#8221;left&#8221; background_image_as_pattern=&#8221;without_pattern&#8221;][vc_column][vc_column_text css=&#8221;&#8221;]<\/p>\n<h3>Mutes irigatora priek\u0161roc\u012bbas<\/h3>\n<ul>\n<li>Efekt\u012bvi no\u0146em aplikumu: no t\u012br\u0101maj\u0101m viet\u0101m no\u0146em l\u012bdz pat\u00a099,9 % aplikuma<\/li>\n<li>Vesel\u012bg\u0101kas smaganas: kl\u012bniski pier\u0101d\u012bts, ka l\u012bdz 50\u00a0% iedarb\u012bg\u0101k\u00a0uzlabo smaganu st\u0101vokli, sal\u012bdzinot ar zobu diegu<\/li>\n<li>Lieliski piem\u0113rots implantu kop\u0161anai: kl\u012bniski pier\u0101d\u012bts, ka, lietojot \u201cPlaque Seeker\u00ae\u201d uzgali, smaganu st\u0101voklis ap implantiem tiek uzlabots l\u012bdz pat div\u0101m reiz\u0113m efekt\u012bv\u0101k, sal\u012bdzinot ar zobu diegu<\/li>\n<li>Nepiecie\u0161ams, ja n\u0113s\u0101 breketes: kl\u012bniski pier\u0101d\u012bts, ka, lietojot ortodontisko uzgali, aplikums ap breket\u0113m tiek no\u0146emts l\u012bdz pat trim reiz\u0113m efekt\u012bv\u0101k, sal\u012bdzinot ar zobu diegu<\/li>\n<\/ul>\n<h3>\u201dTriple Sonic\u201c priek\u0161roc\u012bbas<\/h3>\n<ul>\n<li>No\u0146em plankumus: kl\u012bniski pier\u0101d\u012bts, ka no\u0146em\u00a0devi\u0146as reizes vair\u0101k plankumu\u00a0nek\u0101 parast\u0101 zobu suka<\/li>\n<li>Progres\u012bvas formas zobu sukas galvi\u0146a ar m\u0113les t\u012br\u012bt\u0101ju<\/li>\n<li>Papla\u0161in\u0101tais uzl\u0101des indikators sniedz skaidru inform\u0101ciju par uzl\u0101des l\u012bmeni<\/li>\n<li class=\"flix-d-p\">L\u012bdz 62 000 birstes kust\u012bbu\/min<\/li>\n<li>Tr\u012bs ska\u0146as re\u017e\u012bmi<\/li>\n<li>T\u012br\u012b\u0161anas re\u017e\u012bms nevainojamai ikdienas t\u012br\u012b\u0161anai<\/li>\n<li>Balin\u0101\u0161anas re\u017e\u012bms saudz\u012bgai plankumu no\u0146em\u0161anai no zobu virsmas un dabiskai zobu balin\u0101\u0161anai<\/li>\n<li>Mas\u0101\u017eas re\u017e\u012bms smaganu asinsrites stimul\u0113\u0161anas uzlabo\u0161anai<\/li>\n<\/ul>\n<h3>Mutes irigatora\u00a0raksturojums<\/h3>\n<ul>\n<li>Pieci mutes irigatora uzga\u013ci: 2JT, 1OD, 1PS, 1PP<\/li>\n<li>Uzga\u013cu futr\u0101lis<\/li>\n<li>\u016adens str\u016bklas sl\u0113dzis uz roktura<\/li>\n<li>Var lietot ar iecien\u012bto mutes skalojamo l\u012bdzekli<\/li>\n<li>Progres\u012bva spiediena vad\u012bbas sist\u0113ma ar 10 re\u017e\u012bmiem<\/li>\n<li>\u016adens tvertne, ar kuru pietiek vair\u0101k nek\u0101 90 sekund\u0113m<\/li>\n<li>Groz\u0101ms rokturis<\/li>\n<li>Magn\u0113tisks roktura tur\u0113t\u0101js<\/li>\n<\/ul>\n<h3>Zobu sukas \u201cTriple Sonic\u201d raksturojums<\/h3>\n<ul>\n<li>Divas \u201cTriple Sonic\u201d zobu sukas galvi\u0146as<\/li>\n<li>Divu min\u016b\u0161u taimeris ar 30 sekun\u017eu ceturk\u0161\u0146a interv\u0101liem<\/li>\n<li class=\"flix-d-p\">L\u012bdz 62 000 birstes kust\u012bbu\/min<\/li>\n<li>Tr\u012bs ska\u0146as re\u017e\u012bmi<\/li>\n<li>Augst\u0101k\u0101s kvalit\u0101tes zobu sukas ce\u013cojumu futr\u0101lis<\/li>\n<li>Papla\u0161in\u0101ts uzl\u0101des indikators<\/li>\n<\/ul>\n<h3>\u201dComplete Care\u201d raksturojums<\/h3>\n<ul>\n<li>Divu gadu garantija<\/li>\n<li>Nepiecie\u0161ama tikai viena str\u0101vas kontaktligzda<\/li>\n<li>Kompakts<\/li>\n<\/ul>\n<p>[\/vc_column_text][\/vc_column][\/vc_row]<\/p>\n<\/div>","protected":false},"excerpt":{"rendered":"<p><b>Uzman\u012bbu! Modelis Waterpik CC-01 ofici\u0101li ir aizst\u0101ts ar jaunu modeli Waterpik CC-04<\/b><\/p>\n<p><a href=\"https:\/\/waterpik.lt\/lv\/produkt\/mutes-irigators-complete-care-cc-04\/\"><span style=\"color: #ff0000;\"><u><b>Jauno modeli varat ieg\u0101d\u0101ties \u0161eit<\/b><\/u><\/span><\/a><\/p>\n<p>\u201dComplete Care\u201d ir produkts, ar kuru varat \u012bstenot visas zobu t\u012br\u012b\u0161anas ar zobu suku un zobstarpu t\u012br\u012b\u0161anas vajadz\u012bbas. Lai ietaup\u012btu vietu, \u0161aj\u0101 \u012bpa\u0161i kompaktaj\u0101 model\u012b vien\u0101 \u0113rt\u0101 ier\u012bc\u0113 apvienota sonisk\u0101\u00a0zobu suka un mutes irigators.<br \/>\nJ\u016bsu \u0113rt\u012bb\u0101m sonisk\u0101 zobu suka darbojas tr\u012bs t\u012br\u012b\u0161anas re\u017e\u012bmos, bet mutes irigators aizsniedz gr\u016bti sasniedzamas vietas starp zobiem un zem smaganu l\u012bnijas, no\u0146emot aplikumu un p\u0101rtikas atlikumus, kas paliku\u0161i p\u0113c zobu t\u012br\u012b\u0161anas. \u0160\u012b mode\u013ca komplekt\u0101cij\u0101 iek\u013cauti 5 uzga\u013ci zobstarpu t\u012br\u012b\u0161anai un 2 zobu sukas galvi\u0146as, tam ir divu gadu garantija.<br \/>\n\u201dWaterpik\u00ae\u201d visvair\u0101k rekomend\u0101ciju sa\u0146\u0113mu\u0161ais mutes irigatoru z\u012bmols. Kl\u012bniski pier\u0101d\u012bts, ka smaganu apr\u016bpe tiek veikta l\u012bdz pat 50\u00a0% efekt\u012bv\u0101k, nek\u0101 lietojot zobu diegu, jo no t\u012br\u0101maj\u0101m viet\u0101m tiek not\u012br\u012bti l\u012bdz pat 99,9\u00a0% aplikuma.<\/p>\n<p>&nbsp;<\/p>\n<p><iframe loading=\"lazy\" src=\"https:\/\/www.youtube.com\/embed\/XLXx_nKrAeE\" width=\"100%\" height=\"315\" frameborder=\"0\" allowfullscreen=\"allowfullscreen\"><\/iframe><\/p>\n<p>&nbsp;<\/p>\n<p><a href=\"\/wp-content\/uploads\/2018\/12\/Waterpik-WP-861-LT.pdf\" target=\"_blank\" rel=\"noopener\"><img loading=\"lazy\" decoding=\"async\" class=\"alignnone wp-image-433\" src=\"https:\/\/waterpik.lt\/wp-content\/uploads\/2018\/11\/download.png\" alt=\"\" width=\"128\" height=\"41\" \/><\/a><\/p>\n<p>&nbsp;<\/p>\n<div class=\"qbutton default\">[spu popup=\"862\"]PAS\u016aT\u012aT[\/spu]<\/div>\n","protected":false},"featured_media":70588,"template":"","meta":{"inline_featured_image":false},"product_brand":[],"product_cat":[55],"product_tag":[],"class_list":{"0":"post-7185","1":"product","2":"type-product","3":"status-publish","4":"has-post-thumbnail","6":"product_cat-mutes-irigatori","8":"first","9":"outofstock","10":"taxable","11":"shipping-taxable","12":"purchasable","13":"product-type-simple"},"yoast_head":"<!-- This site is optimized with the Yoast SEO plugin v24.6 - https:\/\/yoast.com\/wordpress\/plugins\/seo\/ -->\n<title>Mutes irigators Complete Care CC-01 | Waterpik<\/title>\n<meta name=\"description\" content=\"Uz\u0146\u0113mums nodarbojas ar zobu tehnikas un stomatolo\u0123isk\u0101 apr\u012bkojuma tirdzniec\u012bbu. Jau 20 gadu ir mutes irigatoru ra\u017eot\u0101ja \u201eWaterpik\u201c p\u0101rst\u0101vis Baltijas valst\u012bs.\" \/>\n<meta name=\"robots\" content=\"index, follow, max-snippet:-1, max-image-preview:large, max-video-preview:-1\" \/>\n<link rel=\"canonical\" href=\"https:\/\/waterpik.lt\/lv\/produkt\/mutes-irigators-complete-care-cc-01\/\" \/>\n<meta property=\"og:locale\" content=\"lv_LV\" \/>\n<meta property=\"og:type\" content=\"article\" \/>\n<meta property=\"og:title\" content=\"Mutes irigators Complete Care CC-01 | Waterpik\" \/>\n<meta property=\"og:description\" content=\"Uz\u0146\u0113mums nodarbojas ar zobu tehnikas un stomatolo\u0123isk\u0101 apr\u012bkojuma tirdzniec\u012bbu. Jau 20 gadu ir mutes irigatoru ra\u017eot\u0101ja \u201eWaterpik\u201c p\u0101rst\u0101vis Baltijas valst\u012bs.\" \/>\n<meta property=\"og:url\" content=\"https:\/\/waterpik.lt\/lv\/produkt\/mutes-irigators-complete-care-cc-01\/\" \/>\n<meta property=\"og:site_name\" content=\"Waterpik\" \/>\n<meta property=\"article:modified_time\" content=\"2025-12-16T13:49:43+00:00\" \/>\n<meta property=\"og:image\" content=\"https:\/\/waterpik.lt\/wp-content\/uploads\/2019\/10\/cc-lv.png\" \/>\n\t<meta property=\"og:image:width\" content=\"600\" \/>\n\t<meta property=\"og:image:height\" content=\"600\" \/>\n\t<meta property=\"og:image:type\" content=\"image\/png\" \/>\n<meta name=\"twitter:card\" content=\"summary_large_image\" \/>\n<meta name=\"twitter:label1\" content=\"Est. reading time\" \/>\n\t<meta name=\"twitter:data1\" content=\"2 minutes\" \/>\n<script type=\"application\/ld+json\" class=\"yoast-schema-graph\">{\"@context\":\"https:\/\/schema.org\",\"@graph\":[{\"@type\":\"WebPage\",\"@id\":\"https:\/\/waterpik.lt\/lv\/produkt\/mutes-irigators-complete-care-cc-01\/\",\"url\":\"https:\/\/waterpik.lt\/lv\/produkt\/mutes-irigators-complete-care-cc-01\/\",\"name\":\"Mutes irigators Complete Care CC-01 | Waterpik\",\"isPartOf\":{\"@id\":\"https:\/\/waterpik.lt\/#website\"},\"primaryImageOfPage\":{\"@id\":\"https:\/\/waterpik.lt\/lv\/produkt\/mutes-irigators-complete-care-cc-01\/#primaryimage\"},\"image\":{\"@id\":\"https:\/\/waterpik.lt\/lv\/produkt\/mutes-irigators-complete-care-cc-01\/#primaryimage\"},\"thumbnailUrl\":\"https:\/\/waterpik.lt\/wp-content\/uploads\/2019\/10\/cc-lv.png\",\"datePublished\":\"2019-10-24T11:41:21+00:00\",\"dateModified\":\"2025-12-16T13:49:43+00:00\",\"description\":\"Uz\u0146\u0113mums nodarbojas ar zobu tehnikas un stomatolo\u0123isk\u0101 apr\u012bkojuma tirdzniec\u012bbu. Jau 20 gadu ir mutes irigatoru ra\u017eot\u0101ja \u201eWaterpik\u201c p\u0101rst\u0101vis Baltijas valst\u012bs.\",\"breadcrumb\":{\"@id\":\"https:\/\/waterpik.lt\/lv\/produkt\/mutes-irigators-complete-care-cc-01\/#breadcrumb\"},\"inLanguage\":\"lv-LV\",\"potentialAction\":[{\"@type\":\"ReadAction\",\"target\":[\"https:\/\/waterpik.lt\/lv\/produkt\/mutes-irigators-complete-care-cc-01\/\"]}]},{\"@type\":\"ImageObject\",\"inLanguage\":\"lv-LV\",\"@id\":\"https:\/\/waterpik.lt\/lv\/produkt\/mutes-irigators-complete-care-cc-01\/#primaryimage\",\"url\":\"https:\/\/waterpik.lt\/wp-content\/uploads\/2019\/10\/cc-lv.png\",\"contentUrl\":\"https:\/\/waterpik.lt\/wp-content\/uploads\/2019\/10\/cc-lv.png\",\"width\":600,\"height\":600},{\"@type\":\"BreadcrumbList\",\"@id\":\"https:\/\/waterpik.lt\/lv\/produkt\/mutes-irigators-complete-care-cc-01\/#breadcrumb\",\"itemListElement\":[{\"@type\":\"ListItem\",\"position\":1,\"name\":\"Titulinis\",\"item\":\"https:\/\/waterpik.lt\/lv\/\"},{\"@type\":\"ListItem\",\"position\":2,\"name\":\"Produkti\",\"item\":\"https:\/\/waterpik.lt\/lv\/produkti\/\"},{\"@type\":\"ListItem\",\"position\":3,\"name\":\"Mutes irigators Complete Care CC-01\"}]},{\"@type\":\"WebSite\",\"@id\":\"https:\/\/waterpik.lt\/#website\",\"url\":\"https:\/\/waterpik.lt\/\",\"name\":\"Waterpik\",\"description\":\"Irigatoriai\",\"publisher\":{\"@id\":\"https:\/\/waterpik.lt\/#organization\"},\"potentialAction\":[{\"@type\":\"SearchAction\",\"target\":{\"@type\":\"EntryPoint\",\"urlTemplate\":\"https:\/\/waterpik.lt\/?s={search_term_string}\"},\"query-input\":{\"@type\":\"PropertyValueSpecification\",\"valueRequired\":true,\"valueName\":\"search_term_string\"}}],\"inLanguage\":\"lv-LV\"},{\"@type\":\"Organization\",\"@id\":\"https:\/\/waterpik.lt\/#organization\",\"name\":\"Waterpik\",\"url\":\"https:\/\/waterpik.lt\/\",\"logo\":{\"@type\":\"ImageObject\",\"inLanguage\":\"lv-LV\",\"@id\":\"https:\/\/waterpik.lt\/#\/schema\/logo\/image\/\",\"url\":\"https:\/\/waterpik.lt\/wp-content\/uploads\/2019\/05\/WP-160.jpg\",\"contentUrl\":\"https:\/\/waterpik.lt\/wp-content\/uploads\/2019\/05\/WP-160.jpg\",\"width\":2048,\"height\":2048,\"caption\":\"Waterpik\"},\"image\":{\"@id\":\"https:\/\/waterpik.lt\/#\/schema\/logo\/image\/\"}}]}<\/script>\n<!-- \/ Yoast SEO plugin. -->","yoast_head_json":{"title":"Mutes irigators Complete Care CC-01 | Waterpik","description":"Uz\u0146\u0113mums nodarbojas ar zobu tehnikas un stomatolo\u0123isk\u0101 apr\u012bkojuma tirdzniec\u012bbu. Jau 20 gadu ir mutes irigatoru ra\u017eot\u0101ja \u201eWaterpik\u201c p\u0101rst\u0101vis Baltijas valst\u012bs.","robots":{"index":"index","follow":"follow","max-snippet":"max-snippet:-1","max-image-preview":"max-image-preview:large","max-video-preview":"max-video-preview:-1"},"canonical":"https:\/\/waterpik.lt\/lv\/produkt\/mutes-irigators-complete-care-cc-01\/","og_locale":"lv_LV","og_type":"article","og_title":"Mutes irigators Complete Care CC-01 | Waterpik","og_description":"Uz\u0146\u0113mums nodarbojas ar zobu tehnikas un stomatolo\u0123isk\u0101 apr\u012bkojuma tirdzniec\u012bbu. Jau 20 gadu ir mutes irigatoru ra\u017eot\u0101ja \u201eWaterpik\u201c p\u0101rst\u0101vis Baltijas valst\u012bs.","og_url":"https:\/\/waterpik.lt\/lv\/produkt\/mutes-irigators-complete-care-cc-01\/","og_site_name":"Waterpik","article_modified_time":"2025-12-16T13:49:43+00:00","og_image":[{"width":600,"height":600,"url":"https:\/\/waterpik.lt\/wp-content\/uploads\/2019\/10\/cc-lv.png","type":"image\/png"}],"twitter_card":"summary_large_image","twitter_misc":{"Est. reading time":"2 minutes"},"schema":{"@context":"https:\/\/schema.org","@graph":[{"@type":"WebPage","@id":"https:\/\/waterpik.lt\/lv\/produkt\/mutes-irigators-complete-care-cc-01\/","url":"https:\/\/waterpik.lt\/lv\/produkt\/mutes-irigators-complete-care-cc-01\/","name":"Mutes irigators Complete Care CC-01 | Waterpik","isPartOf":{"@id":"https:\/\/waterpik.lt\/#website"},"primaryImageOfPage":{"@id":"https:\/\/waterpik.lt\/lv\/produkt\/mutes-irigators-complete-care-cc-01\/#primaryimage"},"image":{"@id":"https:\/\/waterpik.lt\/lv\/produkt\/mutes-irigators-complete-care-cc-01\/#primaryimage"},"thumbnailUrl":"https:\/\/waterpik.lt\/wp-content\/uploads\/2019\/10\/cc-lv.png","datePublished":"2019-10-24T11:41:21+00:00","dateModified":"2025-12-16T13:49:43+00:00","description":"Uz\u0146\u0113mums nodarbojas ar zobu tehnikas un stomatolo\u0123isk\u0101 apr\u012bkojuma tirdzniec\u012bbu. Jau 20 gadu ir mutes irigatoru ra\u017eot\u0101ja \u201eWaterpik\u201c p\u0101rst\u0101vis Baltijas valst\u012bs.","breadcrumb":{"@id":"https:\/\/waterpik.lt\/lv\/produkt\/mutes-irigators-complete-care-cc-01\/#breadcrumb"},"inLanguage":"lv-LV","potentialAction":[{"@type":"ReadAction","target":["https:\/\/waterpik.lt\/lv\/produkt\/mutes-irigators-complete-care-cc-01\/"]}]},{"@type":"ImageObject","inLanguage":"lv-LV","@id":"https:\/\/waterpik.lt\/lv\/produkt\/mutes-irigators-complete-care-cc-01\/#primaryimage","url":"https:\/\/waterpik.lt\/wp-content\/uploads\/2019\/10\/cc-lv.png","contentUrl":"https:\/\/waterpik.lt\/wp-content\/uploads\/2019\/10\/cc-lv.png","width":600,"height":600},{"@type":"BreadcrumbList","@id":"https:\/\/waterpik.lt\/lv\/produkt\/mutes-irigators-complete-care-cc-01\/#breadcrumb","itemListElement":[{"@type":"ListItem","position":1,"name":"Titulinis","item":"https:\/\/waterpik.lt\/lv\/"},{"@type":"ListItem","position":2,"name":"Produkti","item":"https:\/\/waterpik.lt\/lv\/produkti\/"},{"@type":"ListItem","position":3,"name":"Mutes irigators Complete Care CC-01"}]},{"@type":"WebSite","@id":"https:\/\/waterpik.lt\/#website","url":"https:\/\/waterpik.lt\/","name":"Waterpik","description":"Irigatoriai","publisher":{"@id":"https:\/\/waterpik.lt\/#organization"},"potentialAction":[{"@type":"SearchAction","target":{"@type":"EntryPoint","urlTemplate":"https:\/\/waterpik.lt\/?s={search_term_string}"},"query-input":{"@type":"PropertyValueSpecification","valueRequired":true,"valueName":"search_term_string"}}],"inLanguage":"lv-LV"},{"@type":"Organization","@id":"https:\/\/waterpik.lt\/#organization","name":"Waterpik","url":"https:\/\/waterpik.lt\/","logo":{"@type":"ImageObject","inLanguage":"lv-LV","@id":"https:\/\/waterpik.lt\/#\/schema\/logo\/image\/","url":"https:\/\/waterpik.lt\/wp-content\/uploads\/2019\/05\/WP-160.jpg","contentUrl":"https:\/\/waterpik.lt\/wp-content\/uploads\/2019\/05\/WP-160.jpg","width":2048,"height":2048,"caption":"Waterpik"},"image":{"@id":"https:\/\/waterpik.lt\/#\/schema\/logo\/image\/"}}]}},"_links":{"self":[{"href":"https:\/\/waterpik.lt\/lv\/wp-json\/wp\/v2\/product\/7185","targetHints":{"allow":["GET"]}}],"collection":[{"href":"https:\/\/waterpik.lt\/lv\/wp-json\/wp\/v2\/product"}],"about":[{"href":"https:\/\/waterpik.lt\/lv\/wp-json\/wp\/v2\/types\/product"}],"wp:featuredmedia":[{"embeddable":true,"href":"https:\/\/waterpik.lt\/lv\/wp-json\/wp\/v2\/media\/70588"}],"wp:attachment":[{"href":"https:\/\/waterpik.lt\/lv\/wp-json\/wp\/v2\/media?parent=7185"}],"wp:term":[{"taxonomy":"product_brand","embeddable":true,"href":"https:\/\/waterpik.lt\/lv\/wp-json\/wp\/v2\/product_brand?post=7185"},{"taxonomy":"product_cat","embeddable":true,"href":"https:\/\/waterpik.lt\/lv\/wp-json\/wp\/v2\/product_cat?post=7185"},{"taxonomy":"product_tag","embeddable":true,"href":"https:\/\/waterpik.lt\/lv\/wp-json\/wp\/v2\/product_tag?post=7185"}],"curies":[{"name":"wp","href":"https:\/\/api.w.org\/{rel}","templated":true}]}}