{"id":7174,"date":"2019-10-24T13:46:11","date_gmt":"2019-10-24T11:12:22","guid":{"rendered":"https:\/\/waterpik.lt\/?post_type=product&#038;p=7174"},"modified":"2025-12-16T15:50:49","modified_gmt":"2025-12-16T13:50:49","slug":"bezvadu-mutes-irigators-waterpik-wf-10","status":"publish","type":"product","link":"https:\/\/waterpik.lt\/lv\/produkt\/bezvadu-mutes-irigators-waterpik-wf-10\/","title":{"rendered":"Bezvadu mutes irigators Waterpik WF-10"},"content":{"rendered":"<div class=\"wpb-content-wrapper\"><p>[vc_row css_animation=&#8221;&#8221; row_type=&#8221;row&#8221; use_row_as_full_screen_section=&#8221;no&#8221; type=&#8221;full_width&#8221; angled_section=&#8221;no&#8221; text_align=&#8221;left&#8221; background_image_as_pattern=&#8221;without_pattern&#8221;][vc_column][vc_column_text css=&#8221;&#8221;]<\/p>\n<h3>Produkta priek\u0161roc\u012bbas<\/h3>\n<ul>\n<li>Efekt\u012bvi no\u0146em aplikumu: no t\u012br\u0101maj\u0101m viet\u0101m no\u0146em l\u012bdz pat\u00a099,9 % aplikuma<\/li>\n<li>Vesel\u012bg\u0101kas smaganas: l\u012bdz pat 50\u00a0% efekt\u012bv\u0101ks par parasto zobu diegu<\/li>\n<li>Lieliski piem\u0113rots implantu kop\u0161anai: lietojot \u201cPlaque Seeker\u00ae\u201d uzgali, smaganu st\u0101voklis ap implantiem tiek uzlabots l\u012bdz pat div\u0101m reiz\u0113m efekt\u012bv\u0101k, sal\u012bdzinot ar zobu diegu<\/li>\n<li>Nepiecie\u0161ams, ja n\u0113s\u0101 breketes: lietojot ortodontisko uzgali, aplikums ap breket\u0113m tiek no\u0146emts l\u012bdz pat trim reiz\u0113m efekt\u012bv\u0101k, sal\u012bdzinot ar zobu diegu<\/li>\n<li>No\u0146em aplikumu un p\u0101rtikas atlikumus no zobstarp\u0101m un zem smaganu l\u012bnijas: \u0161\u012bs vietas, t\u012brot zobus ar zobu suku, bet zobstarpas \u2013 ar parasto diegu, nav aizsniedzamas<\/li>\n<li>Mas\u0113 un stimul\u0113 smaganas, lai uzlabotu to asinsriti: smaganas k\u013c\u016bst vesel\u012bg\u0101kas<\/li>\n<li>Sniedz neticamu svaiguma un t\u012br\u012bbas saj\u016btu mut\u0113<\/li>\n<li>Lieliski piem\u0113rots tiem, kam ir implanti, zobu kro\u0146i, zobu tilti un ven\u012bri<\/li>\n<\/ul>\n<h3>\u201dCordless Select Water Flosser\u201d produkta raksturojums<\/h3>\n<ul>\n<li>\u010cetri irigatora uzga\u013ci \u2014 divi standarta, viens implantiem un viens breket\u0113m<\/li>\n<li>Uzl\u0101d\u0113jams, portat\u012bvs modelis<\/li>\n<li>\u016adensiztur\u012bgs, var lietot du\u0161\u0101<\/li>\n<li>USB uzl\u0101des sist\u0113ma ar magn\u0113tisko l\u0101d\u0113t\u0101ju<\/li>\n<li>\u016adens tvertne, ar kuru pietiek vair\u0101k nek\u0101 45 sekund\u0113m<\/li>\n<li>Divi spiediena stipruma re\u017e\u012bmi<\/li>\n<li>Divu gadu garantija<\/li>\n<\/ul>\n<p>[\/vc_column_text][\/vc_column][\/vc_row]<\/p>\n<\/div>","protected":false},"excerpt":{"rendered":"<p>&nbsp;<\/p>\n<p>Jaunais \u201cCordless Select Water Flosser\u201d ir \u0113rts, portat\u012bvs un lieliski piem\u0113rots lieto\u0161anai maz\u0101s vannasistab\u0101s vai ce\u013cojum\u0101.<br \/>\nModelim \u201cCordless Select\u201d ir divu gadu garantija. Mode\u013ca dro\u0161\u012bbu un efektivit\u0101ti apstiprin\u0101jusi ASV odontologu asoci\u0101cija (ADA).<\/p>\n<p>&nbsp;<\/p>\n<p><a href=\"https:\/\/waterpik.lt\/wp-content\/uploads\/2019\/11\/wf10-cordless-select-naudojimosi-instrukcija.pdf\" target=\"_blank\" rel=\"noopener\"><img loading=\"lazy\" decoding=\"async\" class=\"alignnone wp-image-433\" src=\"https:\/\/waterpik.lt\/wp-content\/uploads\/2018\/11\/download.png\" alt=\"\" width=\"128\" height=\"41\" \/><\/a><\/p>\n<p>&nbsp;<\/p>\n<div class=\"qbutton default\">[spu popup=\"862\"]PAS\u016aT\u012aT[\/spu]<\/div>\n","protected":false},"featured_media":70604,"template":"","meta":{"inline_featured_image":false},"product_brand":[],"product_cat":[57],"product_tag":[],"class_list":{"0":"post-7174","1":"product","2":"type-product","3":"status-publish","4":"has-post-thumbnail","6":"product_cat-bezvadu-mutes-irigatori","8":"first","9":"instock","10":"sale","11":"taxable","12":"shipping-taxable","13":"purchasable","14":"product-type-simple"},"yoast_head":"<!-- This site is optimized with the Yoast SEO plugin v24.6 - https:\/\/yoast.com\/wordpress\/plugins\/seo\/ -->\n<title>Bezvadu mutes irigators Waterpik WF-10 | Waterpik<\/title>\n<meta name=\"description\" content=\"Uz\u0146\u0113mums nodarbojas ar zobu tehnikas un stomatolo\u0123isk\u0101 apr\u012bkojuma tirdzniec\u012bbu. Jau 20 gadu ir mutes irigatoru ra\u017eot\u0101ja \u201eWaterpik\u201c p\u0101rst\u0101vis Baltijas valst\u012bs.\" \/>\n<meta name=\"robots\" content=\"index, follow, max-snippet:-1, max-image-preview:large, max-video-preview:-1\" \/>\n<link rel=\"canonical\" href=\"https:\/\/waterpik.lt\/lv\/produkt\/bezvadu-mutes-irigators-waterpik-wf-10\/\" \/>\n<meta property=\"og:locale\" content=\"lv_LV\" \/>\n<meta property=\"og:type\" content=\"article\" \/>\n<meta property=\"og:title\" content=\"Bezvadu mutes irigators Waterpik WF-10 | Waterpik\" \/>\n<meta property=\"og:description\" content=\"Uz\u0146\u0113mums nodarbojas ar zobu tehnikas un stomatolo\u0123isk\u0101 apr\u012bkojuma tirdzniec\u012bbu. Jau 20 gadu ir mutes irigatoru ra\u017eot\u0101ja \u201eWaterpik\u201c p\u0101rst\u0101vis Baltijas valst\u012bs.\" \/>\n<meta property=\"og:url\" content=\"https:\/\/waterpik.lt\/lv\/produkt\/bezvadu-mutes-irigators-waterpik-wf-10\/\" \/>\n<meta property=\"og:site_name\" content=\"Waterpik\" \/>\n<meta property=\"article:modified_time\" content=\"2025-12-16T13:50:49+00:00\" \/>\n<meta property=\"og:image\" content=\"https:\/\/waterpik.lt\/wp-content\/uploads\/2019\/10\/wf-lv.png\" \/>\n\t<meta property=\"og:image:width\" content=\"600\" \/>\n\t<meta property=\"og:image:height\" content=\"600\" \/>\n\t<meta property=\"og:image:type\" content=\"image\/png\" \/>\n<meta name=\"twitter:card\" content=\"summary_large_image\" \/>\n<meta name=\"twitter:label1\" content=\"Est. reading time\" \/>\n\t<meta name=\"twitter:data1\" content=\"1 minute\" \/>\n<script type=\"application\/ld+json\" class=\"yoast-schema-graph\">{\"@context\":\"https:\/\/schema.org\",\"@graph\":[{\"@type\":\"WebPage\",\"@id\":\"https:\/\/waterpik.lt\/lv\/produkt\/bezvadu-mutes-irigators-waterpik-wf-10\/\",\"url\":\"https:\/\/waterpik.lt\/lv\/produkt\/bezvadu-mutes-irigators-waterpik-wf-10\/\",\"name\":\"Bezvadu mutes irigators Waterpik WF-10 | Waterpik\",\"isPartOf\":{\"@id\":\"https:\/\/waterpik.lt\/#website\"},\"primaryImageOfPage\":{\"@id\":\"https:\/\/waterpik.lt\/lv\/produkt\/bezvadu-mutes-irigators-waterpik-wf-10\/#primaryimage\"},\"image\":{\"@id\":\"https:\/\/waterpik.lt\/lv\/produkt\/bezvadu-mutes-irigators-waterpik-wf-10\/#primaryimage\"},\"thumbnailUrl\":\"https:\/\/waterpik.lt\/wp-content\/uploads\/2019\/10\/wf-lv.png\",\"datePublished\":\"2019-10-24T11:12:22+00:00\",\"dateModified\":\"2025-12-16T13:50:49+00:00\",\"description\":\"Uz\u0146\u0113mums nodarbojas ar zobu tehnikas un stomatolo\u0123isk\u0101 apr\u012bkojuma tirdzniec\u012bbu. Jau 20 gadu ir mutes irigatoru ra\u017eot\u0101ja \u201eWaterpik\u201c p\u0101rst\u0101vis Baltijas valst\u012bs.\",\"breadcrumb\":{\"@id\":\"https:\/\/waterpik.lt\/lv\/produkt\/bezvadu-mutes-irigators-waterpik-wf-10\/#breadcrumb\"},\"inLanguage\":\"lv-LV\",\"potentialAction\":[{\"@type\":\"ReadAction\",\"target\":[\"https:\/\/waterpik.lt\/lv\/produkt\/bezvadu-mutes-irigators-waterpik-wf-10\/\"]}]},{\"@type\":\"ImageObject\",\"inLanguage\":\"lv-LV\",\"@id\":\"https:\/\/waterpik.lt\/lv\/produkt\/bezvadu-mutes-irigators-waterpik-wf-10\/#primaryimage\",\"url\":\"https:\/\/waterpik.lt\/wp-content\/uploads\/2019\/10\/wf-lv.png\",\"contentUrl\":\"https:\/\/waterpik.lt\/wp-content\/uploads\/2019\/10\/wf-lv.png\",\"width\":600,\"height\":600},{\"@type\":\"BreadcrumbList\",\"@id\":\"https:\/\/waterpik.lt\/lv\/produkt\/bezvadu-mutes-irigators-waterpik-wf-10\/#breadcrumb\",\"itemListElement\":[{\"@type\":\"ListItem\",\"position\":1,\"name\":\"Titulinis\",\"item\":\"https:\/\/waterpik.lt\/lv\/\"},{\"@type\":\"ListItem\",\"position\":2,\"name\":\"Produkti\",\"item\":\"https:\/\/waterpik.lt\/lv\/produkti\/\"},{\"@type\":\"ListItem\",\"position\":3,\"name\":\"Bezvadu mutes irigators Waterpik WF-10\"}]},{\"@type\":\"WebSite\",\"@id\":\"https:\/\/waterpik.lt\/#website\",\"url\":\"https:\/\/waterpik.lt\/\",\"name\":\"Waterpik\",\"description\":\"Irigatoriai\",\"publisher\":{\"@id\":\"https:\/\/waterpik.lt\/#organization\"},\"potentialAction\":[{\"@type\":\"SearchAction\",\"target\":{\"@type\":\"EntryPoint\",\"urlTemplate\":\"https:\/\/waterpik.lt\/?s={search_term_string}\"},\"query-input\":{\"@type\":\"PropertyValueSpecification\",\"valueRequired\":true,\"valueName\":\"search_term_string\"}}],\"inLanguage\":\"lv-LV\"},{\"@type\":\"Organization\",\"@id\":\"https:\/\/waterpik.lt\/#organization\",\"name\":\"Waterpik\",\"url\":\"https:\/\/waterpik.lt\/\",\"logo\":{\"@type\":\"ImageObject\",\"inLanguage\":\"lv-LV\",\"@id\":\"https:\/\/waterpik.lt\/#\/schema\/logo\/image\/\",\"url\":\"https:\/\/waterpik.lt\/wp-content\/uploads\/2019\/05\/WP-160.jpg\",\"contentUrl\":\"https:\/\/waterpik.lt\/wp-content\/uploads\/2019\/05\/WP-160.jpg\",\"width\":2048,\"height\":2048,\"caption\":\"Waterpik\"},\"image\":{\"@id\":\"https:\/\/waterpik.lt\/#\/schema\/logo\/image\/\"}}]}<\/script>\n<!-- \/ Yoast SEO plugin. -->","yoast_head_json":{"title":"Bezvadu mutes irigators Waterpik WF-10 | Waterpik","description":"Uz\u0146\u0113mums nodarbojas ar zobu tehnikas un stomatolo\u0123isk\u0101 apr\u012bkojuma tirdzniec\u012bbu. Jau 20 gadu ir mutes irigatoru ra\u017eot\u0101ja \u201eWaterpik\u201c p\u0101rst\u0101vis Baltijas valst\u012bs.","robots":{"index":"index","follow":"follow","max-snippet":"max-snippet:-1","max-image-preview":"max-image-preview:large","max-video-preview":"max-video-preview:-1"},"canonical":"https:\/\/waterpik.lt\/lv\/produkt\/bezvadu-mutes-irigators-waterpik-wf-10\/","og_locale":"lv_LV","og_type":"article","og_title":"Bezvadu mutes irigators Waterpik WF-10 | Waterpik","og_description":"Uz\u0146\u0113mums nodarbojas ar zobu tehnikas un stomatolo\u0123isk\u0101 apr\u012bkojuma tirdzniec\u012bbu. Jau 20 gadu ir mutes irigatoru ra\u017eot\u0101ja \u201eWaterpik\u201c p\u0101rst\u0101vis Baltijas valst\u012bs.","og_url":"https:\/\/waterpik.lt\/lv\/produkt\/bezvadu-mutes-irigators-waterpik-wf-10\/","og_site_name":"Waterpik","article_modified_time":"2025-12-16T13:50:49+00:00","og_image":[{"width":600,"height":600,"url":"https:\/\/waterpik.lt\/wp-content\/uploads\/2019\/10\/wf-lv.png","type":"image\/png"}],"twitter_card":"summary_large_image","twitter_misc":{"Est. reading time":"1 minute"},"schema":{"@context":"https:\/\/schema.org","@graph":[{"@type":"WebPage","@id":"https:\/\/waterpik.lt\/lv\/produkt\/bezvadu-mutes-irigators-waterpik-wf-10\/","url":"https:\/\/waterpik.lt\/lv\/produkt\/bezvadu-mutes-irigators-waterpik-wf-10\/","name":"Bezvadu mutes irigators Waterpik WF-10 | Waterpik","isPartOf":{"@id":"https:\/\/waterpik.lt\/#website"},"primaryImageOfPage":{"@id":"https:\/\/waterpik.lt\/lv\/produkt\/bezvadu-mutes-irigators-waterpik-wf-10\/#primaryimage"},"image":{"@id":"https:\/\/waterpik.lt\/lv\/produkt\/bezvadu-mutes-irigators-waterpik-wf-10\/#primaryimage"},"thumbnailUrl":"https:\/\/waterpik.lt\/wp-content\/uploads\/2019\/10\/wf-lv.png","datePublished":"2019-10-24T11:12:22+00:00","dateModified":"2025-12-16T13:50:49+00:00","description":"Uz\u0146\u0113mums nodarbojas ar zobu tehnikas un stomatolo\u0123isk\u0101 apr\u012bkojuma tirdzniec\u012bbu. Jau 20 gadu ir mutes irigatoru ra\u017eot\u0101ja \u201eWaterpik\u201c p\u0101rst\u0101vis Baltijas valst\u012bs.","breadcrumb":{"@id":"https:\/\/waterpik.lt\/lv\/produkt\/bezvadu-mutes-irigators-waterpik-wf-10\/#breadcrumb"},"inLanguage":"lv-LV","potentialAction":[{"@type":"ReadAction","target":["https:\/\/waterpik.lt\/lv\/produkt\/bezvadu-mutes-irigators-waterpik-wf-10\/"]}]},{"@type":"ImageObject","inLanguage":"lv-LV","@id":"https:\/\/waterpik.lt\/lv\/produkt\/bezvadu-mutes-irigators-waterpik-wf-10\/#primaryimage","url":"https:\/\/waterpik.lt\/wp-content\/uploads\/2019\/10\/wf-lv.png","contentUrl":"https:\/\/waterpik.lt\/wp-content\/uploads\/2019\/10\/wf-lv.png","width":600,"height":600},{"@type":"BreadcrumbList","@id":"https:\/\/waterpik.lt\/lv\/produkt\/bezvadu-mutes-irigators-waterpik-wf-10\/#breadcrumb","itemListElement":[{"@type":"ListItem","position":1,"name":"Titulinis","item":"https:\/\/waterpik.lt\/lv\/"},{"@type":"ListItem","position":2,"name":"Produkti","item":"https:\/\/waterpik.lt\/lv\/produkti\/"},{"@type":"ListItem","position":3,"name":"Bezvadu mutes irigators Waterpik WF-10"}]},{"@type":"WebSite","@id":"https:\/\/waterpik.lt\/#website","url":"https:\/\/waterpik.lt\/","name":"Waterpik","description":"Irigatoriai","publisher":{"@id":"https:\/\/waterpik.lt\/#organization"},"potentialAction":[{"@type":"SearchAction","target":{"@type":"EntryPoint","urlTemplate":"https:\/\/waterpik.lt\/?s={search_term_string}"},"query-input":{"@type":"PropertyValueSpecification","valueRequired":true,"valueName":"search_term_string"}}],"inLanguage":"lv-LV"},{"@type":"Organization","@id":"https:\/\/waterpik.lt\/#organization","name":"Waterpik","url":"https:\/\/waterpik.lt\/","logo":{"@type":"ImageObject","inLanguage":"lv-LV","@id":"https:\/\/waterpik.lt\/#\/schema\/logo\/image\/","url":"https:\/\/waterpik.lt\/wp-content\/uploads\/2019\/05\/WP-160.jpg","contentUrl":"https:\/\/waterpik.lt\/wp-content\/uploads\/2019\/05\/WP-160.jpg","width":2048,"height":2048,"caption":"Waterpik"},"image":{"@id":"https:\/\/waterpik.lt\/#\/schema\/logo\/image\/"}}]}},"_links":{"self":[{"href":"https:\/\/waterpik.lt\/lv\/wp-json\/wp\/v2\/product\/7174","targetHints":{"allow":["GET"]}}],"collection":[{"href":"https:\/\/waterpik.lt\/lv\/wp-json\/wp\/v2\/product"}],"about":[{"href":"https:\/\/waterpik.lt\/lv\/wp-json\/wp\/v2\/types\/product"}],"wp:featuredmedia":[{"embeddable":true,"href":"https:\/\/waterpik.lt\/lv\/wp-json\/wp\/v2\/media\/70604"}],"wp:attachment":[{"href":"https:\/\/waterpik.lt\/lv\/wp-json\/wp\/v2\/media?parent=7174"}],"wp:term":[{"taxonomy":"product_brand","embeddable":true,"href":"https:\/\/waterpik.lt\/lv\/wp-json\/wp\/v2\/product_brand?post=7174"},{"taxonomy":"product_cat","embeddable":true,"href":"https:\/\/waterpik.lt\/lv\/wp-json\/wp\/v2\/product_cat?post=7174"},{"taxonomy":"product_tag","embeddable":true,"href":"https:\/\/waterpik.lt\/lv\/wp-json\/wp\/v2\/product_tag?post=7174"}],"curies":[{"name":"wp","href":"https:\/\/api.w.org\/{rel}","templated":true}]}}