{"id":70423,"date":"2023-05-17T09:29:00","date_gmt":"2023-05-17T06:29:01","guid":{"rendered":"https:\/\/waterpik.lt\/?post_type=product&#038;p=70423"},"modified":"2025-12-16T15:44:49","modified_gmt":"2025-12-16T13:44:49","slug":"bezvadu-mutes-irigators-waterpik-wf-11ion","status":"publish","type":"product","link":"https:\/\/waterpik.lt\/lv\/produkt\/bezvadu-mutes-irigators-waterpik-wf-11ion\/","title":{"rendered":"Bezvadu mutes irigators Waterpik WF-11 ION"},"content":{"rendered":"<div class=\"wpb-content-wrapper\"><p>[vc_row css_animation=&#8221;&#8221; row_type=&#8221;row&#8221; use_row_as_full_screen_section=&#8221;no&#8221; type=&#8221;full_width&#8221; angled_section=&#8221;no&#8221; text_align=&#8221;left&#8221; background_image_as_pattern=&#8221;without_pattern&#8221;][vc_column][vc_column_text css=&#8221;&#8221;]<\/p>\n<h3>Produkta priek\u0161roc\u012bbas<\/h3>\n<ul>\n<li>Aplikuma efekt\u012bva no\u0146em\u0161ana: Not\u012bra l\u012bdz <a href=\"https:\/\/www.waterpik.com\/oral-health\/pro\/clinical-research\/water-flosser-removes-plaque-gorur-2009\/\" target=\"_top\" rel=\"noopener\">99,9\u00a0% aplikuma<\/a> no apstr\u0101d\u0101taj\u0101m zon\u0101m<\/li>\n<li>Vesel\u012bg\u0101kas smaganas: kl\u012bniski pier\u0101d\u012bts, ka \u0161is izstr\u0101d\u0101jums ir l\u012bdz <a href=\"https:\/\/www.waterpik.com\/oral-health\/pro\/clinical-research\/dental-floss-vs-water-flosser-reducing-gingivitis-plaque-barnes-2005\/\" target=\"_top\" rel=\"noopener\">50\u00a0% efekt\u012bv\u0101ks<\/a> smaganu vesel\u012bbas uztur\u0113\u0161an\u0101, nek\u0101 parastie zobu diegi.<\/li>\n<li>Ide\u0101li piem\u0113rots zobu implantiem: kl\u012bniski pier\u0101d\u012bts, ka \u0161is izstr\u0101d\u0101jums ir l\u012bdz <a href=\"https:\/\/www.waterpik.com\/oral-health\/pro\/clinical-research\/Tufts-Waterpik-String-Floss-Implant-Study-Abstract-2014\/\" target=\"_top\" rel=\"noopener\">div\u0101m reiz\u0113m efekt\u012bv\u0101ks<\/a> veselu smaganu saglab\u0101\u0161anai pie implantiem nek\u0101 tradicion\u0101lie zobu diegi, ja tiek izmantots Plaque Seeker\u2122 uzgalis.<\/li>\n<li>Neaizvietojams breke\u0161u gad\u012bjum\u0101: kl\u012bniski pier\u0101d\u012bts, ka \u0161is izstr\u0101d\u0101jums ir l\u012bdz <a href=\"https:\/\/www.waterpik.com\/oral-health\/pro\/clinical-research\/water-flosser-reduce-plaque-bleeding-adolescents-braces-sharma-2008\/\" target=\"_top\" rel=\"noopener\">trim reiz\u0113m efekt\u012bv\u0101ks<\/a> aplikuma no\u0146em\u0161anai pie breket\u0113m nek\u0101 parastie zobu diegi, ja tiek izmantots ortodontiskais uzgalis.<\/li>\n<li>Izt\u012bra aplikumu un net\u012brumus no dzi\u013c\u0101m spraug\u0101m starp zobiem un zem smaganu l\u012bnijas, kur nav iesp\u0113jams piek\u013c\u016bt ar zobu suku vai parastu zobu diegu, t\u0101 pal\u012bdzot nov\u0113rst nepat\u012bkamu elpu, <a href=\"https:\/\/www.waterpik.com\/oral-health\/edu\/gum-disease\/\" target=\"_top\" rel=\"noopener\">smaganu slim\u012bbas<\/a> un zobu boj\u0101\u0161anos.<\/li>\n<li>Rada neticami svaigu un t\u012bru saj\u016btu mut\u0113.<\/li>\n<li>Lieliska izv\u0113le klientiem ar <a href=\"https:\/\/www.waterpik.com\/oral-health\/edu\/dental-work\/implants\/\" target=\"_top\" rel=\"noopener\">implantiem<\/a>, k\u0101 ar\u012b <a href=\"https:\/\/www.waterpik.com\/oral-health\/edu\/dental-work\/crowns-bridges-veneers\/\" target=\"_top\" rel=\"noopener\">kron\u012b\u0161iem, tilti\u0146iem un ven\u012briem<\/a>.<\/li>\n<\/ul>\n<h3>\u201dWF-11 ION\u201d produkta raksturojums<\/h3>\n<ul>\n<li>6\u00a0irigatora uzga\u013ci zobu spraugu t\u012br\u012b\u0161anai.<\/li>\n<li>Lieto\u0161anas laik\u0101 nav nepiecie\u0161ams vads vai rozete, t\u0101 izvairoties no nek\u0101rt\u012bbas.<\/li>\n<li>Progres\u012bvs litija jonu akumulators ar USB adapteri, kas nodro\u0161ina ier\u012bces darb\u012bbu bez l\u0101d\u0113\u0161anas pat 4\u00a0ned\u0113\u013cas.<\/li>\n<li>Par 30\u00a0% maz\u0101ks izm\u0113rs nek\u0101 t\u012bklam pievienojamiem irigatoriem.<\/li>\n<li>Ide\u0101la izv\u0113le maz\u0101m vannasistab\u0101m\u00a0\u2014 viegli uzglab\u0101t, kad netiek lietots.<\/li>\n<li>\u0112rta, groz\u0101ma pamatne uz roktura, lai var\u0113tu aizsniegt visas mutes zonas.<\/li>\n<li>1\u00a0min\u016btes taimeris ar 30\u00a0sekun\u017eu stimulatoru, kas uz laiku p\u0101rtrauc darb\u012bbu, lai atg\u0101din\u0101tu par nepiecie\u0161am\u012bbu izt\u012br\u012bt visas mutes zonas.<\/li>\n<li>10\u00a0spiediena iestat\u012bjumi no vieglas l\u012bdz maksim\u0101lai t\u012br\u012b\u0161anai.<\/li>\n<li>\u016adens pietiek 90\u00a0sekun\u017eu darb\u012bbai\u00a0\u2014 \u016bdens daudzums nav j\u0101papildina.<\/li>\n<li>Magn\u0113tiska roktura pamatne.<\/li>\n<li>Divu gadu garantija.<\/li>\n<\/ul>\n<p>[\/vc_column_text][\/vc_column][\/vc_row]<\/p>\n<\/div>","protected":false},"excerpt":{"rendered":"<p>ION bezvadu mutes irigators nodro\u0161ina maksim\u0101lu veiktsp\u0113ju un lieto\u0161anas br\u012bv\u012bbu. \u0160\u012b \u012bpa\u0161i kompakt\u0101 un uzl\u0101d\u0113jam\u0101 ION bezvadu ier\u012bce \u013cauj nov\u0113rst nek\u0101rt\u012bbu un ir par 30 % maz\u0101ka, nek\u0101 tradicion\u0101l\u0101s vadu iek\u0101rtas.<br \/>\nION nodro\u0161ina pilnv\u0113rt\u012bgu t\u012br\u012b\u0161anu un spiedienu, un t\u0101 uzl\u0101d\u0113jamais litija jonu akumulators nodro\u0161ina ier\u012bces darb\u012bbu bez l\u0101d\u0113\u0161anas pat 4\u00a0ned\u0113\u013cas. \u0160\u012bs ier\u012bces roktur\u012b ir ar\u012b \u012bpa\u0161a poga \u016bdensstr\u016bklas iesl\u0113g\u0161anai un izsl\u0113g\u0161anai, un to var \u0113rti novietot uz magn\u0113tiskas pamatnes, lai izmantotu USB l\u0101d\u0113t\u0101ju.<br \/>\nION not\u012bra l\u012bdz pat 99,9 % aplikuma un ir par 50 % efekt\u012bv\u0101ks risin\u0101jums smaganu vesel\u012bbas uzlabo\u0161anai nek\u0101 parastie zobu diegi. \u0160im modelim ir 6 uzga\u013ci un 10 spiediena iestat\u012bjumi, k\u0101 ar\u012b groz\u0101ma pamatne. Tas bez uzpild\u012b\u0161anas var darboties 90 sekundes.<br \/>\nWaterpik\u00ae ir ieteicam\u0101kais irigatoru z\u012bmols, kura izstr\u0101d\u0101jumi ir kl\u012bniski p\u0101rbaud\u012bti un apstiprin\u0101ti Amerikas Zob\u0101rstniec\u012bbas biedr\u012bb\u0101.<\/p>\n<p>&nbsp;<\/p>\n<div class=\"qbutton default\">[spu popup=\"862\"]PAS\u016aT\u012aT[\/spu]<\/div>\n","protected":false},"featured_media":70560,"template":"","meta":{"inline_featured_image":false},"product_brand":[],"product_cat":[57],"product_tag":[],"class_list":{"0":"post-70423","1":"product","2":"type-product","3":"status-publish","4":"has-post-thumbnail","6":"product_cat-bezvadu-mutes-irigatori","8":"first","9":"instock","10":"sale","11":"taxable","12":"shipping-taxable","13":"purchasable","14":"product-type-simple"},"yoast_head":"<!-- This site is optimized with the Yoast SEO plugin v24.6 - https:\/\/yoast.com\/wordpress\/plugins\/seo\/ -->\n<title>Bezvadu mutes irigators Waterpik WF-11 ION | Waterpik<\/title>\n<meta name=\"description\" content=\"Uz\u0146\u0113mums nodarbojas ar zobu tehnikas un stomatolo\u0123isk\u0101 apr\u012bkojuma tirdzniec\u012bbu. Jau 20 gadu ir mutes irigatoru ra\u017eot\u0101ja \u201eWaterpik\u201c p\u0101rst\u0101vis Baltijas valst\u012bs.\" \/>\n<meta name=\"robots\" content=\"index, follow, max-snippet:-1, max-image-preview:large, max-video-preview:-1\" \/>\n<link rel=\"canonical\" href=\"https:\/\/waterpik.lt\/lv\/produkt\/bezvadu-mutes-irigators-waterpik-wf-11ion\/\" \/>\n<meta property=\"og:locale\" content=\"lv_LV\" \/>\n<meta property=\"og:type\" content=\"article\" \/>\n<meta property=\"og:title\" content=\"Bezvadu mutes irigators Waterpik WF-11 ION | Waterpik\" \/>\n<meta property=\"og:description\" content=\"Uz\u0146\u0113mums nodarbojas ar zobu tehnikas un stomatolo\u0123isk\u0101 apr\u012bkojuma tirdzniec\u012bbu. Jau 20 gadu ir mutes irigatoru ra\u017eot\u0101ja \u201eWaterpik\u201c p\u0101rst\u0101vis Baltijas valst\u012bs.\" \/>\n<meta property=\"og:url\" content=\"https:\/\/waterpik.lt\/lv\/produkt\/bezvadu-mutes-irigators-waterpik-wf-11ion\/\" \/>\n<meta property=\"og:site_name\" content=\"Waterpik\" \/>\n<meta property=\"article:modified_time\" content=\"2025-12-16T13:44:49+00:00\" \/>\n<meta property=\"og:image\" content=\"https:\/\/waterpik.lt\/wp-content\/uploads\/2023\/05\/WF-11-lv-1.png\" \/>\n\t<meta property=\"og:image:width\" content=\"600\" \/>\n\t<meta property=\"og:image:height\" content=\"600\" \/>\n\t<meta property=\"og:image:type\" content=\"image\/png\" \/>\n<meta name=\"twitter:card\" content=\"summary_large_image\" \/>\n<meta name=\"twitter:label1\" content=\"Est. reading time\" \/>\n\t<meta name=\"twitter:data1\" content=\"2 minutes\" \/>\n<script type=\"application\/ld+json\" class=\"yoast-schema-graph\">{\"@context\":\"https:\/\/schema.org\",\"@graph\":[{\"@type\":\"WebPage\",\"@id\":\"https:\/\/waterpik.lt\/lv\/produkt\/bezvadu-mutes-irigators-waterpik-wf-11ion\/\",\"url\":\"https:\/\/waterpik.lt\/lv\/produkt\/bezvadu-mutes-irigators-waterpik-wf-11ion\/\",\"name\":\"Bezvadu mutes irigators Waterpik WF-11 ION | Waterpik\",\"isPartOf\":{\"@id\":\"https:\/\/waterpik.lt\/#website\"},\"primaryImageOfPage\":{\"@id\":\"https:\/\/waterpik.lt\/lv\/produkt\/bezvadu-mutes-irigators-waterpik-wf-11ion\/#primaryimage\"},\"image\":{\"@id\":\"https:\/\/waterpik.lt\/lv\/produkt\/bezvadu-mutes-irigators-waterpik-wf-11ion\/#primaryimage\"},\"thumbnailUrl\":\"https:\/\/waterpik.lt\/wp-content\/uploads\/2023\/05\/WF-11-lv-1.png\",\"datePublished\":\"2023-05-17T06:29:01+00:00\",\"dateModified\":\"2025-12-16T13:44:49+00:00\",\"description\":\"Uz\u0146\u0113mums nodarbojas ar zobu tehnikas un stomatolo\u0123isk\u0101 apr\u012bkojuma tirdzniec\u012bbu. Jau 20 gadu ir mutes irigatoru ra\u017eot\u0101ja \u201eWaterpik\u201c p\u0101rst\u0101vis Baltijas valst\u012bs.\",\"breadcrumb\":{\"@id\":\"https:\/\/waterpik.lt\/lv\/produkt\/bezvadu-mutes-irigators-waterpik-wf-11ion\/#breadcrumb\"},\"inLanguage\":\"lv-LV\",\"potentialAction\":[{\"@type\":\"ReadAction\",\"target\":[\"https:\/\/waterpik.lt\/lv\/produkt\/bezvadu-mutes-irigators-waterpik-wf-11ion\/\"]}]},{\"@type\":\"ImageObject\",\"inLanguage\":\"lv-LV\",\"@id\":\"https:\/\/waterpik.lt\/lv\/produkt\/bezvadu-mutes-irigators-waterpik-wf-11ion\/#primaryimage\",\"url\":\"https:\/\/waterpik.lt\/wp-content\/uploads\/2023\/05\/WF-11-lv-1.png\",\"contentUrl\":\"https:\/\/waterpik.lt\/wp-content\/uploads\/2023\/05\/WF-11-lv-1.png\",\"width\":600,\"height\":600},{\"@type\":\"BreadcrumbList\",\"@id\":\"https:\/\/waterpik.lt\/lv\/produkt\/bezvadu-mutes-irigators-waterpik-wf-11ion\/#breadcrumb\",\"itemListElement\":[{\"@type\":\"ListItem\",\"position\":1,\"name\":\"Titulinis\",\"item\":\"https:\/\/waterpik.lt\/lv\/\"},{\"@type\":\"ListItem\",\"position\":2,\"name\":\"Produkti\",\"item\":\"https:\/\/waterpik.lt\/lv\/produkti\/\"},{\"@type\":\"ListItem\",\"position\":3,\"name\":\"Bezvadu mutes irigators Waterpik WF-11 ION\"}]},{\"@type\":\"WebSite\",\"@id\":\"https:\/\/waterpik.lt\/#website\",\"url\":\"https:\/\/waterpik.lt\/\",\"name\":\"Waterpik\",\"description\":\"Irigatoriai\",\"publisher\":{\"@id\":\"https:\/\/waterpik.lt\/#organization\"},\"potentialAction\":[{\"@type\":\"SearchAction\",\"target\":{\"@type\":\"EntryPoint\",\"urlTemplate\":\"https:\/\/waterpik.lt\/?s={search_term_string}\"},\"query-input\":{\"@type\":\"PropertyValueSpecification\",\"valueRequired\":true,\"valueName\":\"search_term_string\"}}],\"inLanguage\":\"lv-LV\"},{\"@type\":\"Organization\",\"@id\":\"https:\/\/waterpik.lt\/#organization\",\"name\":\"Waterpik\",\"url\":\"https:\/\/waterpik.lt\/\",\"logo\":{\"@type\":\"ImageObject\",\"inLanguage\":\"lv-LV\",\"@id\":\"https:\/\/waterpik.lt\/#\/schema\/logo\/image\/\",\"url\":\"https:\/\/waterpik.lt\/wp-content\/uploads\/2019\/05\/WP-160.jpg\",\"contentUrl\":\"https:\/\/waterpik.lt\/wp-content\/uploads\/2019\/05\/WP-160.jpg\",\"width\":2048,\"height\":2048,\"caption\":\"Waterpik\"},\"image\":{\"@id\":\"https:\/\/waterpik.lt\/#\/schema\/logo\/image\/\"}}]}<\/script>\n<!-- \/ Yoast SEO plugin. -->","yoast_head_json":{"title":"Bezvadu mutes irigators Waterpik WF-11 ION | Waterpik","description":"Uz\u0146\u0113mums nodarbojas ar zobu tehnikas un stomatolo\u0123isk\u0101 apr\u012bkojuma tirdzniec\u012bbu. Jau 20 gadu ir mutes irigatoru ra\u017eot\u0101ja \u201eWaterpik\u201c p\u0101rst\u0101vis Baltijas valst\u012bs.","robots":{"index":"index","follow":"follow","max-snippet":"max-snippet:-1","max-image-preview":"max-image-preview:large","max-video-preview":"max-video-preview:-1"},"canonical":"https:\/\/waterpik.lt\/lv\/produkt\/bezvadu-mutes-irigators-waterpik-wf-11ion\/","og_locale":"lv_LV","og_type":"article","og_title":"Bezvadu mutes irigators Waterpik WF-11 ION | Waterpik","og_description":"Uz\u0146\u0113mums nodarbojas ar zobu tehnikas un stomatolo\u0123isk\u0101 apr\u012bkojuma tirdzniec\u012bbu. Jau 20 gadu ir mutes irigatoru ra\u017eot\u0101ja \u201eWaterpik\u201c p\u0101rst\u0101vis Baltijas valst\u012bs.","og_url":"https:\/\/waterpik.lt\/lv\/produkt\/bezvadu-mutes-irigators-waterpik-wf-11ion\/","og_site_name":"Waterpik","article_modified_time":"2025-12-16T13:44:49+00:00","og_image":[{"width":600,"height":600,"url":"https:\/\/waterpik.lt\/wp-content\/uploads\/2023\/05\/WF-11-lv-1.png","type":"image\/png"}],"twitter_card":"summary_large_image","twitter_misc":{"Est. reading time":"2 minutes"},"schema":{"@context":"https:\/\/schema.org","@graph":[{"@type":"WebPage","@id":"https:\/\/waterpik.lt\/lv\/produkt\/bezvadu-mutes-irigators-waterpik-wf-11ion\/","url":"https:\/\/waterpik.lt\/lv\/produkt\/bezvadu-mutes-irigators-waterpik-wf-11ion\/","name":"Bezvadu mutes irigators Waterpik WF-11 ION | Waterpik","isPartOf":{"@id":"https:\/\/waterpik.lt\/#website"},"primaryImageOfPage":{"@id":"https:\/\/waterpik.lt\/lv\/produkt\/bezvadu-mutes-irigators-waterpik-wf-11ion\/#primaryimage"},"image":{"@id":"https:\/\/waterpik.lt\/lv\/produkt\/bezvadu-mutes-irigators-waterpik-wf-11ion\/#primaryimage"},"thumbnailUrl":"https:\/\/waterpik.lt\/wp-content\/uploads\/2023\/05\/WF-11-lv-1.png","datePublished":"2023-05-17T06:29:01+00:00","dateModified":"2025-12-16T13:44:49+00:00","description":"Uz\u0146\u0113mums nodarbojas ar zobu tehnikas un stomatolo\u0123isk\u0101 apr\u012bkojuma tirdzniec\u012bbu. Jau 20 gadu ir mutes irigatoru ra\u017eot\u0101ja \u201eWaterpik\u201c p\u0101rst\u0101vis Baltijas valst\u012bs.","breadcrumb":{"@id":"https:\/\/waterpik.lt\/lv\/produkt\/bezvadu-mutes-irigators-waterpik-wf-11ion\/#breadcrumb"},"inLanguage":"lv-LV","potentialAction":[{"@type":"ReadAction","target":["https:\/\/waterpik.lt\/lv\/produkt\/bezvadu-mutes-irigators-waterpik-wf-11ion\/"]}]},{"@type":"ImageObject","inLanguage":"lv-LV","@id":"https:\/\/waterpik.lt\/lv\/produkt\/bezvadu-mutes-irigators-waterpik-wf-11ion\/#primaryimage","url":"https:\/\/waterpik.lt\/wp-content\/uploads\/2023\/05\/WF-11-lv-1.png","contentUrl":"https:\/\/waterpik.lt\/wp-content\/uploads\/2023\/05\/WF-11-lv-1.png","width":600,"height":600},{"@type":"BreadcrumbList","@id":"https:\/\/waterpik.lt\/lv\/produkt\/bezvadu-mutes-irigators-waterpik-wf-11ion\/#breadcrumb","itemListElement":[{"@type":"ListItem","position":1,"name":"Titulinis","item":"https:\/\/waterpik.lt\/lv\/"},{"@type":"ListItem","position":2,"name":"Produkti","item":"https:\/\/waterpik.lt\/lv\/produkti\/"},{"@type":"ListItem","position":3,"name":"Bezvadu mutes irigators Waterpik WF-11 ION"}]},{"@type":"WebSite","@id":"https:\/\/waterpik.lt\/#website","url":"https:\/\/waterpik.lt\/","name":"Waterpik","description":"Irigatoriai","publisher":{"@id":"https:\/\/waterpik.lt\/#organization"},"potentialAction":[{"@type":"SearchAction","target":{"@type":"EntryPoint","urlTemplate":"https:\/\/waterpik.lt\/?s={search_term_string}"},"query-input":{"@type":"PropertyValueSpecification","valueRequired":true,"valueName":"search_term_string"}}],"inLanguage":"lv-LV"},{"@type":"Organization","@id":"https:\/\/waterpik.lt\/#organization","name":"Waterpik","url":"https:\/\/waterpik.lt\/","logo":{"@type":"ImageObject","inLanguage":"lv-LV","@id":"https:\/\/waterpik.lt\/#\/schema\/logo\/image\/","url":"https:\/\/waterpik.lt\/wp-content\/uploads\/2019\/05\/WP-160.jpg","contentUrl":"https:\/\/waterpik.lt\/wp-content\/uploads\/2019\/05\/WP-160.jpg","width":2048,"height":2048,"caption":"Waterpik"},"image":{"@id":"https:\/\/waterpik.lt\/#\/schema\/logo\/image\/"}}]}},"_links":{"self":[{"href":"https:\/\/waterpik.lt\/lv\/wp-json\/wp\/v2\/product\/70423","targetHints":{"allow":["GET"]}}],"collection":[{"href":"https:\/\/waterpik.lt\/lv\/wp-json\/wp\/v2\/product"}],"about":[{"href":"https:\/\/waterpik.lt\/lv\/wp-json\/wp\/v2\/types\/product"}],"wp:featuredmedia":[{"embeddable":true,"href":"https:\/\/waterpik.lt\/lv\/wp-json\/wp\/v2\/media\/70560"}],"wp:attachment":[{"href":"https:\/\/waterpik.lt\/lv\/wp-json\/wp\/v2\/media?parent=70423"}],"wp:term":[{"taxonomy":"product_brand","embeddable":true,"href":"https:\/\/waterpik.lt\/lv\/wp-json\/wp\/v2\/product_brand?post=70423"},{"taxonomy":"product_cat","embeddable":true,"href":"https:\/\/waterpik.lt\/lv\/wp-json\/wp\/v2\/product_cat?post=70423"},{"taxonomy":"product_tag","embeddable":true,"href":"https:\/\/waterpik.lt\/lv\/wp-json\/wp\/v2\/product_tag?post=70423"}],"curies":[{"name":"wp","href":"https:\/\/api.w.org\/{rel}","templated":true}]}}