{"id":38655,"date":"2022-04-07T11:31:56","date_gmt":"2022-04-07T08:31:56","guid":{"rendered":"https:\/\/waterpik.lt\/?post_type=product&#038;p=38655"},"modified":"2025-12-16T15:47:23","modified_gmt":"2025-12-16T13:47:23","slug":"mutes-irigators-waterpik-wp-662-aquarius","status":"publish","type":"product","link":"https:\/\/waterpik.lt\/lv\/produkt\/mutes-irigators-waterpik-wp-662-aquarius\/","title":{"rendered":"Mutes irigators Waterpik\u00ae WP-662 Aquarius\u2122"},"content":{"rendered":"<div class=\"wpb-content-wrapper\"><p>[vc_row css_animation=&#8221;&#8221; row_type=&#8221;row&#8221; use_row_as_full_screen_section=&#8221;no&#8221; type=&#8221;full_width&#8221; angled_section=&#8221;no&#8221; text_align=&#8221;left&#8221; background_image_as_pattern=&#8221;without_pattern&#8221;][vc_column][vc_column_text css=&#8221;&#8221;]<\/p>\n<h3>Produkta priek\u0161roc\u012bbas<\/h3>\n<ul>\n<li>Efekt\u012bvi atbr\u012bvo zobus no aplikuma: kl\u012bniski pier\u0101d\u012bts, ka apstr\u0101d\u0101taj\u0101s viet\u0101s tas likvid\u0113 l\u012bdz pat 99,9 % zobu aplikuma tikai 3 sekun\u017eu laik\u0101.<\/li>\n<li>Vesel\u012bg\u0101kas smaganas: kl\u012bniski pier\u0101d\u012bts, ka tas ir l\u012bdz pat 50 % efekt\u012bv\u0101ks par tradicion\u0101lo zobu diegu.<\/li>\n<li>Ide\u0101li piem\u0113rots zobu implantu t\u012br\u012b\u0161anai: kl\u012bniski pier\u0101d\u012bts, ka, izmantojot Plaque Seeker\u00ae uzgali, gandr\u012bz divk\u0101rt uzlabojas smaganu st\u0101voklis ap zobu implantiem, nek\u0101 tad, ja izmanto zobu diegu.<\/li>\n<li>Tas ir ide\u0101ls l\u012bdzeklis breke\u0161u n\u0113s\u0101t\u0101jiem: kl\u012bniski pier\u0101d\u012bts, ka, lietojot ortodontisko uzgali, j\u016bs l\u012bdz pat trim reiz\u0113m efekt\u012bv\u0101k atbr\u012bvosieties no zobu aplikuma ap breket\u0113m, nek\u0101 tad, ja izmantosiet zobu diegu.<\/li>\n<li>Atbr\u012bvo no zobu aplikuma un s\u012bk\u0101m \u0113dienu paliek\u0101m zobstarp\u0101s un zem smagan\u0101m, proti, viet\u0101s, kur\u0101m zobu birste un tradicion\u0101lais zobu diegs netiek kl\u0101t.<\/li>\n<li>Mas\u0113 un stimul\u0113 smaganas, t\u0101d\u0113j\u0101di uzlabojot cirkul\u0101ciju un r\u016bp\u0113joties par smaganu vesel\u012bbu.<\/li>\n<li>Rada neticamu svaiguma un t\u012br\u012bbas saj\u016btu mut\u0113.<\/li>\n<li>Lieliski noder\u0113s cilv\u0113kiem ar zobu implantiem, kron\u012b\u0161iem, tilti\u0146iem un ven\u012briem.<\/li>\n<li>Garant\u0113jam vesel\u012bg\u0101kas smaganas tikai 14 dienu laik\u0101.<\/li>\n<\/ul>\n<h3>Produkta raksturojums<\/h3>\n<ul>\n<li>7 uzga\u013ci<\/li>\n<li>Uzlabota spiediena kontroles sist\u0113ma ar desmit konfigur\u0101cij\u0101m<\/li>\n<li>\u016adens rezervu\u0101ra ietilp\u012bba 90+ sekund\u0113m<\/li>\n<li>\u016adens padeves\/p\u0101rtrauces vad\u012bba ier\u012bces roktur\u012b<\/li>\n<li>2 re\u017e\u012bmi \u2014 zobstarpu t\u012br\u012b\u0161anas re\u017e\u012bms un Hidro-pulsa mas\u0101\u017eas re\u017e\u012bms<\/li>\n<li>1 min\u016btes taimeris ar 30 sekun\u017eu soli<\/li>\n<li>LED inform\u0101cijas panelis<\/li>\n<li>Uzlabots spiediens, par 10 % liel\u0101ks \u016bdens spiediens<\/li>\n<li>Divu gadu garantija<\/li>\n<\/ul>\n<p>[\/vc_column_text][\/vc_column][\/vc_row]<\/p>\n<\/div>","protected":false},"excerpt":{"rendered":"<p>&nbsp;<\/p>\n<p><b>Uzman\u012bbu! Modelim Waterpik WP-662 Aquarius ofici\u0101li ir main\u012bts nosaukums uz Waterpik WF-662 Aquarius<\/b><\/p>\n<p><a href=\"https:\/\/waterpik.lt\/lv\/produkt\/mutes-irigators-waterpik-wf-662-aquarius\/\"><span style=\"color: #ff0000;\"><u><b>Irigatoru ar jauno nosaukumu varat ieg\u0101d\u0101ties \u0161eit<\/b><\/u><\/span><\/a><\/p>\n<p>&nbsp;<\/p>\n<p>Waterpik\u00ae Aquarius\u2122 profesion\u0101lais mutes irigators.<\/p>\n<p>Viegls un efekt\u012bv\u0101ks zobstarpu t\u012br\u012b\u0161anas veids. Waterpik\u00ae Aquarius\u2122 \u2014 profesion\u0101lais mutes irigators ir visprogres\u012bv\u0101kais zobstarpu t\u012br\u012b\u0161anas veids.<br \/>\nZobstarpu t\u012br\u012bt\u0101jam Aquarius\u2122 ir kompakts un moderns dizains. T\u0101 roktur\u012b ir iemont\u0113ta \u016bdens padeves\/p\u0101rtrauces vad\u012bba un LED inform\u0101cijas panelis, turkl\u0101t tas ir apr\u012bkots ar 7 uzga\u013ciem. Jaun\u0101 puls\u0113jo\u0161o modul\u0101ciju tehnolo\u0123ija \u013cauj maksim\u0101li atbr\u012bvot zobus no aplikuma (izmantojot zobstarpu t\u012br\u012b\u0161anas re\u017e\u012bmu), vair\u0101k stimul\u0113 smaganas un nodro\u0161ina lab\u0101ku \u016bdens cirkul\u0101ciju (izmantojot Hidro-pulss mas\u0101\u017eas re\u017e\u012bmu). \u0112rts vienas min\u016btes taimeris ar 30 sekun\u017eu soli nodro\u0161ina pamat\u012bgu un piln\u012bgu mutes dobuma t\u012br\u012bbu.<br \/>\nKl\u012bniski pier\u0101d\u012bts, ka Waterpik\u00ae mutes irigators efekt\u012bv\u0101k atbr\u012bvo zobus no aplikuma, nov\u0113r\u0161 smaganu iekaisumu un smaganu slim\u012bbas nek\u0101 tad, ja tiek izmantots tradicion\u0101lais zobu diegs. Turkl\u0101t tas ir lielisks l\u012bdzeklis, ja jums ir breketes, zobu implanti, zobu kron\u012b\u0161i, zobu tilti\u0146i vai ven\u012bri.<\/p>\n<p>&nbsp;<\/p>\n<div class=\"qbutton default\">[spu popup=\"862\"]PAS\u016aT\u012aT[\/spu]<\/div>\n","protected":false},"featured_media":38660,"template":"","meta":{"inline_featured_image":false},"product_brand":[],"product_cat":[55],"product_tag":[],"class_list":{"0":"post-38655","1":"product","2":"type-product","3":"status-publish","4":"has-post-thumbnail","6":"product_cat-mutes-irigatori","8":"first","9":"outofstock","10":"taxable","11":"shipping-taxable","12":"purchasable","13":"product-type-simple"},"yoast_head":"<!-- This site is optimized with the Yoast SEO plugin v24.6 - https:\/\/yoast.com\/wordpress\/plugins\/seo\/ -->\n<title>Mutes irigators Waterpik\u00ae WP-662 Aquarius\u2122 | Waterpik<\/title>\n<meta name=\"description\" content=\"Uz\u0146\u0113mums nodarbojas ar zobu tehnikas un stomatolo\u0123isk\u0101 apr\u012bkojuma tirdzniec\u012bbu. Jau 20 gadu ir mutes irigatoru ra\u017eot\u0101ja \u201eWaterpik\u201c p\u0101rst\u0101vis Baltijas valst\u012bs.\" \/>\n<meta name=\"robots\" content=\"index, follow, max-snippet:-1, max-image-preview:large, max-video-preview:-1\" \/>\n<link rel=\"canonical\" href=\"https:\/\/waterpik.lt\/lv\/produkt\/mutes-irigators-waterpik-wp-662-aquarius\/\" \/>\n<meta property=\"og:locale\" content=\"lv_LV\" \/>\n<meta property=\"og:type\" content=\"article\" \/>\n<meta property=\"og:title\" content=\"Mutes irigators Waterpik\u00ae WP-662 Aquarius\u2122 | Waterpik\" \/>\n<meta property=\"og:description\" content=\"Uz\u0146\u0113mums nodarbojas ar zobu tehnikas un stomatolo\u0123isk\u0101 apr\u012bkojuma tirdzniec\u012bbu. Jau 20 gadu ir mutes irigatoru ra\u017eot\u0101ja \u201eWaterpik\u201c p\u0101rst\u0101vis Baltijas valst\u012bs.\" \/>\n<meta property=\"og:url\" content=\"https:\/\/waterpik.lt\/lv\/produkt\/mutes-irigators-waterpik-wp-662-aquarius\/\" \/>\n<meta property=\"og:site_name\" content=\"Waterpik\" \/>\n<meta property=\"article:modified_time\" content=\"2025-12-16T13:47:23+00:00\" \/>\n<meta property=\"og:image\" content=\"https:\/\/waterpik.lt\/wp-content\/uploads\/2022\/04\/WP662_3Quarter-2-scaled.jpg\" \/>\n\t<meta property=\"og:image:width\" content=\"2560\" \/>\n\t<meta property=\"og:image:height\" content=\"2560\" \/>\n\t<meta property=\"og:image:type\" content=\"image\/jpeg\" \/>\n<meta name=\"twitter:card\" content=\"summary_large_image\" \/>\n<meta name=\"twitter:label1\" content=\"Est. reading time\" \/>\n\t<meta name=\"twitter:data1\" content=\"2 minutes\" \/>\n<script type=\"application\/ld+json\" class=\"yoast-schema-graph\">{\"@context\":\"https:\/\/schema.org\",\"@graph\":[{\"@type\":\"WebPage\",\"@id\":\"https:\/\/waterpik.lt\/lv\/produkt\/mutes-irigators-waterpik-wp-662-aquarius\/\",\"url\":\"https:\/\/waterpik.lt\/lv\/produkt\/mutes-irigators-waterpik-wp-662-aquarius\/\",\"name\":\"Mutes irigators Waterpik\u00ae WP-662 Aquarius\u2122 | Waterpik\",\"isPartOf\":{\"@id\":\"https:\/\/waterpik.lt\/#website\"},\"primaryImageOfPage\":{\"@id\":\"https:\/\/waterpik.lt\/lv\/produkt\/mutes-irigators-waterpik-wp-662-aquarius\/#primaryimage\"},\"image\":{\"@id\":\"https:\/\/waterpik.lt\/lv\/produkt\/mutes-irigators-waterpik-wp-662-aquarius\/#primaryimage\"},\"thumbnailUrl\":\"https:\/\/waterpik.lt\/wp-content\/uploads\/2022\/04\/WP662_3Quarter-2-scaled.jpg\",\"datePublished\":\"2022-04-07T08:31:56+00:00\",\"dateModified\":\"2025-12-16T13:47:23+00:00\",\"description\":\"Uz\u0146\u0113mums nodarbojas ar zobu tehnikas un stomatolo\u0123isk\u0101 apr\u012bkojuma tirdzniec\u012bbu. Jau 20 gadu ir mutes irigatoru ra\u017eot\u0101ja \u201eWaterpik\u201c p\u0101rst\u0101vis Baltijas valst\u012bs.\",\"breadcrumb\":{\"@id\":\"https:\/\/waterpik.lt\/lv\/produkt\/mutes-irigators-waterpik-wp-662-aquarius\/#breadcrumb\"},\"inLanguage\":\"lv-LV\",\"potentialAction\":[{\"@type\":\"ReadAction\",\"target\":[\"https:\/\/waterpik.lt\/lv\/produkt\/mutes-irigators-waterpik-wp-662-aquarius\/\"]}]},{\"@type\":\"ImageObject\",\"inLanguage\":\"lv-LV\",\"@id\":\"https:\/\/waterpik.lt\/lv\/produkt\/mutes-irigators-waterpik-wp-662-aquarius\/#primaryimage\",\"url\":\"https:\/\/waterpik.lt\/wp-content\/uploads\/2022\/04\/WP662_3Quarter-2-scaled.jpg\",\"contentUrl\":\"https:\/\/waterpik.lt\/wp-content\/uploads\/2022\/04\/WP662_3Quarter-2-scaled.jpg\",\"width\":2560,\"height\":2560},{\"@type\":\"BreadcrumbList\",\"@id\":\"https:\/\/waterpik.lt\/lv\/produkt\/mutes-irigators-waterpik-wp-662-aquarius\/#breadcrumb\",\"itemListElement\":[{\"@type\":\"ListItem\",\"position\":1,\"name\":\"Titulinis\",\"item\":\"https:\/\/waterpik.lt\/lv\/\"},{\"@type\":\"ListItem\",\"position\":2,\"name\":\"Produkti\",\"item\":\"https:\/\/waterpik.lt\/lv\/produkti\/\"},{\"@type\":\"ListItem\",\"position\":3,\"name\":\"Mutes irigators Waterpik\u00ae WP-662 Aquarius\u2122\"}]},{\"@type\":\"WebSite\",\"@id\":\"https:\/\/waterpik.lt\/#website\",\"url\":\"https:\/\/waterpik.lt\/\",\"name\":\"Waterpik\",\"description\":\"Irigatoriai\",\"publisher\":{\"@id\":\"https:\/\/waterpik.lt\/#organization\"},\"potentialAction\":[{\"@type\":\"SearchAction\",\"target\":{\"@type\":\"EntryPoint\",\"urlTemplate\":\"https:\/\/waterpik.lt\/?s={search_term_string}\"},\"query-input\":{\"@type\":\"PropertyValueSpecification\",\"valueRequired\":true,\"valueName\":\"search_term_string\"}}],\"inLanguage\":\"lv-LV\"},{\"@type\":\"Organization\",\"@id\":\"https:\/\/waterpik.lt\/#organization\",\"name\":\"Waterpik\",\"url\":\"https:\/\/waterpik.lt\/\",\"logo\":{\"@type\":\"ImageObject\",\"inLanguage\":\"lv-LV\",\"@id\":\"https:\/\/waterpik.lt\/#\/schema\/logo\/image\/\",\"url\":\"https:\/\/waterpik.lt\/wp-content\/uploads\/2019\/05\/WP-160.jpg\",\"contentUrl\":\"https:\/\/waterpik.lt\/wp-content\/uploads\/2019\/05\/WP-160.jpg\",\"width\":2048,\"height\":2048,\"caption\":\"Waterpik\"},\"image\":{\"@id\":\"https:\/\/waterpik.lt\/#\/schema\/logo\/image\/\"}}]}<\/script>\n<!-- \/ Yoast SEO plugin. -->","yoast_head_json":{"title":"Mutes irigators Waterpik\u00ae WP-662 Aquarius\u2122 | Waterpik","description":"Uz\u0146\u0113mums nodarbojas ar zobu tehnikas un stomatolo\u0123isk\u0101 apr\u012bkojuma tirdzniec\u012bbu. Jau 20 gadu ir mutes irigatoru ra\u017eot\u0101ja \u201eWaterpik\u201c p\u0101rst\u0101vis Baltijas valst\u012bs.","robots":{"index":"index","follow":"follow","max-snippet":"max-snippet:-1","max-image-preview":"max-image-preview:large","max-video-preview":"max-video-preview:-1"},"canonical":"https:\/\/waterpik.lt\/lv\/produkt\/mutes-irigators-waterpik-wp-662-aquarius\/","og_locale":"lv_LV","og_type":"article","og_title":"Mutes irigators Waterpik\u00ae WP-662 Aquarius\u2122 | Waterpik","og_description":"Uz\u0146\u0113mums nodarbojas ar zobu tehnikas un stomatolo\u0123isk\u0101 apr\u012bkojuma tirdzniec\u012bbu. Jau 20 gadu ir mutes irigatoru ra\u017eot\u0101ja \u201eWaterpik\u201c p\u0101rst\u0101vis Baltijas valst\u012bs.","og_url":"https:\/\/waterpik.lt\/lv\/produkt\/mutes-irigators-waterpik-wp-662-aquarius\/","og_site_name":"Waterpik","article_modified_time":"2025-12-16T13:47:23+00:00","og_image":[{"width":2560,"height":2560,"url":"https:\/\/waterpik.lt\/wp-content\/uploads\/2022\/04\/WP662_3Quarter-2-scaled.jpg","type":"image\/jpeg"}],"twitter_card":"summary_large_image","twitter_misc":{"Est. reading time":"2 minutes"},"schema":{"@context":"https:\/\/schema.org","@graph":[{"@type":"WebPage","@id":"https:\/\/waterpik.lt\/lv\/produkt\/mutes-irigators-waterpik-wp-662-aquarius\/","url":"https:\/\/waterpik.lt\/lv\/produkt\/mutes-irigators-waterpik-wp-662-aquarius\/","name":"Mutes irigators Waterpik\u00ae WP-662 Aquarius\u2122 | Waterpik","isPartOf":{"@id":"https:\/\/waterpik.lt\/#website"},"primaryImageOfPage":{"@id":"https:\/\/waterpik.lt\/lv\/produkt\/mutes-irigators-waterpik-wp-662-aquarius\/#primaryimage"},"image":{"@id":"https:\/\/waterpik.lt\/lv\/produkt\/mutes-irigators-waterpik-wp-662-aquarius\/#primaryimage"},"thumbnailUrl":"https:\/\/waterpik.lt\/wp-content\/uploads\/2022\/04\/WP662_3Quarter-2-scaled.jpg","datePublished":"2022-04-07T08:31:56+00:00","dateModified":"2025-12-16T13:47:23+00:00","description":"Uz\u0146\u0113mums nodarbojas ar zobu tehnikas un stomatolo\u0123isk\u0101 apr\u012bkojuma tirdzniec\u012bbu. Jau 20 gadu ir mutes irigatoru ra\u017eot\u0101ja \u201eWaterpik\u201c p\u0101rst\u0101vis Baltijas valst\u012bs.","breadcrumb":{"@id":"https:\/\/waterpik.lt\/lv\/produkt\/mutes-irigators-waterpik-wp-662-aquarius\/#breadcrumb"},"inLanguage":"lv-LV","potentialAction":[{"@type":"ReadAction","target":["https:\/\/waterpik.lt\/lv\/produkt\/mutes-irigators-waterpik-wp-662-aquarius\/"]}]},{"@type":"ImageObject","inLanguage":"lv-LV","@id":"https:\/\/waterpik.lt\/lv\/produkt\/mutes-irigators-waterpik-wp-662-aquarius\/#primaryimage","url":"https:\/\/waterpik.lt\/wp-content\/uploads\/2022\/04\/WP662_3Quarter-2-scaled.jpg","contentUrl":"https:\/\/waterpik.lt\/wp-content\/uploads\/2022\/04\/WP662_3Quarter-2-scaled.jpg","width":2560,"height":2560},{"@type":"BreadcrumbList","@id":"https:\/\/waterpik.lt\/lv\/produkt\/mutes-irigators-waterpik-wp-662-aquarius\/#breadcrumb","itemListElement":[{"@type":"ListItem","position":1,"name":"Titulinis","item":"https:\/\/waterpik.lt\/lv\/"},{"@type":"ListItem","position":2,"name":"Produkti","item":"https:\/\/waterpik.lt\/lv\/produkti\/"},{"@type":"ListItem","position":3,"name":"Mutes irigators Waterpik\u00ae WP-662 Aquarius\u2122"}]},{"@type":"WebSite","@id":"https:\/\/waterpik.lt\/#website","url":"https:\/\/waterpik.lt\/","name":"Waterpik","description":"Irigatoriai","publisher":{"@id":"https:\/\/waterpik.lt\/#organization"},"potentialAction":[{"@type":"SearchAction","target":{"@type":"EntryPoint","urlTemplate":"https:\/\/waterpik.lt\/?s={search_term_string}"},"query-input":{"@type":"PropertyValueSpecification","valueRequired":true,"valueName":"search_term_string"}}],"inLanguage":"lv-LV"},{"@type":"Organization","@id":"https:\/\/waterpik.lt\/#organization","name":"Waterpik","url":"https:\/\/waterpik.lt\/","logo":{"@type":"ImageObject","inLanguage":"lv-LV","@id":"https:\/\/waterpik.lt\/#\/schema\/logo\/image\/","url":"https:\/\/waterpik.lt\/wp-content\/uploads\/2019\/05\/WP-160.jpg","contentUrl":"https:\/\/waterpik.lt\/wp-content\/uploads\/2019\/05\/WP-160.jpg","width":2048,"height":2048,"caption":"Waterpik"},"image":{"@id":"https:\/\/waterpik.lt\/#\/schema\/logo\/image\/"}}]}},"_links":{"self":[{"href":"https:\/\/waterpik.lt\/lv\/wp-json\/wp\/v2\/product\/38655","targetHints":{"allow":["GET"]}}],"collection":[{"href":"https:\/\/waterpik.lt\/lv\/wp-json\/wp\/v2\/product"}],"about":[{"href":"https:\/\/waterpik.lt\/lv\/wp-json\/wp\/v2\/types\/product"}],"wp:featuredmedia":[{"embeddable":true,"href":"https:\/\/waterpik.lt\/lv\/wp-json\/wp\/v2\/media\/38660"}],"wp:attachment":[{"href":"https:\/\/waterpik.lt\/lv\/wp-json\/wp\/v2\/media?parent=38655"}],"wp:term":[{"taxonomy":"product_brand","embeddable":true,"href":"https:\/\/waterpik.lt\/lv\/wp-json\/wp\/v2\/product_brand?post=38655"},{"taxonomy":"product_cat","embeddable":true,"href":"https:\/\/waterpik.lt\/lv\/wp-json\/wp\/v2\/product_cat?post=38655"},{"taxonomy":"product_tag","embeddable":true,"href":"https:\/\/waterpik.lt\/lv\/wp-json\/wp\/v2\/product_tag?post=38655"}],"curies":[{"name":"wp","href":"https:\/\/api.w.org\/{rel}","templated":true}]}}