{"id":2899,"date":"2019-04-24T08:23:01","date_gmt":"2019-04-24T05:23:01","guid":{"rendered":"https:\/\/waterpik.lt\/?post_type=product&#038;p=2899"},"modified":"2025-12-16T15:52:47","modified_gmt":"2025-12-16T13:52:47","slug":"bezvadu-mutes-irigators-waterpik-wp-563","status":"publish","type":"product","link":"https:\/\/waterpik.lt\/lv\/produkt\/bezvadu-mutes-irigators-waterpik-wp-563\/","title":{"rendered":"Bezvadu mutes irigators Waterpik WP-563"},"content":{"rendered":"<div class=\"wpb-content-wrapper\"><p>[vc_row css_animation=&#8221;&#8221; row_type=&#8221;row&#8221; use_row_as_full_screen_section=&#8221;no&#8221; type=&#8221;full_width&#8221; angled_section=&#8221;no&#8221; text_align=&#8221;left&#8221; background_image_as_pattern=&#8221;without_pattern&#8221;][vc_column][vc_column_text]<\/p>\n<h3>Priek\u0161roc\u012bbas<\/h3>\n<ul>\n<li style=\"text-align: justify;\">Kl\u012bniski pier\u0101d\u012bts, ka smaganu kop\u0161ana ir divreiz efekt\u012bv\u0101ka nek\u0101 ar zobu diegu<\/li>\n<li style=\"text-align: justify;\">Likvid\u0113 bakt\u0113rijas no viet\u0101m, kur\u0101m gr\u016bti piek\u013c\u016bt ar suku vai zobu diegu, izt\u012bra zobstarpas un vietas zem smaganu l\u012bnijas<\/li>\n<li style=\"text-align: justify;\">Laboratorijas testos apstiprin\u0101ts, ka likvid\u0113 99,9% aplikuma no t\u012br\u0101m\u0101 zoba virsmas 3 sekun\u017eu laik\u0101<\/li>\n<li style=\"text-align: justify;\">Mas\u0113, stimul\u0113 un uzlabo smaganu asinsriti. Smaganas k\u013c\u016bst iztur\u012bg\u0101kas un vesel\u012bg\u0101kas<\/li>\n<li style=\"text-align: justify;\">J\u016btama mutes dobuma t\u012br\u012bba un svaigums<\/li>\n<\/ul>\n<p>[\/vc_column_text][vc_column_text css=&#8221;&#8221;]<\/p>\n<h3>Produkta raksturojums<\/h3>\n<ul>\n<li class=\"TextBody\"><span lang=\"LV\">\u010cetri irigatora uzga\u013ci \u2014 divi standarta, viens implantiem un viens breket\u0113m<\/span><\/li>\n<li class=\"TextBody\"><span lang=\"LV\">Magn\u0113tiskais l\u0101d\u0113t\u0101js (\u0101tr\u0101 uzl\u0101de ilgst tikai \u010detras stundas!)<\/span><\/li>\n<li class=\"TextBody\"><span lang=\"LV\">Tr\u012bs \u016bdens str\u016bklas stipruma re\u017e\u012bmi<\/span><\/li>\n<li class=\"TextBody\"><span lang=\"LV\">\u016adens tvertne, ar kuru pietiek 45 sekund\u0113m<\/span><\/li>\n<li class=\"TextBody\"><span lang=\"LV\">Darbojas \u013coti klusi<\/span><\/li>\n<li class=\"TextBody\"><span lang=\"LV\">Uzga\u013cu ietvars<\/span><\/li>\n<li class=\"TextBody\"><span lang=\"LV\">\u016adensiztur\u012bgs, var lietot du\u0161\u0101<\/span><\/li>\n<li class=\"TextBody\"><span lang=\"LV\">Lieliski noder ce\u013cojot vai neliel\u0101s vannasistab\u0101s<\/span><\/li>\n<li class=\"TextBody\"><a name=\"__DdeLink__142_1349484507\"><\/a><span lang=\"LV\">Uzgali var pagriezt<\/span><span lang=\"LV\"> 360\u00a0gr\u0101du le\u0146\u0137\u012b<\/span><\/li>\n<li class=\"TextBody\"><span lang=\"LV\">Viegls, p\u0101rn\u0113s\u0101jams<\/span><\/li>\n<li class=\"TextBody\"><span lang=\"LV\">Ce\u013cojumu ietvars<\/span><\/li>\n<li class=\"TextBody\"><span lang=\"LV\">Divu gadu garantija<\/span><\/li>\n<\/ul>\n<p>[\/vc_column_text][\/vc_column][\/vc_row]<\/p>\n<\/div>","protected":false},"excerpt":{"rendered":"<p>&nbsp;<\/p>\n<p class=\"western\"><b>Uzman\u012bbu! Modelis Waterpik WP-563 ofici\u0101li ir aizst\u0101ts ar jaunu modeli Waterpik WP-583<\/b><\/p>\n<p class=\"western\"><a href=\"https:\/\/waterpik.lt\/lv\/produkt\/bezvadu-mutes-irigators-waterpik-wp-583\/\"><span style=\"color: #ff0000;\"><u><b>Jauno modeli varat ieg\u0101d\u0101ties \u0161eit<\/b><\/u><\/span><\/a><\/p>\n<p>&nbsp;<\/p>\n<p class=\"western\"><span style=\"color: #ee0000;\"><u><b>SVAR\u012aGI!\u00a0<\/b><\/u><\/span><u><b>WP-563 un WP-583 ir identiski mode\u013ci, at\u0161\u0137iras tikai \u0161o mode\u013cu baterijas. Jaun\u0101 WP-583 mode\u013ca baterija darbojas divreiz ilg\u0101k.<\/b><\/u><\/p>\n<p>&nbsp;<\/p>\n<p class=\"TextBody\" style=\"text-align: justify;\"><span lang=\"LV\">Modelim \u201eCordless Advanced\u201d ir magn\u0113tisk\u0101 uzl\u0101des sist\u0113ma (\u0101tr\u0101 uzl\u0101de ilgst tikai \u010detras stundas), tas darbojas klusi, korpuss ir \u016bdensiztur\u012bgs. Lieliski noder izmanto\u0161anai neliel\u0101s telp\u0101s, ce\u013cojot vai du\u0161\u0101. Var izv\u0113l\u0113ties no vair\u0101kiem da\u017e\u0101du kr\u0101su mode\u013ciem.<\/span><\/p>\n<p class=\"TextBody\" style=\"text-align: justify;\"><span lang=\"LV\">No t\u012br\u0101m\u0101m viet\u0101m no\u0146em l\u012bdz 99,9\u00a0% aplikuma un l\u012bdz 50 % efekt\u012bv\u0101k nek\u0101 zobu diegs r\u016bp\u0113jas par veselu smaganu st\u0101vokli. Mode\u013ca raksturojums: \u010detri uzga\u013ci, tr\u012bs \u016bdens str\u016bklas stipruma re\u017e\u012bmi, uzgali var pagriezt 360 gr\u0101du le\u0146\u0137\u012b, ce\u013cojumu soma, divu gadu garantija.<\/span><\/p>\n<p class=\"TextBody\" style=\"text-align: justify;\"><span lang=\"LV\">\u201eWaterpik\u00ae\u201d ir visbie\u017e\u0101k ieteiktie mutes irigatori, kurus kl\u012bniski ir p\u0101rbaud\u012bjusi un apstiprin\u0101jusi ASV Zob\u0101rstu asoci\u0101cija (ADA). <\/span><\/p>\n<p>&nbsp;<\/p>\n<div class=\"qbutton default\">[spu popup=\"862\"]PAS\u016aT\u012aT[\/spu]<\/div>\n","protected":false},"featured_media":19420,"template":"","meta":{"inline_featured_image":false},"product_brand":[],"product_cat":[57],"product_tag":[],"class_list":{"0":"post-2899","1":"product","2":"type-product","3":"status-publish","4":"has-post-thumbnail","6":"product_cat-bezvadu-mutes-irigatori","8":"first","9":"outofstock","10":"taxable","11":"shipping-taxable","12":"purchasable","13":"product-type-simple"},"yoast_head":"<!-- This site is optimized with the Yoast SEO plugin v24.6 - https:\/\/yoast.com\/wordpress\/plugins\/seo\/ -->\n<title>Bezvadu mutes irigators Waterpik WP-563 | Waterpik<\/title>\n<meta name=\"description\" content=\"Uz\u0146\u0113mums nodarbojas ar zobu tehnikas un stomatolo\u0123isk\u0101 apr\u012bkojuma tirdzniec\u012bbu. Jau 20 gadu ir mutes irigatoru ra\u017eot\u0101ja \u201eWaterpik\u201c p\u0101rst\u0101vis Baltijas valst\u012bs.\" \/>\n<meta name=\"robots\" content=\"index, follow, max-snippet:-1, max-image-preview:large, max-video-preview:-1\" \/>\n<link rel=\"canonical\" href=\"https:\/\/waterpik.lt\/lv\/produkt\/bezvadu-mutes-irigators-waterpik-wp-563\/\" \/>\n<meta property=\"og:locale\" content=\"lv_LV\" \/>\n<meta property=\"og:type\" content=\"article\" \/>\n<meta property=\"og:title\" content=\"Bezvadu mutes irigators Waterpik WP-563 | Waterpik\" \/>\n<meta property=\"og:description\" content=\"Uz\u0146\u0113mums nodarbojas ar zobu tehnikas un stomatolo\u0123isk\u0101 apr\u012bkojuma tirdzniec\u012bbu. Jau 20 gadu ir mutes irigatoru ra\u017eot\u0101ja \u201eWaterpik\u201c p\u0101rst\u0101vis Baltijas valst\u012bs.\" \/>\n<meta property=\"og:url\" content=\"https:\/\/waterpik.lt\/lv\/produkt\/bezvadu-mutes-irigators-waterpik-wp-563\/\" \/>\n<meta property=\"og:site_name\" content=\"Waterpik\" \/>\n<meta property=\"article:modified_time\" content=\"2025-12-16T13:52:47+00:00\" \/>\n<meta property=\"og:image\" content=\"https:\/\/waterpik.lt\/wp-content\/uploads\/2019\/04\/WP563_3Quarter_ClassicBlue-scaled.jpg\" \/>\n\t<meta property=\"og:image:width\" content=\"2560\" \/>\n\t<meta property=\"og:image:height\" content=\"2560\" \/>\n\t<meta property=\"og:image:type\" content=\"image\/jpeg\" \/>\n<meta name=\"twitter:card\" content=\"summary_large_image\" \/>\n<meta name=\"twitter:label1\" content=\"Est. reading time\" \/>\n\t<meta name=\"twitter:data1\" content=\"1 minute\" \/>\n<script type=\"application\/ld+json\" class=\"yoast-schema-graph\">{\"@context\":\"https:\/\/schema.org\",\"@graph\":[{\"@type\":\"WebPage\",\"@id\":\"https:\/\/waterpik.lt\/lv\/produkt\/bezvadu-mutes-irigators-waterpik-wp-563\/\",\"url\":\"https:\/\/waterpik.lt\/lv\/produkt\/bezvadu-mutes-irigators-waterpik-wp-563\/\",\"name\":\"Bezvadu mutes irigators Waterpik WP-563 | Waterpik\",\"isPartOf\":{\"@id\":\"https:\/\/waterpik.lt\/#website\"},\"primaryImageOfPage\":{\"@id\":\"https:\/\/waterpik.lt\/lv\/produkt\/bezvadu-mutes-irigators-waterpik-wp-563\/#primaryimage\"},\"image\":{\"@id\":\"https:\/\/waterpik.lt\/lv\/produkt\/bezvadu-mutes-irigators-waterpik-wp-563\/#primaryimage\"},\"thumbnailUrl\":\"https:\/\/waterpik.lt\/wp-content\/uploads\/2019\/04\/WP563_3Quarter_ClassicBlue-scaled.jpg\",\"datePublished\":\"2019-04-24T05:23:01+00:00\",\"dateModified\":\"2025-12-16T13:52:47+00:00\",\"description\":\"Uz\u0146\u0113mums nodarbojas ar zobu tehnikas un stomatolo\u0123isk\u0101 apr\u012bkojuma tirdzniec\u012bbu. Jau 20 gadu ir mutes irigatoru ra\u017eot\u0101ja \u201eWaterpik\u201c p\u0101rst\u0101vis Baltijas valst\u012bs.\",\"breadcrumb\":{\"@id\":\"https:\/\/waterpik.lt\/lv\/produkt\/bezvadu-mutes-irigators-waterpik-wp-563\/#breadcrumb\"},\"inLanguage\":\"lv-LV\",\"potentialAction\":[{\"@type\":\"ReadAction\",\"target\":[\"https:\/\/waterpik.lt\/lv\/produkt\/bezvadu-mutes-irigators-waterpik-wp-563\/\"]}]},{\"@type\":\"ImageObject\",\"inLanguage\":\"lv-LV\",\"@id\":\"https:\/\/waterpik.lt\/lv\/produkt\/bezvadu-mutes-irigators-waterpik-wp-563\/#primaryimage\",\"url\":\"https:\/\/waterpik.lt\/wp-content\/uploads\/2019\/04\/WP563_3Quarter_ClassicBlue-scaled.jpg\",\"contentUrl\":\"https:\/\/waterpik.lt\/wp-content\/uploads\/2019\/04\/WP563_3Quarter_ClassicBlue-scaled.jpg\",\"width\":2560,\"height\":2560},{\"@type\":\"BreadcrumbList\",\"@id\":\"https:\/\/waterpik.lt\/lv\/produkt\/bezvadu-mutes-irigators-waterpik-wp-563\/#breadcrumb\",\"itemListElement\":[{\"@type\":\"ListItem\",\"position\":1,\"name\":\"Titulinis\",\"item\":\"https:\/\/waterpik.lt\/lv\/\"},{\"@type\":\"ListItem\",\"position\":2,\"name\":\"Produkti\",\"item\":\"https:\/\/waterpik.lt\/lv\/produkti\/\"},{\"@type\":\"ListItem\",\"position\":3,\"name\":\"Bezvadu mutes irigators Waterpik WP-563\"}]},{\"@type\":\"WebSite\",\"@id\":\"https:\/\/waterpik.lt\/#website\",\"url\":\"https:\/\/waterpik.lt\/\",\"name\":\"Waterpik\",\"description\":\"Irigatoriai\",\"publisher\":{\"@id\":\"https:\/\/waterpik.lt\/#organization\"},\"potentialAction\":[{\"@type\":\"SearchAction\",\"target\":{\"@type\":\"EntryPoint\",\"urlTemplate\":\"https:\/\/waterpik.lt\/?s={search_term_string}\"},\"query-input\":{\"@type\":\"PropertyValueSpecification\",\"valueRequired\":true,\"valueName\":\"search_term_string\"}}],\"inLanguage\":\"lv-LV\"},{\"@type\":\"Organization\",\"@id\":\"https:\/\/waterpik.lt\/#organization\",\"name\":\"Waterpik\",\"url\":\"https:\/\/waterpik.lt\/\",\"logo\":{\"@type\":\"ImageObject\",\"inLanguage\":\"lv-LV\",\"@id\":\"https:\/\/waterpik.lt\/#\/schema\/logo\/image\/\",\"url\":\"https:\/\/waterpik.lt\/wp-content\/uploads\/2019\/05\/WP-160.jpg\",\"contentUrl\":\"https:\/\/waterpik.lt\/wp-content\/uploads\/2019\/05\/WP-160.jpg\",\"width\":2048,\"height\":2048,\"caption\":\"Waterpik\"},\"image\":{\"@id\":\"https:\/\/waterpik.lt\/#\/schema\/logo\/image\/\"}}]}<\/script>\n<!-- \/ Yoast SEO plugin. -->","yoast_head_json":{"title":"Bezvadu mutes irigators Waterpik WP-563 | Waterpik","description":"Uz\u0146\u0113mums nodarbojas ar zobu tehnikas un stomatolo\u0123isk\u0101 apr\u012bkojuma tirdzniec\u012bbu. Jau 20 gadu ir mutes irigatoru ra\u017eot\u0101ja \u201eWaterpik\u201c p\u0101rst\u0101vis Baltijas valst\u012bs.","robots":{"index":"index","follow":"follow","max-snippet":"max-snippet:-1","max-image-preview":"max-image-preview:large","max-video-preview":"max-video-preview:-1"},"canonical":"https:\/\/waterpik.lt\/lv\/produkt\/bezvadu-mutes-irigators-waterpik-wp-563\/","og_locale":"lv_LV","og_type":"article","og_title":"Bezvadu mutes irigators Waterpik WP-563 | Waterpik","og_description":"Uz\u0146\u0113mums nodarbojas ar zobu tehnikas un stomatolo\u0123isk\u0101 apr\u012bkojuma tirdzniec\u012bbu. Jau 20 gadu ir mutes irigatoru ra\u017eot\u0101ja \u201eWaterpik\u201c p\u0101rst\u0101vis Baltijas valst\u012bs.","og_url":"https:\/\/waterpik.lt\/lv\/produkt\/bezvadu-mutes-irigators-waterpik-wp-563\/","og_site_name":"Waterpik","article_modified_time":"2025-12-16T13:52:47+00:00","og_image":[{"width":2560,"height":2560,"url":"https:\/\/waterpik.lt\/wp-content\/uploads\/2019\/04\/WP563_3Quarter_ClassicBlue-scaled.jpg","type":"image\/jpeg"}],"twitter_card":"summary_large_image","twitter_misc":{"Est. reading time":"1 minute"},"schema":{"@context":"https:\/\/schema.org","@graph":[{"@type":"WebPage","@id":"https:\/\/waterpik.lt\/lv\/produkt\/bezvadu-mutes-irigators-waterpik-wp-563\/","url":"https:\/\/waterpik.lt\/lv\/produkt\/bezvadu-mutes-irigators-waterpik-wp-563\/","name":"Bezvadu mutes irigators Waterpik WP-563 | Waterpik","isPartOf":{"@id":"https:\/\/waterpik.lt\/#website"},"primaryImageOfPage":{"@id":"https:\/\/waterpik.lt\/lv\/produkt\/bezvadu-mutes-irigators-waterpik-wp-563\/#primaryimage"},"image":{"@id":"https:\/\/waterpik.lt\/lv\/produkt\/bezvadu-mutes-irigators-waterpik-wp-563\/#primaryimage"},"thumbnailUrl":"https:\/\/waterpik.lt\/wp-content\/uploads\/2019\/04\/WP563_3Quarter_ClassicBlue-scaled.jpg","datePublished":"2019-04-24T05:23:01+00:00","dateModified":"2025-12-16T13:52:47+00:00","description":"Uz\u0146\u0113mums nodarbojas ar zobu tehnikas un stomatolo\u0123isk\u0101 apr\u012bkojuma tirdzniec\u012bbu. Jau 20 gadu ir mutes irigatoru ra\u017eot\u0101ja \u201eWaterpik\u201c p\u0101rst\u0101vis Baltijas valst\u012bs.","breadcrumb":{"@id":"https:\/\/waterpik.lt\/lv\/produkt\/bezvadu-mutes-irigators-waterpik-wp-563\/#breadcrumb"},"inLanguage":"lv-LV","potentialAction":[{"@type":"ReadAction","target":["https:\/\/waterpik.lt\/lv\/produkt\/bezvadu-mutes-irigators-waterpik-wp-563\/"]}]},{"@type":"ImageObject","inLanguage":"lv-LV","@id":"https:\/\/waterpik.lt\/lv\/produkt\/bezvadu-mutes-irigators-waterpik-wp-563\/#primaryimage","url":"https:\/\/waterpik.lt\/wp-content\/uploads\/2019\/04\/WP563_3Quarter_ClassicBlue-scaled.jpg","contentUrl":"https:\/\/waterpik.lt\/wp-content\/uploads\/2019\/04\/WP563_3Quarter_ClassicBlue-scaled.jpg","width":2560,"height":2560},{"@type":"BreadcrumbList","@id":"https:\/\/waterpik.lt\/lv\/produkt\/bezvadu-mutes-irigators-waterpik-wp-563\/#breadcrumb","itemListElement":[{"@type":"ListItem","position":1,"name":"Titulinis","item":"https:\/\/waterpik.lt\/lv\/"},{"@type":"ListItem","position":2,"name":"Produkti","item":"https:\/\/waterpik.lt\/lv\/produkti\/"},{"@type":"ListItem","position":3,"name":"Bezvadu mutes irigators Waterpik WP-563"}]},{"@type":"WebSite","@id":"https:\/\/waterpik.lt\/#website","url":"https:\/\/waterpik.lt\/","name":"Waterpik","description":"Irigatoriai","publisher":{"@id":"https:\/\/waterpik.lt\/#organization"},"potentialAction":[{"@type":"SearchAction","target":{"@type":"EntryPoint","urlTemplate":"https:\/\/waterpik.lt\/?s={search_term_string}"},"query-input":{"@type":"PropertyValueSpecification","valueRequired":true,"valueName":"search_term_string"}}],"inLanguage":"lv-LV"},{"@type":"Organization","@id":"https:\/\/waterpik.lt\/#organization","name":"Waterpik","url":"https:\/\/waterpik.lt\/","logo":{"@type":"ImageObject","inLanguage":"lv-LV","@id":"https:\/\/waterpik.lt\/#\/schema\/logo\/image\/","url":"https:\/\/waterpik.lt\/wp-content\/uploads\/2019\/05\/WP-160.jpg","contentUrl":"https:\/\/waterpik.lt\/wp-content\/uploads\/2019\/05\/WP-160.jpg","width":2048,"height":2048,"caption":"Waterpik"},"image":{"@id":"https:\/\/waterpik.lt\/#\/schema\/logo\/image\/"}}]}},"_links":{"self":[{"href":"https:\/\/waterpik.lt\/lv\/wp-json\/wp\/v2\/product\/2899","targetHints":{"allow":["GET"]}}],"collection":[{"href":"https:\/\/waterpik.lt\/lv\/wp-json\/wp\/v2\/product"}],"about":[{"href":"https:\/\/waterpik.lt\/lv\/wp-json\/wp\/v2\/types\/product"}],"wp:featuredmedia":[{"embeddable":true,"href":"https:\/\/waterpik.lt\/lv\/wp-json\/wp\/v2\/media\/19420"}],"wp:attachment":[{"href":"https:\/\/waterpik.lt\/lv\/wp-json\/wp\/v2\/media?parent=2899"}],"wp:term":[{"taxonomy":"product_brand","embeddable":true,"href":"https:\/\/waterpik.lt\/lv\/wp-json\/wp\/v2\/product_brand?post=2899"},{"taxonomy":"product_cat","embeddable":true,"href":"https:\/\/waterpik.lt\/lv\/wp-json\/wp\/v2\/product_cat?post=2899"},{"taxonomy":"product_tag","embeddable":true,"href":"https:\/\/waterpik.lt\/lv\/wp-json\/wp\/v2\/product_tag?post=2899"}],"curies":[{"name":"wp","href":"https:\/\/api.w.org\/{rel}","templated":true}]}}