{"id":202127,"date":"2026-03-10T10:05:59","date_gmt":"2026-03-10T08:05:59","guid":{"rendered":"https:\/\/waterpik.lt\/?post_type=product&#038;p=202127"},"modified":"2026-03-10T10:21:43","modified_gmt":"2026-03-10T08:21:43","slug":"mutes-irigators-waterpik-ultra-wf-112","status":"publish","type":"product","link":"https:\/\/waterpik.lt\/lv\/produkt\/mutes-irigators-waterpik-ultra-wf-112\/","title":{"rendered":"Mutes irigators Waterpik Ultra WF-112"},"content":{"rendered":"<div class=\"wpb-content-wrapper\"><p>[vc_row css_animation=&#8221;&#8221; row_type=&#8221;row&#8221; use_row_as_full_screen_section=&#8221;no&#8221; type=&#8221;full_width&#8221; angled_section=&#8221;no&#8221; text_align=&#8221;left&#8221; background_image_as_pattern=&#8221;without_pattern&#8221;][vc_column][vc_column_text]<\/p>\n<h3>Priek\u0161roc\u012bbas<\/h3>\n<ul>\n<li style=\"text-align: left;\">Uzlabo mutes higi\u0113nu: kl\u012bniski pier\u0101d\u012bts, ka smaganu kop\u0161ana ar irigatoru ir divreiz efekt\u012bv\u0101ka neka ar zobu diegu<\/li>\n<li style=\"text-align: left;\">Likvid\u0113 dzi\u013ci starp zobiem un aiz smagan\u0101m eso\u0161\u0101s bakt\u0113rijas, kur\u0101m gr\u016bti piek\u013c\u016bt ar birsti un diegu<\/li>\n<li style=\"text-align: left;\">Mas\u0113 un stimul\u0113 smaganas, nov\u0113r\u0161 iekaisumu un uzlabo mutes vesel\u012bbu<\/li>\n<li style=\"text-align: left;\">Var lietot kop\u0101 ar \u016bdeni vai iecien\u012bto mutes skalojamo l\u012bdzekli<\/li>\n<\/ul>\n<h3>Produkta raksturojums<\/h3>\n<ul>\n<li style=\"text-align: justify;\">Progres\u012bva spiediena vad\u012bbas sist\u0113ma ar 10 spiediena re\u017e\u012bmiem<\/li>\n<li style=\"text-align: justify;\">Moderns mini korpuss: par 20% maz\u0101ks nek\u0101 iepriek\u0161\u0113jiem mode\u013ciem<\/li>\n<li style=\"text-align: justify;\">Darbojas klus\u0101k par citiem<\/li>\n<li style=\"text-align: justify;\">Unik\u0101ls tvertnes v\u0101ci\u0146\u0161 ar nodal\u012bjumu higi\u0113niskai uzga\u013cu glab\u0101\u0161anai<\/li>\n<li style=\"text-align: justify;\">Tvertnes ietilp\u012bba: 650 ml<\/li>\n<\/ul>\n<p>Komplekt\u0101:<\/p>\n<ul>\n<li style=\"text-align: justify;\">Standarta uzgalis JT, 2 gab. Dzi\u013ci t\u012bra zobstarpas, mas\u0113 smaganas un r\u016bp\u0113jas par smaganu vesel\u012bbu<\/li>\n<li style=\"text-align: justify;\">M\u0113les t\u012br\u012bt\u0101js TC, 1 gab. No\u0146em bakt\u0113rijas, kas izraisa sliktu elpu<\/li>\n<li style=\"text-align: justify;\">Uzgalis Pik Pocket PP, 1 gab. Izskalo smaganu kabatas<\/li>\n<li style=\"text-align: justify;\">Ortodontiskais uzgalis OD, 1 gab. Izt\u012bra gr\u016bti sasniedzamas vietas ap breket\u0113m un cit\u0101m prot\u0113z\u0113m<\/li>\n<li style=\"text-align: justify;\">Plaque Seeker\u2122 Tip PS, 1 gab. Tr\u012bs pl\u0101ni saru k\u016bl\u012b\u0161i no\u0146em zobu aplikumu no gr\u016bti sasniedzam\u0101m viet\u0101m un ir \u012bpa\u0161i piem\u0113roti implantu kop\u0161anai<\/li>\n<\/ul>\n<p>[\/vc_column_text][\/vc_column][\/vc_row]<\/p>\n<\/div>","protected":false},"excerpt":{"rendered":"<p><span style=\"color: #ff0000;\"><b>Visiem labi zin\u0101majam modelim Waterpik<strong> WP-112 Ultra <\/strong>tagad ir jauns nosaukums Waterpik<strong> WF-112 Ultra<\/strong><\/b><\/span><span style=\"color: #ff0000;\"><b><strong>!<\/strong><\/b><\/span><\/p>\n<p>Vienk\u0101r\u0161\u0101ks un efekt\u012bv\u0101ks par zobu diegu Irrigator Waterpik\u00ae WF-112 Ultra<br \/>\nWaterpik\u00ae Ultra ir viegl\u0101kais un efekt\u012bv\u0101kais zobu t\u012br\u012b\u0161anas veids. Irigatora Waterpik\u00ae Ultra izsmidzin\u0101m\u0101 \u016bdens spiediens tiek regul\u0113ts ar 10 stipruma l\u012bme\u0146iem. Ier\u012bcei ir m\u016bsdien\u012bgs dizains, hrom\u0113tas deta\u013cas, t\u0101s roktur\u012b ir pilnveidota iesl\u0113g\u0161anas\/izsl\u0113g\u0161anas poga. Rezervu\u0101ram ir sl\u0113gts v\u0101ci\u0146\u0161, kur\u0101 var salikt uzga\u013cus. Ar pilnveidotu motori\u0146u ier\u012bce darbojas klus\u0101k.<br \/>\nIrigatori ir lieliski piem\u0113roti tiem, kam ir breketes, implanti, zobu kro\u0146i, zobu tilti un ven\u012bri.<\/p>\n<p>Modelim Ultra ir divu gadu garantija.<\/p>\n<p><b><\/b><br \/>\n<a href=\"\/wp-content\/uploads\/2018\/12\/Waterpik-WP-100-LV.pdf\" target=\"_blank\" rel=\"noopener\"><img loading=\"lazy\" decoding=\"async\" class=\"alignnone wp-image-433\" src=\"https:\/\/waterpik.lt\/wp-content\/uploads\/2018\/11\/download.png\" alt=\"\" width=\"128\" height=\"41\" \/><\/a><\/p>\n<p>&nbsp;<\/p>\n<div class=\"qbutton default\">[spu popup=\"862\"]PAS\u016aT\u012aT[\/spu]<\/div>\n","protected":false},"featured_media":38988,"template":"","meta":{"inline_featured_image":false},"product_brand":[],"product_cat":[55],"product_tag":[],"class_list":{"0":"post-202127","1":"product","2":"type-product","3":"status-publish","4":"has-post-thumbnail","6":"product_cat-mutes-irigatori","8":"first","9":"instock","10":"sale","11":"taxable","12":"shipping-taxable","13":"purchasable","14":"product-type-simple"},"yoast_head":"<!-- This site is optimized with the Yoast SEO plugin v24.6 - https:\/\/yoast.com\/wordpress\/plugins\/seo\/ -->\n<title>Mutes irigators Waterpik Ultra WF-112 | Waterpik<\/title>\n<meta name=\"description\" content=\"Uz\u0146\u0113mums nodarbojas ar zobu tehnikas un stomatolo\u0123isk\u0101 apr\u012bkojuma tirdzniec\u012bbu. Jau 20 gadu ir mutes irigatoru ra\u017eot\u0101ja \u201eWaterpik\u201c p\u0101rst\u0101vis Baltijas valst\u012bs.\" \/>\n<meta name=\"robots\" content=\"index, follow, max-snippet:-1, max-image-preview:large, max-video-preview:-1\" \/>\n<link rel=\"canonical\" href=\"https:\/\/waterpik.lt\/lv\/produkt\/mutes-irigators-waterpik-ultra-wf-112\/\" \/>\n<meta property=\"og:locale\" content=\"lv_LV\" \/>\n<meta property=\"og:type\" content=\"article\" \/>\n<meta property=\"og:title\" content=\"Mutes irigators Waterpik Ultra WF-112 | Waterpik\" \/>\n<meta property=\"og:description\" content=\"Uz\u0146\u0113mums nodarbojas ar zobu tehnikas un stomatolo\u0123isk\u0101 apr\u012bkojuma tirdzniec\u012bbu. Jau 20 gadu ir mutes irigatoru ra\u017eot\u0101ja \u201eWaterpik\u201c p\u0101rst\u0101vis Baltijas valst\u012bs.\" \/>\n<meta property=\"og:url\" content=\"https:\/\/waterpik.lt\/lv\/produkt\/mutes-irigators-waterpik-ultra-wf-112\/\" \/>\n<meta property=\"og:site_name\" content=\"Waterpik\" \/>\n<meta property=\"article:modified_time\" content=\"2026-03-10T08:21:43+00:00\" \/>\n<meta property=\"og:image\" content=\"https:\/\/waterpik.lt\/wp-content\/uploads\/2020\/12\/WP670-webui-scaled.jpg\" \/>\n\t<meta property=\"og:image:width\" content=\"2560\" \/>\n\t<meta property=\"og:image:height\" content=\"2560\" \/>\n\t<meta property=\"og:image:type\" content=\"image\/jpeg\" \/>\n<meta name=\"twitter:card\" content=\"summary_large_image\" \/>\n<meta name=\"twitter:label1\" content=\"Est. reading time\" \/>\n\t<meta name=\"twitter:data1\" content=\"1 minute\" \/>\n<script type=\"application\/ld+json\" class=\"yoast-schema-graph\">{\"@context\":\"https:\/\/schema.org\",\"@graph\":[{\"@type\":\"WebPage\",\"@id\":\"https:\/\/waterpik.lt\/lv\/produkt\/mutes-irigators-waterpik-ultra-wf-112\/\",\"url\":\"https:\/\/waterpik.lt\/lv\/produkt\/mutes-irigators-waterpik-ultra-wf-112\/\",\"name\":\"Mutes irigators Waterpik Ultra WF-112 | Waterpik\",\"isPartOf\":{\"@id\":\"https:\/\/waterpik.lt\/#website\"},\"primaryImageOfPage\":{\"@id\":\"https:\/\/waterpik.lt\/lv\/produkt\/mutes-irigators-waterpik-ultra-wf-112\/#primaryimage\"},\"image\":{\"@id\":\"https:\/\/waterpik.lt\/lv\/produkt\/mutes-irigators-waterpik-ultra-wf-112\/#primaryimage\"},\"thumbnailUrl\":\"https:\/\/waterpik.lt\/wp-content\/uploads\/2018\/11\/waterpik-ultra-water-flosser-wp-112-black..jpg\",\"datePublished\":\"2026-03-10T08:05:59+00:00\",\"dateModified\":\"2026-03-10T08:21:43+00:00\",\"description\":\"Uz\u0146\u0113mums nodarbojas ar zobu tehnikas un stomatolo\u0123isk\u0101 apr\u012bkojuma tirdzniec\u012bbu. Jau 20 gadu ir mutes irigatoru ra\u017eot\u0101ja \u201eWaterpik\u201c p\u0101rst\u0101vis Baltijas valst\u012bs.\",\"breadcrumb\":{\"@id\":\"https:\/\/waterpik.lt\/lv\/produkt\/mutes-irigators-waterpik-ultra-wf-112\/#breadcrumb\"},\"inLanguage\":\"lv-LV\",\"potentialAction\":[{\"@type\":\"ReadAction\",\"target\":[\"https:\/\/waterpik.lt\/lv\/produkt\/mutes-irigators-waterpik-ultra-wf-112\/\"]}]},{\"@type\":\"ImageObject\",\"inLanguage\":\"lv-LV\",\"@id\":\"https:\/\/waterpik.lt\/lv\/produkt\/mutes-irigators-waterpik-ultra-wf-112\/#primaryimage\",\"url\":\"https:\/\/waterpik.lt\/wp-content\/uploads\/2018\/11\/waterpik-ultra-water-flosser-wp-112-black..jpg\",\"contentUrl\":\"https:\/\/waterpik.lt\/wp-content\/uploads\/2018\/11\/waterpik-ultra-water-flosser-wp-112-black..jpg\",\"width\":600,\"height\":600},{\"@type\":\"BreadcrumbList\",\"@id\":\"https:\/\/waterpik.lt\/lv\/produkt\/mutes-irigators-waterpik-ultra-wf-112\/#breadcrumb\",\"itemListElement\":[{\"@type\":\"ListItem\",\"position\":1,\"name\":\"Titulinis\",\"item\":\"https:\/\/waterpik.lt\/lv\/\"},{\"@type\":\"ListItem\",\"position\":2,\"name\":\"Produkti\",\"item\":\"https:\/\/waterpik.lt\/lv\/produkti\/\"},{\"@type\":\"ListItem\",\"position\":3,\"name\":\"Mutes irigators Waterpik Ultra WF-112\"}]},{\"@type\":\"WebSite\",\"@id\":\"https:\/\/waterpik.lt\/#website\",\"url\":\"https:\/\/waterpik.lt\/\",\"name\":\"Waterpik\",\"description\":\"Irigatoriai\",\"publisher\":{\"@id\":\"https:\/\/waterpik.lt\/#organization\"},\"potentialAction\":[{\"@type\":\"SearchAction\",\"target\":{\"@type\":\"EntryPoint\",\"urlTemplate\":\"https:\/\/waterpik.lt\/?s={search_term_string}\"},\"query-input\":{\"@type\":\"PropertyValueSpecification\",\"valueRequired\":true,\"valueName\":\"search_term_string\"}}],\"inLanguage\":\"lv-LV\"},{\"@type\":\"Organization\",\"@id\":\"https:\/\/waterpik.lt\/#organization\",\"name\":\"Waterpik\",\"url\":\"https:\/\/waterpik.lt\/\",\"logo\":{\"@type\":\"ImageObject\",\"inLanguage\":\"lv-LV\",\"@id\":\"https:\/\/waterpik.lt\/#\/schema\/logo\/image\/\",\"url\":\"https:\/\/waterpik.lt\/wp-content\/uploads\/2019\/05\/WP-160.jpg\",\"contentUrl\":\"https:\/\/waterpik.lt\/wp-content\/uploads\/2019\/05\/WP-160.jpg\",\"width\":2048,\"height\":2048,\"caption\":\"Waterpik\"},\"image\":{\"@id\":\"https:\/\/waterpik.lt\/#\/schema\/logo\/image\/\"}}]}<\/script>\n<!-- \/ Yoast SEO plugin. -->","yoast_head_json":{"title":"Mutes irigators Waterpik Ultra WF-112 | Waterpik","description":"Uz\u0146\u0113mums nodarbojas ar zobu tehnikas un stomatolo\u0123isk\u0101 apr\u012bkojuma tirdzniec\u012bbu. Jau 20 gadu ir mutes irigatoru ra\u017eot\u0101ja \u201eWaterpik\u201c p\u0101rst\u0101vis Baltijas valst\u012bs.","robots":{"index":"index","follow":"follow","max-snippet":"max-snippet:-1","max-image-preview":"max-image-preview:large","max-video-preview":"max-video-preview:-1"},"canonical":"https:\/\/waterpik.lt\/lv\/produkt\/mutes-irigators-waterpik-ultra-wf-112\/","og_locale":"lv_LV","og_type":"article","og_title":"Mutes irigators Waterpik Ultra WF-112 | Waterpik","og_description":"Uz\u0146\u0113mums nodarbojas ar zobu tehnikas un stomatolo\u0123isk\u0101 apr\u012bkojuma tirdzniec\u012bbu. Jau 20 gadu ir mutes irigatoru ra\u017eot\u0101ja \u201eWaterpik\u201c p\u0101rst\u0101vis Baltijas valst\u012bs.","og_url":"https:\/\/waterpik.lt\/lv\/produkt\/mutes-irigators-waterpik-ultra-wf-112\/","og_site_name":"Waterpik","article_modified_time":"2026-03-10T08:21:43+00:00","og_image":[{"width":2560,"height":2560,"url":"https:\/\/waterpik.lt\/wp-content\/uploads\/2020\/12\/WP670-webui-scaled.jpg","type":"image\/jpeg"}],"twitter_card":"summary_large_image","twitter_misc":{"Est. reading time":"1 minute"},"schema":{"@context":"https:\/\/schema.org","@graph":[{"@type":"WebPage","@id":"https:\/\/waterpik.lt\/lv\/produkt\/mutes-irigators-waterpik-ultra-wf-112\/","url":"https:\/\/waterpik.lt\/lv\/produkt\/mutes-irigators-waterpik-ultra-wf-112\/","name":"Mutes irigators Waterpik Ultra WF-112 | Waterpik","isPartOf":{"@id":"https:\/\/waterpik.lt\/#website"},"primaryImageOfPage":{"@id":"https:\/\/waterpik.lt\/lv\/produkt\/mutes-irigators-waterpik-ultra-wf-112\/#primaryimage"},"image":{"@id":"https:\/\/waterpik.lt\/lv\/produkt\/mutes-irigators-waterpik-ultra-wf-112\/#primaryimage"},"thumbnailUrl":"https:\/\/waterpik.lt\/wp-content\/uploads\/2018\/11\/waterpik-ultra-water-flosser-wp-112-black..jpg","datePublished":"2026-03-10T08:05:59+00:00","dateModified":"2026-03-10T08:21:43+00:00","description":"Uz\u0146\u0113mums nodarbojas ar zobu tehnikas un stomatolo\u0123isk\u0101 apr\u012bkojuma tirdzniec\u012bbu. Jau 20 gadu ir mutes irigatoru ra\u017eot\u0101ja \u201eWaterpik\u201c p\u0101rst\u0101vis Baltijas valst\u012bs.","breadcrumb":{"@id":"https:\/\/waterpik.lt\/lv\/produkt\/mutes-irigators-waterpik-ultra-wf-112\/#breadcrumb"},"inLanguage":"lv-LV","potentialAction":[{"@type":"ReadAction","target":["https:\/\/waterpik.lt\/lv\/produkt\/mutes-irigators-waterpik-ultra-wf-112\/"]}]},{"@type":"ImageObject","inLanguage":"lv-LV","@id":"https:\/\/waterpik.lt\/lv\/produkt\/mutes-irigators-waterpik-ultra-wf-112\/#primaryimage","url":"https:\/\/waterpik.lt\/wp-content\/uploads\/2018\/11\/waterpik-ultra-water-flosser-wp-112-black..jpg","contentUrl":"https:\/\/waterpik.lt\/wp-content\/uploads\/2018\/11\/waterpik-ultra-water-flosser-wp-112-black..jpg","width":600,"height":600},{"@type":"BreadcrumbList","@id":"https:\/\/waterpik.lt\/lv\/produkt\/mutes-irigators-waterpik-ultra-wf-112\/#breadcrumb","itemListElement":[{"@type":"ListItem","position":1,"name":"Titulinis","item":"https:\/\/waterpik.lt\/lv\/"},{"@type":"ListItem","position":2,"name":"Produkti","item":"https:\/\/waterpik.lt\/lv\/produkti\/"},{"@type":"ListItem","position":3,"name":"Mutes irigators Waterpik Ultra WF-112"}]},{"@type":"WebSite","@id":"https:\/\/waterpik.lt\/#website","url":"https:\/\/waterpik.lt\/","name":"Waterpik","description":"Irigatoriai","publisher":{"@id":"https:\/\/waterpik.lt\/#organization"},"potentialAction":[{"@type":"SearchAction","target":{"@type":"EntryPoint","urlTemplate":"https:\/\/waterpik.lt\/?s={search_term_string}"},"query-input":{"@type":"PropertyValueSpecification","valueRequired":true,"valueName":"search_term_string"}}],"inLanguage":"lv-LV"},{"@type":"Organization","@id":"https:\/\/waterpik.lt\/#organization","name":"Waterpik","url":"https:\/\/waterpik.lt\/","logo":{"@type":"ImageObject","inLanguage":"lv-LV","@id":"https:\/\/waterpik.lt\/#\/schema\/logo\/image\/","url":"https:\/\/waterpik.lt\/wp-content\/uploads\/2019\/05\/WP-160.jpg","contentUrl":"https:\/\/waterpik.lt\/wp-content\/uploads\/2019\/05\/WP-160.jpg","width":2048,"height":2048,"caption":"Waterpik"},"image":{"@id":"https:\/\/waterpik.lt\/#\/schema\/logo\/image\/"}}]}},"_links":{"self":[{"href":"https:\/\/waterpik.lt\/lv\/wp-json\/wp\/v2\/product\/202127","targetHints":{"allow":["GET"]}}],"collection":[{"href":"https:\/\/waterpik.lt\/lv\/wp-json\/wp\/v2\/product"}],"about":[{"href":"https:\/\/waterpik.lt\/lv\/wp-json\/wp\/v2\/types\/product"}],"wp:featuredmedia":[{"embeddable":true,"href":"https:\/\/waterpik.lt\/lv\/wp-json\/wp\/v2\/media\/38988"}],"wp:attachment":[{"href":"https:\/\/waterpik.lt\/lv\/wp-json\/wp\/v2\/media?parent=202127"}],"wp:term":[{"taxonomy":"product_brand","embeddable":true,"href":"https:\/\/waterpik.lt\/lv\/wp-json\/wp\/v2\/product_brand?post=202127"},{"taxonomy":"product_cat","embeddable":true,"href":"https:\/\/waterpik.lt\/lv\/wp-json\/wp\/v2\/product_cat?post=202127"},{"taxonomy":"product_tag","embeddable":true,"href":"https:\/\/waterpik.lt\/lv\/wp-json\/wp\/v2\/product_tag?post=202127"}],"curies":[{"name":"wp","href":"https:\/\/api.w.org\/{rel}","templated":true}]}}