{"id":190442,"date":"2026-01-16T10:39:59","date_gmt":"2026-01-16T08:39:59","guid":{"rendered":"https:\/\/waterpik.lt\/?post_type=product&#038;p=190442"},"modified":"2026-01-28T12:34:07","modified_gmt":"2026-01-28T10:34:07","slug":"bezvadu-mutes-irigators-waterpik-wf-26-black","status":"publish","type":"product","link":"https:\/\/waterpik.lt\/lv\/produkt\/bezvadu-mutes-irigators-waterpik-wf-26-black\/","title":{"rendered":"Bezvadu mutes irigators Waterpik WF-26 Black"},"content":{"rendered":"<div class=\"wpb-content-wrapper\"><p>[vc_row css_animation=&#8221;&#8221; row_type=&#8221;row&#8221; use_row_as_full_screen_section=&#8221;no&#8221; type=&#8221;full_width&#8221; angled_section=&#8221;no&#8221; text_align=&#8221;left&#8221; background_image_as_pattern=&#8221;without_pattern&#8221;][vc_column][vc_column_text css=&#8221;&#8221;]<\/p>\n<h3><span style=\"color: #333333;\">Priek\u0161roc\u012bbas<\/span><\/h3>\n<ul>\n<li><span style=\"color: #333333;\">Ir pier\u0101d\u012bts, ka <i>WaterpikTM PRECISIONPULSETM<\/i> tehnolo\u0123ija nodro\u0161ina efekt\u012bvu \u016bdens spiediena un puls\u0101ciju kombin\u0101ciju.<\/span><\/li>\n<li><span style=\"color: #333333;\">Efekt\u012bva aplikuma likvid\u0113\u0161ana: no zobu virsmas no\u0146em l\u012bdz 99,9% aplikuma un bakt\u0113riju, kas izraisa gingiv\u012btu, kariesu un sliktu elpu.<\/span><\/li>\n<li><span style=\"color: #333333;\">Vesel\u0101kas smaganas: ir kl\u012bniski pier\u0101d\u012bts, ka irigators smaganu kop\u0161an\u0101 ir divreiz efekt\u012bv\u0101ks nek\u0101 zobu diegs. Irigators no\u0146em bakteri\u0101lo aplikumu un uzlabo smaganu vesel\u012bbu.<\/span><\/li>\n<li><span style=\"color: #333333;\">Ide\u0101li piem\u0113rots implantiem: ir kl\u012bniski pier\u0101d\u012bts, ka izmantojot <i>Plaque SeekerTM PS <\/i>uzgali, irigators l\u012bdz pat div\u0101m reiz\u0113m efekt\u012bv\u0101k uzlabo smaganu st\u0101vokli ap implantiem, nek\u0101 parastais zobu diegs.<\/span><\/li>\n<li><span style=\"color: #333333;\">\u012apa\u0161i piem\u0113rots, ja n\u0113s\u0101 breketes: ir kl\u012bniski pier\u0101d\u012bts, ka irigators ar ortodontisko uzgali OD, l\u012bdz pat trim reiz\u0113m efekt\u012bv\u0101k no\u0146em aplikumu ap breket\u0113m, sal\u012bdzin\u0101jum\u0101 ar zobu birsti un zobu diegu.<\/span><\/li>\n<li><span style=\"color: #333333;\"><i>WF-26<\/i> ir ide\u0101li piem\u0113rots tiem, kuri n\u0113s\u0101 breketes vai lieto implantus, met\u0101lkeramikas kro\u0146us, ven\u012brus vai periodonta kabatas, k\u0101 ar\u012b tiem, kuriem vienk\u0101r\u0161i nepat\u012bk lietot zobu diegu.<\/span><\/li>\n<\/ul>\n<h3><span style=\"color: #333333;\">Produkta raksturojums<\/span><\/h3>\n<ul>\n<li><span style=\"color: #333333;\">3 unik\u0101li uzga\u013ci &#8211; JT, PS, OD<\/span><\/li>\n<li><span style=\"color: #333333;\">360\u00a0gr\u0101du le\u0146\u0137\u012b rot\u0113jo\u0161s uzgalis EASYSPIN<\/span><\/li>\n<li><span style=\"color: #333333;\">Uzlabota spiediena vad\u012bbas sist\u0113ma ar 2\u00a0stipruma iestat\u012bjumiem<\/span><\/li>\n<li><span style=\"color: #333333;\"><span style=\"font-family: Arial, serif;\">Darb\u012bbas laiks ar 1 \u016bdens tvertni &#8211; l\u012bdz 60 sekund\u0113m<\/span><\/span><\/li>\n<li><span style=\"color: #333333;\">Ce\u013co\u0161anas re\u017e\u012bms, kas ne\u013cauj irigatoram iesl\u0113gties ce\u013cojuma laik\u0101<\/span><\/li>\n<li><span style=\"color: #333333;\">P\u0101rn\u0113s\u0101jams un \u013coti kluss modelis<\/span><\/li>\n<li><span style=\"color: #333333;\">Lieliski piem\u0113rots ce\u013cojumiem un neliel\u0101m vannas istab\u0101m<\/span><\/li>\n<li><span style=\"color: #333333;\">\u016adensiztur\u012bgs &#8211; ir piem\u0113rots lieto\u0161anai du\u0161\u0101<\/span><\/li>\n<li><span style=\"color: #333333;\">Ergonomisks rokturis<\/span><\/li>\n<li><span style=\"color: #333333;\">Uzl\u0101d\u0113jama litija jonu baterija nodro\u0161ina lieto\u0161anu l\u012bdz pat 9\u00a0ned\u0113\u013c\u0101m tikai ar vienu uzl\u0101di<\/span><\/li>\n<li><span style=\"color: #333333;\">Baterijas uzl\u0101des indikators<\/span><\/li>\n<li><span style=\"color: #333333;\">USB-C\u2013USB-C uzl\u0101des vads (5,0 V l\u012bdzstr\u0101va, 3,0 A MAX) uzl\u0101d\u0113jams no portat\u012bv\u0101 datora, automa\u0161\u012bnas vai <b>sienas adaptera<\/b><\/span><\/li>\n<li><span style=\"color: #333333;\">Divu gadu garantija<\/span><\/li>\n<\/ul>\n<p align=\"left\"><span style=\"font-size: medium;\"><span style=\"color: #222222;\"><span style=\"font-family: Liberation Serif, serif;\">Ce\u013co\u0161anas re\u017e\u012bma izmanto\u0161ana:<br \/>\n\u2022 Nospiediet un turiet nospiestu iesl\u0113g\u0161anas pogu <\/span><\/span><span style=\"color: #222222;\">5\u00a0sekundes<\/span><span style=\"color: #222222;\"><span style=\"font-family: Liberation Serif, serif;\">, kam\u0113r ier\u012bce s\u0101ks mirgot<\/span><\/span><span style=\"color: #222222;\">. T\u0101<\/span><span style=\"color: #222222;\"><span style=\"font-family: Liberation Serif, serif;\"> tiks iesl\u0113gts <\/span><\/span><span style=\"color: #222222;\">ce\u013co\u0161anas <\/span><span style=\"color: #222222;\"><span style=\"font-family: Liberation Serif, serif;\">re\u017e\u012bms.<br \/>\n\u2022 Kad ier\u012bce darbojas ce\u013co\u0161anas re\u017e\u012bm\u0101, t\u0101 neiesl\u0113gsies.<br \/>\n\u2022 Lai izsl\u0113gtu ce\u013co\u0161anas re\u017e\u012bmu, v\u0113lreiz turiet nospiestu iesl\u0113g\u0161anas pogu <\/span><\/span><span style=\"color: #222222;\">5\u00a0sekundes<\/span><span style=\"color: #222222;\"><span style=\"font-family: Liberation Serif, serif;\">, kam\u0113r ier\u012bce s\u0101ks mirgot <\/span><\/span><span style=\"color: #222222;\">&#8211; <\/span><span style=\"color: #222222;\"><span style=\"font-family: Liberation Serif, serif;\">t\u0101 tiks izsl\u0113gts ce\u013co\u0161anas re\u017e\u012bms.<br \/>\nPIEZ\u012aME: ce\u013co\u0161anas re\u017e\u012bms autom\u0101tiski <\/span><\/span><span style=\"color: #222222;\">tiek <\/span><span style=\"color: #222222;\"><span style=\"font-family: Liberation Serif, serif;\">izsl\u0113gts, kad ier\u012bce <\/span><\/span><span style=\"color: #222222;\">ir <\/span><span style=\"color: #222222;\"><span style=\"font-family: Liberation Serif, serif;\">pievienota uzl\u0101dei.<\/span><\/span><\/span><\/p>\n<p>[\/vc_column_text][\/vc_column][\/vc_row]<\/p>\n<\/div>","protected":false},"excerpt":{"rendered":"<p align=\"left\"><span style=\"color: #333333;\">Jaunais <i>Waterpik<\/i> irigatora modelis <i>WF-26 EU Black<\/i> ir ide\u0101li piem\u0113rots maz\u0101k\u0101m vannas istab\u0101m un ce\u013cojumiem. \u0160is p\u0101rn\u0113s\u0101jamais irigators<b> <\/b>ir uzl\u0101d\u0113jams un ar vienu uzl\u0101di to var izmantot l\u012bdz pat 9\u00a0ned\u0113\u013c\u0101m! Modernais dizains nodro\u0161ina \u0113rtu lieto\u0161anu. To varat izmantot pat du\u0161\u0101, jo tas ir \u016bdensiztur\u012bgs.<\/span><\/p>\n<p><span style=\"color: #333333;\">Ar 360\u00a0gr\u0101du le\u0146\u0137\u012b rot\u0113jo\u0161o uzgali EASYSPINTM viegli piek\u013c\u016bsiet pat visgr\u016bt\u0101k sasniedzam\u0101m zobstarp\u0101m. Savuk\u0101rt, ce\u013co\u0161anas re\u017e\u012bms aizsarg\u0101 ier\u012bci no nejau\u0161as iesl\u0113g\u0161an\u0101s ce\u013cojuma laik\u0101.<\/span><\/p>\n<p><span style=\"color: #333333;\">\u0160im modelim ir 3\u00a0unik\u0101li uzga\u013ci da\u017e\u0101d\u0101m vajadz\u012bb\u0101m, 2 intensit\u0101tes iestat\u012bjumi (zems\/augsts) un no\u0146emama \u016bdens tvertne, kas \u013cauj izmantot irigatoru l\u012bdz pat 60\u00a0sekund\u0113m.<\/span><\/p>\n<p><span style=\"color: #333333;\">WF-26 EU Black no zobu virsmas no\u0146em l\u012bdz 99,9% aplikuma un bakt\u0113riju, kas izraisa gingiv\u012btu, kariesu un sliktu elpu. Ir kl\u012bniski pier\u0101d\u012bts, ka irigators smaganu kop\u0161an\u0101 ir divreiz efekt\u012bv\u0101ks nek\u0101 zobu diegs. Irigators no\u0146em bakteri\u0101lo aplikumu un uzlabo smaganu vesel\u012bbu.<\/span><\/p>\n<p><span style=\"color: #333333;\">WATERPIK ir popul\u0101r\u0101kais zob\u0101rstu ieteiktais irigatoru z\u012bmols pasaul\u0113! Amerikas Zob\u0101rstu asoci\u0101cija (ADA) irigatoru <i>WF-26 EU Black<\/i> ir atzinusi par dro\u0161u un efekt\u012bvu.<\/span><\/p>\n<p><b><\/b><br \/>\n<a href=\"\/wp-content\/uploads\/2018\/12\/WP-450-lietuviska-instrukcija.pdf\" target=\"_blank\" rel=\"noopener\"><img loading=\"lazy\" decoding=\"async\" class=\"alignnone wp-image-433\" src=\"https:\/\/waterpik.lt\/wp-content\/uploads\/2018\/11\/download.png\" alt=\"\" width=\"128\" height=\"41\" \/><\/a><\/p>\n<p>&nbsp;<\/p>\n<div class=\"qbutton default\">[spu popup=\"862\"]PAS\u016aT\u012aT[\/spu]<\/div>\n","protected":false},"featured_media":192868,"template":"","meta":{"inline_featured_image":false},"product_brand":[],"product_cat":[57],"product_tag":[],"class_list":{"0":"post-190442","1":"product","2":"type-product","3":"status-publish","4":"has-post-thumbnail","6":"product_cat-bezvadu-mutes-irigatori","8":"first","9":"instock","10":"sale","11":"taxable","12":"shipping-taxable","13":"purchasable","14":"product-type-simple"},"yoast_head":"<!-- This site is optimized with the Yoast SEO plugin v24.6 - https:\/\/yoast.com\/wordpress\/plugins\/seo\/ -->\n<title>Bezvadu mutes irigators Waterpik WF-26 Black | Waterpik<\/title>\n<meta name=\"description\" content=\"Uz\u0146\u0113mums nodarbojas ar zobu tehnikas un stomatolo\u0123isk\u0101 apr\u012bkojuma tirdzniec\u012bbu. Jau 20 gadu ir mutes irigatoru ra\u017eot\u0101ja \u201eWaterpik\u201c p\u0101rst\u0101vis Baltijas valst\u012bs.\" \/>\n<meta name=\"robots\" content=\"index, follow, max-snippet:-1, max-image-preview:large, max-video-preview:-1\" \/>\n<link rel=\"canonical\" href=\"https:\/\/waterpik.lt\/lv\/produkt\/bezvadu-mutes-irigators-waterpik-wf-26-black\/\" \/>\n<meta property=\"og:locale\" content=\"lv_LV\" \/>\n<meta property=\"og:type\" content=\"article\" \/>\n<meta property=\"og:title\" content=\"Bezvadu mutes irigators Waterpik WF-26 Black | Waterpik\" \/>\n<meta property=\"og:description\" content=\"Uz\u0146\u0113mums nodarbojas ar zobu tehnikas un stomatolo\u0123isk\u0101 apr\u012bkojuma tirdzniec\u012bbu. Jau 20 gadu ir mutes irigatoru ra\u017eot\u0101ja \u201eWaterpik\u201c p\u0101rst\u0101vis Baltijas valst\u012bs.\" \/>\n<meta property=\"og:url\" content=\"https:\/\/waterpik.lt\/lv\/produkt\/bezvadu-mutes-irigators-waterpik-wf-26-black\/\" \/>\n<meta property=\"og:site_name\" content=\"Waterpik\" \/>\n<meta property=\"article:modified_time\" content=\"2026-01-28T10:34:07+00:00\" \/>\n<meta property=\"og:image\" content=\"https:\/\/waterpik.lt\/wp-content\/uploads\/2026\/01\/WPCB_02_LV.jpg\" \/>\n\t<meta property=\"og:image:width\" content=\"1800\" \/>\n\t<meta property=\"og:image:height\" content=\"1800\" \/>\n\t<meta property=\"og:image:type\" content=\"image\/jpeg\" \/>\n<meta name=\"twitter:card\" content=\"summary_large_image\" \/>\n<meta name=\"twitter:label1\" content=\"Est. reading time\" \/>\n\t<meta name=\"twitter:data1\" content=\"2 minutes\" \/>\n<script type=\"application\/ld+json\" class=\"yoast-schema-graph\">{\"@context\":\"https:\/\/schema.org\",\"@graph\":[{\"@type\":\"WebPage\",\"@id\":\"https:\/\/waterpik.lt\/lv\/produkt\/bezvadu-mutes-irigators-waterpik-wf-26-black\/\",\"url\":\"https:\/\/waterpik.lt\/lv\/produkt\/bezvadu-mutes-irigators-waterpik-wf-26-black\/\",\"name\":\"Bezvadu mutes irigators Waterpik WF-26 Black | Waterpik\",\"isPartOf\":{\"@id\":\"https:\/\/waterpik.lt\/#website\"},\"primaryImageOfPage\":{\"@id\":\"https:\/\/waterpik.lt\/lv\/produkt\/bezvadu-mutes-irigators-waterpik-wf-26-black\/#primaryimage\"},\"image\":{\"@id\":\"https:\/\/waterpik.lt\/lv\/produkt\/bezvadu-mutes-irigators-waterpik-wf-26-black\/#primaryimage\"},\"thumbnailUrl\":\"https:\/\/waterpik.lt\/wp-content\/uploads\/2026\/01\/WPCB_02_LV.jpg\",\"datePublished\":\"2026-01-16T08:39:59+00:00\",\"dateModified\":\"2026-01-28T10:34:07+00:00\",\"description\":\"Uz\u0146\u0113mums nodarbojas ar zobu tehnikas un stomatolo\u0123isk\u0101 apr\u012bkojuma tirdzniec\u012bbu. Jau 20 gadu ir mutes irigatoru ra\u017eot\u0101ja \u201eWaterpik\u201c p\u0101rst\u0101vis Baltijas valst\u012bs.\",\"breadcrumb\":{\"@id\":\"https:\/\/waterpik.lt\/lv\/produkt\/bezvadu-mutes-irigators-waterpik-wf-26-black\/#breadcrumb\"},\"inLanguage\":\"lv-LV\",\"potentialAction\":[{\"@type\":\"ReadAction\",\"target\":[\"https:\/\/waterpik.lt\/lv\/produkt\/bezvadu-mutes-irigators-waterpik-wf-26-black\/\"]}]},{\"@type\":\"ImageObject\",\"inLanguage\":\"lv-LV\",\"@id\":\"https:\/\/waterpik.lt\/lv\/produkt\/bezvadu-mutes-irigators-waterpik-wf-26-black\/#primaryimage\",\"url\":\"https:\/\/waterpik.lt\/wp-content\/uploads\/2026\/01\/WPCB_02_LV.jpg\",\"contentUrl\":\"https:\/\/waterpik.lt\/wp-content\/uploads\/2026\/01\/WPCB_02_LV.jpg\",\"width\":1800,\"height\":1800},{\"@type\":\"BreadcrumbList\",\"@id\":\"https:\/\/waterpik.lt\/lv\/produkt\/bezvadu-mutes-irigators-waterpik-wf-26-black\/#breadcrumb\",\"itemListElement\":[{\"@type\":\"ListItem\",\"position\":1,\"name\":\"Titulinis\",\"item\":\"https:\/\/waterpik.lt\/lv\/\"},{\"@type\":\"ListItem\",\"position\":2,\"name\":\"Produkti\",\"item\":\"https:\/\/waterpik.lt\/lv\/produkti\/\"},{\"@type\":\"ListItem\",\"position\":3,\"name\":\"Bezvadu mutes irigators Waterpik WF-26 Black\"}]},{\"@type\":\"WebSite\",\"@id\":\"https:\/\/waterpik.lt\/#website\",\"url\":\"https:\/\/waterpik.lt\/\",\"name\":\"Waterpik\",\"description\":\"Irigatoriai\",\"publisher\":{\"@id\":\"https:\/\/waterpik.lt\/#organization\"},\"potentialAction\":[{\"@type\":\"SearchAction\",\"target\":{\"@type\":\"EntryPoint\",\"urlTemplate\":\"https:\/\/waterpik.lt\/?s={search_term_string}\"},\"query-input\":{\"@type\":\"PropertyValueSpecification\",\"valueRequired\":true,\"valueName\":\"search_term_string\"}}],\"inLanguage\":\"lv-LV\"},{\"@type\":\"Organization\",\"@id\":\"https:\/\/waterpik.lt\/#organization\",\"name\":\"Waterpik\",\"url\":\"https:\/\/waterpik.lt\/\",\"logo\":{\"@type\":\"ImageObject\",\"inLanguage\":\"lv-LV\",\"@id\":\"https:\/\/waterpik.lt\/#\/schema\/logo\/image\/\",\"url\":\"https:\/\/waterpik.lt\/wp-content\/uploads\/2019\/05\/WP-160.jpg\",\"contentUrl\":\"https:\/\/waterpik.lt\/wp-content\/uploads\/2019\/05\/WP-160.jpg\",\"width\":2048,\"height\":2048,\"caption\":\"Waterpik\"},\"image\":{\"@id\":\"https:\/\/waterpik.lt\/#\/schema\/logo\/image\/\"}}]}<\/script>\n<!-- \/ Yoast SEO plugin. -->","yoast_head_json":{"title":"Bezvadu mutes irigators Waterpik WF-26 Black | Waterpik","description":"Uz\u0146\u0113mums nodarbojas ar zobu tehnikas un stomatolo\u0123isk\u0101 apr\u012bkojuma tirdzniec\u012bbu. Jau 20 gadu ir mutes irigatoru ra\u017eot\u0101ja \u201eWaterpik\u201c p\u0101rst\u0101vis Baltijas valst\u012bs.","robots":{"index":"index","follow":"follow","max-snippet":"max-snippet:-1","max-image-preview":"max-image-preview:large","max-video-preview":"max-video-preview:-1"},"canonical":"https:\/\/waterpik.lt\/lv\/produkt\/bezvadu-mutes-irigators-waterpik-wf-26-black\/","og_locale":"lv_LV","og_type":"article","og_title":"Bezvadu mutes irigators Waterpik WF-26 Black | Waterpik","og_description":"Uz\u0146\u0113mums nodarbojas ar zobu tehnikas un stomatolo\u0123isk\u0101 apr\u012bkojuma tirdzniec\u012bbu. Jau 20 gadu ir mutes irigatoru ra\u017eot\u0101ja \u201eWaterpik\u201c p\u0101rst\u0101vis Baltijas valst\u012bs.","og_url":"https:\/\/waterpik.lt\/lv\/produkt\/bezvadu-mutes-irigators-waterpik-wf-26-black\/","og_site_name":"Waterpik","article_modified_time":"2026-01-28T10:34:07+00:00","og_image":[{"width":1800,"height":1800,"url":"https:\/\/waterpik.lt\/wp-content\/uploads\/2026\/01\/WPCB_02_LV.jpg","type":"image\/jpeg"}],"twitter_card":"summary_large_image","twitter_misc":{"Est. reading time":"2 minutes"},"schema":{"@context":"https:\/\/schema.org","@graph":[{"@type":"WebPage","@id":"https:\/\/waterpik.lt\/lv\/produkt\/bezvadu-mutes-irigators-waterpik-wf-26-black\/","url":"https:\/\/waterpik.lt\/lv\/produkt\/bezvadu-mutes-irigators-waterpik-wf-26-black\/","name":"Bezvadu mutes irigators Waterpik WF-26 Black | Waterpik","isPartOf":{"@id":"https:\/\/waterpik.lt\/#website"},"primaryImageOfPage":{"@id":"https:\/\/waterpik.lt\/lv\/produkt\/bezvadu-mutes-irigators-waterpik-wf-26-black\/#primaryimage"},"image":{"@id":"https:\/\/waterpik.lt\/lv\/produkt\/bezvadu-mutes-irigators-waterpik-wf-26-black\/#primaryimage"},"thumbnailUrl":"https:\/\/waterpik.lt\/wp-content\/uploads\/2026\/01\/WPCB_02_LV.jpg","datePublished":"2026-01-16T08:39:59+00:00","dateModified":"2026-01-28T10:34:07+00:00","description":"Uz\u0146\u0113mums nodarbojas ar zobu tehnikas un stomatolo\u0123isk\u0101 apr\u012bkojuma tirdzniec\u012bbu. Jau 20 gadu ir mutes irigatoru ra\u017eot\u0101ja \u201eWaterpik\u201c p\u0101rst\u0101vis Baltijas valst\u012bs.","breadcrumb":{"@id":"https:\/\/waterpik.lt\/lv\/produkt\/bezvadu-mutes-irigators-waterpik-wf-26-black\/#breadcrumb"},"inLanguage":"lv-LV","potentialAction":[{"@type":"ReadAction","target":["https:\/\/waterpik.lt\/lv\/produkt\/bezvadu-mutes-irigators-waterpik-wf-26-black\/"]}]},{"@type":"ImageObject","inLanguage":"lv-LV","@id":"https:\/\/waterpik.lt\/lv\/produkt\/bezvadu-mutes-irigators-waterpik-wf-26-black\/#primaryimage","url":"https:\/\/waterpik.lt\/wp-content\/uploads\/2026\/01\/WPCB_02_LV.jpg","contentUrl":"https:\/\/waterpik.lt\/wp-content\/uploads\/2026\/01\/WPCB_02_LV.jpg","width":1800,"height":1800},{"@type":"BreadcrumbList","@id":"https:\/\/waterpik.lt\/lv\/produkt\/bezvadu-mutes-irigators-waterpik-wf-26-black\/#breadcrumb","itemListElement":[{"@type":"ListItem","position":1,"name":"Titulinis","item":"https:\/\/waterpik.lt\/lv\/"},{"@type":"ListItem","position":2,"name":"Produkti","item":"https:\/\/waterpik.lt\/lv\/produkti\/"},{"@type":"ListItem","position":3,"name":"Bezvadu mutes irigators Waterpik WF-26 Black"}]},{"@type":"WebSite","@id":"https:\/\/waterpik.lt\/#website","url":"https:\/\/waterpik.lt\/","name":"Waterpik","description":"Irigatoriai","publisher":{"@id":"https:\/\/waterpik.lt\/#organization"},"potentialAction":[{"@type":"SearchAction","target":{"@type":"EntryPoint","urlTemplate":"https:\/\/waterpik.lt\/?s={search_term_string}"},"query-input":{"@type":"PropertyValueSpecification","valueRequired":true,"valueName":"search_term_string"}}],"inLanguage":"lv-LV"},{"@type":"Organization","@id":"https:\/\/waterpik.lt\/#organization","name":"Waterpik","url":"https:\/\/waterpik.lt\/","logo":{"@type":"ImageObject","inLanguage":"lv-LV","@id":"https:\/\/waterpik.lt\/#\/schema\/logo\/image\/","url":"https:\/\/waterpik.lt\/wp-content\/uploads\/2019\/05\/WP-160.jpg","contentUrl":"https:\/\/waterpik.lt\/wp-content\/uploads\/2019\/05\/WP-160.jpg","width":2048,"height":2048,"caption":"Waterpik"},"image":{"@id":"https:\/\/waterpik.lt\/#\/schema\/logo\/image\/"}}]}},"_links":{"self":[{"href":"https:\/\/waterpik.lt\/lv\/wp-json\/wp\/v2\/product\/190442","targetHints":{"allow":["GET"]}}],"collection":[{"href":"https:\/\/waterpik.lt\/lv\/wp-json\/wp\/v2\/product"}],"about":[{"href":"https:\/\/waterpik.lt\/lv\/wp-json\/wp\/v2\/types\/product"}],"wp:featuredmedia":[{"embeddable":true,"href":"https:\/\/waterpik.lt\/lv\/wp-json\/wp\/v2\/media\/192868"}],"wp:attachment":[{"href":"https:\/\/waterpik.lt\/lv\/wp-json\/wp\/v2\/media?parent=190442"}],"wp:term":[{"taxonomy":"product_brand","embeddable":true,"href":"https:\/\/waterpik.lt\/lv\/wp-json\/wp\/v2\/product_brand?post=190442"},{"taxonomy":"product_cat","embeddable":true,"href":"https:\/\/waterpik.lt\/lv\/wp-json\/wp\/v2\/product_cat?post=190442"},{"taxonomy":"product_tag","embeddable":true,"href":"https:\/\/waterpik.lt\/lv\/wp-json\/wp\/v2\/product_tag?post=190442"}],"curies":[{"name":"wp","href":"https:\/\/api.w.org\/{rel}","templated":true}]}}