{"id":171664,"date":"2025-09-29T10:49:10","date_gmt":"2025-09-29T07:49:10","guid":{"rendered":"https:\/\/waterpik.lt\/?post_type=product&#038;p=171664"},"modified":"2025-12-16T13:16:27","modified_gmt":"2025-12-16T11:16:27","slug":"mutes-irigators-wf-150-ultra-plus","status":"publish","type":"product","link":"https:\/\/waterpik.lt\/lv\/produkt\/mutes-irigators-wf-150-ultra-plus\/","title":{"rendered":"Mutes irigators Waterpik WF-150 Ultra Plus"},"content":{"rendered":"<div class=\"wpb-content-wrapper\"><p>[vc_row css_animation=&#8221;&#8221; row_type=&#8221;row&#8221; use_row_as_full_screen_section=&#8221;no&#8221; type=&#8221;full_width&#8221; angled_section=&#8221;no&#8221; text_align=&#8221;left&#8221; background_image_as_pattern=&#8221;without_pattern&#8221;][vc_column][vc_column_text css=&#8221;&#8221;]<\/p>\n<h3>Priek\u0161roc\u012bbas<\/h3>\n<p>\u25cf Kl\u012bniski pier\u0101d\u012bts, ka par 50 % efekt\u012bv\u0101k mazina smaganu iekaisumu un uzlabo smaganu st\u0101vokli, nek\u0101 lietojot tradicion\u0101lo zobu diegu.<br \/>\n\u25cf Laboratoriskie izmekl\u0113jumi ir par\u0101d\u012bju\u0161i, ka no t\u012br\u0101m\u0101m viet\u0101m no\u0146em l\u012bdz 99,9\u00a0% zobu aplikuma.<br \/>\n\u25cf Kl\u012bniski pier\u0101d\u012bts, ka, lietojot ortodontisko uzgali, vietas ap breket\u0113m tiek izt\u012br\u012btas tr\u012bsreiz lab\u0101k par zobu diegu.<br \/>\n\u25cf Likvid\u0113 bakt\u0113rijas, kas uzkr\u0101jas dzi\u013ci zobstarp\u0101s un zem smagan\u0101m, viet\u0101s, kur nevar piek\u013c\u016bt, t\u012brot ar zobu birsti vai tradicion\u0101lo zobu diegu.<br \/>\n\u25cf Stiprina smaganas, jo t\u0101s tiek mas\u0113tas un stimul\u0113tas.<br \/>\n\u25cf Ide\u0101li piem\u0113rots tiem, kam ir breketes, implanti, zobu kro\u0146i, zobu tilti vai ven\u012bri.<br \/>\n\u25cf Rada neticamu svaiguma un t\u012br\u012bbas saj\u016btu mut\u0113.<br \/>\n\u25cf \u012apa\u0161i piem\u0113rots tiem, kam ir gr\u016bti izmantot zobu diegu vai zobstarpu birsti.[\/vc_column_text][\/vc_column][\/vc_row][vc_row css_animation=&#8221;&#8221; row_type=&#8221;row&#8221; use_row_as_full_screen_section=&#8221;no&#8221; type=&#8221;full_width&#8221; angled_section=&#8221;no&#8221; text_align=&#8221;left&#8221; background_image_as_pattern=&#8221;without_pattern&#8221;][vc_column][vc_column_text css=&#8221;&#8221;]<\/p>\n<h3>Produkta raksturojums<\/h3>\n<p>\u25cf Kompakt\u0101ks un klus\u0101ks par iepriek\u0161\u0113jiem mode\u013ciem.<br \/>\n\u25cf 6 irigatora uzga\u013ci. JT (2 gab.), OD, PS, TC, PP.<br \/>\n\u25cf Pilnveidota \u016bdens spiediena regul\u0113\u0161anas sist\u0113ma: desmit str\u016bklas stipruma l\u012bme\u0146i.<br \/>\n\u25cf \u016adens tvertne, ar kuru pietiek 90\u00a0sekund\u0113m.<br \/>\n\u25cf ON\/OFF poga uz roktura.<br \/>\n\u25cf Rezervu\u0101ra v\u0101ci\u0146\u0101 var salikt uzga\u013cus.<br \/>\n\u25cf Uzgali var pagriezt 360\u00a0gr\u0101du le\u0146\u0137\u012b.<br \/>\n\u25cf Divu gadu garantija.[\/vc_column_text][\/vc_column][\/vc_row]<\/p>\n<\/div>","protected":false},"excerpt":{"rendered":"<p>&nbsp;<\/p>\n<p><span style=\"color: #ff0000;\"><b>Visiem labi zin\u0101majam modelim Waterpik<strong> WP-160 Ultra Plus<\/strong> tagad ir jauns nosaukums Waterpik<strong> WF-150 Ultra Plus!<\/strong><\/b><\/span><\/p>\n<p>&nbsp;<\/p>\n<p>Vienk\u0101r\u0161\u0101ks un efekt\u012bv\u0101ks par zobu diegu Irrigator Waterpik\u00ae WF-150 Ultra Plus, kas ir popul\u0101r\u0101kais Waterpik modelis.<br \/>\nWaterpik\u00ae Ultra Plus ir viegl\u0101kais un efekt\u012bv\u0101kais zobu t\u012br\u012b\u0161anas veids. Irigatora Waterpik\u00ae Ultra Plus izsmidzin\u0101m\u0101 \u016bdens spiediens tiek regul\u0113ts ar 10 stipruma l\u012bme\u0146iem. Ier\u012bcei ir m\u016bsdien\u012bgs dizains, hrom\u0113tas deta\u013cas, t\u0101s roktur\u012b ir pilnveidota iesl\u0113g\u0161anas\/izsl\u0113g\u0161anas poga. Rezervu\u0101ram ir sl\u0113gts v\u0101ci\u0146\u0161, kur\u0101 var salikt uzga\u013cus. Ar pilnveidotu motori\u0146u ier\u012bce darbojas klus\u0101k.<br \/>\nKl\u012bniski pier\u0101d\u012bts, ka, lietojot irigatoru Waterpik\u00ae Ultra Plus, zobi tiek aizsarg\u0101ti no aplikuma, smaganu iekaisuma un asi\u0146o\u0161anas vienk\u0101r\u0161\u0101k un lab\u0101k par tradicion\u0101lo zobu diegu. Irigatori ir lieliski piem\u0113roti tiem, kam ir breketes, implanti, zobu kro\u0146i, zobu tilti un ven\u012bri.<\/p>\n<p>Modelim Ultra Plus ir divu gadu garantija.<\/p>\n<p>&nbsp;<\/p>\n<p><iframe loading=\"lazy\" src=\"https:\/\/www.youtube.com\/embed\/vc42_8pBK_c\" width=\"100%\" height=\"315\" frameborder=\"0\" allowfullscreen=\"allowfullscreen\"><\/iframe><\/p>\n<p>&nbsp;<\/p>\n<div class=\"qbutton default\">[spu popup=\"862\"]PAS\u016aT\u012aT[\/spu]<\/div>\n","protected":false},"featured_media":70619,"template":"","meta":{"inline_featured_image":false},"product_brand":[],"product_cat":[55],"product_tag":[],"class_list":{"0":"post-171664","1":"product","2":"type-product","3":"status-publish","4":"has-post-thumbnail","6":"product_cat-mutes-irigatori","8":"first","9":"instock","10":"sale","11":"taxable","12":"shipping-taxable","13":"purchasable","14":"product-type-simple"},"yoast_head":"<!-- This site is optimized with the Yoast SEO plugin v24.6 - https:\/\/yoast.com\/wordpress\/plugins\/seo\/ -->\n<title>Mutes irigators Waterpik WF-150 Ultra Plus | Waterpik<\/title>\n<meta name=\"description\" content=\"Uz\u0146\u0113mums nodarbojas ar zobu tehnikas un stomatolo\u0123isk\u0101 apr\u012bkojuma tirdzniec\u012bbu. Jau 20 gadu ir mutes irigatoru ra\u017eot\u0101ja \u201eWaterpik\u201c p\u0101rst\u0101vis Baltijas valst\u012bs.\" \/>\n<meta name=\"robots\" content=\"index, follow, max-snippet:-1, max-image-preview:large, max-video-preview:-1\" \/>\n<link rel=\"canonical\" href=\"https:\/\/waterpik.lt\/lv\/produkt\/mutes-irigators-wf-150-ultra-plus\/\" \/>\n<meta property=\"og:locale\" content=\"lv_LV\" \/>\n<meta property=\"og:type\" content=\"article\" \/>\n<meta property=\"og:title\" content=\"Mutes irigators Waterpik WF-150 Ultra Plus | Waterpik\" \/>\n<meta property=\"og:description\" content=\"Uz\u0146\u0113mums nodarbojas ar zobu tehnikas un stomatolo\u0123isk\u0101 apr\u012bkojuma tirdzniec\u012bbu. Jau 20 gadu ir mutes irigatoru ra\u017eot\u0101ja \u201eWaterpik\u201c p\u0101rst\u0101vis Baltijas valst\u012bs.\" \/>\n<meta property=\"og:url\" content=\"https:\/\/waterpik.lt\/lv\/produkt\/mutes-irigators-wf-150-ultra-plus\/\" \/>\n<meta property=\"og:site_name\" content=\"Waterpik\" \/>\n<meta property=\"article:modified_time\" content=\"2025-12-16T11:16:27+00:00\" \/>\n<meta property=\"og:image\" content=\"https:\/\/waterpik.lt\/wp-content\/uploads\/2019\/05\/wp-lv.png\" \/>\n\t<meta property=\"og:image:width\" content=\"600\" \/>\n\t<meta property=\"og:image:height\" content=\"600\" \/>\n\t<meta property=\"og:image:type\" content=\"image\/png\" \/>\n<meta name=\"twitter:card\" content=\"summary_large_image\" \/>\n<meta name=\"twitter:label1\" content=\"Est. reading time\" \/>\n\t<meta name=\"twitter:data1\" content=\"2 minutes\" \/>\n<script type=\"application\/ld+json\" class=\"yoast-schema-graph\">{\"@context\":\"https:\/\/schema.org\",\"@graph\":[{\"@type\":\"WebPage\",\"@id\":\"https:\/\/waterpik.lt\/lv\/produkt\/mutes-irigators-wf-150-ultra-plus\/\",\"url\":\"https:\/\/waterpik.lt\/lv\/produkt\/mutes-irigators-wf-150-ultra-plus\/\",\"name\":\"Mutes irigators Waterpik WF-150 Ultra Plus | Waterpik\",\"isPartOf\":{\"@id\":\"https:\/\/waterpik.lt\/#website\"},\"primaryImageOfPage\":{\"@id\":\"https:\/\/waterpik.lt\/lv\/produkt\/mutes-irigators-wf-150-ultra-plus\/#primaryimage\"},\"image\":{\"@id\":\"https:\/\/waterpik.lt\/lv\/produkt\/mutes-irigators-wf-150-ultra-plus\/#primaryimage\"},\"thumbnailUrl\":\"https:\/\/waterpik.lt\/wp-content\/uploads\/2019\/05\/wp-lv.png\",\"datePublished\":\"2025-09-29T07:49:10+00:00\",\"dateModified\":\"2025-12-16T11:16:27+00:00\",\"description\":\"Uz\u0146\u0113mums nodarbojas ar zobu tehnikas un stomatolo\u0123isk\u0101 apr\u012bkojuma tirdzniec\u012bbu. Jau 20 gadu ir mutes irigatoru ra\u017eot\u0101ja \u201eWaterpik\u201c p\u0101rst\u0101vis Baltijas valst\u012bs.\",\"breadcrumb\":{\"@id\":\"https:\/\/waterpik.lt\/lv\/produkt\/mutes-irigators-wf-150-ultra-plus\/#breadcrumb\"},\"inLanguage\":\"lv-LV\",\"potentialAction\":[{\"@type\":\"ReadAction\",\"target\":[\"https:\/\/waterpik.lt\/lv\/produkt\/mutes-irigators-wf-150-ultra-plus\/\"]}]},{\"@type\":\"ImageObject\",\"inLanguage\":\"lv-LV\",\"@id\":\"https:\/\/waterpik.lt\/lv\/produkt\/mutes-irigators-wf-150-ultra-plus\/#primaryimage\",\"url\":\"https:\/\/waterpik.lt\/wp-content\/uploads\/2019\/05\/wp-lv.png\",\"contentUrl\":\"https:\/\/waterpik.lt\/wp-content\/uploads\/2019\/05\/wp-lv.png\",\"width\":600,\"height\":600},{\"@type\":\"BreadcrumbList\",\"@id\":\"https:\/\/waterpik.lt\/lv\/produkt\/mutes-irigators-wf-150-ultra-plus\/#breadcrumb\",\"itemListElement\":[{\"@type\":\"ListItem\",\"position\":1,\"name\":\"Titulinis\",\"item\":\"https:\/\/waterpik.lt\/lv\/\"},{\"@type\":\"ListItem\",\"position\":2,\"name\":\"Produkti\",\"item\":\"https:\/\/waterpik.lt\/lv\/produkti\/\"},{\"@type\":\"ListItem\",\"position\":3,\"name\":\"Mutes irigators Waterpik WF-150 Ultra Plus\"}]},{\"@type\":\"WebSite\",\"@id\":\"https:\/\/waterpik.lt\/#website\",\"url\":\"https:\/\/waterpik.lt\/\",\"name\":\"Waterpik\",\"description\":\"Irigatoriai\",\"publisher\":{\"@id\":\"https:\/\/waterpik.lt\/#organization\"},\"potentialAction\":[{\"@type\":\"SearchAction\",\"target\":{\"@type\":\"EntryPoint\",\"urlTemplate\":\"https:\/\/waterpik.lt\/?s={search_term_string}\"},\"query-input\":{\"@type\":\"PropertyValueSpecification\",\"valueRequired\":true,\"valueName\":\"search_term_string\"}}],\"inLanguage\":\"lv-LV\"},{\"@type\":\"Organization\",\"@id\":\"https:\/\/waterpik.lt\/#organization\",\"name\":\"Waterpik\",\"url\":\"https:\/\/waterpik.lt\/\",\"logo\":{\"@type\":\"ImageObject\",\"inLanguage\":\"lv-LV\",\"@id\":\"https:\/\/waterpik.lt\/#\/schema\/logo\/image\/\",\"url\":\"https:\/\/waterpik.lt\/wp-content\/uploads\/2019\/05\/WP-160.jpg\",\"contentUrl\":\"https:\/\/waterpik.lt\/wp-content\/uploads\/2019\/05\/WP-160.jpg\",\"width\":2048,\"height\":2048,\"caption\":\"Waterpik\"},\"image\":{\"@id\":\"https:\/\/waterpik.lt\/#\/schema\/logo\/image\/\"}}]}<\/script>\n<!-- \/ Yoast SEO plugin. -->","yoast_head_json":{"title":"Mutes irigators Waterpik WF-150 Ultra Plus | Waterpik","description":"Uz\u0146\u0113mums nodarbojas ar zobu tehnikas un stomatolo\u0123isk\u0101 apr\u012bkojuma tirdzniec\u012bbu. Jau 20 gadu ir mutes irigatoru ra\u017eot\u0101ja \u201eWaterpik\u201c p\u0101rst\u0101vis Baltijas valst\u012bs.","robots":{"index":"index","follow":"follow","max-snippet":"max-snippet:-1","max-image-preview":"max-image-preview:large","max-video-preview":"max-video-preview:-1"},"canonical":"https:\/\/waterpik.lt\/lv\/produkt\/mutes-irigators-wf-150-ultra-plus\/","og_locale":"lv_LV","og_type":"article","og_title":"Mutes irigators Waterpik WF-150 Ultra Plus | Waterpik","og_description":"Uz\u0146\u0113mums nodarbojas ar zobu tehnikas un stomatolo\u0123isk\u0101 apr\u012bkojuma tirdzniec\u012bbu. Jau 20 gadu ir mutes irigatoru ra\u017eot\u0101ja \u201eWaterpik\u201c p\u0101rst\u0101vis Baltijas valst\u012bs.","og_url":"https:\/\/waterpik.lt\/lv\/produkt\/mutes-irigators-wf-150-ultra-plus\/","og_site_name":"Waterpik","article_modified_time":"2025-12-16T11:16:27+00:00","og_image":[{"width":600,"height":600,"url":"https:\/\/waterpik.lt\/wp-content\/uploads\/2019\/05\/wp-lv.png","type":"image\/png"}],"twitter_card":"summary_large_image","twitter_misc":{"Est. reading time":"2 minutes"},"schema":{"@context":"https:\/\/schema.org","@graph":[{"@type":"WebPage","@id":"https:\/\/waterpik.lt\/lv\/produkt\/mutes-irigators-wf-150-ultra-plus\/","url":"https:\/\/waterpik.lt\/lv\/produkt\/mutes-irigators-wf-150-ultra-plus\/","name":"Mutes irigators Waterpik WF-150 Ultra Plus | Waterpik","isPartOf":{"@id":"https:\/\/waterpik.lt\/#website"},"primaryImageOfPage":{"@id":"https:\/\/waterpik.lt\/lv\/produkt\/mutes-irigators-wf-150-ultra-plus\/#primaryimage"},"image":{"@id":"https:\/\/waterpik.lt\/lv\/produkt\/mutes-irigators-wf-150-ultra-plus\/#primaryimage"},"thumbnailUrl":"https:\/\/waterpik.lt\/wp-content\/uploads\/2019\/05\/wp-lv.png","datePublished":"2025-09-29T07:49:10+00:00","dateModified":"2025-12-16T11:16:27+00:00","description":"Uz\u0146\u0113mums nodarbojas ar zobu tehnikas un stomatolo\u0123isk\u0101 apr\u012bkojuma tirdzniec\u012bbu. Jau 20 gadu ir mutes irigatoru ra\u017eot\u0101ja \u201eWaterpik\u201c p\u0101rst\u0101vis Baltijas valst\u012bs.","breadcrumb":{"@id":"https:\/\/waterpik.lt\/lv\/produkt\/mutes-irigators-wf-150-ultra-plus\/#breadcrumb"},"inLanguage":"lv-LV","potentialAction":[{"@type":"ReadAction","target":["https:\/\/waterpik.lt\/lv\/produkt\/mutes-irigators-wf-150-ultra-plus\/"]}]},{"@type":"ImageObject","inLanguage":"lv-LV","@id":"https:\/\/waterpik.lt\/lv\/produkt\/mutes-irigators-wf-150-ultra-plus\/#primaryimage","url":"https:\/\/waterpik.lt\/wp-content\/uploads\/2019\/05\/wp-lv.png","contentUrl":"https:\/\/waterpik.lt\/wp-content\/uploads\/2019\/05\/wp-lv.png","width":600,"height":600},{"@type":"BreadcrumbList","@id":"https:\/\/waterpik.lt\/lv\/produkt\/mutes-irigators-wf-150-ultra-plus\/#breadcrumb","itemListElement":[{"@type":"ListItem","position":1,"name":"Titulinis","item":"https:\/\/waterpik.lt\/lv\/"},{"@type":"ListItem","position":2,"name":"Produkti","item":"https:\/\/waterpik.lt\/lv\/produkti\/"},{"@type":"ListItem","position":3,"name":"Mutes irigators Waterpik WF-150 Ultra Plus"}]},{"@type":"WebSite","@id":"https:\/\/waterpik.lt\/#website","url":"https:\/\/waterpik.lt\/","name":"Waterpik","description":"Irigatoriai","publisher":{"@id":"https:\/\/waterpik.lt\/#organization"},"potentialAction":[{"@type":"SearchAction","target":{"@type":"EntryPoint","urlTemplate":"https:\/\/waterpik.lt\/?s={search_term_string}"},"query-input":{"@type":"PropertyValueSpecification","valueRequired":true,"valueName":"search_term_string"}}],"inLanguage":"lv-LV"},{"@type":"Organization","@id":"https:\/\/waterpik.lt\/#organization","name":"Waterpik","url":"https:\/\/waterpik.lt\/","logo":{"@type":"ImageObject","inLanguage":"lv-LV","@id":"https:\/\/waterpik.lt\/#\/schema\/logo\/image\/","url":"https:\/\/waterpik.lt\/wp-content\/uploads\/2019\/05\/WP-160.jpg","contentUrl":"https:\/\/waterpik.lt\/wp-content\/uploads\/2019\/05\/WP-160.jpg","width":2048,"height":2048,"caption":"Waterpik"},"image":{"@id":"https:\/\/waterpik.lt\/#\/schema\/logo\/image\/"}}]}},"_links":{"self":[{"href":"https:\/\/waterpik.lt\/lv\/wp-json\/wp\/v2\/product\/171664","targetHints":{"allow":["GET"]}}],"collection":[{"href":"https:\/\/waterpik.lt\/lv\/wp-json\/wp\/v2\/product"}],"about":[{"href":"https:\/\/waterpik.lt\/lv\/wp-json\/wp\/v2\/types\/product"}],"wp:featuredmedia":[{"embeddable":true,"href":"https:\/\/waterpik.lt\/lv\/wp-json\/wp\/v2\/media\/70619"}],"wp:attachment":[{"href":"https:\/\/waterpik.lt\/lv\/wp-json\/wp\/v2\/media?parent=171664"}],"wp:term":[{"taxonomy":"product_brand","embeddable":true,"href":"https:\/\/waterpik.lt\/lv\/wp-json\/wp\/v2\/product_brand?post=171664"},{"taxonomy":"product_cat","embeddable":true,"href":"https:\/\/waterpik.lt\/lv\/wp-json\/wp\/v2\/product_cat?post=171664"},{"taxonomy":"product_tag","embeddable":true,"href":"https:\/\/waterpik.lt\/lv\/wp-json\/wp\/v2\/product_tag?post=171664"}],"curies":[{"name":"wp","href":"https:\/\/api.w.org\/{rel}","templated":true}]}}