{"id":169535,"date":"2025-09-19T09:59:33","date_gmt":"2025-09-19T06:59:34","guid":{"rendered":"https:\/\/waterpik.lt\/?post_type=product&#038;p=169535"},"modified":"2025-12-16T13:16:38","modified_gmt":"2025-12-16T11:16:38","slug":"mutes-irigators-waterpik-wf-310-nano","status":"publish","type":"product","link":"https:\/\/waterpik.lt\/lv\/produkt\/mutes-irigators-waterpik-wf-310-nano\/","title":{"rendered":"Mutes irigators Waterpik WF-310 Nano\u2122"},"content":{"rendered":"<div class=\"wpb-content-wrapper\"><p>[vc_row css_animation=&#8221;&#8221; row_type=&#8221;row&#8221; use_row_as_full_screen_section=&#8221;no&#8221; type=&#8221;full_width&#8221; angled_section=&#8221;no&#8221; text_align=&#8221;left&#8221; background_image_as_pattern=&#8221;without_pattern&#8221;][vc_column][vc_column_text]<\/p>\n<h3>Priek\u0161roc\u012bbas<\/h3>\n<ul>\n<li>Efekt\u012bvi atbr\u012bvo zobus no aplikuma: kl\u012bniski pier\u0101d\u012bts, ka 3 sekund\u0113s tas likvid\u0113 99,9 % aplikuma no apstr\u0101d\u0101jamo zobu virsmas.<\/li>\n<li>Vesel\u012bg\u0101kas smaganas: kl\u012bniski pier\u0101d\u012bts, ka tas ir l\u012bdz pat 50 % efekt\u012bv\u0101ks par parasto zobu diegu.<\/li>\n<li>Ide\u0101li piem\u0113rots zobu implantiem: kl\u012bniski pier\u0101d\u012bts, ka, izmantojot Plaque Seeker\u00ae uzgali, tas darbojas divreiz efekt\u012bv\u0101k par zobu diegu un uzlabo smaganu vesel\u012bbu.<\/li>\n<li>Svar\u012bgs tiem, kas n\u0113s\u0101 breketes: kl\u012bniski pier\u0101d\u012bts, ka, lietojot ortodontisko uzgali, tas darbojas tr\u012bsreiz efekt\u012bv\u0101k par zobu diegu, atbr\u012bvojoties no zobu aplikuma ap breket\u0113m.<\/li>\n<li>Atbr\u012bvo no zobu aplikuma zobstarp\u0101s un zem smagan\u0101m, proti, viet\u0101s, kur\u0101m zobu suka un parastais zobu diegs netiek kl\u0101t.<\/li>\n<li>Mas\u0113 un stimul\u0113 smaganas, uzlabo smaganu vesel\u012bbu un asinsriti.<\/li>\n<li>Rada neticamu svaiguma un t\u012br\u012bbas saj\u016btu mut\u0113.<\/li>\n<li>Lieliski noder cilv\u0113kiem ar zobu implantiem, kron\u012b\u0161iem un ven\u012briem.<\/li>\n<li>Garant\u0113jam vesel\u012bg\u0101kas smaganas jau p\u0113c 14 dien\u0101m.<\/li>\n<\/ul>\n<h3>Produkta raksturojums<\/h3>\n<ul>\n<li>2 uzga\u013ci<\/li>\n<li>Spiediena vad\u012bbas sist\u0113ma ar 3 funkcij\u0101m<\/li>\n<li>Rezervu\u0101ra ietilp\u012bba 60+ sekund\u0113m<\/li>\n<li>Maz\u0101ks un klus\u0101ks par iepriek\u0161\u0113jiem mode\u013ciem<\/li>\n<li>Rezervu\u0101ru var apgriezt gan ce\u013cojuma, gan ier\u012bces neizmanto\u0161anas laik\u0101<\/li>\n<li>Divu gadu garantija<\/li>\n<\/ul>\n<p>[\/vc_column_text][\/vc_column][\/vc_row]<\/p>\n<\/div>","protected":false},"excerpt":{"rendered":"<p>&nbsp;<\/p>\n<p style=\"text-align: justify;\"><b><\/b><span style=\"color: #ff0000;\"><b>Visiem labi zin\u0101majam modelim Waterpik<strong> WP-250 Nano\u2122<\/strong>\u00a0tagad ir jauns nosaukums Waterpik<strong> WF-310 Nano\u2122!<\/strong><\/b><\/span><\/p>\n<p style=\"text-align: justify;\">Waterpik\u00ae Nano\u2122 mutes irigators ir viegls un efekt\u012bv\u0101ks zobstarpu t\u012br\u012b\u0161anas veids. Jaunais kompaktais dizains ir lieliski piem\u0113rots neliel\u0101m vannasistab\u0101m un ce\u013cojumiem.<br \/>\n<b><\/b><br \/>\nNano irigators ir divreiz maz\u0101ks par iepriek\u0161\u0113jo modeli ar apgrie\u017eamu rezervu\u0101ru, t\u0101p\u0113c tas ir kompakts, ce\u013cojot un transport\u0113jot. To veido 2 da\u017e\u0101di uzga\u013ci un spiediena vad\u012bbas sist\u0113ma ar trim funkcij\u0101m. Tas taupa ener\u0123iju un str\u0101d\u0101 klusi.<br \/>\n<b><\/b><br \/>\nKl\u012bniski pier\u0101d\u012bts, ka Waterpik\u00ae mutes irigatori ir daudz efekt\u012bv\u0101ki par parasto zobu diegu, atbr\u012bvo zobus no aplikuma, \u0101rst\u0113 smaganu iekaisumu un citas smaganu slim\u012bbas. Tie ir lieliski piem\u0113roti visiem \u2014 pat tiem, kam ir breketes, zobu implanti, zobu kron\u012b\u0161i, zobu tilti\u0146i vai ven\u012bri.<\/p>\n<p><b><\/b><br \/>\n<a href=\"\/wp-content\/uploads\/2018\/12\/Waterpik-WP-260-300-LV.pdf\" target=\"_blank\" rel=\"noopener\"><img loading=\"lazy\" decoding=\"async\" class=\"alignnone wp-image-433\" src=\"https:\/\/waterpik.lt\/wp-content\/uploads\/2018\/11\/download.png\" alt=\"\" width=\"128\" height=\"41\" \/><\/a><\/p>\n<p>&nbsp;<\/p>\n<div class=\"qbutton default\">[spu popup=\"862\"]PAS\u016aT\u012aT[\/spu]<\/div>\n","protected":false},"featured_media":40016,"template":"","meta":{"inline_featured_image":false},"product_brand":[],"product_cat":[55],"product_tag":[],"class_list":{"0":"post-169535","1":"product","2":"type-product","3":"status-publish","4":"has-post-thumbnail","6":"product_cat-mutes-irigatori","8":"first","9":"instock","10":"taxable","11":"shipping-taxable","12":"purchasable","13":"product-type-simple"},"yoast_head":"<!-- This site is optimized with the Yoast SEO plugin v24.6 - https:\/\/yoast.com\/wordpress\/plugins\/seo\/ -->\n<title>Mutes irigators Waterpik WF-310 Nano\u2122 | Waterpik<\/title>\n<meta name=\"description\" content=\"Uz\u0146\u0113mums nodarbojas ar zobu tehnikas un stomatolo\u0123isk\u0101 apr\u012bkojuma tirdzniec\u012bbu. Jau 20 gadu ir mutes irigatoru ra\u017eot\u0101ja \u201eWaterpik\u201c p\u0101rst\u0101vis Baltijas valst\u012bs.\" \/>\n<meta name=\"robots\" content=\"index, follow, max-snippet:-1, max-image-preview:large, max-video-preview:-1\" \/>\n<link rel=\"canonical\" href=\"https:\/\/waterpik.lt\/lv\/produkt\/mutes-irigators-waterpik-wf-310-nano\/\" \/>\n<meta property=\"og:locale\" content=\"lv_LV\" \/>\n<meta property=\"og:type\" content=\"article\" \/>\n<meta property=\"og:title\" content=\"Mutes irigators Waterpik WF-310 Nano\u2122 | Waterpik\" \/>\n<meta property=\"og:description\" content=\"Uz\u0146\u0113mums nodarbojas ar zobu tehnikas un stomatolo\u0123isk\u0101 apr\u012bkojuma tirdzniec\u012bbu. Jau 20 gadu ir mutes irigatoru ra\u017eot\u0101ja \u201eWaterpik\u201c p\u0101rst\u0101vis Baltijas valst\u012bs.\" \/>\n<meta property=\"og:url\" content=\"https:\/\/waterpik.lt\/lv\/produkt\/mutes-irigators-waterpik-wf-310-nano\/\" \/>\n<meta property=\"og:site_name\" content=\"Waterpik\" \/>\n<meta property=\"article:modified_time\" content=\"2025-12-16T11:16:38+00:00\" \/>\n<meta property=\"og:image\" content=\"https:\/\/waterpik.lt\/wp-content\/uploads\/2018\/11\/WP250EU_3Quarter-scaled.jpg\" \/>\n\t<meta property=\"og:image:width\" content=\"2560\" \/>\n\t<meta property=\"og:image:height\" content=\"2560\" \/>\n\t<meta property=\"og:image:type\" content=\"image\/jpeg\" \/>\n<meta name=\"twitter:card\" content=\"summary_large_image\" \/>\n<meta name=\"twitter:label1\" content=\"Est. reading time\" \/>\n\t<meta name=\"twitter:data1\" content=\"1 minute\" \/>\n<script type=\"application\/ld+json\" class=\"yoast-schema-graph\">{\"@context\":\"https:\/\/schema.org\",\"@graph\":[{\"@type\":\"WebPage\",\"@id\":\"https:\/\/waterpik.lt\/lv\/produkt\/mutes-irigators-waterpik-wf-310-nano\/\",\"url\":\"https:\/\/waterpik.lt\/lv\/produkt\/mutes-irigators-waterpik-wf-310-nano\/\",\"name\":\"Mutes irigators Waterpik WF-310 Nano\u2122 | Waterpik\",\"isPartOf\":{\"@id\":\"https:\/\/waterpik.lt\/#website\"},\"primaryImageOfPage\":{\"@id\":\"https:\/\/waterpik.lt\/lv\/produkt\/mutes-irigators-waterpik-wf-310-nano\/#primaryimage\"},\"image\":{\"@id\":\"https:\/\/waterpik.lt\/lv\/produkt\/mutes-irigators-waterpik-wf-310-nano\/#primaryimage\"},\"thumbnailUrl\":\"https:\/\/waterpik.lt\/wp-content\/uploads\/2018\/11\/WP250EU_3Quarter-scaled.jpg\",\"datePublished\":\"2025-09-19T06:59:34+00:00\",\"dateModified\":\"2025-12-16T11:16:38+00:00\",\"description\":\"Uz\u0146\u0113mums nodarbojas ar zobu tehnikas un stomatolo\u0123isk\u0101 apr\u012bkojuma tirdzniec\u012bbu. Jau 20 gadu ir mutes irigatoru ra\u017eot\u0101ja \u201eWaterpik\u201c p\u0101rst\u0101vis Baltijas valst\u012bs.\",\"breadcrumb\":{\"@id\":\"https:\/\/waterpik.lt\/lv\/produkt\/mutes-irigators-waterpik-wf-310-nano\/#breadcrumb\"},\"inLanguage\":\"lv-LV\",\"potentialAction\":[{\"@type\":\"ReadAction\",\"target\":[\"https:\/\/waterpik.lt\/lv\/produkt\/mutes-irigators-waterpik-wf-310-nano\/\"]}]},{\"@type\":\"ImageObject\",\"inLanguage\":\"lv-LV\",\"@id\":\"https:\/\/waterpik.lt\/lv\/produkt\/mutes-irigators-waterpik-wf-310-nano\/#primaryimage\",\"url\":\"https:\/\/waterpik.lt\/wp-content\/uploads\/2018\/11\/WP250EU_3Quarter-scaled.jpg\",\"contentUrl\":\"https:\/\/waterpik.lt\/wp-content\/uploads\/2018\/11\/WP250EU_3Quarter-scaled.jpg\",\"width\":2560,\"height\":2560},{\"@type\":\"BreadcrumbList\",\"@id\":\"https:\/\/waterpik.lt\/lv\/produkt\/mutes-irigators-waterpik-wf-310-nano\/#breadcrumb\",\"itemListElement\":[{\"@type\":\"ListItem\",\"position\":1,\"name\":\"Titulinis\",\"item\":\"https:\/\/waterpik.lt\/lv\/\"},{\"@type\":\"ListItem\",\"position\":2,\"name\":\"Produkti\",\"item\":\"https:\/\/waterpik.lt\/lv\/produkti\/\"},{\"@type\":\"ListItem\",\"position\":3,\"name\":\"Mutes irigators Waterpik WF-310 Nano\u2122\"}]},{\"@type\":\"WebSite\",\"@id\":\"https:\/\/waterpik.lt\/#website\",\"url\":\"https:\/\/waterpik.lt\/\",\"name\":\"Waterpik\",\"description\":\"Irigatoriai\",\"publisher\":{\"@id\":\"https:\/\/waterpik.lt\/#organization\"},\"potentialAction\":[{\"@type\":\"SearchAction\",\"target\":{\"@type\":\"EntryPoint\",\"urlTemplate\":\"https:\/\/waterpik.lt\/?s={search_term_string}\"},\"query-input\":{\"@type\":\"PropertyValueSpecification\",\"valueRequired\":true,\"valueName\":\"search_term_string\"}}],\"inLanguage\":\"lv-LV\"},{\"@type\":\"Organization\",\"@id\":\"https:\/\/waterpik.lt\/#organization\",\"name\":\"Waterpik\",\"url\":\"https:\/\/waterpik.lt\/\",\"logo\":{\"@type\":\"ImageObject\",\"inLanguage\":\"lv-LV\",\"@id\":\"https:\/\/waterpik.lt\/#\/schema\/logo\/image\/\",\"url\":\"https:\/\/waterpik.lt\/wp-content\/uploads\/2019\/05\/WP-160.jpg\",\"contentUrl\":\"https:\/\/waterpik.lt\/wp-content\/uploads\/2019\/05\/WP-160.jpg\",\"width\":2048,\"height\":2048,\"caption\":\"Waterpik\"},\"image\":{\"@id\":\"https:\/\/waterpik.lt\/#\/schema\/logo\/image\/\"}}]}<\/script>\n<!-- \/ Yoast SEO plugin. -->","yoast_head_json":{"title":"Mutes irigators Waterpik WF-310 Nano\u2122 | Waterpik","description":"Uz\u0146\u0113mums nodarbojas ar zobu tehnikas un stomatolo\u0123isk\u0101 apr\u012bkojuma tirdzniec\u012bbu. Jau 20 gadu ir mutes irigatoru ra\u017eot\u0101ja \u201eWaterpik\u201c p\u0101rst\u0101vis Baltijas valst\u012bs.","robots":{"index":"index","follow":"follow","max-snippet":"max-snippet:-1","max-image-preview":"max-image-preview:large","max-video-preview":"max-video-preview:-1"},"canonical":"https:\/\/waterpik.lt\/lv\/produkt\/mutes-irigators-waterpik-wf-310-nano\/","og_locale":"lv_LV","og_type":"article","og_title":"Mutes irigators Waterpik WF-310 Nano\u2122 | Waterpik","og_description":"Uz\u0146\u0113mums nodarbojas ar zobu tehnikas un stomatolo\u0123isk\u0101 apr\u012bkojuma tirdzniec\u012bbu. Jau 20 gadu ir mutes irigatoru ra\u017eot\u0101ja \u201eWaterpik\u201c p\u0101rst\u0101vis Baltijas valst\u012bs.","og_url":"https:\/\/waterpik.lt\/lv\/produkt\/mutes-irigators-waterpik-wf-310-nano\/","og_site_name":"Waterpik","article_modified_time":"2025-12-16T11:16:38+00:00","og_image":[{"width":2560,"height":2560,"url":"https:\/\/waterpik.lt\/wp-content\/uploads\/2018\/11\/WP250EU_3Quarter-scaled.jpg","type":"image\/jpeg"}],"twitter_card":"summary_large_image","twitter_misc":{"Est. reading time":"1 minute"},"schema":{"@context":"https:\/\/schema.org","@graph":[{"@type":"WebPage","@id":"https:\/\/waterpik.lt\/lv\/produkt\/mutes-irigators-waterpik-wf-310-nano\/","url":"https:\/\/waterpik.lt\/lv\/produkt\/mutes-irigators-waterpik-wf-310-nano\/","name":"Mutes irigators Waterpik WF-310 Nano\u2122 | Waterpik","isPartOf":{"@id":"https:\/\/waterpik.lt\/#website"},"primaryImageOfPage":{"@id":"https:\/\/waterpik.lt\/lv\/produkt\/mutes-irigators-waterpik-wf-310-nano\/#primaryimage"},"image":{"@id":"https:\/\/waterpik.lt\/lv\/produkt\/mutes-irigators-waterpik-wf-310-nano\/#primaryimage"},"thumbnailUrl":"https:\/\/waterpik.lt\/wp-content\/uploads\/2018\/11\/WP250EU_3Quarter-scaled.jpg","datePublished":"2025-09-19T06:59:34+00:00","dateModified":"2025-12-16T11:16:38+00:00","description":"Uz\u0146\u0113mums nodarbojas ar zobu tehnikas un stomatolo\u0123isk\u0101 apr\u012bkojuma tirdzniec\u012bbu. Jau 20 gadu ir mutes irigatoru ra\u017eot\u0101ja \u201eWaterpik\u201c p\u0101rst\u0101vis Baltijas valst\u012bs.","breadcrumb":{"@id":"https:\/\/waterpik.lt\/lv\/produkt\/mutes-irigators-waterpik-wf-310-nano\/#breadcrumb"},"inLanguage":"lv-LV","potentialAction":[{"@type":"ReadAction","target":["https:\/\/waterpik.lt\/lv\/produkt\/mutes-irigators-waterpik-wf-310-nano\/"]}]},{"@type":"ImageObject","inLanguage":"lv-LV","@id":"https:\/\/waterpik.lt\/lv\/produkt\/mutes-irigators-waterpik-wf-310-nano\/#primaryimage","url":"https:\/\/waterpik.lt\/wp-content\/uploads\/2018\/11\/WP250EU_3Quarter-scaled.jpg","contentUrl":"https:\/\/waterpik.lt\/wp-content\/uploads\/2018\/11\/WP250EU_3Quarter-scaled.jpg","width":2560,"height":2560},{"@type":"BreadcrumbList","@id":"https:\/\/waterpik.lt\/lv\/produkt\/mutes-irigators-waterpik-wf-310-nano\/#breadcrumb","itemListElement":[{"@type":"ListItem","position":1,"name":"Titulinis","item":"https:\/\/waterpik.lt\/lv\/"},{"@type":"ListItem","position":2,"name":"Produkti","item":"https:\/\/waterpik.lt\/lv\/produkti\/"},{"@type":"ListItem","position":3,"name":"Mutes irigators Waterpik WF-310 Nano\u2122"}]},{"@type":"WebSite","@id":"https:\/\/waterpik.lt\/#website","url":"https:\/\/waterpik.lt\/","name":"Waterpik","description":"Irigatoriai","publisher":{"@id":"https:\/\/waterpik.lt\/#organization"},"potentialAction":[{"@type":"SearchAction","target":{"@type":"EntryPoint","urlTemplate":"https:\/\/waterpik.lt\/?s={search_term_string}"},"query-input":{"@type":"PropertyValueSpecification","valueRequired":true,"valueName":"search_term_string"}}],"inLanguage":"lv-LV"},{"@type":"Organization","@id":"https:\/\/waterpik.lt\/#organization","name":"Waterpik","url":"https:\/\/waterpik.lt\/","logo":{"@type":"ImageObject","inLanguage":"lv-LV","@id":"https:\/\/waterpik.lt\/#\/schema\/logo\/image\/","url":"https:\/\/waterpik.lt\/wp-content\/uploads\/2019\/05\/WP-160.jpg","contentUrl":"https:\/\/waterpik.lt\/wp-content\/uploads\/2019\/05\/WP-160.jpg","width":2048,"height":2048,"caption":"Waterpik"},"image":{"@id":"https:\/\/waterpik.lt\/#\/schema\/logo\/image\/"}}]}},"_links":{"self":[{"href":"https:\/\/waterpik.lt\/lv\/wp-json\/wp\/v2\/product\/169535","targetHints":{"allow":["GET"]}}],"collection":[{"href":"https:\/\/waterpik.lt\/lv\/wp-json\/wp\/v2\/product"}],"about":[{"href":"https:\/\/waterpik.lt\/lv\/wp-json\/wp\/v2\/types\/product"}],"wp:featuredmedia":[{"embeddable":true,"href":"https:\/\/waterpik.lt\/lv\/wp-json\/wp\/v2\/media\/40016"}],"wp:attachment":[{"href":"https:\/\/waterpik.lt\/lv\/wp-json\/wp\/v2\/media?parent=169535"}],"wp:term":[{"taxonomy":"product_brand","embeddable":true,"href":"https:\/\/waterpik.lt\/lv\/wp-json\/wp\/v2\/product_brand?post=169535"},{"taxonomy":"product_cat","embeddable":true,"href":"https:\/\/waterpik.lt\/lv\/wp-json\/wp\/v2\/product_cat?post=169535"},{"taxonomy":"product_tag","embeddable":true,"href":"https:\/\/waterpik.lt\/lv\/wp-json\/wp\/v2\/product_tag?post=169535"}],"curies":[{"name":"wp","href":"https:\/\/api.w.org\/{rel}","templated":true}]}}