{"id":144185,"date":"2025-05-12T10:47:58","date_gmt":"2025-05-12T07:47:58","guid":{"rendered":"https:\/\/waterpik.lt\/?post_type=product&#038;p=144185"},"modified":"2025-12-16T13:17:30","modified_gmt":"2025-12-16T11:17:30","slug":"bezvadu-mutes-irigators-waterpik-wp-580","status":"publish","type":"product","link":"https:\/\/waterpik.lt\/lv\/produkt\/bezvadu-mutes-irigators-waterpik-wp-580\/","title":{"rendered":"Bezvadu mutes irigators Waterpik WP-580"},"content":{"rendered":"<div class=\"wpb-content-wrapper\"><p>[vc_row css_animation=&#8221;&#8221; row_type=&#8221;row&#8221; use_row_as_full_screen_section=&#8221;no&#8221; type=&#8221;full_width&#8221; angled_section=&#8221;no&#8221; text_align=&#8221;left&#8221; background_image_as_pattern=&#8221;without_pattern&#8221;][vc_column][vc_column_text css=&#8221;&#8221;]<\/p>\n<h5 class=\"western\"><span style=\"font-family: Times New Roman, serif;\"><span style=\"font-size: x-large;\">Priek\u0161roc\u012bbas<\/span><\/span><\/h5>\n<ul>\n<li><span style=\"font-family: Times New Roman, serif;\">Ir pier\u0101d\u012bts, ka &#8220;Waterpik PRECISIONPULSE TM&#8221; tehnolo\u0123ija nodro\u0161ina visefekt\u012bv\u0101ko \u016bdens spiediena un puls\u0101ciju kombin\u0101ciju<\/span><\/li>\n<li><span style=\"font-family: Times New Roman, serif;\">Efekt\u012bva aplikuma no\u0146em\u0161ana: no\u0146em l\u012bdz <a href=\"https:\/\/www.waterpik.com\/pro\/clinical-research\/water-flosser-removes-plaque-gorur-2009\/\">99,9% aplikumu <\/a>izraiso\u0161o bakt\u0113riju, kas izraisa smaganu iekaisumu, kariesu un sliktu elpu<\/span><\/li>\n<li><span style=\"font-family: Times New Roman, serif;\">Vesel\u012bg\u0101kas smaganas: kl\u012bniski pier\u0101d\u012bts, ka tas ir l\u012bdz pat 2x efekt\u012bv\u0101kas nek\u0101 zobu diegs, nov\u0113r\u0161ot aplikumu izraiso\u0161\u0101s bakt\u0113rijas un uzlabojot smaganu vesel\u012bbu.<\/span><\/li>\n<li><span style=\"font-family: Times New Roman, serif;\">Lieliski piem\u0113rots implantiem: kl\u012bniski pier\u0101d\u012bts, ka tas ir l\u012bdz pat 2x efekt\u012bv\u0101ks nek\u0101 zobu diegs, uzlabojot zobu vesel\u012bbu ap implantiem, izmantojot uzgali Plaque Seeker TM (PS)<\/span><\/li>\n<li><span style=\"font-family: Times New Roman, serif;\">B\u016btiski breket\u0113m: ir kl\u012bniski pier\u0101d\u012bts, ka ortodontisk\u0101 uzga\u013ca (OD) lieto\u0161ana ir l\u012bdz pat <a href=\"https:\/\/www.waterpik.com\/pro\/clinical-research\/water-flosser-reduce-plaque-bleeding-adolescents-braces-sharma-2008\/\">3 reiz\u0113m efekt\u012bv\u0101ka aplikuma likvid\u0113\u0161an\u0101 ap breket\u0113m nek\u0101 zobu t\u012br\u012b\u0161ana ar parastu zobu birsti un zobu diegu.<\/a><\/span><\/li>\n<li><span style=\"font-family: Times New Roman, serif;\">Lieliski piem\u0113rots cilv\u0113kiem, kas valk\u0101 implantus, kro\u0146us, tilti\u0146us un lamin\u0101tus<\/span><\/li>\n<\/ul>\n<p>[\/vc_column_text][vc_column_text css=&#8221;&#8221;]<\/p>\n<h5 class=\"western\"><span style=\"font-family: Times New Roman, serif;\"><span style=\"font-size: x-large;\">Produkta raksturojums<\/span><\/span><\/h5>\n<ul>\n<li><span style=\"font-family: Times New Roman, serif;\">4 irigatora uzga\u013ci (2 standarta UN, 1 implantiem PS un 1 breket\u0113m OD)<\/span><\/li>\n<li><span style=\"font-family: Times New Roman, serif;\">360 gr\u0101du rot\u0113jo\u0161a sprausla<\/span><\/li>\n<li><span style=\"font-family: Times New Roman, serif;\">Uzlabota spiediena kontroles sist\u0113ma ar 3 sp\u0113ka iestat\u012bjumiem<\/span><\/li>\n<li><span style=\"font-family: Times New Roman, serif;\">Tvertne pietiek 45+ sekund\u0113m<\/span><\/li>\n<li><span style=\"font-family: Times New Roman, serif;\">\u0100tr\u0101s magn\u0113tisk\u0101s uzl\u0101des sist\u0113ma<\/span> <span style=\"color: #000000;\"><span style=\"font-family: Times New Roman, serif;\"><span style=\"font-size: small;\">(\u0101tr\u0101 uzl\u0101de aiz\u0146em tikai 4 stundas)<\/span><\/span><\/span><\/li>\n<li><span style=\"font-family: Times New Roman, serif;\">P\u0101rn\u0113s\u0101jams un \u012bpa\u0161i kluss<\/span><\/li>\n<li><span style=\"font-family: Times New Roman, serif;\">Lieliski piem\u0113rots ce\u013cojumiem un maz\u0101m vannas istab\u0101m<\/span><\/li>\n<li><span style=\"font-family: Times New Roman, serif;\">\u016adensiztur\u012bgs un lietojams du\u0161\u0101<\/span><\/li>\n<li><span style=\"font-family: Times New Roman, serif;\">Uzga\u013cu uzglab\u0101\u0161anas futr\u0101lis<\/span><\/li>\n<li><span style=\"font-family: Times New Roman, serif;\">Ce\u013cojumu soma un ce\u013cojumu \u016bdens spraudnis<\/span><\/li>\n<li><span style=\"font-family: Times New Roman, serif;\">Uzl\u0101d\u0113jams litija jonu akumulators ar vienu uzl\u0101di nodro\u0161ina <\/span><span style=\"font-family: Calibri, sans-serif;\">l\u012bdz <\/span><span style=\"font-family: Times New Roman, serif;\">pat 4 ned\u0113\u013c\u0101m<\/span><\/li>\n<li><span style=\"font-family: Times New Roman, serif;\">Akumulatora uzl\u0101des indikators<\/span><\/li>\n<li><span style=\"font-family: Times New Roman, serif;\">Magn\u0113tiskais USB-A uzl\u0101des kabelis (5,0 V DC, 1,0 A) tiek uzl\u0101d\u0113ts no kl\u0113pjdatora, automa\u0161\u012bnas, str\u0101vas bankas vai <\/span><span style=\"font-family: Times New Roman, serif;\"><b>sienas adaptera<\/b><\/span><\/li>\n<li><span style=\"font-family: Times New Roman, serif;\">Divu gadu garantija<\/span><\/li>\n<\/ul>\n<p>[\/vc_column_text][\/vc_column][\/vc_row]<\/p>\n<\/div>","protected":false},"excerpt":{"rendered":"<p>&nbsp;<\/p>\n<p><span style=\"color: #ff0000;\"><strong>Jaunums!<\/strong><\/span><\/p>\n<p>&nbsp;<\/p>\n<p><span style=\"font-family: Times New Roman, serif;\">\u012apa\u0161i \u0113rtajam bezvadu irigatoram WP-580 Advanced 2.0 ir \u0101tra magn\u0113tisk\u0101 uzl\u0101des sist\u0113ma, un tas tiek uzl\u0101d\u0113ts 4 stund\u0101s. Tas ir \u0101rk\u0101rt\u012bgi kluss un \u016bdensnecaurlaid\u012bgs. Tas ir lieliski piem\u0113rots maz\u0101m telp\u0101m un ce\u013cojumiem. J\u016bs varat izv\u0113l\u0113ties no vair\u0101kiem da\u017e\u0101du kr\u0101su mode\u013ciem.<\/span><\/p>\n<p><span style=\"font-family: Times New Roman, serif;\">\u0160im modelim ir 4 irigatora uzga\u013ci da\u017e\u0101d\u0101m zob\u0101rstniec\u012bbas vajadz\u012bb\u0101m, 3 spiediena iestat\u012bjumi, mikro\u0161\u0137iedras ce\u013cojumu soma un ce\u013cojuma \u016bdens aizb\u0101znis, lai nov\u0113rstu nopl\u016bdes transport\u0113\u0161anas laik\u0101, uzga\u013ca uzglab\u0101\u0161anas futr\u0101lis un no\u0146emama \u016bdens tvertne, kas ir pietiekami 45+ sekund\u0113m. Uzgalis var pagriezties par 360 gr\u0101diem, kas \u013cauj viegli sasniegt visas starpzobu vietas, pat aizmugur\u0113jos zobus.<\/span><\/p>\n<p><a name=\"_Hlt191481356\"><\/a><a name=\"_Hlt191481355\"><\/a><span style=\"font-family: Times New Roman, serif;\">Efekt\u012bva aplikuma no\u0146em\u0161ana: no\u0146em l\u012bdz <a href=\"https:\/\/www.waterpik.com\/pro\/clinical-research\/water-flosser-removes-plaque-gorur-2009\/\">99,9% aplikumu <\/a>izraiso\u0161o bakt\u0113riju, kas izraisa smaganu iekaisumu, kariesu un sliktu elpu, Ir kl\u012bniski pier\u0101d\u012bts, ka tas ir l\u012bdz pat 2 reiz\u0113m efekt\u012bv\u0101ks nek\u0101 zobu diegs aplikumu izraiso\u0161o bakt\u0113riju likvid\u0113\u0161an\u0101 un smaganu vesel\u012bbas uzlabo\u0161an\u0101<\/span>.<\/p>\n<p><span style=\"font-family: Times New Roman, serif;\">WATERPIK ir zob\u0101rstu visvair\u0101k ieteiktais irigatoru z\u012bmols pasaul\u0113, un WP-580 Advanced 2.0 bezvadu irigatros ir un Amerikas Zob\u0101rstu asoci\u0101cijas (ADA) apstiprin\u0101ts un kl\u012bniski p\u0101rbaud\u012bts dro\u0161s un efekt\u012bvs l\u012bdzeklis zobu higi\u0113nai.<\/span><\/p>\n<p>&nbsp;<\/p>\n<div class=\"qbutton default\">[spu popup=\"862\"]PAS\u016aT\u012aT[\/spu]<\/div>\n","protected":false},"featured_media":144241,"template":"","meta":{"inline_featured_image":false},"product_brand":[],"product_cat":[57],"product_tag":[],"class_list":{"0":"post-144185","1":"product","2":"type-product","3":"status-publish","4":"has-post-thumbnail","6":"product_cat-bezvadu-mutes-irigatori","8":"first","9":"instock","10":"sale","11":"taxable","12":"shipping-taxable","13":"purchasable","14":"product-type-simple"},"yoast_head":"<!-- This site is optimized with the Yoast SEO plugin v24.6 - https:\/\/yoast.com\/wordpress\/plugins\/seo\/ -->\n<title>Bezvadu mutes irigators Waterpik WP-580 | Waterpik<\/title>\n<meta name=\"description\" content=\"Uz\u0146\u0113mums nodarbojas ar zobu tehnikas un stomatolo\u0123isk\u0101 apr\u012bkojuma tirdzniec\u012bbu. Jau 20 gadu ir mutes irigatoru ra\u017eot\u0101ja \u201eWaterpik\u201c p\u0101rst\u0101vis Baltijas valst\u012bs.\" \/>\n<meta name=\"robots\" content=\"index, follow, max-snippet:-1, max-image-preview:large, max-video-preview:-1\" \/>\n<link rel=\"canonical\" href=\"https:\/\/waterpik.lt\/lv\/produkt\/bezvadu-mutes-irigators-waterpik-wp-580\/\" \/>\n<meta property=\"og:locale\" content=\"lv_LV\" \/>\n<meta property=\"og:type\" content=\"article\" \/>\n<meta property=\"og:title\" content=\"Bezvadu mutes irigators Waterpik WP-580 | Waterpik\" \/>\n<meta property=\"og:description\" content=\"Uz\u0146\u0113mums nodarbojas ar zobu tehnikas un stomatolo\u0123isk\u0101 apr\u012bkojuma tirdzniec\u012bbu. Jau 20 gadu ir mutes irigatoru ra\u017eot\u0101ja \u201eWaterpik\u201c p\u0101rst\u0101vis Baltijas valst\u012bs.\" \/>\n<meta property=\"og:url\" content=\"https:\/\/waterpik.lt\/lv\/produkt\/bezvadu-mutes-irigators-waterpik-wp-580\/\" \/>\n<meta property=\"og:site_name\" content=\"Waterpik\" \/>\n<meta property=\"article:modified_time\" content=\"2025-12-16T11:17:30+00:00\" \/>\n<meta property=\"og:image\" content=\"https:\/\/waterpik.lt\/wp-content\/uploads\/2025\/05\/WP-580-LV.jpg\" \/>\n\t<meta property=\"og:image:width\" content=\"1800\" \/>\n\t<meta property=\"og:image:height\" content=\"1800\" \/>\n\t<meta property=\"og:image:type\" content=\"image\/jpeg\" \/>\n<meta name=\"twitter:card\" content=\"summary_large_image\" \/>\n<meta name=\"twitter:label1\" content=\"Est. reading time\" \/>\n\t<meta name=\"twitter:data1\" content=\"2 minutes\" \/>\n<script type=\"application\/ld+json\" class=\"yoast-schema-graph\">{\"@context\":\"https:\/\/schema.org\",\"@graph\":[{\"@type\":\"WebPage\",\"@id\":\"https:\/\/waterpik.lt\/lv\/produkt\/bezvadu-mutes-irigators-waterpik-wp-580\/\",\"url\":\"https:\/\/waterpik.lt\/lv\/produkt\/bezvadu-mutes-irigators-waterpik-wp-580\/\",\"name\":\"Bezvadu mutes irigators Waterpik WP-580 | Waterpik\",\"isPartOf\":{\"@id\":\"https:\/\/waterpik.lt\/#website\"},\"primaryImageOfPage\":{\"@id\":\"https:\/\/waterpik.lt\/lv\/produkt\/bezvadu-mutes-irigators-waterpik-wp-580\/#primaryimage\"},\"image\":{\"@id\":\"https:\/\/waterpik.lt\/lv\/produkt\/bezvadu-mutes-irigators-waterpik-wp-580\/#primaryimage\"},\"thumbnailUrl\":\"https:\/\/waterpik.lt\/wp-content\/uploads\/2025\/05\/WP-580-LV.jpg\",\"datePublished\":\"2025-05-12T07:47:58+00:00\",\"dateModified\":\"2025-12-16T11:17:30+00:00\",\"description\":\"Uz\u0146\u0113mums nodarbojas ar zobu tehnikas un stomatolo\u0123isk\u0101 apr\u012bkojuma tirdzniec\u012bbu. Jau 20 gadu ir mutes irigatoru ra\u017eot\u0101ja \u201eWaterpik\u201c p\u0101rst\u0101vis Baltijas valst\u012bs.\",\"breadcrumb\":{\"@id\":\"https:\/\/waterpik.lt\/lv\/produkt\/bezvadu-mutes-irigators-waterpik-wp-580\/#breadcrumb\"},\"inLanguage\":\"lv-LV\",\"potentialAction\":[{\"@type\":\"ReadAction\",\"target\":[\"https:\/\/waterpik.lt\/lv\/produkt\/bezvadu-mutes-irigators-waterpik-wp-580\/\"]}]},{\"@type\":\"ImageObject\",\"inLanguage\":\"lv-LV\",\"@id\":\"https:\/\/waterpik.lt\/lv\/produkt\/bezvadu-mutes-irigators-waterpik-wp-580\/#primaryimage\",\"url\":\"https:\/\/waterpik.lt\/wp-content\/uploads\/2025\/05\/WP-580-LV.jpg\",\"contentUrl\":\"https:\/\/waterpik.lt\/wp-content\/uploads\/2025\/05\/WP-580-LV.jpg\",\"width\":1800,\"height\":1800},{\"@type\":\"BreadcrumbList\",\"@id\":\"https:\/\/waterpik.lt\/lv\/produkt\/bezvadu-mutes-irigators-waterpik-wp-580\/#breadcrumb\",\"itemListElement\":[{\"@type\":\"ListItem\",\"position\":1,\"name\":\"Titulinis\",\"item\":\"https:\/\/waterpik.lt\/lv\/\"},{\"@type\":\"ListItem\",\"position\":2,\"name\":\"Produkti\",\"item\":\"https:\/\/waterpik.lt\/lv\/produkti\/\"},{\"@type\":\"ListItem\",\"position\":3,\"name\":\"Bezvadu mutes irigators Waterpik WP-580\"}]},{\"@type\":\"WebSite\",\"@id\":\"https:\/\/waterpik.lt\/#website\",\"url\":\"https:\/\/waterpik.lt\/\",\"name\":\"Waterpik\",\"description\":\"Irigatoriai\",\"publisher\":{\"@id\":\"https:\/\/waterpik.lt\/#organization\"},\"potentialAction\":[{\"@type\":\"SearchAction\",\"target\":{\"@type\":\"EntryPoint\",\"urlTemplate\":\"https:\/\/waterpik.lt\/?s={search_term_string}\"},\"query-input\":{\"@type\":\"PropertyValueSpecification\",\"valueRequired\":true,\"valueName\":\"search_term_string\"}}],\"inLanguage\":\"lv-LV\"},{\"@type\":\"Organization\",\"@id\":\"https:\/\/waterpik.lt\/#organization\",\"name\":\"Waterpik\",\"url\":\"https:\/\/waterpik.lt\/\",\"logo\":{\"@type\":\"ImageObject\",\"inLanguage\":\"lv-LV\",\"@id\":\"https:\/\/waterpik.lt\/#\/schema\/logo\/image\/\",\"url\":\"https:\/\/waterpik.lt\/wp-content\/uploads\/2019\/05\/WP-160.jpg\",\"contentUrl\":\"https:\/\/waterpik.lt\/wp-content\/uploads\/2019\/05\/WP-160.jpg\",\"width\":2048,\"height\":2048,\"caption\":\"Waterpik\"},\"image\":{\"@id\":\"https:\/\/waterpik.lt\/#\/schema\/logo\/image\/\"}}]}<\/script>\n<!-- \/ Yoast SEO plugin. -->","yoast_head_json":{"title":"Bezvadu mutes irigators Waterpik WP-580 | Waterpik","description":"Uz\u0146\u0113mums nodarbojas ar zobu tehnikas un stomatolo\u0123isk\u0101 apr\u012bkojuma tirdzniec\u012bbu. Jau 20 gadu ir mutes irigatoru ra\u017eot\u0101ja \u201eWaterpik\u201c p\u0101rst\u0101vis Baltijas valst\u012bs.","robots":{"index":"index","follow":"follow","max-snippet":"max-snippet:-1","max-image-preview":"max-image-preview:large","max-video-preview":"max-video-preview:-1"},"canonical":"https:\/\/waterpik.lt\/lv\/produkt\/bezvadu-mutes-irigators-waterpik-wp-580\/","og_locale":"lv_LV","og_type":"article","og_title":"Bezvadu mutes irigators Waterpik WP-580 | Waterpik","og_description":"Uz\u0146\u0113mums nodarbojas ar zobu tehnikas un stomatolo\u0123isk\u0101 apr\u012bkojuma tirdzniec\u012bbu. Jau 20 gadu ir mutes irigatoru ra\u017eot\u0101ja \u201eWaterpik\u201c p\u0101rst\u0101vis Baltijas valst\u012bs.","og_url":"https:\/\/waterpik.lt\/lv\/produkt\/bezvadu-mutes-irigators-waterpik-wp-580\/","og_site_name":"Waterpik","article_modified_time":"2025-12-16T11:17:30+00:00","og_image":[{"width":1800,"height":1800,"url":"https:\/\/waterpik.lt\/wp-content\/uploads\/2025\/05\/WP-580-LV.jpg","type":"image\/jpeg"}],"twitter_card":"summary_large_image","twitter_misc":{"Est. reading time":"2 minutes"},"schema":{"@context":"https:\/\/schema.org","@graph":[{"@type":"WebPage","@id":"https:\/\/waterpik.lt\/lv\/produkt\/bezvadu-mutes-irigators-waterpik-wp-580\/","url":"https:\/\/waterpik.lt\/lv\/produkt\/bezvadu-mutes-irigators-waterpik-wp-580\/","name":"Bezvadu mutes irigators Waterpik WP-580 | Waterpik","isPartOf":{"@id":"https:\/\/waterpik.lt\/#website"},"primaryImageOfPage":{"@id":"https:\/\/waterpik.lt\/lv\/produkt\/bezvadu-mutes-irigators-waterpik-wp-580\/#primaryimage"},"image":{"@id":"https:\/\/waterpik.lt\/lv\/produkt\/bezvadu-mutes-irigators-waterpik-wp-580\/#primaryimage"},"thumbnailUrl":"https:\/\/waterpik.lt\/wp-content\/uploads\/2025\/05\/WP-580-LV.jpg","datePublished":"2025-05-12T07:47:58+00:00","dateModified":"2025-12-16T11:17:30+00:00","description":"Uz\u0146\u0113mums nodarbojas ar zobu tehnikas un stomatolo\u0123isk\u0101 apr\u012bkojuma tirdzniec\u012bbu. Jau 20 gadu ir mutes irigatoru ra\u017eot\u0101ja \u201eWaterpik\u201c p\u0101rst\u0101vis Baltijas valst\u012bs.","breadcrumb":{"@id":"https:\/\/waterpik.lt\/lv\/produkt\/bezvadu-mutes-irigators-waterpik-wp-580\/#breadcrumb"},"inLanguage":"lv-LV","potentialAction":[{"@type":"ReadAction","target":["https:\/\/waterpik.lt\/lv\/produkt\/bezvadu-mutes-irigators-waterpik-wp-580\/"]}]},{"@type":"ImageObject","inLanguage":"lv-LV","@id":"https:\/\/waterpik.lt\/lv\/produkt\/bezvadu-mutes-irigators-waterpik-wp-580\/#primaryimage","url":"https:\/\/waterpik.lt\/wp-content\/uploads\/2025\/05\/WP-580-LV.jpg","contentUrl":"https:\/\/waterpik.lt\/wp-content\/uploads\/2025\/05\/WP-580-LV.jpg","width":1800,"height":1800},{"@type":"BreadcrumbList","@id":"https:\/\/waterpik.lt\/lv\/produkt\/bezvadu-mutes-irigators-waterpik-wp-580\/#breadcrumb","itemListElement":[{"@type":"ListItem","position":1,"name":"Titulinis","item":"https:\/\/waterpik.lt\/lv\/"},{"@type":"ListItem","position":2,"name":"Produkti","item":"https:\/\/waterpik.lt\/lv\/produkti\/"},{"@type":"ListItem","position":3,"name":"Bezvadu mutes irigators Waterpik WP-580"}]},{"@type":"WebSite","@id":"https:\/\/waterpik.lt\/#website","url":"https:\/\/waterpik.lt\/","name":"Waterpik","description":"Irigatoriai","publisher":{"@id":"https:\/\/waterpik.lt\/#organization"},"potentialAction":[{"@type":"SearchAction","target":{"@type":"EntryPoint","urlTemplate":"https:\/\/waterpik.lt\/?s={search_term_string}"},"query-input":{"@type":"PropertyValueSpecification","valueRequired":true,"valueName":"search_term_string"}}],"inLanguage":"lv-LV"},{"@type":"Organization","@id":"https:\/\/waterpik.lt\/#organization","name":"Waterpik","url":"https:\/\/waterpik.lt\/","logo":{"@type":"ImageObject","inLanguage":"lv-LV","@id":"https:\/\/waterpik.lt\/#\/schema\/logo\/image\/","url":"https:\/\/waterpik.lt\/wp-content\/uploads\/2019\/05\/WP-160.jpg","contentUrl":"https:\/\/waterpik.lt\/wp-content\/uploads\/2019\/05\/WP-160.jpg","width":2048,"height":2048,"caption":"Waterpik"},"image":{"@id":"https:\/\/waterpik.lt\/#\/schema\/logo\/image\/"}}]}},"_links":{"self":[{"href":"https:\/\/waterpik.lt\/lv\/wp-json\/wp\/v2\/product\/144185","targetHints":{"allow":["GET"]}}],"collection":[{"href":"https:\/\/waterpik.lt\/lv\/wp-json\/wp\/v2\/product"}],"about":[{"href":"https:\/\/waterpik.lt\/lv\/wp-json\/wp\/v2\/types\/product"}],"wp:featuredmedia":[{"embeddable":true,"href":"https:\/\/waterpik.lt\/lv\/wp-json\/wp\/v2\/media\/144241"}],"wp:attachment":[{"href":"https:\/\/waterpik.lt\/lv\/wp-json\/wp\/v2\/media?parent=144185"}],"wp:term":[{"taxonomy":"product_brand","embeddable":true,"href":"https:\/\/waterpik.lt\/lv\/wp-json\/wp\/v2\/product_brand?post=144185"},{"taxonomy":"product_cat","embeddable":true,"href":"https:\/\/waterpik.lt\/lv\/wp-json\/wp\/v2\/product_cat?post=144185"},{"taxonomy":"product_tag","embeddable":true,"href":"https:\/\/waterpik.lt\/lv\/wp-json\/wp\/v2\/product_tag?post=144185"}],"curies":[{"name":"wp","href":"https:\/\/api.w.org\/{rel}","templated":true}]}}