{"id":133398,"date":"2025-02-28T16:41:16","date_gmt":"2025-02-28T14:41:16","guid":{"rendered":"https:\/\/waterpik.lt\/?post_type=product&#038;p=133398"},"modified":"2025-12-16T13:08:26","modified_gmt":"2025-12-16T11:08:26","slug":"mutes-irigators-complete-care-cc-04","status":"publish","type":"product","link":"https:\/\/waterpik.lt\/lv\/produkt\/mutes-irigators-complete-care-cc-04\/","title":{"rendered":"Mutes irigators Complete Care CC-04"},"content":{"rendered":"<div class=\"wpb-content-wrapper\"><p>[vc_row css_animation=&#8221;&#8221; row_type=&#8221;row&#8221; use_row_as_full_screen_section=&#8221;no&#8221; type=&#8221;full_width&#8221; angled_section=&#8221;no&#8221; text_align=&#8221;left&#8221; background_image_as_pattern=&#8221;without_pattern&#8221;][vc_column][vc_column_text css=&#8221;&#8221;]<b><span style=\"font-family: Times New Roman, serif;\"><span style=\"font-size: x-large;\">Irigator<\/span><\/span><\/b><span style=\"font-family: Times New Roman, serif;\"><span style=\"font-size: x-large;\"><b>a priek\u0161roc\u012bbas<\/b><\/span><\/span><\/p>\n<ul>\n<li><span style=\"font-family: Times New Roman, serif;\">Ir pier\u0101d\u012bts, ka &#8220;Waterpik PRECISIONPULSE TM&#8221; tehnolo\u0123ija nodro\u0161ina visefekt\u012bv\u0101ko \u016bdens spiediena un puls\u0101ciju kombin\u0101ciju<\/span><\/li>\n<li><span style=\"font-family: Times New Roman, serif;\">Efekt\u012bva aplikuma no\u0146em\u0161ana: no\u0146em l\u012bdz <a href=\"https:\/\/www.waterpik.com\/pro\/clinical-research\/water-flosser-removes-plaque-gorur-2009\/\">99,9% aplikumu <\/a>izraiso\u0161o bakt\u0113riju, kas izraisa smaganu iekaisumu, kariesu un sliktu elpu<\/span><\/li>\n<li><span style=\"font-family: Times New Roman, serif;\">Vesel\u012bg\u0101kas smaganas: kl\u012bniski pier\u0101d\u012bts, ka t\u0101s ir l\u012bdz pat 2x efekt\u012bv\u0101kas nek\u0101 zobu diegs, nov\u0113r\u0161ot aplikumu izraiso\u0161\u0101s bakt\u0113rijas un uzlabojot smaganu vesel\u012bbu.<\/span><\/li>\n<li><span style=\"font-family: Times New Roman, serif;\">Lieliski piem\u0113rots implantiem: kl\u012bniski pier\u0101d\u012bts, ka tas ir l\u012bdz pat 2x efekt\u012bv\u0101ks nek\u0101 zobu diegs, uzlabojot zobu vesel\u012bbu ap implantiem, ja to lieto kop\u0101 ar <\/span><span style=\"font-family: Times New Roman, serif;\"><i>Plaque Seeker<\/i><\/span><span style=\"font-family: Times New Roman, serif;\"> (PS) uzgali.<\/span><\/li>\n<li><span style=\"font-family: Times New Roman, serif;\">B\u016btiski breket\u0113m: ir kl\u012bniski pier\u0101d\u012bts, ka ortodontisk\u0101 uzga\u013ca (OD) lieto\u0161ana ir l\u012bdz pat <a href=\"https:\/\/www.waterpik.com\/pro\/clinical-research\/water-flosser-reduce-plaque-bleeding-adolescents-braces-sharma-2008\/\">3 reiz\u0113m efekt\u012bv\u0101ka aplikuma likvid\u0113\u0161an\u0101 ap breket\u0113m nek\u0101 zobu t\u012br\u012b\u0161ana parastu zobu birsti un zobu diegu.<\/a><\/span><\/li>\n<li><span style=\"font-family: Times New Roman, serif;\">Lieliski piem\u0113rots cilv\u0113kiem, kas valk\u0101 implantus, kro\u0146us, tilti\u0146us un lamin\u0101tus<\/span><\/li>\n<\/ul>\n<p><span style=\"font-family: Times New Roman, serif;\"><span style=\"font-size: x-large;\"><b>Sensonic <\/b><\/span><\/span><b><span style=\"font-family: Times New Roman, serif;\"><span style=\"font-size: x-large;\">elektrisk\u0101s zobu birstes priek\u0161roc\u012bbas<\/span><\/span><\/b><\/p>\n<ul>\n<li><span style=\"font-family: Times New Roman, serif;\">Efekt\u012bva aplikuma no\u0146em\u0161ana: pal\u012bdz aizsarg\u0101t pret gingiv\u012btu, kariesu un sliktu elpu, no\u0146emot l\u012bdz pat 4x vair\u0101k aplikuma**<\/span><\/li>\n<li><span style=\"font-family: Times New Roman, serif;\">Vesel\u012bg\u0101kas smaganas: par 60% efekt\u012bv\u0101k samazina zobu iekaisumu un l\u012bdz pat 2x efekt\u012bv\u0101k samazina smaganu asi\u0146o\u0161anu**<\/span><\/li>\n<\/ul>\n<p><b><span style=\"font-family: Times New Roman, serif;\"><span style=\"font-size: x-large;\">Kombin\u0101cijas priek\u0161roc\u012bbas<\/span><\/span><\/b><\/p>\n<ul>\n<li><span style=\"font-family: Times New Roman, serif;\">Lietojot kop\u0101, WATERPIK irigators un SENSONIC zobu birste l\u012bdz pat 3 reiz\u0113m efekt\u012bv\u0101k nek\u0101 parast\u0101 zobu birste uzlabo smaganu vesel\u012bbu un l\u012bdz 5 reiz\u0113m efekt\u012bv\u0101k par parasto zobu birsti no\u0146em aplikumu gr\u016bti sasniedzam\u0101s viet\u0101s*<\/span><\/li>\n<\/ul>\n<p><span style=\"font-family: Times New Roman, serif;\"><span style=\"font-size: small;\">* Zobu t\u012br\u012b\u0161ana divas min\u016btes ar zobu birsti un vienu min\u016bti ar zobstarpu irigatoru<\/span><\/span><\/p>\n<p><span style=\"font-family: Times New Roman, serif;\"><span style=\"font-size: small;\">**gr\u016bt\u0101k aizsniedzam\u0101s viet\u0101s nek\u0101 t\u012brot zobus ar manu\u0101lo zobu birsti<\/span><\/span><\/p>\n<p><b><span style=\"font-family: Times New Roman, serif;\"><span style=\"font-size: x-large;\">Irigatora raksturojums<\/span><\/span><\/b><\/p>\n<ul>\n<li><span style=\"font-family: Times New Roman, serif;\">Komplekt\u0101 ietilpst 5 irigatora uzga\u013ci: 2 standarta JT, 1 implantiem PS, 1 breket\u0113m OD, 1 prot\u0113z\u0113m un implantiem DT<\/span><\/li>\n<li><span style=\"font-family: Times New Roman, serif;\">360 gr\u0101du rot\u0113jo\u0161s rokturis<\/span><\/li>\n<li><span style=\"font-family: Times New Roman, serif;\">Uzlabota spiediena kontroles sist\u0113ma ar 10 sp\u0113ka iestat\u012bjumiem<\/span><\/li>\n<li><span style=\"font-family: Times New Roman, serif;\">Tvertnes ietilp\u012bba pietiek 90+ sekund\u0113m<\/span><\/li>\n<li><span style=\"font-family: Times New Roman, serif;\">Poga ar ON\/OFF funkciju<\/span><\/li>\n<li><span style=\"font-family: Times New Roman, serif;\">Magn\u0113tisks rokturis<\/span><\/li>\n<\/ul>\n<p><b><span style=\"font-family: Times New Roman, serif;\"><span style=\"font-size: x-large;\">Sensonic elektrisk\u0101s zobu birstes raksturojums<\/span><\/span><\/b><\/p>\n<ul>\n<li><span style=\"font-family: Times New Roman, serif;\">Ietver 2 STWB uzga\u013cus<\/span><\/li>\n<li><span style=\"font-family: Times New Roman, serif;\">M\u012bksti sari\u0146i, kas \u012bpa\u0161i paredz\u0113ti gr\u016bti sasniedzamu vietu t\u012br\u012b\u0161anai<\/span><\/li>\n<li><span style=\"font-family: Times New Roman, serif;\">3 ska\u0146as t\u012br\u012b\u0161anas re\u017e\u012bmi \u2013 t\u012br\u012b\u0161ana, traipu no\u0146em\u0161ana un smaganu kop\u0161ana<\/span><\/li>\n<li><span style=\"font-family: Times New Roman, serif;\">2 min\u016b\u0161u taimeris ar 30 sekun\u017eu interv\u0101liem<\/span><\/li>\n<li><span style=\"font-family: Times New Roman, serif;\">Viegls un \u012bpa\u0161i kluss dizains<\/span><\/li>\n<li><span style=\"font-family: Times New Roman, serif;\">Ergonomisks rokturis ar nesl\u012bdo\u0161u apdari<\/span><\/li>\n<li><span style=\"font-family: Times New Roman, serif;\">Kr\u0101su maino\u0161i sari (main\u0101s no za\u013cas uz dzeltenu, lai atg\u0101din\u0101tu, kad j\u0101nomaina zobu birstes galva)<\/span><\/li>\n<li><span style=\"font-family: Times New Roman, serif;\">LED uzl\u0101des indikators<\/span><\/li>\n<li><span style=\"font-family: Times New Roman, serif;\">Premium ce\u013cojumu zobu birstes futr\u0101lis<\/span><\/li>\n<li><span style=\"font-family: Times New Roman, serif;\">Litija jonu akumulators ar vienu uzl\u0101di \u013cauj darboties l\u012bdz 4 ned\u0113\u013c\u0101m<\/span><\/li>\n<\/ul>\n<p><b><span style=\"font-family: Times New Roman, serif;\"><span style=\"font-size: x-large;\"><i>Complete Care<\/i><\/span><\/span><\/b><b><span style=\"font-family: Times New Roman, serif;\"><span style=\"font-size: x-large;\"> funkcijas<\/span><\/span><\/b><\/p>\n<ul>\n<li><span style=\"font-family: Times New Roman, serif;\">Nepiecie\u0161ama tikai viena elektr\u012bbas kontaktligzda<\/span><\/li>\n<li><span style=\"font-family: Times New Roman, serif;\">Vietu taupo\u0161s dizains<\/span><\/li>\n<li><span style=\"font-family: Times New Roman, serif;\">Divu gadu garantija<\/span><\/li>\n<\/ul>\n<p>[\/vc_column_text][\/vc_column][\/vc_row]<\/p>\n<\/div>","protected":false},"excerpt":{"rendered":"<p>&nbsp;<\/p>\n<p><span style=\"font-family: Times New Roman, serif;\"><i>CC-04 SENSONIC Complete Care<\/i> apvieno WATERPIK mutes dobuma irigatoru ar godalgoto <i>STW-03 SENSONIC<\/i> zobu birsti piel\u0101gotai mutes dobuma kop\u0161anai vien\u0101 ier\u012bc\u0113. Lietojot kop\u0101, uzlabo smaganu vesel\u012bbu 3x efekt\u012bv\u0101k nek\u0101 zobu t\u012br\u012b\u0161ana ar manu\u0101lo zobu birsti.*<\/span><\/p>\n<p><span style=\"font-family: Times New Roman, serif;\">WATERPIK irigatoram ir 10 spiediena iestat\u012bjumi un 5 \u012bpa\u0161i uzga\u013ci. Liel\u0101 no\u0146emam\u0101 tvertne pietiek vair\u0101k nek\u0101 90\u00a0sekund\u0113m, un 360\u00a0gr\u0101dos rot\u0113jo\u0161ais rokturis \u013cauj viegli sasniegt visas zobu starpas, pat aizmugur\u0113jiem zobiem.<\/span><\/p>\n<p><a name=\"_Hlt191478578\"><\/a><a name=\"_Hlt191480386\"><\/a><span style=\"font-family: Times New Roman, serif;\">Uzl\u0101d\u0113jamai elektriskajai zobu birstei <a href=\"https:\/\/www.waterpik.com\/products\/electric-toothbrush\/STW-03W020\/\">SENSONIC <\/a>ir 3 re\u017e\u012bmi: t\u012br\u012b\u0161ana, traipu no\u0146em\u0161ana un smaganu kop\u0161ana, kas \u013cauj efekt\u012bvi not\u012br\u012bt zobu virsmas. M\u012bkstie sari\u0146i nodro\u0161ina maigu, bet efekt\u012bvu t\u012br\u012b\u0161anu un ir \u012bpa\u0161i izstr\u0101d\u0101ti gr\u016bti sasniedzamu vietu, pat dzerok\u013cu, t\u012br\u012b\u0161anai.<\/span><\/p>\n<p><span style=\"font-family: Times New Roman, serif;\">WATERPIK ir zob\u0101rstu ieteikt\u0101kais irigatoru z\u012bmols pasaul\u0113, un irigators CC-04 SENSONIC Complete Care ir dro\u0161s un efekt\u012bvs irigators, ko kl\u012bniski p\u0101rbaud\u012bjusi un apstiprin\u0101jusi Amerikas Zob\u0101rstu asoci\u0101cijas (ADA).<\/span><\/p>\n<p>&nbsp;<\/p>\n<p><iframe loading=\"lazy\" src=\"https:\/\/www.youtube.com\/embed\/XLXx_nKrAeE\" width=\"100%\" height=\"315\" frameborder=\"0\" allowfullscreen=\"allowfullscreen\"><\/iframe><\/p>\n<p>&nbsp;<\/p>\n<p><a href=\"\/wp-content\/uploads\/2018\/12\/Waterpik-WP-861-LT.pdf\" target=\"_blank\" rel=\"noopener\"><img loading=\"lazy\" decoding=\"async\" class=\"alignnone wp-image-433\" src=\"https:\/\/waterpik.lt\/wp-content\/uploads\/2018\/11\/download.png\" alt=\"\" width=\"128\" height=\"41\" \/><\/a><\/p>\n<p>&nbsp;<\/p>\n<div class=\"qbutton default\">[spu popup=\"862\"]PAS\u016aT\u012aT[\/spu]<\/div>\n","protected":false},"featured_media":137116,"template":"","meta":{"inline_featured_image":false},"product_brand":[],"product_cat":[55],"product_tag":[],"class_list":{"0":"post-133398","1":"product","2":"type-product","3":"status-publish","4":"has-post-thumbnail","6":"product_cat-mutes-irigatori","8":"first","9":"instock","10":"sale","11":"taxable","12":"shipping-taxable","13":"purchasable","14":"product-type-simple"},"yoast_head":"<!-- This site is optimized with the Yoast SEO plugin v24.6 - https:\/\/yoast.com\/wordpress\/plugins\/seo\/ -->\n<title>Mutes irigators Complete Care CC-04 | Waterpik<\/title>\n<meta name=\"description\" content=\"Uz\u0146\u0113mums nodarbojas ar zobu tehnikas un stomatolo\u0123isk\u0101 apr\u012bkojuma tirdzniec\u012bbu. Jau 20 gadu ir mutes irigatoru ra\u017eot\u0101ja \u201eWaterpik\u201c p\u0101rst\u0101vis Baltijas valst\u012bs.\" \/>\n<meta name=\"robots\" content=\"index, follow, max-snippet:-1, max-image-preview:large, max-video-preview:-1\" \/>\n<link rel=\"canonical\" href=\"https:\/\/waterpik.lt\/lv\/produkt\/mutes-irigators-complete-care-cc-04\/\" \/>\n<meta property=\"og:locale\" content=\"lv_LV\" \/>\n<meta property=\"og:type\" content=\"article\" \/>\n<meta property=\"og:title\" content=\"Mutes irigators Complete Care CC-04 | Waterpik\" \/>\n<meta property=\"og:description\" content=\"Uz\u0146\u0113mums nodarbojas ar zobu tehnikas un stomatolo\u0123isk\u0101 apr\u012bkojuma tirdzniec\u012bbu. Jau 20 gadu ir mutes irigatoru ra\u017eot\u0101ja \u201eWaterpik\u201c p\u0101rst\u0101vis Baltijas valst\u012bs.\" \/>\n<meta property=\"og:url\" content=\"https:\/\/waterpik.lt\/lv\/produkt\/mutes-irigators-complete-care-cc-04\/\" \/>\n<meta property=\"og:site_name\" content=\"Waterpik\" \/>\n<meta property=\"article:modified_time\" content=\"2025-12-16T11:08:26+00:00\" \/>\n<meta property=\"og:image\" content=\"https:\/\/waterpik.lt\/wp-content\/uploads\/2025\/02\/Sensonic_LV.jpg\" \/>\n\t<meta property=\"og:image:width\" content=\"1800\" \/>\n\t<meta property=\"og:image:height\" content=\"1800\" \/>\n\t<meta property=\"og:image:type\" content=\"image\/jpeg\" \/>\n<meta name=\"twitter:card\" content=\"summary_large_image\" \/>\n<meta name=\"twitter:label1\" content=\"Est. reading time\" \/>\n\t<meta name=\"twitter:data1\" content=\"2 minutes\" \/>\n<script type=\"application\/ld+json\" class=\"yoast-schema-graph\">{\"@context\":\"https:\/\/schema.org\",\"@graph\":[{\"@type\":\"WebPage\",\"@id\":\"https:\/\/waterpik.lt\/lv\/produkt\/mutes-irigators-complete-care-cc-04\/\",\"url\":\"https:\/\/waterpik.lt\/lv\/produkt\/mutes-irigators-complete-care-cc-04\/\",\"name\":\"Mutes irigators Complete Care CC-04 | Waterpik\",\"isPartOf\":{\"@id\":\"https:\/\/waterpik.lt\/#website\"},\"primaryImageOfPage\":{\"@id\":\"https:\/\/waterpik.lt\/lv\/produkt\/mutes-irigators-complete-care-cc-04\/#primaryimage\"},\"image\":{\"@id\":\"https:\/\/waterpik.lt\/lv\/produkt\/mutes-irigators-complete-care-cc-04\/#primaryimage\"},\"thumbnailUrl\":\"https:\/\/waterpik.lt\/wp-content\/uploads\/2025\/02\/Sensonic_LV.jpg\",\"datePublished\":\"2025-02-28T14:41:16+00:00\",\"dateModified\":\"2025-12-16T11:08:26+00:00\",\"description\":\"Uz\u0146\u0113mums nodarbojas ar zobu tehnikas un stomatolo\u0123isk\u0101 apr\u012bkojuma tirdzniec\u012bbu. Jau 20 gadu ir mutes irigatoru ra\u017eot\u0101ja \u201eWaterpik\u201c p\u0101rst\u0101vis Baltijas valst\u012bs.\",\"breadcrumb\":{\"@id\":\"https:\/\/waterpik.lt\/lv\/produkt\/mutes-irigators-complete-care-cc-04\/#breadcrumb\"},\"inLanguage\":\"lv-LV\",\"potentialAction\":[{\"@type\":\"ReadAction\",\"target\":[\"https:\/\/waterpik.lt\/lv\/produkt\/mutes-irigators-complete-care-cc-04\/\"]}]},{\"@type\":\"ImageObject\",\"inLanguage\":\"lv-LV\",\"@id\":\"https:\/\/waterpik.lt\/lv\/produkt\/mutes-irigators-complete-care-cc-04\/#primaryimage\",\"url\":\"https:\/\/waterpik.lt\/wp-content\/uploads\/2025\/02\/Sensonic_LV.jpg\",\"contentUrl\":\"https:\/\/waterpik.lt\/wp-content\/uploads\/2025\/02\/Sensonic_LV.jpg\",\"width\":1800,\"height\":1800},{\"@type\":\"BreadcrumbList\",\"@id\":\"https:\/\/waterpik.lt\/lv\/produkt\/mutes-irigators-complete-care-cc-04\/#breadcrumb\",\"itemListElement\":[{\"@type\":\"ListItem\",\"position\":1,\"name\":\"Titulinis\",\"item\":\"https:\/\/waterpik.lt\/lv\/\"},{\"@type\":\"ListItem\",\"position\":2,\"name\":\"Produkti\",\"item\":\"https:\/\/waterpik.lt\/lv\/produkti\/\"},{\"@type\":\"ListItem\",\"position\":3,\"name\":\"Mutes irigators Complete Care CC-04\"}]},{\"@type\":\"WebSite\",\"@id\":\"https:\/\/waterpik.lt\/#website\",\"url\":\"https:\/\/waterpik.lt\/\",\"name\":\"Waterpik\",\"description\":\"Irigatoriai\",\"publisher\":{\"@id\":\"https:\/\/waterpik.lt\/#organization\"},\"potentialAction\":[{\"@type\":\"SearchAction\",\"target\":{\"@type\":\"EntryPoint\",\"urlTemplate\":\"https:\/\/waterpik.lt\/?s={search_term_string}\"},\"query-input\":{\"@type\":\"PropertyValueSpecification\",\"valueRequired\":true,\"valueName\":\"search_term_string\"}}],\"inLanguage\":\"lv-LV\"},{\"@type\":\"Organization\",\"@id\":\"https:\/\/waterpik.lt\/#organization\",\"name\":\"Waterpik\",\"url\":\"https:\/\/waterpik.lt\/\",\"logo\":{\"@type\":\"ImageObject\",\"inLanguage\":\"lv-LV\",\"@id\":\"https:\/\/waterpik.lt\/#\/schema\/logo\/image\/\",\"url\":\"https:\/\/waterpik.lt\/wp-content\/uploads\/2019\/05\/WP-160.jpg\",\"contentUrl\":\"https:\/\/waterpik.lt\/wp-content\/uploads\/2019\/05\/WP-160.jpg\",\"width\":2048,\"height\":2048,\"caption\":\"Waterpik\"},\"image\":{\"@id\":\"https:\/\/waterpik.lt\/#\/schema\/logo\/image\/\"}}]}<\/script>\n<!-- \/ Yoast SEO plugin. -->","yoast_head_json":{"title":"Mutes irigators Complete Care CC-04 | Waterpik","description":"Uz\u0146\u0113mums nodarbojas ar zobu tehnikas un stomatolo\u0123isk\u0101 apr\u012bkojuma tirdzniec\u012bbu. Jau 20 gadu ir mutes irigatoru ra\u017eot\u0101ja \u201eWaterpik\u201c p\u0101rst\u0101vis Baltijas valst\u012bs.","robots":{"index":"index","follow":"follow","max-snippet":"max-snippet:-1","max-image-preview":"max-image-preview:large","max-video-preview":"max-video-preview:-1"},"canonical":"https:\/\/waterpik.lt\/lv\/produkt\/mutes-irigators-complete-care-cc-04\/","og_locale":"lv_LV","og_type":"article","og_title":"Mutes irigators Complete Care CC-04 | Waterpik","og_description":"Uz\u0146\u0113mums nodarbojas ar zobu tehnikas un stomatolo\u0123isk\u0101 apr\u012bkojuma tirdzniec\u012bbu. Jau 20 gadu ir mutes irigatoru ra\u017eot\u0101ja \u201eWaterpik\u201c p\u0101rst\u0101vis Baltijas valst\u012bs.","og_url":"https:\/\/waterpik.lt\/lv\/produkt\/mutes-irigators-complete-care-cc-04\/","og_site_name":"Waterpik","article_modified_time":"2025-12-16T11:08:26+00:00","og_image":[{"width":1800,"height":1800,"url":"https:\/\/waterpik.lt\/wp-content\/uploads\/2025\/02\/Sensonic_LV.jpg","type":"image\/jpeg"}],"twitter_card":"summary_large_image","twitter_misc":{"Est. reading time":"2 minutes"},"schema":{"@context":"https:\/\/schema.org","@graph":[{"@type":"WebPage","@id":"https:\/\/waterpik.lt\/lv\/produkt\/mutes-irigators-complete-care-cc-04\/","url":"https:\/\/waterpik.lt\/lv\/produkt\/mutes-irigators-complete-care-cc-04\/","name":"Mutes irigators Complete Care CC-04 | Waterpik","isPartOf":{"@id":"https:\/\/waterpik.lt\/#website"},"primaryImageOfPage":{"@id":"https:\/\/waterpik.lt\/lv\/produkt\/mutes-irigators-complete-care-cc-04\/#primaryimage"},"image":{"@id":"https:\/\/waterpik.lt\/lv\/produkt\/mutes-irigators-complete-care-cc-04\/#primaryimage"},"thumbnailUrl":"https:\/\/waterpik.lt\/wp-content\/uploads\/2025\/02\/Sensonic_LV.jpg","datePublished":"2025-02-28T14:41:16+00:00","dateModified":"2025-12-16T11:08:26+00:00","description":"Uz\u0146\u0113mums nodarbojas ar zobu tehnikas un stomatolo\u0123isk\u0101 apr\u012bkojuma tirdzniec\u012bbu. Jau 20 gadu ir mutes irigatoru ra\u017eot\u0101ja \u201eWaterpik\u201c p\u0101rst\u0101vis Baltijas valst\u012bs.","breadcrumb":{"@id":"https:\/\/waterpik.lt\/lv\/produkt\/mutes-irigators-complete-care-cc-04\/#breadcrumb"},"inLanguage":"lv-LV","potentialAction":[{"@type":"ReadAction","target":["https:\/\/waterpik.lt\/lv\/produkt\/mutes-irigators-complete-care-cc-04\/"]}]},{"@type":"ImageObject","inLanguage":"lv-LV","@id":"https:\/\/waterpik.lt\/lv\/produkt\/mutes-irigators-complete-care-cc-04\/#primaryimage","url":"https:\/\/waterpik.lt\/wp-content\/uploads\/2025\/02\/Sensonic_LV.jpg","contentUrl":"https:\/\/waterpik.lt\/wp-content\/uploads\/2025\/02\/Sensonic_LV.jpg","width":1800,"height":1800},{"@type":"BreadcrumbList","@id":"https:\/\/waterpik.lt\/lv\/produkt\/mutes-irigators-complete-care-cc-04\/#breadcrumb","itemListElement":[{"@type":"ListItem","position":1,"name":"Titulinis","item":"https:\/\/waterpik.lt\/lv\/"},{"@type":"ListItem","position":2,"name":"Produkti","item":"https:\/\/waterpik.lt\/lv\/produkti\/"},{"@type":"ListItem","position":3,"name":"Mutes irigators Complete Care CC-04"}]},{"@type":"WebSite","@id":"https:\/\/waterpik.lt\/#website","url":"https:\/\/waterpik.lt\/","name":"Waterpik","description":"Irigatoriai","publisher":{"@id":"https:\/\/waterpik.lt\/#organization"},"potentialAction":[{"@type":"SearchAction","target":{"@type":"EntryPoint","urlTemplate":"https:\/\/waterpik.lt\/?s={search_term_string}"},"query-input":{"@type":"PropertyValueSpecification","valueRequired":true,"valueName":"search_term_string"}}],"inLanguage":"lv-LV"},{"@type":"Organization","@id":"https:\/\/waterpik.lt\/#organization","name":"Waterpik","url":"https:\/\/waterpik.lt\/","logo":{"@type":"ImageObject","inLanguage":"lv-LV","@id":"https:\/\/waterpik.lt\/#\/schema\/logo\/image\/","url":"https:\/\/waterpik.lt\/wp-content\/uploads\/2019\/05\/WP-160.jpg","contentUrl":"https:\/\/waterpik.lt\/wp-content\/uploads\/2019\/05\/WP-160.jpg","width":2048,"height":2048,"caption":"Waterpik"},"image":{"@id":"https:\/\/waterpik.lt\/#\/schema\/logo\/image\/"}}]}},"_links":{"self":[{"href":"https:\/\/waterpik.lt\/lv\/wp-json\/wp\/v2\/product\/133398","targetHints":{"allow":["GET"]}}],"collection":[{"href":"https:\/\/waterpik.lt\/lv\/wp-json\/wp\/v2\/product"}],"about":[{"href":"https:\/\/waterpik.lt\/lv\/wp-json\/wp\/v2\/types\/product"}],"wp:featuredmedia":[{"embeddable":true,"href":"https:\/\/waterpik.lt\/lv\/wp-json\/wp\/v2\/media\/137116"}],"wp:attachment":[{"href":"https:\/\/waterpik.lt\/lv\/wp-json\/wp\/v2\/media?parent=133398"}],"wp:term":[{"taxonomy":"product_brand","embeddable":true,"href":"https:\/\/waterpik.lt\/lv\/wp-json\/wp\/v2\/product_brand?post=133398"},{"taxonomy":"product_cat","embeddable":true,"href":"https:\/\/waterpik.lt\/lv\/wp-json\/wp\/v2\/product_cat?post=133398"},{"taxonomy":"product_tag","embeddable":true,"href":"https:\/\/waterpik.lt\/lv\/wp-json\/wp\/v2\/product_tag?post=133398"}],"curies":[{"name":"wp","href":"https:\/\/api.w.org\/{rel}","templated":true}]}}