{"id":121121,"date":"2024-11-25T14:22:37","date_gmt":"2024-11-25T12:22:37","guid":{"rendered":"https:\/\/waterpik.lt\/?post_type=product&#038;p=121121"},"modified":"2025-12-16T13:05:26","modified_gmt":"2025-12-16T11:05:26","slug":"bezvadu-mutes-irigators-waterpik-wf-21","status":"publish","type":"product","link":"https:\/\/waterpik.lt\/lv\/produkt\/bezvadu-mutes-irigators-waterpik-wf-21\/","title":{"rendered":"Bezvadu mutes irigators Waterpik WF-21 Cordless Enhance"},"content":{"rendered":"<div class=\"wpb-content-wrapper\"><p>[vc_row css_animation=&#8221;&#8221; row_type=&#8221;row&#8221; use_row_as_full_screen_section=&#8221;no&#8221; type=&#8221;full_width&#8221; angled_section=&#8221;no&#8221; text_align=&#8221;left&#8221; background_image_as_pattern=&#8221;without_pattern&#8221;][vc_column][vc_column_text css=&#8221;&#8221;]<\/p>\n<h3 class=\"western\" lang=\"lt-LT\"><span style=\"font-family: Times New Roman, serif;\"><span style=\"color: #000000;\"><span style=\"font-size: xx-large;\"><span lang=\"lv-LV\">Priek\u0161roc\u012bbas<\/span><\/span><\/span><\/span><\/h3>\n<ul>\n<li class=\"western\" lang=\"lt-LT\"><span style=\"color: #000000;\"> <span style=\"font-family: Times New Roman, serif;\"><span style=\"font-size: medium;\"><span lang=\"lv-LV\">Ir pier\u0101d\u012bts, ka <\/span><\/span><\/span><span style=\"font-size: medium;\"><span lang=\"lv-LV\"><i>Waterpik PRECISIONPULSE<\/i><\/span><\/span><span style=\"font-size: medium;\"><span lang=\"lv-LV\"> tehnolo\u0123ija nodro\u0161ina efekt\u012bvu \u016bdens spiediena un puls\u0101ciju kombin\u0101ciju.<\/span><\/span><\/span><\/li>\n<li class=\"western\" lang=\"lt-LT\"><span style=\"color: #000000;\"> <span style=\"font-family: Times New Roman, serif;\"><span style=\"font-size: medium;\"><span lang=\"lv-LV\">Efekt\u012bva aplikuma likvid\u0113\u0161ana: no\u0146em l\u012bdz <\/span><\/span><\/span><\/span><span style=\"color: #000080;\"><a href=\"https:\/\/www.waterpik.com\/pro\/clinical-research\/water-flosser-removes-plaque-gorur-2009\/\"><span style=\"color: #000000;\"><span style=\"font-family: Times New Roman, serif;\"><span style=\"font-size: medium;\"><span lang=\"lv-LV\">99,9\u00a0% bakt\u0113riju<\/span><\/span><\/span><\/span><\/a><\/span><span style=\"color: #000000;\"><span style=\"font-family: Times New Roman, serif;\"><span style=\"font-size: medium;\"><span lang=\"lv-LV\">, kas izraisa <\/span><\/span><\/span><\/span><span style=\"color: #000080;\"><a href=\"https:\/\/www.waterpik.com\/edu\/gum-disease\/how-long-does-gingivitis-take-to-heal\/\"><span style=\"color: #000000;\"><span style=\"font-family: Times New Roman, serif;\"><span style=\"font-size: medium;\"><span lang=\"lv-LV\">gingiv\u012btu<\/span><\/span><\/span><\/span><\/a><\/span><span style=\"color: #000000;\"><span style=\"font-family: Times New Roman, serif;\"><span style=\"font-size: medium;\"><span lang=\"lv-LV\">, kariesu un sliktu elpu.<\/span><\/span><\/span><\/span><\/li>\n<li class=\"western\" lang=\"lt-LT\"><span style=\"color: #000000;\"> <span style=\"font-family: Times New Roman, serif;\"><span style=\"font-size: medium;\"><span lang=\"lv-LV\">Vesel\u0101kas smaganas: kl\u012bniski pier\u0101d\u012bts, ka tas l\u012bdz pat <\/span><\/span><\/span><\/span><span style=\"color: #000080;\"><span style=\"color: #000000;\"><span style=\"font-family: Times New Roman, serif;\"><span style=\"font-size: medium;\"><span lang=\"lv-LV\"><a href=\"https:\/\/www.waterpik.com\/pro\/clinical-research\/dental-floss-vs-water-flosser-reducing-gingivitis-plaque-barnes-2005\/\">div\u0101m reiz\u0113m efekt\u012bv\u0101k<\/a> <\/span><\/span><\/span><\/span><\/span><span style=\"color: #000000;\"><span style=\"font-family: Times New Roman, serif;\"><span style=\"font-size: medium;\"><span lang=\"lv-LV\">nek\u0101 zobu diegs no\u0146em bakteri\u0101lo aplikumu un uzlabo smaganu vesel\u012bbu.<\/span><\/span><\/span><\/span><\/li>\n<\/ul>\n<h3 class=\"western\" lang=\"lt-LT\"><span style=\"font-family: Times New Roman, serif;\"><span style=\"color: #000000;\"><span style=\"font-size: xx-large;\"><span lang=\"lv-LV\">Produkta raksturojums<\/span><\/span><\/span><\/span><\/h3>\n<ul>\n<li class=\"western\" lang=\"lt-LT\"><span style=\"color: #000000;\"> <span style=\"font-family: Times New Roman, serif;\"><span style=\"font-size: medium;\"><span lang=\"lv-LV\">Tvertnes ietilp\u012bba\u00a0\u2013 l\u012bdz 45\u00a0sekund\u0113m<\/span><\/span><\/span><\/span><\/li>\n<li class=\"western\" lang=\"lt-LT\"><span style=\"color: #000000;\"> <span style=\"font-family: Times New Roman, serif;\"><span style=\"font-size: medium;\"><span lang=\"lv-LV\">P\u0101rn\u0113s\u0101jams modelis, \u012bpa\u0161i kluss motors<\/span><\/span><\/span><\/span><\/li>\n<li class=\"western\" lang=\"lt-LT\"><span style=\"color: #000000;\"> <span style=\"font-family: Times New Roman, serif;\"><span style=\"font-size: medium;\"><span lang=\"lv-LV\">Lieliski piem\u0113rots ce\u013cojumiem un neliel\u0101m vannasistab\u0101m<\/span><\/span><\/span><\/span><\/li>\n<li class=\"western\" lang=\"lt-LT\"><a name=\"_GoBack\"><\/a> <span style=\"color: #000000;\"> <span style=\"font-family: Times New Roman, serif;\"><span style=\"font-size: medium;\"><span lang=\"lv-LV\">P\u0101rn\u0113s\u0101jams modelis, \u012bpa\u0161i kluss motors<\/span><\/span><\/span><\/span><\/li>\n<li class=\"western\" lang=\"lt-LT\"><span style=\"color: #000000;\"> <span style=\"font-family: Times New Roman, serif;\"><span style=\"font-size: medium;\"><span lang=\"lv-LV\">\u016adensiztur\u012bgs un izmantojams du\u0161\u0101<\/span><\/span><\/span><\/span><\/li>\n<li class=\"western\" lang=\"lt-LT\"><span style=\"color: #000000;\"> <span style=\"font-family: Times New Roman, serif;\"><span style=\"font-size: medium;\"><span lang=\"lv-LV\">Ergonomisks nesl\u012bdo\u0161s rokturis<\/span><\/span><\/span><\/span><\/li>\n<li class=\"western\" lang=\"lt-LT\"><span style=\"color: #000000;\"> <span style=\"font-family: Times New Roman, serif;\"><span style=\"font-size: medium;\"><span lang=\"lv-LV\">Divi \u016bdens str\u0101vas stipruma l\u012bme\u0146i<\/span><\/span><\/span><\/span><\/li>\n<li class=\"western\" lang=\"lt-LT\"><span style=\"color: #000000;\"> <span style=\"font-family: Times New Roman, serif;\"><span style=\"font-size: medium;\"><span lang=\"lv-LV\">Uzl\u0101d\u0113jams litija jonu akumulators vienu uzl\u0101di \u013cauj izmantot l\u012bdz 4\u00a0ned\u0113\u013c\u0101m<\/span><\/span><\/span><\/span><\/li>\n<li class=\"western\" lang=\"lt-LT\"><span style=\"color: #000000;\"> <span style=\"font-family: Times New Roman, serif;\"><span style=\"font-size: medium;\"><span lang=\"lv-LV\">Akumulatora uzl\u0101des indikators<\/span><\/span><\/span><\/span><\/li>\n<li class=\"western\" lang=\"lt-LT\"><span style=\"color: #000000;\"> <span style=\"font-family: Times New Roman, serif;\"><span style=\"font-size: medium;\"><span lang=\"lv-LV\">USB-C uz USB-A kabelis (5,0\u00a0V DC, 1,0\u00a0A) uzl\u0101d\u0113jams no portat\u012bv\u0101 datora, automobi\u013ca vai <\/span><\/span><\/span><span style=\"font-size: medium;\"><span lang=\"lv-LV\"><b>sienas adaptera<\/b><\/span><\/span><\/span><\/li>\n<li class=\"western\" lang=\"lt-LT\"><span style=\"color: #000000;\"> <span style=\"font-family: Times New Roman, serif;\"><span style=\"font-size: medium;\"><span lang=\"lv-LV\">Divu gadu garantija<\/span><\/span><\/span><\/span><\/li>\n<\/ul>\n<h3 class=\"western\" lang=\"lt-LT\"><span style=\"font-family: Times New Roman, serif;\"><span style=\"color: #000000;\"><span style=\"font-size: xx-large;\"><span lang=\"lv-LV\">Komplekt\u0101 ietilpst:<\/span><\/span><\/span><\/span><\/h3>\n<ul>\n<li class=\"western\" lang=\"lt-LT\"><span style=\"font-family: Times New Roman, serif;\"><span style=\"color: #000000;\"><span style=\"font-size: medium;\"><span lang=\"lv-LV\">2\u00a0JT zobu t\u012br\u012b\u0161anas uzga\u013ci<\/span><\/span><\/span><\/span><\/li>\n<\/ul>\n<p>[\/vc_column_text][\/vc_column][\/vc_row]<\/p>\n<\/div>","protected":false},"excerpt":{"rendered":"<h1 class=\"western\" lang=\"lt-LT\"><span style=\"color: #333333;\"><strong><span style=\"font-family: Times New Roman, serif;\"><span style=\"font-size: large;\"><span lang=\"lv-LV\">BEZVADU MUTES IRIGATORS <\/span><\/span><\/span><span style=\"font-family: Times New Roman, serif;\"><span style=\"font-size: large;\"><span lang=\"lv-LV\"><i>WATERPIK WF-21<\/i><\/span><\/span><\/span> <span style=\"font-family: Times New Roman, serif;\"><span style=\"font-size: large;\"><span lang=\"lv-LV\"><i>CORDLESS ENHANCE<\/i><\/span><\/span><\/span><\/strong><\/span><\/h1>\n<p class=\"western\" lang=\"lt-LT\"><span style=\"font-family: Times New Roman, serif;\"><span style=\"color: #000000;\"><span style=\"font-size: medium;\"><span lang=\"lv-LV\">Uzl\u0101d\u0113jams, p\u0101rn\u0113s\u0101jams un \u016bdensiztur\u012bgs <\/span><\/span><\/span><span style=\"color: #000000;\"><span style=\"font-size: medium;\"><span lang=\"lv-LV\"><i>Cordless Enhance<\/i><\/span><\/span><\/span><span style=\"color: #000000;\"><span style=\"font-size: medium;\"><span lang=\"lv-LV\"> irigators ir lieliski piem\u0113rots maz\u0101k\u0101m vannasistab\u0101m, ce\u013cojumiem un lieto\u0161anai du\u0161\u0101. Tas darbojas \u013coti klusi, un tam ir \u0113rti lietojams nesl\u012bdo\u0161s ergonomisks rokturis.<\/span><\/span><\/span><\/span><\/p>\n<p class=\"western\" lang=\"lt-LT\"><span style=\"font-family: Times New Roman, serif;\"><span style=\"color: #000000;\"><span style=\"font-size: medium;\"><span lang=\"lv-LV\"><i>Cordless Enhance<\/i><\/span><\/span><\/span><span style=\"color: #000000;\"><span style=\"font-size: medium;\"><span lang=\"lv-LV\"> irigatoram ir 2\u00a0uzga\u013ci, 2\u00a0spiediena stipruma iestat\u012bjumi un no\u0146emama \u016bdens tvertne, kas \u013cauj izmantot irigatoru l\u012bdz 45\u00a0sekund\u0113m.<\/span><\/span><\/span><\/span><\/p>\n<p class=\"western\" lang=\"lt-LT\"><span style=\"font-family: Times New Roman, serif;\"><span style=\"color: #000000;\"><span style=\"font-size: medium;\"><span lang=\"lv-LV\">Likvid\u0113 l\u012bdz pat 99,9\u00a0% bakt\u0113riju, kas izraisa gingiv\u012btu, kariesu un sliktu elpu, un ir kl\u012bniski pier\u0101d\u012bts, ka tas l\u012bdz pat div\u0101m reiz\u0113m efekt\u012bv\u0101k nek\u0101 zobu diegs no\u0146em bakteri\u0101lo aplikumu un uzlabo smaganu vesel\u012bbu.<\/span><\/span><\/span><\/span><\/p>\n<p class=\"western\" lang=\"lt-LT\"><span style=\"font-family: Times New Roman, serif;\"><span style=\"color: #000000;\"><span style=\"font-size: medium;\"><span lang=\"lv-LV\">WATERPIK ir zob\u0101rstu ieteiktais irigatoru z\u012bmols Nr.\u00a01, un Amerikas Zob\u0101rstu asoci\u0101cija (ADA) nov\u0113rt\u0113 <\/span><\/span><\/span><span style=\"color: #000000;\"><span style=\"font-size: medium;\"><span lang=\"lv-LV\"><i>Cordless Enhance<\/i><\/span><\/span><\/span><span style=\"color: #000000;\"><span style=\"font-size: medium;\"><span lang=\"lv-LV\"> irigatoru k\u0101 dro\u0161u un efekt\u012bvu.<\/span><\/span><\/span><\/span><\/p>\n<div class=\"qbutton default\">[spu popup=\"862\"]PAS\u016aT\u012aT[\/spu]<\/div>\n","protected":false},"featured_media":129693,"template":"","meta":{"inline_featured_image":false},"product_brand":[],"product_cat":[57],"product_tag":[],"class_list":{"0":"post-121121","1":"product","2":"type-product","3":"status-publish","4":"has-post-thumbnail","6":"product_cat-bezvadu-mutes-irigatori","8":"first","9":"instock","10":"sale","11":"taxable","12":"shipping-taxable","13":"purchasable","14":"product-type-simple"},"yoast_head":"<!-- This site is optimized with the Yoast SEO plugin v24.6 - https:\/\/yoast.com\/wordpress\/plugins\/seo\/ -->\n<title>Bezvadu mutes irigators Waterpik WF-21 Cordless Enhance | Waterpik<\/title>\n<meta name=\"description\" content=\"Uz\u0146\u0113mums nodarbojas ar zobu tehnikas un stomatolo\u0123isk\u0101 apr\u012bkojuma tirdzniec\u012bbu. Jau 20 gadu ir mutes irigatoru ra\u017eot\u0101ja \u201eWaterpik\u201c p\u0101rst\u0101vis Baltijas valst\u012bs.\" \/>\n<meta name=\"robots\" content=\"index, follow, max-snippet:-1, max-image-preview:large, max-video-preview:-1\" \/>\n<link rel=\"canonical\" href=\"https:\/\/waterpik.lt\/lv\/produkt\/bezvadu-mutes-irigators-waterpik-wf-21\/\" \/>\n<meta property=\"og:locale\" content=\"lv_LV\" \/>\n<meta property=\"og:type\" content=\"article\" \/>\n<meta property=\"og:title\" content=\"Bezvadu mutes irigators Waterpik WF-21 Cordless Enhance | Waterpik\" \/>\n<meta property=\"og:description\" content=\"Uz\u0146\u0113mums nodarbojas ar zobu tehnikas un stomatolo\u0123isk\u0101 apr\u012bkojuma tirdzniec\u012bbu. Jau 20 gadu ir mutes irigatoru ra\u017eot\u0101ja \u201eWaterpik\u201c p\u0101rst\u0101vis Baltijas valst\u012bs.\" \/>\n<meta property=\"og:url\" content=\"https:\/\/waterpik.lt\/lv\/produkt\/bezvadu-mutes-irigators-waterpik-wf-21\/\" \/>\n<meta property=\"og:site_name\" content=\"Waterpik\" \/>\n<meta property=\"article:modified_time\" content=\"2025-12-16T11:05:26+00:00\" \/>\n<meta property=\"og:image\" content=\"https:\/\/waterpik.lt\/wp-content\/uploads\/2024\/11\/WF-21-LV.jpg\" \/>\n\t<meta property=\"og:image:width\" content=\"1800\" \/>\n\t<meta property=\"og:image:height\" content=\"1800\" \/>\n\t<meta property=\"og:image:type\" content=\"image\/jpeg\" \/>\n<meta name=\"twitter:card\" content=\"summary_large_image\" \/>\n<meta name=\"twitter:label1\" content=\"Est. reading time\" \/>\n\t<meta name=\"twitter:data1\" content=\"1 minute\" \/>\n<script type=\"application\/ld+json\" class=\"yoast-schema-graph\">{\"@context\":\"https:\/\/schema.org\",\"@graph\":[{\"@type\":\"WebPage\",\"@id\":\"https:\/\/waterpik.lt\/lv\/produkt\/bezvadu-mutes-irigators-waterpik-wf-21\/\",\"url\":\"https:\/\/waterpik.lt\/lv\/produkt\/bezvadu-mutes-irigators-waterpik-wf-21\/\",\"name\":\"Bezvadu mutes irigators Waterpik WF-21 Cordless Enhance | Waterpik\",\"isPartOf\":{\"@id\":\"https:\/\/waterpik.lt\/#website\"},\"primaryImageOfPage\":{\"@id\":\"https:\/\/waterpik.lt\/lv\/produkt\/bezvadu-mutes-irigators-waterpik-wf-21\/#primaryimage\"},\"image\":{\"@id\":\"https:\/\/waterpik.lt\/lv\/produkt\/bezvadu-mutes-irigators-waterpik-wf-21\/#primaryimage\"},\"thumbnailUrl\":\"https:\/\/waterpik.lt\/wp-content\/uploads\/2024\/11\/WF-21-LV.jpg\",\"datePublished\":\"2024-11-25T12:22:37+00:00\",\"dateModified\":\"2025-12-16T11:05:26+00:00\",\"description\":\"Uz\u0146\u0113mums nodarbojas ar zobu tehnikas un stomatolo\u0123isk\u0101 apr\u012bkojuma tirdzniec\u012bbu. Jau 20 gadu ir mutes irigatoru ra\u017eot\u0101ja \u201eWaterpik\u201c p\u0101rst\u0101vis Baltijas valst\u012bs.\",\"breadcrumb\":{\"@id\":\"https:\/\/waterpik.lt\/lv\/produkt\/bezvadu-mutes-irigators-waterpik-wf-21\/#breadcrumb\"},\"inLanguage\":\"lv-LV\",\"potentialAction\":[{\"@type\":\"ReadAction\",\"target\":[\"https:\/\/waterpik.lt\/lv\/produkt\/bezvadu-mutes-irigators-waterpik-wf-21\/\"]}]},{\"@type\":\"ImageObject\",\"inLanguage\":\"lv-LV\",\"@id\":\"https:\/\/waterpik.lt\/lv\/produkt\/bezvadu-mutes-irigators-waterpik-wf-21\/#primaryimage\",\"url\":\"https:\/\/waterpik.lt\/wp-content\/uploads\/2024\/11\/WF-21-LV.jpg\",\"contentUrl\":\"https:\/\/waterpik.lt\/wp-content\/uploads\/2024\/11\/WF-21-LV.jpg\",\"width\":1800,\"height\":1800},{\"@type\":\"BreadcrumbList\",\"@id\":\"https:\/\/waterpik.lt\/lv\/produkt\/bezvadu-mutes-irigators-waterpik-wf-21\/#breadcrumb\",\"itemListElement\":[{\"@type\":\"ListItem\",\"position\":1,\"name\":\"Titulinis\",\"item\":\"https:\/\/waterpik.lt\/lv\/\"},{\"@type\":\"ListItem\",\"position\":2,\"name\":\"Produkti\",\"item\":\"https:\/\/waterpik.lt\/lv\/produkti\/\"},{\"@type\":\"ListItem\",\"position\":3,\"name\":\"Bezvadu mutes irigators Waterpik WF-21 Cordless Enhance\"}]},{\"@type\":\"WebSite\",\"@id\":\"https:\/\/waterpik.lt\/#website\",\"url\":\"https:\/\/waterpik.lt\/\",\"name\":\"Waterpik\",\"description\":\"Irigatoriai\",\"publisher\":{\"@id\":\"https:\/\/waterpik.lt\/#organization\"},\"potentialAction\":[{\"@type\":\"SearchAction\",\"target\":{\"@type\":\"EntryPoint\",\"urlTemplate\":\"https:\/\/waterpik.lt\/?s={search_term_string}\"},\"query-input\":{\"@type\":\"PropertyValueSpecification\",\"valueRequired\":true,\"valueName\":\"search_term_string\"}}],\"inLanguage\":\"lv-LV\"},{\"@type\":\"Organization\",\"@id\":\"https:\/\/waterpik.lt\/#organization\",\"name\":\"Waterpik\",\"url\":\"https:\/\/waterpik.lt\/\",\"logo\":{\"@type\":\"ImageObject\",\"inLanguage\":\"lv-LV\",\"@id\":\"https:\/\/waterpik.lt\/#\/schema\/logo\/image\/\",\"url\":\"https:\/\/waterpik.lt\/wp-content\/uploads\/2019\/05\/WP-160.jpg\",\"contentUrl\":\"https:\/\/waterpik.lt\/wp-content\/uploads\/2019\/05\/WP-160.jpg\",\"width\":2048,\"height\":2048,\"caption\":\"Waterpik\"},\"image\":{\"@id\":\"https:\/\/waterpik.lt\/#\/schema\/logo\/image\/\"}}]}<\/script>\n<!-- \/ Yoast SEO plugin. -->","yoast_head_json":{"title":"Bezvadu mutes irigators Waterpik WF-21 Cordless Enhance | Waterpik","description":"Uz\u0146\u0113mums nodarbojas ar zobu tehnikas un stomatolo\u0123isk\u0101 apr\u012bkojuma tirdzniec\u012bbu. Jau 20 gadu ir mutes irigatoru ra\u017eot\u0101ja \u201eWaterpik\u201c p\u0101rst\u0101vis Baltijas valst\u012bs.","robots":{"index":"index","follow":"follow","max-snippet":"max-snippet:-1","max-image-preview":"max-image-preview:large","max-video-preview":"max-video-preview:-1"},"canonical":"https:\/\/waterpik.lt\/lv\/produkt\/bezvadu-mutes-irigators-waterpik-wf-21\/","og_locale":"lv_LV","og_type":"article","og_title":"Bezvadu mutes irigators Waterpik WF-21 Cordless Enhance | Waterpik","og_description":"Uz\u0146\u0113mums nodarbojas ar zobu tehnikas un stomatolo\u0123isk\u0101 apr\u012bkojuma tirdzniec\u012bbu. Jau 20 gadu ir mutes irigatoru ra\u017eot\u0101ja \u201eWaterpik\u201c p\u0101rst\u0101vis Baltijas valst\u012bs.","og_url":"https:\/\/waterpik.lt\/lv\/produkt\/bezvadu-mutes-irigators-waterpik-wf-21\/","og_site_name":"Waterpik","article_modified_time":"2025-12-16T11:05:26+00:00","og_image":[{"width":1800,"height":1800,"url":"https:\/\/waterpik.lt\/wp-content\/uploads\/2024\/11\/WF-21-LV.jpg","type":"image\/jpeg"}],"twitter_card":"summary_large_image","twitter_misc":{"Est. reading time":"1 minute"},"schema":{"@context":"https:\/\/schema.org","@graph":[{"@type":"WebPage","@id":"https:\/\/waterpik.lt\/lv\/produkt\/bezvadu-mutes-irigators-waterpik-wf-21\/","url":"https:\/\/waterpik.lt\/lv\/produkt\/bezvadu-mutes-irigators-waterpik-wf-21\/","name":"Bezvadu mutes irigators Waterpik WF-21 Cordless Enhance | Waterpik","isPartOf":{"@id":"https:\/\/waterpik.lt\/#website"},"primaryImageOfPage":{"@id":"https:\/\/waterpik.lt\/lv\/produkt\/bezvadu-mutes-irigators-waterpik-wf-21\/#primaryimage"},"image":{"@id":"https:\/\/waterpik.lt\/lv\/produkt\/bezvadu-mutes-irigators-waterpik-wf-21\/#primaryimage"},"thumbnailUrl":"https:\/\/waterpik.lt\/wp-content\/uploads\/2024\/11\/WF-21-LV.jpg","datePublished":"2024-11-25T12:22:37+00:00","dateModified":"2025-12-16T11:05:26+00:00","description":"Uz\u0146\u0113mums nodarbojas ar zobu tehnikas un stomatolo\u0123isk\u0101 apr\u012bkojuma tirdzniec\u012bbu. Jau 20 gadu ir mutes irigatoru ra\u017eot\u0101ja \u201eWaterpik\u201c p\u0101rst\u0101vis Baltijas valst\u012bs.","breadcrumb":{"@id":"https:\/\/waterpik.lt\/lv\/produkt\/bezvadu-mutes-irigators-waterpik-wf-21\/#breadcrumb"},"inLanguage":"lv-LV","potentialAction":[{"@type":"ReadAction","target":["https:\/\/waterpik.lt\/lv\/produkt\/bezvadu-mutes-irigators-waterpik-wf-21\/"]}]},{"@type":"ImageObject","inLanguage":"lv-LV","@id":"https:\/\/waterpik.lt\/lv\/produkt\/bezvadu-mutes-irigators-waterpik-wf-21\/#primaryimage","url":"https:\/\/waterpik.lt\/wp-content\/uploads\/2024\/11\/WF-21-LV.jpg","contentUrl":"https:\/\/waterpik.lt\/wp-content\/uploads\/2024\/11\/WF-21-LV.jpg","width":1800,"height":1800},{"@type":"BreadcrumbList","@id":"https:\/\/waterpik.lt\/lv\/produkt\/bezvadu-mutes-irigators-waterpik-wf-21\/#breadcrumb","itemListElement":[{"@type":"ListItem","position":1,"name":"Titulinis","item":"https:\/\/waterpik.lt\/lv\/"},{"@type":"ListItem","position":2,"name":"Produkti","item":"https:\/\/waterpik.lt\/lv\/produkti\/"},{"@type":"ListItem","position":3,"name":"Bezvadu mutes irigators Waterpik WF-21 Cordless Enhance"}]},{"@type":"WebSite","@id":"https:\/\/waterpik.lt\/#website","url":"https:\/\/waterpik.lt\/","name":"Waterpik","description":"Irigatoriai","publisher":{"@id":"https:\/\/waterpik.lt\/#organization"},"potentialAction":[{"@type":"SearchAction","target":{"@type":"EntryPoint","urlTemplate":"https:\/\/waterpik.lt\/?s={search_term_string}"},"query-input":{"@type":"PropertyValueSpecification","valueRequired":true,"valueName":"search_term_string"}}],"inLanguage":"lv-LV"},{"@type":"Organization","@id":"https:\/\/waterpik.lt\/#organization","name":"Waterpik","url":"https:\/\/waterpik.lt\/","logo":{"@type":"ImageObject","inLanguage":"lv-LV","@id":"https:\/\/waterpik.lt\/#\/schema\/logo\/image\/","url":"https:\/\/waterpik.lt\/wp-content\/uploads\/2019\/05\/WP-160.jpg","contentUrl":"https:\/\/waterpik.lt\/wp-content\/uploads\/2019\/05\/WP-160.jpg","width":2048,"height":2048,"caption":"Waterpik"},"image":{"@id":"https:\/\/waterpik.lt\/#\/schema\/logo\/image\/"}}]}},"_links":{"self":[{"href":"https:\/\/waterpik.lt\/lv\/wp-json\/wp\/v2\/product\/121121","targetHints":{"allow":["GET"]}}],"collection":[{"href":"https:\/\/waterpik.lt\/lv\/wp-json\/wp\/v2\/product"}],"about":[{"href":"https:\/\/waterpik.lt\/lv\/wp-json\/wp\/v2\/types\/product"}],"wp:featuredmedia":[{"embeddable":true,"href":"https:\/\/waterpik.lt\/lv\/wp-json\/wp\/v2\/media\/129693"}],"wp:attachment":[{"href":"https:\/\/waterpik.lt\/lv\/wp-json\/wp\/v2\/media?parent=121121"}],"wp:term":[{"taxonomy":"product_brand","embeddable":true,"href":"https:\/\/waterpik.lt\/lv\/wp-json\/wp\/v2\/product_brand?post=121121"},{"taxonomy":"product_cat","embeddable":true,"href":"https:\/\/waterpik.lt\/lv\/wp-json\/wp\/v2\/product_cat?post=121121"},{"taxonomy":"product_tag","embeddable":true,"href":"https:\/\/waterpik.lt\/lv\/wp-json\/wp\/v2\/product_tag?post=121121"}],"curies":[{"name":"wp","href":"https:\/\/api.w.org\/{rel}","templated":true}]}}