{"id":101411,"date":"2024-07-05T16:09:36","date_gmt":"2024-07-05T13:09:36","guid":{"rendered":"https:\/\/waterpik.lt\/?post_type=product&#038;p=101411"},"modified":"2024-07-11T16:05:32","modified_gmt":"2024-07-11T13:05:32","slug":"stwb","status":"publish","type":"product","link":"https:\/\/waterpik.lt\/lv\/produkt\/stwb\/","title":{"rendered":"STWB STW-03 uzgalis"},"content":{"rendered":"","protected":false},"excerpt":{"rendered":"<p>\u201e<span style=\"font-family: Times New Roman, serif;\"><span style=\"font-size: large;\"><b><span lang=\"zxx\">WaterpikTM SensonicTM Contour\u201d zobu birstes rezerves galvas<\/span><\/b><\/span><\/span><\/p>\n<p><span style=\"font-family: Times New Roman, serif;\"><b><span lang=\"zxx\">STWB<\/span><\/b><\/span><\/p>\n<p><span style=\"font-family: Times New Roman, serif;\"><span lang=\"zxx\">SENSONIC Contour zobu birstes rezerves galvas ar \u012bpa\u0161i izstr\u0101d\u0101tiem sari\u0146iem att\u012bra gr\u016bti aizsniedzamas vietas, pat dzerok\u013cus. Pal\u012bdz izvair\u012bties no smaganu iekaisuma, kariesa un sliktas elpas, jo gr\u016bti aizsniedzam\u0101s viet\u0101s not\u012bra l\u012bdz pat 4 reiz\u0113m vair\u0101k aplikuma nek\u0101 t\u012brot zobus ar parasto zobu birsti.<\/span><\/span><\/p>\n<p align=\"justify\"><span style=\"font-family: Times New Roman, serif;\"><span lang=\"zxx\">Maigi sari\u0146i nodro\u0161ina maigu, bet efekt\u012bvu t\u012br\u012b\u0161anu un k\u013c\u016bst za\u013c\u0101 l\u012bdz dzelten\u0101 kr\u0101s\u0101, lai atg\u0101din\u0101tu, ka j\u0101nomaina zobu birstes galva.<\/span><\/span><\/p>\n<p align=\"justify\"><span style=\"font-family: Times New Roman, serif;\"><span lang=\"zxx\"><b>Savietojams:<\/b><\/span><span lang=\"zxx\"> tikai ar elektrisko zobu birsti WATERPIK SENSONIC (STW-03 s\u0113rija)<\/span><\/span><\/p>\n<p align=\"justify\"><span style=\"font-family: Times New Roman, serif;\"><span lang=\"zxx\"><b>Main\u012bt:<\/b><\/span><span lang=\"zxx\"> ik p\u0113c 3 m\u0113ne\u0161iem, k\u0101 iesaka Amerikas zob\u0101rstu asoci\u0101cija \u201eADA\u201d<\/span><\/span><\/p>\n<p align=\"justify\"><span style=\"font-family: Times New Roman, serif;\"><span lang=\"zxx\"><b>Lieto\u0161ana<\/b><\/span><span lang=\"zxx\"><b>:<\/b><\/span><span lang=\"zxx\"> lai ieg\u016btu vislab\u0101kos rezult\u0101tus, nolieciet birstes galvu 45 gr\u0101du le\u0146\u0137\u012b pret smaganu l\u012bniju. T\u012briet pa vienam vai diviem zobiem, viegli piespie\u017eot, ar neliel\u0101m, l\u0113n\u0101m kust\u012bb\u0101m p\u0101rvietojot birst\u012bti uz priek\u0161u un atpaka\u013c. P\u0113c katras lieto\u0161anas reizes no\u0146emiet birstes galvu no zobu birstes roktura un noskalojiet zem teko\u0161a \u016bdens.<\/span><\/span><\/p>\n<p>&nbsp;<\/p>\n<div class=\"qbutton default\">[spu popup=\"862\"]PAS\u016aT\u012aT[\/spu]<\/div>\n","protected":false},"featured_media":101423,"template":"","meta":{"inline_featured_image":false},"product_brand":[],"product_cat":[61,79],"product_tag":[],"class_list":{"0":"post-101411","1":"product","2":"type-product","3":"status-publish","4":"has-post-thumbnail","6":"product_cat-piederumi","7":"product_cat-69-lv","9":"first","10":"instock","11":"taxable","12":"shipping-taxable","13":"purchasable","14":"product-type-simple"},"yoast_head":"<!-- This site is optimized with the Yoast SEO plugin v24.6 - https:\/\/yoast.com\/wordpress\/plugins\/seo\/ -->\n<title>STWB STW-03 uzgalis | Waterpik<\/title>\n<meta name=\"description\" content=\"Uz\u0146\u0113mums nodarbojas ar zobu tehnikas un stomatolo\u0123isk\u0101 apr\u012bkojuma tirdzniec\u012bbu. Jau 20 gadu ir mutes irigatoru ra\u017eot\u0101ja \u201eWaterpik\u201c p\u0101rst\u0101vis Baltijas valst\u012bs.\" \/>\n<meta name=\"robots\" content=\"index, follow, max-snippet:-1, max-image-preview:large, max-video-preview:-1\" \/>\n<link rel=\"canonical\" href=\"https:\/\/waterpik.lt\/lv\/produkt\/stwb\/\" \/>\n<meta property=\"og:locale\" content=\"lv_LV\" \/>\n<meta property=\"og:type\" content=\"article\" \/>\n<meta property=\"og:title\" content=\"STWB STW-03 uzgalis | Waterpik\" \/>\n<meta property=\"og:description\" content=\"Uz\u0146\u0113mums nodarbojas ar zobu tehnikas un stomatolo\u0123isk\u0101 apr\u012bkojuma tirdzniec\u012bbu. Jau 20 gadu ir mutes irigatoru ra\u017eot\u0101ja \u201eWaterpik\u201c p\u0101rst\u0101vis Baltijas valst\u012bs.\" \/>\n<meta property=\"og:url\" content=\"https:\/\/waterpik.lt\/lv\/produkt\/stwb\/\" \/>\n<meta property=\"og:site_name\" content=\"Waterpik\" \/>\n<meta property=\"article:modified_time\" content=\"2024-07-11T13:05:32+00:00\" \/>\n<meta property=\"og:image\" content=\"https:\/\/waterpik.lt\/wp-content\/uploads\/2024\/07\/Waterpik-Product-Image-STWB-3WW-B-Sensonic-Contour-Brush-Head-Single-24-March-2022-scaled.jpg\" \/>\n\t<meta property=\"og:image:width\" content=\"2560\" \/>\n\t<meta property=\"og:image:height\" content=\"2560\" \/>\n\t<meta property=\"og:image:type\" content=\"image\/jpeg\" \/>\n<meta name=\"twitter:card\" content=\"summary_large_image\" \/>\n<script type=\"application\/ld+json\" class=\"yoast-schema-graph\">{\"@context\":\"https:\/\/schema.org\",\"@graph\":[{\"@type\":\"WebPage\",\"@id\":\"https:\/\/waterpik.lt\/lv\/produkt\/stwb\/\",\"url\":\"https:\/\/waterpik.lt\/lv\/produkt\/stwb\/\",\"name\":\"STWB STW-03 uzgalis | Waterpik\",\"isPartOf\":{\"@id\":\"https:\/\/waterpik.lt\/#website\"},\"primaryImageOfPage\":{\"@id\":\"https:\/\/waterpik.lt\/lv\/produkt\/stwb\/#primaryimage\"},\"image\":{\"@id\":\"https:\/\/waterpik.lt\/lv\/produkt\/stwb\/#primaryimage\"},\"thumbnailUrl\":\"https:\/\/waterpik.lt\/wp-content\/uploads\/2024\/07\/Waterpik-Product-Image-STWB-3WW-B-Sensonic-Contour-Brush-Head-Single-24-March-2022-scaled.jpg\",\"datePublished\":\"2024-07-05T13:09:36+00:00\",\"dateModified\":\"2024-07-11T13:05:32+00:00\",\"description\":\"Uz\u0146\u0113mums nodarbojas ar zobu tehnikas un stomatolo\u0123isk\u0101 apr\u012bkojuma tirdzniec\u012bbu. Jau 20 gadu ir mutes irigatoru ra\u017eot\u0101ja \u201eWaterpik\u201c p\u0101rst\u0101vis Baltijas valst\u012bs.\",\"breadcrumb\":{\"@id\":\"https:\/\/waterpik.lt\/lv\/produkt\/stwb\/#breadcrumb\"},\"inLanguage\":\"lv-LV\",\"potentialAction\":[{\"@type\":\"ReadAction\",\"target\":[\"https:\/\/waterpik.lt\/lv\/produkt\/stwb\/\"]}]},{\"@type\":\"ImageObject\",\"inLanguage\":\"lv-LV\",\"@id\":\"https:\/\/waterpik.lt\/lv\/produkt\/stwb\/#primaryimage\",\"url\":\"https:\/\/waterpik.lt\/wp-content\/uploads\/2024\/07\/Waterpik-Product-Image-STWB-3WW-B-Sensonic-Contour-Brush-Head-Single-24-March-2022-scaled.jpg\",\"contentUrl\":\"https:\/\/waterpik.lt\/wp-content\/uploads\/2024\/07\/Waterpik-Product-Image-STWB-3WW-B-Sensonic-Contour-Brush-Head-Single-24-March-2022-scaled.jpg\",\"width\":2560,\"height\":2560},{\"@type\":\"BreadcrumbList\",\"@id\":\"https:\/\/waterpik.lt\/lv\/produkt\/stwb\/#breadcrumb\",\"itemListElement\":[{\"@type\":\"ListItem\",\"position\":1,\"name\":\"Titulinis\",\"item\":\"https:\/\/waterpik.lt\/lv\/\"},{\"@type\":\"ListItem\",\"position\":2,\"name\":\"Produkti\",\"item\":\"https:\/\/waterpik.lt\/lv\/produkti\/\"},{\"@type\":\"ListItem\",\"position\":3,\"name\":\"STWB STW-03 uzgalis\"}]},{\"@type\":\"WebSite\",\"@id\":\"https:\/\/waterpik.lt\/#website\",\"url\":\"https:\/\/waterpik.lt\/\",\"name\":\"Waterpik\",\"description\":\"Irigatoriai\",\"publisher\":{\"@id\":\"https:\/\/waterpik.lt\/#organization\"},\"potentialAction\":[{\"@type\":\"SearchAction\",\"target\":{\"@type\":\"EntryPoint\",\"urlTemplate\":\"https:\/\/waterpik.lt\/?s={search_term_string}\"},\"query-input\":{\"@type\":\"PropertyValueSpecification\",\"valueRequired\":true,\"valueName\":\"search_term_string\"}}],\"inLanguage\":\"lv-LV\"},{\"@type\":\"Organization\",\"@id\":\"https:\/\/waterpik.lt\/#organization\",\"name\":\"Waterpik\",\"url\":\"https:\/\/waterpik.lt\/\",\"logo\":{\"@type\":\"ImageObject\",\"inLanguage\":\"lv-LV\",\"@id\":\"https:\/\/waterpik.lt\/#\/schema\/logo\/image\/\",\"url\":\"https:\/\/waterpik.lt\/wp-content\/uploads\/2019\/05\/WP-160.jpg\",\"contentUrl\":\"https:\/\/waterpik.lt\/wp-content\/uploads\/2019\/05\/WP-160.jpg\",\"width\":2048,\"height\":2048,\"caption\":\"Waterpik\"},\"image\":{\"@id\":\"https:\/\/waterpik.lt\/#\/schema\/logo\/image\/\"}}]}<\/script>\n<!-- \/ Yoast SEO plugin. -->","yoast_head_json":{"title":"STWB STW-03 uzgalis | Waterpik","description":"Uz\u0146\u0113mums nodarbojas ar zobu tehnikas un stomatolo\u0123isk\u0101 apr\u012bkojuma tirdzniec\u012bbu. Jau 20 gadu ir mutes irigatoru ra\u017eot\u0101ja \u201eWaterpik\u201c p\u0101rst\u0101vis Baltijas valst\u012bs.","robots":{"index":"index","follow":"follow","max-snippet":"max-snippet:-1","max-image-preview":"max-image-preview:large","max-video-preview":"max-video-preview:-1"},"canonical":"https:\/\/waterpik.lt\/lv\/produkt\/stwb\/","og_locale":"lv_LV","og_type":"article","og_title":"STWB STW-03 uzgalis | Waterpik","og_description":"Uz\u0146\u0113mums nodarbojas ar zobu tehnikas un stomatolo\u0123isk\u0101 apr\u012bkojuma tirdzniec\u012bbu. Jau 20 gadu ir mutes irigatoru ra\u017eot\u0101ja \u201eWaterpik\u201c p\u0101rst\u0101vis Baltijas valst\u012bs.","og_url":"https:\/\/waterpik.lt\/lv\/produkt\/stwb\/","og_site_name":"Waterpik","article_modified_time":"2024-07-11T13:05:32+00:00","og_image":[{"width":2560,"height":2560,"url":"https:\/\/waterpik.lt\/wp-content\/uploads\/2024\/07\/Waterpik-Product-Image-STWB-3WW-B-Sensonic-Contour-Brush-Head-Single-24-March-2022-scaled.jpg","type":"image\/jpeg"}],"twitter_card":"summary_large_image","schema":{"@context":"https:\/\/schema.org","@graph":[{"@type":"WebPage","@id":"https:\/\/waterpik.lt\/lv\/produkt\/stwb\/","url":"https:\/\/waterpik.lt\/lv\/produkt\/stwb\/","name":"STWB STW-03 uzgalis | Waterpik","isPartOf":{"@id":"https:\/\/waterpik.lt\/#website"},"primaryImageOfPage":{"@id":"https:\/\/waterpik.lt\/lv\/produkt\/stwb\/#primaryimage"},"image":{"@id":"https:\/\/waterpik.lt\/lv\/produkt\/stwb\/#primaryimage"},"thumbnailUrl":"https:\/\/waterpik.lt\/wp-content\/uploads\/2024\/07\/Waterpik-Product-Image-STWB-3WW-B-Sensonic-Contour-Brush-Head-Single-24-March-2022-scaled.jpg","datePublished":"2024-07-05T13:09:36+00:00","dateModified":"2024-07-11T13:05:32+00:00","description":"Uz\u0146\u0113mums nodarbojas ar zobu tehnikas un stomatolo\u0123isk\u0101 apr\u012bkojuma tirdzniec\u012bbu. Jau 20 gadu ir mutes irigatoru ra\u017eot\u0101ja \u201eWaterpik\u201c p\u0101rst\u0101vis Baltijas valst\u012bs.","breadcrumb":{"@id":"https:\/\/waterpik.lt\/lv\/produkt\/stwb\/#breadcrumb"},"inLanguage":"lv-LV","potentialAction":[{"@type":"ReadAction","target":["https:\/\/waterpik.lt\/lv\/produkt\/stwb\/"]}]},{"@type":"ImageObject","inLanguage":"lv-LV","@id":"https:\/\/waterpik.lt\/lv\/produkt\/stwb\/#primaryimage","url":"https:\/\/waterpik.lt\/wp-content\/uploads\/2024\/07\/Waterpik-Product-Image-STWB-3WW-B-Sensonic-Contour-Brush-Head-Single-24-March-2022-scaled.jpg","contentUrl":"https:\/\/waterpik.lt\/wp-content\/uploads\/2024\/07\/Waterpik-Product-Image-STWB-3WW-B-Sensonic-Contour-Brush-Head-Single-24-March-2022-scaled.jpg","width":2560,"height":2560},{"@type":"BreadcrumbList","@id":"https:\/\/waterpik.lt\/lv\/produkt\/stwb\/#breadcrumb","itemListElement":[{"@type":"ListItem","position":1,"name":"Titulinis","item":"https:\/\/waterpik.lt\/lv\/"},{"@type":"ListItem","position":2,"name":"Produkti","item":"https:\/\/waterpik.lt\/lv\/produkti\/"},{"@type":"ListItem","position":3,"name":"STWB STW-03 uzgalis"}]},{"@type":"WebSite","@id":"https:\/\/waterpik.lt\/#website","url":"https:\/\/waterpik.lt\/","name":"Waterpik","description":"Irigatoriai","publisher":{"@id":"https:\/\/waterpik.lt\/#organization"},"potentialAction":[{"@type":"SearchAction","target":{"@type":"EntryPoint","urlTemplate":"https:\/\/waterpik.lt\/?s={search_term_string}"},"query-input":{"@type":"PropertyValueSpecification","valueRequired":true,"valueName":"search_term_string"}}],"inLanguage":"lv-LV"},{"@type":"Organization","@id":"https:\/\/waterpik.lt\/#organization","name":"Waterpik","url":"https:\/\/waterpik.lt\/","logo":{"@type":"ImageObject","inLanguage":"lv-LV","@id":"https:\/\/waterpik.lt\/#\/schema\/logo\/image\/","url":"https:\/\/waterpik.lt\/wp-content\/uploads\/2019\/05\/WP-160.jpg","contentUrl":"https:\/\/waterpik.lt\/wp-content\/uploads\/2019\/05\/WP-160.jpg","width":2048,"height":2048,"caption":"Waterpik"},"image":{"@id":"https:\/\/waterpik.lt\/#\/schema\/logo\/image\/"}}]}},"_links":{"self":[{"href":"https:\/\/waterpik.lt\/lv\/wp-json\/wp\/v2\/product\/101411","targetHints":{"allow":["GET"]}}],"collection":[{"href":"https:\/\/waterpik.lt\/lv\/wp-json\/wp\/v2\/product"}],"about":[{"href":"https:\/\/waterpik.lt\/lv\/wp-json\/wp\/v2\/types\/product"}],"wp:featuredmedia":[{"embeddable":true,"href":"https:\/\/waterpik.lt\/lv\/wp-json\/wp\/v2\/media\/101423"}],"wp:attachment":[{"href":"https:\/\/waterpik.lt\/lv\/wp-json\/wp\/v2\/media?parent=101411"}],"wp:term":[{"taxonomy":"product_brand","embeddable":true,"href":"https:\/\/waterpik.lt\/lv\/wp-json\/wp\/v2\/product_brand?post=101411"},{"taxonomy":"product_cat","embeddable":true,"href":"https:\/\/waterpik.lt\/lv\/wp-json\/wp\/v2\/product_cat?post=101411"},{"taxonomy":"product_tag","embeddable":true,"href":"https:\/\/waterpik.lt\/lv\/wp-json\/wp\/v2\/product_tag?post=101411"}],"curies":[{"name":"wp","href":"https:\/\/api.w.org\/{rel}","templated":true}]}}