{"id":8095,"date":"2019-11-23T11:57:16","date_gmt":"2019-11-23T09:57:16","guid":{"rendered":"https:\/\/waterpik.lt\/?page_id=8095"},"modified":"2025-12-19T11:01:04","modified_gmt":"2025-12-19T09:01:04","slug":"privatuma-politika","status":"publish","type":"page","link":"https:\/\/waterpik.lt\/lv\/privatuma-politika\/","title":{"rendered":"Priv\u0101tuma Politika"},"content":{"rendered":"<p>WATERPIK.LT VIETNES LIETO\u0160ANA UN PRIV\u0100TUMA NOSAC\u012aJUMI<\/p>\n<p>&nbsp;<\/p>\n<p><strong>1. Visp\u0101r\u012bgi noteikumi<\/strong><\/p>\n<p>1.1. \u00a0Interneta veikal\u0101 waterpik.lt (turpm\u0101k tekst\u0101 &#8211; Veikals), kas pieder UAB \u201cVilniaus medicinos servisas\u201d (turpm\u0101k tekst\u0101 P\u0101rdev\u0113js), tirdzniec\u012bba notiek saska\u0146\u0101 ar \u0161iem noteikumiem (turpm\u0101k &#8211; Noteikumi).<br \/>\n1.2. \u00a0Tiek uzskat\u012bts, ka persona, kas veic pirkumus veikal\u0101, ir iepazinusies ar Noteikumiem un bez nosac\u012bjumiem piekr\u012bt visiem taj\u0101 paredz\u0113tajiem nosac\u012bjumiem.<br \/>\n1.3. \u00a0Re\u0123istr\u0113tais lietot\u0101js k\u013c\u016bst par Veikala klientu (turpm\u0101k tekst\u0101 &#8211; Klients), kur\u0161 ieg\u016bst Noteikumos noteikt\u0101s ties\u012bbas un pien\u0101kumus.<br \/>\n1.4. \u00a0P\u0101rdev\u0113jam ir ties\u012bbas jebkur\u0101 laik\u0101 p\u0101rtraukt Klienta ties\u012bbas vai anul\u0113t re\u0123istr\u0101ciju, ja Klients neiev\u0113ro Noteikumos izkl\u0101st\u012btos nosac\u012bjumus.<br \/>\n1.5. \u00a0Saska\u0146\u0101 ar Lietuvas Republikas likumiem P\u0101rdev\u0113jam ir ties\u012bbas jebkur\u0101 laik\u0101 groz\u012bt vai papildin\u0101t Noteikumus bez iepriek\u0161\u0113ja pazi\u0146ojuma Klientam. \u00a0Jaunie noteikumi st\u0101jas sp\u0113k\u0101 dien\u0101, kad tie tiek public\u0113ti veikal\u0101. \u00a0Klientu pas\u016bt\u012bjumi, kas iesniegti pirms Noteikumu groz\u012bjumiem, tiek izpild\u012bti saska\u0146\u0101 ar noteikumiem, kas ir sp\u0113k\u0101 pas\u016bt\u012bjuma izdar\u012b\u0161anas br\u012bd\u012b.<br \/>\n1.6. \u00a0P\u0101rdev\u0113js nav atbild\u012bgs un neatl\u012bdzina Klientam zaud\u0113jumus, kas Klientam radu\u0161ies Noteikumu neiev\u0113ro\u0161anas d\u0113\u013c.<\/p>\n<p><strong>2. Personas datu aizsardz\u012bba<\/strong><\/p>\n<p>2.1. \u00a0Lietot\u0101js k\u013c\u016bst par Klientu, re\u0123istr\u0113joties P\u0101rdev\u0113ja vietn\u0113 (www.waterpik.lt) un re\u0123istr\u0101cijas laik\u0101 sniedzot savus personas datus; \u00a0vai pirkuma veik\u0161ana, nere\u0123istr\u0113jot kontu, kad j\u016bs sniedzat ar\u012b savu personisko inform\u0101ciju.<br \/>\n2.2. \u00a0P\u0101rdev\u0113js apstiprina e-past\u0101 nor\u0101d\u012bto Klienta re\u0123istr\u0101ciju, nos\u016bta klienta izv\u0113l\u0113to lietot\u0101jv\u0101rdu un paroli uz e-pasta adresi.<br \/>\n2.3. \u00a0Klients piekr\u012bt, ka P\u0101rdev\u0113jam ir ties\u012bbas apstr\u0101d\u0101t Klienta personas datus \u0161ajos noteikumos noteiktajos gad\u012bjumos un m\u0113r\u0137iem.<br \/>\n2.4. \u00a0P\u0101rdev\u0113js apstiprina, ka Klienta personas dati tiks izmantoti tikai Klienta identific\u0113\u0161anai pas\u016bt\u012bjuma veik\u0161anas un pas\u016bt\u012bto pre\u010du pieg\u0101des laik\u0101. \u00a0Klienta personas datus var apstr\u0101d\u0101t m\u0101rketinga nol\u016bkos tikai tad, ja Klients piekr\u012bt, aizpildot re\u0123istr\u0101cijas veidlapu.<br \/>\n2.5. \u00a0P\u0101rdev\u0113js ap\u0146emas neizpaust Klienta personas datus un inform\u0101ciju, kas saist\u012bta ar pas\u016bt\u012bjumu, tre\u0161aj\u0101m person\u0101m, iz\u0146emot P\u0101rdev\u0113ja partnerus, kas nodro\u0161ina pre\u010du pieg\u0101di un pieg\u0101di vai citus pakalpojumus, kas saist\u012bti ar Klienta pas\u016bt\u012bjumu. \u00a0Citos gad\u012bjumos klienta personas datus var atkl\u0101t p\u0113c kompetent\u0101s valsts iest\u0101des piepras\u012bjuma gad\u012bjumos, kas paredz\u0113ti Lietuvas Republikas ties\u012bbu aktos, vai ar klienta atsevi\u0161\u0137u rakstisku piekri\u0161anu.<br \/>\n2.6. \u00a0P\u0101rdev\u0113js ap\u0146emas nodro\u0161in\u0101t Klienta personas datu aizsardz\u012bbu saska\u0146\u0101 ar Lietuvas Republikas likumdo\u0161anu.<br \/>\n2.7. \u00a0Klients piekr\u012bt aizsarg\u0101t savu re\u0123istr\u0101cijas inform\u0101ciju veikal\u0101 un neizpaust to tre\u0161aj\u0101m person\u0101m. \u00a0Par jebkuru \u0161\u012b Noteikumu noteikuma p\u0101rk\u0101pumu ir atbild\u012bgs tikai Klients. \u00a0Klientam, uzzin\u0101jis par savu datu izpau\u0161anu ieie\u0161anai sist\u0113m\u0101, par to nekav\u0113joties j\u0101inform\u0113 P\u0101rdev\u0113js, kur\u0161 blo\u0137\u0113s ieeju sist\u0113m\u0101 saska\u0146\u0101 ar klienta pazi\u0146ojumu. \u00a0Klienta re\u0123istr\u0101cijas atk\u0101rtota aktiviz\u0113\u0161ana tiek veikta ar atsevi\u0161\u0137u pu\u0161u vieno\u0161anos.<\/p>\n<p><strong>3. Produkta cena un apmaksas k\u0101rt\u012bba<\/strong><\/p>\n<p>3.1. \u00a0Cenas prec\u0113m, kas ievietotas un p\u0101rdotas Pas\u016bt\u012bjum\u0101 un veikal\u0101, ir nor\u0101d\u012btas ar PVN.<br \/>\n3.2. \u00a0Pieg\u0101des izmaksas tiek par\u0101d\u012btas, pas\u016btot pas\u016bt\u012bjumu, l\u012bdz tas tiek apstiprin\u0101ts.<br \/>\n3.3. \u00a0Klients var apmaks\u0101t pas\u016bt\u012bt\u0101s preces iepriek\u0161, izmantojot bankas p\u0101rskait\u012bjumu ar pas\u016bt\u012bjuma numuru; \u00a0vai ar samaksu caur Paysera.<\/p>\n<p><strong>4. Pre\u010du pirk\u0161ana<\/strong><\/p>\n<p>4.1. \u00a0Pirc\u0113js iesniedz pas\u016bt\u012bjumu p\u0101rdev\u0113jam p\u0113c tam, kad ir atlas\u012bts produkts, kas vi\u0146am patika. \u00a0Apstiprin\u0101ts pirc\u0113ja pas\u016bt\u012bjums tiek nos\u016bt\u012bts p\u0101rdev\u0113jam autom\u0101tiski (noklik\u0161\u0137inot uz \u201cApstiprin\u0101t pas\u016bt\u012bjumu\u201d).<br \/>\n4.2. \u00a0P\u0113c tam, kad klients ir apstiprin\u0101jis grozu, pas\u016bt\u012bjums tiek \u0123ener\u0113ts autom\u0101tiski. \u00a0Klienta personas dati, kurus Klients sniedz re\u0123istr\u0101cijas laik\u0101, Preces identifik\u0101cijas kods un cena tiek autom\u0101tiski saglab\u0101ti. \u00a0Tr\u016bksto\u0161os datus pas\u016bt\u012bt\u0101js ievada pas\u016bt\u012bjum\u0101.<br \/>\n4.3. \u00a0Katru reizi, kad klients apstiprina pas\u016bt\u012bjumu, vi\u0146\u0161 piekr\u012bt taj\u0101 laik\u0101 sp\u0113k\u0101 eso\u0161ajiem noteikumiem.<br \/>\n4.4. \u00a0Apstiprinot pas\u016bt\u012bjumu, Klients ap\u0146emas p\u0101rbaud\u012bt visu savu personas datu pareiz\u012bbu. \u00a0Neatbilst\u012bbu gad\u012bjum\u0101 Klients pirms pas\u016bt\u012bjuma apstiprin\u0101\u0161anas labo datus.<br \/>\n4.5. \u00a0Klients piekr\u012bt pas\u016bt\u012bjuma form\u0101 nor\u0101d\u012bt, k\u0101 tiks apmaks\u0101ta un pieg\u0101d\u0101ta prece.<br \/>\n4.6. \u00a0S\u0101kas pas\u016bt\u012bjums:<br \/>\n4.6.1. \u00a0P\u0113c klienta ieskatiem priek\u0161apmaksa p\u0113c naudas ieskait\u012b\u0161anas P\u0101rdev\u0113ja kont\u0101;<br \/>\n4.6.1. \u00a0Ja klients izv\u0113las maks\u0101t, izmantojot Paysera, p\u0113c naudas ieskait\u012b\u0161anas P\u0101rdev\u0113ja kont\u0101.<br \/>\n4.7. \u00a0Aizpildot pas\u016bt\u012bjumu, Klientam ir j\u0101nor\u0101da Preces individu\u0101l\u0101s \u012bpa\u0161\u012bbas (kr\u0101sa, izm\u0113rs utt.), Daudzums un citi dati, kas nepiecie\u0161ami Pre\u010du pieg\u0101dei.<br \/>\n4.8. \u00a0Ja Klients pieprasa, lai Preces pieg\u0101d\u0101tu uz citu adresi vai sa\u0146emtu cits sa\u0146\u0113m\u0113js, pas\u016bt\u012bjum\u0101 nor\u0101da jauno pieg\u0101des adresi un rekviz\u012btus par sa\u0146\u0113m\u0113ju.<\/p>\n<p><strong>5. Pre\u010du pieg\u0101de un pieg\u0101de<\/strong><\/p>\n<p>5.1. \u00a0P\u0101rdev\u0113js pieg\u0101d\u0101 preces caur tre\u0161aj\u0101m person\u0101m &#8211; kurjeriem. \u00a0Kurjeriem ir ties\u012bbas sazin\u0101ties ar Klientu pirms Pre\u010du pieg\u0101des un apstiprin\u0101t prec\u012bzu laiku, kur\u0101 Klients sa\u0146ems pieg\u0101d\u0101t\u0101s preces. \u00a0Ja pas\u016bt\u012bjum\u0101 nav nor\u0101d\u012bta cita persona, kura pie\u0146em Preces, Klientam t\u0101s ir j\u0101pie\u0146em.<br \/>\n5.2. \u00a0Gad\u012bjumos, kad Klients nevar pie\u0146emt preces noteiktaj\u0101 laik\u0101, vi\u0146am par to nekav\u0113joties j\u0101pazi\u0146o Kurjeram un P\u0101rdev\u0113jam pa t\u0101lruni.<br \/>\n5.3. \u00a0Ja Preces tiek pieg\u0101d\u0101tas uz adresi un laiku, par kuru ir vienojusies Klients, bet Klients nav atrasts, Klientam nav ties\u012bbu piepras\u012bt no P\u0101rdev\u0113ja kav\u0113jumu Pre\u010du pieg\u0101d\u0113.<br \/>\n5.4. \u00a0Pre\u010du pieg\u0101des laik\u0101 Pirc\u0113jam ir r\u016bp\u012bgi j\u0101p\u0101rbauda Pre\u010du daudzums, nomenklat\u016bra un kvalit\u0101te. \u00a0Pie\u0146emot Preci, Klientam j\u0101paraksta Pieg\u0101des dokumenti, kas apliecina, ka Preces vi\u0146am tika pieg\u0101d\u0101tas.<br \/>\n5.5. \u00a0Pirc\u0113jam ir j\u0101sniedz jebk\u0101das atsauksmes par ac\u012bmredzamiem pre\u010du tr\u016bkumiem, pie\u0146emot preces rakstiski. \u00a0Pretenzijas par Pre\u010du sl\u0113ptiem tr\u016bkumiem Klients var iesniegt rakstveid\u0101 ne v\u0113l\u0101k k\u0101 7 (septi\u0146u) dienu laik\u0101 p\u0113c Preces sa\u0146em\u0161anas.<br \/>\n5.6. \u00a0P\u0101rdev\u0113js ap\u0146emas pieg\u0101d\u0101t preces pas\u016bt\u012bjum\u0101 nor\u0101d\u012btaj\u0101 adres\u0113 un laik\u0101. \u00a0Ja atkl\u0101jas, ka P\u0101rdev\u0113js nevar pieg\u0101d\u0101t Preci laik\u0101, vi\u0146am par to nekav\u0113joties j\u0101inform\u0113 Pirc\u0113js.<br \/>\n5.7. \u00a0P\u0113c tam, kad Klients ir samaks\u0101jis par Prec\u0113m, P\u0101rdev\u0113js nos\u016bta Klientam r\u0113\u0137inu elektronisk\u0101 form\u0101.<br \/>\n5.8. \u00a0P\u0101rdev\u0113js tiek atbr\u012bvots no atbild\u012bbas par jebkuru Pre\u010du pieg\u0101des noteikumu p\u0101rk\u0101pumu, ja \u0161\u0101ds p\u0101rk\u0101pums noticis Klienta vainas d\u0113\u013c.<\/p>\n<p><strong>6. Pre\u010du atgrie\u0161ana<\/strong><\/p>\n<p>6.1. \u00a0Interneta veikal\u0101 waterpik.lt ieg\u0101d\u0101t\u0101s preces tiek atl\u012bdzin\u0101tas ar 2014. gada dekr\u0113tu. \u00a022. j\u016blijs, Lietuvas Republikas vald\u012bbas 11. j\u016bnija dekr\u0113ts, rezol\u016bcija Nr. 697, groz\u012bjums mazumtirdzniec\u012bbas apstiprin\u0101\u0161an\u0101.<br \/>\n6.2. \u00a0Pre\u010du atgrie\u0161anas izmaksas sedz pre\u010du pirc\u0113js.<br \/>\n6.3. \u00a0P\u0101rdev\u0113js pie\u0146em preces no pirc\u0113ja, ja:<br \/>\n6.3.1. \u00a0Prece netika izmantota, nezaud\u0113ja izskatu un Pirc\u0113js to nesaboj\u0101ja;<br \/>\n6.3.2. \u00a0Produktam j\u0101b\u016bt ori\u0123in\u0101laj\u0101, gl\u012btaj\u0101 iesai\u0146ojum\u0101;<br \/>\n6.3.3. \u00a0Pilns preces komplekts tiek atgriezts atpaka\u013c;<br \/>\n6.3.4. \u00a0Pirc\u0113jam ir j\u0101iesniedz dokuments par pre\u010du ieg\u0101di.<br \/>\n6.4. \u00a0Ja ieg\u0101d\u0101tais produkts neatbilst kvalit\u0101tes pras\u012bb\u0101m, t.i. \u00a0bija nepiln\u012bgs, Pirc\u0113js ap\u0146emas inform\u0113t P\u0101rdev\u0113ju 7 darba dienu laik\u0101 no preces sa\u0146em\u0161anas br\u012b\u017ea. \u00a0P\u0113c tam P\u0101rdev\u0113jam ir ties\u012bbas noraid\u012bt visas pretenzijas par pre\u010du kvalit\u0101ti. \u00a0P\u0101rdev\u0113js ap\u0146emas aizst\u0101t boj\u0101tu preci ar labas kvalit\u0101tes preci, attiec\u012bgi samazin\u0101t preces cenu vai atgriezt naudu, kas samaks\u0101ta par prec\u0113m un to pieg\u0101di 30 dienu laik\u0101 no piepras\u012bjuma datuma. \u00a0Preces j\u0101atdod ori\u0123in\u0101laj\u0101 pre\u010du iesai\u0146ojum\u0101 un s\u016bt\u012bjum\u0101. \u00a0Pirc\u0113jam ir j\u0101iesniedz ar\u012b r\u0113\u0137ina ori\u0123in\u0101ls par prec\u0113m.<br \/>\n6.5. \u00a0P\u0101rdev\u0113jam ir ties\u012bbas nepie\u0146emt augstas kvalit\u0101tes preces, ja Klients neiev\u0113ro Noteikumos paredz\u0113to atgrie\u0161anas k\u0101rt\u012bbu vai ja preces ir iek\u013cautas neatgriezenisko pre\u010du sarakst\u0101, kuru apstiprin\u0101jusi Lietuvas Republikas vald\u012bba.<br \/>\n6.6. \u00a0Ja P\u0101rdev\u0113js atsak\u0101s pie\u0146emt atgriezt\u0101s preces, Pirc\u0113jam preces ir j\u0101uz\u0146em uz sava r\u0113\u0137ina 14 darba dienu laik\u0101. \u00a0P\u0113c tam tiek uzskat\u012bts, ka Pirc\u0113js atteic\u0101s no atgriezt\u0101s preces savas vainas d\u0113\u013c un vi\u0146am nav naudas pras\u012bbu. \u00a0\u0160aj\u0101 gad\u012bjum\u0101 nauda par prec\u0113m Pirc\u0113jam netiek atgriezta.<br \/>\n6.7. \u00a0Atgriezt\u0101s preces tiks pie\u0146emtas laik\u0101, par kuru vienojas ar p\u0101rdev\u0113ju.<\/p>\n<p><strong>7. Pu\u0161u ties\u012bbas, pien\u0101kumi un atbild\u012bba<\/strong><\/p>\n<p>7.1. \u00a0Pu\u0161u ties\u012bbas un pien\u0101kumi tiek realiz\u0113ti saska\u0146\u0101 ar Pre\u010du p\u0101rdo\u0161anas un pakalpojumu snieg\u0161anas noteikumiem, nosl\u0113dzot l\u012bgumus, izmantojot sakarus, ko Lietuvas Republikas ekonomikas ministrs apstiprin\u0101ja 2001. gad\u0101. \u00a017. augusta r\u012bkojums Nr. 258 \u201cPar noteikumu apstiprin\u0101\u0161anu, kas reglament\u0113 pre\u010du p\u0101rdo\u0161anu un pakalpojumu snieg\u0161anu, izmantojot t\u0101lvad\u012bbas sakarus.<br \/>\n7.2. \u00a0Klientam ir ties\u012bbas:<br \/>\n7.2.1. \u00a0Ieg\u0101d\u0101jies p\u0101rdo\u0161anai paredz\u0113tu preci par cenu, kas nor\u0101d\u012bta veikal\u0101, saska\u0146\u0101 ar Noteikumiem;<br \/>\n7.2.2. \u00a0Atteikties no pre\u010du pirkuma l\u012bguma, kas nosl\u0113gts, izmantojot sazi\u0146u, 7 (septi\u0146u) darba dienu laik\u0101 no Preces pieg\u0101des dienas rakstiski pazi\u0146ojot P\u0101rdev\u0113jam, ja prece nav saboj\u0101ta vai t\u0101s izskats nav b\u016btiski main\u012bjies.<br \/>\n7.3. \u00a0Klients piekr\u012bt:<br \/>\n7.3.1. \u00a0Izmantojiet P\u0101rdev\u0113ja sniegtos pakalpojumus veikal\u0101, lai iev\u0113rotu un iev\u0113rotu \u0161ajos noteikumos izkl\u0101st\u012btos noteikumus;<br \/>\n7.3.2. \u00a0Neatkl\u0101jiet savu re\u0123istr\u0101cijas inform\u0101ciju tre\u0161aj\u0101m person\u0101m;<br \/>\n7.3.3. \u00a0Iesniedziet P\u0101rdev\u0113jam pieteikumus, kas izpild\u012bti saska\u0146\u0101 ar \u0161iem noteikumiem;<br \/>\n7.3.4. \u00a0Nor\u0113\u0137in\u0101ties P\u0101rdev\u0113jam par nopirktaj\u0101m prec\u0113m Noteikumos paredz\u0113taj\u0101 veid\u0101;<br \/>\n7.3.5. \u00a0Ja main\u0101s re\u0123istr\u0101cijas veidlap\u0101 ietvertie personas dati, \u0161ie dati nekav\u0113joties j\u0101atjaunina;<br \/>\n7.3.6. \u00a0Iepaz\u012bstieties ar veikala noteikumiem.<br \/>\n7.4. \u00a0P\u0101rdev\u0113jam ir ties\u012bbas:<br \/>\n7.4.1. \u00a0Jebkur\u0101 laik\u0101 apturiet veikalu;<br \/>\n7.4.2. \u00a0Main\u012bt, atjaunin\u0101t un labot Noteikumus;<br \/>\n7.4.3. \u00a0Mainiet pre\u010du kl\u0101stu un cenas;<br \/>\n7.4.4. \u00a0Apzin\u0101ti r\u012bkojoties, kait\u0113jot Pirc\u0113jam vai P\u0101rdev\u0113jam, bez iepriek\u0161\u0113ja br\u012bdin\u0101juma ierobe\u017eot vai atcelt Klienta re\u0123istr\u0101ciju un piek\u013cuvi Klienta sniegtajiem pakalpojumiem.<br \/>\n7.5. \u00a0P\u0101rdev\u0113js piekr\u012bt:<br \/>\n7.5.1. \u00a0P\u0101rdod Preci un izdod Pirc\u0113jam, par to samaks\u0101jot, Pre\u010du pirk\u0161anu un p\u0101rdo\u0161anu apliecino\u0161u dokumentu (naudas samaksa);<br \/>\n7.5.2. \u00a0P\u0101rdodiet preces kop\u0101 ar to piederumiem un piederumiem t\u0101d\u0101 st\u0101vokl\u012b, kas atbilst klienta izv\u0113l\u0113tajam modelim;<br \/>\n7.5.3. \u00a0Pieg\u0101d\u0101t pas\u016bt\u012bt\u0101s preces saska\u0146\u0101 ar Noteikumos paredz\u0113tajiem noteikumiem;<br \/>\n7.5.4. \u00a0P\u0101rliecinieties, ka tiek p\u0101rdoti tikai dro\u0161i, kvalitat\u012bvi izstr\u0101d\u0101jumi;<br \/>\n7.5.5. \u00a0P\u0101rdod Produktus, kuru glab\u0101\u0161anas laiks tika noteikts t\u0101d\u0101 laik\u0101, lai Klientam b\u016btu re\u0101la iesp\u0113ja izmantot Preces pirms der\u012bguma termi\u0146a beig\u0101m;<br \/>\n7.5.6. \u00a0Sniegt klientam nepiecie\u0161amo, pareizo un visaptvero\u0161o inform\u0101ciju par ofici\u0101laj\u0101 valod\u0101 p\u0101rdotaj\u0101m prec\u0113m;<br \/>\n7.5.7. \u00a0P\u0113c klienta piepras\u012bjuma sniedziet papildu inform\u0101ciju par p\u0101rdoto preci;<br \/>\n7.5.8. \u00a0Nodro\u0161iniet Klientam piek\u013cuvi Veikala sniegtajiem pakalpojumiem saska\u0146\u0101 ar Noteikumos paredz\u0113tajiem noteikumiem.<br \/>\n7.6. \u00a0Klients ir atbild\u012bgs par vi\u0146a sniegto personas datu pareiz\u012bbu, k\u0101 ar\u012b par vi\u0146a re\u0123istr\u0101cijas datu glab\u0101\u0161anu un neizpau\u0161anu tre\u0161aj\u0101m person\u0101m.<br \/>\n7.7. \u00a0Pirc\u0113js ir atbild\u012bgs par darb\u012bb\u0101m, kas veiktas tie\u0161saistes veikal\u0101.<br \/>\n7.8. \u00a0P\u0101rdev\u0113js nav atbild\u012bgs par zaud\u0113jumiem, kas rodas no t\u0101, ka Klients nav iepazinies ar \u0161iem Noteikumiem, pat ja \u0161\u0101da iesp\u0113ja tika nodro\u0161in\u0101ta.<br \/>\n7.9. \u00a0Puses vienojas, ka, ja viena no pus\u0113m ir atbild\u012bga, vain\u012bg\u0101 puse atl\u012bdzina otrai.<\/p>\n<p><strong>8. Citi noteikumi<\/strong><\/p>\n<p>8.1. \u00a0Noteikumi ir izstr\u0101d\u0101ti saska\u0146\u0101 ar Lietuvas Republikas ties\u012bbu aktiem.<br \/>\n8.2. \u00a0\u0160ajos noteikumos paredz\u0113t\u0101s attiec\u012bbas regul\u0113 Lietuvas Republikas likumi.<br \/>\n8.3. \u00a0Puses ap\u0146emas visus str\u012bdus, kas rodas saist\u012bb\u0101 ar Noteikumu piem\u0113ro\u0161anu, risin\u0101t, risinot sarunas pa t\u0101lruni, e-pastu, ierakst\u012btu pastu vai izmantojot Eiropas Komisijas elektronisko str\u012bdu iz\u0161\u0137ir\u0161anas port\u0101lu (saite). \u00a0Ja str\u012bds netiek atrisin\u0101ts sarunu ce\u013c\u0101, str\u012bds tiek atrisin\u0101ts P\u0101rdev\u0113ja atra\u0161an\u0101s viet\u0101.<\/p>\n","protected":false},"excerpt":{"rendered":"<p>WATERPIK.LT VIETNES LIETO\u0160ANA UN PRIV\u0100TUMA NOSAC\u012aJUMI &nbsp; 1. Visp\u0101r\u012bgi noteikumi 1.1. \u00a0Interneta veikal\u0101 waterpik.lt (turpm\u0101k tekst\u0101 &#8211; Veikals), kas pieder UAB \u201cVilniaus medicinos servisas\u201d (turpm\u0101k tekst\u0101 P\u0101rdev\u0113js), tirdzniec\u012bba notiek saska\u0146\u0101 ar \u0161iem noteikumiem (turpm\u0101k &#8211; Noteikumi). 1.2. \u00a0Tiek uzskat\u012bts, ka persona, kas veic pirkumus veikal\u0101,&#8230;<\/p>\n","protected":false},"author":10,"featured_media":0,"parent":0,"menu_order":0,"comment_status":"closed","ping_status":"closed","template":"","meta":{"inline_featured_image":false,"footnotes":""},"class_list":["post-8095","page","type-page","status-publish","hentry"],"yoast_head":"<!-- This site is optimized with the Yoast SEO plugin v24.6 - https:\/\/yoast.com\/wordpress\/plugins\/seo\/ -->\n<title>Priv\u0101tuma Politika | Waterpik<\/title>\n<meta name=\"robots\" content=\"index, follow, max-snippet:-1, max-image-preview:large, max-video-preview:-1\" \/>\n<link rel=\"canonical\" href=\"https:\/\/waterpik.lt\/lv\/privatuma-politika\/\" \/>\n<meta property=\"og:locale\" content=\"lv_LV\" \/>\n<meta property=\"og:type\" content=\"article\" \/>\n<meta property=\"og:title\" content=\"Priv\u0101tuma Politika | Waterpik\" \/>\n<meta property=\"og:description\" content=\"WATERPIK.LT VIETNES LIETO\u0160ANA UN PRIV\u0100TUMA NOSAC\u012aJUMI &nbsp; 1. Visp\u0101r\u012bgi noteikumi 1.1. \u00a0Interneta veikal\u0101 waterpik.lt (turpm\u0101k tekst\u0101 &#8211; Veikals), kas pieder UAB \u201cVilniaus medicinos servisas\u201d (turpm\u0101k tekst\u0101 P\u0101rdev\u0113js), tirdzniec\u012bba notiek saska\u0146\u0101 ar \u0161iem noteikumiem (turpm\u0101k &#8211; Noteikumi). 1.2. \u00a0Tiek uzskat\u012bts, ka persona, kas veic pirkumus veikal\u0101,...\" \/>\n<meta property=\"og:url\" content=\"https:\/\/waterpik.lt\/lv\/privatuma-politika\/\" \/>\n<meta property=\"og:site_name\" content=\"Waterpik\" \/>\n<meta property=\"article:modified_time\" content=\"2025-12-19T09:01:04+00:00\" \/>\n<meta property=\"og:image\" content=\"https:\/\/waterpik.lt\/wp-content\/uploads\/2020\/12\/WP670-webui-scaled.jpg\" \/>\n\t<meta property=\"og:image:width\" content=\"2560\" \/>\n\t<meta property=\"og:image:height\" content=\"2560\" \/>\n\t<meta property=\"og:image:type\" content=\"image\/jpeg\" \/>\n<meta name=\"twitter:card\" content=\"summary_large_image\" \/>\n<meta name=\"twitter:label1\" content=\"Est. reading time\" \/>\n\t<meta name=\"twitter:data1\" content=\"7 minutes\" \/>\n<script type=\"application\/ld+json\" class=\"yoast-schema-graph\">{\"@context\":\"https:\/\/schema.org\",\"@graph\":[{\"@type\":\"WebPage\",\"@id\":\"https:\/\/waterpik.lt\/lv\/privatuma-politika\/\",\"url\":\"https:\/\/waterpik.lt\/lv\/privatuma-politika\/\",\"name\":\"Priv\u0101tuma Politika | Waterpik\",\"isPartOf\":{\"@id\":\"https:\/\/waterpik.lt\/#website\"},\"datePublished\":\"2019-11-23T09:57:16+00:00\",\"dateModified\":\"2025-12-19T09:01:04+00:00\",\"breadcrumb\":{\"@id\":\"https:\/\/waterpik.lt\/lv\/privatuma-politika\/#breadcrumb\"},\"inLanguage\":\"lv-LV\",\"potentialAction\":[{\"@type\":\"ReadAction\",\"target\":[\"https:\/\/waterpik.lt\/lv\/privatuma-politika\/\"]}]},{\"@type\":\"BreadcrumbList\",\"@id\":\"https:\/\/waterpik.lt\/lv\/privatuma-politika\/#breadcrumb\",\"itemListElement\":[{\"@type\":\"ListItem\",\"position\":1,\"name\":\"Titulinis\",\"item\":\"https:\/\/waterpik.lt\/lv\/\"},{\"@type\":\"ListItem\",\"position\":2,\"name\":\"Priv\u0101tuma Politika\"}]},{\"@type\":\"WebSite\",\"@id\":\"https:\/\/waterpik.lt\/#website\",\"url\":\"https:\/\/waterpik.lt\/\",\"name\":\"Waterpik\",\"description\":\"Irigatoriai\",\"publisher\":{\"@id\":\"https:\/\/waterpik.lt\/#organization\"},\"potentialAction\":[{\"@type\":\"SearchAction\",\"target\":{\"@type\":\"EntryPoint\",\"urlTemplate\":\"https:\/\/waterpik.lt\/?s={search_term_string}\"},\"query-input\":{\"@type\":\"PropertyValueSpecification\",\"valueRequired\":true,\"valueName\":\"search_term_string\"}}],\"inLanguage\":\"lv-LV\"},{\"@type\":\"Organization\",\"@id\":\"https:\/\/waterpik.lt\/#organization\",\"name\":\"Waterpik\",\"url\":\"https:\/\/waterpik.lt\/\",\"logo\":{\"@type\":\"ImageObject\",\"inLanguage\":\"lv-LV\",\"@id\":\"https:\/\/waterpik.lt\/#\/schema\/logo\/image\/\",\"url\":\"https:\/\/waterpik.lt\/wp-content\/uploads\/2019\/05\/WP-160.jpg\",\"contentUrl\":\"https:\/\/waterpik.lt\/wp-content\/uploads\/2019\/05\/WP-160.jpg\",\"width\":2048,\"height\":2048,\"caption\":\"Waterpik\"},\"image\":{\"@id\":\"https:\/\/waterpik.lt\/#\/schema\/logo\/image\/\"}}]}<\/script>\n<!-- \/ Yoast SEO plugin. -->","yoast_head_json":{"title":"Priv\u0101tuma Politika | Waterpik","robots":{"index":"index","follow":"follow","max-snippet":"max-snippet:-1","max-image-preview":"max-image-preview:large","max-video-preview":"max-video-preview:-1"},"canonical":"https:\/\/waterpik.lt\/lv\/privatuma-politika\/","og_locale":"lv_LV","og_type":"article","og_title":"Priv\u0101tuma Politika | Waterpik","og_description":"WATERPIK.LT VIETNES LIETO\u0160ANA UN PRIV\u0100TUMA NOSAC\u012aJUMI &nbsp; 1. Visp\u0101r\u012bgi noteikumi 1.1. \u00a0Interneta veikal\u0101 waterpik.lt (turpm\u0101k tekst\u0101 &#8211; Veikals), kas pieder UAB \u201cVilniaus medicinos servisas\u201d (turpm\u0101k tekst\u0101 P\u0101rdev\u0113js), tirdzniec\u012bba notiek saska\u0146\u0101 ar \u0161iem noteikumiem (turpm\u0101k &#8211; Noteikumi). 1.2. \u00a0Tiek uzskat\u012bts, ka persona, kas veic pirkumus veikal\u0101,...","og_url":"https:\/\/waterpik.lt\/lv\/privatuma-politika\/","og_site_name":"Waterpik","article_modified_time":"2025-12-19T09:01:04+00:00","og_image":[{"width":2560,"height":2560,"url":"https:\/\/waterpik.lt\/wp-content\/uploads\/2020\/12\/WP670-webui-scaled.jpg","type":"image\/jpeg"}],"twitter_card":"summary_large_image","twitter_misc":{"Est. reading time":"7 minutes"},"schema":{"@context":"https:\/\/schema.org","@graph":[{"@type":"WebPage","@id":"https:\/\/waterpik.lt\/lv\/privatuma-politika\/","url":"https:\/\/waterpik.lt\/lv\/privatuma-politika\/","name":"Priv\u0101tuma Politika | Waterpik","isPartOf":{"@id":"https:\/\/waterpik.lt\/#website"},"datePublished":"2019-11-23T09:57:16+00:00","dateModified":"2025-12-19T09:01:04+00:00","breadcrumb":{"@id":"https:\/\/waterpik.lt\/lv\/privatuma-politika\/#breadcrumb"},"inLanguage":"lv-LV","potentialAction":[{"@type":"ReadAction","target":["https:\/\/waterpik.lt\/lv\/privatuma-politika\/"]}]},{"@type":"BreadcrumbList","@id":"https:\/\/waterpik.lt\/lv\/privatuma-politika\/#breadcrumb","itemListElement":[{"@type":"ListItem","position":1,"name":"Titulinis","item":"https:\/\/waterpik.lt\/lv\/"},{"@type":"ListItem","position":2,"name":"Priv\u0101tuma Politika"}]},{"@type":"WebSite","@id":"https:\/\/waterpik.lt\/#website","url":"https:\/\/waterpik.lt\/","name":"Waterpik","description":"Irigatoriai","publisher":{"@id":"https:\/\/waterpik.lt\/#organization"},"potentialAction":[{"@type":"SearchAction","target":{"@type":"EntryPoint","urlTemplate":"https:\/\/waterpik.lt\/?s={search_term_string}"},"query-input":{"@type":"PropertyValueSpecification","valueRequired":true,"valueName":"search_term_string"}}],"inLanguage":"lv-LV"},{"@type":"Organization","@id":"https:\/\/waterpik.lt\/#organization","name":"Waterpik","url":"https:\/\/waterpik.lt\/","logo":{"@type":"ImageObject","inLanguage":"lv-LV","@id":"https:\/\/waterpik.lt\/#\/schema\/logo\/image\/","url":"https:\/\/waterpik.lt\/wp-content\/uploads\/2019\/05\/WP-160.jpg","contentUrl":"https:\/\/waterpik.lt\/wp-content\/uploads\/2019\/05\/WP-160.jpg","width":2048,"height":2048,"caption":"Waterpik"},"image":{"@id":"https:\/\/waterpik.lt\/#\/schema\/logo\/image\/"}}]}},"_links":{"self":[{"href":"https:\/\/waterpik.lt\/lv\/wp-json\/wp\/v2\/pages\/8095","targetHints":{"allow":["GET"]}}],"collection":[{"href":"https:\/\/waterpik.lt\/lv\/wp-json\/wp\/v2\/pages"}],"about":[{"href":"https:\/\/waterpik.lt\/lv\/wp-json\/wp\/v2\/types\/page"}],"author":[{"embeddable":true,"href":"https:\/\/waterpik.lt\/lv\/wp-json\/wp\/v2\/users\/10"}],"replies":[{"embeddable":true,"href":"https:\/\/waterpik.lt\/lv\/wp-json\/wp\/v2\/comments?post=8095"}],"version-history":[{"count":5,"href":"https:\/\/waterpik.lt\/lv\/wp-json\/wp\/v2\/pages\/8095\/revisions"}],"predecessor-version":[{"id":183405,"href":"https:\/\/waterpik.lt\/lv\/wp-json\/wp\/v2\/pages\/8095\/revisions\/183405"}],"wp:attachment":[{"href":"https:\/\/waterpik.lt\/lv\/wp-json\/wp\/v2\/media?parent=8095"}],"curies":[{"name":"wp","href":"https:\/\/api.w.org\/{rel}","templated":true}]}}