{"id":8060,"date":"2019-11-22T18:37:15","date_gmt":"2019-11-22T16:37:15","guid":{"rendered":"https:\/\/waterpik.lt\/?page_id=8060"},"modified":"2025-12-19T11:03:53","modified_gmt":"2025-12-19T09:03:53","slug":"piegades-nosacijumi","status":"publish","type":"page","link":"https:\/\/waterpik.lt\/lv\/piegades-nosacijumi\/","title":{"rendered":"Pieg\u0101des Nosac\u012bjumi"},"content":{"rendered":"<div class=\"wpb-content-wrapper\"><p>[vc_row css_animation=&#8221;&#8221; row_type=&#8221;row&#8221; use_row_as_full_screen_section=&#8221;no&#8221; type=&#8221;grid&#8221; angled_section=&#8221;no&#8221; text_align=&#8221;left&#8221; background_image_as_pattern=&#8221;without_pattern&#8221; z_index=&#8221;&#8221; css=&#8221;.vc_custom_1574086303863{padding-top: 10px !important;padding-bottom: 90px !important;}&#8221;][vc_column][vc_column_text css=&#8221;&#8221;]Bezmaksas pieg\u0101de pas\u016bt\u012bjumiem virs 20 \u20ac<\/p>\n<p>&nbsp;<\/p>\n<p>Vietn\u0113 waterpik.lt j\u016bs varat izv\u0113l\u0113ties vair\u0101kas pieg\u0101des metodes:<\/p>\n<ul>\n<li>Pieg\u0101de \u0113rt\u0101kaj\u0101 OMNIVA pakom\u0101t\u0101 (pas\u016bt\u012bjumiem maz\u0101k par 20 \u20ac, pieg\u0101de 2,00 \u20ac);<\/li>\n<li>Pieg\u0101de tie\u0161i uz j\u016bsu m\u0101j\u0101m, izmantojot Venipak kurjerpastu (pas\u016bt\u012bjumiem maz\u0101k nek\u0101 20 eiro, pieg\u0101de 3,00 eiro).<\/li>\n<\/ul>\n<p>&nbsp;<\/p>\n<p>Ja esat izv\u0113l\u0113jies pieg\u0101di OMNIVA pakom\u0101t\u0101, pas\u016bt\u012bjumu varat sa\u0146emt sev izdev\u012bg\u0101 laik\u0101 un viet\u0101. J\u016bs sa\u0146emsit SMS ar PIN kodu, kuru varat izmantot, lai ievad\u012btu pas\u016bt\u012bjumu izv\u0113l\u0113taj\u0101 pakom\u0101t\u0101. OMNIVA pakom\u0101ti atrodas katr\u0101 liel\u0101kaj\u0101 pils\u0113t\u0101, un pilnu paku paku sarakstu var atrast \u0161eit: Pakom\u0101tu saraksts. Pieg\u0101de OMNIVA 1-3 darba dienu laik\u0101 p\u0113c pas\u016bt\u012bjuma apmaksas.<\/p>\n<p>Pieg\u0101de OMNIVA pakom\u0101t\u0101 ir 2,00 eiro pas\u016bt\u012bjumiem, kas ir maz\u0101ki par 20 eiro.<\/p>\n<p>&nbsp;<\/p>\n<p>Ja j\u016bsu re\u0123ion\u0101 nav OMNIVA pakom\u0101ta vai ja v\u0113laties preces sa\u0146emt \u0113rti un, neizejot no m\u0101j\u0101m, m\u0113s t\u0101s pieg\u0101d\u0101sim tie\u0161i j\u016bsu m\u0101j\u0101m, izmantojot Venipak kurjera pakalpojumu. Pirms pieg\u0101des kurjers jums piezvan\u012bs un nor\u0101d\u012bs pieg\u0101des laiku. Pieg\u0101de caur Venipak 1-2 darba dienu laik\u0101 p\u0113c pas\u016bt\u012bjuma apmaksas vai pieg\u0101des laik\u0101, ja j\u016bs nolemjat apmaks\u0101t ar kurjeru. \u0160\u0101da tie\u0161a pieg\u0101de ar Venipak kurjera pakalpojumu maks\u0101 3,00 eiro pas\u016bt\u012bjumiem, kas ir maz\u0101ki par 20 eiro.<\/p>\n<p>&nbsp;<\/p>\n<p>Pie\u0146emot pas\u016bt\u012bjumu, neaizmirstiet:<\/p>\n<ol>\n<li>P\u0113c iepakojuma pie\u0146em\u0161anas neparakstiet P.O.D. (pieg\u0101des apstiprin\u0101jums), l\u012bdz j\u016bs nov\u0113rt\u0113jat katru iesai\u0146ojumu no \u0101rpuses.<\/li>\n<li>P\u0113c paketes pie\u0146em\u0161anas neparakstiet P.O.D. ja neesat p\u0101rliecin\u0101ts, ka dokument\u0101 nor\u0101d\u012btais paku skaits neatbilst jums pieg\u0101d\u0101tajam iepakojumam.<\/li>\n<li>Ja ir neatbilst\u012bba starp \u0101r\u0113j\u0101 iepakojuma boj\u0101jumiem (salauzta vai salauzta kaste, skotu lente) un iesai\u0146ojumu skaitu, noteikti atz\u012bm\u0113jiet to RFP. vai nepie\u0146em preces (paketi).<\/li>\n<\/ol>\n<p>&nbsp;<\/p>\n<p>Ja v\u0113laties pas\u016bt\u012bt cita pas\u016bt\u012bjuma pieg\u0101di, l\u016bdzu, sazinieties ar mums pa e-pastu. E-pasts: vilmedservis@gmail.com, un m\u0113s cent\u012bsimies izpild\u012bt j\u016bsu piepras\u012bjumu.[\/vc_column_text][\/vc_column][\/vc_row]<\/p>\n<\/div>","protected":false},"excerpt":{"rendered":"<p>[vc_row css_animation=&#8221;&#8221; row_type=&#8221;row&#8221; use_row_as_full_screen_section=&#8221;no&#8221; type=&#8221;grid&#8221; angled_section=&#8221;no&#8221; text_align=&#8221;left&#8221; background_image_as_pattern=&#8221;without_pattern&#8221; z_index=&#8221;&#8221; css=&#8221;.vc_custom_1574086303863{padding-top: 10px !important;padding-bottom: 90px !important;}&#8221;][vc_column][vc_column_text css=&#8221;&#8221;]Bezmaksas pieg\u0101de pas\u016bt\u012bjumiem virs 20 \u20ac &nbsp; Vietn\u0113 waterpik.lt j\u016bs varat izv\u0113l\u0113ties vair\u0101kas pieg\u0101des metodes: Pieg\u0101de \u0113rt\u0101kaj\u0101 OMNIVA pakom\u0101t\u0101 (pas\u016bt\u012bjumiem maz\u0101k par 20 \u20ac, pieg\u0101de 2,00 \u20ac); Pieg\u0101de tie\u0161i uz j\u016bsu&#8230;<\/p>\n","protected":false},"author":10,"featured_media":0,"parent":0,"menu_order":0,"comment_status":"closed","ping_status":"closed","template":"","meta":{"inline_featured_image":false,"footnotes":""},"class_list":["post-8060","page","type-page","status-publish","hentry"],"yoast_head":"<!-- This site is optimized with the Yoast SEO plugin v24.6 - https:\/\/yoast.com\/wordpress\/plugins\/seo\/ -->\n<title>Pieg\u0101des Nosac\u012bjumi | Waterpik<\/title>\n<meta name=\"robots\" content=\"index, follow, max-snippet:-1, max-image-preview:large, max-video-preview:-1\" \/>\n<link rel=\"canonical\" href=\"https:\/\/waterpik.lt\/lv\/piegades-nosacijumi\/\" \/>\n<meta property=\"og:locale\" content=\"lv_LV\" \/>\n<meta property=\"og:type\" content=\"article\" \/>\n<meta property=\"og:title\" content=\"Pieg\u0101des Nosac\u012bjumi | Waterpik\" \/>\n<meta property=\"og:description\" content=\"[vc_row css_animation=&#8221;&#8221; row_type=&#8221;row&#8221; use_row_as_full_screen_section=&#8221;no&#8221; type=&#8221;grid&#8221; angled_section=&#8221;no&#8221; text_align=&#8221;left&#8221; background_image_as_pattern=&#8221;without_pattern&#8221; z_index=&#8221;&#8221; css=&#8221;.vc_custom_1574086303863{padding-top: 10px !important;padding-bottom: 90px !important;}&#8221;][vc_column][vc_column_text css=&#8221;&#8221;]Bezmaksas pieg\u0101de pas\u016bt\u012bjumiem virs 20 \u20ac &nbsp; Vietn\u0113 waterpik.lt j\u016bs varat izv\u0113l\u0113ties vair\u0101kas pieg\u0101des metodes: Pieg\u0101de \u0113rt\u0101kaj\u0101 OMNIVA pakom\u0101t\u0101 (pas\u016bt\u012bjumiem maz\u0101k par 20 \u20ac, pieg\u0101de 2,00 \u20ac); Pieg\u0101de tie\u0161i uz j\u016bsu...\" \/>\n<meta property=\"og:url\" content=\"https:\/\/waterpik.lt\/lv\/piegades-nosacijumi\/\" \/>\n<meta property=\"og:site_name\" content=\"Waterpik\" \/>\n<meta property=\"article:modified_time\" content=\"2025-12-19T09:03:53+00:00\" \/>\n<meta property=\"og:image\" content=\"https:\/\/waterpik.lt\/wp-content\/uploads\/2020\/12\/WP670-webui-scaled.jpg\" \/>\n\t<meta property=\"og:image:width\" content=\"2560\" \/>\n\t<meta property=\"og:image:height\" content=\"2560\" \/>\n\t<meta property=\"og:image:type\" content=\"image\/jpeg\" \/>\n<meta name=\"twitter:card\" content=\"summary_large_image\" \/>\n<meta name=\"twitter:label1\" content=\"Est. reading time\" \/>\n\t<meta name=\"twitter:data1\" content=\"2 minutes\" \/>\n<script type=\"application\/ld+json\" class=\"yoast-schema-graph\">{\"@context\":\"https:\/\/schema.org\",\"@graph\":[{\"@type\":\"WebPage\",\"@id\":\"https:\/\/waterpik.lt\/lv\/piegades-nosacijumi\/\",\"url\":\"https:\/\/waterpik.lt\/lv\/piegades-nosacijumi\/\",\"name\":\"Pieg\u0101des Nosac\u012bjumi | Waterpik\",\"isPartOf\":{\"@id\":\"https:\/\/waterpik.lt\/#website\"},\"datePublished\":\"2019-11-22T16:37:15+00:00\",\"dateModified\":\"2025-12-19T09:03:53+00:00\",\"breadcrumb\":{\"@id\":\"https:\/\/waterpik.lt\/lv\/piegades-nosacijumi\/#breadcrumb\"},\"inLanguage\":\"lv-LV\",\"potentialAction\":[{\"@type\":\"ReadAction\",\"target\":[\"https:\/\/waterpik.lt\/lv\/piegades-nosacijumi\/\"]}]},{\"@type\":\"BreadcrumbList\",\"@id\":\"https:\/\/waterpik.lt\/lv\/piegades-nosacijumi\/#breadcrumb\",\"itemListElement\":[{\"@type\":\"ListItem\",\"position\":1,\"name\":\"Titulinis\",\"item\":\"https:\/\/waterpik.lt\/lv\/\"},{\"@type\":\"ListItem\",\"position\":2,\"name\":\"Pieg\u0101des Nosac\u012bjumi\"}]},{\"@type\":\"WebSite\",\"@id\":\"https:\/\/waterpik.lt\/#website\",\"url\":\"https:\/\/waterpik.lt\/\",\"name\":\"Waterpik\",\"description\":\"Irigatoriai\",\"publisher\":{\"@id\":\"https:\/\/waterpik.lt\/#organization\"},\"potentialAction\":[{\"@type\":\"SearchAction\",\"target\":{\"@type\":\"EntryPoint\",\"urlTemplate\":\"https:\/\/waterpik.lt\/?s={search_term_string}\"},\"query-input\":{\"@type\":\"PropertyValueSpecification\",\"valueRequired\":true,\"valueName\":\"search_term_string\"}}],\"inLanguage\":\"lv-LV\"},{\"@type\":\"Organization\",\"@id\":\"https:\/\/waterpik.lt\/#organization\",\"name\":\"Waterpik\",\"url\":\"https:\/\/waterpik.lt\/\",\"logo\":{\"@type\":\"ImageObject\",\"inLanguage\":\"lv-LV\",\"@id\":\"https:\/\/waterpik.lt\/#\/schema\/logo\/image\/\",\"url\":\"https:\/\/waterpik.lt\/wp-content\/uploads\/2019\/05\/WP-160.jpg\",\"contentUrl\":\"https:\/\/waterpik.lt\/wp-content\/uploads\/2019\/05\/WP-160.jpg\",\"width\":2048,\"height\":2048,\"caption\":\"Waterpik\"},\"image\":{\"@id\":\"https:\/\/waterpik.lt\/#\/schema\/logo\/image\/\"}}]}<\/script>\n<!-- \/ Yoast SEO plugin. -->","yoast_head_json":{"title":"Pieg\u0101des Nosac\u012bjumi | Waterpik","robots":{"index":"index","follow":"follow","max-snippet":"max-snippet:-1","max-image-preview":"max-image-preview:large","max-video-preview":"max-video-preview:-1"},"canonical":"https:\/\/waterpik.lt\/lv\/piegades-nosacijumi\/","og_locale":"lv_LV","og_type":"article","og_title":"Pieg\u0101des Nosac\u012bjumi | Waterpik","og_description":"[vc_row css_animation=&#8221;&#8221; row_type=&#8221;row&#8221; use_row_as_full_screen_section=&#8221;no&#8221; type=&#8221;grid&#8221; angled_section=&#8221;no&#8221; text_align=&#8221;left&#8221; background_image_as_pattern=&#8221;without_pattern&#8221; z_index=&#8221;&#8221; css=&#8221;.vc_custom_1574086303863{padding-top: 10px !important;padding-bottom: 90px !important;}&#8221;][vc_column][vc_column_text css=&#8221;&#8221;]Bezmaksas pieg\u0101de pas\u016bt\u012bjumiem virs 20 \u20ac &nbsp; Vietn\u0113 waterpik.lt j\u016bs varat izv\u0113l\u0113ties vair\u0101kas pieg\u0101des metodes: Pieg\u0101de \u0113rt\u0101kaj\u0101 OMNIVA pakom\u0101t\u0101 (pas\u016bt\u012bjumiem maz\u0101k par 20 \u20ac, pieg\u0101de 2,00 \u20ac); Pieg\u0101de tie\u0161i uz j\u016bsu...","og_url":"https:\/\/waterpik.lt\/lv\/piegades-nosacijumi\/","og_site_name":"Waterpik","article_modified_time":"2025-12-19T09:03:53+00:00","og_image":[{"width":2560,"height":2560,"url":"https:\/\/waterpik.lt\/wp-content\/uploads\/2020\/12\/WP670-webui-scaled.jpg","type":"image\/jpeg"}],"twitter_card":"summary_large_image","twitter_misc":{"Est. reading time":"2 minutes"},"schema":{"@context":"https:\/\/schema.org","@graph":[{"@type":"WebPage","@id":"https:\/\/waterpik.lt\/lv\/piegades-nosacijumi\/","url":"https:\/\/waterpik.lt\/lv\/piegades-nosacijumi\/","name":"Pieg\u0101des Nosac\u012bjumi | Waterpik","isPartOf":{"@id":"https:\/\/waterpik.lt\/#website"},"datePublished":"2019-11-22T16:37:15+00:00","dateModified":"2025-12-19T09:03:53+00:00","breadcrumb":{"@id":"https:\/\/waterpik.lt\/lv\/piegades-nosacijumi\/#breadcrumb"},"inLanguage":"lv-LV","potentialAction":[{"@type":"ReadAction","target":["https:\/\/waterpik.lt\/lv\/piegades-nosacijumi\/"]}]},{"@type":"BreadcrumbList","@id":"https:\/\/waterpik.lt\/lv\/piegades-nosacijumi\/#breadcrumb","itemListElement":[{"@type":"ListItem","position":1,"name":"Titulinis","item":"https:\/\/waterpik.lt\/lv\/"},{"@type":"ListItem","position":2,"name":"Pieg\u0101des Nosac\u012bjumi"}]},{"@type":"WebSite","@id":"https:\/\/waterpik.lt\/#website","url":"https:\/\/waterpik.lt\/","name":"Waterpik","description":"Irigatoriai","publisher":{"@id":"https:\/\/waterpik.lt\/#organization"},"potentialAction":[{"@type":"SearchAction","target":{"@type":"EntryPoint","urlTemplate":"https:\/\/waterpik.lt\/?s={search_term_string}"},"query-input":{"@type":"PropertyValueSpecification","valueRequired":true,"valueName":"search_term_string"}}],"inLanguage":"lv-LV"},{"@type":"Organization","@id":"https:\/\/waterpik.lt\/#organization","name":"Waterpik","url":"https:\/\/waterpik.lt\/","logo":{"@type":"ImageObject","inLanguage":"lv-LV","@id":"https:\/\/waterpik.lt\/#\/schema\/logo\/image\/","url":"https:\/\/waterpik.lt\/wp-content\/uploads\/2019\/05\/WP-160.jpg","contentUrl":"https:\/\/waterpik.lt\/wp-content\/uploads\/2019\/05\/WP-160.jpg","width":2048,"height":2048,"caption":"Waterpik"},"image":{"@id":"https:\/\/waterpik.lt\/#\/schema\/logo\/image\/"}}]}},"_links":{"self":[{"href":"https:\/\/waterpik.lt\/lv\/wp-json\/wp\/v2\/pages\/8060","targetHints":{"allow":["GET"]}}],"collection":[{"href":"https:\/\/waterpik.lt\/lv\/wp-json\/wp\/v2\/pages"}],"about":[{"href":"https:\/\/waterpik.lt\/lv\/wp-json\/wp\/v2\/types\/page"}],"author":[{"embeddable":true,"href":"https:\/\/waterpik.lt\/lv\/wp-json\/wp\/v2\/users\/10"}],"replies":[{"embeddable":true,"href":"https:\/\/waterpik.lt\/lv\/wp-json\/wp\/v2\/comments?post=8060"}],"version-history":[{"count":9,"href":"https:\/\/waterpik.lt\/lv\/wp-json\/wp\/v2\/pages\/8060\/revisions"}],"predecessor-version":[{"id":183406,"href":"https:\/\/waterpik.lt\/lv\/wp-json\/wp\/v2\/pages\/8060\/revisions\/183406"}],"wp:attachment":[{"href":"https:\/\/waterpik.lt\/lv\/wp-json\/wp\/v2\/media?parent=8060"}],"curies":[{"name":"wp","href":"https:\/\/api.w.org\/{rel}","templated":true}]}}