{"id":8053,"date":"2019-11-22T18:33:14","date_gmt":"2019-11-22T16:33:14","guid":{"rendered":"https:\/\/waterpik.lt\/?page_id=8053"},"modified":"2025-12-19T12:54:59","modified_gmt":"2025-12-19T10:54:59","slug":"norekinu-iespejas","status":"publish","type":"page","link":"https:\/\/waterpik.lt\/lv\/norekinu-iespejas\/","title":{"rendered":"Nor\u0113\u0137inu Iesp\u0113jas"},"content":{"rendered":"<div class=\"wpb-content-wrapper\"><p>[vc_row css_animation=&#8221;&#8221; row_type=&#8221;row&#8221; use_row_as_full_screen_section=&#8221;no&#8221; type=&#8221;grid&#8221; angled_section=&#8221;no&#8221; text_align=&#8221;left&#8221; background_image_as_pattern=&#8221;without_pattern&#8221; z_index=&#8221;&#8221; css=&#8221;.vc_custom_1574086303863{padding-top: 10px !important;padding-bottom: 90px !important;}&#8221;][vc_column][vc_column_text]Interneta veikal\u0101 waterpik.lt j\u016bs varat nor\u0113\u0137in\u0101ties par izv\u0113l\u0113to produktu jums \u0113rt\u0101 veid\u0101:<\/p>\n<ul>\n<li>Veiciet apmaksu ar bankas p\u0101rskait\u012bjumu<\/li>\n<li>Maks\u0101jiet, izmantojot elektronisko banku Lietuv\u0101 vai caur Paysera<\/li>\n<li>Maks\u0101jiet par prec\u0113m pas\u016bt\u012bjuma pieg\u0101des laik\u0101<\/li>\n<\/ul>\n<p>&nbsp;<\/p>\n<p><strong>Nor\u0113\u0137ini, izmantojot internetbanku vai Paysera<\/strong><\/p>\n<p>&nbsp;<\/p>\n<p>Noklik\u0161\u0137inot uz maks\u0101juma pogas, izmantojot internetbanku pas\u016bt\u012bjuma log\u0101, jums tiks l\u016bgts izv\u0113l\u0113ties vienu no bank\u0101m un veikt maks\u0101jumu caur attiec\u012bg\u0101s bankas atbilsto\u0161o tie\u0161saistes bankas sist\u0113mu.<\/p>\n<p>&nbsp;<\/p>\n<p>Bankas p\u0101rskait\u012bjuma maks\u0101jums<\/p>\n<p>&nbsp;<\/p>\n<p>P\u0113c \u0161\u012b maks\u0101juma veida izv\u0113les, k\u0101 parasti, veiciet bankas p\u0101rskait\u012bjumu uz UAB \u201cVilniaus medicinos servisas\u201d kontu. L\u016bdzu, \u0146emiet v\u0113r\u0101, ka maks\u0101juma m\u0113r\u0137a lauk\u0101 jums j\u0101ievada pas\u016bt\u012bjuma numurs waterpik.lt, lai m\u0113s var\u0113tu pa\u0101trin\u0101t j\u016bsu maks\u0101jumu.<\/p>\n<p>&nbsp;<\/p>\n<p><strong>Inform\u0101cija par kontu:<\/strong><\/p>\n<p>&nbsp;<\/p>\n<p>Sa\u0146\u0113m\u0113js: UAB &#8220;Vilniaus medicinos servisas&#8221;<br \/>\nA\/S: LT747300010002421493<br \/>\nSWIFT: HABALT22<br \/>\nBanka: Swedbank<br \/>\nA\/S: LT194010042400238947<br \/>\nSWIFT: AGBLLT2X<br \/>\nBanka: Luminor<br \/>\nUz\u0146\u0113muma kods: 123070311<br \/>\nMaks\u0101juma m\u0113r\u0137is: noteikti iek\u013caujiet pas\u016bt\u012bjuma numuru.<\/p>\n<p>&nbsp;<\/p>\n<p>Maks\u0101jums pieg\u0101des laik\u0101<\/p>\n<p>&nbsp;<\/p>\n<p>Maks\u0101jums pas\u016bt\u012bjuma pieg\u0101des laik\u0101 ir iesp\u0113jams tikai ar pieg\u0101des veidu: Pieg\u0101de m\u0101j\u0101s ar Venipak kurjerpastu. Tad pas\u016bt\u012bjuma veik\u0161anas br\u012bd\u012b jums nav j\u0101maks\u0101 par pas\u016bt\u012bjumu; Pas\u016bt\u012bjuma pieg\u0101des laik\u0101 par pas\u016bt\u012bjumu var\u0113siet nor\u0113\u0137in\u0101ties ar karti vai skaidr\u0101 naud\u0101 (jums j\u0101b\u016bt vien\u0101dai skaidras naudas summai).<\/p>\n<p>&nbsp;<\/p>\n<p>Tikai ar pilnu apmaksu ar kurjeru, t.i. samaks\u0101jot pilnu pas\u016bt\u012bjuma summu (preces cena + pieg\u0101de), prece jums tiks atgriezta.[\/vc_column_text][\/vc_column][\/vc_row]<\/p>\n<\/div>","protected":false},"excerpt":{"rendered":"<p>[vc_row css_animation=&#8221;&#8221; row_type=&#8221;row&#8221; use_row_as_full_screen_section=&#8221;no&#8221; type=&#8221;grid&#8221; angled_section=&#8221;no&#8221; text_align=&#8221;left&#8221; background_image_as_pattern=&#8221;without_pattern&#8221; z_index=&#8221;&#8221; css=&#8221;.vc_custom_1574086303863{padding-top: 10px !important;padding-bottom: 90px !important;}&#8221;][vc_column][vc_column_text]Interneta veikal\u0101 waterpik.lt j\u016bs varat nor\u0113\u0137in\u0101ties par izv\u0113l\u0113to produktu jums \u0113rt\u0101 veid\u0101: Veiciet apmaksu ar bankas p\u0101rskait\u012bjumu Maks\u0101jiet, izmantojot elektronisko banku Lietuv\u0101 vai caur Paysera Maks\u0101jiet par prec\u0113m pas\u016bt\u012bjuma pieg\u0101des laik\u0101 &nbsp;&#8230;<\/p>\n","protected":false},"author":10,"featured_media":0,"parent":0,"menu_order":0,"comment_status":"closed","ping_status":"closed","template":"","meta":{"inline_featured_image":false,"footnotes":""},"class_list":["post-8053","page","type-page","status-publish","hentry"],"yoast_head":"<!-- This site is optimized with the Yoast SEO plugin v24.6 - https:\/\/yoast.com\/wordpress\/plugins\/seo\/ -->\n<title>Nor\u0113\u0137inu Iesp\u0113jas | Waterpik<\/title>\n<meta name=\"robots\" content=\"index, follow, max-snippet:-1, max-image-preview:large, max-video-preview:-1\" \/>\n<link rel=\"canonical\" href=\"https:\/\/waterpik.lt\/lv\/norekinu-iespejas\/\" \/>\n<meta property=\"og:locale\" content=\"lv_LV\" \/>\n<meta property=\"og:type\" content=\"article\" \/>\n<meta property=\"og:title\" content=\"Nor\u0113\u0137inu Iesp\u0113jas | Waterpik\" \/>\n<meta property=\"og:description\" content=\"[vc_row css_animation=&#8221;&#8221; row_type=&#8221;row&#8221; use_row_as_full_screen_section=&#8221;no&#8221; type=&#8221;grid&#8221; angled_section=&#8221;no&#8221; text_align=&#8221;left&#8221; background_image_as_pattern=&#8221;without_pattern&#8221; z_index=&#8221;&#8221; css=&#8221;.vc_custom_1574086303863{padding-top: 10px !important;padding-bottom: 90px !important;}&#8221;][vc_column][vc_column_text]Interneta veikal\u0101 waterpik.lt j\u016bs varat nor\u0113\u0137in\u0101ties par izv\u0113l\u0113to produktu jums \u0113rt\u0101 veid\u0101: Veiciet apmaksu ar bankas p\u0101rskait\u012bjumu Maks\u0101jiet, izmantojot elektronisko banku Lietuv\u0101 vai caur Paysera Maks\u0101jiet par prec\u0113m pas\u016bt\u012bjuma pieg\u0101des laik\u0101 &nbsp;...\" \/>\n<meta property=\"og:url\" content=\"https:\/\/waterpik.lt\/lv\/norekinu-iespejas\/\" \/>\n<meta property=\"og:site_name\" content=\"Waterpik\" \/>\n<meta property=\"article:modified_time\" content=\"2025-12-19T10:54:59+00:00\" \/>\n<meta property=\"og:image\" content=\"https:\/\/waterpik.lt\/wp-content\/uploads\/2020\/12\/WP670-webui-scaled.jpg\" \/>\n\t<meta property=\"og:image:width\" content=\"2560\" \/>\n\t<meta property=\"og:image:height\" content=\"2560\" \/>\n\t<meta property=\"og:image:type\" content=\"image\/jpeg\" \/>\n<meta name=\"twitter:card\" content=\"summary_large_image\" \/>\n<meta name=\"twitter:label1\" content=\"Est. reading time\" \/>\n\t<meta name=\"twitter:data1\" content=\"2 minutes\" \/>\n<script type=\"application\/ld+json\" class=\"yoast-schema-graph\">{\"@context\":\"https:\/\/schema.org\",\"@graph\":[{\"@type\":\"WebPage\",\"@id\":\"https:\/\/waterpik.lt\/lv\/norekinu-iespejas\/\",\"url\":\"https:\/\/waterpik.lt\/lv\/norekinu-iespejas\/\",\"name\":\"Nor\u0113\u0137inu Iesp\u0113jas | Waterpik\",\"isPartOf\":{\"@id\":\"https:\/\/waterpik.lt\/#website\"},\"datePublished\":\"2019-11-22T16:33:14+00:00\",\"dateModified\":\"2025-12-19T10:54:59+00:00\",\"breadcrumb\":{\"@id\":\"https:\/\/waterpik.lt\/lv\/norekinu-iespejas\/#breadcrumb\"},\"inLanguage\":\"lv-LV\",\"potentialAction\":[{\"@type\":\"ReadAction\",\"target\":[\"https:\/\/waterpik.lt\/lv\/norekinu-iespejas\/\"]}]},{\"@type\":\"BreadcrumbList\",\"@id\":\"https:\/\/waterpik.lt\/lv\/norekinu-iespejas\/#breadcrumb\",\"itemListElement\":[{\"@type\":\"ListItem\",\"position\":1,\"name\":\"Titulinis\",\"item\":\"https:\/\/waterpik.lt\/lv\/\"},{\"@type\":\"ListItem\",\"position\":2,\"name\":\"Nor\u0113\u0137inu Iesp\u0113jas\"}]},{\"@type\":\"WebSite\",\"@id\":\"https:\/\/waterpik.lt\/#website\",\"url\":\"https:\/\/waterpik.lt\/\",\"name\":\"Waterpik\",\"description\":\"Irigatoriai\",\"publisher\":{\"@id\":\"https:\/\/waterpik.lt\/#organization\"},\"potentialAction\":[{\"@type\":\"SearchAction\",\"target\":{\"@type\":\"EntryPoint\",\"urlTemplate\":\"https:\/\/waterpik.lt\/?s={search_term_string}\"},\"query-input\":{\"@type\":\"PropertyValueSpecification\",\"valueRequired\":true,\"valueName\":\"search_term_string\"}}],\"inLanguage\":\"lv-LV\"},{\"@type\":\"Organization\",\"@id\":\"https:\/\/waterpik.lt\/#organization\",\"name\":\"Waterpik\",\"url\":\"https:\/\/waterpik.lt\/\",\"logo\":{\"@type\":\"ImageObject\",\"inLanguage\":\"lv-LV\",\"@id\":\"https:\/\/waterpik.lt\/#\/schema\/logo\/image\/\",\"url\":\"https:\/\/waterpik.lt\/wp-content\/uploads\/2019\/05\/WP-160.jpg\",\"contentUrl\":\"https:\/\/waterpik.lt\/wp-content\/uploads\/2019\/05\/WP-160.jpg\",\"width\":2048,\"height\":2048,\"caption\":\"Waterpik\"},\"image\":{\"@id\":\"https:\/\/waterpik.lt\/#\/schema\/logo\/image\/\"}}]}<\/script>\n<!-- \/ Yoast SEO plugin. -->","yoast_head_json":{"title":"Nor\u0113\u0137inu Iesp\u0113jas | Waterpik","robots":{"index":"index","follow":"follow","max-snippet":"max-snippet:-1","max-image-preview":"max-image-preview:large","max-video-preview":"max-video-preview:-1"},"canonical":"https:\/\/waterpik.lt\/lv\/norekinu-iespejas\/","og_locale":"lv_LV","og_type":"article","og_title":"Nor\u0113\u0137inu Iesp\u0113jas | Waterpik","og_description":"[vc_row css_animation=&#8221;&#8221; row_type=&#8221;row&#8221; use_row_as_full_screen_section=&#8221;no&#8221; type=&#8221;grid&#8221; angled_section=&#8221;no&#8221; text_align=&#8221;left&#8221; background_image_as_pattern=&#8221;without_pattern&#8221; z_index=&#8221;&#8221; css=&#8221;.vc_custom_1574086303863{padding-top: 10px !important;padding-bottom: 90px !important;}&#8221;][vc_column][vc_column_text]Interneta veikal\u0101 waterpik.lt j\u016bs varat nor\u0113\u0137in\u0101ties par izv\u0113l\u0113to produktu jums \u0113rt\u0101 veid\u0101: Veiciet apmaksu ar bankas p\u0101rskait\u012bjumu Maks\u0101jiet, izmantojot elektronisko banku Lietuv\u0101 vai caur Paysera Maks\u0101jiet par prec\u0113m pas\u016bt\u012bjuma pieg\u0101des laik\u0101 &nbsp;...","og_url":"https:\/\/waterpik.lt\/lv\/norekinu-iespejas\/","og_site_name":"Waterpik","article_modified_time":"2025-12-19T10:54:59+00:00","og_image":[{"width":2560,"height":2560,"url":"https:\/\/waterpik.lt\/wp-content\/uploads\/2020\/12\/WP670-webui-scaled.jpg","type":"image\/jpeg"}],"twitter_card":"summary_large_image","twitter_misc":{"Est. reading time":"2 minutes"},"schema":{"@context":"https:\/\/schema.org","@graph":[{"@type":"WebPage","@id":"https:\/\/waterpik.lt\/lv\/norekinu-iespejas\/","url":"https:\/\/waterpik.lt\/lv\/norekinu-iespejas\/","name":"Nor\u0113\u0137inu Iesp\u0113jas | Waterpik","isPartOf":{"@id":"https:\/\/waterpik.lt\/#website"},"datePublished":"2019-11-22T16:33:14+00:00","dateModified":"2025-12-19T10:54:59+00:00","breadcrumb":{"@id":"https:\/\/waterpik.lt\/lv\/norekinu-iespejas\/#breadcrumb"},"inLanguage":"lv-LV","potentialAction":[{"@type":"ReadAction","target":["https:\/\/waterpik.lt\/lv\/norekinu-iespejas\/"]}]},{"@type":"BreadcrumbList","@id":"https:\/\/waterpik.lt\/lv\/norekinu-iespejas\/#breadcrumb","itemListElement":[{"@type":"ListItem","position":1,"name":"Titulinis","item":"https:\/\/waterpik.lt\/lv\/"},{"@type":"ListItem","position":2,"name":"Nor\u0113\u0137inu Iesp\u0113jas"}]},{"@type":"WebSite","@id":"https:\/\/waterpik.lt\/#website","url":"https:\/\/waterpik.lt\/","name":"Waterpik","description":"Irigatoriai","publisher":{"@id":"https:\/\/waterpik.lt\/#organization"},"potentialAction":[{"@type":"SearchAction","target":{"@type":"EntryPoint","urlTemplate":"https:\/\/waterpik.lt\/?s={search_term_string}"},"query-input":{"@type":"PropertyValueSpecification","valueRequired":true,"valueName":"search_term_string"}}],"inLanguage":"lv-LV"},{"@type":"Organization","@id":"https:\/\/waterpik.lt\/#organization","name":"Waterpik","url":"https:\/\/waterpik.lt\/","logo":{"@type":"ImageObject","inLanguage":"lv-LV","@id":"https:\/\/waterpik.lt\/#\/schema\/logo\/image\/","url":"https:\/\/waterpik.lt\/wp-content\/uploads\/2019\/05\/WP-160.jpg","contentUrl":"https:\/\/waterpik.lt\/wp-content\/uploads\/2019\/05\/WP-160.jpg","width":2048,"height":2048,"caption":"Waterpik"},"image":{"@id":"https:\/\/waterpik.lt\/#\/schema\/logo\/image\/"}}]}},"_links":{"self":[{"href":"https:\/\/waterpik.lt\/lv\/wp-json\/wp\/v2\/pages\/8053","targetHints":{"allow":["GET"]}}],"collection":[{"href":"https:\/\/waterpik.lt\/lv\/wp-json\/wp\/v2\/pages"}],"about":[{"href":"https:\/\/waterpik.lt\/lv\/wp-json\/wp\/v2\/types\/page"}],"author":[{"embeddable":true,"href":"https:\/\/waterpik.lt\/lv\/wp-json\/wp\/v2\/users\/10"}],"replies":[{"embeddable":true,"href":"https:\/\/waterpik.lt\/lv\/wp-json\/wp\/v2\/comments?post=8053"}],"version-history":[{"count":9,"href":"https:\/\/waterpik.lt\/lv\/wp-json\/wp\/v2\/pages\/8053\/revisions"}],"predecessor-version":[{"id":183424,"href":"https:\/\/waterpik.lt\/lv\/wp-json\/wp\/v2\/pages\/8053\/revisions\/183424"}],"wp:attachment":[{"href":"https:\/\/waterpik.lt\/lv\/wp-json\/wp\/v2\/media?parent=8053"}],"curies":[{"name":"wp","href":"https:\/\/api.w.org\/{rel}","templated":true}]}}