{"id":8047,"date":"2019-11-22T18:29:08","date_gmt":"2019-11-22T16:29:08","guid":{"rendered":"https:\/\/waterpik.lt\/?page_id=8047"},"modified":"2025-12-19T11:05:51","modified_gmt":"2025-12-19T09:05:51","slug":"garantija-un-pecgarantijas-serviss","status":"publish","type":"page","link":"https:\/\/waterpik.lt\/lv\/garantija-un-pecgarantijas-serviss\/","title":{"rendered":"Garantija Un P\u0113cgarantijas Serviss"},"content":{"rendered":"<div class=\"wpb-content-wrapper\"><p>[vc_row css_animation=&#8221;&#8221; row_type=&#8221;row&#8221; use_row_as_full_screen_section=&#8221;no&#8221; type=&#8221;grid&#8221; angled_section=&#8221;no&#8221; text_align=&#8221;left&#8221; background_image_as_pattern=&#8221;without_pattern&#8221; z_index=&#8221;&#8221; css=&#8221;.vc_custom_1574086303863{padding-top: 10px !important;padding-bottom: 90px !important;}&#8221;][vc_column][vc_column_text]<span style=\"color: #000000;\"><span style=\"font-family: Open Sans, serif;\"><span style=\"font-size: medium;\">Katrai precei, kas tiek p\u0101rdota waterpik.lt elektroniskaj\u0101 veikal\u0101, tiek pie\u0161\u0137irta garantija. Garantijas laiks ir nor\u0101d\u012bts preces aprakst\u0101. Ja garantijas laiks taj\u0101 nav atsevi\u0161\u0137i defin\u0113ts, tiek uzskat\u012bts, ka precei tiek pie\u0161\u0137irta garantija uz 24 m\u0113ne\u0161iem.<\/span><\/span><\/span><\/p>\n<p>&nbsp;<\/p>\n<p><span style=\"color: #000000;\"><span style=\"font-family: Open Sans, serif;\"><span style=\"font-size: medium;\">Lai sa\u0146emtu piln\u012bgu inform\u0101ciju par garantiju, l\u016bdzam sazin\u0101ties ar mums pa t\u0101lruni +370 66 355 112 vai e-pastu <\/span><\/span><span style=\"color: #000080;\"><span style=\"font-family: Open Sans, serif;\"><span style=\"font-size: medium;\"><u><a href=\"mailto:tomas@vilmedservis.lt\">tomas@vilmedservis.lt<\/a><\/u><\/span><\/span><\/span><span style=\"font-family: Open Sans, serif;\"><span style=\"font-size: medium;\"> (Tomass).<\/span><\/span><\/span><\/p>\n<p><span style=\"color: #000000;\"><span style=\"font-family: Open Sans, serif;\"><span style=\"font-size: medium;\">Preces garantijas apkalpo\u0161anai l\u016bdzam pieg\u0101d\u0101t uz servisu Mindaugo g. 23-116, Vi\u013c\u0146a, LT-03214.<\/span><\/span><\/span><\/p>\n<p>&nbsp;<\/p>\n<p><span style=\"color: #000000;\"><span style=\"font-family: Open Sans, serif;\"><span style=\"font-size: medium;\">Ja esat no Latvijas vai Igaunijas un v\u0113laties sa\u0146emt inform\u0101ciju par garantiju, jums j\u0101sazin\u0101s pa e-pastu vai t\u0101lruni. Garantijas gad\u012bjum\u0101 m\u0113s vienm\u0113r s\u016bt\u0101m savu kurjeru, lai pa\u0146emtu no jums boj\u0101to ier\u012bci. Ar\u012b salaboto irigatoru m\u0113s nos\u016bt\u012bsim jums ar kurjeru. S\u016bt\u012b\u0161anas izdevumus apmaks\u0101jam M\u0112S, jums papildus nekas nav j\u0101maks\u0101.<\/span><\/span><\/span><\/p>\n<p><span style=\"color: #000000;\"><span style=\"font-family: Open Sans, serif;\"><span style=\"font-size: medium;\">Ja jums ir \u0113rt\u0101k preci nos\u016bt\u012bt, izmantojot \u201eOmniva\u201c pakom\u0101tu, m\u0113s varam nos\u016bt\u012bt jums \u201eOmniva\u201c uzl\u012bmi, un jums b\u016bs tikai j\u0101nog\u0101d\u0101 s\u016bt\u012bjums l\u012bdz pakom\u0101tam un j\u0101nos\u016bta.<\/span><\/span><\/span><\/p>\n<p><span style=\"color: #000000;\"><span style=\"font-family: Open Sans, serif;\"><span style=\"font-size: medium;\">Boj\u0101jumi, kas rodas garantijas apkalpo\u0161anas laik\u0101 ra\u017eot\u0101ja vainas d\u0113\u013c, tiek nov\u0113rsti 1\u201314 dienu laik\u0101 no pre\u010du pieg\u0101des dienas l\u012bdz garantijas servisam, vai ar\u012b 45 dienu laik\u0101, ja garantijas remontam nepiecie\u0161am\u0101 deta\u013ca ir j\u0101pieg\u0101d\u0101 no \u0101rvalst\u012bm. Visos gad\u012bjumos garantijas apkalpo\u0161ana tiek veikta iesp\u0113jami \u012bs\u0101 laik\u0101.<\/span><\/span><\/span><\/p>\n<p>&nbsp;<\/p>\n<p>&nbsp;<\/p>\n<p><strong>Atgrie\u0161anas proced\u016bra<\/strong><\/p>\n<ul>\n<li>Pirkto pre\u010du atgrie\u0161ana interneta veikal\u0101 waterpik.lt, pamatojoties uz 2014. gadu. 22. j\u016blija Lietuvas Republikas vald\u012bbas dekr\u0113ts 11. j\u016bnija rezol\u016bcija Nr. 697 Groz\u012bjums mazumtirdzniec\u012bbas noteikumu apstiprin\u0101\u0161anai<\/li>\n<li>Pre\u010du atgrie\u0161anas izmaksas sedz pre\u010du pirc\u0113js.<\/li>\n<li>Preces, kas pirc\u0113jam nepat\u012bk p\u0113c formas, izm\u0113ra, kr\u0101sas, mode\u013ca vai komplekta, P\u0101rdev\u0113js tos nomaina vai atdod 14 kalend\u0101ro dienu laik\u0101 no pieg\u0101des dienas. Pieg\u0101des izmaksas netiek atgrieztas. Pirc\u0113jam neapmierino\u0161\u0101s preces j\u0101atdod ar savu transportu vai j\u0101sedz atgrie\u0161anas izmaksas. Produkts ir j\u0101atdod atpaka\u013c iepakojum\u0101, kur\u0101 tas tika pieg\u0101d\u0101ts. Iesai\u0146ojumam j\u0101b\u016bt neboj\u0101tam, t\u012bram, pareizi sagatavotam un iesai\u0146otam.\u00b7 Pirc\u0113js var izmantot atgrie\u0161anas ties\u012bbas, ja preces nav izmantotas, saboj\u0101tas vai zaud\u0113ju\u0161as savu izskatu. Atgriezt\u0101 prece ir piln\u012bb\u0101 j\u0101samont\u0113. Pirc\u0113js ir atbild\u012bgs par pre\u010du piln\u012bgu mont\u0101\u017eu un iesai\u0146o\u0161anu.<\/li>\n<li>Ja preces nav piln\u012bb\u0101 saliktas un k\u0101rt\u012bgi iesai\u0146otas, P\u0101rdev\u0113js vai vi\u0146a p\u0101rst\u0101vis var atteikties pie\u0146emt atgriezt\u0101s preces. Izmai\u0146as produkta vai t\u0101 iesai\u0146ojuma izskat\u0101, kas bija nepiecie\u0161amas produkta p\u0101rbaudei, nav uzskat\u0101mas par b\u016btisk\u0101m izmai\u0146\u0101m produkta izskat\u0101. P\u0101rdev\u0113js var atteikties pie\u0146emt preces, ja pre\u010du iesai\u0146ojums ir speci\u0101li sapl\u0113sts, salauzts vai k\u0101 cit\u0101di boj\u0101ts un zaud\u0113jis izskatu. Iesai\u0146ojumam j\u0101b\u016bt neboj\u0101tam, t\u012bram, pareizi sagatavotam un iesai\u0146otam.<\/li>\n<li>Ja ieg\u0101d\u0101tais produkts neatbilst kvalit\u0101tes pras\u012bb\u0101m, t.i. bija nepiln\u012bgs, Pirc\u0113js ap\u0146emas inform\u0113t P\u0101rdev\u0113ju 7 darba dienu laik\u0101 no preces sa\u0146em\u0161anas br\u012b\u017ea. P\u0113c tam P\u0101rdev\u0113jam ir ties\u012bbas noraid\u012bt visas pretenzijas par pre\u010du kvalit\u0101ti. P\u0101rdev\u0113js ap\u0146emas aizst\u0101t boj\u0101tu preci ar labas kvalit\u0101tes preci, attiec\u012bgi samazin\u0101t preces cenu vai atgriezt naudu, kas samaks\u0101ta par prec\u0113m un to pieg\u0101di 30 dienu laik\u0101 no piepras\u012bjuma datuma. Preces j\u0101atdod ori\u0123in\u0101laj\u0101 pre\u010du iesai\u0146ojum\u0101 un s\u016bt\u012bjum\u0101. Pirc\u0113jam ir j\u0101iesniedz ar\u012b r\u0113\u0137ina ori\u0123in\u0101ls par prec\u0113m.<\/li>\n<li>Ja P\u0101rdev\u0113js atsak\u0101s pie\u0146emt atgriezt\u0101s preces, Pirc\u0113jam preces ir j\u0101uz\u0146em uz sava r\u0113\u0137ina 14 darba dienu laik\u0101. P\u0113c tam tiek uzskat\u012bts, ka Pirc\u0113js atteic\u0101s no atgriezt\u0101s preces savas vainas d\u0113\u013c un vi\u0146am nav naudas pras\u012bbu. \u0160aj\u0101 gad\u012bjum\u0101 nauda par prec\u0113m Pirc\u0113jam netiek atgriezta.\u00b7 Visi str\u012bdi, kas rodas no pirk\u0161anas un p\u0101rdo\u0161anas vai ir saist\u012bti ar to, tiek risin\u0101ti sarunu ce\u013c\u0101. Ja rodas domstarp\u012bbas, domstarp\u012bbas risina Lietuvas Republikas ties\u012bbu aktos noteiktaj\u0101 k\u0101rt\u012bb\u0101.<\/li>\n<\/ul>\n<p>[\/vc_column_text][\/vc_column][\/vc_row]<\/p>\n<\/div>","protected":false},"excerpt":{"rendered":"<p>[vc_row css_animation=&#8221;&#8221; row_type=&#8221;row&#8221; use_row_as_full_screen_section=&#8221;no&#8221; type=&#8221;grid&#8221; angled_section=&#8221;no&#8221; text_align=&#8221;left&#8221; background_image_as_pattern=&#8221;without_pattern&#8221; z_index=&#8221;&#8221; css=&#8221;.vc_custom_1574086303863{padding-top: 10px !important;padding-bottom: 90px !important;}&#8221;][vc_column][vc_column_text]Katrai precei, kas tiek p\u0101rdota waterpik.lt elektroniskaj\u0101 veikal\u0101, tiek pie\u0161\u0137irta garantija. Garantijas laiks ir nor\u0101d\u012bts preces aprakst\u0101. Ja garantijas laiks taj\u0101 nav atsevi\u0161\u0137i defin\u0113ts, tiek uzskat\u012bts, ka precei tiek pie\u0161\u0137irta garantija uz&#8230;<\/p>\n","protected":false},"author":10,"featured_media":0,"parent":0,"menu_order":0,"comment_status":"closed","ping_status":"closed","template":"","meta":{"inline_featured_image":false,"footnotes":""},"class_list":["post-8047","page","type-page","status-publish","hentry"],"yoast_head":"<!-- This site is optimized with the Yoast SEO plugin v24.6 - https:\/\/yoast.com\/wordpress\/plugins\/seo\/ -->\n<title>Garantija Un P\u0113cgarantijas Serviss | Waterpik<\/title>\n<meta name=\"robots\" content=\"index, follow, max-snippet:-1, max-image-preview:large, max-video-preview:-1\" \/>\n<link rel=\"canonical\" href=\"https:\/\/waterpik.lt\/lv\/garantija-un-pecgarantijas-serviss\/\" \/>\n<meta property=\"og:locale\" content=\"lv_LV\" \/>\n<meta property=\"og:type\" content=\"article\" \/>\n<meta property=\"og:title\" content=\"Garantija Un P\u0113cgarantijas Serviss | Waterpik\" \/>\n<meta property=\"og:description\" content=\"[vc_row css_animation=&#8221;&#8221; row_type=&#8221;row&#8221; use_row_as_full_screen_section=&#8221;no&#8221; type=&#8221;grid&#8221; angled_section=&#8221;no&#8221; text_align=&#8221;left&#8221; background_image_as_pattern=&#8221;without_pattern&#8221; z_index=&#8221;&#8221; css=&#8221;.vc_custom_1574086303863{padding-top: 10px !important;padding-bottom: 90px !important;}&#8221;][vc_column][vc_column_text]Katrai precei, kas tiek p\u0101rdota waterpik.lt elektroniskaj\u0101 veikal\u0101, tiek pie\u0161\u0137irta garantija. Garantijas laiks ir nor\u0101d\u012bts preces aprakst\u0101. Ja garantijas laiks taj\u0101 nav atsevi\u0161\u0137i defin\u0113ts, tiek uzskat\u012bts, ka precei tiek pie\u0161\u0137irta garantija uz...\" \/>\n<meta property=\"og:url\" content=\"https:\/\/waterpik.lt\/lv\/garantija-un-pecgarantijas-serviss\/\" \/>\n<meta property=\"og:site_name\" content=\"Waterpik\" \/>\n<meta property=\"article:modified_time\" content=\"2025-12-19T09:05:51+00:00\" \/>\n<meta property=\"og:image\" content=\"https:\/\/waterpik.lt\/wp-content\/uploads\/2020\/12\/WP670-webui-scaled.jpg\" \/>\n\t<meta property=\"og:image:width\" content=\"2560\" \/>\n\t<meta property=\"og:image:height\" content=\"2560\" \/>\n\t<meta property=\"og:image:type\" content=\"image\/jpeg\" \/>\n<meta name=\"twitter:card\" content=\"summary_large_image\" \/>\n<meta name=\"twitter:label1\" content=\"Est. reading time\" \/>\n\t<meta name=\"twitter:data1\" content=\"3 minutes\" \/>\n<script type=\"application\/ld+json\" class=\"yoast-schema-graph\">{\"@context\":\"https:\/\/schema.org\",\"@graph\":[{\"@type\":\"WebPage\",\"@id\":\"https:\/\/waterpik.lt\/lv\/garantija-un-pecgarantijas-serviss\/\",\"url\":\"https:\/\/waterpik.lt\/lv\/garantija-un-pecgarantijas-serviss\/\",\"name\":\"Garantija Un P\u0113cgarantijas Serviss | Waterpik\",\"isPartOf\":{\"@id\":\"https:\/\/waterpik.lt\/#website\"},\"datePublished\":\"2019-11-22T16:29:08+00:00\",\"dateModified\":\"2025-12-19T09:05:51+00:00\",\"breadcrumb\":{\"@id\":\"https:\/\/waterpik.lt\/lv\/garantija-un-pecgarantijas-serviss\/#breadcrumb\"},\"inLanguage\":\"lv-LV\",\"potentialAction\":[{\"@type\":\"ReadAction\",\"target\":[\"https:\/\/waterpik.lt\/lv\/garantija-un-pecgarantijas-serviss\/\"]}]},{\"@type\":\"BreadcrumbList\",\"@id\":\"https:\/\/waterpik.lt\/lv\/garantija-un-pecgarantijas-serviss\/#breadcrumb\",\"itemListElement\":[{\"@type\":\"ListItem\",\"position\":1,\"name\":\"Titulinis\",\"item\":\"https:\/\/waterpik.lt\/lv\/\"},{\"@type\":\"ListItem\",\"position\":2,\"name\":\"Garantija Un P\u0113cgarantijas Serviss\"}]},{\"@type\":\"WebSite\",\"@id\":\"https:\/\/waterpik.lt\/#website\",\"url\":\"https:\/\/waterpik.lt\/\",\"name\":\"Waterpik\",\"description\":\"Irigatoriai\",\"publisher\":{\"@id\":\"https:\/\/waterpik.lt\/#organization\"},\"potentialAction\":[{\"@type\":\"SearchAction\",\"target\":{\"@type\":\"EntryPoint\",\"urlTemplate\":\"https:\/\/waterpik.lt\/?s={search_term_string}\"},\"query-input\":{\"@type\":\"PropertyValueSpecification\",\"valueRequired\":true,\"valueName\":\"search_term_string\"}}],\"inLanguage\":\"lv-LV\"},{\"@type\":\"Organization\",\"@id\":\"https:\/\/waterpik.lt\/#organization\",\"name\":\"Waterpik\",\"url\":\"https:\/\/waterpik.lt\/\",\"logo\":{\"@type\":\"ImageObject\",\"inLanguage\":\"lv-LV\",\"@id\":\"https:\/\/waterpik.lt\/#\/schema\/logo\/image\/\",\"url\":\"https:\/\/waterpik.lt\/wp-content\/uploads\/2019\/05\/WP-160.jpg\",\"contentUrl\":\"https:\/\/waterpik.lt\/wp-content\/uploads\/2019\/05\/WP-160.jpg\",\"width\":2048,\"height\":2048,\"caption\":\"Waterpik\"},\"image\":{\"@id\":\"https:\/\/waterpik.lt\/#\/schema\/logo\/image\/\"}}]}<\/script>\n<!-- \/ Yoast SEO plugin. -->","yoast_head_json":{"title":"Garantija Un P\u0113cgarantijas Serviss | Waterpik","robots":{"index":"index","follow":"follow","max-snippet":"max-snippet:-1","max-image-preview":"max-image-preview:large","max-video-preview":"max-video-preview:-1"},"canonical":"https:\/\/waterpik.lt\/lv\/garantija-un-pecgarantijas-serviss\/","og_locale":"lv_LV","og_type":"article","og_title":"Garantija Un P\u0113cgarantijas Serviss | Waterpik","og_description":"[vc_row css_animation=&#8221;&#8221; row_type=&#8221;row&#8221; use_row_as_full_screen_section=&#8221;no&#8221; type=&#8221;grid&#8221; angled_section=&#8221;no&#8221; text_align=&#8221;left&#8221; background_image_as_pattern=&#8221;without_pattern&#8221; z_index=&#8221;&#8221; css=&#8221;.vc_custom_1574086303863{padding-top: 10px !important;padding-bottom: 90px !important;}&#8221;][vc_column][vc_column_text]Katrai precei, kas tiek p\u0101rdota waterpik.lt elektroniskaj\u0101 veikal\u0101, tiek pie\u0161\u0137irta garantija. Garantijas laiks ir nor\u0101d\u012bts preces aprakst\u0101. Ja garantijas laiks taj\u0101 nav atsevi\u0161\u0137i defin\u0113ts, tiek uzskat\u012bts, ka precei tiek pie\u0161\u0137irta garantija uz...","og_url":"https:\/\/waterpik.lt\/lv\/garantija-un-pecgarantijas-serviss\/","og_site_name":"Waterpik","article_modified_time":"2025-12-19T09:05:51+00:00","og_image":[{"width":2560,"height":2560,"url":"https:\/\/waterpik.lt\/wp-content\/uploads\/2020\/12\/WP670-webui-scaled.jpg","type":"image\/jpeg"}],"twitter_card":"summary_large_image","twitter_misc":{"Est. reading time":"3 minutes"},"schema":{"@context":"https:\/\/schema.org","@graph":[{"@type":"WebPage","@id":"https:\/\/waterpik.lt\/lv\/garantija-un-pecgarantijas-serviss\/","url":"https:\/\/waterpik.lt\/lv\/garantija-un-pecgarantijas-serviss\/","name":"Garantija Un P\u0113cgarantijas Serviss | Waterpik","isPartOf":{"@id":"https:\/\/waterpik.lt\/#website"},"datePublished":"2019-11-22T16:29:08+00:00","dateModified":"2025-12-19T09:05:51+00:00","breadcrumb":{"@id":"https:\/\/waterpik.lt\/lv\/garantija-un-pecgarantijas-serviss\/#breadcrumb"},"inLanguage":"lv-LV","potentialAction":[{"@type":"ReadAction","target":["https:\/\/waterpik.lt\/lv\/garantija-un-pecgarantijas-serviss\/"]}]},{"@type":"BreadcrumbList","@id":"https:\/\/waterpik.lt\/lv\/garantija-un-pecgarantijas-serviss\/#breadcrumb","itemListElement":[{"@type":"ListItem","position":1,"name":"Titulinis","item":"https:\/\/waterpik.lt\/lv\/"},{"@type":"ListItem","position":2,"name":"Garantija Un P\u0113cgarantijas Serviss"}]},{"@type":"WebSite","@id":"https:\/\/waterpik.lt\/#website","url":"https:\/\/waterpik.lt\/","name":"Waterpik","description":"Irigatoriai","publisher":{"@id":"https:\/\/waterpik.lt\/#organization"},"potentialAction":[{"@type":"SearchAction","target":{"@type":"EntryPoint","urlTemplate":"https:\/\/waterpik.lt\/?s={search_term_string}"},"query-input":{"@type":"PropertyValueSpecification","valueRequired":true,"valueName":"search_term_string"}}],"inLanguage":"lv-LV"},{"@type":"Organization","@id":"https:\/\/waterpik.lt\/#organization","name":"Waterpik","url":"https:\/\/waterpik.lt\/","logo":{"@type":"ImageObject","inLanguage":"lv-LV","@id":"https:\/\/waterpik.lt\/#\/schema\/logo\/image\/","url":"https:\/\/waterpik.lt\/wp-content\/uploads\/2019\/05\/WP-160.jpg","contentUrl":"https:\/\/waterpik.lt\/wp-content\/uploads\/2019\/05\/WP-160.jpg","width":2048,"height":2048,"caption":"Waterpik"},"image":{"@id":"https:\/\/waterpik.lt\/#\/schema\/logo\/image\/"}}]}},"_links":{"self":[{"href":"https:\/\/waterpik.lt\/lv\/wp-json\/wp\/v2\/pages\/8047","targetHints":{"allow":["GET"]}}],"collection":[{"href":"https:\/\/waterpik.lt\/lv\/wp-json\/wp\/v2\/pages"}],"about":[{"href":"https:\/\/waterpik.lt\/lv\/wp-json\/wp\/v2\/types\/page"}],"author":[{"embeddable":true,"href":"https:\/\/waterpik.lt\/lv\/wp-json\/wp\/v2\/users\/10"}],"replies":[{"embeddable":true,"href":"https:\/\/waterpik.lt\/lv\/wp-json\/wp\/v2\/comments?post=8047"}],"version-history":[{"count":6,"href":"https:\/\/waterpik.lt\/lv\/wp-json\/wp\/v2\/pages\/8047\/revisions"}],"predecessor-version":[{"id":183408,"href":"https:\/\/waterpik.lt\/lv\/wp-json\/wp\/v2\/pages\/8047\/revisions\/183408"}],"wp:attachment":[{"href":"https:\/\/waterpik.lt\/lv\/wp-json\/wp\/v2\/media?parent=8047"}],"curies":[{"name":"wp","href":"https:\/\/api.w.org\/{rel}","templated":true}]}}