{"id":7186,"date":"2019-10-27T14:34:45","date_gmt":"2019-10-24T11:47:25","guid":{"rendered":"https:\/\/waterpik.lt\/?post_type=product&#038;p=7186"},"modified":"2025-12-03T15:14:30","modified_gmt":"2025-12-03T13:14:30","slug":"suu-veeprits-complete-care-cc-01","status":"publish","type":"product","link":"https:\/\/waterpik.lt\/et\/toode\/suu-veeprits-complete-care-cc-01\/","title":{"rendered":"Suu irrigaator Waterpik Complete Care CC-01"},"content":{"rendered":"<div class=\"wpb-content-wrapper\"><p>[vc_row css_animation=&#8221;&#8221; row_type=&#8221;row&#8221; use_row_as_full_screen_section=&#8221;no&#8221; type=&#8221;full_width&#8221; angled_section=&#8221;no&#8221; text_align=&#8221;left&#8221; background_image_as_pattern=&#8221;without_pattern&#8221;][vc_column][vc_column_text]<\/p>\n<h3>Suu-irrigaatori eelised<\/h3>\n<ul>\n<li>Efektiivne hambakatu eemaldamine: puhastatavatelt kohtadelt eemaldatakse kuni 99,9% kattu.<\/li>\n<li>Tervemad igemed: kliiniliselt on t\u00f5estatud, et parandatakse igemete olukorda kuni 50% efektiivsemalt kui hambaniidiga.<\/li>\n<li>Sobib suurep\u00e4raselt ka implantaatide hoolduseks: kliiniliselt on t\u00f5estatud, et kasutades Plaque Seeker\u00ae otsikut, paraneb igemete seisund implantaatide juures kuni 2 korda kiiremini\u00a0kui hambaniidiga.<\/li>\n<li>Vajalik neile, kes kannavad breketeid: kliiniliselt on t\u00f5estatud, et kasutades ortodontilist otsikut, eemaldatakse breketite \u00fcmber olev hambakatt 3 korda efektiivsemalt kui hambaniidiga.<\/li>\n<\/ul>\n<h3>Triple Sonic eelised<\/h3>\n<ul>\n<li>Eemaldatakse plekid: kliiniliselt on t\u00f5estatud, et eemaldab 9 korda rohkem plekke \u00a0kui tavaline hambahari.<\/li>\n<li>T\u00e4iustatud kujuga hambaharjapea koos keelekaabitsaga<\/li>\n<li>T\u00e4iustatud laadimise m\u00e4rgutuli, mis n\u00e4itab selgelt laetuse taset.<\/li>\n<li>Kuni 62 000 harjaliigutust minutis<\/li>\n<li>3 helire\u017eiimi<\/li>\n<li>Puhastusre\u017eiim t\u00e4iuslikuks igap\u00e4evaseks puhastamiseks.<\/li>\n<li>Valgendamise re\u017eiim plekkide \u00f5rnaks eemaldamiseks hambapinnalt ja hammaste loomulikuks valgendamiseks<\/li>\n<li>Massaa\u017eire\u017eiim igemete vereringluse stimuleerimise parandamiseks<\/li>\n<\/ul>\n<h3>Suu-irrigaatori omadused<\/h3>\n<ul>\n<li>5 suu-irrigaatori otsikut 2JT, 1OD, 1 PS, 1PP<\/li>\n<li>Otsikute karp<\/li>\n<li>Veejoal\u00fcliti k\u00e4epidemel<\/li>\n<li>Sobib kasutamiseks lemmiksuuveega<\/li>\n<li>Moodne r\u00f5hu juhtimise s\u00fcsteem 10 seadega<\/li>\n<li>Veemahuti, millest j\u00e4tkub 90 sekundiks<\/li>\n<li>P\u00f6\u00f6ratav k\u00e4epide<\/li>\n<li>Magnetiga k\u00e4epideme hoidik<\/li>\n<\/ul>\n<h3>Hambaharja Triple Sonic omadused<\/h3>\n<ul>\n<li>2 Triple Sonic harjapead<\/li>\n<li>2 minuti taimer 30 sekundi intervallidega<\/li>\n<li>Kuni 62 000 harjaliigutust minutis<\/li>\n<li>3 helire\u017eiimi<\/li>\n<li>Tippkvaliteediga hambaharja reisivutlar<\/li>\n<li>T\u00e4iustatud laadimise m\u00e4rgutuli<\/li>\n<\/ul>\n<h3>Complete Care omadused<\/h3>\n<ul>\n<li>2-aastane garantii<\/li>\n<li>Vajab vaid \u00fchte pistikupesa<\/li>\n<li>Kompaktne<\/li>\n<\/ul>\n<p>[\/vc_column_text][\/vc_column][\/vc_row]<\/p>\n<\/div>","protected":false},"excerpt":{"rendered":"<p><span lang=\"et-EE\"><b>T\u00e4helepanu! Mudeli Waterpik CC-01 on ametlikult v\u00e4lja vahetanud mudel Waterpik CC-04<\/b><\/span><\/p>\n<p lang=\"et-EE\"><a href=\"https:\/\/waterpik.lt\/et\/toode\/suu-veeprits-complete-care-cc-04\/\"><span style=\"color: #ff0000;\"><u><b>Uue mudeli saate osta siit<\/b><\/u><\/span><\/a><\/p>\n<p>Complete Care on toode, mille abil saab tagada k\u00f5ik hammaste harjamise ja hambavahede puhastamise vajadused. Selles kompaktses mudelis, et s\u00e4\u00e4sta ruumi, on \u00fchte mugavasse seadmesse kokku \u00fchendatud helihambahari\u00a0ja suu-irrigaator.<br \/>\nHelihambaharjas on Teie mugavuseks kolm puhastusre\u017eiimi, suu-irrigaator aga puhastab ka k\u00f5ige s\u00fcgavamad hambavahed ja kohad all pool igemete piiri, eemaldades hambakatu ja toiduj\u00e4\u00e4gid, mis on sinna j\u00e4\u00e4nud p\u00e4rast tavalist hambapesu. Selle mudeli komplekti kuulub 5 hambavahede puhastamise otsikut ja 2 harjapead, lisaks kehtib talle ka 2-aastane garantii.<br \/>\nWaterpik\u00ae \u2013 enim soovitatud irrigaatorite kaubam\u00e4rk. Kliiniliselt on t\u00f5estatud, et saavutatakse kuni 50% efektiivsem igemete hooldus kui vaid hambaniidiga, kuna eemaldatakse puhastatavatelt kohtadelt kuni 99,9% hambakattu.<\/p>\n<p>&nbsp;<\/p>\n<p><iframe loading=\"lazy\" src=\"https:\/\/www.youtube.com\/embed\/XLXx_nKrAeE\" width=\"100%\" height=\"315\" frameborder=\"0\" allowfullscreen=\"allowfullscreen\"><\/iframe><\/p>\n<p>&nbsp;<\/p>\n<p><a href=\"\/wp-content\/uploads\/2018\/12\/Waterpik-WP-861-LT.pdf\" target=\"_blank\" rel=\"noopener\"><img loading=\"lazy\" decoding=\"async\" class=\"alignnone wp-image-433\" src=\"https:\/\/waterpik.lt\/wp-content\/uploads\/2018\/11\/download.png\" alt=\"\" width=\"128\" height=\"41\" \/><\/a><\/p>\n<p>&nbsp;<\/p>\n<div class=\"qbutton default\">[spu popup=\"637\"]TOLLI[\/spu]<\/div>\n","protected":false},"featured_media":70581,"template":"","meta":{"inline_featured_image":false},"product_brand":[],"product_cat":[46],"product_tag":[],"class_list":{"0":"post-7186","1":"product","2":"type-product","3":"status-publish","4":"has-post-thumbnail","6":"product_cat-suu-irrigaatorid","8":"first","9":"outofstock","10":"taxable","11":"shipping-taxable","12":"purchasable","13":"product-type-simple"},"yoast_head":"<!-- This site is optimized with the Yoast SEO plugin v24.6 - https:\/\/yoast.com\/wordpress\/plugins\/seo\/ -->\n<title>Suu irrigaator Waterpik Complete Care CC-01 | Waterpik<\/title>\n<meta name=\"description\" content=\"Ettev\u00f5te tegeleb hambatehnikute ja stomatoloogiatarvikute m\u00fc\u00fcgiga. Kaksk\u00fcmmend aastat oleme Baltikumi Waterpiku tootja m\u00fc\u00fcgiesindaja.\" \/>\n<meta name=\"robots\" content=\"index, follow, max-snippet:-1, max-image-preview:large, max-video-preview:-1\" \/>\n<link rel=\"canonical\" href=\"https:\/\/waterpik.lt\/et\/toode\/suu-veeprits-complete-care-cc-01\/\" \/>\n<meta property=\"og:locale\" content=\"et_EE\" \/>\n<meta property=\"og:type\" content=\"article\" \/>\n<meta property=\"og:title\" content=\"Suu irrigaator Waterpik Complete Care CC-01 | Waterpik\" \/>\n<meta property=\"og:description\" content=\"Ettev\u00f5te tegeleb hambatehnikute ja stomatoloogiatarvikute m\u00fc\u00fcgiga. Kaksk\u00fcmmend aastat oleme Baltikumi Waterpiku tootja m\u00fc\u00fcgiesindaja.\" \/>\n<meta property=\"og:url\" content=\"https:\/\/waterpik.lt\/et\/toode\/suu-veeprits-complete-care-cc-01\/\" \/>\n<meta property=\"og:site_name\" content=\"Waterpik\" \/>\n<meta property=\"article:modified_time\" content=\"2025-12-03T13:14:30+00:00\" \/>\n<meta property=\"og:image\" content=\"https:\/\/waterpik.lt\/wp-content\/uploads\/2019\/10\/cc-ee.png\" \/>\n\t<meta property=\"og:image:width\" content=\"600\" \/>\n\t<meta property=\"og:image:height\" content=\"600\" \/>\n\t<meta property=\"og:image:type\" content=\"image\/png\" \/>\n<meta name=\"twitter:card\" content=\"summary_large_image\" \/>\n<meta name=\"twitter:label1\" content=\"Est. reading time\" \/>\n\t<meta name=\"twitter:data1\" content=\"2 minutit\" \/>\n<script type=\"application\/ld+json\" class=\"yoast-schema-graph\">{\"@context\":\"https:\/\/schema.org\",\"@graph\":[{\"@type\":\"WebPage\",\"@id\":\"https:\/\/waterpik.lt\/et\/toode\/suu-veeprits-complete-care-cc-01\/\",\"url\":\"https:\/\/waterpik.lt\/et\/toode\/suu-veeprits-complete-care-cc-01\/\",\"name\":\"Suu irrigaator Waterpik Complete Care CC-01 | Waterpik\",\"isPartOf\":{\"@id\":\"https:\/\/waterpik.lt\/#website\"},\"primaryImageOfPage\":{\"@id\":\"https:\/\/waterpik.lt\/et\/toode\/suu-veeprits-complete-care-cc-01\/#primaryimage\"},\"image\":{\"@id\":\"https:\/\/waterpik.lt\/et\/toode\/suu-veeprits-complete-care-cc-01\/#primaryimage\"},\"thumbnailUrl\":\"https:\/\/waterpik.lt\/wp-content\/uploads\/2019\/10\/cc-ee.png\",\"datePublished\":\"2019-10-24T11:47:25+00:00\",\"dateModified\":\"2025-12-03T13:14:30+00:00\",\"description\":\"Ettev\u00f5te tegeleb hambatehnikute ja stomatoloogiatarvikute m\u00fc\u00fcgiga. Kaksk\u00fcmmend aastat oleme Baltikumi Waterpiku tootja m\u00fc\u00fcgiesindaja.\",\"breadcrumb\":{\"@id\":\"https:\/\/waterpik.lt\/et\/toode\/suu-veeprits-complete-care-cc-01\/#breadcrumb\"},\"inLanguage\":\"et\",\"potentialAction\":[{\"@type\":\"ReadAction\",\"target\":[\"https:\/\/waterpik.lt\/et\/toode\/suu-veeprits-complete-care-cc-01\/\"]}]},{\"@type\":\"ImageObject\",\"inLanguage\":\"et\",\"@id\":\"https:\/\/waterpik.lt\/et\/toode\/suu-veeprits-complete-care-cc-01\/#primaryimage\",\"url\":\"https:\/\/waterpik.lt\/wp-content\/uploads\/2019\/10\/cc-ee.png\",\"contentUrl\":\"https:\/\/waterpik.lt\/wp-content\/uploads\/2019\/10\/cc-ee.png\",\"width\":600,\"height\":600},{\"@type\":\"BreadcrumbList\",\"@id\":\"https:\/\/waterpik.lt\/et\/toode\/suu-veeprits-complete-care-cc-01\/#breadcrumb\",\"itemListElement\":[{\"@type\":\"ListItem\",\"position\":1,\"name\":\"Titulinis\",\"item\":\"https:\/\/waterpik.lt\/et\/\"},{\"@type\":\"ListItem\",\"position\":2,\"name\":\"Tooted\",\"item\":\"https:\/\/waterpik.lt\/et\/tooted\/\"},{\"@type\":\"ListItem\",\"position\":3,\"name\":\"Suu irrigaator Waterpik Complete Care CC-01\"}]},{\"@type\":\"WebSite\",\"@id\":\"https:\/\/waterpik.lt\/#website\",\"url\":\"https:\/\/waterpik.lt\/\",\"name\":\"Waterpik\",\"description\":\"Irigatoriai\",\"publisher\":{\"@id\":\"https:\/\/waterpik.lt\/#organization\"},\"potentialAction\":[{\"@type\":\"SearchAction\",\"target\":{\"@type\":\"EntryPoint\",\"urlTemplate\":\"https:\/\/waterpik.lt\/?s={search_term_string}\"},\"query-input\":{\"@type\":\"PropertyValueSpecification\",\"valueRequired\":true,\"valueName\":\"search_term_string\"}}],\"inLanguage\":\"et\"},{\"@type\":\"Organization\",\"@id\":\"https:\/\/waterpik.lt\/#organization\",\"name\":\"Waterpik\",\"url\":\"https:\/\/waterpik.lt\/\",\"logo\":{\"@type\":\"ImageObject\",\"inLanguage\":\"et\",\"@id\":\"https:\/\/waterpik.lt\/#\/schema\/logo\/image\/\",\"url\":\"https:\/\/waterpik.lt\/wp-content\/uploads\/2019\/05\/WP-160.jpg\",\"contentUrl\":\"https:\/\/waterpik.lt\/wp-content\/uploads\/2019\/05\/WP-160.jpg\",\"width\":2048,\"height\":2048,\"caption\":\"Waterpik\"},\"image\":{\"@id\":\"https:\/\/waterpik.lt\/#\/schema\/logo\/image\/\"}}]}<\/script>\n<!-- \/ Yoast SEO plugin. -->","yoast_head_json":{"title":"Suu irrigaator Waterpik Complete Care CC-01 | Waterpik","description":"Ettev\u00f5te tegeleb hambatehnikute ja stomatoloogiatarvikute m\u00fc\u00fcgiga. Kaksk\u00fcmmend aastat oleme Baltikumi Waterpiku tootja m\u00fc\u00fcgiesindaja.","robots":{"index":"index","follow":"follow","max-snippet":"max-snippet:-1","max-image-preview":"max-image-preview:large","max-video-preview":"max-video-preview:-1"},"canonical":"https:\/\/waterpik.lt\/et\/toode\/suu-veeprits-complete-care-cc-01\/","og_locale":"et_EE","og_type":"article","og_title":"Suu irrigaator Waterpik Complete Care CC-01 | Waterpik","og_description":"Ettev\u00f5te tegeleb hambatehnikute ja stomatoloogiatarvikute m\u00fc\u00fcgiga. Kaksk\u00fcmmend aastat oleme Baltikumi Waterpiku tootja m\u00fc\u00fcgiesindaja.","og_url":"https:\/\/waterpik.lt\/et\/toode\/suu-veeprits-complete-care-cc-01\/","og_site_name":"Waterpik","article_modified_time":"2025-12-03T13:14:30+00:00","og_image":[{"width":600,"height":600,"url":"https:\/\/waterpik.lt\/wp-content\/uploads\/2019\/10\/cc-ee.png","type":"image\/png"}],"twitter_card":"summary_large_image","twitter_misc":{"Est. reading time":"2 minutit"},"schema":{"@context":"https:\/\/schema.org","@graph":[{"@type":"WebPage","@id":"https:\/\/waterpik.lt\/et\/toode\/suu-veeprits-complete-care-cc-01\/","url":"https:\/\/waterpik.lt\/et\/toode\/suu-veeprits-complete-care-cc-01\/","name":"Suu irrigaator Waterpik Complete Care CC-01 | Waterpik","isPartOf":{"@id":"https:\/\/waterpik.lt\/#website"},"primaryImageOfPage":{"@id":"https:\/\/waterpik.lt\/et\/toode\/suu-veeprits-complete-care-cc-01\/#primaryimage"},"image":{"@id":"https:\/\/waterpik.lt\/et\/toode\/suu-veeprits-complete-care-cc-01\/#primaryimage"},"thumbnailUrl":"https:\/\/waterpik.lt\/wp-content\/uploads\/2019\/10\/cc-ee.png","datePublished":"2019-10-24T11:47:25+00:00","dateModified":"2025-12-03T13:14:30+00:00","description":"Ettev\u00f5te tegeleb hambatehnikute ja stomatoloogiatarvikute m\u00fc\u00fcgiga. Kaksk\u00fcmmend aastat oleme Baltikumi Waterpiku tootja m\u00fc\u00fcgiesindaja.","breadcrumb":{"@id":"https:\/\/waterpik.lt\/et\/toode\/suu-veeprits-complete-care-cc-01\/#breadcrumb"},"inLanguage":"et","potentialAction":[{"@type":"ReadAction","target":["https:\/\/waterpik.lt\/et\/toode\/suu-veeprits-complete-care-cc-01\/"]}]},{"@type":"ImageObject","inLanguage":"et","@id":"https:\/\/waterpik.lt\/et\/toode\/suu-veeprits-complete-care-cc-01\/#primaryimage","url":"https:\/\/waterpik.lt\/wp-content\/uploads\/2019\/10\/cc-ee.png","contentUrl":"https:\/\/waterpik.lt\/wp-content\/uploads\/2019\/10\/cc-ee.png","width":600,"height":600},{"@type":"BreadcrumbList","@id":"https:\/\/waterpik.lt\/et\/toode\/suu-veeprits-complete-care-cc-01\/#breadcrumb","itemListElement":[{"@type":"ListItem","position":1,"name":"Titulinis","item":"https:\/\/waterpik.lt\/et\/"},{"@type":"ListItem","position":2,"name":"Tooted","item":"https:\/\/waterpik.lt\/et\/tooted\/"},{"@type":"ListItem","position":3,"name":"Suu irrigaator Waterpik Complete Care CC-01"}]},{"@type":"WebSite","@id":"https:\/\/waterpik.lt\/#website","url":"https:\/\/waterpik.lt\/","name":"Waterpik","description":"Irigatoriai","publisher":{"@id":"https:\/\/waterpik.lt\/#organization"},"potentialAction":[{"@type":"SearchAction","target":{"@type":"EntryPoint","urlTemplate":"https:\/\/waterpik.lt\/?s={search_term_string}"},"query-input":{"@type":"PropertyValueSpecification","valueRequired":true,"valueName":"search_term_string"}}],"inLanguage":"et"},{"@type":"Organization","@id":"https:\/\/waterpik.lt\/#organization","name":"Waterpik","url":"https:\/\/waterpik.lt\/","logo":{"@type":"ImageObject","inLanguage":"et","@id":"https:\/\/waterpik.lt\/#\/schema\/logo\/image\/","url":"https:\/\/waterpik.lt\/wp-content\/uploads\/2019\/05\/WP-160.jpg","contentUrl":"https:\/\/waterpik.lt\/wp-content\/uploads\/2019\/05\/WP-160.jpg","width":2048,"height":2048,"caption":"Waterpik"},"image":{"@id":"https:\/\/waterpik.lt\/#\/schema\/logo\/image\/"}}]}},"_links":{"self":[{"href":"https:\/\/waterpik.lt\/et\/wp-json\/wp\/v2\/product\/7186","targetHints":{"allow":["GET"]}}],"collection":[{"href":"https:\/\/waterpik.lt\/et\/wp-json\/wp\/v2\/product"}],"about":[{"href":"https:\/\/waterpik.lt\/et\/wp-json\/wp\/v2\/types\/product"}],"wp:featuredmedia":[{"embeddable":true,"href":"https:\/\/waterpik.lt\/et\/wp-json\/wp\/v2\/media\/70581"}],"wp:attachment":[{"href":"https:\/\/waterpik.lt\/et\/wp-json\/wp\/v2\/media?parent=7186"}],"wp:term":[{"taxonomy":"product_brand","embeddable":true,"href":"https:\/\/waterpik.lt\/et\/wp-json\/wp\/v2\/product_brand?post=7186"},{"taxonomy":"product_cat","embeddable":true,"href":"https:\/\/waterpik.lt\/et\/wp-json\/wp\/v2\/product_cat?post=7186"},{"taxonomy":"product_tag","embeddable":true,"href":"https:\/\/waterpik.lt\/et\/wp-json\/wp\/v2\/product_tag?post=7186"}],"curies":[{"name":"wp","href":"https:\/\/api.w.org\/{rel}","templated":true}]}}