{"id":70422,"date":"2023-05-17T09:29:00","date_gmt":"2023-05-17T06:29:01","guid":{"rendered":"https:\/\/waterpik.lt\/?post_type=product&#038;p=70422"},"modified":"2025-12-03T15:09:00","modified_gmt":"2025-12-03T13:09:00","slug":"juhtmevaba-suu-irrigaator-waterpik-wf-11ion","status":"publish","type":"product","link":"https:\/\/waterpik.lt\/et\/toode\/juhtmevaba-suu-irrigaator-waterpik-wf-11ion\/","title":{"rendered":"Juhtmevaba suu irrigaator Waterpik WF-11 ION"},"content":{"rendered":"<div class=\"wpb-content-wrapper\"><p>[vc_row css_animation=&#8221;&#8221; row_type=&#8221;row&#8221; use_row_as_full_screen_section=&#8221;no&#8221; type=&#8221;full_width&#8221; angled_section=&#8221;no&#8221; text_align=&#8221;left&#8221; background_image_as_pattern=&#8221;without_pattern&#8221;][vc_column][vc_column_text]<\/p>\n<h3>Toote eelised<\/h3>\n<ul>\n<li>T\u00f5hus hambakatu eemaldamine: eemaldab puhastuspiirkonnas kuni <a href=\"https:\/\/www.waterpik.com\/oral-health\/pro\/clinical-research\/water-flosser-removes-plaque-gorur-2009\/\" target=\"_top\" rel=\"noopener\">99,9%<\/a>\u00a0hambakatust<\/li>\n<li>Tervemad igemed: kliiniliselt t\u00f5estatud kuni\u00a0<a href=\"https:\/\/www.waterpik.com\/oral-health\/pro\/clinical-research\/dental-floss-vs-water-flosser-reducing-gingivitis-plaque-barnes-2005\/\" target=\"_top\" rel=\"noopener\">50%\u00a0suurem t\u00f5husus\u00a0<\/a>igemetervise parandamisel v\u00f5rreldes hambaniidiga<\/li>\n<li>Ideaalne implantaatide korral: Plaque Seeker\u2122-i otsakut kasutades on kliiniliselt t\u00f5estatud kuni\u00a0<a href=\"https:\/\/www.waterpik.com\/oral-health\/pro\/clinical-research\/Tufts-Waterpik-String-Floss-Implant-Study-Abstract-2014\/\" target=\"_top\" rel=\"noopener\">kaks korda suurem t\u00f5husus<\/a>\u00a0implantaate \u00fcmbritsevate igemete tervise parandamisel, kui hambaniidil.<\/li>\n<li>Asendamatu breketite olemasolul: ortodontilist otsakut kasutades on kliiniliselt t\u00f5estatud kuni\u00a0<a href=\"https:\/\/www.waterpik.com\/oral-health\/pro\/clinical-research\/water-flosser-reduce-plaque-bleeding-adolescents-braces-sharma-2008\/\" target=\"_top\" rel=\"noopener\">kolm korda suurem t\u00f5husus<\/a>\u00a0hambakatu eemaldamisel breketite \u00fcmbert, kui hambaniidil<\/li>\n<li>Eemaldab hambakatu ja j\u00e4\u00e4gid s\u00fcgavalt hambavahedest ning allpool igemejoont, kuhu hambahari ja -niit ei ulatu. Aitab ennetada halva hinge\u00f5hu,\u00a0<a href=\"https:\/\/www.waterpik.com\/oral-health\/edu\/gum-disease\/\" target=\"_top\" rel=\"noopener\">igemehaiguste<\/a> ja hambaaukude teket<\/li>\n<li>J\u00e4tab suhu imeliselt v\u00e4rske ja puhta tunde<\/li>\n<li>Ideaalne\u00a0<a href=\"https:\/\/www.waterpik.com\/oral-health\/edu\/dental-work\/implants\/\" target=\"_top\" rel=\"noopener\">implantaatide olemasolu korral<\/a> ja neile, kellel on\u00a0<a href=\"https:\/\/www.waterpik.com\/oral-health\/edu\/dental-work\/crowns-bridges-veneers\/\" target=\"_top\" rel=\"noopener\">hambakroonid, -sillad v\u00f5i laminaadid<\/a><\/li>\n<\/ul>\n<h3>Waterpik WF-11 ION omadused<\/h3>\n<ul>\n<li>Kaasas 6 hambavahede puhastaja otsakut<\/li>\n<li>Kasutamise ajal ei ole tarvis juhet ega pistikupesa \u2013 juhe ei j\u00e4\u00e4 ette<\/li>\n<li>USB-adapteriga tipptasemel liitiumioonaku tagab laetuna kuni neljan\u00e4dalase kasutusaja<\/li>\n<li>30% v\u00e4iksem kui tavap\u00e4rased juhtmega hambavahede puhastajad<\/li>\n<li>Ideaalne v\u00e4ikeses vannitoas. Kui ei leia kasutust, siis lihtne hoiustada.<\/li>\n<li>Mugav k\u00e4epideme p\u00f6\u00f6rdalus, et puhastaja ulatuks suu igasse piirkonda<\/li>\n<li>\u00dcheminutilise taimeriga; seade teeb 30 sekundi j\u00e4rel l\u00fchikese pausi, tuletades meelde, et puhastada tuleb k\u00f5ikjalt<\/li>\n<li>10 surveastet \u00f5rnast kuni maksimaalse tugevusega puhastuseni<\/li>\n<li>Vett j\u00e4tkub 90 sekundiks, ei pea uuesti t\u00e4itma<\/li>\n<li>Magnetiline k\u00e4epidemehoidik<\/li>\n<li>Kaheaastase garantiiga<\/li>\n<\/ul>\n<p>[\/vc_column_text][\/vc_column][\/vc_row]<\/p>\n<\/div>","protected":false},"excerpt":{"rendered":"<p>Juhtmevaba hambavahede puhastaja ION tagab parima tulemuse ja juhtmeta mugavuse. Laetav ja juhtmeta ION on mugav ja \u00fclimalt kompaktne. Seda t\u00e4nu sellele, et on tavalistest pistikuga mudelitest 30% v\u00e4iksem.<\/p>\n<p>&nbsp;<\/p>\n<p>ION-il on t\u00e4ism\u00f5\u00f5dus seadme puhastusv\u00f5ime ja surve ning selle laetav liitiumioonaku kestab p\u00e4rast laadimist kuni neli n\u00e4dalat. \u00dchtlasi on selle k\u00e4epidemel veejoa sisse-v\u00e4ljal\u00fclitamise nupp, lisaks on kaasas mugav magnetiline k\u00e4epidemehoidik ja USB-\u00fchendusega laadija.<\/p>\n<p>&nbsp;<\/p>\n<p>ION eemaldab puhastuspiirkonnast kuni 99,9% hambakatust ja on igemete tervise parandamisel hambaniidist kuni 50% t\u00f5husam. Sellel mudelil on 6 otsikut, 10 surveastet, 90 sekundit t\u00f6\u00f6aega (ei pea uuesti t\u00e4itma) ja p\u00f6\u00f6rdalusega k\u00e4epide.<\/p>\n<p>&nbsp;<\/p>\n<p>Waterpik\u00ae-i hambavahede puhastajad on enim soovitatud kaubam\u00e4rk, millel on kliiniliselt t\u00f5estatud toime ja mis on saanud Ameerika Hambaarstide Liidu (American Dental Association, ADA) heakskiidu.<\/p>\n<p>&nbsp;<\/p>\n<div class=\"qbutton default\">[spu popup=\"637\"]TELLI[\/spu]<\/div>\n","protected":false},"featured_media":70552,"template":"","meta":{"inline_featured_image":false},"product_brand":[],"product_cat":[47],"product_tag":[],"class_list":{"0":"post-70422","1":"product","2":"type-product","3":"status-publish","4":"has-post-thumbnail","6":"product_cat-juhtmevabad-suu-irrigaatorid","8":"first","9":"instock","10":"sale","11":"taxable","12":"shipping-taxable","13":"purchasable","14":"product-type-simple"},"yoast_head":"<!-- This site is optimized with the Yoast SEO plugin v24.6 - https:\/\/yoast.com\/wordpress\/plugins\/seo\/ -->\n<title>Juhtmevaba suu irrigaator Waterpik WF-11 ION | Waterpik<\/title>\n<meta name=\"description\" content=\"Ettev\u00f5te tegeleb hambatehnikute ja stomatoloogiatarvikute m\u00fc\u00fcgiga. Kaksk\u00fcmmend aastat oleme Baltikumi Waterpiku tootja m\u00fc\u00fcgiesindaja.\" \/>\n<meta name=\"robots\" content=\"index, follow, max-snippet:-1, max-image-preview:large, max-video-preview:-1\" \/>\n<link rel=\"canonical\" href=\"https:\/\/waterpik.lt\/et\/toode\/juhtmevaba-suu-irrigaator-waterpik-wf-11ion\/\" \/>\n<meta property=\"og:locale\" content=\"et_EE\" \/>\n<meta property=\"og:type\" content=\"article\" \/>\n<meta property=\"og:title\" content=\"Juhtmevaba suu irrigaator Waterpik WF-11 ION | Waterpik\" \/>\n<meta property=\"og:description\" content=\"Ettev\u00f5te tegeleb hambatehnikute ja stomatoloogiatarvikute m\u00fc\u00fcgiga. Kaksk\u00fcmmend aastat oleme Baltikumi Waterpiku tootja m\u00fc\u00fcgiesindaja.\" \/>\n<meta property=\"og:url\" content=\"https:\/\/waterpik.lt\/et\/toode\/juhtmevaba-suu-irrigaator-waterpik-wf-11ion\/\" \/>\n<meta property=\"og:site_name\" content=\"Waterpik\" \/>\n<meta property=\"article:modified_time\" content=\"2025-12-03T13:09:00+00:00\" \/>\n<meta property=\"og:image\" content=\"https:\/\/waterpik.lt\/wp-content\/uploads\/2023\/05\/WF-11-ee.png\" \/>\n\t<meta property=\"og:image:width\" content=\"600\" \/>\n\t<meta property=\"og:image:height\" content=\"600\" \/>\n\t<meta property=\"og:image:type\" content=\"image\/png\" \/>\n<meta name=\"twitter:card\" content=\"summary_large_image\" \/>\n<meta name=\"twitter:label1\" content=\"Est. reading time\" \/>\n\t<meta name=\"twitter:data1\" content=\"2 minutit\" \/>\n<script type=\"application\/ld+json\" class=\"yoast-schema-graph\">{\"@context\":\"https:\/\/schema.org\",\"@graph\":[{\"@type\":\"WebPage\",\"@id\":\"https:\/\/waterpik.lt\/et\/toode\/juhtmevaba-suu-irrigaator-waterpik-wf-11ion\/\",\"url\":\"https:\/\/waterpik.lt\/et\/toode\/juhtmevaba-suu-irrigaator-waterpik-wf-11ion\/\",\"name\":\"Juhtmevaba suu irrigaator Waterpik WF-11 ION | Waterpik\",\"isPartOf\":{\"@id\":\"https:\/\/waterpik.lt\/#website\"},\"primaryImageOfPage\":{\"@id\":\"https:\/\/waterpik.lt\/et\/toode\/juhtmevaba-suu-irrigaator-waterpik-wf-11ion\/#primaryimage\"},\"image\":{\"@id\":\"https:\/\/waterpik.lt\/et\/toode\/juhtmevaba-suu-irrigaator-waterpik-wf-11ion\/#primaryimage\"},\"thumbnailUrl\":\"https:\/\/waterpik.lt\/wp-content\/uploads\/2023\/05\/WF-11-ee.png\",\"datePublished\":\"2023-05-17T06:29:01+00:00\",\"dateModified\":\"2025-12-03T13:09:00+00:00\",\"description\":\"Ettev\u00f5te tegeleb hambatehnikute ja stomatoloogiatarvikute m\u00fc\u00fcgiga. Kaksk\u00fcmmend aastat oleme Baltikumi Waterpiku tootja m\u00fc\u00fcgiesindaja.\",\"breadcrumb\":{\"@id\":\"https:\/\/waterpik.lt\/et\/toode\/juhtmevaba-suu-irrigaator-waterpik-wf-11ion\/#breadcrumb\"},\"inLanguage\":\"et\",\"potentialAction\":[{\"@type\":\"ReadAction\",\"target\":[\"https:\/\/waterpik.lt\/et\/toode\/juhtmevaba-suu-irrigaator-waterpik-wf-11ion\/\"]}]},{\"@type\":\"ImageObject\",\"inLanguage\":\"et\",\"@id\":\"https:\/\/waterpik.lt\/et\/toode\/juhtmevaba-suu-irrigaator-waterpik-wf-11ion\/#primaryimage\",\"url\":\"https:\/\/waterpik.lt\/wp-content\/uploads\/2023\/05\/WF-11-ee.png\",\"contentUrl\":\"https:\/\/waterpik.lt\/wp-content\/uploads\/2023\/05\/WF-11-ee.png\",\"width\":600,\"height\":600},{\"@type\":\"BreadcrumbList\",\"@id\":\"https:\/\/waterpik.lt\/et\/toode\/juhtmevaba-suu-irrigaator-waterpik-wf-11ion\/#breadcrumb\",\"itemListElement\":[{\"@type\":\"ListItem\",\"position\":1,\"name\":\"Titulinis\",\"item\":\"https:\/\/waterpik.lt\/et\/\"},{\"@type\":\"ListItem\",\"position\":2,\"name\":\"Tooted\",\"item\":\"https:\/\/waterpik.lt\/et\/tooted\/\"},{\"@type\":\"ListItem\",\"position\":3,\"name\":\"Juhtmevaba suu irrigaator Waterpik WF-11 ION\"}]},{\"@type\":\"WebSite\",\"@id\":\"https:\/\/waterpik.lt\/#website\",\"url\":\"https:\/\/waterpik.lt\/\",\"name\":\"Waterpik\",\"description\":\"Irigatoriai\",\"publisher\":{\"@id\":\"https:\/\/waterpik.lt\/#organization\"},\"potentialAction\":[{\"@type\":\"SearchAction\",\"target\":{\"@type\":\"EntryPoint\",\"urlTemplate\":\"https:\/\/waterpik.lt\/?s={search_term_string}\"},\"query-input\":{\"@type\":\"PropertyValueSpecification\",\"valueRequired\":true,\"valueName\":\"search_term_string\"}}],\"inLanguage\":\"et\"},{\"@type\":\"Organization\",\"@id\":\"https:\/\/waterpik.lt\/#organization\",\"name\":\"Waterpik\",\"url\":\"https:\/\/waterpik.lt\/\",\"logo\":{\"@type\":\"ImageObject\",\"inLanguage\":\"et\",\"@id\":\"https:\/\/waterpik.lt\/#\/schema\/logo\/image\/\",\"url\":\"https:\/\/waterpik.lt\/wp-content\/uploads\/2019\/05\/WP-160.jpg\",\"contentUrl\":\"https:\/\/waterpik.lt\/wp-content\/uploads\/2019\/05\/WP-160.jpg\",\"width\":2048,\"height\":2048,\"caption\":\"Waterpik\"},\"image\":{\"@id\":\"https:\/\/waterpik.lt\/#\/schema\/logo\/image\/\"}}]}<\/script>\n<!-- \/ Yoast SEO plugin. -->","yoast_head_json":{"title":"Juhtmevaba suu irrigaator Waterpik WF-11 ION | Waterpik","description":"Ettev\u00f5te tegeleb hambatehnikute ja stomatoloogiatarvikute m\u00fc\u00fcgiga. Kaksk\u00fcmmend aastat oleme Baltikumi Waterpiku tootja m\u00fc\u00fcgiesindaja.","robots":{"index":"index","follow":"follow","max-snippet":"max-snippet:-1","max-image-preview":"max-image-preview:large","max-video-preview":"max-video-preview:-1"},"canonical":"https:\/\/waterpik.lt\/et\/toode\/juhtmevaba-suu-irrigaator-waterpik-wf-11ion\/","og_locale":"et_EE","og_type":"article","og_title":"Juhtmevaba suu irrigaator Waterpik WF-11 ION | Waterpik","og_description":"Ettev\u00f5te tegeleb hambatehnikute ja stomatoloogiatarvikute m\u00fc\u00fcgiga. Kaksk\u00fcmmend aastat oleme Baltikumi Waterpiku tootja m\u00fc\u00fcgiesindaja.","og_url":"https:\/\/waterpik.lt\/et\/toode\/juhtmevaba-suu-irrigaator-waterpik-wf-11ion\/","og_site_name":"Waterpik","article_modified_time":"2025-12-03T13:09:00+00:00","og_image":[{"width":600,"height":600,"url":"https:\/\/waterpik.lt\/wp-content\/uploads\/2023\/05\/WF-11-ee.png","type":"image\/png"}],"twitter_card":"summary_large_image","twitter_misc":{"Est. reading time":"2 minutit"},"schema":{"@context":"https:\/\/schema.org","@graph":[{"@type":"WebPage","@id":"https:\/\/waterpik.lt\/et\/toode\/juhtmevaba-suu-irrigaator-waterpik-wf-11ion\/","url":"https:\/\/waterpik.lt\/et\/toode\/juhtmevaba-suu-irrigaator-waterpik-wf-11ion\/","name":"Juhtmevaba suu irrigaator Waterpik WF-11 ION | Waterpik","isPartOf":{"@id":"https:\/\/waterpik.lt\/#website"},"primaryImageOfPage":{"@id":"https:\/\/waterpik.lt\/et\/toode\/juhtmevaba-suu-irrigaator-waterpik-wf-11ion\/#primaryimage"},"image":{"@id":"https:\/\/waterpik.lt\/et\/toode\/juhtmevaba-suu-irrigaator-waterpik-wf-11ion\/#primaryimage"},"thumbnailUrl":"https:\/\/waterpik.lt\/wp-content\/uploads\/2023\/05\/WF-11-ee.png","datePublished":"2023-05-17T06:29:01+00:00","dateModified":"2025-12-03T13:09:00+00:00","description":"Ettev\u00f5te tegeleb hambatehnikute ja stomatoloogiatarvikute m\u00fc\u00fcgiga. Kaksk\u00fcmmend aastat oleme Baltikumi Waterpiku tootja m\u00fc\u00fcgiesindaja.","breadcrumb":{"@id":"https:\/\/waterpik.lt\/et\/toode\/juhtmevaba-suu-irrigaator-waterpik-wf-11ion\/#breadcrumb"},"inLanguage":"et","potentialAction":[{"@type":"ReadAction","target":["https:\/\/waterpik.lt\/et\/toode\/juhtmevaba-suu-irrigaator-waterpik-wf-11ion\/"]}]},{"@type":"ImageObject","inLanguage":"et","@id":"https:\/\/waterpik.lt\/et\/toode\/juhtmevaba-suu-irrigaator-waterpik-wf-11ion\/#primaryimage","url":"https:\/\/waterpik.lt\/wp-content\/uploads\/2023\/05\/WF-11-ee.png","contentUrl":"https:\/\/waterpik.lt\/wp-content\/uploads\/2023\/05\/WF-11-ee.png","width":600,"height":600},{"@type":"BreadcrumbList","@id":"https:\/\/waterpik.lt\/et\/toode\/juhtmevaba-suu-irrigaator-waterpik-wf-11ion\/#breadcrumb","itemListElement":[{"@type":"ListItem","position":1,"name":"Titulinis","item":"https:\/\/waterpik.lt\/et\/"},{"@type":"ListItem","position":2,"name":"Tooted","item":"https:\/\/waterpik.lt\/et\/tooted\/"},{"@type":"ListItem","position":3,"name":"Juhtmevaba suu irrigaator Waterpik WF-11 ION"}]},{"@type":"WebSite","@id":"https:\/\/waterpik.lt\/#website","url":"https:\/\/waterpik.lt\/","name":"Waterpik","description":"Irigatoriai","publisher":{"@id":"https:\/\/waterpik.lt\/#organization"},"potentialAction":[{"@type":"SearchAction","target":{"@type":"EntryPoint","urlTemplate":"https:\/\/waterpik.lt\/?s={search_term_string}"},"query-input":{"@type":"PropertyValueSpecification","valueRequired":true,"valueName":"search_term_string"}}],"inLanguage":"et"},{"@type":"Organization","@id":"https:\/\/waterpik.lt\/#organization","name":"Waterpik","url":"https:\/\/waterpik.lt\/","logo":{"@type":"ImageObject","inLanguage":"et","@id":"https:\/\/waterpik.lt\/#\/schema\/logo\/image\/","url":"https:\/\/waterpik.lt\/wp-content\/uploads\/2019\/05\/WP-160.jpg","contentUrl":"https:\/\/waterpik.lt\/wp-content\/uploads\/2019\/05\/WP-160.jpg","width":2048,"height":2048,"caption":"Waterpik"},"image":{"@id":"https:\/\/waterpik.lt\/#\/schema\/logo\/image\/"}}]}},"_links":{"self":[{"href":"https:\/\/waterpik.lt\/et\/wp-json\/wp\/v2\/product\/70422","targetHints":{"allow":["GET"]}}],"collection":[{"href":"https:\/\/waterpik.lt\/et\/wp-json\/wp\/v2\/product"}],"about":[{"href":"https:\/\/waterpik.lt\/et\/wp-json\/wp\/v2\/types\/product"}],"wp:featuredmedia":[{"embeddable":true,"href":"https:\/\/waterpik.lt\/et\/wp-json\/wp\/v2\/media\/70552"}],"wp:attachment":[{"href":"https:\/\/waterpik.lt\/et\/wp-json\/wp\/v2\/media?parent=70422"}],"wp:term":[{"taxonomy":"product_brand","embeddable":true,"href":"https:\/\/waterpik.lt\/et\/wp-json\/wp\/v2\/product_brand?post=70422"},{"taxonomy":"product_cat","embeddable":true,"href":"https:\/\/waterpik.lt\/et\/wp-json\/wp\/v2\/product_cat?post=70422"},{"taxonomy":"product_tag","embeddable":true,"href":"https:\/\/waterpik.lt\/et\/wp-json\/wp\/v2\/product_tag?post=70422"}],"curies":[{"name":"wp","href":"https:\/\/api.w.org\/{rel}","templated":true}]}}