{"id":663,"date":"2018-11-29T12:16:04","date_gmt":"2018-11-29T12:16:04","guid":{"rendered":"https:\/\/waterpik.lt\/product\/wod-2e\/"},"modified":"2024-07-11T17:02:35","modified_gmt":"2024-07-11T14:02:35","slug":"wod-2e","status":"publish","type":"product","link":"https:\/\/waterpik.lt\/et\/toode\/wod-2e\/","title":{"rendered":"WOD-2E"},"content":{"rendered":"","protected":false},"excerpt":{"rendered":"<p style=\"text-align: justify;\"><b><\/b><br \/>\nAntgalis WOD<br \/>\n<b><\/b><br \/>\nKasutamiseks \u201eWaterpik\u00ae\u201c valgendamisirrigaatoriga WF-05 ja WF-06, ette n\u00e4htud suuh\u00fcgieeniks neile, kes kannavad ortodontilisi vahendeid v\u00f5i breketeid. Kliiniliste uuringutega on t\u00f5estatud, et eemaldatakse kuni 3 korda rohkem kattu kui tavalise hambaniidiga ja see parandab tunduvalt ortodontilisi vahendeid kandvate patsientide hammaste seisukorda.<br \/>\n<b><\/b><br \/>\nUuenduslik koonusekujuline hari eemaldab breketite ja traatide juures oleva ja raskesti k\u00e4ttesaadava katu. Sellega saab puhastada ka hambavahedes ja igemete juures olevad bakterid ja toiduj\u00e4\u00e4gid.<br \/>\n<b><\/b><br \/>\nVahetada iga 3 kuu j\u00e4rel.<\/p>\n<p>&nbsp;<\/p>\n<div class=\"qbutton default\">[spu popup=\"637\"]TELLI[\/spu]<\/div>\n","protected":false},"featured_media":473,"template":"","meta":{"inline_featured_image":false},"product_brand":[],"product_cat":[49],"product_tag":[],"class_list":{"0":"post-663","1":"product","2":"type-product","3":"status-publish","4":"has-post-thumbnail","6":"product_cat-lisatarvikud","8":"first","9":"instock","10":"taxable","11":"shipping-taxable","12":"purchasable","13":"product-type-simple"},"yoast_head":"<!-- This site is optimized with the Yoast SEO plugin v24.6 - https:\/\/yoast.com\/wordpress\/plugins\/seo\/ -->\n<title>WOD-2E | Waterpik<\/title>\n<meta name=\"description\" content=\"Ettev\u00f5te tegeleb hambatehnikute ja stomatoloogiatarvikute m\u00fc\u00fcgiga. Kaksk\u00fcmmend aastat oleme Baltikumi Waterpiku tootja m\u00fc\u00fcgiesindaja.\" \/>\n<meta name=\"robots\" content=\"index, follow, max-snippet:-1, max-image-preview:large, max-video-preview:-1\" \/>\n<link rel=\"canonical\" href=\"https:\/\/waterpik.lt\/et\/toode\/wod-2e\/\" \/>\n<meta property=\"og:locale\" content=\"et_EE\" \/>\n<meta property=\"og:type\" content=\"article\" \/>\n<meta property=\"og:title\" content=\"WOD-2E | Waterpik\" \/>\n<meta property=\"og:description\" content=\"Ettev\u00f5te tegeleb hambatehnikute ja stomatoloogiatarvikute m\u00fc\u00fcgiga. Kaksk\u00fcmmend aastat oleme Baltikumi Waterpiku tootja m\u00fc\u00fcgiesindaja.\" \/>\n<meta property=\"og:url\" content=\"https:\/\/waterpik.lt\/et\/toode\/wod-2e\/\" \/>\n<meta property=\"og:site_name\" content=\"Waterpik\" \/>\n<meta property=\"article:modified_time\" content=\"2024-07-11T14:02:35+00:00\" \/>\n<meta property=\"og:image\" content=\"https:\/\/waterpik.lt\/wp-content\/uploads\/2018\/11\/WF-06_Hero_Rendering_White-768x768_0017_tumb-4.jpg\" \/>\n\t<meta property=\"og:image:width\" content=\"768\" \/>\n\t<meta property=\"og:image:height\" content=\"768\" \/>\n\t<meta property=\"og:image:type\" content=\"image\/jpeg\" \/>\n<meta name=\"twitter:card\" content=\"summary_large_image\" \/>\n<script type=\"application\/ld+json\" class=\"yoast-schema-graph\">{\"@context\":\"https:\/\/schema.org\",\"@graph\":[{\"@type\":\"WebPage\",\"@id\":\"https:\/\/waterpik.lt\/et\/toode\/wod-2e\/\",\"url\":\"https:\/\/waterpik.lt\/et\/toode\/wod-2e\/\",\"name\":\"WOD-2E | Waterpik\",\"isPartOf\":{\"@id\":\"https:\/\/waterpik.lt\/#website\"},\"primaryImageOfPage\":{\"@id\":\"https:\/\/waterpik.lt\/et\/toode\/wod-2e\/#primaryimage\"},\"image\":{\"@id\":\"https:\/\/waterpik.lt\/et\/toode\/wod-2e\/#primaryimage\"},\"thumbnailUrl\":\"https:\/\/waterpik.lt\/wp-content\/uploads\/2018\/11\/WF-06_Hero_Rendering_White-768x768_0017_tumb-4.jpg\",\"datePublished\":\"2018-11-29T12:16:04+00:00\",\"dateModified\":\"2024-07-11T14:02:35+00:00\",\"description\":\"Ettev\u00f5te tegeleb hambatehnikute ja stomatoloogiatarvikute m\u00fc\u00fcgiga. Kaksk\u00fcmmend aastat oleme Baltikumi Waterpiku tootja m\u00fc\u00fcgiesindaja.\",\"breadcrumb\":{\"@id\":\"https:\/\/waterpik.lt\/et\/toode\/wod-2e\/#breadcrumb\"},\"inLanguage\":\"et\",\"potentialAction\":[{\"@type\":\"ReadAction\",\"target\":[\"https:\/\/waterpik.lt\/et\/toode\/wod-2e\/\"]}]},{\"@type\":\"ImageObject\",\"inLanguage\":\"et\",\"@id\":\"https:\/\/waterpik.lt\/et\/toode\/wod-2e\/#primaryimage\",\"url\":\"https:\/\/waterpik.lt\/wp-content\/uploads\/2018\/11\/WF-06_Hero_Rendering_White-768x768_0017_tumb-4.jpg\",\"contentUrl\":\"https:\/\/waterpik.lt\/wp-content\/uploads\/2018\/11\/WF-06_Hero_Rendering_White-768x768_0017_tumb-4.jpg\",\"width\":768,\"height\":768},{\"@type\":\"BreadcrumbList\",\"@id\":\"https:\/\/waterpik.lt\/et\/toode\/wod-2e\/#breadcrumb\",\"itemListElement\":[{\"@type\":\"ListItem\",\"position\":1,\"name\":\"Titulinis\",\"item\":\"https:\/\/waterpik.lt\/et\/\"},{\"@type\":\"ListItem\",\"position\":2,\"name\":\"Tooted\",\"item\":\"https:\/\/waterpik.lt\/et\/tooted\/\"},{\"@type\":\"ListItem\",\"position\":3,\"name\":\"WOD-2E\"}]},{\"@type\":\"WebSite\",\"@id\":\"https:\/\/waterpik.lt\/#website\",\"url\":\"https:\/\/waterpik.lt\/\",\"name\":\"Waterpik\",\"description\":\"Irigatoriai\",\"publisher\":{\"@id\":\"https:\/\/waterpik.lt\/#organization\"},\"potentialAction\":[{\"@type\":\"SearchAction\",\"target\":{\"@type\":\"EntryPoint\",\"urlTemplate\":\"https:\/\/waterpik.lt\/?s={search_term_string}\"},\"query-input\":{\"@type\":\"PropertyValueSpecification\",\"valueRequired\":true,\"valueName\":\"search_term_string\"}}],\"inLanguage\":\"et\"},{\"@type\":\"Organization\",\"@id\":\"https:\/\/waterpik.lt\/#organization\",\"name\":\"Waterpik\",\"url\":\"https:\/\/waterpik.lt\/\",\"logo\":{\"@type\":\"ImageObject\",\"inLanguage\":\"et\",\"@id\":\"https:\/\/waterpik.lt\/#\/schema\/logo\/image\/\",\"url\":\"https:\/\/waterpik.lt\/wp-content\/uploads\/2019\/05\/WP-160.jpg\",\"contentUrl\":\"https:\/\/waterpik.lt\/wp-content\/uploads\/2019\/05\/WP-160.jpg\",\"width\":2048,\"height\":2048,\"caption\":\"Waterpik\"},\"image\":{\"@id\":\"https:\/\/waterpik.lt\/#\/schema\/logo\/image\/\"}}]}<\/script>\n<!-- \/ Yoast SEO plugin. -->","yoast_head_json":{"title":"WOD-2E | Waterpik","description":"Ettev\u00f5te tegeleb hambatehnikute ja stomatoloogiatarvikute m\u00fc\u00fcgiga. Kaksk\u00fcmmend aastat oleme Baltikumi Waterpiku tootja m\u00fc\u00fcgiesindaja.","robots":{"index":"index","follow":"follow","max-snippet":"max-snippet:-1","max-image-preview":"max-image-preview:large","max-video-preview":"max-video-preview:-1"},"canonical":"https:\/\/waterpik.lt\/et\/toode\/wod-2e\/","og_locale":"et_EE","og_type":"article","og_title":"WOD-2E | Waterpik","og_description":"Ettev\u00f5te tegeleb hambatehnikute ja stomatoloogiatarvikute m\u00fc\u00fcgiga. Kaksk\u00fcmmend aastat oleme Baltikumi Waterpiku tootja m\u00fc\u00fcgiesindaja.","og_url":"https:\/\/waterpik.lt\/et\/toode\/wod-2e\/","og_site_name":"Waterpik","article_modified_time":"2024-07-11T14:02:35+00:00","og_image":[{"width":768,"height":768,"url":"https:\/\/waterpik.lt\/wp-content\/uploads\/2018\/11\/WF-06_Hero_Rendering_White-768x768_0017_tumb-4.jpg","type":"image\/jpeg"}],"twitter_card":"summary_large_image","schema":{"@context":"https:\/\/schema.org","@graph":[{"@type":"WebPage","@id":"https:\/\/waterpik.lt\/et\/toode\/wod-2e\/","url":"https:\/\/waterpik.lt\/et\/toode\/wod-2e\/","name":"WOD-2E | Waterpik","isPartOf":{"@id":"https:\/\/waterpik.lt\/#website"},"primaryImageOfPage":{"@id":"https:\/\/waterpik.lt\/et\/toode\/wod-2e\/#primaryimage"},"image":{"@id":"https:\/\/waterpik.lt\/et\/toode\/wod-2e\/#primaryimage"},"thumbnailUrl":"https:\/\/waterpik.lt\/wp-content\/uploads\/2018\/11\/WF-06_Hero_Rendering_White-768x768_0017_tumb-4.jpg","datePublished":"2018-11-29T12:16:04+00:00","dateModified":"2024-07-11T14:02:35+00:00","description":"Ettev\u00f5te tegeleb hambatehnikute ja stomatoloogiatarvikute m\u00fc\u00fcgiga. Kaksk\u00fcmmend aastat oleme Baltikumi Waterpiku tootja m\u00fc\u00fcgiesindaja.","breadcrumb":{"@id":"https:\/\/waterpik.lt\/et\/toode\/wod-2e\/#breadcrumb"},"inLanguage":"et","potentialAction":[{"@type":"ReadAction","target":["https:\/\/waterpik.lt\/et\/toode\/wod-2e\/"]}]},{"@type":"ImageObject","inLanguage":"et","@id":"https:\/\/waterpik.lt\/et\/toode\/wod-2e\/#primaryimage","url":"https:\/\/waterpik.lt\/wp-content\/uploads\/2018\/11\/WF-06_Hero_Rendering_White-768x768_0017_tumb-4.jpg","contentUrl":"https:\/\/waterpik.lt\/wp-content\/uploads\/2018\/11\/WF-06_Hero_Rendering_White-768x768_0017_tumb-4.jpg","width":768,"height":768},{"@type":"BreadcrumbList","@id":"https:\/\/waterpik.lt\/et\/toode\/wod-2e\/#breadcrumb","itemListElement":[{"@type":"ListItem","position":1,"name":"Titulinis","item":"https:\/\/waterpik.lt\/et\/"},{"@type":"ListItem","position":2,"name":"Tooted","item":"https:\/\/waterpik.lt\/et\/tooted\/"},{"@type":"ListItem","position":3,"name":"WOD-2E"}]},{"@type":"WebSite","@id":"https:\/\/waterpik.lt\/#website","url":"https:\/\/waterpik.lt\/","name":"Waterpik","description":"Irigatoriai","publisher":{"@id":"https:\/\/waterpik.lt\/#organization"},"potentialAction":[{"@type":"SearchAction","target":{"@type":"EntryPoint","urlTemplate":"https:\/\/waterpik.lt\/?s={search_term_string}"},"query-input":{"@type":"PropertyValueSpecification","valueRequired":true,"valueName":"search_term_string"}}],"inLanguage":"et"},{"@type":"Organization","@id":"https:\/\/waterpik.lt\/#organization","name":"Waterpik","url":"https:\/\/waterpik.lt\/","logo":{"@type":"ImageObject","inLanguage":"et","@id":"https:\/\/waterpik.lt\/#\/schema\/logo\/image\/","url":"https:\/\/waterpik.lt\/wp-content\/uploads\/2019\/05\/WP-160.jpg","contentUrl":"https:\/\/waterpik.lt\/wp-content\/uploads\/2019\/05\/WP-160.jpg","width":2048,"height":2048,"caption":"Waterpik"},"image":{"@id":"https:\/\/waterpik.lt\/#\/schema\/logo\/image\/"}}]}},"_links":{"self":[{"href":"https:\/\/waterpik.lt\/et\/wp-json\/wp\/v2\/product\/663","targetHints":{"allow":["GET"]}}],"collection":[{"href":"https:\/\/waterpik.lt\/et\/wp-json\/wp\/v2\/product"}],"about":[{"href":"https:\/\/waterpik.lt\/et\/wp-json\/wp\/v2\/types\/product"}],"wp:featuredmedia":[{"embeddable":true,"href":"https:\/\/waterpik.lt\/et\/wp-json\/wp\/v2\/media\/473"}],"wp:attachment":[{"href":"https:\/\/waterpik.lt\/et\/wp-json\/wp\/v2\/media?parent=663"}],"wp:term":[{"taxonomy":"product_brand","embeddable":true,"href":"https:\/\/waterpik.lt\/et\/wp-json\/wp\/v2\/product_brand?post=663"},{"taxonomy":"product_cat","embeddable":true,"href":"https:\/\/waterpik.lt\/et\/wp-json\/wp\/v2\/product_cat?post=663"},{"taxonomy":"product_tag","embeddable":true,"href":"https:\/\/waterpik.lt\/et\/wp-json\/wp\/v2\/product_tag?post=663"}],"curies":[{"name":"wp","href":"https:\/\/api.w.org\/{rel}","templated":true}]}}