{"id":655,"date":"2018-11-29T11:32:37","date_gmt":"2018-11-29T11:32:37","guid":{"rendered":"https:\/\/waterpik.lt\/product\/elektrinis-dantu-sepetelis-st-01\/"},"modified":"2025-09-08T15:53:21","modified_gmt":"2025-09-08T12:53:21","slug":"hambahari-triple-sonic-st-01","status":"publish","type":"product","link":"https:\/\/waterpik.lt\/et\/toode\/hambahari-triple-sonic-st-01\/","title":{"rendered":"Hambahari Triple Sonic ST-01"},"content":{"rendered":"<div class=\"wpb-content-wrapper\"><p>[vc_row css_animation=&#8221;&#8221; row_type=&#8221;row&#8221; use_row_as_full_screen_section=&#8221;no&#8221; type=&#8221;full_width&#8221; angled_section=&#8221;no&#8221; text_align=&#8221;left&#8221; background_image_as_pattern=&#8221;without_pattern&#8221;][vc_column][vc_column_text]<\/p>\n<h3>Toote eelised<\/h3>\n<ul>\n<li>T\u00e4iustatud harjapea kuju keelekaabitsaga harjapeal<\/li>\n<li>Elegantne laadimisindikaatori n\u00e4idik, millelt n\u00e4eb laadimisolekut vaid \u00fche pilguga<\/li>\n<li>Kuni 62 000 harjaliigutust minutis<\/li>\n<li>3 t\u00f6\u00f6re\u017eiimi<\/li>\n<li>Puhastusre\u017eiim p\u00f5hjalikuks igap\u00e4evaseks hambapesuks<\/li>\n<li>Valgendusre\u017eiim hambakivi \u00f5rnaks eemalduseks ja hammaste loomulikuks valgendamiseks<\/li>\n<li>Massaa\u017eire\u017eiim t\u00e4iendavaks igemete stimuleerimiseks ja vereringe parandamiseks<\/li>\n<\/ul>\n<p>[\/vc_column_text][vc_column_text]<\/p>\n<h3>Toote omadused<\/h3>\n<ul>\n<li>Kaasas 2 Triple Sonicu harjapead<\/li>\n<li>2-minutine pesemisaja taimer 30-sekundise veerandi sammuga<\/li>\n<li>Kuni 62 000 harjaliigutust minutis<\/li>\n<li>3 t\u00f6\u00f6re\u017eiimi<\/li>\n<li>kvaliteetne reisivutlar<\/li>\n<li>Aelegantne laadimisindikaatori n\u00e4idik<\/li>\n<\/ul>\n<p>[\/vc_column_text][\/vc_column][\/vc_row]<\/p>\n<\/div>","protected":false},"excerpt":{"rendered":"<p>&nbsp;<\/p>\n<p><span lang=\"et-EE\"><b>T\u00e4helepanu! Mudeli Waterpik ST-01 on ametlikult v\u00e4lja vahetanud mudel Waterpik STW-03<\/b><\/span><\/p>\n<p lang=\"et-EE\"><a href=\"https:\/\/waterpik.lt\/et\/toode\/hambahari-sensonic-stw-03\/\"><span style=\"color: #ff0000;\"><u><b>Uue mudeli saate osta siit<\/b><\/u><\/span><\/a><\/p>\n<p lang=\"et-EE\">\n<div class=\"qbutton default\">[spu popup=\"637\"]TELLI[\/spu]<\/div>\n","protected":false},"featured_media":409,"template":"","meta":{"inline_featured_image":false},"product_brand":[],"product_cat":[48],"product_tag":[],"class_list":{"0":"post-655","1":"product","2":"type-product","3":"status-publish","4":"has-post-thumbnail","6":"product_cat-ultraheli-hambaharjad","8":"first","9":"outofstock","10":"taxable","11":"shipping-taxable","12":"purchasable","13":"product-type-simple"},"yoast_head":"<!-- This site is optimized with the Yoast SEO plugin v24.6 - https:\/\/yoast.com\/wordpress\/plugins\/seo\/ -->\n<title>Hambahari Triple Sonic ST-01 | Waterpik<\/title>\n<meta name=\"description\" content=\"Elektrinis dant\u0173 \u0161epet\u0117lis leis pasir\u016bpinti nepriekai\u0161tinga burnos higiena. Tai \u2013 puiki alternatyva paprastam \u0161epet\u0117liui. U\u017esisakykite internetu nemokamai!\" \/>\n<meta name=\"robots\" content=\"index, follow, max-snippet:-1, max-image-preview:large, max-video-preview:-1\" \/>\n<link rel=\"canonical\" href=\"https:\/\/waterpik.lt\/et\/toode\/hambahari-triple-sonic-st-01\/\" \/>\n<meta property=\"og:locale\" content=\"et_EE\" \/>\n<meta property=\"og:type\" content=\"article\" \/>\n<meta property=\"og:title\" content=\"Hambahari Triple Sonic ST-01 | Waterpik\" \/>\n<meta property=\"og:description\" content=\"Elektrinis dant\u0173 \u0161epet\u0117lis leis pasir\u016bpinti nepriekai\u0161tinga burnos higiena. Tai \u2013 puiki alternatyva paprastam \u0161epet\u0117liui. U\u017esisakykite internetu nemokamai!\" \/>\n<meta property=\"og:url\" content=\"https:\/\/waterpik.lt\/et\/toode\/hambahari-triple-sonic-st-01\/\" \/>\n<meta property=\"og:site_name\" content=\"Waterpik\" \/>\n<meta property=\"article:modified_time\" content=\"2025-09-08T12:53:21+00:00\" \/>\n<meta property=\"og:image\" content=\"https:\/\/waterpik.lt\/wp-content\/uploads\/2018\/11\/WF-06_Hero_Rendering_White-768x768_0021_Triple-Sonic-Toothbrush-White.jpg\" \/>\n\t<meta property=\"og:image:width\" content=\"768\" \/>\n\t<meta property=\"og:image:height\" content=\"768\" \/>\n\t<meta property=\"og:image:type\" content=\"image\/jpeg\" \/>\n<meta name=\"twitter:card\" content=\"summary_large_image\" \/>\n<meta name=\"twitter:label1\" content=\"Est. reading time\" \/>\n\t<meta name=\"twitter:data1\" content=\"1 minut\" \/>\n<script type=\"application\/ld+json\" class=\"yoast-schema-graph\">{\"@context\":\"https:\/\/schema.org\",\"@graph\":[{\"@type\":\"WebPage\",\"@id\":\"https:\/\/waterpik.lt\/et\/toode\/hambahari-triple-sonic-st-01\/\",\"url\":\"https:\/\/waterpik.lt\/et\/toode\/hambahari-triple-sonic-st-01\/\",\"name\":\"Hambahari Triple Sonic ST-01 | Waterpik\",\"isPartOf\":{\"@id\":\"https:\/\/waterpik.lt\/#website\"},\"primaryImageOfPage\":{\"@id\":\"https:\/\/waterpik.lt\/et\/toode\/hambahari-triple-sonic-st-01\/#primaryimage\"},\"image\":{\"@id\":\"https:\/\/waterpik.lt\/et\/toode\/hambahari-triple-sonic-st-01\/#primaryimage\"},\"thumbnailUrl\":\"https:\/\/waterpik.lt\/wp-content\/uploads\/2018\/11\/WF-06_Hero_Rendering_White-768x768_0021_Triple-Sonic-Toothbrush-White.jpg\",\"datePublished\":\"2018-11-29T11:32:37+00:00\",\"dateModified\":\"2025-09-08T12:53:21+00:00\",\"description\":\"Elektrinis dant\u0173 \u0161epet\u0117lis leis pasir\u016bpinti nepriekai\u0161tinga burnos higiena. Tai \u2013 puiki alternatyva paprastam \u0161epet\u0117liui. U\u017esisakykite internetu nemokamai!\",\"breadcrumb\":{\"@id\":\"https:\/\/waterpik.lt\/et\/toode\/hambahari-triple-sonic-st-01\/#breadcrumb\"},\"inLanguage\":\"et\",\"potentialAction\":[{\"@type\":\"ReadAction\",\"target\":[\"https:\/\/waterpik.lt\/et\/toode\/hambahari-triple-sonic-st-01\/\"]}]},{\"@type\":\"ImageObject\",\"inLanguage\":\"et\",\"@id\":\"https:\/\/waterpik.lt\/et\/toode\/hambahari-triple-sonic-st-01\/#primaryimage\",\"url\":\"https:\/\/waterpik.lt\/wp-content\/uploads\/2018\/11\/WF-06_Hero_Rendering_White-768x768_0021_Triple-Sonic-Toothbrush-White.jpg\",\"contentUrl\":\"https:\/\/waterpik.lt\/wp-content\/uploads\/2018\/11\/WF-06_Hero_Rendering_White-768x768_0021_Triple-Sonic-Toothbrush-White.jpg\",\"width\":768,\"height\":768},{\"@type\":\"BreadcrumbList\",\"@id\":\"https:\/\/waterpik.lt\/et\/toode\/hambahari-triple-sonic-st-01\/#breadcrumb\",\"itemListElement\":[{\"@type\":\"ListItem\",\"position\":1,\"name\":\"Titulinis\",\"item\":\"https:\/\/waterpik.lt\/et\/\"},{\"@type\":\"ListItem\",\"position\":2,\"name\":\"Tooted\",\"item\":\"https:\/\/waterpik.lt\/et\/tooted\/\"},{\"@type\":\"ListItem\",\"position\":3,\"name\":\"Hambahari Triple Sonic ST-01\"}]},{\"@type\":\"WebSite\",\"@id\":\"https:\/\/waterpik.lt\/#website\",\"url\":\"https:\/\/waterpik.lt\/\",\"name\":\"Waterpik\",\"description\":\"Irigatoriai\",\"publisher\":{\"@id\":\"https:\/\/waterpik.lt\/#organization\"},\"potentialAction\":[{\"@type\":\"SearchAction\",\"target\":{\"@type\":\"EntryPoint\",\"urlTemplate\":\"https:\/\/waterpik.lt\/?s={search_term_string}\"},\"query-input\":{\"@type\":\"PropertyValueSpecification\",\"valueRequired\":true,\"valueName\":\"search_term_string\"}}],\"inLanguage\":\"et\"},{\"@type\":\"Organization\",\"@id\":\"https:\/\/waterpik.lt\/#organization\",\"name\":\"Waterpik\",\"url\":\"https:\/\/waterpik.lt\/\",\"logo\":{\"@type\":\"ImageObject\",\"inLanguage\":\"et\",\"@id\":\"https:\/\/waterpik.lt\/#\/schema\/logo\/image\/\",\"url\":\"https:\/\/waterpik.lt\/wp-content\/uploads\/2019\/05\/WP-160.jpg\",\"contentUrl\":\"https:\/\/waterpik.lt\/wp-content\/uploads\/2019\/05\/WP-160.jpg\",\"width\":2048,\"height\":2048,\"caption\":\"Waterpik\"},\"image\":{\"@id\":\"https:\/\/waterpik.lt\/#\/schema\/logo\/image\/\"}}]}<\/script>\n<!-- \/ Yoast SEO plugin. -->","yoast_head_json":{"title":"Hambahari Triple Sonic ST-01 | Waterpik","description":"Elektrinis dant\u0173 \u0161epet\u0117lis leis pasir\u016bpinti nepriekai\u0161tinga burnos higiena. Tai \u2013 puiki alternatyva paprastam \u0161epet\u0117liui. U\u017esisakykite internetu nemokamai!","robots":{"index":"index","follow":"follow","max-snippet":"max-snippet:-1","max-image-preview":"max-image-preview:large","max-video-preview":"max-video-preview:-1"},"canonical":"https:\/\/waterpik.lt\/et\/toode\/hambahari-triple-sonic-st-01\/","og_locale":"et_EE","og_type":"article","og_title":"Hambahari Triple Sonic ST-01 | Waterpik","og_description":"Elektrinis dant\u0173 \u0161epet\u0117lis leis pasir\u016bpinti nepriekai\u0161tinga burnos higiena. Tai \u2013 puiki alternatyva paprastam \u0161epet\u0117liui. U\u017esisakykite internetu nemokamai!","og_url":"https:\/\/waterpik.lt\/et\/toode\/hambahari-triple-sonic-st-01\/","og_site_name":"Waterpik","article_modified_time":"2025-09-08T12:53:21+00:00","og_image":[{"width":768,"height":768,"url":"https:\/\/waterpik.lt\/wp-content\/uploads\/2018\/11\/WF-06_Hero_Rendering_White-768x768_0021_Triple-Sonic-Toothbrush-White.jpg","type":"image\/jpeg"}],"twitter_card":"summary_large_image","twitter_misc":{"Est. reading time":"1 minut"},"schema":{"@context":"https:\/\/schema.org","@graph":[{"@type":"WebPage","@id":"https:\/\/waterpik.lt\/et\/toode\/hambahari-triple-sonic-st-01\/","url":"https:\/\/waterpik.lt\/et\/toode\/hambahari-triple-sonic-st-01\/","name":"Hambahari Triple Sonic ST-01 | Waterpik","isPartOf":{"@id":"https:\/\/waterpik.lt\/#website"},"primaryImageOfPage":{"@id":"https:\/\/waterpik.lt\/et\/toode\/hambahari-triple-sonic-st-01\/#primaryimage"},"image":{"@id":"https:\/\/waterpik.lt\/et\/toode\/hambahari-triple-sonic-st-01\/#primaryimage"},"thumbnailUrl":"https:\/\/waterpik.lt\/wp-content\/uploads\/2018\/11\/WF-06_Hero_Rendering_White-768x768_0021_Triple-Sonic-Toothbrush-White.jpg","datePublished":"2018-11-29T11:32:37+00:00","dateModified":"2025-09-08T12:53:21+00:00","description":"Elektrinis dant\u0173 \u0161epet\u0117lis leis pasir\u016bpinti nepriekai\u0161tinga burnos higiena. Tai \u2013 puiki alternatyva paprastam \u0161epet\u0117liui. U\u017esisakykite internetu nemokamai!","breadcrumb":{"@id":"https:\/\/waterpik.lt\/et\/toode\/hambahari-triple-sonic-st-01\/#breadcrumb"},"inLanguage":"et","potentialAction":[{"@type":"ReadAction","target":["https:\/\/waterpik.lt\/et\/toode\/hambahari-triple-sonic-st-01\/"]}]},{"@type":"ImageObject","inLanguage":"et","@id":"https:\/\/waterpik.lt\/et\/toode\/hambahari-triple-sonic-st-01\/#primaryimage","url":"https:\/\/waterpik.lt\/wp-content\/uploads\/2018\/11\/WF-06_Hero_Rendering_White-768x768_0021_Triple-Sonic-Toothbrush-White.jpg","contentUrl":"https:\/\/waterpik.lt\/wp-content\/uploads\/2018\/11\/WF-06_Hero_Rendering_White-768x768_0021_Triple-Sonic-Toothbrush-White.jpg","width":768,"height":768},{"@type":"BreadcrumbList","@id":"https:\/\/waterpik.lt\/et\/toode\/hambahari-triple-sonic-st-01\/#breadcrumb","itemListElement":[{"@type":"ListItem","position":1,"name":"Titulinis","item":"https:\/\/waterpik.lt\/et\/"},{"@type":"ListItem","position":2,"name":"Tooted","item":"https:\/\/waterpik.lt\/et\/tooted\/"},{"@type":"ListItem","position":3,"name":"Hambahari Triple Sonic ST-01"}]},{"@type":"WebSite","@id":"https:\/\/waterpik.lt\/#website","url":"https:\/\/waterpik.lt\/","name":"Waterpik","description":"Irigatoriai","publisher":{"@id":"https:\/\/waterpik.lt\/#organization"},"potentialAction":[{"@type":"SearchAction","target":{"@type":"EntryPoint","urlTemplate":"https:\/\/waterpik.lt\/?s={search_term_string}"},"query-input":{"@type":"PropertyValueSpecification","valueRequired":true,"valueName":"search_term_string"}}],"inLanguage":"et"},{"@type":"Organization","@id":"https:\/\/waterpik.lt\/#organization","name":"Waterpik","url":"https:\/\/waterpik.lt\/","logo":{"@type":"ImageObject","inLanguage":"et","@id":"https:\/\/waterpik.lt\/#\/schema\/logo\/image\/","url":"https:\/\/waterpik.lt\/wp-content\/uploads\/2019\/05\/WP-160.jpg","contentUrl":"https:\/\/waterpik.lt\/wp-content\/uploads\/2019\/05\/WP-160.jpg","width":2048,"height":2048,"caption":"Waterpik"},"image":{"@id":"https:\/\/waterpik.lt\/#\/schema\/logo\/image\/"}}]}},"_links":{"self":[{"href":"https:\/\/waterpik.lt\/et\/wp-json\/wp\/v2\/product\/655","targetHints":{"allow":["GET"]}}],"collection":[{"href":"https:\/\/waterpik.lt\/et\/wp-json\/wp\/v2\/product"}],"about":[{"href":"https:\/\/waterpik.lt\/et\/wp-json\/wp\/v2\/types\/product"}],"wp:featuredmedia":[{"embeddable":true,"href":"https:\/\/waterpik.lt\/et\/wp-json\/wp\/v2\/media\/409"}],"wp:attachment":[{"href":"https:\/\/waterpik.lt\/et\/wp-json\/wp\/v2\/media?parent=655"}],"wp:term":[{"taxonomy":"product_brand","embeddable":true,"href":"https:\/\/waterpik.lt\/et\/wp-json\/wp\/v2\/product_brand?post=655"},{"taxonomy":"product_cat","embeddable":true,"href":"https:\/\/waterpik.lt\/et\/wp-json\/wp\/v2\/product_cat?post=655"},{"taxonomy":"product_tag","embeddable":true,"href":"https:\/\/waterpik.lt\/et\/wp-json\/wp\/v2\/product_tag?post=655"}],"curies":[{"name":"wp","href":"https:\/\/api.w.org\/{rel}","templated":true}]}}