{"id":649,"date":"2018-11-29T11:07:50","date_gmt":"2018-11-29T11:07:50","guid":{"rendered":"https:\/\/waterpik.lt\/product\/burnos-irigatorius-waterpik-wp-260-for-kids\/"},"modified":"2023-03-16T12:56:16","modified_gmt":"2023-03-16T10:56:16","slug":"suu-irrigaator-waterpik-wp-260-for-kids","status":"publish","type":"product","link":"https:\/\/waterpik.lt\/et\/toode\/suu-irrigaator-waterpik-wp-260-for-kids\/","title":{"rendered":"Suu irrigaator Waterpik WP-260 for Kids"},"content":{"rendered":"<div class=\"wpb-content-wrapper\"><p>[vc_row css_animation=&#8221;&#8221; row_type=&#8221;row&#8221; use_row_as_full_screen_section=&#8221;no&#8221; type=&#8221;full_width&#8221; angled_section=&#8221;no&#8221; text_align=&#8221;left&#8221; background_image_as_pattern=&#8221;without_pattern&#8221;][vc_column][vc_column_text]<\/p>\n<h3>Toote eelised<\/h3>\n<ul>\n<li style=\"text-align: justify;\">Vajalik breketikandjatele: kliiniliselt on t\u00f5estatud, et kasutades ortodontilist otsikut, on toode hambakatu eemaldamisel breketite \u00fcmbert kuni 3 korda efektiivsem kui hambaniit.<\/li>\n<li style=\"text-align: justify;\">Efektiivne hambakatu eemaldamine: eemaldab kuni 99,9% hambakattu raskesti ligip\u00e4\u00e4setavatest kohtadest.<\/li>\n<li style=\"text-align: justify;\">Tervemad igemed: kliiniliselt on t\u00f5estatud, et see toode on igemete olukorra parandamisel kuni 50% efektiivsem kui hambaniit.<\/li>\n<li style=\"text-align: justify;\">Eemaldab hambakattu ja mustusi, mis on hammaste vahel ja igemete joonest allpool, kuhu hambahari ja traditsiooniline hambaniit ei ulatu.<\/li>\n<\/ul>\n<h3>Toote omadused<\/h3>\n<ul>\n<li style=\"text-align: justify;\">2 otsikut<\/li>\n<li style=\"text-align: justify;\">Eriti ohutu, lastele sobiv disain<\/li>\n<li style=\"text-align: justify;\">R\u00f5hu kontrolli s\u00fcsteem 3 seadistusega<\/li>\n<li style=\"text-align: justify;\">Reservuaari maht on 400+ ml, see on 60 ja enam sekundit t\u00f6\u00f6aega<\/li>\n<li style=\"text-align: justify;\">V\u00e4iksem ja vaiksem kui varasemad mudelid<\/li>\n<li style=\"text-align: justify;\">20 eemaldatavat kleepsu<\/li>\n<li style=\"text-align: justify;\">Kaheaastane garantii<\/li>\n<\/ul>\n<p>[\/vc_column_text][\/vc_column][\/vc_row]<\/p>\n<\/div>","protected":false},"excerpt":{"rendered":"<p style=\"text-align: justify;\"><b><\/b><br \/>\n\u201eWaterpik\u00ae\u201c suuirrigaator lastele on lihtne, efektiivne ja vahva viis hammaste pesemiseks. Irrigaator sobib lastele alates 6. eluaastast. V\u00e4ike suurus ja lihtne disain lihtsustavad laste hammaste puhastamist. See irrigaator sobib suurep\u00e4raselt igale lapsele, kes kannab breketeid v\u00f5i ei saa kasutada hambaniiti.<br \/>\n<b><\/b><br \/>\n\u201eWaterpik\u00ae\u201c suuirrigaator on ohutu, lastele sobiva disainiga. Lihtne s\u00f5rmeotstega juhitav \u201eOn\/Off\u201c l\u00fcliti ja r\u00f5hu reguleerimise s\u00fcsteem, samuti reservuaar, mida saab kasutada kaanena, kui soovitakse, et seade j\u00e4\u00e4ks puhtaks. Suuirrigaatori komplektis on \u00fcks ortodontiline otsik breketite puhastamiseks ja \u00fcks klassikaline pihustusotsik \u00fcldpuhastuseks. Irrigaatoril on kaheaastane garantii.<br \/>\n<b><\/b><br \/>\nKliiniliselt on t\u00f5estatud, et \u201eWaterpik\u00ae\u201c irrigaatorid on efektiivsemad kui traditsiooniline hambaniit, v\u00e4hendades hambakattu, igemep\u00f5letikku ja igemehaigusi. On t\u00f5estatud, et kasutades koos hambaharjaga, on suuirrigaator 3 korda efektiivsem kui hambaniit ja kuni 5 korda efektiivsem kui hambaharjaga igemete \u00fcmbruse puhastamine.<br \/>\n<b><\/b><br \/>\nKomplekti kuulub ka 20 \u00e4rav\u00f5etavat kleepsu, millega kaunistada Teie lapse \u201eWaterpik\u00ae\u201c suuirrigaatorit.<br \/>\n<b><\/b><br \/>\nKui soovite saada rohkem teavet meie v\u00e4ga kvaliteetse, t\u00e4iskasvanutele ette n\u00e4htud tootemudeli kohta, vaadake \u201eWaterpik\u00ae\u201c ultra suuirrigaatorit (WP-100).<\/p>\n<p>&nbsp;<\/p>\n<p><a href=\"\/wp-content\/uploads\/2018\/12\/Waterpik-WP-260-300-EE.pdf\" target=\"_blank\" rel=\"noopener\"><img loading=\"lazy\" decoding=\"async\" class=\"alignnone wp-image-433\" src=\"https:\/\/waterpik.lt\/wp-content\/uploads\/2018\/11\/download.png\" alt=\"\" width=\"128\" height=\"41\" \/><\/a><\/p>\n<p>&nbsp;<\/p>\n<div class=\"qbutton default\">[spu popup=\"637\"]TELLI[\/spu]<\/div>\n","protected":false},"featured_media":394,"template":"","meta":{"inline_featured_image":false},"product_brand":[],"product_cat":[46],"product_tag":[],"class_list":{"0":"post-649","1":"product","2":"type-product","3":"status-publish","4":"has-post-thumbnail","6":"product_cat-suu-irrigaatorid","8":"first","9":"outofstock","10":"taxable","11":"shipping-taxable","12":"purchasable","13":"product-type-simple"},"yoast_head":"<!-- This site is optimized with the Yoast SEO plugin v24.6 - https:\/\/yoast.com\/wordpress\/plugins\/seo\/ -->\n<title>Suu irrigaator Waterpik WP-260 for Kids | Waterpik<\/title>\n<meta name=\"description\" content=\"Ettev\u00f5te tegeleb hambatehnikute ja stomatoloogiatarvikute m\u00fc\u00fcgiga. Kaksk\u00fcmmend aastat oleme Baltikumi Waterpiku tootja m\u00fc\u00fcgiesindaja.\" \/>\n<meta name=\"robots\" content=\"index, follow, max-snippet:-1, max-image-preview:large, max-video-preview:-1\" \/>\n<link rel=\"canonical\" href=\"https:\/\/waterpik.lt\/et\/toode\/suu-irrigaator-waterpik-wp-260-for-kids\/\" \/>\n<meta property=\"og:locale\" content=\"et_EE\" \/>\n<meta property=\"og:type\" content=\"article\" \/>\n<meta property=\"og:title\" content=\"Suu irrigaator Waterpik WP-260 for Kids | Waterpik\" \/>\n<meta property=\"og:description\" content=\"Ettev\u00f5te tegeleb hambatehnikute ja stomatoloogiatarvikute m\u00fc\u00fcgiga. Kaksk\u00fcmmend aastat oleme Baltikumi Waterpiku tootja m\u00fc\u00fcgiesindaja.\" \/>\n<meta property=\"og:url\" content=\"https:\/\/waterpik.lt\/et\/toode\/suu-irrigaator-waterpik-wp-260-for-kids\/\" \/>\n<meta property=\"og:site_name\" content=\"Waterpik\" \/>\n<meta property=\"article:modified_time\" content=\"2023-03-16T10:56:16+00:00\" \/>\n<meta property=\"og:image\" content=\"https:\/\/waterpik.lt\/wp-content\/uploads\/2018\/11\/WF-06_Hero_Rendering_White-768x768_0023_Kids.jpg\" \/>\n\t<meta property=\"og:image:width\" content=\"768\" \/>\n\t<meta property=\"og:image:height\" content=\"768\" \/>\n\t<meta property=\"og:image:type\" content=\"image\/jpeg\" \/>\n<meta name=\"twitter:card\" content=\"summary_large_image\" \/>\n<meta name=\"twitter:label1\" content=\"Est. reading time\" \/>\n\t<meta name=\"twitter:data1\" content=\"1 minut\" \/>\n<script type=\"application\/ld+json\" class=\"yoast-schema-graph\">{\"@context\":\"https:\/\/schema.org\",\"@graph\":[{\"@type\":\"WebPage\",\"@id\":\"https:\/\/waterpik.lt\/et\/toode\/suu-irrigaator-waterpik-wp-260-for-kids\/\",\"url\":\"https:\/\/waterpik.lt\/et\/toode\/suu-irrigaator-waterpik-wp-260-for-kids\/\",\"name\":\"Suu irrigaator Waterpik WP-260 for Kids | Waterpik\",\"isPartOf\":{\"@id\":\"https:\/\/waterpik.lt\/#website\"},\"primaryImageOfPage\":{\"@id\":\"https:\/\/waterpik.lt\/et\/toode\/suu-irrigaator-waterpik-wp-260-for-kids\/#primaryimage\"},\"image\":{\"@id\":\"https:\/\/waterpik.lt\/et\/toode\/suu-irrigaator-waterpik-wp-260-for-kids\/#primaryimage\"},\"thumbnailUrl\":\"https:\/\/waterpik.lt\/wp-content\/uploads\/2018\/11\/WF-06_Hero_Rendering_White-768x768_0023_Kids.jpg\",\"datePublished\":\"2018-11-29T11:07:50+00:00\",\"dateModified\":\"2023-03-16T10:56:16+00:00\",\"description\":\"Ettev\u00f5te tegeleb hambatehnikute ja stomatoloogiatarvikute m\u00fc\u00fcgiga. Kaksk\u00fcmmend aastat oleme Baltikumi Waterpiku tootja m\u00fc\u00fcgiesindaja.\",\"breadcrumb\":{\"@id\":\"https:\/\/waterpik.lt\/et\/toode\/suu-irrigaator-waterpik-wp-260-for-kids\/#breadcrumb\"},\"inLanguage\":\"et\",\"potentialAction\":[{\"@type\":\"ReadAction\",\"target\":[\"https:\/\/waterpik.lt\/et\/toode\/suu-irrigaator-waterpik-wp-260-for-kids\/\"]}]},{\"@type\":\"ImageObject\",\"inLanguage\":\"et\",\"@id\":\"https:\/\/waterpik.lt\/et\/toode\/suu-irrigaator-waterpik-wp-260-for-kids\/#primaryimage\",\"url\":\"https:\/\/waterpik.lt\/wp-content\/uploads\/2018\/11\/WF-06_Hero_Rendering_White-768x768_0023_Kids.jpg\",\"contentUrl\":\"https:\/\/waterpik.lt\/wp-content\/uploads\/2018\/11\/WF-06_Hero_Rendering_White-768x768_0023_Kids.jpg\",\"width\":768,\"height\":768},{\"@type\":\"BreadcrumbList\",\"@id\":\"https:\/\/waterpik.lt\/et\/toode\/suu-irrigaator-waterpik-wp-260-for-kids\/#breadcrumb\",\"itemListElement\":[{\"@type\":\"ListItem\",\"position\":1,\"name\":\"Titulinis\",\"item\":\"https:\/\/waterpik.lt\/et\/\"},{\"@type\":\"ListItem\",\"position\":2,\"name\":\"Tooted\",\"item\":\"https:\/\/waterpik.lt\/et\/tooted\/\"},{\"@type\":\"ListItem\",\"position\":3,\"name\":\"Suu irrigaator Waterpik WP-260 for Kids\"}]},{\"@type\":\"WebSite\",\"@id\":\"https:\/\/waterpik.lt\/#website\",\"url\":\"https:\/\/waterpik.lt\/\",\"name\":\"Waterpik\",\"description\":\"Irigatoriai\",\"publisher\":{\"@id\":\"https:\/\/waterpik.lt\/#organization\"},\"potentialAction\":[{\"@type\":\"SearchAction\",\"target\":{\"@type\":\"EntryPoint\",\"urlTemplate\":\"https:\/\/waterpik.lt\/?s={search_term_string}\"},\"query-input\":{\"@type\":\"PropertyValueSpecification\",\"valueRequired\":true,\"valueName\":\"search_term_string\"}}],\"inLanguage\":\"et\"},{\"@type\":\"Organization\",\"@id\":\"https:\/\/waterpik.lt\/#organization\",\"name\":\"Waterpik\",\"url\":\"https:\/\/waterpik.lt\/\",\"logo\":{\"@type\":\"ImageObject\",\"inLanguage\":\"et\",\"@id\":\"https:\/\/waterpik.lt\/#\/schema\/logo\/image\/\",\"url\":\"https:\/\/waterpik.lt\/wp-content\/uploads\/2019\/05\/WP-160.jpg\",\"contentUrl\":\"https:\/\/waterpik.lt\/wp-content\/uploads\/2019\/05\/WP-160.jpg\",\"width\":2048,\"height\":2048,\"caption\":\"Waterpik\"},\"image\":{\"@id\":\"https:\/\/waterpik.lt\/#\/schema\/logo\/image\/\"}}]}<\/script>\n<!-- \/ Yoast SEO plugin. -->","yoast_head_json":{"title":"Suu irrigaator Waterpik WP-260 for Kids | Waterpik","description":"Ettev\u00f5te tegeleb hambatehnikute ja stomatoloogiatarvikute m\u00fc\u00fcgiga. Kaksk\u00fcmmend aastat oleme Baltikumi Waterpiku tootja m\u00fc\u00fcgiesindaja.","robots":{"index":"index","follow":"follow","max-snippet":"max-snippet:-1","max-image-preview":"max-image-preview:large","max-video-preview":"max-video-preview:-1"},"canonical":"https:\/\/waterpik.lt\/et\/toode\/suu-irrigaator-waterpik-wp-260-for-kids\/","og_locale":"et_EE","og_type":"article","og_title":"Suu irrigaator Waterpik WP-260 for Kids | Waterpik","og_description":"Ettev\u00f5te tegeleb hambatehnikute ja stomatoloogiatarvikute m\u00fc\u00fcgiga. Kaksk\u00fcmmend aastat oleme Baltikumi Waterpiku tootja m\u00fc\u00fcgiesindaja.","og_url":"https:\/\/waterpik.lt\/et\/toode\/suu-irrigaator-waterpik-wp-260-for-kids\/","og_site_name":"Waterpik","article_modified_time":"2023-03-16T10:56:16+00:00","og_image":[{"width":768,"height":768,"url":"https:\/\/waterpik.lt\/wp-content\/uploads\/2018\/11\/WF-06_Hero_Rendering_White-768x768_0023_Kids.jpg","type":"image\/jpeg"}],"twitter_card":"summary_large_image","twitter_misc":{"Est. reading time":"1 minut"},"schema":{"@context":"https:\/\/schema.org","@graph":[{"@type":"WebPage","@id":"https:\/\/waterpik.lt\/et\/toode\/suu-irrigaator-waterpik-wp-260-for-kids\/","url":"https:\/\/waterpik.lt\/et\/toode\/suu-irrigaator-waterpik-wp-260-for-kids\/","name":"Suu irrigaator Waterpik WP-260 for Kids | Waterpik","isPartOf":{"@id":"https:\/\/waterpik.lt\/#website"},"primaryImageOfPage":{"@id":"https:\/\/waterpik.lt\/et\/toode\/suu-irrigaator-waterpik-wp-260-for-kids\/#primaryimage"},"image":{"@id":"https:\/\/waterpik.lt\/et\/toode\/suu-irrigaator-waterpik-wp-260-for-kids\/#primaryimage"},"thumbnailUrl":"https:\/\/waterpik.lt\/wp-content\/uploads\/2018\/11\/WF-06_Hero_Rendering_White-768x768_0023_Kids.jpg","datePublished":"2018-11-29T11:07:50+00:00","dateModified":"2023-03-16T10:56:16+00:00","description":"Ettev\u00f5te tegeleb hambatehnikute ja stomatoloogiatarvikute m\u00fc\u00fcgiga. Kaksk\u00fcmmend aastat oleme Baltikumi Waterpiku tootja m\u00fc\u00fcgiesindaja.","breadcrumb":{"@id":"https:\/\/waterpik.lt\/et\/toode\/suu-irrigaator-waterpik-wp-260-for-kids\/#breadcrumb"},"inLanguage":"et","potentialAction":[{"@type":"ReadAction","target":["https:\/\/waterpik.lt\/et\/toode\/suu-irrigaator-waterpik-wp-260-for-kids\/"]}]},{"@type":"ImageObject","inLanguage":"et","@id":"https:\/\/waterpik.lt\/et\/toode\/suu-irrigaator-waterpik-wp-260-for-kids\/#primaryimage","url":"https:\/\/waterpik.lt\/wp-content\/uploads\/2018\/11\/WF-06_Hero_Rendering_White-768x768_0023_Kids.jpg","contentUrl":"https:\/\/waterpik.lt\/wp-content\/uploads\/2018\/11\/WF-06_Hero_Rendering_White-768x768_0023_Kids.jpg","width":768,"height":768},{"@type":"BreadcrumbList","@id":"https:\/\/waterpik.lt\/et\/toode\/suu-irrigaator-waterpik-wp-260-for-kids\/#breadcrumb","itemListElement":[{"@type":"ListItem","position":1,"name":"Titulinis","item":"https:\/\/waterpik.lt\/et\/"},{"@type":"ListItem","position":2,"name":"Tooted","item":"https:\/\/waterpik.lt\/et\/tooted\/"},{"@type":"ListItem","position":3,"name":"Suu irrigaator Waterpik WP-260 for Kids"}]},{"@type":"WebSite","@id":"https:\/\/waterpik.lt\/#website","url":"https:\/\/waterpik.lt\/","name":"Waterpik","description":"Irigatoriai","publisher":{"@id":"https:\/\/waterpik.lt\/#organization"},"potentialAction":[{"@type":"SearchAction","target":{"@type":"EntryPoint","urlTemplate":"https:\/\/waterpik.lt\/?s={search_term_string}"},"query-input":{"@type":"PropertyValueSpecification","valueRequired":true,"valueName":"search_term_string"}}],"inLanguage":"et"},{"@type":"Organization","@id":"https:\/\/waterpik.lt\/#organization","name":"Waterpik","url":"https:\/\/waterpik.lt\/","logo":{"@type":"ImageObject","inLanguage":"et","@id":"https:\/\/waterpik.lt\/#\/schema\/logo\/image\/","url":"https:\/\/waterpik.lt\/wp-content\/uploads\/2019\/05\/WP-160.jpg","contentUrl":"https:\/\/waterpik.lt\/wp-content\/uploads\/2019\/05\/WP-160.jpg","width":2048,"height":2048,"caption":"Waterpik"},"image":{"@id":"https:\/\/waterpik.lt\/#\/schema\/logo\/image\/"}}]}},"_links":{"self":[{"href":"https:\/\/waterpik.lt\/et\/wp-json\/wp\/v2\/product\/649","targetHints":{"allow":["GET"]}}],"collection":[{"href":"https:\/\/waterpik.lt\/et\/wp-json\/wp\/v2\/product"}],"about":[{"href":"https:\/\/waterpik.lt\/et\/wp-json\/wp\/v2\/types\/product"}],"wp:featuredmedia":[{"embeddable":true,"href":"https:\/\/waterpik.lt\/et\/wp-json\/wp\/v2\/media\/394"}],"wp:attachment":[{"href":"https:\/\/waterpik.lt\/et\/wp-json\/wp\/v2\/media?parent=649"}],"wp:term":[{"taxonomy":"product_brand","embeddable":true,"href":"https:\/\/waterpik.lt\/et\/wp-json\/wp\/v2\/product_brand?post=649"},{"taxonomy":"product_cat","embeddable":true,"href":"https:\/\/waterpik.lt\/et\/wp-json\/wp\/v2\/product_cat?post=649"},{"taxonomy":"product_tag","embeddable":true,"href":"https:\/\/waterpik.lt\/et\/wp-json\/wp\/v2\/product_tag?post=649"}],"curies":[{"name":"wp","href":"https:\/\/api.w.org\/{rel}","templated":true}]}}