{"id":647,"date":"2018-11-29T11:03:09","date_gmt":"2018-11-29T11:03:09","guid":{"rendered":"https:\/\/waterpik.lt\/product\/burnos-irigatorius-waterpik-wp-300-traveler\/"},"modified":"2025-12-03T15:12:38","modified_gmt":"2025-12-03T13:12:38","slug":"suu-veeprits-waterpik-wp-250-nano","status":"publish","type":"product","link":"https:\/\/waterpik.lt\/et\/toode\/suu-veeprits-waterpik-wp-250-nano\/","title":{"rendered":"Suu irrigaator Waterpik WP-250 Nano\u2122"},"content":{"rendered":"<div class=\"wpb-content-wrapper\"><p>[vc_row css_animation=&#8221;&#8221; row_type=&#8221;row&#8221; use_row_as_full_screen_section=&#8221;no&#8221; type=&#8221;full_width&#8221; angled_section=&#8221;no&#8221; text_align=&#8221;left&#8221; background_image_as_pattern=&#8221;without_pattern&#8221;][vc_column][vc_column_text]<\/p>\n<h3>Toote eelised<\/h3>\n<ul>\n<li style=\"text-align: justify;\">T\u00f5husalt puhastab hambakatti: kliiniliselt on t\u00f5estatud, et 3 sekundi jooksul eemaldatakse puhastatavatelt hammastelt 99,9 protsenti hambakatti;<\/li>\n<li style=\"text-align: justify;\">Tervemad hambad: kliiniliselt on t\u00f5estatud, et toode on kuni 50 protsenti efektiivem tavalisest hambaniidist;<\/li>\n<li style=\"text-align: justify;\">Sobib suurep\u00e4easelt implantaatidele: kliiniliselt on t\u00f5estatud, et efektiivsus on 2 korda hambaniidist suurem, parendab hambaigeme seisundit, eriti, kui kasutatakse \u201ePlaque Seeker\u00ae\u201c otsikut;<\/li>\n<li style=\"text-align: justify;\">T\u00e4htis ka breketite kasuatajatele: kliiniliselt on t\u00f5estatud,et uus vee irrigaator on ortodontset otsikut kasutades 3 korda efektiivsem hambaniidist, eriti hambakati eemaldamisel breketite \u00fcmbert;<\/li>\n<li style=\"text-align: justify;\">Eemaldab hambakati ja hammastevahelised kivid ka sealt, kuhu ei ulatu hambahari ja tavaline hambaniit;<\/li>\n<li style=\"text-align: justify;\">Masseerib ja stimuleerib igemeid, parendab igemete tervislikku seisundit ja vereringvoolu;<\/li>\n<li style=\"text-align: justify;\">Suu muutub puhtaks ja v\u00e4rskeks;<\/li>\n<li style=\"text-align: justify;\">Sobib suurep\u00e4raselt inimestele, kel on implantaadid, hambakroonid ja hamba laminaadid;<\/li>\n<li style=\"text-align: justify;\">Igemete tervislik seisund paraneb juba 14 p\u00e4eva p\u00e4rast.<\/li>\n<\/ul>\n<h3>Toote omadused<\/h3>\n<ul>\n<li style=\"text-align: justify;\">2 otsikut<\/li>\n<li style=\"text-align: justify;\">Kolmefunktsiooniline r\u00f5hu reguleerimiss\u00fcstem<\/li>\n<li style=\"text-align: justify;\">Reservuaari maht 60+ sekundit<\/li>\n<li style=\"text-align: justify;\">Mahult v\u00e4iksem ja t\u00f6\u00f6tab vaiksemalt kui varasemad mudelid<\/li>\n<li style=\"text-align: justify;\">Reservuaar v\u00f5ib olla kummutatud nii reisides kui seadet mitte kasutades<\/li>\n<li style=\"text-align: justify;\">Kaks aastat garantiid<\/li>\n<\/ul>\n<p>[\/vc_column_text][\/vc_column][\/vc_row]<\/p>\n<\/div>","protected":false},"excerpt":{"rendered":"<p>&nbsp;<\/p>\n<p><span lang=\"et-EE\"><b>T\u00e4helepanu! Mudel Waterpik WP-250 Nano\u2122 on muutnud ametlikult oma nime ja uus nimi on Waterpik WF-310 Nano\u2122<\/b><\/span><\/p>\n<p lang=\"et-EE\"><span style=\"color: #ff0000;\"><a style=\"color: #ff0000;\" href=\"https:\/\/waterpik.lt\/et\/toode\/suu-veeprits-waterpik-wf-310-nano\/\"><u><b>Uue nimega irrigaatori saate osta siit<\/b><\/u><\/a><\/span><\/p>\n<p style=\"text-align: justify;\">Waterpik\u00ae Nano\u2122 vee irrigaator on kerge ja efektiivne hambavahede puhastusvahend! Uus kompaktne disain sobib v\u00e4ikestesse vannitubadesse ja on asendamatu reisil.<br \/>\n<b><\/b><br \/>\nNano irrigaator on poole v\u00e4iksem varasemast, kummutatud reservuaariga mudelist, sellep\u00e4rast sobib eriti reisidel kasutamiseks. Seadmel on 2 erinevat otsikut ja kolmefunktsiooniline r\u00f5hu reguleerimiss\u00fcsteem. Irrigaator on energiat s\u00e4\u00e4stev ning t\u00f6\u00f6tab vaikselt.<br \/>\n<b><\/b><br \/>\nKliiniliselt on t\u00f5estataud, et Waterpik\u00ae\u201c irrigaatorid on hoopis t\u00f5husamad kui traditsiooniline hambaniit, igemep\u00f5letiku ja muude igemehaiguste korral. Ta sobib suurep\u00e4raselt k\u00f5ikidele \u2013 isegi neile, kes kannavad breketeid ja neile, kellel on implantaadid, hambakroonid, sillad v\u00f5i hamba laminaadid.<\/p>\n<p><b><\/b><br \/>\n<a href=\"\/wp-content\/uploads\/2018\/12\/Waterpik-WP-260-300-EE.pdf\" target=\"_blank\" rel=\"noopener\"><img loading=\"lazy\" decoding=\"async\" class=\"alignnone wp-image-433\" src=\"https:\/\/waterpik.lt\/wp-content\/uploads\/2018\/11\/download.png\" alt=\"\" width=\"128\" height=\"41\" \/><\/a><\/p>\n<p>&nbsp;<\/p>\n<div class=\"qbutton default\">[spu popup=\"637\"]TELLI[\/spu]<\/div>\n","protected":false},"featured_media":40015,"template":"","meta":{"inline_featured_image":false},"product_brand":[],"product_cat":[46],"product_tag":[],"class_list":{"0":"post-647","1":"product","2":"type-product","3":"status-publish","4":"has-post-thumbnail","6":"product_cat-suu-irrigaatorid","8":"first","9":"outofstock","10":"taxable","11":"shipping-taxable","12":"purchasable","13":"product-type-simple"},"yoast_head":"<!-- This site is optimized with the Yoast SEO plugin v24.6 - https:\/\/yoast.com\/wordpress\/plugins\/seo\/ -->\n<title>Suu irrigaator Waterpik WP-250 Nano\u2122 | Waterpik<\/title>\n<meta name=\"description\" content=\"Ettev\u00f5te tegeleb hambatehnikute ja stomatoloogiatarvikute m\u00fc\u00fcgiga. Kaksk\u00fcmmend aastat oleme Baltikumi Waterpiku tootja m\u00fc\u00fcgiesindaja.\" \/>\n<meta name=\"robots\" content=\"index, follow, max-snippet:-1, max-image-preview:large, max-video-preview:-1\" \/>\n<link rel=\"canonical\" href=\"https:\/\/waterpik.lt\/et\/toode\/suu-veeprits-waterpik-wp-250-nano\/\" \/>\n<meta property=\"og:locale\" content=\"et_EE\" \/>\n<meta property=\"og:type\" content=\"article\" \/>\n<meta property=\"og:title\" content=\"Suu irrigaator Waterpik WP-250 Nano\u2122 | Waterpik\" \/>\n<meta property=\"og:description\" content=\"Ettev\u00f5te tegeleb hambatehnikute ja stomatoloogiatarvikute m\u00fc\u00fcgiga. Kaksk\u00fcmmend aastat oleme Baltikumi Waterpiku tootja m\u00fc\u00fcgiesindaja.\" \/>\n<meta property=\"og:url\" content=\"https:\/\/waterpik.lt\/et\/toode\/suu-veeprits-waterpik-wp-250-nano\/\" \/>\n<meta property=\"og:site_name\" content=\"Waterpik\" \/>\n<meta property=\"article:modified_time\" content=\"2025-12-03T13:12:38+00:00\" \/>\n<meta property=\"og:image\" content=\"https:\/\/waterpik.lt\/wp-content\/uploads\/2018\/11\/WP250EU_3Quarter-scaled.jpg\" \/>\n\t<meta property=\"og:image:width\" content=\"2560\" \/>\n\t<meta property=\"og:image:height\" content=\"2560\" \/>\n\t<meta property=\"og:image:type\" content=\"image\/jpeg\" \/>\n<meta name=\"twitter:card\" content=\"summary_large_image\" \/>\n<meta name=\"twitter:label1\" content=\"Est. reading time\" \/>\n\t<meta name=\"twitter:data1\" content=\"1 minut\" \/>\n<script type=\"application\/ld+json\" class=\"yoast-schema-graph\">{\"@context\":\"https:\/\/schema.org\",\"@graph\":[{\"@type\":\"WebPage\",\"@id\":\"https:\/\/waterpik.lt\/et\/toode\/suu-veeprits-waterpik-wp-250-nano\/\",\"url\":\"https:\/\/waterpik.lt\/et\/toode\/suu-veeprits-waterpik-wp-250-nano\/\",\"name\":\"Suu irrigaator Waterpik WP-250 Nano\u2122 | Waterpik\",\"isPartOf\":{\"@id\":\"https:\/\/waterpik.lt\/#website\"},\"primaryImageOfPage\":{\"@id\":\"https:\/\/waterpik.lt\/et\/toode\/suu-veeprits-waterpik-wp-250-nano\/#primaryimage\"},\"image\":{\"@id\":\"https:\/\/waterpik.lt\/et\/toode\/suu-veeprits-waterpik-wp-250-nano\/#primaryimage\"},\"thumbnailUrl\":\"https:\/\/waterpik.lt\/wp-content\/uploads\/2018\/11\/WP250EU_3Quarter-scaled.jpg\",\"datePublished\":\"2018-11-29T11:03:09+00:00\",\"dateModified\":\"2025-12-03T13:12:38+00:00\",\"description\":\"Ettev\u00f5te tegeleb hambatehnikute ja stomatoloogiatarvikute m\u00fc\u00fcgiga. Kaksk\u00fcmmend aastat oleme Baltikumi Waterpiku tootja m\u00fc\u00fcgiesindaja.\",\"breadcrumb\":{\"@id\":\"https:\/\/waterpik.lt\/et\/toode\/suu-veeprits-waterpik-wp-250-nano\/#breadcrumb\"},\"inLanguage\":\"et\",\"potentialAction\":[{\"@type\":\"ReadAction\",\"target\":[\"https:\/\/waterpik.lt\/et\/toode\/suu-veeprits-waterpik-wp-250-nano\/\"]}]},{\"@type\":\"ImageObject\",\"inLanguage\":\"et\",\"@id\":\"https:\/\/waterpik.lt\/et\/toode\/suu-veeprits-waterpik-wp-250-nano\/#primaryimage\",\"url\":\"https:\/\/waterpik.lt\/wp-content\/uploads\/2018\/11\/WP250EU_3Quarter-scaled.jpg\",\"contentUrl\":\"https:\/\/waterpik.lt\/wp-content\/uploads\/2018\/11\/WP250EU_3Quarter-scaled.jpg\",\"width\":2560,\"height\":2560},{\"@type\":\"BreadcrumbList\",\"@id\":\"https:\/\/waterpik.lt\/et\/toode\/suu-veeprits-waterpik-wp-250-nano\/#breadcrumb\",\"itemListElement\":[{\"@type\":\"ListItem\",\"position\":1,\"name\":\"Titulinis\",\"item\":\"https:\/\/waterpik.lt\/et\/\"},{\"@type\":\"ListItem\",\"position\":2,\"name\":\"Tooted\",\"item\":\"https:\/\/waterpik.lt\/et\/tooted\/\"},{\"@type\":\"ListItem\",\"position\":3,\"name\":\"Suu irrigaator Waterpik WP-250 Nano\u2122\"}]},{\"@type\":\"WebSite\",\"@id\":\"https:\/\/waterpik.lt\/#website\",\"url\":\"https:\/\/waterpik.lt\/\",\"name\":\"Waterpik\",\"description\":\"Irigatoriai\",\"publisher\":{\"@id\":\"https:\/\/waterpik.lt\/#organization\"},\"potentialAction\":[{\"@type\":\"SearchAction\",\"target\":{\"@type\":\"EntryPoint\",\"urlTemplate\":\"https:\/\/waterpik.lt\/?s={search_term_string}\"},\"query-input\":{\"@type\":\"PropertyValueSpecification\",\"valueRequired\":true,\"valueName\":\"search_term_string\"}}],\"inLanguage\":\"et\"},{\"@type\":\"Organization\",\"@id\":\"https:\/\/waterpik.lt\/#organization\",\"name\":\"Waterpik\",\"url\":\"https:\/\/waterpik.lt\/\",\"logo\":{\"@type\":\"ImageObject\",\"inLanguage\":\"et\",\"@id\":\"https:\/\/waterpik.lt\/#\/schema\/logo\/image\/\",\"url\":\"https:\/\/waterpik.lt\/wp-content\/uploads\/2019\/05\/WP-160.jpg\",\"contentUrl\":\"https:\/\/waterpik.lt\/wp-content\/uploads\/2019\/05\/WP-160.jpg\",\"width\":2048,\"height\":2048,\"caption\":\"Waterpik\"},\"image\":{\"@id\":\"https:\/\/waterpik.lt\/#\/schema\/logo\/image\/\"}}]}<\/script>\n<!-- \/ Yoast SEO plugin. -->","yoast_head_json":{"title":"Suu irrigaator Waterpik WP-250 Nano\u2122 | Waterpik","description":"Ettev\u00f5te tegeleb hambatehnikute ja stomatoloogiatarvikute m\u00fc\u00fcgiga. Kaksk\u00fcmmend aastat oleme Baltikumi Waterpiku tootja m\u00fc\u00fcgiesindaja.","robots":{"index":"index","follow":"follow","max-snippet":"max-snippet:-1","max-image-preview":"max-image-preview:large","max-video-preview":"max-video-preview:-1"},"canonical":"https:\/\/waterpik.lt\/et\/toode\/suu-veeprits-waterpik-wp-250-nano\/","og_locale":"et_EE","og_type":"article","og_title":"Suu irrigaator Waterpik WP-250 Nano\u2122 | Waterpik","og_description":"Ettev\u00f5te tegeleb hambatehnikute ja stomatoloogiatarvikute m\u00fc\u00fcgiga. Kaksk\u00fcmmend aastat oleme Baltikumi Waterpiku tootja m\u00fc\u00fcgiesindaja.","og_url":"https:\/\/waterpik.lt\/et\/toode\/suu-veeprits-waterpik-wp-250-nano\/","og_site_name":"Waterpik","article_modified_time":"2025-12-03T13:12:38+00:00","og_image":[{"width":2560,"height":2560,"url":"https:\/\/waterpik.lt\/wp-content\/uploads\/2018\/11\/WP250EU_3Quarter-scaled.jpg","type":"image\/jpeg"}],"twitter_card":"summary_large_image","twitter_misc":{"Est. reading time":"1 minut"},"schema":{"@context":"https:\/\/schema.org","@graph":[{"@type":"WebPage","@id":"https:\/\/waterpik.lt\/et\/toode\/suu-veeprits-waterpik-wp-250-nano\/","url":"https:\/\/waterpik.lt\/et\/toode\/suu-veeprits-waterpik-wp-250-nano\/","name":"Suu irrigaator Waterpik WP-250 Nano\u2122 | Waterpik","isPartOf":{"@id":"https:\/\/waterpik.lt\/#website"},"primaryImageOfPage":{"@id":"https:\/\/waterpik.lt\/et\/toode\/suu-veeprits-waterpik-wp-250-nano\/#primaryimage"},"image":{"@id":"https:\/\/waterpik.lt\/et\/toode\/suu-veeprits-waterpik-wp-250-nano\/#primaryimage"},"thumbnailUrl":"https:\/\/waterpik.lt\/wp-content\/uploads\/2018\/11\/WP250EU_3Quarter-scaled.jpg","datePublished":"2018-11-29T11:03:09+00:00","dateModified":"2025-12-03T13:12:38+00:00","description":"Ettev\u00f5te tegeleb hambatehnikute ja stomatoloogiatarvikute m\u00fc\u00fcgiga. Kaksk\u00fcmmend aastat oleme Baltikumi Waterpiku tootja m\u00fc\u00fcgiesindaja.","breadcrumb":{"@id":"https:\/\/waterpik.lt\/et\/toode\/suu-veeprits-waterpik-wp-250-nano\/#breadcrumb"},"inLanguage":"et","potentialAction":[{"@type":"ReadAction","target":["https:\/\/waterpik.lt\/et\/toode\/suu-veeprits-waterpik-wp-250-nano\/"]}]},{"@type":"ImageObject","inLanguage":"et","@id":"https:\/\/waterpik.lt\/et\/toode\/suu-veeprits-waterpik-wp-250-nano\/#primaryimage","url":"https:\/\/waterpik.lt\/wp-content\/uploads\/2018\/11\/WP250EU_3Quarter-scaled.jpg","contentUrl":"https:\/\/waterpik.lt\/wp-content\/uploads\/2018\/11\/WP250EU_3Quarter-scaled.jpg","width":2560,"height":2560},{"@type":"BreadcrumbList","@id":"https:\/\/waterpik.lt\/et\/toode\/suu-veeprits-waterpik-wp-250-nano\/#breadcrumb","itemListElement":[{"@type":"ListItem","position":1,"name":"Titulinis","item":"https:\/\/waterpik.lt\/et\/"},{"@type":"ListItem","position":2,"name":"Tooted","item":"https:\/\/waterpik.lt\/et\/tooted\/"},{"@type":"ListItem","position":3,"name":"Suu irrigaator Waterpik WP-250 Nano\u2122"}]},{"@type":"WebSite","@id":"https:\/\/waterpik.lt\/#website","url":"https:\/\/waterpik.lt\/","name":"Waterpik","description":"Irigatoriai","publisher":{"@id":"https:\/\/waterpik.lt\/#organization"},"potentialAction":[{"@type":"SearchAction","target":{"@type":"EntryPoint","urlTemplate":"https:\/\/waterpik.lt\/?s={search_term_string}"},"query-input":{"@type":"PropertyValueSpecification","valueRequired":true,"valueName":"search_term_string"}}],"inLanguage":"et"},{"@type":"Organization","@id":"https:\/\/waterpik.lt\/#organization","name":"Waterpik","url":"https:\/\/waterpik.lt\/","logo":{"@type":"ImageObject","inLanguage":"et","@id":"https:\/\/waterpik.lt\/#\/schema\/logo\/image\/","url":"https:\/\/waterpik.lt\/wp-content\/uploads\/2019\/05\/WP-160.jpg","contentUrl":"https:\/\/waterpik.lt\/wp-content\/uploads\/2019\/05\/WP-160.jpg","width":2048,"height":2048,"caption":"Waterpik"},"image":{"@id":"https:\/\/waterpik.lt\/#\/schema\/logo\/image\/"}}]}},"_links":{"self":[{"href":"https:\/\/waterpik.lt\/et\/wp-json\/wp\/v2\/product\/647","targetHints":{"allow":["GET"]}}],"collection":[{"href":"https:\/\/waterpik.lt\/et\/wp-json\/wp\/v2\/product"}],"about":[{"href":"https:\/\/waterpik.lt\/et\/wp-json\/wp\/v2\/types\/product"}],"wp:featuredmedia":[{"embeddable":true,"href":"https:\/\/waterpik.lt\/et\/wp-json\/wp\/v2\/media\/40015"}],"wp:attachment":[{"href":"https:\/\/waterpik.lt\/et\/wp-json\/wp\/v2\/media?parent=647"}],"wp:term":[{"taxonomy":"product_brand","embeddable":true,"href":"https:\/\/waterpik.lt\/et\/wp-json\/wp\/v2\/product_brand?post=647"},{"taxonomy":"product_cat","embeddable":true,"href":"https:\/\/waterpik.lt\/et\/wp-json\/wp\/v2\/product_cat?post=647"},{"taxonomy":"product_tag","embeddable":true,"href":"https:\/\/waterpik.lt\/et\/wp-json\/wp\/v2\/product_tag?post=647"}],"curies":[{"name":"wp","href":"https:\/\/api.w.org\/{rel}","templated":true}]}}