{"id":643,"date":"2018-11-29T10:47:01","date_gmt":"2018-11-29T10:47:01","guid":{"rendered":"https:\/\/waterpik.lt\/product\/burnos-irigatorius-waterpik-ultra-wp-100\/"},"modified":"2026-03-10T10:47:04","modified_gmt":"2026-03-10T08:47:04","slug":"suu-irrigaator-ultra-wp-100","status":"publish","type":"product","link":"https:\/\/waterpik.lt\/et\/toode\/suu-irrigaator-ultra-wp-100\/","title":{"rendered":"Suu irrigaator Ultra WP-100"},"content":{"rendered":"<div class=\"wpb-content-wrapper\"><p>[vc_row css_animation=&#8221;&#8221; row_type=&#8221;row&#8221; use_row_as_full_screen_section=&#8221;no&#8221; type=&#8221;full_width&#8221; angled_section=&#8221;no&#8221; text_align=&#8221;left&#8221; background_image_as_pattern=&#8221;without_pattern&#8221;][vc_column][vc_column_text]<\/p>\n<h3>Toote eelised<\/h3>\n<ul>\n<li style=\"text-align: justify;\">Parendab suuh\u00fcgieeni: kliiniliselt on t\u00f5estatud, et irrigaatorit e veepritsi kasutades on suuhooldus 2x efektiivsem kui hambaniiti kasutades.<\/li>\n<li style=\"text-align: justify;\">Eemaldab s\u00fcgavale igemepiiri alla sattunud bakterid, kuhu ei ulatu hambahari ega hambaniit.<\/li>\n<li style=\"text-align: justify;\">Masseerib ja stimuleerib igemeid, toimib p\u00f5letikuvastaselt ning parendab suuh\u00fcgieeni<\/li>\n<li style=\"text-align: justify;\">V\u00f5ib kasutada vett v\u00f5i teie enda valitud suuloputusvedelikku.<\/li>\n<\/ul>\n<h3>Toote omadused<\/h3>\n<ul>\n<li style=\"text-align: justify;\">Uudne veejoa r\u00f5hu juhtimiss\u00fcsteem 10 valikuv\u00f5imalusega<\/li>\n<li style=\"text-align: justify;\">Moodne minikorpus: 20% v\u00e4iksem kui varasematel mudelitel<\/li>\n<li style=\"text-align: justify;\">T\u00f6\u00f6tab vaiksemalt kui teised mudelid<\/li>\n<li style=\"text-align: justify;\">Reservuaari unikaalne kaas h\u00fcgieenilise otsiku paigutamisv\u00f5imalusega<\/li>\n<li style=\"text-align: justify;\">Reservuaari maht 650ml<\/li>\n<\/ul>\n<p>Komplektist leiate:<\/p>\n<ul>\n<li style=\"text-align: justify;\">Standardne otsik JT-100E, 2 tk Puhastab s\u00fcgavalt hammaste vahelisi alasid, tagades terved igemed.<\/li>\n<li style=\"text-align: justify;\">Keelekaabits TC-100E, 1 tk Eemaldab halba l\u00f5hna tekitavad bakterid<\/li>\n<li style=\"text-align: justify;\">Otsik Pik Pocket PPR-2, 1 tk Peseb igemetaskud<\/li>\n<li style=\"text-align: justify;\">Ortodontiline otsik OD-100E, 1 tk Puhastab raskesti ligip\u00e4\u00e4setavad kohad breketite ja hambaproteeside \u00fcmbert<\/li>\n<li style=\"text-align: justify;\">Plaque Seeker\u2122 Tip PS-100E, 1 tk Kolme peene harjastekihiga hari puhastab raskesti ligip\u00e4\u00e4setavad hammaste vahelised alad ja sobib eriti implantaatide hoolduseks<\/li>\n<li style=\"text-align: justify;\">Hambahari TB-100E 1 tk Traditsiooniline hambahari. V\u00f5ib kasutada hambapastaga. Soovitatakse vahetada iga kolme kuu tagant.<\/li>\n<\/ul>\n<p>[\/vc_column_text][\/vc_column][\/vc_row]<\/p>\n<\/div>","protected":false},"excerpt":{"rendered":"<p>&nbsp;<\/p>\n<p><span lang=\"et-EE\"><b>T\u00e4helepanu! Mudel Waterpik WP-100 Ultra on muutnud ametlikult oma nime ja uus nimi on Waterpik WF-100 Ultra!<\/b><\/span><\/p>\n<p lang=\"et-EE\"><a href=\"https:\/\/waterpik.lt\/et\/toode\/suu-irrigaator-ultra-wf-100\/\"><span style=\"color: #ff0000;\"><u><b>Uue nimega irrigaatori saate osta siit<\/b><\/u><\/span><\/a><\/p>\n<p>Waterpik ultra- see on hammaste puhastamine pulsseeriva veejoaga. Komplekti kuuluvad kuut liiki otsikud, kaasa arvatud uusimate ortodontiliste hambaharjade otsikud Kui kannate breketeid, puhastab Waterpik Ultra hammaste vahelise alad 3x efektiivsemalt kui hambaniit. Tagaj\u00e4rjed on m\u00e4rgatavd juba 14 p\u00e4eva p\u00e4rast.<\/p>\n<p><b><\/b><br \/>\n<a href=\"\/wp-content\/uploads\/2018\/12\/Waterpik-WP-100-EE.pdf\" target=\"_blank\" rel=\"noopener\"><img loading=\"lazy\" decoding=\"async\" class=\"alignnone wp-image-433\" src=\"https:\/\/waterpik.lt\/wp-content\/uploads\/2018\/11\/download.png\" alt=\"\" width=\"128\" height=\"41\" \/><\/a><\/p>\n<p>&nbsp;<\/p>\n<div class=\"qbutton default\">[spu popup=\"637\"]TELLI[\/spu]<\/div>\n","protected":false},"featured_media":22548,"template":"","meta":{"inline_featured_image":false},"product_brand":[],"product_cat":[46],"product_tag":[],"class_list":{"0":"post-643","1":"product","2":"type-product","3":"status-publish","4":"has-post-thumbnail","6":"product_cat-suu-irrigaatorid","8":"first","9":"outofstock","10":"taxable","11":"shipping-taxable","12":"purchasable","13":"product-type-simple"},"yoast_head":"<!-- This site is optimized with the Yoast SEO plugin v24.6 - https:\/\/yoast.com\/wordpress\/plugins\/seo\/ -->\n<title>Suu irrigaator Ultra WP-100 | Waterpik<\/title>\n<meta name=\"description\" content=\"Ettev\u00f5te tegeleb hambatehnikute ja stomatoloogiatarvikute m\u00fc\u00fcgiga. Kaksk\u00fcmmend aastat oleme Baltikumi Waterpiku tootja m\u00fc\u00fcgiesindaja.\" \/>\n<meta name=\"robots\" content=\"index, follow, max-snippet:-1, max-image-preview:large, max-video-preview:-1\" \/>\n<link rel=\"canonical\" href=\"https:\/\/waterpik.lt\/et\/toode\/suu-irrigaator-ultra-wp-100\/\" \/>\n<meta property=\"og:locale\" content=\"et_EE\" \/>\n<meta property=\"og:type\" content=\"article\" \/>\n<meta property=\"og:title\" content=\"Suu irrigaator Ultra WP-100 | Waterpik\" \/>\n<meta property=\"og:description\" content=\"Ettev\u00f5te tegeleb hambatehnikute ja stomatoloogiatarvikute m\u00fc\u00fcgiga. Kaksk\u00fcmmend aastat oleme Baltikumi Waterpiku tootja m\u00fc\u00fcgiesindaja.\" \/>\n<meta property=\"og:url\" content=\"https:\/\/waterpik.lt\/et\/toode\/suu-irrigaator-ultra-wp-100\/\" \/>\n<meta property=\"og:site_name\" content=\"Waterpik\" \/>\n<meta property=\"article:modified_time\" content=\"2026-03-10T08:47:04+00:00\" \/>\n<meta property=\"og:image\" content=\"https:\/\/waterpik.lt\/wp-content\/uploads\/2018\/11\/waterpik-ultra-water-flosser-wp-100-white1.jpg\" \/>\n\t<meta property=\"og:image:width\" content=\"600\" \/>\n\t<meta property=\"og:image:height\" content=\"600\" \/>\n\t<meta property=\"og:image:type\" content=\"image\/jpeg\" \/>\n<meta name=\"twitter:card\" content=\"summary_large_image\" \/>\n<meta name=\"twitter:label1\" content=\"Est. reading time\" \/>\n\t<meta name=\"twitter:data1\" content=\"1 minut\" \/>\n<script type=\"application\/ld+json\" class=\"yoast-schema-graph\">{\"@context\":\"https:\/\/schema.org\",\"@graph\":[{\"@type\":\"WebPage\",\"@id\":\"https:\/\/waterpik.lt\/et\/toode\/suu-irrigaator-ultra-wp-100\/\",\"url\":\"https:\/\/waterpik.lt\/et\/toode\/suu-irrigaator-ultra-wp-100\/\",\"name\":\"Suu irrigaator Ultra WP-100 | Waterpik\",\"isPartOf\":{\"@id\":\"https:\/\/waterpik.lt\/#website\"},\"primaryImageOfPage\":{\"@id\":\"https:\/\/waterpik.lt\/et\/toode\/suu-irrigaator-ultra-wp-100\/#primaryimage\"},\"image\":{\"@id\":\"https:\/\/waterpik.lt\/et\/toode\/suu-irrigaator-ultra-wp-100\/#primaryimage\"},\"thumbnailUrl\":\"https:\/\/waterpik.lt\/wp-content\/uploads\/2018\/11\/waterpik-ultra-water-flosser-wp-100-white1.jpg\",\"datePublished\":\"2018-11-29T10:47:01+00:00\",\"dateModified\":\"2026-03-10T08:47:04+00:00\",\"description\":\"Ettev\u00f5te tegeleb hambatehnikute ja stomatoloogiatarvikute m\u00fc\u00fcgiga. Kaksk\u00fcmmend aastat oleme Baltikumi Waterpiku tootja m\u00fc\u00fcgiesindaja.\",\"breadcrumb\":{\"@id\":\"https:\/\/waterpik.lt\/et\/toode\/suu-irrigaator-ultra-wp-100\/#breadcrumb\"},\"inLanguage\":\"et\",\"potentialAction\":[{\"@type\":\"ReadAction\",\"target\":[\"https:\/\/waterpik.lt\/et\/toode\/suu-irrigaator-ultra-wp-100\/\"]}]},{\"@type\":\"ImageObject\",\"inLanguage\":\"et\",\"@id\":\"https:\/\/waterpik.lt\/et\/toode\/suu-irrigaator-ultra-wp-100\/#primaryimage\",\"url\":\"https:\/\/waterpik.lt\/wp-content\/uploads\/2018\/11\/waterpik-ultra-water-flosser-wp-100-white1.jpg\",\"contentUrl\":\"https:\/\/waterpik.lt\/wp-content\/uploads\/2018\/11\/waterpik-ultra-water-flosser-wp-100-white1.jpg\",\"width\":600,\"height\":600},{\"@type\":\"BreadcrumbList\",\"@id\":\"https:\/\/waterpik.lt\/et\/toode\/suu-irrigaator-ultra-wp-100\/#breadcrumb\",\"itemListElement\":[{\"@type\":\"ListItem\",\"position\":1,\"name\":\"Titulinis\",\"item\":\"https:\/\/waterpik.lt\/et\/\"},{\"@type\":\"ListItem\",\"position\":2,\"name\":\"Tooted\",\"item\":\"https:\/\/waterpik.lt\/et\/tooted\/\"},{\"@type\":\"ListItem\",\"position\":3,\"name\":\"Suu irrigaator Ultra WP-100\"}]},{\"@type\":\"WebSite\",\"@id\":\"https:\/\/waterpik.lt\/#website\",\"url\":\"https:\/\/waterpik.lt\/\",\"name\":\"Waterpik\",\"description\":\"Irigatoriai\",\"publisher\":{\"@id\":\"https:\/\/waterpik.lt\/#organization\"},\"potentialAction\":[{\"@type\":\"SearchAction\",\"target\":{\"@type\":\"EntryPoint\",\"urlTemplate\":\"https:\/\/waterpik.lt\/?s={search_term_string}\"},\"query-input\":{\"@type\":\"PropertyValueSpecification\",\"valueRequired\":true,\"valueName\":\"search_term_string\"}}],\"inLanguage\":\"et\"},{\"@type\":\"Organization\",\"@id\":\"https:\/\/waterpik.lt\/#organization\",\"name\":\"Waterpik\",\"url\":\"https:\/\/waterpik.lt\/\",\"logo\":{\"@type\":\"ImageObject\",\"inLanguage\":\"et\",\"@id\":\"https:\/\/waterpik.lt\/#\/schema\/logo\/image\/\",\"url\":\"https:\/\/waterpik.lt\/wp-content\/uploads\/2019\/05\/WP-160.jpg\",\"contentUrl\":\"https:\/\/waterpik.lt\/wp-content\/uploads\/2019\/05\/WP-160.jpg\",\"width\":2048,\"height\":2048,\"caption\":\"Waterpik\"},\"image\":{\"@id\":\"https:\/\/waterpik.lt\/#\/schema\/logo\/image\/\"}}]}<\/script>\n<!-- \/ Yoast SEO plugin. -->","yoast_head_json":{"title":"Suu irrigaator Ultra WP-100 | Waterpik","description":"Ettev\u00f5te tegeleb hambatehnikute ja stomatoloogiatarvikute m\u00fc\u00fcgiga. Kaksk\u00fcmmend aastat oleme Baltikumi Waterpiku tootja m\u00fc\u00fcgiesindaja.","robots":{"index":"index","follow":"follow","max-snippet":"max-snippet:-1","max-image-preview":"max-image-preview:large","max-video-preview":"max-video-preview:-1"},"canonical":"https:\/\/waterpik.lt\/et\/toode\/suu-irrigaator-ultra-wp-100\/","og_locale":"et_EE","og_type":"article","og_title":"Suu irrigaator Ultra WP-100 | Waterpik","og_description":"Ettev\u00f5te tegeleb hambatehnikute ja stomatoloogiatarvikute m\u00fc\u00fcgiga. Kaksk\u00fcmmend aastat oleme Baltikumi Waterpiku tootja m\u00fc\u00fcgiesindaja.","og_url":"https:\/\/waterpik.lt\/et\/toode\/suu-irrigaator-ultra-wp-100\/","og_site_name":"Waterpik","article_modified_time":"2026-03-10T08:47:04+00:00","og_image":[{"width":600,"height":600,"url":"https:\/\/waterpik.lt\/wp-content\/uploads\/2018\/11\/waterpik-ultra-water-flosser-wp-100-white1.jpg","type":"image\/jpeg"}],"twitter_card":"summary_large_image","twitter_misc":{"Est. reading time":"1 minut"},"schema":{"@context":"https:\/\/schema.org","@graph":[{"@type":"WebPage","@id":"https:\/\/waterpik.lt\/et\/toode\/suu-irrigaator-ultra-wp-100\/","url":"https:\/\/waterpik.lt\/et\/toode\/suu-irrigaator-ultra-wp-100\/","name":"Suu irrigaator Ultra WP-100 | Waterpik","isPartOf":{"@id":"https:\/\/waterpik.lt\/#website"},"primaryImageOfPage":{"@id":"https:\/\/waterpik.lt\/et\/toode\/suu-irrigaator-ultra-wp-100\/#primaryimage"},"image":{"@id":"https:\/\/waterpik.lt\/et\/toode\/suu-irrigaator-ultra-wp-100\/#primaryimage"},"thumbnailUrl":"https:\/\/waterpik.lt\/wp-content\/uploads\/2018\/11\/waterpik-ultra-water-flosser-wp-100-white1.jpg","datePublished":"2018-11-29T10:47:01+00:00","dateModified":"2026-03-10T08:47:04+00:00","description":"Ettev\u00f5te tegeleb hambatehnikute ja stomatoloogiatarvikute m\u00fc\u00fcgiga. Kaksk\u00fcmmend aastat oleme Baltikumi Waterpiku tootja m\u00fc\u00fcgiesindaja.","breadcrumb":{"@id":"https:\/\/waterpik.lt\/et\/toode\/suu-irrigaator-ultra-wp-100\/#breadcrumb"},"inLanguage":"et","potentialAction":[{"@type":"ReadAction","target":["https:\/\/waterpik.lt\/et\/toode\/suu-irrigaator-ultra-wp-100\/"]}]},{"@type":"ImageObject","inLanguage":"et","@id":"https:\/\/waterpik.lt\/et\/toode\/suu-irrigaator-ultra-wp-100\/#primaryimage","url":"https:\/\/waterpik.lt\/wp-content\/uploads\/2018\/11\/waterpik-ultra-water-flosser-wp-100-white1.jpg","contentUrl":"https:\/\/waterpik.lt\/wp-content\/uploads\/2018\/11\/waterpik-ultra-water-flosser-wp-100-white1.jpg","width":600,"height":600},{"@type":"BreadcrumbList","@id":"https:\/\/waterpik.lt\/et\/toode\/suu-irrigaator-ultra-wp-100\/#breadcrumb","itemListElement":[{"@type":"ListItem","position":1,"name":"Titulinis","item":"https:\/\/waterpik.lt\/et\/"},{"@type":"ListItem","position":2,"name":"Tooted","item":"https:\/\/waterpik.lt\/et\/tooted\/"},{"@type":"ListItem","position":3,"name":"Suu irrigaator Ultra WP-100"}]},{"@type":"WebSite","@id":"https:\/\/waterpik.lt\/#website","url":"https:\/\/waterpik.lt\/","name":"Waterpik","description":"Irigatoriai","publisher":{"@id":"https:\/\/waterpik.lt\/#organization"},"potentialAction":[{"@type":"SearchAction","target":{"@type":"EntryPoint","urlTemplate":"https:\/\/waterpik.lt\/?s={search_term_string}"},"query-input":{"@type":"PropertyValueSpecification","valueRequired":true,"valueName":"search_term_string"}}],"inLanguage":"et"},{"@type":"Organization","@id":"https:\/\/waterpik.lt\/#organization","name":"Waterpik","url":"https:\/\/waterpik.lt\/","logo":{"@type":"ImageObject","inLanguage":"et","@id":"https:\/\/waterpik.lt\/#\/schema\/logo\/image\/","url":"https:\/\/waterpik.lt\/wp-content\/uploads\/2019\/05\/WP-160.jpg","contentUrl":"https:\/\/waterpik.lt\/wp-content\/uploads\/2019\/05\/WP-160.jpg","width":2048,"height":2048,"caption":"Waterpik"},"image":{"@id":"https:\/\/waterpik.lt\/#\/schema\/logo\/image\/"}}]}},"_links":{"self":[{"href":"https:\/\/waterpik.lt\/et\/wp-json\/wp\/v2\/product\/643","targetHints":{"allow":["GET"]}}],"collection":[{"href":"https:\/\/waterpik.lt\/et\/wp-json\/wp\/v2\/product"}],"about":[{"href":"https:\/\/waterpik.lt\/et\/wp-json\/wp\/v2\/types\/product"}],"wp:featuredmedia":[{"embeddable":true,"href":"https:\/\/waterpik.lt\/et\/wp-json\/wp\/v2\/media\/22548"}],"wp:attachment":[{"href":"https:\/\/waterpik.lt\/et\/wp-json\/wp\/v2\/media?parent=643"}],"wp:term":[{"taxonomy":"product_brand","embeddable":true,"href":"https:\/\/waterpik.lt\/et\/wp-json\/wp\/v2\/product_brand?post=643"},{"taxonomy":"product_cat","embeddable":true,"href":"https:\/\/waterpik.lt\/et\/wp-json\/wp\/v2\/product_cat?post=643"},{"taxonomy":"product_tag","embeddable":true,"href":"https:\/\/waterpik.lt\/et\/wp-json\/wp\/v2\/product_tag?post=643"}],"curies":[{"name":"wp","href":"https:\/\/api.w.org\/{rel}","templated":true}]}}