{"id":640,"date":"2019-10-26T09:43:08","date_gmt":"2018-11-29T09:43:08","guid":{"rendered":"https:\/\/waterpik.lt\/product\/burnos-irigatorius-complete-care-wp-861\/"},"modified":"2025-12-03T15:11:39","modified_gmt":"2025-12-03T13:11:39","slug":"suu-veeprits-complete-care-wp-861","status":"publish","type":"product","link":"https:\/\/waterpik.lt\/et\/toode\/suu-veeprits-complete-care-wp-861\/","title":{"rendered":"Suu irrigaator Complete Care WP-861"},"content":{"rendered":"<div class=\"wpb-content-wrapper\"><p>[vc_row css_animation=&#8221;&#8221; row_type=&#8221;row&#8221; use_row_as_full_screen_section=&#8221;no&#8221; type=&#8221;full_width&#8221; angled_section=&#8221;no&#8221; text_align=&#8221;left&#8221; background_image_as_pattern=&#8221;without_pattern&#8221;][vc_column][vc_column_text]<\/p>\n<h3>Hambavahepihusti eelised<\/h3>\n<p>T\u00f5hus hambakivieemaldus:<\/p>\n<ul>\n<li style=\"text-align: justify;\">Kliiniliselt t\u00f5estatult eemaldab pihustiga t\u00f6\u00f6deldud kohtadest kuni 99,9% hambakivist.<\/li>\n<li style=\"text-align: justify;\">Tervemad igemed: kliiniliselt t\u00f5estatult tagab igemete tervise hambaniidiga v\u00f5rreldes kuni 50% t\u00f5husamalt.<\/li>\n<li style=\"text-align: justify;\">Ideaalne hambaimplantaatide korral: kliiniliselt t\u00f5estatult tagab implantaatide \u00fcmber igemete tervise kuni 2 korda t\u00f5husamalt kui Plaque Seeker\u00ae-i otsak.<\/li>\n<li style=\"text-align: justify;\">Asendamatu breketite korral: kliiniliselt t\u00f5estatult eemaldab ortodontilise otsakuga kasutatult hambakivi breketite \u00fcmbert kuni 3 korda t\u00f5husamalt kui hambaniit.<\/li>\n<\/ul>\n<h3>\u201eTriple Sonicu\u201c eelised<\/h3>\n<ul>\n<li style=\"text-align: justify;\">T\u00e4iustatud harjapea kuju keelekaabitsaga harjapeal<\/li>\n<li>Kuni 62 000 harjaliigutust minutis<\/li>\n<li style=\"text-align: justify;\">Elegantne laadimisindikaatori n\u00e4idik, millelt n\u00e4eb laadimisolekut vaid \u00fche pilguga<\/li>\n<\/ul>\n<h3>3 t\u00f6\u00f6re\u017eiimi<\/h3>\n<ul>\n<li style=\"text-align: justify;\">Puhastusre\u017eiim p\u00f5hjalikuks igap\u00e4evaseks hambapesuks<\/li>\n<li style=\"text-align: justify;\">Valgendusre\u017eiim hambakivi \u00f5rnaks eemalduseks ja hammaste loomulikuks valgendamiseks<\/li>\n<li style=\"text-align: justify;\">Massaa\u017eire\u017eiim t\u00e4iendavaks igemete stimuleerimiseks ja vereringe parandamiseks<\/li>\n<\/ul>\n<h3>Hambavahepihusti omadused<\/h3>\n<ul>\n<li style=\"text-align: justify;\">Kaasas 5 hambavahepihusti otsakut<\/li>\n<li style=\"text-align: justify;\">Vee sisse-\/v\u00e4ljal\u00fclitamine k\u00e4epidemelt<\/li>\n<li style=\"text-align: justify;\">Saab kasutada teie lemmiksuuveega<\/li>\n<li style=\"text-align: justify;\">T\u00e4iustatud survejuhtimiss\u00fcsteem 10 seadega<\/li>\n<li style=\"text-align: justify;\">Reservuaari mahust piisab enam kui 90 sekundiks<\/li>\n<\/ul>\n<h3>Triple Sonicu hambaharja omadused<\/h3>\n<ul>\n<li style=\"text-align: justify;\">Kaasas 2 Triple Sonicu harjapead<\/li>\n<li style=\"text-align: justify;\">2-minutine pesemisaja taimer 30-sekundise veerandi sammuga<\/li>\n<li>Kuni 62 000 harjaliigutust minutis<\/li>\n<li style=\"text-align: justify;\">3 t\u00f6\u00f6re\u017eiimi<\/li>\n<li style=\"text-align: justify;\">Kvaliteetne reisivutlar<\/li>\n<li style=\"text-align: justify;\">Elegantne laadimisindikaatori n\u00e4idik<\/li>\n<\/ul>\n<h3>T\u00e4isteenusomadused<\/h3>\n<ul>\n<li style=\"text-align: justify;\">Kaheaastane garantii<\/li>\n<li style=\"text-align: justify;\">Vajab ainult \u00fchte pistikupesa<\/li>\n<li style=\"text-align: justify;\">Ruumis\u00e4\u00e4stlik disain<\/li>\n<\/ul>\n<p>[\/vc_column_text][\/vc_column][\/vc_row]<\/p>\n<\/div>","protected":false},"excerpt":{"rendered":"<p><span lang=\"et-EE\"><b>T\u00e4helepanu! Mudeli Waterpik WP-861 on ametlikult v\u00e4lja vahetanud mudel Waterpik CC-04<\/b><\/span><\/p>\n<p lang=\"et-EE\"><a href=\"https:\/\/waterpik.lt\/et\/toode\/suu-veeprits-complete-care-cc-04\/\"><span style=\"color: #ff0000;\"><u><b>Uue mudeli saate osta siit<\/b><\/u><\/span><\/a><\/p>\n<p><a href=\"\/wp-content\/uploads\/2018\/12\/Waterpik-WP-861-LT.pdf\" target=\"_blank\" rel=\"noopener\"><img loading=\"lazy\" decoding=\"async\" class=\"alignnone wp-image-433\" src=\"https:\/\/waterpik.lt\/wp-content\/uploads\/2018\/11\/download.png\" alt=\"\" width=\"128\" height=\"41\" \/><\/a><\/p>\n<div class=\"qbutton default\">[spu popup=\"637\"]TOLLI[\/spu]<\/div>\n","protected":false},"featured_media":36237,"template":"","meta":{"inline_featured_image":false},"product_brand":[],"product_cat":[46],"product_tag":[],"class_list":{"0":"post-640","1":"product","2":"type-product","3":"status-publish","4":"has-post-thumbnail","6":"product_cat-suu-irrigaatorid","8":"first","9":"outofstock","10":"taxable","11":"shipping-taxable","12":"purchasable","13":"product-type-simple"},"yoast_head":"<!-- This site is optimized with the Yoast SEO plugin v24.6 - https:\/\/yoast.com\/wordpress\/plugins\/seo\/ -->\n<title>Suu irrigaator Complete Care WP-861 | Waterpik<\/title>\n<meta name=\"description\" content=\"Ettev\u00f5te tegeleb hambatehnikute ja stomatoloogiatarvikute m\u00fc\u00fcgiga. Kaksk\u00fcmmend aastat oleme Baltikumi Waterpiku tootja m\u00fc\u00fcgiesindaja.\" \/>\n<meta name=\"robots\" content=\"index, follow, max-snippet:-1, max-image-preview:large, max-video-preview:-1\" \/>\n<link rel=\"canonical\" href=\"https:\/\/waterpik.lt\/et\/toode\/suu-veeprits-complete-care-wp-861\/\" \/>\n<meta property=\"og:locale\" content=\"et_EE\" \/>\n<meta property=\"og:type\" content=\"article\" \/>\n<meta property=\"og:title\" content=\"Suu irrigaator Complete Care WP-861 | Waterpik\" \/>\n<meta property=\"og:description\" content=\"Ettev\u00f5te tegeleb hambatehnikute ja stomatoloogiatarvikute m\u00fc\u00fcgiga. Kaksk\u00fcmmend aastat oleme Baltikumi Waterpiku tootja m\u00fc\u00fcgiesindaja.\" \/>\n<meta property=\"og:url\" content=\"https:\/\/waterpik.lt\/et\/toode\/suu-veeprits-complete-care-wp-861\/\" \/>\n<meta property=\"og:site_name\" content=\"Waterpik\" \/>\n<meta property=\"article:modified_time\" content=\"2025-12-03T13:11:39+00:00\" \/>\n<meta property=\"og:image\" content=\"https:\/\/waterpik.lt\/wp-content\/uploads\/2019\/10\/WP861_3Quarter-1-scaled.jpg\" \/>\n\t<meta property=\"og:image:width\" content=\"2560\" \/>\n\t<meta property=\"og:image:height\" content=\"2560\" \/>\n\t<meta property=\"og:image:type\" content=\"image\/jpeg\" \/>\n<meta name=\"twitter:card\" content=\"summary_large_image\" \/>\n<meta name=\"twitter:label1\" content=\"Est. reading time\" \/>\n\t<meta name=\"twitter:data1\" content=\"1 minut\" \/>\n<script type=\"application\/ld+json\" class=\"yoast-schema-graph\">{\"@context\":\"https:\/\/schema.org\",\"@graph\":[{\"@type\":\"WebPage\",\"@id\":\"https:\/\/waterpik.lt\/et\/toode\/suu-veeprits-complete-care-wp-861\/\",\"url\":\"https:\/\/waterpik.lt\/et\/toode\/suu-veeprits-complete-care-wp-861\/\",\"name\":\"Suu irrigaator Complete Care WP-861 | Waterpik\",\"isPartOf\":{\"@id\":\"https:\/\/waterpik.lt\/#website\"},\"primaryImageOfPage\":{\"@id\":\"https:\/\/waterpik.lt\/et\/toode\/suu-veeprits-complete-care-wp-861\/#primaryimage\"},\"image\":{\"@id\":\"https:\/\/waterpik.lt\/et\/toode\/suu-veeprits-complete-care-wp-861\/#primaryimage\"},\"thumbnailUrl\":\"https:\/\/waterpik.lt\/wp-content\/uploads\/2019\/10\/WP861_3Quarter-1-scaled.jpg\",\"datePublished\":\"2018-11-29T09:43:08+00:00\",\"dateModified\":\"2025-12-03T13:11:39+00:00\",\"description\":\"Ettev\u00f5te tegeleb hambatehnikute ja stomatoloogiatarvikute m\u00fc\u00fcgiga. Kaksk\u00fcmmend aastat oleme Baltikumi Waterpiku tootja m\u00fc\u00fcgiesindaja.\",\"breadcrumb\":{\"@id\":\"https:\/\/waterpik.lt\/et\/toode\/suu-veeprits-complete-care-wp-861\/#breadcrumb\"},\"inLanguage\":\"et\",\"potentialAction\":[{\"@type\":\"ReadAction\",\"target\":[\"https:\/\/waterpik.lt\/et\/toode\/suu-veeprits-complete-care-wp-861\/\"]}]},{\"@type\":\"ImageObject\",\"inLanguage\":\"et\",\"@id\":\"https:\/\/waterpik.lt\/et\/toode\/suu-veeprits-complete-care-wp-861\/#primaryimage\",\"url\":\"https:\/\/waterpik.lt\/wp-content\/uploads\/2019\/10\/WP861_3Quarter-1-scaled.jpg\",\"contentUrl\":\"https:\/\/waterpik.lt\/wp-content\/uploads\/2019\/10\/WP861_3Quarter-1-scaled.jpg\",\"width\":2560,\"height\":2560},{\"@type\":\"BreadcrumbList\",\"@id\":\"https:\/\/waterpik.lt\/et\/toode\/suu-veeprits-complete-care-wp-861\/#breadcrumb\",\"itemListElement\":[{\"@type\":\"ListItem\",\"position\":1,\"name\":\"Titulinis\",\"item\":\"https:\/\/waterpik.lt\/et\/\"},{\"@type\":\"ListItem\",\"position\":2,\"name\":\"Tooted\",\"item\":\"https:\/\/waterpik.lt\/et\/tooted\/\"},{\"@type\":\"ListItem\",\"position\":3,\"name\":\"Suu irrigaator Complete Care WP-861\"}]},{\"@type\":\"WebSite\",\"@id\":\"https:\/\/waterpik.lt\/#website\",\"url\":\"https:\/\/waterpik.lt\/\",\"name\":\"Waterpik\",\"description\":\"Irigatoriai\",\"publisher\":{\"@id\":\"https:\/\/waterpik.lt\/#organization\"},\"potentialAction\":[{\"@type\":\"SearchAction\",\"target\":{\"@type\":\"EntryPoint\",\"urlTemplate\":\"https:\/\/waterpik.lt\/?s={search_term_string}\"},\"query-input\":{\"@type\":\"PropertyValueSpecification\",\"valueRequired\":true,\"valueName\":\"search_term_string\"}}],\"inLanguage\":\"et\"},{\"@type\":\"Organization\",\"@id\":\"https:\/\/waterpik.lt\/#organization\",\"name\":\"Waterpik\",\"url\":\"https:\/\/waterpik.lt\/\",\"logo\":{\"@type\":\"ImageObject\",\"inLanguage\":\"et\",\"@id\":\"https:\/\/waterpik.lt\/#\/schema\/logo\/image\/\",\"url\":\"https:\/\/waterpik.lt\/wp-content\/uploads\/2019\/05\/WP-160.jpg\",\"contentUrl\":\"https:\/\/waterpik.lt\/wp-content\/uploads\/2019\/05\/WP-160.jpg\",\"width\":2048,\"height\":2048,\"caption\":\"Waterpik\"},\"image\":{\"@id\":\"https:\/\/waterpik.lt\/#\/schema\/logo\/image\/\"}}]}<\/script>\n<!-- \/ Yoast SEO plugin. -->","yoast_head_json":{"title":"Suu irrigaator Complete Care WP-861 | Waterpik","description":"Ettev\u00f5te tegeleb hambatehnikute ja stomatoloogiatarvikute m\u00fc\u00fcgiga. Kaksk\u00fcmmend aastat oleme Baltikumi Waterpiku tootja m\u00fc\u00fcgiesindaja.","robots":{"index":"index","follow":"follow","max-snippet":"max-snippet:-1","max-image-preview":"max-image-preview:large","max-video-preview":"max-video-preview:-1"},"canonical":"https:\/\/waterpik.lt\/et\/toode\/suu-veeprits-complete-care-wp-861\/","og_locale":"et_EE","og_type":"article","og_title":"Suu irrigaator Complete Care WP-861 | Waterpik","og_description":"Ettev\u00f5te tegeleb hambatehnikute ja stomatoloogiatarvikute m\u00fc\u00fcgiga. Kaksk\u00fcmmend aastat oleme Baltikumi Waterpiku tootja m\u00fc\u00fcgiesindaja.","og_url":"https:\/\/waterpik.lt\/et\/toode\/suu-veeprits-complete-care-wp-861\/","og_site_name":"Waterpik","article_modified_time":"2025-12-03T13:11:39+00:00","og_image":[{"width":2560,"height":2560,"url":"https:\/\/waterpik.lt\/wp-content\/uploads\/2019\/10\/WP861_3Quarter-1-scaled.jpg","type":"image\/jpeg"}],"twitter_card":"summary_large_image","twitter_misc":{"Est. reading time":"1 minut"},"schema":{"@context":"https:\/\/schema.org","@graph":[{"@type":"WebPage","@id":"https:\/\/waterpik.lt\/et\/toode\/suu-veeprits-complete-care-wp-861\/","url":"https:\/\/waterpik.lt\/et\/toode\/suu-veeprits-complete-care-wp-861\/","name":"Suu irrigaator Complete Care WP-861 | Waterpik","isPartOf":{"@id":"https:\/\/waterpik.lt\/#website"},"primaryImageOfPage":{"@id":"https:\/\/waterpik.lt\/et\/toode\/suu-veeprits-complete-care-wp-861\/#primaryimage"},"image":{"@id":"https:\/\/waterpik.lt\/et\/toode\/suu-veeprits-complete-care-wp-861\/#primaryimage"},"thumbnailUrl":"https:\/\/waterpik.lt\/wp-content\/uploads\/2019\/10\/WP861_3Quarter-1-scaled.jpg","datePublished":"2018-11-29T09:43:08+00:00","dateModified":"2025-12-03T13:11:39+00:00","description":"Ettev\u00f5te tegeleb hambatehnikute ja stomatoloogiatarvikute m\u00fc\u00fcgiga. Kaksk\u00fcmmend aastat oleme Baltikumi Waterpiku tootja m\u00fc\u00fcgiesindaja.","breadcrumb":{"@id":"https:\/\/waterpik.lt\/et\/toode\/suu-veeprits-complete-care-wp-861\/#breadcrumb"},"inLanguage":"et","potentialAction":[{"@type":"ReadAction","target":["https:\/\/waterpik.lt\/et\/toode\/suu-veeprits-complete-care-wp-861\/"]}]},{"@type":"ImageObject","inLanguage":"et","@id":"https:\/\/waterpik.lt\/et\/toode\/suu-veeprits-complete-care-wp-861\/#primaryimage","url":"https:\/\/waterpik.lt\/wp-content\/uploads\/2019\/10\/WP861_3Quarter-1-scaled.jpg","contentUrl":"https:\/\/waterpik.lt\/wp-content\/uploads\/2019\/10\/WP861_3Quarter-1-scaled.jpg","width":2560,"height":2560},{"@type":"BreadcrumbList","@id":"https:\/\/waterpik.lt\/et\/toode\/suu-veeprits-complete-care-wp-861\/#breadcrumb","itemListElement":[{"@type":"ListItem","position":1,"name":"Titulinis","item":"https:\/\/waterpik.lt\/et\/"},{"@type":"ListItem","position":2,"name":"Tooted","item":"https:\/\/waterpik.lt\/et\/tooted\/"},{"@type":"ListItem","position":3,"name":"Suu irrigaator Complete Care WP-861"}]},{"@type":"WebSite","@id":"https:\/\/waterpik.lt\/#website","url":"https:\/\/waterpik.lt\/","name":"Waterpik","description":"Irigatoriai","publisher":{"@id":"https:\/\/waterpik.lt\/#organization"},"potentialAction":[{"@type":"SearchAction","target":{"@type":"EntryPoint","urlTemplate":"https:\/\/waterpik.lt\/?s={search_term_string}"},"query-input":{"@type":"PropertyValueSpecification","valueRequired":true,"valueName":"search_term_string"}}],"inLanguage":"et"},{"@type":"Organization","@id":"https:\/\/waterpik.lt\/#organization","name":"Waterpik","url":"https:\/\/waterpik.lt\/","logo":{"@type":"ImageObject","inLanguage":"et","@id":"https:\/\/waterpik.lt\/#\/schema\/logo\/image\/","url":"https:\/\/waterpik.lt\/wp-content\/uploads\/2019\/05\/WP-160.jpg","contentUrl":"https:\/\/waterpik.lt\/wp-content\/uploads\/2019\/05\/WP-160.jpg","width":2048,"height":2048,"caption":"Waterpik"},"image":{"@id":"https:\/\/waterpik.lt\/#\/schema\/logo\/image\/"}}]}},"_links":{"self":[{"href":"https:\/\/waterpik.lt\/et\/wp-json\/wp\/v2\/product\/640","targetHints":{"allow":["GET"]}}],"collection":[{"href":"https:\/\/waterpik.lt\/et\/wp-json\/wp\/v2\/product"}],"about":[{"href":"https:\/\/waterpik.lt\/et\/wp-json\/wp\/v2\/types\/product"}],"wp:featuredmedia":[{"embeddable":true,"href":"https:\/\/waterpik.lt\/et\/wp-json\/wp\/v2\/media\/36237"}],"wp:attachment":[{"href":"https:\/\/waterpik.lt\/et\/wp-json\/wp\/v2\/media?parent=640"}],"wp:term":[{"taxonomy":"product_brand","embeddable":true,"href":"https:\/\/waterpik.lt\/et\/wp-json\/wp\/v2\/product_brand?post=640"},{"taxonomy":"product_cat","embeddable":true,"href":"https:\/\/waterpik.lt\/et\/wp-json\/wp\/v2\/product_cat?post=640"},{"taxonomy":"product_tag","embeddable":true,"href":"https:\/\/waterpik.lt\/et\/wp-json\/wp\/v2\/product_tag?post=640"}],"curies":[{"name":"wp","href":"https:\/\/api.w.org\/{rel}","templated":true}]}}