{"id":638,"date":"2018-11-29T08:54:19","date_gmt":"2018-11-29T08:54:19","guid":{"rendered":"https:\/\/waterpik.lt\/product\/balinantis-irigatorius-wf-05-whitening-professional\/"},"modified":"2025-11-30T15:14:00","modified_gmt":"2025-11-30T13:14:00","slug":"suu-irrigaator-wf-05-whitening-professional","status":"publish","type":"product","link":"https:\/\/waterpik.lt\/et\/toode\/suu-irrigaator-wf-05-whitening-professional\/","title":{"rendered":"Suu irrigaator WF-05 Whitening Professional"},"content":{"rendered":"<div class=\"wpb-content-wrapper\"><p>[vc_row css_animation=&#8221;&#8221; row_type=&#8221;row&#8221; use_row_as_full_screen_section=&#8221;no&#8221; type=&#8221;full_width&#8221; angled_section=&#8221;no&#8221; text_align=&#8221;left&#8221; background_image_as_pattern=&#8221;without_pattern&#8221;][vc_column][vc_column_text]<\/p>\n<h3>Toote eelised<\/h3>\n<ul>\n<li style=\"text-align: justify;\">Pigmentkatu eemaldamine: kliiniliste uuringutega on t\u00f5estatud, et eemaldatakse 25% enam pigmentkattu kui vaid hambaharjaga.<\/li>\n<li style=\"text-align: justify;\">Katu efektiivne eemaldamine: puhastatavatelt kohtadelt eemaldatakse kuni 99,9% kattu.<\/li>\n<li style=\"text-align: justify;\">Tervemad igemed: kliiniliste uuringutega on t\u00f5estatud, et saavutatakse kuni 50% efektiivsem igemete hooldus kui vaid hambaniidiga.<\/li>\n<li style=\"text-align: justify;\">Sobib suurep\u00e4raselt ka implantaatide hoolduseks: kliiniliste uuringutega on t\u00f5estatud, et kasutades Plaque Seeker\u00ae otsikut, paraneb igemete seisund paigaldatud implantaatide juures kuni 2 korda kiiremini.<\/li>\n<li style=\"text-align: justify;\">Vajalik neile, kes kannavad breketeid: kliiniliste uuringutega on t\u00f5estatud, et kasutades ortodontilist otsikut, eemaldatakse breketite \u00fcmber olev katt 3 korda efektiivsemalt kui hambaniidiga.<\/li>\n<li style=\"text-align: justify;\">Eemaldab katu ja toiduj\u00e4\u00e4gid, mis on s\u00fcgaval hammaste vahel ja igemete all ehk kohtades, kuhu ei ulatu hambahari ega hambaniit.<\/li>\n<li style=\"text-align: justify;\">Tagab suus v\u00e4rskuse ja puhtuse tunde.<\/li>\n<li style=\"text-align: justify;\">Sobib suurep\u00e4raselt ka neile, kellel on implantaadid, kroonid, sillad ja laminaadid.<\/li>\n<\/ul>\n<h3>Toote omadused<\/h3>\n<ul>\n<li style=\"text-align: justify;\">Valge ja kroomi v\u00e4rvi viimistlus<\/li>\n<li style=\"text-align: justify;\">4 valgendusotsikut<\/li>\n<li style=\"text-align: justify;\">K\u00e4epide Whitening Infuser tehnoloogiaga<\/li>\n<li style=\"text-align: justify;\">30 v\u00e4rske piparm\u00fcndiaroomiga valgendustabletti (1 kuuks)<\/li>\n<li style=\"text-align: justify;\">Moodne r\u00f5hu juhtimise s\u00fcsteem 10 seadega<\/li>\n<li style=\"text-align: justify;\">Reservuaari mahutist piisab enam kui 90 sekundiks<\/li>\n<li style=\"text-align: justify;\">Veejoal\u00fcliti k\u00e4epidemel<\/li>\n<li style=\"text-align: justify;\">Reservuaari kaanel koht otsikute h\u00fcgieeniliseks hoidmiseks<\/li>\n<li style=\"text-align: justify;\">2-aastane garantii<\/li>\n<\/ul>\n<p>[\/vc_column_text][\/vc_column][\/vc_row]<\/p>\n<\/div>","protected":false},"excerpt":{"rendered":"<p style=\"text-align: justify;\"><b><\/b><br \/>\n<strong><span style=\"color: #e90900;\">Uudis!<\/span><\/strong><br \/>\n<b><\/b><br \/>\nValgendav suu irrigaator muudab Sinu hambad valgemaks. See taastab hammaste naturaalse valge v\u00e4rvi vaid nelja n\u00e4dalaga, eemaldades pigmentkatu, millest ei saa jagu teised sarnased tooted. On t\u00f5estatud, et kasutades seda irrigaatorit, eemaldatakse 25% rohkem pigmentkattu kui hambaharjaga. Lisaks on sellel k\u00f5ik veejoaga puhastamise eelised ja meeldiv maitse.<br \/>\n<b><\/b><br \/>\nKasutades Whitening Infuser tehnoloogiat, segatakse vees vajalikus vahekorras valgendav tablett, mis aitab ohutult taastada hammaste valge v\u00e4rvi, eemaldada katu ja tagada terved hambad.<\/p>\n<p>&nbsp;<\/p>\n<p><a href=\"\/wp-content\/uploads\/2018\/12\/wf-05-instrukcija-LT.pdf\" target=\"_blank\" rel=\"noopener\"><img loading=\"lazy\" decoding=\"async\" class=\"alignnone wp-image-433\" src=\"https:\/\/waterpik.lt\/wp-content\/uploads\/2018\/11\/download.png\" alt=\"\" width=\"128\" height=\"41\" \/><\/a><\/p>\n<p>&nbsp;<\/p>\n<div class=\"qbutton default\">[spu popup=\"637\"]TOLLI[\/spu]<\/div>\n","protected":false},"featured_media":639,"template":"","meta":{"inline_featured_image":false},"product_brand":[],"product_cat":[45],"product_tag":[],"class_list":{"0":"post-638","1":"product","2":"type-product","3":"status-publish","4":"has-post-thumbnail","6":"product_cat-whitening-suu-irrigaatorid","8":"first","9":"outofstock","10":"taxable","11":"shipping-taxable","12":"purchasable","13":"product-type-simple"},"yoast_head":"<!-- This site is optimized with the Yoast SEO plugin v24.6 - https:\/\/yoast.com\/wordpress\/plugins\/seo\/ -->\n<title>Suu irrigaator WF-05 Whitening Professional | Waterpik<\/title>\n<meta name=\"description\" content=\"Ettev\u00f5te tegeleb hambatehnikute ja stomatoloogiatarvikute m\u00fc\u00fcgiga. Kaksk\u00fcmmend aastat oleme Baltikumi Waterpiku tootja m\u00fc\u00fcgiesindaja.\" \/>\n<meta name=\"robots\" content=\"index, follow, max-snippet:-1, max-image-preview:large, max-video-preview:-1\" \/>\n<link rel=\"canonical\" href=\"https:\/\/waterpik.lt\/et\/toode\/suu-irrigaator-wf-05-whitening-professional\/\" \/>\n<meta property=\"og:locale\" content=\"et_EE\" \/>\n<meta property=\"og:type\" content=\"article\" \/>\n<meta property=\"og:title\" content=\"Suu irrigaator WF-05 Whitening Professional | Waterpik\" \/>\n<meta property=\"og:description\" content=\"Ettev\u00f5te tegeleb hambatehnikute ja stomatoloogiatarvikute m\u00fc\u00fcgiga. Kaksk\u00fcmmend aastat oleme Baltikumi Waterpiku tootja m\u00fc\u00fcgiesindaja.\" \/>\n<meta property=\"og:url\" content=\"https:\/\/waterpik.lt\/et\/toode\/suu-irrigaator-wf-05-whitening-professional\/\" \/>\n<meta property=\"og:site_name\" content=\"Waterpik\" \/>\n<meta property=\"article:modified_time\" content=\"2025-11-30T13:14:00+00:00\" \/>\n<meta property=\"og:image\" content=\"https:\/\/waterpik.lt\/wp-content\/uploads\/2018\/11\/WF-05_Hero_Rendering_White.png\" \/>\n\t<meta property=\"og:image:width\" content=\"3000\" \/>\n\t<meta property=\"og:image:height\" content=\"3000\" \/>\n\t<meta property=\"og:image:type\" content=\"image\/png\" \/>\n<meta name=\"twitter:card\" content=\"summary_large_image\" \/>\n<meta name=\"twitter:label1\" content=\"Est. reading time\" \/>\n\t<meta name=\"twitter:data1\" content=\"1 minut\" \/>\n<script type=\"application\/ld+json\" class=\"yoast-schema-graph\">{\"@context\":\"https:\/\/schema.org\",\"@graph\":[{\"@type\":\"WebPage\",\"@id\":\"https:\/\/waterpik.lt\/et\/toode\/suu-irrigaator-wf-05-whitening-professional\/\",\"url\":\"https:\/\/waterpik.lt\/et\/toode\/suu-irrigaator-wf-05-whitening-professional\/\",\"name\":\"Suu irrigaator WF-05 Whitening Professional | Waterpik\",\"isPartOf\":{\"@id\":\"https:\/\/waterpik.lt\/#website\"},\"primaryImageOfPage\":{\"@id\":\"https:\/\/waterpik.lt\/et\/toode\/suu-irrigaator-wf-05-whitening-professional\/#primaryimage\"},\"image\":{\"@id\":\"https:\/\/waterpik.lt\/et\/toode\/suu-irrigaator-wf-05-whitening-professional\/#primaryimage\"},\"thumbnailUrl\":\"https:\/\/waterpik.lt\/wp-content\/uploads\/2018\/11\/WF-05_Hero_Rendering_White.png\",\"datePublished\":\"2018-11-29T08:54:19+00:00\",\"dateModified\":\"2025-11-30T13:14:00+00:00\",\"description\":\"Ettev\u00f5te tegeleb hambatehnikute ja stomatoloogiatarvikute m\u00fc\u00fcgiga. Kaksk\u00fcmmend aastat oleme Baltikumi Waterpiku tootja m\u00fc\u00fcgiesindaja.\",\"breadcrumb\":{\"@id\":\"https:\/\/waterpik.lt\/et\/toode\/suu-irrigaator-wf-05-whitening-professional\/#breadcrumb\"},\"inLanguage\":\"et\",\"potentialAction\":[{\"@type\":\"ReadAction\",\"target\":[\"https:\/\/waterpik.lt\/et\/toode\/suu-irrigaator-wf-05-whitening-professional\/\"]}]},{\"@type\":\"ImageObject\",\"inLanguage\":\"et\",\"@id\":\"https:\/\/waterpik.lt\/et\/toode\/suu-irrigaator-wf-05-whitening-professional\/#primaryimage\",\"url\":\"https:\/\/waterpik.lt\/wp-content\/uploads\/2018\/11\/WF-05_Hero_Rendering_White.png\",\"contentUrl\":\"https:\/\/waterpik.lt\/wp-content\/uploads\/2018\/11\/WF-05_Hero_Rendering_White.png\",\"width\":3000,\"height\":3000},{\"@type\":\"BreadcrumbList\",\"@id\":\"https:\/\/waterpik.lt\/et\/toode\/suu-irrigaator-wf-05-whitening-professional\/#breadcrumb\",\"itemListElement\":[{\"@type\":\"ListItem\",\"position\":1,\"name\":\"Titulinis\",\"item\":\"https:\/\/waterpik.lt\/et\/\"},{\"@type\":\"ListItem\",\"position\":2,\"name\":\"Tooted\",\"item\":\"https:\/\/waterpik.lt\/et\/tooted\/\"},{\"@type\":\"ListItem\",\"position\":3,\"name\":\"Suu irrigaator WF-05 Whitening Professional\"}]},{\"@type\":\"WebSite\",\"@id\":\"https:\/\/waterpik.lt\/#website\",\"url\":\"https:\/\/waterpik.lt\/\",\"name\":\"Waterpik\",\"description\":\"Irigatoriai\",\"publisher\":{\"@id\":\"https:\/\/waterpik.lt\/#organization\"},\"potentialAction\":[{\"@type\":\"SearchAction\",\"target\":{\"@type\":\"EntryPoint\",\"urlTemplate\":\"https:\/\/waterpik.lt\/?s={search_term_string}\"},\"query-input\":{\"@type\":\"PropertyValueSpecification\",\"valueRequired\":true,\"valueName\":\"search_term_string\"}}],\"inLanguage\":\"et\"},{\"@type\":\"Organization\",\"@id\":\"https:\/\/waterpik.lt\/#organization\",\"name\":\"Waterpik\",\"url\":\"https:\/\/waterpik.lt\/\",\"logo\":{\"@type\":\"ImageObject\",\"inLanguage\":\"et\",\"@id\":\"https:\/\/waterpik.lt\/#\/schema\/logo\/image\/\",\"url\":\"https:\/\/waterpik.lt\/wp-content\/uploads\/2019\/05\/WP-160.jpg\",\"contentUrl\":\"https:\/\/waterpik.lt\/wp-content\/uploads\/2019\/05\/WP-160.jpg\",\"width\":2048,\"height\":2048,\"caption\":\"Waterpik\"},\"image\":{\"@id\":\"https:\/\/waterpik.lt\/#\/schema\/logo\/image\/\"}}]}<\/script>\n<!-- \/ Yoast SEO plugin. -->","yoast_head_json":{"title":"Suu irrigaator WF-05 Whitening Professional | Waterpik","description":"Ettev\u00f5te tegeleb hambatehnikute ja stomatoloogiatarvikute m\u00fc\u00fcgiga. Kaksk\u00fcmmend aastat oleme Baltikumi Waterpiku tootja m\u00fc\u00fcgiesindaja.","robots":{"index":"index","follow":"follow","max-snippet":"max-snippet:-1","max-image-preview":"max-image-preview:large","max-video-preview":"max-video-preview:-1"},"canonical":"https:\/\/waterpik.lt\/et\/toode\/suu-irrigaator-wf-05-whitening-professional\/","og_locale":"et_EE","og_type":"article","og_title":"Suu irrigaator WF-05 Whitening Professional | Waterpik","og_description":"Ettev\u00f5te tegeleb hambatehnikute ja stomatoloogiatarvikute m\u00fc\u00fcgiga. Kaksk\u00fcmmend aastat oleme Baltikumi Waterpiku tootja m\u00fc\u00fcgiesindaja.","og_url":"https:\/\/waterpik.lt\/et\/toode\/suu-irrigaator-wf-05-whitening-professional\/","og_site_name":"Waterpik","article_modified_time":"2025-11-30T13:14:00+00:00","og_image":[{"width":3000,"height":3000,"url":"https:\/\/waterpik.lt\/wp-content\/uploads\/2018\/11\/WF-05_Hero_Rendering_White.png","type":"image\/png"}],"twitter_card":"summary_large_image","twitter_misc":{"Est. reading time":"1 minut"},"schema":{"@context":"https:\/\/schema.org","@graph":[{"@type":"WebPage","@id":"https:\/\/waterpik.lt\/et\/toode\/suu-irrigaator-wf-05-whitening-professional\/","url":"https:\/\/waterpik.lt\/et\/toode\/suu-irrigaator-wf-05-whitening-professional\/","name":"Suu irrigaator WF-05 Whitening Professional | Waterpik","isPartOf":{"@id":"https:\/\/waterpik.lt\/#website"},"primaryImageOfPage":{"@id":"https:\/\/waterpik.lt\/et\/toode\/suu-irrigaator-wf-05-whitening-professional\/#primaryimage"},"image":{"@id":"https:\/\/waterpik.lt\/et\/toode\/suu-irrigaator-wf-05-whitening-professional\/#primaryimage"},"thumbnailUrl":"https:\/\/waterpik.lt\/wp-content\/uploads\/2018\/11\/WF-05_Hero_Rendering_White.png","datePublished":"2018-11-29T08:54:19+00:00","dateModified":"2025-11-30T13:14:00+00:00","description":"Ettev\u00f5te tegeleb hambatehnikute ja stomatoloogiatarvikute m\u00fc\u00fcgiga. Kaksk\u00fcmmend aastat oleme Baltikumi Waterpiku tootja m\u00fc\u00fcgiesindaja.","breadcrumb":{"@id":"https:\/\/waterpik.lt\/et\/toode\/suu-irrigaator-wf-05-whitening-professional\/#breadcrumb"},"inLanguage":"et","potentialAction":[{"@type":"ReadAction","target":["https:\/\/waterpik.lt\/et\/toode\/suu-irrigaator-wf-05-whitening-professional\/"]}]},{"@type":"ImageObject","inLanguage":"et","@id":"https:\/\/waterpik.lt\/et\/toode\/suu-irrigaator-wf-05-whitening-professional\/#primaryimage","url":"https:\/\/waterpik.lt\/wp-content\/uploads\/2018\/11\/WF-05_Hero_Rendering_White.png","contentUrl":"https:\/\/waterpik.lt\/wp-content\/uploads\/2018\/11\/WF-05_Hero_Rendering_White.png","width":3000,"height":3000},{"@type":"BreadcrumbList","@id":"https:\/\/waterpik.lt\/et\/toode\/suu-irrigaator-wf-05-whitening-professional\/#breadcrumb","itemListElement":[{"@type":"ListItem","position":1,"name":"Titulinis","item":"https:\/\/waterpik.lt\/et\/"},{"@type":"ListItem","position":2,"name":"Tooted","item":"https:\/\/waterpik.lt\/et\/tooted\/"},{"@type":"ListItem","position":3,"name":"Suu irrigaator WF-05 Whitening Professional"}]},{"@type":"WebSite","@id":"https:\/\/waterpik.lt\/#website","url":"https:\/\/waterpik.lt\/","name":"Waterpik","description":"Irigatoriai","publisher":{"@id":"https:\/\/waterpik.lt\/#organization"},"potentialAction":[{"@type":"SearchAction","target":{"@type":"EntryPoint","urlTemplate":"https:\/\/waterpik.lt\/?s={search_term_string}"},"query-input":{"@type":"PropertyValueSpecification","valueRequired":true,"valueName":"search_term_string"}}],"inLanguage":"et"},{"@type":"Organization","@id":"https:\/\/waterpik.lt\/#organization","name":"Waterpik","url":"https:\/\/waterpik.lt\/","logo":{"@type":"ImageObject","inLanguage":"et","@id":"https:\/\/waterpik.lt\/#\/schema\/logo\/image\/","url":"https:\/\/waterpik.lt\/wp-content\/uploads\/2019\/05\/WP-160.jpg","contentUrl":"https:\/\/waterpik.lt\/wp-content\/uploads\/2019\/05\/WP-160.jpg","width":2048,"height":2048,"caption":"Waterpik"},"image":{"@id":"https:\/\/waterpik.lt\/#\/schema\/logo\/image\/"}}]}},"_links":{"self":[{"href":"https:\/\/waterpik.lt\/et\/wp-json\/wp\/v2\/product\/638","targetHints":{"allow":["GET"]}}],"collection":[{"href":"https:\/\/waterpik.lt\/et\/wp-json\/wp\/v2\/product"}],"about":[{"href":"https:\/\/waterpik.lt\/et\/wp-json\/wp\/v2\/types\/product"}],"wp:featuredmedia":[{"embeddable":true,"href":"https:\/\/waterpik.lt\/et\/wp-json\/wp\/v2\/media\/639"}],"wp:attachment":[{"href":"https:\/\/waterpik.lt\/et\/wp-json\/wp\/v2\/media?parent=638"}],"wp:term":[{"taxonomy":"product_brand","embeddable":true,"href":"https:\/\/waterpik.lt\/et\/wp-json\/wp\/v2\/product_brand?post=638"},{"taxonomy":"product_cat","embeddable":true,"href":"https:\/\/waterpik.lt\/et\/wp-json\/wp\/v2\/product_cat?post=638"},{"taxonomy":"product_tag","embeddable":true,"href":"https:\/\/waterpik.lt\/et\/wp-json\/wp\/v2\/product_tag?post=638"}],"curies":[{"name":"wp","href":"https:\/\/api.w.org\/{rel}","templated":true}]}}