{"id":3351,"date":"2019-05-15T16:04:07","date_gmt":"2019-05-15T13:04:07","guid":{"rendered":"https:\/\/waterpik.lt\/?post_type=product&#038;p=3351"},"modified":"2025-12-03T15:11:21","modified_gmt":"2025-12-03T13:11:21","slug":"suu-veeprits-ultra-plus-wp-160","status":"publish","type":"product","link":"https:\/\/waterpik.lt\/et\/toode\/suu-veeprits-ultra-plus-wp-160\/","title":{"rendered":"Suu irrigaator WP-160 Ultra Plus"},"content":{"rendered":"<div class=\"wpb-content-wrapper\"><p>[vc_row css_animation=&#8221;&#8221; row_type=&#8221;row&#8221; use_row_as_full_screen_section=&#8221;no&#8221; type=&#8221;full_width&#8221; angled_section=&#8221;no&#8221; text_align=&#8221;left&#8221; background_image_as_pattern=&#8221;without_pattern&#8221;][vc_column][vc_column_text]<\/p>\n<h3>Toote eelised<\/h3>\n<p>\u25cf Kliiniliste uuringutega on t\u00f5estatud, et irrigaatori kasutamine v\u00e4hendab igemep\u00f5letikku ja parendab igemete seisundit 50 % t\u00f5husamalt kui traditsiooniline hambaniit.<br \/>\n\u25cf Laboriuuringud on n\u00e4idanud, et puhastatavatelt pindadelt eemaldatakse kuni 99,9 % hambakattu.<br \/>\n\u25cf Kliiniliste uuringutega on t\u00f5estatud, et ortodontilise otsiku kasutamisel saab breketite \u00fcmbruse puhastada kolm korda paremini kui hambaniidiga.<br \/>\n\u25cf Eemaldab bakterid, mis on kogunenud s\u00fcgavale hambavahedesse ja igemete alla, kohtadesse, kust ei ole neid v\u00f5imalik eemaldada hambaharjaga v\u00f5i traditsioonilise hambaniidiga.<br \/>\n\u25cf Tugevdab igemeid, sest veejuga masseerib ja stimuleerib igemeid.<br \/>\n\u25cf Sobib ideaalselt isikutele, kellel on breketid, implantaadid, kroonid, sillad ja laminaadid.<br \/>\n\u25cf Suu\u00f5\u00f5s muutub uskumatult v\u00e4rskeks ja puhtaks.<br \/>\n\u25cf Eriti sobib isikutele, kellel on raske kasutada hambaniiti v\u00f5i hambavaheharju.[\/vc_column_text][vc_column_text]<\/p>\n<h3>Tootekirjeldus<\/h3>\n<p>Kompaktem ja vaiksem kui varasemad mudelid.<br \/>\n\u25cf seitse irrigaatori otsikut. JT(2tk.), OD, PS, TB, TC, PP.<br \/>\n\u25cf T\u00e4iuslikum veejoa tugevuse reguleerimise s\u00fcsteem: k\u00fcmme tugevustaset.<br \/>\n\u25cf Veemahuti, millest j\u00e4tkub 90 sekundiks.<br \/>\n\u25cf ON\/OFF nupp k\u00e4epidemel.<br \/>\n\u25cf Reservuaari kaane sisse saab panna k\u00f5ik otsikud.<br \/>\n\u25cf Otsikut saab keerata 360 kraadi v\u00f5rra.[\/vc_column_text][\/vc_column][\/vc_row]<\/p>\n<\/div>","protected":false},"excerpt":{"rendered":"<p>&nbsp;<\/p>\n<p><span lang=\"et-EE\"><b>T\u00e4helepanu! Mudel Waterpik WP-160 Ultra Plus on muutnud ametlikult oma nime ja uus nimi on Waterpik WF-150 Ultra Plus!<\/b><\/span><\/p>\n<p lang=\"et-EE\"><a href=\"https:\/\/waterpik.lt\/et\/toode\/suu-veeprits-wf-150-ultra-plus\/\"><span style=\"color: #ff0000;\"><u><b>Uue nimega irrigaatori saate osta siit<\/b><\/u><\/span><\/a><\/p>\n<p>Populaarseim Waterpiku mudel!<br \/>\nWaterpik\u00ae Ultra Plus on v\u00e4ga kerge ja t\u00f5hus viis hammaste puhastamiseks. Irrigaatori Waterpik\u00ae Ultra Plus hambaid puhustava veejoa tugevuse reguleerimiseks 10 tugevustaset. Seade erineb kaasaegse disaini ja kroomitud detailide poolest, seadme k\u00e4epidemes on t\u00e4iustatud sisse- \/v\u00e4ljal\u00fclitamise nupp. Reservuaari kaas on kinnine, otsikud saab paigutada kaane sisse. Mootorit on t\u00e4iustatud ja see t\u00f6\u00f6tab vaiksemalt.<br \/>\nKliiniliste uuringutega on t\u00f5estatud, et kasutades irrigaatorit Waterpik\u00ae Ultra Plus on hammaste puhastamine lihtsam ja hambavahed puhastatakse katust paremini kui traditsiooniliste hambaniitidega ning see kaitseb igemeid p\u00f5letiku ja veritsemise eest. Sobib suurep\u00e4raselt ka neile, kellel on breketid, implantaadid, kroonid, sillad ja laminaadid.<\/p>\n<p>Mudelile Ultra Plus antakse garantii kaheks aastaks.<\/p>\n<p>&nbsp;<\/p>\n<p><iframe loading=\"lazy\" src=\"https:\/\/www.youtube.com\/embed\/vc42_8pBK_c\" width=\"100%\" height=\"315\" frameborder=\"0\" allowfullscreen=\"allowfullscreen\"><\/iframe><\/p>\n<p>&nbsp;<\/p>\n<div class=\"qbutton default\">[spu popup=\"637\"]TOLLI[\/spu]<\/div>\n","protected":false},"featured_media":70613,"template":"","meta":{"inline_featured_image":false},"product_brand":[],"product_cat":[46],"product_tag":[],"class_list":{"0":"post-3351","1":"product","2":"type-product","3":"status-publish","4":"has-post-thumbnail","6":"product_cat-suu-irrigaatorid","8":"first","9":"outofstock","10":"taxable","11":"shipping-taxable","12":"purchasable","13":"product-type-simple"},"yoast_head":"<!-- This site is optimized with the Yoast SEO plugin v24.6 - https:\/\/yoast.com\/wordpress\/plugins\/seo\/ -->\n<title>Suu irrigaator WP-160 Ultra Plus | Waterpik<\/title>\n<meta name=\"description\" content=\"Ettev\u00f5te tegeleb hambatehnikute ja stomatoloogiatarvikute m\u00fc\u00fcgiga. Kaksk\u00fcmmend aastat oleme Baltikumi Waterpiku tootja m\u00fc\u00fcgiesindaja.\" \/>\n<meta name=\"robots\" content=\"index, follow, max-snippet:-1, max-image-preview:large, max-video-preview:-1\" \/>\n<link rel=\"canonical\" href=\"https:\/\/waterpik.lt\/et\/toode\/suu-veeprits-ultra-plus-wp-160\/\" \/>\n<meta property=\"og:locale\" content=\"et_EE\" \/>\n<meta property=\"og:type\" content=\"article\" \/>\n<meta property=\"og:title\" content=\"Suu irrigaator WP-160 Ultra Plus | Waterpik\" \/>\n<meta property=\"og:description\" content=\"Ettev\u00f5te tegeleb hambatehnikute ja stomatoloogiatarvikute m\u00fc\u00fcgiga. Kaksk\u00fcmmend aastat oleme Baltikumi Waterpiku tootja m\u00fc\u00fcgiesindaja.\" \/>\n<meta property=\"og:url\" content=\"https:\/\/waterpik.lt\/et\/toode\/suu-veeprits-ultra-plus-wp-160\/\" \/>\n<meta property=\"og:site_name\" content=\"Waterpik\" \/>\n<meta property=\"article:modified_time\" content=\"2025-12-03T13:11:21+00:00\" \/>\n<meta property=\"og:image\" content=\"https:\/\/waterpik.lt\/wp-content\/uploads\/2019\/05\/wp-ee.png\" \/>\n\t<meta property=\"og:image:width\" content=\"600\" \/>\n\t<meta property=\"og:image:height\" content=\"600\" \/>\n\t<meta property=\"og:image:type\" content=\"image\/png\" \/>\n<meta name=\"twitter:card\" content=\"summary_large_image\" \/>\n<meta name=\"twitter:label1\" content=\"Est. reading time\" \/>\n\t<meta name=\"twitter:data1\" content=\"1 minut\" \/>\n<script type=\"application\/ld+json\" class=\"yoast-schema-graph\">{\"@context\":\"https:\/\/schema.org\",\"@graph\":[{\"@type\":\"WebPage\",\"@id\":\"https:\/\/waterpik.lt\/et\/toode\/suu-veeprits-ultra-plus-wp-160\/\",\"url\":\"https:\/\/waterpik.lt\/et\/toode\/suu-veeprits-ultra-plus-wp-160\/\",\"name\":\"Suu irrigaator WP-160 Ultra Plus | Waterpik\",\"isPartOf\":{\"@id\":\"https:\/\/waterpik.lt\/#website\"},\"primaryImageOfPage\":{\"@id\":\"https:\/\/waterpik.lt\/et\/toode\/suu-veeprits-ultra-plus-wp-160\/#primaryimage\"},\"image\":{\"@id\":\"https:\/\/waterpik.lt\/et\/toode\/suu-veeprits-ultra-plus-wp-160\/#primaryimage\"},\"thumbnailUrl\":\"https:\/\/waterpik.lt\/wp-content\/uploads\/2019\/05\/wp-ee.png\",\"datePublished\":\"2019-05-15T13:04:07+00:00\",\"dateModified\":\"2025-12-03T13:11:21+00:00\",\"description\":\"Ettev\u00f5te tegeleb hambatehnikute ja stomatoloogiatarvikute m\u00fc\u00fcgiga. Kaksk\u00fcmmend aastat oleme Baltikumi Waterpiku tootja m\u00fc\u00fcgiesindaja.\",\"breadcrumb\":{\"@id\":\"https:\/\/waterpik.lt\/et\/toode\/suu-veeprits-ultra-plus-wp-160\/#breadcrumb\"},\"inLanguage\":\"et\",\"potentialAction\":[{\"@type\":\"ReadAction\",\"target\":[\"https:\/\/waterpik.lt\/et\/toode\/suu-veeprits-ultra-plus-wp-160\/\"]}]},{\"@type\":\"ImageObject\",\"inLanguage\":\"et\",\"@id\":\"https:\/\/waterpik.lt\/et\/toode\/suu-veeprits-ultra-plus-wp-160\/#primaryimage\",\"url\":\"https:\/\/waterpik.lt\/wp-content\/uploads\/2019\/05\/wp-ee.png\",\"contentUrl\":\"https:\/\/waterpik.lt\/wp-content\/uploads\/2019\/05\/wp-ee.png\",\"width\":600,\"height\":600},{\"@type\":\"BreadcrumbList\",\"@id\":\"https:\/\/waterpik.lt\/et\/toode\/suu-veeprits-ultra-plus-wp-160\/#breadcrumb\",\"itemListElement\":[{\"@type\":\"ListItem\",\"position\":1,\"name\":\"Titulinis\",\"item\":\"https:\/\/waterpik.lt\/et\/\"},{\"@type\":\"ListItem\",\"position\":2,\"name\":\"Tooted\",\"item\":\"https:\/\/waterpik.lt\/et\/tooted\/\"},{\"@type\":\"ListItem\",\"position\":3,\"name\":\"Suu irrigaator WP-160 Ultra Plus\"}]},{\"@type\":\"WebSite\",\"@id\":\"https:\/\/waterpik.lt\/#website\",\"url\":\"https:\/\/waterpik.lt\/\",\"name\":\"Waterpik\",\"description\":\"Irigatoriai\",\"publisher\":{\"@id\":\"https:\/\/waterpik.lt\/#organization\"},\"potentialAction\":[{\"@type\":\"SearchAction\",\"target\":{\"@type\":\"EntryPoint\",\"urlTemplate\":\"https:\/\/waterpik.lt\/?s={search_term_string}\"},\"query-input\":{\"@type\":\"PropertyValueSpecification\",\"valueRequired\":true,\"valueName\":\"search_term_string\"}}],\"inLanguage\":\"et\"},{\"@type\":\"Organization\",\"@id\":\"https:\/\/waterpik.lt\/#organization\",\"name\":\"Waterpik\",\"url\":\"https:\/\/waterpik.lt\/\",\"logo\":{\"@type\":\"ImageObject\",\"inLanguage\":\"et\",\"@id\":\"https:\/\/waterpik.lt\/#\/schema\/logo\/image\/\",\"url\":\"https:\/\/waterpik.lt\/wp-content\/uploads\/2019\/05\/WP-160.jpg\",\"contentUrl\":\"https:\/\/waterpik.lt\/wp-content\/uploads\/2019\/05\/WP-160.jpg\",\"width\":2048,\"height\":2048,\"caption\":\"Waterpik\"},\"image\":{\"@id\":\"https:\/\/waterpik.lt\/#\/schema\/logo\/image\/\"}}]}<\/script>\n<!-- \/ Yoast SEO plugin. -->","yoast_head_json":{"title":"Suu irrigaator WP-160 Ultra Plus | Waterpik","description":"Ettev\u00f5te tegeleb hambatehnikute ja stomatoloogiatarvikute m\u00fc\u00fcgiga. Kaksk\u00fcmmend aastat oleme Baltikumi Waterpiku tootja m\u00fc\u00fcgiesindaja.","robots":{"index":"index","follow":"follow","max-snippet":"max-snippet:-1","max-image-preview":"max-image-preview:large","max-video-preview":"max-video-preview:-1"},"canonical":"https:\/\/waterpik.lt\/et\/toode\/suu-veeprits-ultra-plus-wp-160\/","og_locale":"et_EE","og_type":"article","og_title":"Suu irrigaator WP-160 Ultra Plus | Waterpik","og_description":"Ettev\u00f5te tegeleb hambatehnikute ja stomatoloogiatarvikute m\u00fc\u00fcgiga. Kaksk\u00fcmmend aastat oleme Baltikumi Waterpiku tootja m\u00fc\u00fcgiesindaja.","og_url":"https:\/\/waterpik.lt\/et\/toode\/suu-veeprits-ultra-plus-wp-160\/","og_site_name":"Waterpik","article_modified_time":"2025-12-03T13:11:21+00:00","og_image":[{"width":600,"height":600,"url":"https:\/\/waterpik.lt\/wp-content\/uploads\/2019\/05\/wp-ee.png","type":"image\/png"}],"twitter_card":"summary_large_image","twitter_misc":{"Est. reading time":"1 minut"},"schema":{"@context":"https:\/\/schema.org","@graph":[{"@type":"WebPage","@id":"https:\/\/waterpik.lt\/et\/toode\/suu-veeprits-ultra-plus-wp-160\/","url":"https:\/\/waterpik.lt\/et\/toode\/suu-veeprits-ultra-plus-wp-160\/","name":"Suu irrigaator WP-160 Ultra Plus | Waterpik","isPartOf":{"@id":"https:\/\/waterpik.lt\/#website"},"primaryImageOfPage":{"@id":"https:\/\/waterpik.lt\/et\/toode\/suu-veeprits-ultra-plus-wp-160\/#primaryimage"},"image":{"@id":"https:\/\/waterpik.lt\/et\/toode\/suu-veeprits-ultra-plus-wp-160\/#primaryimage"},"thumbnailUrl":"https:\/\/waterpik.lt\/wp-content\/uploads\/2019\/05\/wp-ee.png","datePublished":"2019-05-15T13:04:07+00:00","dateModified":"2025-12-03T13:11:21+00:00","description":"Ettev\u00f5te tegeleb hambatehnikute ja stomatoloogiatarvikute m\u00fc\u00fcgiga. Kaksk\u00fcmmend aastat oleme Baltikumi Waterpiku tootja m\u00fc\u00fcgiesindaja.","breadcrumb":{"@id":"https:\/\/waterpik.lt\/et\/toode\/suu-veeprits-ultra-plus-wp-160\/#breadcrumb"},"inLanguage":"et","potentialAction":[{"@type":"ReadAction","target":["https:\/\/waterpik.lt\/et\/toode\/suu-veeprits-ultra-plus-wp-160\/"]}]},{"@type":"ImageObject","inLanguage":"et","@id":"https:\/\/waterpik.lt\/et\/toode\/suu-veeprits-ultra-plus-wp-160\/#primaryimage","url":"https:\/\/waterpik.lt\/wp-content\/uploads\/2019\/05\/wp-ee.png","contentUrl":"https:\/\/waterpik.lt\/wp-content\/uploads\/2019\/05\/wp-ee.png","width":600,"height":600},{"@type":"BreadcrumbList","@id":"https:\/\/waterpik.lt\/et\/toode\/suu-veeprits-ultra-plus-wp-160\/#breadcrumb","itemListElement":[{"@type":"ListItem","position":1,"name":"Titulinis","item":"https:\/\/waterpik.lt\/et\/"},{"@type":"ListItem","position":2,"name":"Tooted","item":"https:\/\/waterpik.lt\/et\/tooted\/"},{"@type":"ListItem","position":3,"name":"Suu irrigaator WP-160 Ultra Plus"}]},{"@type":"WebSite","@id":"https:\/\/waterpik.lt\/#website","url":"https:\/\/waterpik.lt\/","name":"Waterpik","description":"Irigatoriai","publisher":{"@id":"https:\/\/waterpik.lt\/#organization"},"potentialAction":[{"@type":"SearchAction","target":{"@type":"EntryPoint","urlTemplate":"https:\/\/waterpik.lt\/?s={search_term_string}"},"query-input":{"@type":"PropertyValueSpecification","valueRequired":true,"valueName":"search_term_string"}}],"inLanguage":"et"},{"@type":"Organization","@id":"https:\/\/waterpik.lt\/#organization","name":"Waterpik","url":"https:\/\/waterpik.lt\/","logo":{"@type":"ImageObject","inLanguage":"et","@id":"https:\/\/waterpik.lt\/#\/schema\/logo\/image\/","url":"https:\/\/waterpik.lt\/wp-content\/uploads\/2019\/05\/WP-160.jpg","contentUrl":"https:\/\/waterpik.lt\/wp-content\/uploads\/2019\/05\/WP-160.jpg","width":2048,"height":2048,"caption":"Waterpik"},"image":{"@id":"https:\/\/waterpik.lt\/#\/schema\/logo\/image\/"}}]}},"_links":{"self":[{"href":"https:\/\/waterpik.lt\/et\/wp-json\/wp\/v2\/product\/3351","targetHints":{"allow":["GET"]}}],"collection":[{"href":"https:\/\/waterpik.lt\/et\/wp-json\/wp\/v2\/product"}],"about":[{"href":"https:\/\/waterpik.lt\/et\/wp-json\/wp\/v2\/types\/product"}],"wp:featuredmedia":[{"embeddable":true,"href":"https:\/\/waterpik.lt\/et\/wp-json\/wp\/v2\/media\/70613"}],"wp:attachment":[{"href":"https:\/\/waterpik.lt\/et\/wp-json\/wp\/v2\/media?parent=3351"}],"wp:term":[{"taxonomy":"product_brand","embeddable":true,"href":"https:\/\/waterpik.lt\/et\/wp-json\/wp\/v2\/product_brand?post=3351"},{"taxonomy":"product_cat","embeddable":true,"href":"https:\/\/waterpik.lt\/et\/wp-json\/wp\/v2\/product_cat?post=3351"},{"taxonomy":"product_tag","embeddable":true,"href":"https:\/\/waterpik.lt\/et\/wp-json\/wp\/v2\/product_tag?post=3351"}],"curies":[{"name":"wp","href":"https:\/\/api.w.org\/{rel}","templated":true}]}}