{"id":202126,"date":"2026-03-10T10:05:59","date_gmt":"2026-03-10T08:05:59","guid":{"rendered":"https:\/\/waterpik.lt\/?post_type=product&#038;p=202126"},"modified":"2026-03-10T10:25:09","modified_gmt":"2026-03-10T08:25:09","slug":"suu-irrigaator-ultra-wf-112","status":"publish","type":"product","link":"https:\/\/waterpik.lt\/et\/toode\/suu-irrigaator-ultra-wf-112\/","title":{"rendered":"Suu irrigaator Ultra WF-112"},"content":{"rendered":"<div class=\"wpb-content-wrapper\"><p>[vc_row css_animation=&#8221;&#8221; row_type=&#8221;row&#8221; use_row_as_full_screen_section=&#8221;no&#8221; type=&#8221;full_width&#8221; angled_section=&#8221;no&#8221; text_align=&#8221;left&#8221; background_image_as_pattern=&#8221;without_pattern&#8221;][vc_column][vc_column_text]<\/p>\n<h3>Toote eelised<\/h3>\n<ul>\n<li style=\"text-align: justify;\">Parendab suuh\u00fcgieeni: kliiniliselt on t\u00f5estatud, et irrigaatorit e veepritsi kasutades on suuhooldus 2x efektiivsem kui hambaniiti kasutades.<\/li>\n<li style=\"text-align: justify;\">Eemaldab s\u00fcgavale igemepiiri alla sattunud bakterid, kuhu ei ulatu hambahari ega hambaniit.<\/li>\n<li style=\"text-align: justify;\">Masseerib ja stimuleerib igemeid, toimib p\u00f5letikuvastaselt ning parendab suuh\u00fcgieeni<\/li>\n<li style=\"text-align: justify;\">V\u00f5ib kasutada vett v\u00f5i teie enda valitud suuloputusvedelikku.<\/li>\n<\/ul>\n<h3>Toote omadused<\/h3>\n<ul>\n<li style=\"text-align: justify;\">Uudne veejoa r\u00f5hu juhtimiss\u00fcsteem 10 valikuv\u00f5imalusega<\/li>\n<li style=\"text-align: justify;\">Moodne minikorpus: 20% v\u00e4iksem kui varasematel mudelitel<\/li>\n<li style=\"text-align: justify;\">T\u00f6\u00f6tab vaiksemalt kui teised mudelid<\/li>\n<li style=\"text-align: justify;\">Reservuaari unikaalne kaas h\u00fcgieenilise otsiku paigutamisv\u00f5imalusega<\/li>\n<li style=\"text-align: justify;\">Reservuaari maht 650ml<\/li>\n<\/ul>\n<p>Komplektist leiate:<\/p>\n<ul>\n<li style=\"text-align: justify;\">Standardne otsik JT, 2 tk Puhastab s\u00fcgavalt hammaste vahelisi alasid, tagades terved igemed.<\/li>\n<li style=\"text-align: justify;\">Keelekaabits TC, 1 tk Eemaldab halba l\u00f5hna tekitavad bakterid<\/li>\n<li style=\"text-align: justify;\">Otsik Pik Pocket PP, 1 tk Peseb igemetaskud<\/li>\n<li style=\"text-align: justify;\">Ortodontiline otsik OD, 1 tk Puhastab raskesti ligip\u00e4\u00e4setavad kohad breketite ja hambaproteeside \u00fcmbert<\/li>\n<li style=\"text-align: justify;\">Plaque Seeker\u2122 Tip PS, 1 tk Kolme peene harjastekihiga hari puhastab raskesti ligip\u00e4\u00e4setavad hammaste vahelised alad ja sobib eriti implantaatide hoolduseks<\/li>\n<\/ul>\n<p>[\/vc_column_text][\/vc_column][\/vc_row]<\/p>\n<\/div>","protected":false},"excerpt":{"rendered":"<p><span style=\"color: #ff0000;\"><strong>K\u00f5igile v\u00e4ga h\u00e4sti tuntud Waterpik WP-112 Ultra mudel on n\u00fc\u00fcd saanud uue nime Waterpik WF-112 Ultra!<\/strong><\/span><\/p>\n<p>Waterpik\u00ae Ultra on v\u00e4ga kerge ja t\u00f5hus viis hammaste puhastamiseks. Irrigaatori Waterpik\u00ae Ultra hambaid puhustava veejoa tugevuse reguleerimiseks 10 tugevustaset. Seade erineb kaasaegse disaini ja kroomitud detailide poolest, seadme k\u00e4epidemes on t\u00e4iustatud sisse- \/v\u00e4ljal\u00fclitamise nupp. Reservuaari kaas on kinnine, otsikud saab paigutada kaane sisse. Mootorit on t\u00e4iustatud ja see t\u00f6\u00f6tab vaiksemalt.<br \/>\nSobib suurep\u00e4raselt ka neile, kellel on breketid, implantaadid, kroonid, sillad ja laminaadid.<\/p>\n<p>Mudelile Ultra antakse garantii kaheks aastaks.<\/p>\n<p><b><\/b><br \/>\n<a href=\"\/wp-content\/uploads\/2018\/12\/Waterpik-WP-100-EE.pdf\" target=\"_blank\" rel=\"noopener\"><img loading=\"lazy\" decoding=\"async\" class=\"alignnone wp-image-433\" src=\"https:\/\/waterpik.lt\/wp-content\/uploads\/2018\/11\/download.png\" alt=\"\" width=\"128\" height=\"41\" \/><\/a><\/p>\n<p>&nbsp;<\/p>\n<div class=\"qbutton default\">[spu popup=\"637\"]TELLI[\/spu]<\/div>\n","protected":false},"featured_media":38988,"template":"","meta":{"inline_featured_image":false},"product_brand":[],"product_cat":[46],"product_tag":[],"class_list":{"0":"post-202126","1":"product","2":"type-product","3":"status-publish","4":"has-post-thumbnail","6":"product_cat-suu-irrigaatorid","8":"first","9":"instock","10":"sale","11":"taxable","12":"shipping-taxable","13":"purchasable","14":"product-type-simple"},"yoast_head":"<!-- This site is optimized with the Yoast SEO plugin v24.6 - https:\/\/yoast.com\/wordpress\/plugins\/seo\/ -->\n<title>Suu irrigaator Ultra WF-112 | Waterpik<\/title>\n<meta name=\"description\" content=\"Ettev\u00f5te tegeleb hambatehnikute ja stomatoloogiatarvikute m\u00fc\u00fcgiga. Kaksk\u00fcmmend aastat oleme Baltikumi Waterpiku tootja m\u00fc\u00fcgiesindaja.\" \/>\n<meta name=\"robots\" content=\"index, follow, max-snippet:-1, max-image-preview:large, max-video-preview:-1\" \/>\n<link rel=\"canonical\" href=\"https:\/\/waterpik.lt\/et\/toode\/suu-irrigaator-ultra-wf-112\/\" \/>\n<meta property=\"og:locale\" content=\"et_EE\" \/>\n<meta property=\"og:type\" content=\"article\" \/>\n<meta property=\"og:title\" content=\"Suu irrigaator Ultra WF-112 | Waterpik\" \/>\n<meta property=\"og:description\" content=\"Ettev\u00f5te tegeleb hambatehnikute ja stomatoloogiatarvikute m\u00fc\u00fcgiga. Kaksk\u00fcmmend aastat oleme Baltikumi Waterpiku tootja m\u00fc\u00fcgiesindaja.\" \/>\n<meta property=\"og:url\" content=\"https:\/\/waterpik.lt\/et\/toode\/suu-irrigaator-ultra-wf-112\/\" \/>\n<meta property=\"og:site_name\" content=\"Waterpik\" \/>\n<meta property=\"article:modified_time\" content=\"2026-03-10T08:25:09+00:00\" \/>\n<meta property=\"og:image\" content=\"https:\/\/waterpik.lt\/wp-content\/uploads\/2020\/12\/WP670-webui-scaled.jpg\" \/>\n\t<meta property=\"og:image:width\" content=\"2560\" \/>\n\t<meta property=\"og:image:height\" content=\"2560\" \/>\n\t<meta property=\"og:image:type\" content=\"image\/jpeg\" \/>\n<meta name=\"twitter:card\" content=\"summary_large_image\" \/>\n<meta name=\"twitter:label1\" content=\"Est. reading time\" \/>\n\t<meta name=\"twitter:data1\" content=\"1 minut\" \/>\n<script type=\"application\/ld+json\" class=\"yoast-schema-graph\">{\"@context\":\"https:\/\/schema.org\",\"@graph\":[{\"@type\":\"WebPage\",\"@id\":\"https:\/\/waterpik.lt\/et\/toode\/suu-irrigaator-ultra-wf-112\/\",\"url\":\"https:\/\/waterpik.lt\/et\/toode\/suu-irrigaator-ultra-wf-112\/\",\"name\":\"Suu irrigaator Ultra WF-112 | Waterpik\",\"isPartOf\":{\"@id\":\"https:\/\/waterpik.lt\/#website\"},\"primaryImageOfPage\":{\"@id\":\"https:\/\/waterpik.lt\/et\/toode\/suu-irrigaator-ultra-wf-112\/#primaryimage\"},\"image\":{\"@id\":\"https:\/\/waterpik.lt\/et\/toode\/suu-irrigaator-ultra-wf-112\/#primaryimage\"},\"thumbnailUrl\":\"https:\/\/waterpik.lt\/wp-content\/uploads\/2018\/11\/waterpik-ultra-water-flosser-wp-112-black..jpg\",\"datePublished\":\"2026-03-10T08:05:59+00:00\",\"dateModified\":\"2026-03-10T08:25:09+00:00\",\"description\":\"Ettev\u00f5te tegeleb hambatehnikute ja stomatoloogiatarvikute m\u00fc\u00fcgiga. Kaksk\u00fcmmend aastat oleme Baltikumi Waterpiku tootja m\u00fc\u00fcgiesindaja.\",\"breadcrumb\":{\"@id\":\"https:\/\/waterpik.lt\/et\/toode\/suu-irrigaator-ultra-wf-112\/#breadcrumb\"},\"inLanguage\":\"et\",\"potentialAction\":[{\"@type\":\"ReadAction\",\"target\":[\"https:\/\/waterpik.lt\/et\/toode\/suu-irrigaator-ultra-wf-112\/\"]}]},{\"@type\":\"ImageObject\",\"inLanguage\":\"et\",\"@id\":\"https:\/\/waterpik.lt\/et\/toode\/suu-irrigaator-ultra-wf-112\/#primaryimage\",\"url\":\"https:\/\/waterpik.lt\/wp-content\/uploads\/2018\/11\/waterpik-ultra-water-flosser-wp-112-black..jpg\",\"contentUrl\":\"https:\/\/waterpik.lt\/wp-content\/uploads\/2018\/11\/waterpik-ultra-water-flosser-wp-112-black..jpg\",\"width\":600,\"height\":600},{\"@type\":\"BreadcrumbList\",\"@id\":\"https:\/\/waterpik.lt\/et\/toode\/suu-irrigaator-ultra-wf-112\/#breadcrumb\",\"itemListElement\":[{\"@type\":\"ListItem\",\"position\":1,\"name\":\"Titulinis\",\"item\":\"https:\/\/waterpik.lt\/et\/\"},{\"@type\":\"ListItem\",\"position\":2,\"name\":\"Tooted\",\"item\":\"https:\/\/waterpik.lt\/et\/tooted\/\"},{\"@type\":\"ListItem\",\"position\":3,\"name\":\"Suu irrigaator Ultra WF-112\"}]},{\"@type\":\"WebSite\",\"@id\":\"https:\/\/waterpik.lt\/#website\",\"url\":\"https:\/\/waterpik.lt\/\",\"name\":\"Waterpik\",\"description\":\"Irigatoriai\",\"publisher\":{\"@id\":\"https:\/\/waterpik.lt\/#organization\"},\"potentialAction\":[{\"@type\":\"SearchAction\",\"target\":{\"@type\":\"EntryPoint\",\"urlTemplate\":\"https:\/\/waterpik.lt\/?s={search_term_string}\"},\"query-input\":{\"@type\":\"PropertyValueSpecification\",\"valueRequired\":true,\"valueName\":\"search_term_string\"}}],\"inLanguage\":\"et\"},{\"@type\":\"Organization\",\"@id\":\"https:\/\/waterpik.lt\/#organization\",\"name\":\"Waterpik\",\"url\":\"https:\/\/waterpik.lt\/\",\"logo\":{\"@type\":\"ImageObject\",\"inLanguage\":\"et\",\"@id\":\"https:\/\/waterpik.lt\/#\/schema\/logo\/image\/\",\"url\":\"https:\/\/waterpik.lt\/wp-content\/uploads\/2019\/05\/WP-160.jpg\",\"contentUrl\":\"https:\/\/waterpik.lt\/wp-content\/uploads\/2019\/05\/WP-160.jpg\",\"width\":2048,\"height\":2048,\"caption\":\"Waterpik\"},\"image\":{\"@id\":\"https:\/\/waterpik.lt\/#\/schema\/logo\/image\/\"}}]}<\/script>\n<!-- \/ Yoast SEO plugin. -->","yoast_head_json":{"title":"Suu irrigaator Ultra WF-112 | Waterpik","description":"Ettev\u00f5te tegeleb hambatehnikute ja stomatoloogiatarvikute m\u00fc\u00fcgiga. Kaksk\u00fcmmend aastat oleme Baltikumi Waterpiku tootja m\u00fc\u00fcgiesindaja.","robots":{"index":"index","follow":"follow","max-snippet":"max-snippet:-1","max-image-preview":"max-image-preview:large","max-video-preview":"max-video-preview:-1"},"canonical":"https:\/\/waterpik.lt\/et\/toode\/suu-irrigaator-ultra-wf-112\/","og_locale":"et_EE","og_type":"article","og_title":"Suu irrigaator Ultra WF-112 | Waterpik","og_description":"Ettev\u00f5te tegeleb hambatehnikute ja stomatoloogiatarvikute m\u00fc\u00fcgiga. Kaksk\u00fcmmend aastat oleme Baltikumi Waterpiku tootja m\u00fc\u00fcgiesindaja.","og_url":"https:\/\/waterpik.lt\/et\/toode\/suu-irrigaator-ultra-wf-112\/","og_site_name":"Waterpik","article_modified_time":"2026-03-10T08:25:09+00:00","og_image":[{"width":2560,"height":2560,"url":"https:\/\/waterpik.lt\/wp-content\/uploads\/2020\/12\/WP670-webui-scaled.jpg","type":"image\/jpeg"}],"twitter_card":"summary_large_image","twitter_misc":{"Est. reading time":"1 minut"},"schema":{"@context":"https:\/\/schema.org","@graph":[{"@type":"WebPage","@id":"https:\/\/waterpik.lt\/et\/toode\/suu-irrigaator-ultra-wf-112\/","url":"https:\/\/waterpik.lt\/et\/toode\/suu-irrigaator-ultra-wf-112\/","name":"Suu irrigaator Ultra WF-112 | Waterpik","isPartOf":{"@id":"https:\/\/waterpik.lt\/#website"},"primaryImageOfPage":{"@id":"https:\/\/waterpik.lt\/et\/toode\/suu-irrigaator-ultra-wf-112\/#primaryimage"},"image":{"@id":"https:\/\/waterpik.lt\/et\/toode\/suu-irrigaator-ultra-wf-112\/#primaryimage"},"thumbnailUrl":"https:\/\/waterpik.lt\/wp-content\/uploads\/2018\/11\/waterpik-ultra-water-flosser-wp-112-black..jpg","datePublished":"2026-03-10T08:05:59+00:00","dateModified":"2026-03-10T08:25:09+00:00","description":"Ettev\u00f5te tegeleb hambatehnikute ja stomatoloogiatarvikute m\u00fc\u00fcgiga. Kaksk\u00fcmmend aastat oleme Baltikumi Waterpiku tootja m\u00fc\u00fcgiesindaja.","breadcrumb":{"@id":"https:\/\/waterpik.lt\/et\/toode\/suu-irrigaator-ultra-wf-112\/#breadcrumb"},"inLanguage":"et","potentialAction":[{"@type":"ReadAction","target":["https:\/\/waterpik.lt\/et\/toode\/suu-irrigaator-ultra-wf-112\/"]}]},{"@type":"ImageObject","inLanguage":"et","@id":"https:\/\/waterpik.lt\/et\/toode\/suu-irrigaator-ultra-wf-112\/#primaryimage","url":"https:\/\/waterpik.lt\/wp-content\/uploads\/2018\/11\/waterpik-ultra-water-flosser-wp-112-black..jpg","contentUrl":"https:\/\/waterpik.lt\/wp-content\/uploads\/2018\/11\/waterpik-ultra-water-flosser-wp-112-black..jpg","width":600,"height":600},{"@type":"BreadcrumbList","@id":"https:\/\/waterpik.lt\/et\/toode\/suu-irrigaator-ultra-wf-112\/#breadcrumb","itemListElement":[{"@type":"ListItem","position":1,"name":"Titulinis","item":"https:\/\/waterpik.lt\/et\/"},{"@type":"ListItem","position":2,"name":"Tooted","item":"https:\/\/waterpik.lt\/et\/tooted\/"},{"@type":"ListItem","position":3,"name":"Suu irrigaator Ultra WF-112"}]},{"@type":"WebSite","@id":"https:\/\/waterpik.lt\/#website","url":"https:\/\/waterpik.lt\/","name":"Waterpik","description":"Irigatoriai","publisher":{"@id":"https:\/\/waterpik.lt\/#organization"},"potentialAction":[{"@type":"SearchAction","target":{"@type":"EntryPoint","urlTemplate":"https:\/\/waterpik.lt\/?s={search_term_string}"},"query-input":{"@type":"PropertyValueSpecification","valueRequired":true,"valueName":"search_term_string"}}],"inLanguage":"et"},{"@type":"Organization","@id":"https:\/\/waterpik.lt\/#organization","name":"Waterpik","url":"https:\/\/waterpik.lt\/","logo":{"@type":"ImageObject","inLanguage":"et","@id":"https:\/\/waterpik.lt\/#\/schema\/logo\/image\/","url":"https:\/\/waterpik.lt\/wp-content\/uploads\/2019\/05\/WP-160.jpg","contentUrl":"https:\/\/waterpik.lt\/wp-content\/uploads\/2019\/05\/WP-160.jpg","width":2048,"height":2048,"caption":"Waterpik"},"image":{"@id":"https:\/\/waterpik.lt\/#\/schema\/logo\/image\/"}}]}},"_links":{"self":[{"href":"https:\/\/waterpik.lt\/et\/wp-json\/wp\/v2\/product\/202126","targetHints":{"allow":["GET"]}}],"collection":[{"href":"https:\/\/waterpik.lt\/et\/wp-json\/wp\/v2\/product"}],"about":[{"href":"https:\/\/waterpik.lt\/et\/wp-json\/wp\/v2\/types\/product"}],"wp:featuredmedia":[{"embeddable":true,"href":"https:\/\/waterpik.lt\/et\/wp-json\/wp\/v2\/media\/38988"}],"wp:attachment":[{"href":"https:\/\/waterpik.lt\/et\/wp-json\/wp\/v2\/media?parent=202126"}],"wp:term":[{"taxonomy":"product_brand","embeddable":true,"href":"https:\/\/waterpik.lt\/et\/wp-json\/wp\/v2\/product_brand?post=202126"},{"taxonomy":"product_cat","embeddable":true,"href":"https:\/\/waterpik.lt\/et\/wp-json\/wp\/v2\/product_cat?post=202126"},{"taxonomy":"product_tag","embeddable":true,"href":"https:\/\/waterpik.lt\/et\/wp-json\/wp\/v2\/product_tag?post=202126"}],"curies":[{"name":"wp","href":"https:\/\/api.w.org\/{rel}","templated":true}]}}