{"id":19249,"date":"2021-03-15T16:42:33","date_gmt":"2021-03-15T14:42:33","guid":{"rendered":"https:\/\/waterpik.lt\/?post_type=product&#038;p=19249"},"modified":"2023-03-16T13:00:28","modified_gmt":"2023-03-16T11:00:28","slug":"juhtmevaba-suu-irrigaator-waterpik-wf-10-black","status":"publish","type":"product","link":"https:\/\/waterpik.lt\/et\/toode\/juhtmevaba-suu-irrigaator-waterpik-wf-10-black\/","title":{"rendered":"Juhtmevaba suu irrigaator Waterpik WF-10 Black"},"content":{"rendered":"<div class=\"wpb-content-wrapper\"><p>[vc_row css_animation=&#8221;&#8221; row_type=&#8221;row&#8221; use_row_as_full_screen_section=&#8221;no&#8221; type=&#8221;full_width&#8221; angled_section=&#8221;no&#8221; text_align=&#8221;left&#8221; background_image_as_pattern=&#8221;without_pattern&#8221;][vc_column][vc_column_text]<\/p>\n<h3>Toote eelised<\/h3>\n<ul>\n<li>Efektiivne hambakatu eemaldamine: puhastatavatelt kohtadelt eemaldatakse kuni 99,9% kattu.<\/li>\n<li>Tervemad igemed: kuni 50% efektiivsem tavalisest hambaniidist.<\/li>\n<li>Sobib suurep\u00e4raselt ka implantaatide hoolduseks: kasutades Plaque Seeker\u00ae otsikut, paraneb igemete seisund implantaatide juures kuni 2 korda kiiremini kui hambaniidiga.<\/li>\n<li>Vajalik neile, kes kannavad breketeid: kasutades ortodontilist otsikut, eemaldatakse breketite \u00fcmber olev hambakatt 3 korda efektiivsemalt kui hambaniidiga.<\/li>\n<li>Eemaldab hambakatu ja toiduj\u00e4\u00e4gid hambavahedest ja altpoolt igemete joont: need kohad ei ole ligip\u00e4\u00e4setavad hambaharja ja hambaniidiga.<\/li>\n<li>Masseerib ja stimuleerib igemeid, et paraneks vereringlus: igemed muutuvad tervemaks.<\/li>\n<li>Tagab suus uskumatu v\u00e4rskuse ja puhtuse tunde.<\/li>\n<li>Sobib suurep\u00e4raselt neile, kellel on implantaadid, kroonid, sillad ja laminaadid.<\/li>\n<\/ul>\n<h3>Cordless Select Water Flosseri omadused<\/h3>\n<ul>\n<li>4 irrigaatori otsikud \u2013 2 standardsed, 1 implantaatidele ja 1 breketitele<\/li>\n<li>Laetav, kaasaskantav mudel<\/li>\n<li>Veekindel, v\u00f5ib kasutada du\u0161i all<\/li>\n<li>USB laadimiss\u00fcsteem magnetlaadijaga<\/li>\n<li>Veemahuti, millest j\u00e4tkub 45 sekundiks<\/li>\n<li>2 r\u00f5hutugevuse seadet<br \/>\n2-aastane garantii<\/li>\n<\/ul>\n<p>[\/vc_column_text][\/vc_column][\/vc_row]<\/p>\n<\/div>","protected":false},"excerpt":{"rendered":"<p>&nbsp;<\/p>\n<p>Uus Cordless Select Water Flosser on mugav, kaasaskantav ja sobib kasutamiseks v\u00e4ikestes vannitubades v\u00f5i reisil.<br \/>\nMudelile Cordless Select kehtib kaheaastane garantii. Mudeli turvalisust ja efektiivsust on kinnitanud USA hambaarstide assotsiatsioon (ADA).<\/p>\n<p>&nbsp;<\/p>\n<p><a href=\"https:\/\/waterpik.lt\/wp-content\/uploads\/2019\/11\/wf10-cordless-select-naudojimosi-instrukcija.pdf\" target=\"_blank\" rel=\"noopener\"><img loading=\"lazy\" decoding=\"async\" class=\"alignnone wp-image-433\" src=\"https:\/\/waterpik.lt\/wp-content\/uploads\/2018\/11\/download.png\" alt=\"\" width=\"128\" height=\"41\" \/><\/a><\/p>\n<p>&nbsp;<\/p>\n<div class=\"qbutton default\">[spu popup=\"637\"]TELLI[\/spu]<\/div>\n","protected":false},"featured_media":19254,"template":"","meta":{"inline_featured_image":false},"product_brand":[],"product_cat":[47],"product_tag":[],"class_list":{"0":"post-19249","1":"product","2":"type-product","3":"status-publish","4":"has-post-thumbnail","6":"product_cat-juhtmevabad-suu-irrigaatorid","8":"first","9":"outofstock","10":"taxable","11":"shipping-taxable","12":"purchasable","13":"product-type-simple"},"yoast_head":"<!-- This site is optimized with the Yoast SEO plugin v24.6 - https:\/\/yoast.com\/wordpress\/plugins\/seo\/ -->\n<title>Juhtmevaba suu irrigaator Waterpik WF-10 Black | Waterpik<\/title>\n<meta name=\"description\" content=\"Ettev\u00f5te tegeleb hambatehnikute ja stomatoloogiatarvikute m\u00fc\u00fcgiga. Kaksk\u00fcmmend aastat oleme Baltikumi Waterpiku tootja m\u00fc\u00fcgiesindaja.\" \/>\n<meta name=\"robots\" content=\"index, follow, max-snippet:-1, max-image-preview:large, max-video-preview:-1\" \/>\n<link rel=\"canonical\" href=\"https:\/\/waterpik.lt\/et\/toode\/juhtmevaba-suu-irrigaator-waterpik-wf-10-black\/\" \/>\n<meta property=\"og:locale\" content=\"et_EE\" \/>\n<meta property=\"og:type\" content=\"article\" \/>\n<meta property=\"og:title\" content=\"Juhtmevaba suu irrigaator Waterpik WF-10 Black | Waterpik\" \/>\n<meta property=\"og:description\" content=\"Ettev\u00f5te tegeleb hambatehnikute ja stomatoloogiatarvikute m\u00fc\u00fcgiga. Kaksk\u00fcmmend aastat oleme Baltikumi Waterpiku tootja m\u00fc\u00fcgiesindaja.\" \/>\n<meta property=\"og:url\" content=\"https:\/\/waterpik.lt\/et\/toode\/juhtmevaba-suu-irrigaator-waterpik-wf-10-black\/\" \/>\n<meta property=\"og:site_name\" content=\"Waterpik\" \/>\n<meta property=\"article:modified_time\" content=\"2023-03-16T11:00:28+00:00\" \/>\n<meta property=\"og:image\" content=\"https:\/\/waterpik.lt\/wp-content\/uploads\/2021\/03\/WF-10W012_3Quarter-scaled.jpg\" \/>\n\t<meta property=\"og:image:width\" content=\"2560\" \/>\n\t<meta property=\"og:image:height\" content=\"2560\" \/>\n\t<meta property=\"og:image:type\" content=\"image\/jpeg\" \/>\n<meta name=\"twitter:card\" content=\"summary_large_image\" \/>\n<meta name=\"twitter:label1\" content=\"Est. reading time\" \/>\n\t<meta name=\"twitter:data1\" content=\"1 minut\" \/>\n<script type=\"application\/ld+json\" class=\"yoast-schema-graph\">{\"@context\":\"https:\/\/schema.org\",\"@graph\":[{\"@type\":\"WebPage\",\"@id\":\"https:\/\/waterpik.lt\/et\/toode\/juhtmevaba-suu-irrigaator-waterpik-wf-10-black\/\",\"url\":\"https:\/\/waterpik.lt\/et\/toode\/juhtmevaba-suu-irrigaator-waterpik-wf-10-black\/\",\"name\":\"Juhtmevaba suu irrigaator Waterpik WF-10 Black | Waterpik\",\"isPartOf\":{\"@id\":\"https:\/\/waterpik.lt\/#website\"},\"primaryImageOfPage\":{\"@id\":\"https:\/\/waterpik.lt\/et\/toode\/juhtmevaba-suu-irrigaator-waterpik-wf-10-black\/#primaryimage\"},\"image\":{\"@id\":\"https:\/\/waterpik.lt\/et\/toode\/juhtmevaba-suu-irrigaator-waterpik-wf-10-black\/#primaryimage\"},\"thumbnailUrl\":\"https:\/\/waterpik.lt\/wp-content\/uploads\/2021\/03\/WF-10W012_3Quarter-scaled.jpg\",\"datePublished\":\"2021-03-15T14:42:33+00:00\",\"dateModified\":\"2023-03-16T11:00:28+00:00\",\"description\":\"Ettev\u00f5te tegeleb hambatehnikute ja stomatoloogiatarvikute m\u00fc\u00fcgiga. Kaksk\u00fcmmend aastat oleme Baltikumi Waterpiku tootja m\u00fc\u00fcgiesindaja.\",\"breadcrumb\":{\"@id\":\"https:\/\/waterpik.lt\/et\/toode\/juhtmevaba-suu-irrigaator-waterpik-wf-10-black\/#breadcrumb\"},\"inLanguage\":\"et\",\"potentialAction\":[{\"@type\":\"ReadAction\",\"target\":[\"https:\/\/waterpik.lt\/et\/toode\/juhtmevaba-suu-irrigaator-waterpik-wf-10-black\/\"]}]},{\"@type\":\"ImageObject\",\"inLanguage\":\"et\",\"@id\":\"https:\/\/waterpik.lt\/et\/toode\/juhtmevaba-suu-irrigaator-waterpik-wf-10-black\/#primaryimage\",\"url\":\"https:\/\/waterpik.lt\/wp-content\/uploads\/2021\/03\/WF-10W012_3Quarter-scaled.jpg\",\"contentUrl\":\"https:\/\/waterpik.lt\/wp-content\/uploads\/2021\/03\/WF-10W012_3Quarter-scaled.jpg\",\"width\":2560,\"height\":2560},{\"@type\":\"BreadcrumbList\",\"@id\":\"https:\/\/waterpik.lt\/et\/toode\/juhtmevaba-suu-irrigaator-waterpik-wf-10-black\/#breadcrumb\",\"itemListElement\":[{\"@type\":\"ListItem\",\"position\":1,\"name\":\"Titulinis\",\"item\":\"https:\/\/waterpik.lt\/et\/\"},{\"@type\":\"ListItem\",\"position\":2,\"name\":\"Tooted\",\"item\":\"https:\/\/waterpik.lt\/et\/tooted\/\"},{\"@type\":\"ListItem\",\"position\":3,\"name\":\"Juhtmevaba suu irrigaator Waterpik WF-10 Black\"}]},{\"@type\":\"WebSite\",\"@id\":\"https:\/\/waterpik.lt\/#website\",\"url\":\"https:\/\/waterpik.lt\/\",\"name\":\"Waterpik\",\"description\":\"Irigatoriai\",\"publisher\":{\"@id\":\"https:\/\/waterpik.lt\/#organization\"},\"potentialAction\":[{\"@type\":\"SearchAction\",\"target\":{\"@type\":\"EntryPoint\",\"urlTemplate\":\"https:\/\/waterpik.lt\/?s={search_term_string}\"},\"query-input\":{\"@type\":\"PropertyValueSpecification\",\"valueRequired\":true,\"valueName\":\"search_term_string\"}}],\"inLanguage\":\"et\"},{\"@type\":\"Organization\",\"@id\":\"https:\/\/waterpik.lt\/#organization\",\"name\":\"Waterpik\",\"url\":\"https:\/\/waterpik.lt\/\",\"logo\":{\"@type\":\"ImageObject\",\"inLanguage\":\"et\",\"@id\":\"https:\/\/waterpik.lt\/#\/schema\/logo\/image\/\",\"url\":\"https:\/\/waterpik.lt\/wp-content\/uploads\/2019\/05\/WP-160.jpg\",\"contentUrl\":\"https:\/\/waterpik.lt\/wp-content\/uploads\/2019\/05\/WP-160.jpg\",\"width\":2048,\"height\":2048,\"caption\":\"Waterpik\"},\"image\":{\"@id\":\"https:\/\/waterpik.lt\/#\/schema\/logo\/image\/\"}}]}<\/script>\n<!-- \/ Yoast SEO plugin. -->","yoast_head_json":{"title":"Juhtmevaba suu irrigaator Waterpik WF-10 Black | Waterpik","description":"Ettev\u00f5te tegeleb hambatehnikute ja stomatoloogiatarvikute m\u00fc\u00fcgiga. Kaksk\u00fcmmend aastat oleme Baltikumi Waterpiku tootja m\u00fc\u00fcgiesindaja.","robots":{"index":"index","follow":"follow","max-snippet":"max-snippet:-1","max-image-preview":"max-image-preview:large","max-video-preview":"max-video-preview:-1"},"canonical":"https:\/\/waterpik.lt\/et\/toode\/juhtmevaba-suu-irrigaator-waterpik-wf-10-black\/","og_locale":"et_EE","og_type":"article","og_title":"Juhtmevaba suu irrigaator Waterpik WF-10 Black | Waterpik","og_description":"Ettev\u00f5te tegeleb hambatehnikute ja stomatoloogiatarvikute m\u00fc\u00fcgiga. Kaksk\u00fcmmend aastat oleme Baltikumi Waterpiku tootja m\u00fc\u00fcgiesindaja.","og_url":"https:\/\/waterpik.lt\/et\/toode\/juhtmevaba-suu-irrigaator-waterpik-wf-10-black\/","og_site_name":"Waterpik","article_modified_time":"2023-03-16T11:00:28+00:00","og_image":[{"width":2560,"height":2560,"url":"https:\/\/waterpik.lt\/wp-content\/uploads\/2021\/03\/WF-10W012_3Quarter-scaled.jpg","type":"image\/jpeg"}],"twitter_card":"summary_large_image","twitter_misc":{"Est. reading time":"1 minut"},"schema":{"@context":"https:\/\/schema.org","@graph":[{"@type":"WebPage","@id":"https:\/\/waterpik.lt\/et\/toode\/juhtmevaba-suu-irrigaator-waterpik-wf-10-black\/","url":"https:\/\/waterpik.lt\/et\/toode\/juhtmevaba-suu-irrigaator-waterpik-wf-10-black\/","name":"Juhtmevaba suu irrigaator Waterpik WF-10 Black | Waterpik","isPartOf":{"@id":"https:\/\/waterpik.lt\/#website"},"primaryImageOfPage":{"@id":"https:\/\/waterpik.lt\/et\/toode\/juhtmevaba-suu-irrigaator-waterpik-wf-10-black\/#primaryimage"},"image":{"@id":"https:\/\/waterpik.lt\/et\/toode\/juhtmevaba-suu-irrigaator-waterpik-wf-10-black\/#primaryimage"},"thumbnailUrl":"https:\/\/waterpik.lt\/wp-content\/uploads\/2021\/03\/WF-10W012_3Quarter-scaled.jpg","datePublished":"2021-03-15T14:42:33+00:00","dateModified":"2023-03-16T11:00:28+00:00","description":"Ettev\u00f5te tegeleb hambatehnikute ja stomatoloogiatarvikute m\u00fc\u00fcgiga. Kaksk\u00fcmmend aastat oleme Baltikumi Waterpiku tootja m\u00fc\u00fcgiesindaja.","breadcrumb":{"@id":"https:\/\/waterpik.lt\/et\/toode\/juhtmevaba-suu-irrigaator-waterpik-wf-10-black\/#breadcrumb"},"inLanguage":"et","potentialAction":[{"@type":"ReadAction","target":["https:\/\/waterpik.lt\/et\/toode\/juhtmevaba-suu-irrigaator-waterpik-wf-10-black\/"]}]},{"@type":"ImageObject","inLanguage":"et","@id":"https:\/\/waterpik.lt\/et\/toode\/juhtmevaba-suu-irrigaator-waterpik-wf-10-black\/#primaryimage","url":"https:\/\/waterpik.lt\/wp-content\/uploads\/2021\/03\/WF-10W012_3Quarter-scaled.jpg","contentUrl":"https:\/\/waterpik.lt\/wp-content\/uploads\/2021\/03\/WF-10W012_3Quarter-scaled.jpg","width":2560,"height":2560},{"@type":"BreadcrumbList","@id":"https:\/\/waterpik.lt\/et\/toode\/juhtmevaba-suu-irrigaator-waterpik-wf-10-black\/#breadcrumb","itemListElement":[{"@type":"ListItem","position":1,"name":"Titulinis","item":"https:\/\/waterpik.lt\/et\/"},{"@type":"ListItem","position":2,"name":"Tooted","item":"https:\/\/waterpik.lt\/et\/tooted\/"},{"@type":"ListItem","position":3,"name":"Juhtmevaba suu irrigaator Waterpik WF-10 Black"}]},{"@type":"WebSite","@id":"https:\/\/waterpik.lt\/#website","url":"https:\/\/waterpik.lt\/","name":"Waterpik","description":"Irigatoriai","publisher":{"@id":"https:\/\/waterpik.lt\/#organization"},"potentialAction":[{"@type":"SearchAction","target":{"@type":"EntryPoint","urlTemplate":"https:\/\/waterpik.lt\/?s={search_term_string}"},"query-input":{"@type":"PropertyValueSpecification","valueRequired":true,"valueName":"search_term_string"}}],"inLanguage":"et"},{"@type":"Organization","@id":"https:\/\/waterpik.lt\/#organization","name":"Waterpik","url":"https:\/\/waterpik.lt\/","logo":{"@type":"ImageObject","inLanguage":"et","@id":"https:\/\/waterpik.lt\/#\/schema\/logo\/image\/","url":"https:\/\/waterpik.lt\/wp-content\/uploads\/2019\/05\/WP-160.jpg","contentUrl":"https:\/\/waterpik.lt\/wp-content\/uploads\/2019\/05\/WP-160.jpg","width":2048,"height":2048,"caption":"Waterpik"},"image":{"@id":"https:\/\/waterpik.lt\/#\/schema\/logo\/image\/"}}]}},"_links":{"self":[{"href":"https:\/\/waterpik.lt\/et\/wp-json\/wp\/v2\/product\/19249","targetHints":{"allow":["GET"]}}],"collection":[{"href":"https:\/\/waterpik.lt\/et\/wp-json\/wp\/v2\/product"}],"about":[{"href":"https:\/\/waterpik.lt\/et\/wp-json\/wp\/v2\/types\/product"}],"wp:featuredmedia":[{"embeddable":true,"href":"https:\/\/waterpik.lt\/et\/wp-json\/wp\/v2\/media\/19254"}],"wp:attachment":[{"href":"https:\/\/waterpik.lt\/et\/wp-json\/wp\/v2\/media?parent=19249"}],"wp:term":[{"taxonomy":"product_brand","embeddable":true,"href":"https:\/\/waterpik.lt\/et\/wp-json\/wp\/v2\/product_brand?post=19249"},{"taxonomy":"product_cat","embeddable":true,"href":"https:\/\/waterpik.lt\/et\/wp-json\/wp\/v2\/product_cat?post=19249"},{"taxonomy":"product_tag","embeddable":true,"href":"https:\/\/waterpik.lt\/et\/wp-json\/wp\/v2\/product_tag?post=19249"}],"curies":[{"name":"wp","href":"https:\/\/api.w.org\/{rel}","templated":true}]}}