{"id":190441,"date":"2026-01-16T10:39:59","date_gmt":"2026-01-16T08:39:59","guid":{"rendered":"https:\/\/waterpik.lt\/?post_type=product&#038;p=190441"},"modified":"2026-02-25T11:00:13","modified_gmt":"2026-02-25T09:00:13","slug":"juhtmevaba-suu-irrigaator-waterpik-wf-26-black","status":"publish","type":"product","link":"https:\/\/waterpik.lt\/et\/toode\/juhtmevaba-suu-irrigaator-waterpik-wf-26-black\/","title":{"rendered":"Juhtmevaba suu irrigaator Waterpik WF-26 Black"},"content":{"rendered":"<div class=\"wpb-content-wrapper\"><p>[vc_row css_animation=&#8221;&#8221; row_type=&#8221;row&#8221; use_row_as_full_screen_section=&#8221;no&#8221; type=&#8221;full_width&#8221; angled_section=&#8221;no&#8221; text_align=&#8221;left&#8221; background_image_as_pattern=&#8221;without_pattern&#8221;][vc_column][vc_column_text css=&#8221;&#8221;]<\/p>\n<h3><span style=\"color: #333333;\">Toote eelised<\/span><\/h3>\n<ul>\n<li style=\"text-align: justify;\"><span lang=\"et-EE\" style=\"color: #333333;\">On t\u00f5estatud, et WaterpikTM PRECISIONPULSETM tehnoloogia tagab k\u00f5ige t\u00f5husama veesurve ja pulsatsiooni kombinatsiooni.<\/span><\/li>\n<li style=\"text-align: justify;\"><span lang=\"et-EE\" style=\"color: #333333;\">T\u00f5hus hambakatu eemaldamine: eemaldab hammastelt kuni 99,9% hambakatubakteritest, mis p\u00f5hjustavad igemep\u00f5letikku, kaariest ja halba hinge\u00f5hku.<\/span><\/li>\n<li style=\"text-align: justify;\"><span style=\"color: #333333;\">Tervemad igemed. Eemaldab hambakatu kaks korda t\u00f5husamalt kui tavaline hambaniit.<\/span><\/li>\n<li style=\"text-align: justify;\"><span lang=\"et-EE\" style=\"color: #333333;\">Ideaalne implantaatidele: kliiniliselt on t\u00f5estatud, et implantaatide \u00fcmbruse igemete tervise parandamisel on selle seadme kasutamine koos Plaque SeekerTM PS otsikuga kuni 2 korda t\u00f5husam kui tavaline hambaniit. <\/span><\/li>\n<li style=\"text-align: justify;\"><span lang=\"et-EE\" style=\"color: #333333;\">Eriti kasulik breketite kandjatele: kliiniliselt on t\u00f5estatud, et see on kuni kolm korda t\u00f5husam hambakatu eemaldamisel breketite \u00fcmbert, kui seadet kasutatakse koos OD ortodontilise otsikuga. <\/span><\/li>\n<li><span style=\"color: #333333;\"><span lang=\"et-EE\">WF-26 sobib ideaalselt neile, kellele ei meeldi hambaniidi kasutamine, samuti ka neile, kes kannavad breketeid, kellel on implantaadid, metall-keraamilised kroonid v\u00f5i suured sillad, laminaadid v\u00f5i igemetaskud.<\/span><\/span><\/li>\n<\/ul>\n<h3><span style=\"color: #333333;\">Toote omadused<\/span><\/h3>\n<ul>\n<li><span lang=\"et-EE\" style=\"color: #333333;\">3 ainulaadset otsikut JT, PS, OD<\/span><\/li>\n<li><span lang=\"et-EE\" style=\"color: #333333;\">EASYSPIN 360\u00ba p\u00f6\u00f6rlev otsik<\/span><\/li>\n<li><span lang=\"et-EE\" style=\"color: #333333;\">Kaasaegne kahe tugevusega surve reguleerimise s\u00fcsteem <\/span><\/li>\n<li><span lang=\"et-EE\" style=\"color: #333333;\">Veemahuti maht \u2013 vett j\u00e4tkub kuni 60 sekundiks.<\/span><\/li>\n<li><span lang=\"et-EE\" style=\"color: #333333;\">Reisire\u017eiim, mis kaitseb irrigaatorit juhusliku sissel\u00fclitumise eest<\/span><\/li>\n<li><span lang=\"et-EE\" style=\"color: #333333;\">Kaasaskantav ja \u00fclivaikselt t\u00f6\u00f6tav mudel<\/span><\/li>\n<li><span lang=\"et-EE\" style=\"color: #333333;\">Sobib suurep\u00e4raselt reisile kaasa v\u00f5tmiseks ja kasutamiseks v\u00e4ikestes vannitubades<\/span><\/li>\n<li><span lang=\"et-EE\" style=\"color: #333333;\">Veekindel, v\u00f5ib kasutada du\u0161i all<\/span><\/li>\n<li><span lang=\"et-EE\" style=\"color: #333333;\">Ergonoomiline k\u00e4epide<\/span><\/li>\n<li><span lang=\"et-EE\" style=\"color: #333333;\">Taaslaetav liitiumioonaku v\u00f5imaldab irrigaatorit kasutada \u00fche laadimisega kuni 9 n\u00e4dalat.<\/span><\/li>\n<li><span lang=\"et-EE\" style=\"color: #333333;\">Aku laadimise m\u00e4rgutuli<\/span><\/li>\n<li><span style=\"color: #333333;\"><span lang=\"et-EE\">USB-C \u2013 USB-A laadimisjuhe (<\/span><span style=\"font-size: small;\"><span lang=\"et-EE\">5,0 V alalisvool, 3,0A MAX<\/span><\/span><span lang=\"et-EE\">) <\/span><span lang=\"et-EE\"> laeb s\u00fclearvutist, autolaadijast v\u00f5i <\/span><span lang=\"et-EE\"><b>seinaadapterist<\/b><\/span><\/span><\/li>\n<li><span lang=\"et-EE\" style=\"color: #333333;\">2-aastane garantii<\/span><\/li>\n<\/ul>\n<p><span style=\"color: #333333;\"><span lang=\"et-EE\">Reisire\u017eiimi kasutamine:<br \/>\nReisire\u017eiimi k\u00e4ivitamiseks vajutage ja hoidke toitenuppu all 5 sekundit, kuni seade hakkab vilkuma.<br \/>\nReisire\u017eiimis seade ei l\u00fclitu sisse.<br \/>\nReisire\u017eiimi v\u00e4ljal\u00fclitamiseks vajutage ja hoidke toitenuppu uuesti all 5 sekundit, kuni seade hakkab vilkuma &#8211; nii saab v\u00e4ljuda reisire\u017eiimist.<br \/>\nM\u00c4RKUS: Reisire\u017eiim l\u00fclitub automaatselt v\u00e4lja, kui seade \u00fchendatakse laadimiseks vooluv\u00f5rku.<\/span><\/span>[\/vc_column_text][\/vc_column][\/vc_row]<\/p>\n<\/div>","protected":false},"excerpt":{"rendered":"<p><span style=\"color: #333333;\"><span lang=\"et-EE\"><span style=\"color: #333333;\">Uus Waterpik irrigaator WF-26 EU Black sobib ideaalselt v\u00e4iksematesse vannitubadesse ja reisile. Seda laadimisfunktsiooniga kaasaskantavat irrigaatorit saab \u00fche laadimisega kasutada kuni 9 n\u00e4dalat, kaasaegne disain tagab mugava kasutamise, seade on veekindel ning seet\u00f5ttu saab seda kasutada ka du\u0161i all.<\/span><\/span><\/span><\/p>\n<p><span style=\"color: #333333;\">360\u00ba p\u00f6\u00f6rleva EASYSPINTM otsikuga p\u00e4\u00e4seb h\u00f5lpsalt ligi ka raskesti ligip\u00e4\u00e4setavatele hambavahedele. Reisire\u017eiim kaitseb seadet juhusliku sissel\u00fclitamise eest.<\/span><\/p>\n<p><span style=\"color: #333333;\">Sellel mudelil on kolm erineva funktsiooniga otsikut, kaks ohutut ja t\u00f5husat tugevustaset (madal\/k\u00f5rge) ning eemaldatav veepaak, millest piisab, et kasutada irrigaatorit kuni 60 sekundit.<\/span><\/p>\n<p><span style=\"color: #333333;\">Eemaldab puhastatavate hammaste pinnalt kuni 99,9% hambakatust ja bakteritest, mis p\u00f5hjustavad igemep\u00f5letikku, kaariest ja halba hinge\u00f5hku.\u00a0Eemaldab hambakatu kaks korda t\u00f5husamalt kui tavaline hambaniit.<\/span><\/p>\n<p><span style=\"color: #333333;\">WATERPIK on hambaarstide poolt enim soovitatud suu irrigaatorite kaubam\u00e4rk ning WF-26 EU Black on Ameerika hambaarstide assotsiatsiooni (ADA) poolt tunnustatud ohutuse ja t\u00f5hususe poolest.<\/span><\/p>\n<p><b><\/b><br \/>\n<a href=\"\/wp-content\/uploads\/2018\/12\/WP-450-lietuviska-instrukcija.pdf\" target=\"_blank\" rel=\"noopener\"><img loading=\"lazy\" decoding=\"async\" class=\"alignnone wp-image-433\" src=\"https:\/\/waterpik.lt\/wp-content\/uploads\/2018\/11\/download.png\" alt=\"\" width=\"128\" height=\"41\" \/><\/a><\/p>\n<p>&nbsp;<\/p>\n<div class=\"qbutton default\">[spu popup=\"637\"]TELLI[\/spu]<\/div>\n","protected":false},"featured_media":192860,"template":"","meta":{"inline_featured_image":false},"product_brand":[],"product_cat":[47],"product_tag":[],"class_list":{"0":"post-190441","1":"product","2":"type-product","3":"status-publish","4":"has-post-thumbnail","6":"product_cat-juhtmevabad-suu-irrigaatorid","8":"first","9":"instock","10":"sale","11":"taxable","12":"shipping-taxable","13":"purchasable","14":"product-type-simple"},"yoast_head":"<!-- This site is optimized with the Yoast SEO plugin v24.6 - https:\/\/yoast.com\/wordpress\/plugins\/seo\/ -->\n<title>Juhtmevaba suu irrigaator Waterpik WF-26 Black | Waterpik<\/title>\n<meta name=\"description\" content=\"Ettev\u00f5te tegeleb hambatehnikute ja stomatoloogiatarvikute m\u00fc\u00fcgiga. Kaksk\u00fcmmend aastat oleme Baltikumi Waterpiku tootja m\u00fc\u00fcgiesindaja.\" \/>\n<meta name=\"robots\" content=\"index, follow, max-snippet:-1, max-image-preview:large, max-video-preview:-1\" \/>\n<link rel=\"canonical\" href=\"https:\/\/waterpik.lt\/et\/toode\/juhtmevaba-suu-irrigaator-waterpik-wf-26-black\/\" \/>\n<meta property=\"og:locale\" content=\"et_EE\" \/>\n<meta property=\"og:type\" content=\"article\" \/>\n<meta property=\"og:title\" content=\"Juhtmevaba suu irrigaator Waterpik WF-26 Black | Waterpik\" \/>\n<meta property=\"og:description\" content=\"Ettev\u00f5te tegeleb hambatehnikute ja stomatoloogiatarvikute m\u00fc\u00fcgiga. Kaksk\u00fcmmend aastat oleme Baltikumi Waterpiku tootja m\u00fc\u00fcgiesindaja.\" \/>\n<meta property=\"og:url\" content=\"https:\/\/waterpik.lt\/et\/toode\/juhtmevaba-suu-irrigaator-waterpik-wf-26-black\/\" \/>\n<meta property=\"og:site_name\" content=\"Waterpik\" \/>\n<meta property=\"article:modified_time\" content=\"2026-02-25T09:00:13+00:00\" \/>\n<meta property=\"og:image\" content=\"https:\/\/waterpik.lt\/wp-content\/uploads\/2026\/01\/WPCB_03_EE.jpg\" \/>\n\t<meta property=\"og:image:width\" content=\"1800\" \/>\n\t<meta property=\"og:image:height\" content=\"1800\" \/>\n\t<meta property=\"og:image:type\" content=\"image\/jpeg\" \/>\n<meta name=\"twitter:card\" content=\"summary_large_image\" \/>\n<meta name=\"twitter:label1\" content=\"Est. reading time\" \/>\n\t<meta name=\"twitter:data1\" content=\"2 minutit\" \/>\n<script type=\"application\/ld+json\" class=\"yoast-schema-graph\">{\"@context\":\"https:\/\/schema.org\",\"@graph\":[{\"@type\":\"WebPage\",\"@id\":\"https:\/\/waterpik.lt\/et\/toode\/juhtmevaba-suu-irrigaator-waterpik-wf-26-black\/\",\"url\":\"https:\/\/waterpik.lt\/et\/toode\/juhtmevaba-suu-irrigaator-waterpik-wf-26-black\/\",\"name\":\"Juhtmevaba suu irrigaator Waterpik WF-26 Black | Waterpik\",\"isPartOf\":{\"@id\":\"https:\/\/waterpik.lt\/#website\"},\"primaryImageOfPage\":{\"@id\":\"https:\/\/waterpik.lt\/et\/toode\/juhtmevaba-suu-irrigaator-waterpik-wf-26-black\/#primaryimage\"},\"image\":{\"@id\":\"https:\/\/waterpik.lt\/et\/toode\/juhtmevaba-suu-irrigaator-waterpik-wf-26-black\/#primaryimage\"},\"thumbnailUrl\":\"https:\/\/waterpik.lt\/wp-content\/uploads\/2026\/01\/WPCB_03_EE.jpg\",\"datePublished\":\"2026-01-16T08:39:59+00:00\",\"dateModified\":\"2026-02-25T09:00:13+00:00\",\"description\":\"Ettev\u00f5te tegeleb hambatehnikute ja stomatoloogiatarvikute m\u00fc\u00fcgiga. Kaksk\u00fcmmend aastat oleme Baltikumi Waterpiku tootja m\u00fc\u00fcgiesindaja.\",\"breadcrumb\":{\"@id\":\"https:\/\/waterpik.lt\/et\/toode\/juhtmevaba-suu-irrigaator-waterpik-wf-26-black\/#breadcrumb\"},\"inLanguage\":\"et\",\"potentialAction\":[{\"@type\":\"ReadAction\",\"target\":[\"https:\/\/waterpik.lt\/et\/toode\/juhtmevaba-suu-irrigaator-waterpik-wf-26-black\/\"]}]},{\"@type\":\"ImageObject\",\"inLanguage\":\"et\",\"@id\":\"https:\/\/waterpik.lt\/et\/toode\/juhtmevaba-suu-irrigaator-waterpik-wf-26-black\/#primaryimage\",\"url\":\"https:\/\/waterpik.lt\/wp-content\/uploads\/2026\/01\/WPCB_03_EE.jpg\",\"contentUrl\":\"https:\/\/waterpik.lt\/wp-content\/uploads\/2026\/01\/WPCB_03_EE.jpg\",\"width\":1800,\"height\":1800},{\"@type\":\"BreadcrumbList\",\"@id\":\"https:\/\/waterpik.lt\/et\/toode\/juhtmevaba-suu-irrigaator-waterpik-wf-26-black\/#breadcrumb\",\"itemListElement\":[{\"@type\":\"ListItem\",\"position\":1,\"name\":\"Titulinis\",\"item\":\"https:\/\/waterpik.lt\/et\/\"},{\"@type\":\"ListItem\",\"position\":2,\"name\":\"Tooted\",\"item\":\"https:\/\/waterpik.lt\/et\/tooted\/\"},{\"@type\":\"ListItem\",\"position\":3,\"name\":\"Juhtmevaba suu irrigaator Waterpik WF-26 Black\"}]},{\"@type\":\"WebSite\",\"@id\":\"https:\/\/waterpik.lt\/#website\",\"url\":\"https:\/\/waterpik.lt\/\",\"name\":\"Waterpik\",\"description\":\"Irigatoriai\",\"publisher\":{\"@id\":\"https:\/\/waterpik.lt\/#organization\"},\"potentialAction\":[{\"@type\":\"SearchAction\",\"target\":{\"@type\":\"EntryPoint\",\"urlTemplate\":\"https:\/\/waterpik.lt\/?s={search_term_string}\"},\"query-input\":{\"@type\":\"PropertyValueSpecification\",\"valueRequired\":true,\"valueName\":\"search_term_string\"}}],\"inLanguage\":\"et\"},{\"@type\":\"Organization\",\"@id\":\"https:\/\/waterpik.lt\/#organization\",\"name\":\"Waterpik\",\"url\":\"https:\/\/waterpik.lt\/\",\"logo\":{\"@type\":\"ImageObject\",\"inLanguage\":\"et\",\"@id\":\"https:\/\/waterpik.lt\/#\/schema\/logo\/image\/\",\"url\":\"https:\/\/waterpik.lt\/wp-content\/uploads\/2019\/05\/WP-160.jpg\",\"contentUrl\":\"https:\/\/waterpik.lt\/wp-content\/uploads\/2019\/05\/WP-160.jpg\",\"width\":2048,\"height\":2048,\"caption\":\"Waterpik\"},\"image\":{\"@id\":\"https:\/\/waterpik.lt\/#\/schema\/logo\/image\/\"}}]}<\/script>\n<!-- \/ Yoast SEO plugin. -->","yoast_head_json":{"title":"Juhtmevaba suu irrigaator Waterpik WF-26 Black | Waterpik","description":"Ettev\u00f5te tegeleb hambatehnikute ja stomatoloogiatarvikute m\u00fc\u00fcgiga. Kaksk\u00fcmmend aastat oleme Baltikumi Waterpiku tootja m\u00fc\u00fcgiesindaja.","robots":{"index":"index","follow":"follow","max-snippet":"max-snippet:-1","max-image-preview":"max-image-preview:large","max-video-preview":"max-video-preview:-1"},"canonical":"https:\/\/waterpik.lt\/et\/toode\/juhtmevaba-suu-irrigaator-waterpik-wf-26-black\/","og_locale":"et_EE","og_type":"article","og_title":"Juhtmevaba suu irrigaator Waterpik WF-26 Black | Waterpik","og_description":"Ettev\u00f5te tegeleb hambatehnikute ja stomatoloogiatarvikute m\u00fc\u00fcgiga. Kaksk\u00fcmmend aastat oleme Baltikumi Waterpiku tootja m\u00fc\u00fcgiesindaja.","og_url":"https:\/\/waterpik.lt\/et\/toode\/juhtmevaba-suu-irrigaator-waterpik-wf-26-black\/","og_site_name":"Waterpik","article_modified_time":"2026-02-25T09:00:13+00:00","og_image":[{"width":1800,"height":1800,"url":"https:\/\/waterpik.lt\/wp-content\/uploads\/2026\/01\/WPCB_03_EE.jpg","type":"image\/jpeg"}],"twitter_card":"summary_large_image","twitter_misc":{"Est. reading time":"2 minutit"},"schema":{"@context":"https:\/\/schema.org","@graph":[{"@type":"WebPage","@id":"https:\/\/waterpik.lt\/et\/toode\/juhtmevaba-suu-irrigaator-waterpik-wf-26-black\/","url":"https:\/\/waterpik.lt\/et\/toode\/juhtmevaba-suu-irrigaator-waterpik-wf-26-black\/","name":"Juhtmevaba suu irrigaator Waterpik WF-26 Black | Waterpik","isPartOf":{"@id":"https:\/\/waterpik.lt\/#website"},"primaryImageOfPage":{"@id":"https:\/\/waterpik.lt\/et\/toode\/juhtmevaba-suu-irrigaator-waterpik-wf-26-black\/#primaryimage"},"image":{"@id":"https:\/\/waterpik.lt\/et\/toode\/juhtmevaba-suu-irrigaator-waterpik-wf-26-black\/#primaryimage"},"thumbnailUrl":"https:\/\/waterpik.lt\/wp-content\/uploads\/2026\/01\/WPCB_03_EE.jpg","datePublished":"2026-01-16T08:39:59+00:00","dateModified":"2026-02-25T09:00:13+00:00","description":"Ettev\u00f5te tegeleb hambatehnikute ja stomatoloogiatarvikute m\u00fc\u00fcgiga. Kaksk\u00fcmmend aastat oleme Baltikumi Waterpiku tootja m\u00fc\u00fcgiesindaja.","breadcrumb":{"@id":"https:\/\/waterpik.lt\/et\/toode\/juhtmevaba-suu-irrigaator-waterpik-wf-26-black\/#breadcrumb"},"inLanguage":"et","potentialAction":[{"@type":"ReadAction","target":["https:\/\/waterpik.lt\/et\/toode\/juhtmevaba-suu-irrigaator-waterpik-wf-26-black\/"]}]},{"@type":"ImageObject","inLanguage":"et","@id":"https:\/\/waterpik.lt\/et\/toode\/juhtmevaba-suu-irrigaator-waterpik-wf-26-black\/#primaryimage","url":"https:\/\/waterpik.lt\/wp-content\/uploads\/2026\/01\/WPCB_03_EE.jpg","contentUrl":"https:\/\/waterpik.lt\/wp-content\/uploads\/2026\/01\/WPCB_03_EE.jpg","width":1800,"height":1800},{"@type":"BreadcrumbList","@id":"https:\/\/waterpik.lt\/et\/toode\/juhtmevaba-suu-irrigaator-waterpik-wf-26-black\/#breadcrumb","itemListElement":[{"@type":"ListItem","position":1,"name":"Titulinis","item":"https:\/\/waterpik.lt\/et\/"},{"@type":"ListItem","position":2,"name":"Tooted","item":"https:\/\/waterpik.lt\/et\/tooted\/"},{"@type":"ListItem","position":3,"name":"Juhtmevaba suu irrigaator Waterpik WF-26 Black"}]},{"@type":"WebSite","@id":"https:\/\/waterpik.lt\/#website","url":"https:\/\/waterpik.lt\/","name":"Waterpik","description":"Irigatoriai","publisher":{"@id":"https:\/\/waterpik.lt\/#organization"},"potentialAction":[{"@type":"SearchAction","target":{"@type":"EntryPoint","urlTemplate":"https:\/\/waterpik.lt\/?s={search_term_string}"},"query-input":{"@type":"PropertyValueSpecification","valueRequired":true,"valueName":"search_term_string"}}],"inLanguage":"et"},{"@type":"Organization","@id":"https:\/\/waterpik.lt\/#organization","name":"Waterpik","url":"https:\/\/waterpik.lt\/","logo":{"@type":"ImageObject","inLanguage":"et","@id":"https:\/\/waterpik.lt\/#\/schema\/logo\/image\/","url":"https:\/\/waterpik.lt\/wp-content\/uploads\/2019\/05\/WP-160.jpg","contentUrl":"https:\/\/waterpik.lt\/wp-content\/uploads\/2019\/05\/WP-160.jpg","width":2048,"height":2048,"caption":"Waterpik"},"image":{"@id":"https:\/\/waterpik.lt\/#\/schema\/logo\/image\/"}}]}},"_links":{"self":[{"href":"https:\/\/waterpik.lt\/et\/wp-json\/wp\/v2\/product\/190441","targetHints":{"allow":["GET"]}}],"collection":[{"href":"https:\/\/waterpik.lt\/et\/wp-json\/wp\/v2\/product"}],"about":[{"href":"https:\/\/waterpik.lt\/et\/wp-json\/wp\/v2\/types\/product"}],"wp:featuredmedia":[{"embeddable":true,"href":"https:\/\/waterpik.lt\/et\/wp-json\/wp\/v2\/media\/192860"}],"wp:attachment":[{"href":"https:\/\/waterpik.lt\/et\/wp-json\/wp\/v2\/media?parent=190441"}],"wp:term":[{"taxonomy":"product_brand","embeddable":true,"href":"https:\/\/waterpik.lt\/et\/wp-json\/wp\/v2\/product_brand?post=190441"},{"taxonomy":"product_cat","embeddable":true,"href":"https:\/\/waterpik.lt\/et\/wp-json\/wp\/v2\/product_cat?post=190441"},{"taxonomy":"product_tag","embeddable":true,"href":"https:\/\/waterpik.lt\/et\/wp-json\/wp\/v2\/product_tag?post=190441"}],"curies":[{"name":"wp","href":"https:\/\/api.w.org\/{rel}","templated":true}]}}