{"id":15498,"date":"2020-12-04T11:06:36","date_gmt":"2020-12-04T09:06:36","guid":{"rendered":"https:\/\/waterpik.lt\/?post_type=product&#038;p=15498"},"modified":"2025-09-08T15:32:05","modified_gmt":"2025-09-08T12:32:05","slug":"juhtmevaba-suu-irrigaator-waterpik-wp-462","status":"publish","type":"product","link":"https:\/\/waterpik.lt\/et\/toode\/juhtmevaba-suu-irrigaator-waterpik-wp-462\/","title":{"rendered":"Juhtmevaba suu irrigaator Waterpik WP-462"},"content":{"rendered":"<div class=\"wpb-content-wrapper\"><p>[vc_row css_animation=&#8221;&#8221; row_type=&#8221;row&#8221; use_row_as_full_screen_section=&#8221;no&#8221; type=&#8221;full_width&#8221; angled_section=&#8221;no&#8221; text_align=&#8221;left&#8221; background_image_as_pattern=&#8221;without_pattern&#8221;][vc_column][vc_column_text]<\/p>\n<h3>Toote eelised<\/h3>\n<ul>\n<li style=\"text-align: justify;\">Kliiniliselt on t\u00f5estatud, et selle seadmega on suuhooldus kaks korda t\u00f5husam kui hambaniidiga.<\/li>\n<li style=\"text-align: justify;\">Eemaldab bakterid hambaharjale ja -niidile ligip\u00e4\u00e4sematutest kohtadest, s.o hambavahedest ja altpoolt igemepiiri.<\/li>\n<li style=\"text-align: justify;\">Laboriuuringud kinnitavad, et seade eemaldab kolme sekundiga 99,9% hambakatust.<\/li>\n<li style=\"text-align: justify;\">Masseerib ja stimuleerib igemeid ning parandab nende verevarustust. Igemed muutuvad tugevamaks ja tervemaks.<\/li>\n<li style=\"text-align: justify;\">Loob suu\u00f5\u00f5nde puhta ja v\u00e4rske tunde.<\/li>\n<\/ul>\n<h3>Toote omadused<\/h3>\n<ul>\n<li>4 ainulaadset otsakut.<\/li>\n<li>Laetav, patareideta.<\/li>\n<li>Veeanum mahutab 210 ml (45 s).<\/li>\n<li>V\u00f5ib kasutada mis tahes suuveega.<\/li>\n<li>Kaheaastane garantii.<\/li>\n<\/ul>\n<p>[\/vc_column_text][\/vc_column][\/vc_row]<\/p>\n<\/div>","protected":false},"excerpt":{"rendered":"<p>&nbsp;<\/p>\n<p><span lang=\"et-EE\"><b>T\u00e4helepanu! Mudeli Waterpik WP-462 on ametlikult v\u00e4lja vahetanud mudel Waterpik WP-492<\/b><\/span><\/p>\n<p lang=\"et-EE\"><a href=\"https:\/\/waterpik.lt\/et\/toode\/juhtmevaba-suu-irrigaator-waterpik-wp-492\/\"><span style=\"color: #ff0000;\"><u><b>Uue mudeli saate osta siit<\/b><\/u><\/span><\/a><\/p>\n<p style=\"text-align: justify;\"><b><\/b><br \/>\nIrritaator hooldab hambavahesid h\u00f5lpsamalt ja t\u00f5husamalt kui hambaniit. Juhtmeta seade eemaldab katu h\u00e4sti nii hambavahedest kui ka igemete alt. Kahe tugevusega veejuga v\u00f5imaldab nii \u00f5rnpuhastust kui ka raskesti ligip\u00e4\u00e4setavate kohtade s\u00fcvapuhastust harja ja niidiga. Nelja ainulaadse otsakuga juhtmevaba seade on mugavalt mobiilne. WP-462 on t\u00e4iuslik valik inimestele, kes ei armasta hambaniiti v\u00f5i kannavad breketeid, samuti neile, kellel on implantaadid, metallokeraamilised hambakroonid, suured sillad v\u00f5i hamba\u00fcmbrise taskud.<\/p>\n<p><b><\/b><br \/>\n<a href=\"\/wp-content\/uploads\/2018\/12\/WP-450-lietuviska-instrukcija.pdf\" target=\"_blank\" rel=\"noopener\"><img loading=\"lazy\" decoding=\"async\" class=\"alignnone wp-image-433\" src=\"https:\/\/waterpik.lt\/wp-content\/uploads\/2018\/11\/download.png\" alt=\"\" width=\"128\" height=\"41\" \/><\/a><\/p>\n<p>&nbsp;<\/p>\n<div class=\"qbutton default\">[spu popup=\"637\"]TELLI[\/spu]<\/div>\n","protected":false},"featured_media":15512,"template":"","meta":{"inline_featured_image":false},"product_brand":[],"product_cat":[47],"product_tag":[],"class_list":{"0":"post-15498","1":"product","2":"type-product","3":"status-publish","4":"has-post-thumbnail","6":"product_cat-juhtmevabad-suu-irrigaatorid","8":"first","9":"outofstock","10":"taxable","11":"shipping-taxable","12":"purchasable","13":"product-type-simple"},"yoast_head":"<!-- This site is optimized with the Yoast SEO plugin v24.6 - https:\/\/yoast.com\/wordpress\/plugins\/seo\/ -->\n<title>Juhtmevaba suu irrigaator Waterpik WP-462 | Waterpik<\/title>\n<meta name=\"description\" content=\"Ettev\u00f5te tegeleb hambatehnikute ja stomatoloogiatarvikute m\u00fc\u00fcgiga. Kaksk\u00fcmmend aastat oleme Baltikumi Waterpiku tootja m\u00fc\u00fcgiesindaja.\" \/>\n<meta name=\"robots\" content=\"index, follow, max-snippet:-1, max-image-preview:large, max-video-preview:-1\" \/>\n<link rel=\"canonical\" href=\"https:\/\/waterpik.lt\/et\/toode\/juhtmevaba-suu-irrigaator-waterpik-wp-462\/\" \/>\n<meta property=\"og:locale\" content=\"et_EE\" \/>\n<meta property=\"og:type\" content=\"article\" \/>\n<meta property=\"og:title\" content=\"Juhtmevaba suu irrigaator Waterpik WP-462 | Waterpik\" \/>\n<meta property=\"og:description\" content=\"Ettev\u00f5te tegeleb hambatehnikute ja stomatoloogiatarvikute m\u00fc\u00fcgiga. Kaksk\u00fcmmend aastat oleme Baltikumi Waterpiku tootja m\u00fc\u00fcgiesindaja.\" \/>\n<meta property=\"og:url\" content=\"https:\/\/waterpik.lt\/et\/toode\/juhtmevaba-suu-irrigaator-waterpik-wp-462\/\" \/>\n<meta property=\"og:site_name\" content=\"Waterpik\" \/>\n<meta property=\"article:modified_time\" content=\"2025-09-08T12:32:05+00:00\" \/>\n<meta property=\"og:image\" content=\"https:\/\/waterpik.lt\/wp-content\/uploads\/2020\/12\/WP-462.jpg\" \/>\n\t<meta property=\"og:image:width\" content=\"2048\" \/>\n\t<meta property=\"og:image:height\" content=\"2048\" \/>\n\t<meta property=\"og:image:type\" content=\"image\/jpeg\" \/>\n<meta name=\"twitter:card\" content=\"summary_large_image\" \/>\n<meta name=\"twitter:label1\" content=\"Est. reading time\" \/>\n\t<meta name=\"twitter:data1\" content=\"1 minut\" \/>\n<script type=\"application\/ld+json\" class=\"yoast-schema-graph\">{\"@context\":\"https:\/\/schema.org\",\"@graph\":[{\"@type\":\"WebPage\",\"@id\":\"https:\/\/waterpik.lt\/et\/toode\/juhtmevaba-suu-irrigaator-waterpik-wp-462\/\",\"url\":\"https:\/\/waterpik.lt\/et\/toode\/juhtmevaba-suu-irrigaator-waterpik-wp-462\/\",\"name\":\"Juhtmevaba suu irrigaator Waterpik WP-462 | Waterpik\",\"isPartOf\":{\"@id\":\"https:\/\/waterpik.lt\/#website\"},\"primaryImageOfPage\":{\"@id\":\"https:\/\/waterpik.lt\/et\/toode\/juhtmevaba-suu-irrigaator-waterpik-wp-462\/#primaryimage\"},\"image\":{\"@id\":\"https:\/\/waterpik.lt\/et\/toode\/juhtmevaba-suu-irrigaator-waterpik-wp-462\/#primaryimage\"},\"thumbnailUrl\":\"https:\/\/waterpik.lt\/wp-content\/uploads\/2020\/12\/WP-462.jpg\",\"datePublished\":\"2020-12-04T09:06:36+00:00\",\"dateModified\":\"2025-09-08T12:32:05+00:00\",\"description\":\"Ettev\u00f5te tegeleb hambatehnikute ja stomatoloogiatarvikute m\u00fc\u00fcgiga. Kaksk\u00fcmmend aastat oleme Baltikumi Waterpiku tootja m\u00fc\u00fcgiesindaja.\",\"breadcrumb\":{\"@id\":\"https:\/\/waterpik.lt\/et\/toode\/juhtmevaba-suu-irrigaator-waterpik-wp-462\/#breadcrumb\"},\"inLanguage\":\"et\",\"potentialAction\":[{\"@type\":\"ReadAction\",\"target\":[\"https:\/\/waterpik.lt\/et\/toode\/juhtmevaba-suu-irrigaator-waterpik-wp-462\/\"]}]},{\"@type\":\"ImageObject\",\"inLanguage\":\"et\",\"@id\":\"https:\/\/waterpik.lt\/et\/toode\/juhtmevaba-suu-irrigaator-waterpik-wp-462\/#primaryimage\",\"url\":\"https:\/\/waterpik.lt\/wp-content\/uploads\/2020\/12\/WP-462.jpg\",\"contentUrl\":\"https:\/\/waterpik.lt\/wp-content\/uploads\/2020\/12\/WP-462.jpg\",\"width\":2048,\"height\":2048},{\"@type\":\"BreadcrumbList\",\"@id\":\"https:\/\/waterpik.lt\/et\/toode\/juhtmevaba-suu-irrigaator-waterpik-wp-462\/#breadcrumb\",\"itemListElement\":[{\"@type\":\"ListItem\",\"position\":1,\"name\":\"Titulinis\",\"item\":\"https:\/\/waterpik.lt\/et\/\"},{\"@type\":\"ListItem\",\"position\":2,\"name\":\"Tooted\",\"item\":\"https:\/\/waterpik.lt\/et\/tooted\/\"},{\"@type\":\"ListItem\",\"position\":3,\"name\":\"Juhtmevaba suu irrigaator Waterpik WP-462\"}]},{\"@type\":\"WebSite\",\"@id\":\"https:\/\/waterpik.lt\/#website\",\"url\":\"https:\/\/waterpik.lt\/\",\"name\":\"Waterpik\",\"description\":\"Irigatoriai\",\"publisher\":{\"@id\":\"https:\/\/waterpik.lt\/#organization\"},\"potentialAction\":[{\"@type\":\"SearchAction\",\"target\":{\"@type\":\"EntryPoint\",\"urlTemplate\":\"https:\/\/waterpik.lt\/?s={search_term_string}\"},\"query-input\":{\"@type\":\"PropertyValueSpecification\",\"valueRequired\":true,\"valueName\":\"search_term_string\"}}],\"inLanguage\":\"et\"},{\"@type\":\"Organization\",\"@id\":\"https:\/\/waterpik.lt\/#organization\",\"name\":\"Waterpik\",\"url\":\"https:\/\/waterpik.lt\/\",\"logo\":{\"@type\":\"ImageObject\",\"inLanguage\":\"et\",\"@id\":\"https:\/\/waterpik.lt\/#\/schema\/logo\/image\/\",\"url\":\"https:\/\/waterpik.lt\/wp-content\/uploads\/2019\/05\/WP-160.jpg\",\"contentUrl\":\"https:\/\/waterpik.lt\/wp-content\/uploads\/2019\/05\/WP-160.jpg\",\"width\":2048,\"height\":2048,\"caption\":\"Waterpik\"},\"image\":{\"@id\":\"https:\/\/waterpik.lt\/#\/schema\/logo\/image\/\"}}]}<\/script>\n<!-- \/ Yoast SEO plugin. -->","yoast_head_json":{"title":"Juhtmevaba suu irrigaator Waterpik WP-462 | Waterpik","description":"Ettev\u00f5te tegeleb hambatehnikute ja stomatoloogiatarvikute m\u00fc\u00fcgiga. Kaksk\u00fcmmend aastat oleme Baltikumi Waterpiku tootja m\u00fc\u00fcgiesindaja.","robots":{"index":"index","follow":"follow","max-snippet":"max-snippet:-1","max-image-preview":"max-image-preview:large","max-video-preview":"max-video-preview:-1"},"canonical":"https:\/\/waterpik.lt\/et\/toode\/juhtmevaba-suu-irrigaator-waterpik-wp-462\/","og_locale":"et_EE","og_type":"article","og_title":"Juhtmevaba suu irrigaator Waterpik WP-462 | Waterpik","og_description":"Ettev\u00f5te tegeleb hambatehnikute ja stomatoloogiatarvikute m\u00fc\u00fcgiga. Kaksk\u00fcmmend aastat oleme Baltikumi Waterpiku tootja m\u00fc\u00fcgiesindaja.","og_url":"https:\/\/waterpik.lt\/et\/toode\/juhtmevaba-suu-irrigaator-waterpik-wp-462\/","og_site_name":"Waterpik","article_modified_time":"2025-09-08T12:32:05+00:00","og_image":[{"width":2048,"height":2048,"url":"https:\/\/waterpik.lt\/wp-content\/uploads\/2020\/12\/WP-462.jpg","type":"image\/jpeg"}],"twitter_card":"summary_large_image","twitter_misc":{"Est. reading time":"1 minut"},"schema":{"@context":"https:\/\/schema.org","@graph":[{"@type":"WebPage","@id":"https:\/\/waterpik.lt\/et\/toode\/juhtmevaba-suu-irrigaator-waterpik-wp-462\/","url":"https:\/\/waterpik.lt\/et\/toode\/juhtmevaba-suu-irrigaator-waterpik-wp-462\/","name":"Juhtmevaba suu irrigaator Waterpik WP-462 | Waterpik","isPartOf":{"@id":"https:\/\/waterpik.lt\/#website"},"primaryImageOfPage":{"@id":"https:\/\/waterpik.lt\/et\/toode\/juhtmevaba-suu-irrigaator-waterpik-wp-462\/#primaryimage"},"image":{"@id":"https:\/\/waterpik.lt\/et\/toode\/juhtmevaba-suu-irrigaator-waterpik-wp-462\/#primaryimage"},"thumbnailUrl":"https:\/\/waterpik.lt\/wp-content\/uploads\/2020\/12\/WP-462.jpg","datePublished":"2020-12-04T09:06:36+00:00","dateModified":"2025-09-08T12:32:05+00:00","description":"Ettev\u00f5te tegeleb hambatehnikute ja stomatoloogiatarvikute m\u00fc\u00fcgiga. Kaksk\u00fcmmend aastat oleme Baltikumi Waterpiku tootja m\u00fc\u00fcgiesindaja.","breadcrumb":{"@id":"https:\/\/waterpik.lt\/et\/toode\/juhtmevaba-suu-irrigaator-waterpik-wp-462\/#breadcrumb"},"inLanguage":"et","potentialAction":[{"@type":"ReadAction","target":["https:\/\/waterpik.lt\/et\/toode\/juhtmevaba-suu-irrigaator-waterpik-wp-462\/"]}]},{"@type":"ImageObject","inLanguage":"et","@id":"https:\/\/waterpik.lt\/et\/toode\/juhtmevaba-suu-irrigaator-waterpik-wp-462\/#primaryimage","url":"https:\/\/waterpik.lt\/wp-content\/uploads\/2020\/12\/WP-462.jpg","contentUrl":"https:\/\/waterpik.lt\/wp-content\/uploads\/2020\/12\/WP-462.jpg","width":2048,"height":2048},{"@type":"BreadcrumbList","@id":"https:\/\/waterpik.lt\/et\/toode\/juhtmevaba-suu-irrigaator-waterpik-wp-462\/#breadcrumb","itemListElement":[{"@type":"ListItem","position":1,"name":"Titulinis","item":"https:\/\/waterpik.lt\/et\/"},{"@type":"ListItem","position":2,"name":"Tooted","item":"https:\/\/waterpik.lt\/et\/tooted\/"},{"@type":"ListItem","position":3,"name":"Juhtmevaba suu irrigaator Waterpik WP-462"}]},{"@type":"WebSite","@id":"https:\/\/waterpik.lt\/#website","url":"https:\/\/waterpik.lt\/","name":"Waterpik","description":"Irigatoriai","publisher":{"@id":"https:\/\/waterpik.lt\/#organization"},"potentialAction":[{"@type":"SearchAction","target":{"@type":"EntryPoint","urlTemplate":"https:\/\/waterpik.lt\/?s={search_term_string}"},"query-input":{"@type":"PropertyValueSpecification","valueRequired":true,"valueName":"search_term_string"}}],"inLanguage":"et"},{"@type":"Organization","@id":"https:\/\/waterpik.lt\/#organization","name":"Waterpik","url":"https:\/\/waterpik.lt\/","logo":{"@type":"ImageObject","inLanguage":"et","@id":"https:\/\/waterpik.lt\/#\/schema\/logo\/image\/","url":"https:\/\/waterpik.lt\/wp-content\/uploads\/2019\/05\/WP-160.jpg","contentUrl":"https:\/\/waterpik.lt\/wp-content\/uploads\/2019\/05\/WP-160.jpg","width":2048,"height":2048,"caption":"Waterpik"},"image":{"@id":"https:\/\/waterpik.lt\/#\/schema\/logo\/image\/"}}]}},"_links":{"self":[{"href":"https:\/\/waterpik.lt\/et\/wp-json\/wp\/v2\/product\/15498","targetHints":{"allow":["GET"]}}],"collection":[{"href":"https:\/\/waterpik.lt\/et\/wp-json\/wp\/v2\/product"}],"about":[{"href":"https:\/\/waterpik.lt\/et\/wp-json\/wp\/v2\/types\/product"}],"wp:featuredmedia":[{"embeddable":true,"href":"https:\/\/waterpik.lt\/et\/wp-json\/wp\/v2\/media\/15512"}],"wp:attachment":[{"href":"https:\/\/waterpik.lt\/et\/wp-json\/wp\/v2\/media?parent=15498"}],"wp:term":[{"taxonomy":"product_brand","embeddable":true,"href":"https:\/\/waterpik.lt\/et\/wp-json\/wp\/v2\/product_brand?post=15498"},{"taxonomy":"product_cat","embeddable":true,"href":"https:\/\/waterpik.lt\/et\/wp-json\/wp\/v2\/product_cat?post=15498"},{"taxonomy":"product_tag","embeddable":true,"href":"https:\/\/waterpik.lt\/et\/wp-json\/wp\/v2\/product_tag?post=15498"}],"curies":[{"name":"wp","href":"https:\/\/api.w.org\/{rel}","templated":true}]}}