{"id":154821,"date":"2025-07-09T11:50:13","date_gmt":"2025-07-09T08:50:13","guid":{"rendered":"https:\/\/waterpik.lt\/?post_type=product&#038;p=154821"},"modified":"2025-12-03T15:07:43","modified_gmt":"2025-12-03T13:07:43","slug":"suu-veeprits-waterpik-wf-660-aquarius","status":"publish","type":"product","link":"https:\/\/waterpik.lt\/et\/toode\/suu-veeprits-waterpik-wf-660-aquarius\/","title":{"rendered":"Suu irrigaator Waterpik\u00ae WF-660 Aquarius\u2122"},"content":{"rendered":"<div class=\"wpb-content-wrapper\"><p>[vc_row css_animation=&#8221;&#8221; row_type=&#8221;row&#8221; use_row_as_full_screen_section=&#8221;no&#8221; type=&#8221;full_width&#8221; angled_section=&#8221;no&#8221; text_align=&#8221;left&#8221; background_image_as_pattern=&#8221;without_pattern&#8221;][vc_column][vc_column_text css=&#8221;&#8221;]<\/p>\n<h3>Toote eelised<\/h3>\n<ul>\n<li>Eemaldab t\u00f5husalt katu: eemaldab kasutamispiirkonnas kliiniliste t\u00f5endite kohaselt 3 sekundi jooksul kuni 99,9% katust<\/li>\n<li>Tervemad igemed: on kliiniliste t\u00f5endite kohaselt kuni 50% t\u00f5husam kui hambaniit<\/li>\n<li>Ideaalne implantaatide korral: parandab kliiniliste t\u00f5endite kohaselt implantaadi piirkonnas igemete tervist kuni 2 korda t\u00f5husamalt kui hambaniit, kui kasutate otsakut Plaque Seeker\u00ae<\/li>\n<li>Asendamatu hambaklambrite korral: eemaldab kliiniliste t\u00f5endite kohaselt hambaklambrite \u00fcmbruses kattu kuni 3 korda t\u00f5husamalt kui hambaniit, kui kasutate ortodontiaotsakut<\/li>\n<li>Eemaldab katu ja toiduj\u00e4\u00e4gid s\u00fcgavalt hambavahedest ja igemepiiri alt, kuhu hambaharja ja -niidiga ligi ei p\u00e4\u00e4se<\/li>\n<li>Masseerib ja stimuleerib igemeid, et parandada vereringet ja tagada igemete tervis<\/li>\n<li>J\u00e4tab suhu uskumatu v\u00e4rskuse- ja puhtusetunde<\/li>\n<li>Sobib suurep\u00e4raselt inimesele, kellel on implantaat v\u00f5i hambakroon, -sild v\u00f5i -laminaat<\/li>\n<li>Garanteerib k\u00f5igest 14 p\u00e4eva jooksul tervemad igemed<\/li>\n<\/ul>\n<h3>Toote omadused<\/h3>\n<ul>\n<li>6 otsakut<\/li>\n<li>K\u00f5rgtehnoloogiline 10-astmeline survereguleerimiss\u00fcsteem<\/li>\n<li>Paagi sisu kestab &lt; 90 sekundit<\/li>\n<li>K\u00e4epidemel on vee sisse ja v\u00e4lja l\u00fclitamise nupp<\/li>\n<li>2 re\u017eiimi: puhastusre\u017eiim ja vesiimpulssmassaa\u017ei re\u017eiim<\/li>\n<li>1-minutiline taimer koos 30-sekundilise impulsikellaga<\/li>\n<li>LED-infotabloo<\/li>\n<li>T\u00f5husam ja 10% tugevam veesurve<\/li>\n<li>Kaheaastane garantii<\/li>\n<\/ul>\n<p>[\/vc_column_text][\/vc_column][\/vc_row]<\/p>\n<\/div>","protected":false},"excerpt":{"rendered":"<p>&nbsp;<\/p>\n<p><span lang=\"et-EE\" style=\"color: #ff0000;\"><b>K\u00f5igile v\u00e4ga h\u00e4sti tuntud Waterpik WP-660 Aquarius mudel on n\u00fc\u00fcd saanud uue nime Waterpik WF-660 Aquarius!<\/b><\/span><\/p>\n<p>&nbsp;<\/p>\n<p>Waterpiki\u00ae Aquarius\u2122 professionaalne veeprits on tipptehnoloogiline veeprits, mille abil on hambavahede puhastamine kerge ja varasemast palju t\u00f5husam.<\/p>\n<p>&nbsp;<\/p>\n<p>Sellel on kompaktne ja modernne disain, k\u00e4epidemel vee sisse- ja v\u00e4ljal\u00fclitamise nupp, LED-infotabloo ja 6 pritsimisotsikut. Uus muutliku pulseerimissageduse tehnoloogia aitab eemaldada v\u00f5imalikult suure koguse kattu (puhastusre\u017eiim), stimuleerib igemeid ja parandab igemete vereringet (vesiimpulssmassaa\u017ei re\u017eiim). Mugav \u00fcheminutiline taimer koos 30-sekundilise impulsikellaga tagavad, et veega loputatakse \u00fcle k\u00f5ik suu piirkonnad.<\/p>\n<p>&nbsp;<\/p>\n<p>Waterpik\u00ae-i veeprits on kliiniliselt t\u00f5estatult t\u00f5husam kui hambaniit ja v\u00e4hendab katu, igemep\u00f5letiku ja teiste igemehaiguste esinemissagedust. See sobib ideaalselt hambaklambrite v\u00f5i implantaatide ja ka hambakroonide, -sildade ja -laminaatide korral.<\/p>\n<p>&nbsp;<\/p>\n<p>&nbsp;<\/p>\n<div class=\"qbutton default\">[spu popup=\"637\"]TELLIMINE[\/spu]<\/div>\n","protected":false},"featured_media":19407,"template":"","meta":{"inline_featured_image":false},"product_brand":[],"product_cat":[46],"product_tag":[],"class_list":{"0":"post-154821","1":"product","2":"type-product","3":"status-publish","4":"has-post-thumbnail","6":"product_cat-suu-irrigaatorid","8":"first","9":"instock","10":"sale","11":"taxable","12":"shipping-taxable","13":"purchasable","14":"product-type-simple"},"yoast_head":"<!-- This site is optimized with the Yoast SEO plugin v24.6 - https:\/\/yoast.com\/wordpress\/plugins\/seo\/ -->\n<title>Suu irrigaator Waterpik\u00ae WF-660 Aquarius\u2122 | Waterpik<\/title>\n<meta name=\"description\" content=\"Ettev\u00f5te tegeleb hambatehnikute ja stomatoloogiatarvikute m\u00fc\u00fcgiga. Kaksk\u00fcmmend aastat oleme Baltikumi Waterpiku tootja m\u00fc\u00fcgiesindaja.\" \/>\n<meta name=\"robots\" content=\"index, follow, max-snippet:-1, max-image-preview:large, max-video-preview:-1\" \/>\n<link rel=\"canonical\" href=\"https:\/\/waterpik.lt\/et\/toode\/suu-veeprits-waterpik-wf-660-aquarius\/\" \/>\n<meta property=\"og:locale\" content=\"et_EE\" \/>\n<meta property=\"og:type\" content=\"article\" \/>\n<meta property=\"og:title\" content=\"Suu irrigaator Waterpik\u00ae WF-660 Aquarius\u2122 | Waterpik\" \/>\n<meta property=\"og:description\" content=\"Ettev\u00f5te tegeleb hambatehnikute ja stomatoloogiatarvikute m\u00fc\u00fcgiga. Kaksk\u00fcmmend aastat oleme Baltikumi Waterpiku tootja m\u00fc\u00fcgiesindaja.\" \/>\n<meta property=\"og:url\" content=\"https:\/\/waterpik.lt\/et\/toode\/suu-veeprits-waterpik-wf-660-aquarius\/\" \/>\n<meta property=\"og:site_name\" content=\"Waterpik\" \/>\n<meta property=\"article:modified_time\" content=\"2025-12-03T13:07:43+00:00\" \/>\n<meta property=\"og:image\" content=\"https:\/\/waterpik.lt\/wp-content\/uploads\/2019\/09\/WP-660_3-Quarter-scaled.jpg\" \/>\n\t<meta property=\"og:image:width\" content=\"2560\" \/>\n\t<meta property=\"og:image:height\" content=\"2560\" \/>\n\t<meta property=\"og:image:type\" content=\"image\/jpeg\" \/>\n<meta name=\"twitter:card\" content=\"summary_large_image\" \/>\n<meta name=\"twitter:label1\" content=\"Est. reading time\" \/>\n\t<meta name=\"twitter:data1\" content=\"1 minut\" \/>\n<script type=\"application\/ld+json\" class=\"yoast-schema-graph\">{\"@context\":\"https:\/\/schema.org\",\"@graph\":[{\"@type\":\"WebPage\",\"@id\":\"https:\/\/waterpik.lt\/et\/toode\/suu-veeprits-waterpik-wf-660-aquarius\/\",\"url\":\"https:\/\/waterpik.lt\/et\/toode\/suu-veeprits-waterpik-wf-660-aquarius\/\",\"name\":\"Suu irrigaator Waterpik\u00ae WF-660 Aquarius\u2122 | Waterpik\",\"isPartOf\":{\"@id\":\"https:\/\/waterpik.lt\/#website\"},\"primaryImageOfPage\":{\"@id\":\"https:\/\/waterpik.lt\/et\/toode\/suu-veeprits-waterpik-wf-660-aquarius\/#primaryimage\"},\"image\":{\"@id\":\"https:\/\/waterpik.lt\/et\/toode\/suu-veeprits-waterpik-wf-660-aquarius\/#primaryimage\"},\"thumbnailUrl\":\"https:\/\/waterpik.lt\/wp-content\/uploads\/2019\/09\/WP-660_3-Quarter-scaled.jpg\",\"datePublished\":\"2025-07-09T08:50:13+00:00\",\"dateModified\":\"2025-12-03T13:07:43+00:00\",\"description\":\"Ettev\u00f5te tegeleb hambatehnikute ja stomatoloogiatarvikute m\u00fc\u00fcgiga. Kaksk\u00fcmmend aastat oleme Baltikumi Waterpiku tootja m\u00fc\u00fcgiesindaja.\",\"breadcrumb\":{\"@id\":\"https:\/\/waterpik.lt\/et\/toode\/suu-veeprits-waterpik-wf-660-aquarius\/#breadcrumb\"},\"inLanguage\":\"et\",\"potentialAction\":[{\"@type\":\"ReadAction\",\"target\":[\"https:\/\/waterpik.lt\/et\/toode\/suu-veeprits-waterpik-wf-660-aquarius\/\"]}]},{\"@type\":\"ImageObject\",\"inLanguage\":\"et\",\"@id\":\"https:\/\/waterpik.lt\/et\/toode\/suu-veeprits-waterpik-wf-660-aquarius\/#primaryimage\",\"url\":\"https:\/\/waterpik.lt\/wp-content\/uploads\/2019\/09\/WP-660_3-Quarter-scaled.jpg\",\"contentUrl\":\"https:\/\/waterpik.lt\/wp-content\/uploads\/2019\/09\/WP-660_3-Quarter-scaled.jpg\",\"width\":2560,\"height\":2560},{\"@type\":\"BreadcrumbList\",\"@id\":\"https:\/\/waterpik.lt\/et\/toode\/suu-veeprits-waterpik-wf-660-aquarius\/#breadcrumb\",\"itemListElement\":[{\"@type\":\"ListItem\",\"position\":1,\"name\":\"Titulinis\",\"item\":\"https:\/\/waterpik.lt\/et\/\"},{\"@type\":\"ListItem\",\"position\":2,\"name\":\"Tooted\",\"item\":\"https:\/\/waterpik.lt\/et\/tooted\/\"},{\"@type\":\"ListItem\",\"position\":3,\"name\":\"Suu irrigaator Waterpik\u00ae WF-660 Aquarius\u2122\"}]},{\"@type\":\"WebSite\",\"@id\":\"https:\/\/waterpik.lt\/#website\",\"url\":\"https:\/\/waterpik.lt\/\",\"name\":\"Waterpik\",\"description\":\"Irigatoriai\",\"publisher\":{\"@id\":\"https:\/\/waterpik.lt\/#organization\"},\"potentialAction\":[{\"@type\":\"SearchAction\",\"target\":{\"@type\":\"EntryPoint\",\"urlTemplate\":\"https:\/\/waterpik.lt\/?s={search_term_string}\"},\"query-input\":{\"@type\":\"PropertyValueSpecification\",\"valueRequired\":true,\"valueName\":\"search_term_string\"}}],\"inLanguage\":\"et\"},{\"@type\":\"Organization\",\"@id\":\"https:\/\/waterpik.lt\/#organization\",\"name\":\"Waterpik\",\"url\":\"https:\/\/waterpik.lt\/\",\"logo\":{\"@type\":\"ImageObject\",\"inLanguage\":\"et\",\"@id\":\"https:\/\/waterpik.lt\/#\/schema\/logo\/image\/\",\"url\":\"https:\/\/waterpik.lt\/wp-content\/uploads\/2019\/05\/WP-160.jpg\",\"contentUrl\":\"https:\/\/waterpik.lt\/wp-content\/uploads\/2019\/05\/WP-160.jpg\",\"width\":2048,\"height\":2048,\"caption\":\"Waterpik\"},\"image\":{\"@id\":\"https:\/\/waterpik.lt\/#\/schema\/logo\/image\/\"}}]}<\/script>\n<!-- \/ Yoast SEO plugin. -->","yoast_head_json":{"title":"Suu irrigaator Waterpik\u00ae WF-660 Aquarius\u2122 | Waterpik","description":"Ettev\u00f5te tegeleb hambatehnikute ja stomatoloogiatarvikute m\u00fc\u00fcgiga. Kaksk\u00fcmmend aastat oleme Baltikumi Waterpiku tootja m\u00fc\u00fcgiesindaja.","robots":{"index":"index","follow":"follow","max-snippet":"max-snippet:-1","max-image-preview":"max-image-preview:large","max-video-preview":"max-video-preview:-1"},"canonical":"https:\/\/waterpik.lt\/et\/toode\/suu-veeprits-waterpik-wf-660-aquarius\/","og_locale":"et_EE","og_type":"article","og_title":"Suu irrigaator Waterpik\u00ae WF-660 Aquarius\u2122 | Waterpik","og_description":"Ettev\u00f5te tegeleb hambatehnikute ja stomatoloogiatarvikute m\u00fc\u00fcgiga. Kaksk\u00fcmmend aastat oleme Baltikumi Waterpiku tootja m\u00fc\u00fcgiesindaja.","og_url":"https:\/\/waterpik.lt\/et\/toode\/suu-veeprits-waterpik-wf-660-aquarius\/","og_site_name":"Waterpik","article_modified_time":"2025-12-03T13:07:43+00:00","og_image":[{"width":2560,"height":2560,"url":"https:\/\/waterpik.lt\/wp-content\/uploads\/2019\/09\/WP-660_3-Quarter-scaled.jpg","type":"image\/jpeg"}],"twitter_card":"summary_large_image","twitter_misc":{"Est. reading time":"1 minut"},"schema":{"@context":"https:\/\/schema.org","@graph":[{"@type":"WebPage","@id":"https:\/\/waterpik.lt\/et\/toode\/suu-veeprits-waterpik-wf-660-aquarius\/","url":"https:\/\/waterpik.lt\/et\/toode\/suu-veeprits-waterpik-wf-660-aquarius\/","name":"Suu irrigaator Waterpik\u00ae WF-660 Aquarius\u2122 | Waterpik","isPartOf":{"@id":"https:\/\/waterpik.lt\/#website"},"primaryImageOfPage":{"@id":"https:\/\/waterpik.lt\/et\/toode\/suu-veeprits-waterpik-wf-660-aquarius\/#primaryimage"},"image":{"@id":"https:\/\/waterpik.lt\/et\/toode\/suu-veeprits-waterpik-wf-660-aquarius\/#primaryimage"},"thumbnailUrl":"https:\/\/waterpik.lt\/wp-content\/uploads\/2019\/09\/WP-660_3-Quarter-scaled.jpg","datePublished":"2025-07-09T08:50:13+00:00","dateModified":"2025-12-03T13:07:43+00:00","description":"Ettev\u00f5te tegeleb hambatehnikute ja stomatoloogiatarvikute m\u00fc\u00fcgiga. Kaksk\u00fcmmend aastat oleme Baltikumi Waterpiku tootja m\u00fc\u00fcgiesindaja.","breadcrumb":{"@id":"https:\/\/waterpik.lt\/et\/toode\/suu-veeprits-waterpik-wf-660-aquarius\/#breadcrumb"},"inLanguage":"et","potentialAction":[{"@type":"ReadAction","target":["https:\/\/waterpik.lt\/et\/toode\/suu-veeprits-waterpik-wf-660-aquarius\/"]}]},{"@type":"ImageObject","inLanguage":"et","@id":"https:\/\/waterpik.lt\/et\/toode\/suu-veeprits-waterpik-wf-660-aquarius\/#primaryimage","url":"https:\/\/waterpik.lt\/wp-content\/uploads\/2019\/09\/WP-660_3-Quarter-scaled.jpg","contentUrl":"https:\/\/waterpik.lt\/wp-content\/uploads\/2019\/09\/WP-660_3-Quarter-scaled.jpg","width":2560,"height":2560},{"@type":"BreadcrumbList","@id":"https:\/\/waterpik.lt\/et\/toode\/suu-veeprits-waterpik-wf-660-aquarius\/#breadcrumb","itemListElement":[{"@type":"ListItem","position":1,"name":"Titulinis","item":"https:\/\/waterpik.lt\/et\/"},{"@type":"ListItem","position":2,"name":"Tooted","item":"https:\/\/waterpik.lt\/et\/tooted\/"},{"@type":"ListItem","position":3,"name":"Suu irrigaator Waterpik\u00ae WF-660 Aquarius\u2122"}]},{"@type":"WebSite","@id":"https:\/\/waterpik.lt\/#website","url":"https:\/\/waterpik.lt\/","name":"Waterpik","description":"Irigatoriai","publisher":{"@id":"https:\/\/waterpik.lt\/#organization"},"potentialAction":[{"@type":"SearchAction","target":{"@type":"EntryPoint","urlTemplate":"https:\/\/waterpik.lt\/?s={search_term_string}"},"query-input":{"@type":"PropertyValueSpecification","valueRequired":true,"valueName":"search_term_string"}}],"inLanguage":"et"},{"@type":"Organization","@id":"https:\/\/waterpik.lt\/#organization","name":"Waterpik","url":"https:\/\/waterpik.lt\/","logo":{"@type":"ImageObject","inLanguage":"et","@id":"https:\/\/waterpik.lt\/#\/schema\/logo\/image\/","url":"https:\/\/waterpik.lt\/wp-content\/uploads\/2019\/05\/WP-160.jpg","contentUrl":"https:\/\/waterpik.lt\/wp-content\/uploads\/2019\/05\/WP-160.jpg","width":2048,"height":2048,"caption":"Waterpik"},"image":{"@id":"https:\/\/waterpik.lt\/#\/schema\/logo\/image\/"}}]}},"_links":{"self":[{"href":"https:\/\/waterpik.lt\/et\/wp-json\/wp\/v2\/product\/154821","targetHints":{"allow":["GET"]}}],"collection":[{"href":"https:\/\/waterpik.lt\/et\/wp-json\/wp\/v2\/product"}],"about":[{"href":"https:\/\/waterpik.lt\/et\/wp-json\/wp\/v2\/types\/product"}],"wp:featuredmedia":[{"embeddable":true,"href":"https:\/\/waterpik.lt\/et\/wp-json\/wp\/v2\/media\/19407"}],"wp:attachment":[{"href":"https:\/\/waterpik.lt\/et\/wp-json\/wp\/v2\/media?parent=154821"}],"wp:term":[{"taxonomy":"product_brand","embeddable":true,"href":"https:\/\/waterpik.lt\/et\/wp-json\/wp\/v2\/product_brand?post=154821"},{"taxonomy":"product_cat","embeddable":true,"href":"https:\/\/waterpik.lt\/et\/wp-json\/wp\/v2\/product_cat?post=154821"},{"taxonomy":"product_tag","embeddable":true,"href":"https:\/\/waterpik.lt\/et\/wp-json\/wp\/v2\/product_tag?post=154821"}],"curies":[{"name":"wp","href":"https:\/\/api.w.org\/{rel}","templated":true}]}}