{"id":144184,"date":"2025-05-12T10:47:58","date_gmt":"2025-05-12T07:47:58","guid":{"rendered":"https:\/\/waterpik.lt\/?post_type=product&#038;p=144184"},"modified":"2025-11-30T15:26:55","modified_gmt":"2025-11-30T13:26:55","slug":"juhtmevaba-suu-irrigaator-waterpik-wp-580","status":"publish","type":"product","link":"https:\/\/waterpik.lt\/et\/toode\/juhtmevaba-suu-irrigaator-waterpik-wp-580\/","title":{"rendered":"Juhtmevaba suu irrigaator Waterpik WP-580"},"content":{"rendered":"<div class=\"wpb-content-wrapper\"><p>[vc_row css_animation=&#8221;&#8221; row_type=&#8221;row&#8221; use_row_as_full_screen_section=&#8221;no&#8221; type=&#8221;full_width&#8221; angled_section=&#8221;no&#8221; text_align=&#8221;left&#8221; background_image_as_pattern=&#8221;without_pattern&#8221;][vc_column][vc_column_text css=&#8221;&#8221;]<\/p>\n<h3>Toote eelised<\/h3>\n<ul>\n<li><span style=\"font-family: Times New Roman, serif;\">On t\u00f5estatud, et &#8220;Waterpik PRECISIONPULSE TM&#8221; tehnoloogia pakub k\u00f5ige t\u00f5husamat veesurve ja pulsatsiooni kombinatsiooni.<\/span><\/li>\n<li><span style=\"font-family: Times New Roman, serif;\">Hambakatu t\u00f5hus eemaldamine: eemaldab kuni <a href=\"https:\/\/www.waterpik.com\/pro\/clinical-research\/water-flosser-removes-plaque-gorur-2009\/\" target=\"_top\">99,9% hambakattu<\/a> tekitavaid baktereid, mis p\u00f5hjustavad igemep\u00f5letikku, kaariest ja halba hinge\u00f5hku.<\/span><\/li>\n<li><span style=\"font-family: Times New Roman, serif;\">Tervemad igemed: kliiniliselt on t\u00f5estatud, et irrigaator eemaldab hambakattu tekitavad bakterid ja parandab igemete tervist kuni 2 korda t\u00f5husamalt kui hambavaheniit.<\/span><\/li>\n<li><span style=\"font-family: Times New Roman, serif;\">Sobib suurep\u00e4raselt implantaatide puhul: kliiniliselt on t\u00f5estatud, et irrigaator on hambavaheniidist kuni 2 korda t\u00f5husam ning Plaque Seeker TM (PS) otsiku kasutamine parandab hammaste tervist implantaatide \u00fcmber.<\/span><\/li>\n<li><span style=\"font-family: Times New Roman, serif;\">Oluliselt vajalik breketite puhul: kliiniliselt on t\u00f5estatud, et ortodontilise otsiku (OD) kasutamisel on katu eemaldamine breketite \u00fcmbrusest kuni <a href=\"https:\/\/www.waterpik.com\/pro\/clinical-research\/water-flosser-reduce-plaque-bleeding-adolescents-braces-sharma-2008\/\" target=\"_top\">3 korda t\u00f5husam kui tavalise hambaharja ja hambaniidiga.<\/a><\/span><\/li>\n<li><span style=\"font-family: Times New Roman, serif;\">Sobib ideaalselt inimestele, kellel on hammaste implantaadid, kroonid, sillad ja laminaadid.<\/span><\/li>\n<\/ul>\n<p>[\/vc_column_text][vc_column_text css=&#8221;&#8221;]<\/p>\n<h3>Toote omadused<\/h3>\n<ul>\n<li>4 irrigaatori otsikud \u2013 2 standardsed, 1 implantaatidele ja 1 breketitele.<\/li>\n<li>Magnetlaadija (kiire laadimine kestab ainult 4 tundi!)<\/li>\n<li>Veejoa tugevuse 3 taset<\/li>\n<li>Veemahuti, millest j\u00e4tkub 45 sekundiks<\/li>\n<li>T\u00f6\u00f6tab eriti vaikselt<\/li>\n<li>Otsikute karp<\/li>\n<li>Veekindel, v\u00f5ib kasutada du\u0161i all<\/li>\n<li>Sobib suurep\u00e4raselt reisile kaasa v\u00f5tmiseks v\u00f5i v\u00e4ikestes vannitubades kasutamiseks<\/li>\n<li>Otsikut saab keerata 360 kraadi v\u00f5rra<\/li>\n<li>Kaalub v\u00e4he, kaasav\u00f5etav<\/li>\n<li>Reisikott<\/li>\n<li>Garantii kaks aastat<\/li>\n<\/ul>\n<p>[\/vc_column_text][\/vc_column][\/vc_row]<\/p>\n<\/div>","protected":false},"excerpt":{"rendered":"<p>&nbsp;<\/p>\n<p><span style=\"color: #ff0000;\"><strong>Uudis!<\/strong><\/span><\/p>\n<p>&nbsp;<\/p>\n<p>\u00dclimalt mugav juhtmevaba irrigaator WP-580 Advanced 2.0 on varustatud kiirmagnetilise laadimiss\u00fcsteemiga, mis laeb aku t\u00e4is vaid nelja tunniga. See t\u00f6\u00f6tab \u00fclivaikselt ja on veekindel. Juhtmevaba irrigaator sobib ideaalselt kasutamiseks v\u00e4ikestes ruumides ja reisile kaasa v\u00f5tmiseks. V\u00f5ib valida mitme erinevat v\u00e4rvi mudeli vahel.<\/p>\n<p>&nbsp;<\/p>\n<p>Selle mudeli komplektis on irrigaatori neli otsikut erinevate hambahooldusvajaduste jaoks, kolm survetugevuse seadistamise taset, mikrokiust reisikott ja reisiveekork, mis kaitseb lekke eest transpordi ajal, otsikute hoiukarp ja eemaldatav veepaak, mida piisab hammaste pesemiseks 45+ sekundi jooksul. Otsik v\u00f5ib p\u00f6\u00f6relda 360 kraadi, mist\u00f5ttu on lihtne j\u00f5uda k\u00f5ikidesse hambavahedesse, isegi tagumiste hammasteni.<\/p>\n<p>&nbsp;<\/p>\n<p><a name=\"_Hlt191481355\"><\/a><a name=\"_Hlt191481356\"><\/a><span style=\"font-family: Times New Roman, serif;\">Hambakatu t\u00f5hus eemaldamine: eemaldab kuni <a href=\"https:\/\/www.waterpik.com\/pro\/clinical-research\/water-flosser-removes-plaque-gorur-2009\/\" target=\"_top\">99,9% hambakattu tekitavaid<\/a> baktereid, mis p\u00f5hjustavad igemep\u00f5letikku, kaariest ja halba hinge\u00f5hku ning kliiniliselt on t\u00f5estatud, et hambakattu p\u00f5hjustavad bakterid eemaldatakse hambavaheniidist kaks korda t\u00f5husamalt ja samuti paraneb igemete tervis.<\/span><\/p>\n<p>&nbsp;<\/p>\n<p>WATERPIK on hambaarstide poolt enim soovitatud irrigaatorite kaubam\u00e4rk maailmas ning juhtmevaba WP-580 Advanced 2.0 irrigaator on ohutu, selle t\u00f5husus on kliiniliselt testitud ning Ameerika hambaarstide liidu (ADA) poolt heaks kiidetud.<\/p>\n<p>&nbsp;<\/p>\n<div class=\"qbutton default\">[spu popup=\"637\"]TELLI[\/spu]<\/div>\n","protected":false},"featured_media":144237,"template":"","meta":{"inline_featured_image":false},"product_brand":[],"product_cat":[47],"product_tag":[],"class_list":{"0":"post-144184","1":"product","2":"type-product","3":"status-publish","4":"has-post-thumbnail","6":"product_cat-juhtmevabad-suu-irrigaatorid","8":"first","9":"instock","10":"sale","11":"taxable","12":"shipping-taxable","13":"purchasable","14":"product-type-simple"},"yoast_head":"<!-- This site is optimized with the Yoast SEO plugin v24.6 - https:\/\/yoast.com\/wordpress\/plugins\/seo\/ -->\n<title>Juhtmevaba suu irrigaator Waterpik WP-580 | Waterpik<\/title>\n<meta name=\"description\" content=\"Ettev\u00f5te tegeleb hambatehnikute ja stomatoloogiatarvikute m\u00fc\u00fcgiga. Kaksk\u00fcmmend aastat oleme Baltikumi Waterpiku tootja m\u00fc\u00fcgiesindaja.\" \/>\n<meta name=\"robots\" content=\"index, follow, max-snippet:-1, max-image-preview:large, max-video-preview:-1\" \/>\n<link rel=\"canonical\" href=\"https:\/\/waterpik.lt\/et\/toode\/juhtmevaba-suu-irrigaator-waterpik-wp-580\/\" \/>\n<meta property=\"og:locale\" content=\"et_EE\" \/>\n<meta property=\"og:type\" content=\"article\" \/>\n<meta property=\"og:title\" content=\"Juhtmevaba suu irrigaator Waterpik WP-580 | Waterpik\" \/>\n<meta property=\"og:description\" content=\"Ettev\u00f5te tegeleb hambatehnikute ja stomatoloogiatarvikute m\u00fc\u00fcgiga. Kaksk\u00fcmmend aastat oleme Baltikumi Waterpiku tootja m\u00fc\u00fcgiesindaja.\" \/>\n<meta property=\"og:url\" content=\"https:\/\/waterpik.lt\/et\/toode\/juhtmevaba-suu-irrigaator-waterpik-wp-580\/\" \/>\n<meta property=\"og:site_name\" content=\"Waterpik\" \/>\n<meta property=\"article:modified_time\" content=\"2025-11-30T13:26:55+00:00\" \/>\n<meta property=\"og:image\" content=\"https:\/\/waterpik.lt\/wp-content\/uploads\/2025\/05\/WP-580-EE.jpg\" \/>\n\t<meta property=\"og:image:width\" content=\"1800\" \/>\n\t<meta property=\"og:image:height\" content=\"1800\" \/>\n\t<meta property=\"og:image:type\" content=\"image\/jpeg\" \/>\n<meta name=\"twitter:card\" content=\"summary_large_image\" \/>\n<meta name=\"twitter:label1\" content=\"Est. reading time\" \/>\n\t<meta name=\"twitter:data1\" content=\"2 minutit\" \/>\n<script type=\"application\/ld+json\" class=\"yoast-schema-graph\">{\"@context\":\"https:\/\/schema.org\",\"@graph\":[{\"@type\":\"WebPage\",\"@id\":\"https:\/\/waterpik.lt\/et\/toode\/juhtmevaba-suu-irrigaator-waterpik-wp-580\/\",\"url\":\"https:\/\/waterpik.lt\/et\/toode\/juhtmevaba-suu-irrigaator-waterpik-wp-580\/\",\"name\":\"Juhtmevaba suu irrigaator Waterpik WP-580 | Waterpik\",\"isPartOf\":{\"@id\":\"https:\/\/waterpik.lt\/#website\"},\"primaryImageOfPage\":{\"@id\":\"https:\/\/waterpik.lt\/et\/toode\/juhtmevaba-suu-irrigaator-waterpik-wp-580\/#primaryimage\"},\"image\":{\"@id\":\"https:\/\/waterpik.lt\/et\/toode\/juhtmevaba-suu-irrigaator-waterpik-wp-580\/#primaryimage\"},\"thumbnailUrl\":\"https:\/\/waterpik.lt\/wp-content\/uploads\/2025\/05\/WP-580-EE.jpg\",\"datePublished\":\"2025-05-12T07:47:58+00:00\",\"dateModified\":\"2025-11-30T13:26:55+00:00\",\"description\":\"Ettev\u00f5te tegeleb hambatehnikute ja stomatoloogiatarvikute m\u00fc\u00fcgiga. Kaksk\u00fcmmend aastat oleme Baltikumi Waterpiku tootja m\u00fc\u00fcgiesindaja.\",\"breadcrumb\":{\"@id\":\"https:\/\/waterpik.lt\/et\/toode\/juhtmevaba-suu-irrigaator-waterpik-wp-580\/#breadcrumb\"},\"inLanguage\":\"et\",\"potentialAction\":[{\"@type\":\"ReadAction\",\"target\":[\"https:\/\/waterpik.lt\/et\/toode\/juhtmevaba-suu-irrigaator-waterpik-wp-580\/\"]}]},{\"@type\":\"ImageObject\",\"inLanguage\":\"et\",\"@id\":\"https:\/\/waterpik.lt\/et\/toode\/juhtmevaba-suu-irrigaator-waterpik-wp-580\/#primaryimage\",\"url\":\"https:\/\/waterpik.lt\/wp-content\/uploads\/2025\/05\/WP-580-EE.jpg\",\"contentUrl\":\"https:\/\/waterpik.lt\/wp-content\/uploads\/2025\/05\/WP-580-EE.jpg\",\"width\":1800,\"height\":1800},{\"@type\":\"BreadcrumbList\",\"@id\":\"https:\/\/waterpik.lt\/et\/toode\/juhtmevaba-suu-irrigaator-waterpik-wp-580\/#breadcrumb\",\"itemListElement\":[{\"@type\":\"ListItem\",\"position\":1,\"name\":\"Titulinis\",\"item\":\"https:\/\/waterpik.lt\/et\/\"},{\"@type\":\"ListItem\",\"position\":2,\"name\":\"Tooted\",\"item\":\"https:\/\/waterpik.lt\/et\/tooted\/\"},{\"@type\":\"ListItem\",\"position\":3,\"name\":\"Juhtmevaba suu irrigaator Waterpik WP-580\"}]},{\"@type\":\"WebSite\",\"@id\":\"https:\/\/waterpik.lt\/#website\",\"url\":\"https:\/\/waterpik.lt\/\",\"name\":\"Waterpik\",\"description\":\"Irigatoriai\",\"publisher\":{\"@id\":\"https:\/\/waterpik.lt\/#organization\"},\"potentialAction\":[{\"@type\":\"SearchAction\",\"target\":{\"@type\":\"EntryPoint\",\"urlTemplate\":\"https:\/\/waterpik.lt\/?s={search_term_string}\"},\"query-input\":{\"@type\":\"PropertyValueSpecification\",\"valueRequired\":true,\"valueName\":\"search_term_string\"}}],\"inLanguage\":\"et\"},{\"@type\":\"Organization\",\"@id\":\"https:\/\/waterpik.lt\/#organization\",\"name\":\"Waterpik\",\"url\":\"https:\/\/waterpik.lt\/\",\"logo\":{\"@type\":\"ImageObject\",\"inLanguage\":\"et\",\"@id\":\"https:\/\/waterpik.lt\/#\/schema\/logo\/image\/\",\"url\":\"https:\/\/waterpik.lt\/wp-content\/uploads\/2019\/05\/WP-160.jpg\",\"contentUrl\":\"https:\/\/waterpik.lt\/wp-content\/uploads\/2019\/05\/WP-160.jpg\",\"width\":2048,\"height\":2048,\"caption\":\"Waterpik\"},\"image\":{\"@id\":\"https:\/\/waterpik.lt\/#\/schema\/logo\/image\/\"}}]}<\/script>\n<!-- \/ Yoast SEO plugin. -->","yoast_head_json":{"title":"Juhtmevaba suu irrigaator Waterpik WP-580 | Waterpik","description":"Ettev\u00f5te tegeleb hambatehnikute ja stomatoloogiatarvikute m\u00fc\u00fcgiga. Kaksk\u00fcmmend aastat oleme Baltikumi Waterpiku tootja m\u00fc\u00fcgiesindaja.","robots":{"index":"index","follow":"follow","max-snippet":"max-snippet:-1","max-image-preview":"max-image-preview:large","max-video-preview":"max-video-preview:-1"},"canonical":"https:\/\/waterpik.lt\/et\/toode\/juhtmevaba-suu-irrigaator-waterpik-wp-580\/","og_locale":"et_EE","og_type":"article","og_title":"Juhtmevaba suu irrigaator Waterpik WP-580 | Waterpik","og_description":"Ettev\u00f5te tegeleb hambatehnikute ja stomatoloogiatarvikute m\u00fc\u00fcgiga. Kaksk\u00fcmmend aastat oleme Baltikumi Waterpiku tootja m\u00fc\u00fcgiesindaja.","og_url":"https:\/\/waterpik.lt\/et\/toode\/juhtmevaba-suu-irrigaator-waterpik-wp-580\/","og_site_name":"Waterpik","article_modified_time":"2025-11-30T13:26:55+00:00","og_image":[{"width":1800,"height":1800,"url":"https:\/\/waterpik.lt\/wp-content\/uploads\/2025\/05\/WP-580-EE.jpg","type":"image\/jpeg"}],"twitter_card":"summary_large_image","twitter_misc":{"Est. reading time":"2 minutit"},"schema":{"@context":"https:\/\/schema.org","@graph":[{"@type":"WebPage","@id":"https:\/\/waterpik.lt\/et\/toode\/juhtmevaba-suu-irrigaator-waterpik-wp-580\/","url":"https:\/\/waterpik.lt\/et\/toode\/juhtmevaba-suu-irrigaator-waterpik-wp-580\/","name":"Juhtmevaba suu irrigaator Waterpik WP-580 | Waterpik","isPartOf":{"@id":"https:\/\/waterpik.lt\/#website"},"primaryImageOfPage":{"@id":"https:\/\/waterpik.lt\/et\/toode\/juhtmevaba-suu-irrigaator-waterpik-wp-580\/#primaryimage"},"image":{"@id":"https:\/\/waterpik.lt\/et\/toode\/juhtmevaba-suu-irrigaator-waterpik-wp-580\/#primaryimage"},"thumbnailUrl":"https:\/\/waterpik.lt\/wp-content\/uploads\/2025\/05\/WP-580-EE.jpg","datePublished":"2025-05-12T07:47:58+00:00","dateModified":"2025-11-30T13:26:55+00:00","description":"Ettev\u00f5te tegeleb hambatehnikute ja stomatoloogiatarvikute m\u00fc\u00fcgiga. Kaksk\u00fcmmend aastat oleme Baltikumi Waterpiku tootja m\u00fc\u00fcgiesindaja.","breadcrumb":{"@id":"https:\/\/waterpik.lt\/et\/toode\/juhtmevaba-suu-irrigaator-waterpik-wp-580\/#breadcrumb"},"inLanguage":"et","potentialAction":[{"@type":"ReadAction","target":["https:\/\/waterpik.lt\/et\/toode\/juhtmevaba-suu-irrigaator-waterpik-wp-580\/"]}]},{"@type":"ImageObject","inLanguage":"et","@id":"https:\/\/waterpik.lt\/et\/toode\/juhtmevaba-suu-irrigaator-waterpik-wp-580\/#primaryimage","url":"https:\/\/waterpik.lt\/wp-content\/uploads\/2025\/05\/WP-580-EE.jpg","contentUrl":"https:\/\/waterpik.lt\/wp-content\/uploads\/2025\/05\/WP-580-EE.jpg","width":1800,"height":1800},{"@type":"BreadcrumbList","@id":"https:\/\/waterpik.lt\/et\/toode\/juhtmevaba-suu-irrigaator-waterpik-wp-580\/#breadcrumb","itemListElement":[{"@type":"ListItem","position":1,"name":"Titulinis","item":"https:\/\/waterpik.lt\/et\/"},{"@type":"ListItem","position":2,"name":"Tooted","item":"https:\/\/waterpik.lt\/et\/tooted\/"},{"@type":"ListItem","position":3,"name":"Juhtmevaba suu irrigaator Waterpik WP-580"}]},{"@type":"WebSite","@id":"https:\/\/waterpik.lt\/#website","url":"https:\/\/waterpik.lt\/","name":"Waterpik","description":"Irigatoriai","publisher":{"@id":"https:\/\/waterpik.lt\/#organization"},"potentialAction":[{"@type":"SearchAction","target":{"@type":"EntryPoint","urlTemplate":"https:\/\/waterpik.lt\/?s={search_term_string}"},"query-input":{"@type":"PropertyValueSpecification","valueRequired":true,"valueName":"search_term_string"}}],"inLanguage":"et"},{"@type":"Organization","@id":"https:\/\/waterpik.lt\/#organization","name":"Waterpik","url":"https:\/\/waterpik.lt\/","logo":{"@type":"ImageObject","inLanguage":"et","@id":"https:\/\/waterpik.lt\/#\/schema\/logo\/image\/","url":"https:\/\/waterpik.lt\/wp-content\/uploads\/2019\/05\/WP-160.jpg","contentUrl":"https:\/\/waterpik.lt\/wp-content\/uploads\/2019\/05\/WP-160.jpg","width":2048,"height":2048,"caption":"Waterpik"},"image":{"@id":"https:\/\/waterpik.lt\/#\/schema\/logo\/image\/"}}]}},"_links":{"self":[{"href":"https:\/\/waterpik.lt\/et\/wp-json\/wp\/v2\/product\/144184","targetHints":{"allow":["GET"]}}],"collection":[{"href":"https:\/\/waterpik.lt\/et\/wp-json\/wp\/v2\/product"}],"about":[{"href":"https:\/\/waterpik.lt\/et\/wp-json\/wp\/v2\/types\/product"}],"wp:featuredmedia":[{"embeddable":true,"href":"https:\/\/waterpik.lt\/et\/wp-json\/wp\/v2\/media\/144237"}],"wp:attachment":[{"href":"https:\/\/waterpik.lt\/et\/wp-json\/wp\/v2\/media?parent=144184"}],"wp:term":[{"taxonomy":"product_brand","embeddable":true,"href":"https:\/\/waterpik.lt\/et\/wp-json\/wp\/v2\/product_brand?post=144184"},{"taxonomy":"product_cat","embeddable":true,"href":"https:\/\/waterpik.lt\/et\/wp-json\/wp\/v2\/product_cat?post=144184"},{"taxonomy":"product_tag","embeddable":true,"href":"https:\/\/waterpik.lt\/et\/wp-json\/wp\/v2\/product_tag?post=144184"}],"curies":[{"name":"wp","href":"https:\/\/api.w.org\/{rel}","templated":true}]}}