{"id":133397,"date":"2025-02-28T16:41:16","date_gmt":"2025-02-28T14:41:16","guid":{"rendered":"https:\/\/waterpik.lt\/?post_type=product&#038;p=133397"},"modified":"2025-12-03T15:13:42","modified_gmt":"2025-12-03T13:13:42","slug":"suu-veeprits-complete-care-cc-04","status":"publish","type":"product","link":"https:\/\/waterpik.lt\/et\/toode\/suu-veeprits-complete-care-cc-04\/","title":{"rendered":"Suu irrigaator Waterpik Complete Care CC-04"},"content":{"rendered":"<div class=\"wpb-content-wrapper\"><p>[vc_row css_animation=&#8221;&#8221; row_type=&#8221;row&#8221; use_row_as_full_screen_section=&#8221;no&#8221; type=&#8221;full_width&#8221; angled_section=&#8221;no&#8221; text_align=&#8221;left&#8221; background_image_as_pattern=&#8221;without_pattern&#8221;][vc_column][vc_column_text css=&#8221;&#8221;]<span style=\"font-family: Times New Roman, serif;\"><span style=\"font-size: x-large;\"><b>Irrigaatori eelised<\/b><\/span><\/span><\/p>\n<ul>\n<li><span style=\"font-family: Times New Roman, serif;\">On t\u00f5estatud, et Waterpik PRECISIONPULSETM tehnoloogia pakub k\u00f5ige t\u00f5husamat veesurve ja pulsatsiooni kombinatsiooni.<\/span><\/li>\n<li><span style=\"font-family: Times New Roman, serif;\">Hambakatu t\u00f5hus eemaldamine: eemaldab kuni <a href=\"https:\/\/www.waterpik.com\/pro\/clinical-research\/water-flosser-removes-plaque-gorur-2009\/\" target=\"_top\">99,9% hambakattu<\/a> tekitavaid baktereid, mis p\u00f5hjustavad igemep\u00f5letikku, kaariest ja halba hinge\u00f5hku.<\/span><\/li>\n<li><span style=\"font-family: Times New Roman, serif;\">Tervemad igemed: kliiniliselt on t\u00f5estatud, et irrigaator eemaldab hambakattu tekitavad bakterid ja parandab igemete tervist kuni 2 korda t\u00f5husamalt kui hambaniit.<\/span><\/li>\n<li><span style=\"font-family: Times New Roman, serif;\">Sobib suurep\u00e4raselt implantaatide puhul: kliiniliselt on t\u00f5estatud, et irrigaator on hambavaheniidist kuni 2 korda t\u00f5husam ning Plaque Seeker TM (PS) otsiku kasutamine parandab hammaste tervist implantaatide \u00fcmber.<\/span><\/li>\n<li><span style=\"font-family: Times New Roman, serif;\">Oluliselt vajalik breketite puhul: kliiniliselt on t\u00f5estatud, et ortodontilise otsiku (OD) kasutamisel on katu eemaldamine breketite \u00fcmbrusest kuni <a href=\"https:\/\/www.waterpik.com\/pro\/clinical-research\/water-flosser-reduce-plaque-bleeding-adolescents-braces-sharma-2008\/\" target=\"_top\">3 korda t\u00f5husam kui tavalise hambaharja ja hambaniidiga.<\/a><\/span><\/li>\n<li><span style=\"font-family: Times New Roman, serif;\">Sobib ideaalselt inimestele, kellel on hammaste implantaadid, kroonid, sillad ja laminaadid.<\/span><\/li>\n<\/ul>\n<p><span style=\"font-family: Times New Roman, serif;\"><span style=\"font-size: x-large;\"><b>Elektrilise hambaharja Sensonic eelised<\/b><\/span><\/span><\/p>\n<ul>\n<li><span style=\"font-family: Times New Roman, serif;\">T\u00f5hus hambakatu eemaldamine: aitab \u00e4ra hoida igemep\u00f5letikku, hammaste lagunemist ja halba hinge\u00f5hku, eemaldades kuni 4 korda rohkem hambakattu**<\/span><\/li>\n<li><span style=\"font-family: Times New Roman, serif;\">Tervemad igemed: 60% t\u00f5husam hammaste p\u00f5letiku v\u00e4hendamisel ja kuni 2 korda t\u00f5husam igemete verejooksu v\u00e4hendamisel*.<\/span><\/li>\n<\/ul>\n<p><span style=\"font-family: Times New Roman, serif;\"><span style=\"font-size: x-large;\"><b>Seadme eelised:<\/b><\/span><\/span><\/p>\n<ul>\n<li><span style=\"font-family: Times New Roman, serif;\">WATERPIK irrigaatorit ja SENSONIC hambaharja kasutada koos, on igemete tervis tagatud kuni 3 korda t\u00f5husamalt kui tavalise hambaharja kasutamisel, kuni 5 korda t\u00f5husamalt on hambakatt eemaldatud raskesti ligip\u00e4\u00e4setavatest kohtadest*<\/span><\/li>\n<\/ul>\n<p><span style=\"font-family: Times New Roman, serif;\"><span style=\"font-size: small;\">* Hammaste harjamine kaks minutit hambaharjaga ja \u00fcks minut hambavahede irrigaatoriga<\/span><\/span><\/p>\n<p><span style=\"font-family: Times New Roman, serif;\"><span style=\"font-size: small;\">** raskemini ligip\u00e4\u00e4setavates kohtades kui tavalise hambaharjaga hambaid pestes<\/span><\/span><\/p>\n<h5 class=\"western\"><\/h5>\n<p><span style=\"font-family: Times New Roman, serif;\"><span style=\"font-size: x-large;\"><b>Irrigaatori omadused<\/b><\/span><\/span><\/p>\n<ul>\n<li><span style=\"font-family: Times New Roman, serif;\"><span lang=\"en-US\">Komplektis on <\/span><\/span><span style=\"font-family: Times New Roman, serif;\">5 irrigaatori otsikut: 2 standardset JT, 1 PS implantaatide jaoks, 1 breketite jaoks OD, 1 proteeside ja implantaatide otsik DT<\/span><\/li>\n<li><span style=\"font-family: Times New Roman, serif;\">360 kraadi p\u00f6\u00f6rlev k\u00e4epide<\/span><\/li>\n<li><span style=\"font-family: Times New Roman, serif;\">T\u00e4iustatud surve reguleerimise s\u00fcsteem k\u00fcmne tugevuse seadistusega<\/span><\/li>\n<li><span style=\"font-family: Times New Roman, serif;\">Mahuti mahust piisab 90+ sekundiks<\/span><\/li>\n<li><span style=\"font-family: Times New Roman, serif;\">K\u00e4epide su ON\/OFF funktsiooniga<\/span><\/li>\n<li><span style=\"font-family: Times New Roman, serif;\">Magnetiga k\u00e4epideme hoidik<\/span><\/li>\n<\/ul>\n<p><span style=\"font-family: Times New Roman, serif;\"><span style=\"font-size: x-large;\"><b>Elektrilise hambaharja Sensonic omadused<\/b><\/span><\/span><\/p>\n<ul>\n<li><span style=\"font-family: Times New Roman, serif;\">Komplektis on 2<\/span><span style=\"font-family: Times New Roman, serif;\"><span lang=\"en-US\"> STWB <\/span><\/span><span style=\"font-family: Times New Roman, serif;\">otsikut<\/span><\/li>\n<li><span style=\"font-family: Times New Roman, serif;\">Pehmed harjased on loodud spetsiaalselt raskesti ligip\u00e4\u00e4setavate kohtade puhastamiseks<\/span><\/li>\n<li><span style=\"font-family: Times New Roman, serif;\">Kolme puhastusre\u017eiimi: puhastamine, plekkide eemaldamine ja igemete hooldamine.<\/span><\/li>\n<li><span style=\"font-family: Times New Roman, serif;\">30-sekundiliste intervallidega 2-minutiline taimer<\/span><\/li>\n<li><span style=\"font-family: Times New Roman, serif;\">Kerge ja eriti vaikselt t\u00f6\u00f6tav disain<\/span><\/li>\n<li><span style=\"font-family: Times New Roman, serif;\">Ergonoomiline libisemiskindla viimistlusega vars.<\/span><\/li>\n<li><span style=\"font-family: Times New Roman, serif;\">V\u00e4rvi muutvad harjased (muutuvad rohelisest kollaseks, et tuletada meelde, millal tuleb hambaharja pea uuega asendada)<\/span><\/li>\n<li><span style=\"font-family: Times New Roman, serif;\">LED laadimise indikaator<\/span><\/li>\n<li><span style=\"font-family: Times New Roman, serif;\">Hambaharja tippkvaliteetne reisivutlar<\/span><\/li>\n<li><span style=\"font-family: Times New Roman, serif;\">Liitiumioonaku v\u00f5imaldab kasutada irrigaatorit \u00fche laadimisega kuni 4 n\u00e4dalat<\/span><\/li>\n<\/ul>\n<p><span style=\"font-family: Times New Roman, serif;\"><span style=\"font-size: x-large;\"><b>Complete Care omadused<\/b><\/span><\/span><\/p>\n<ul>\n<li><span style=\"font-family: Times New Roman, serif;\">Vajab vaid \u00fchte pistikupesa<\/span><\/li>\n<li><span style=\"font-family: Times New Roman, serif;\">Ruumis\u00e4\u00e4stev lahendus<\/span><\/li>\n<li><span style=\"font-family: Times New Roman, serif;\">Kaheaastane garantii<\/span><\/li>\n<\/ul>\n<p>[\/vc_column_text][\/vc_column][\/vc_row]<\/p>\n<\/div>","protected":false},"excerpt":{"rendered":"<p>&nbsp;<\/p>\n<p>CC-04 SENSONIC Complete Care \u00fchendab irrigaatori WATERPIK auhinnatud STW-03 SENSONIC hambaharjaga, et tagada suuhooldus \u00fche seadmega. Kasutades seadmeid koos, hoiad igemete tervist lausa korda korda t\u00f5husamalt v\u00f5rreldes tavalise hambaharja kasutamisega.*<\/p>\n<p>WATERPIK irrigaatoril on 10 r\u00f5huseadet ja 5 spetsiaalset otsikut. Suur eemaldatav paak kestab 90+ sekundit ning 360 kraadi p\u00f6\u00f6rlev k\u00e4epide v\u00f5imaldab h\u00f5lpsasti j\u00f5uda k\u00f5ikidesse hambavahedesse, isegi k\u00f5ige tagumiste hammasteni.<\/p>\n<p><a name=\"_Hlt191478578\"><\/a><a name=\"_Hlt191480386\"><\/a><span style=\"font-family: Times New Roman, serif;\">Laetav\u00a0<a href=\"https:\/\/www.waterpik.com\/products\/electric-toothbrush\/STW-03W020\/\" target=\"_blank\" rel=\"noopener\">SENSONIC<\/a> Elektrilisel hambaharjal on kolm re\u017eiimi: puhastamine, plekkide eemaldamine ja igemete hooldamine \u2013 k\u00f5ik need tagavad t\u00f5husama hammaste pesu. Pehmed harjased tagavad \u00f5rna, kuid t\u00f5husa puhastamise ning on spetsiaalselt loodud raskesti ligip\u00e4\u00e4setavate kohtade, isegi purihammaste puhastamiseks.<\/span><\/p>\n<p>WATERPIK on hambaarstide poolt enim soovitatud irrigaatorite kaubam\u00e4rk maailmas ning CC-04 \u201eSENSONIC Complete Care\u201c irrigaator on ohutu. Selle t\u00f5husus on kliiniliselt testitud ning Ameerika hambaarstide liidu (ADA) poolt heaks kiidetud.<\/p>\n<p>&nbsp;<\/p>\n<p><iframe loading=\"lazy\" src=\"https:\/\/www.youtube.com\/embed\/XLXx_nKrAeE\" width=\"100%\" height=\"315\" frameborder=\"0\" allowfullscreen=\"allowfullscreen\"><\/iframe><\/p>\n<p>&nbsp;<\/p>\n<p><a href=\"\/wp-content\/uploads\/2018\/12\/Waterpik-WP-861-LT.pdf\" target=\"_blank\" rel=\"noopener\"><img loading=\"lazy\" decoding=\"async\" class=\"alignnone wp-image-433\" src=\"https:\/\/waterpik.lt\/wp-content\/uploads\/2018\/11\/download.png\" alt=\"\" width=\"128\" height=\"41\" \/><\/a><\/p>\n<p>&nbsp;<\/p>\n<div class=\"qbutton default\">[spu popup=\"637\"]TOLLI[\/spu]<\/div>\n","protected":false},"featured_media":137107,"template":"","meta":{"inline_featured_image":false},"product_brand":[],"product_cat":[46],"product_tag":[],"class_list":{"0":"post-133397","1":"product","2":"type-product","3":"status-publish","4":"has-post-thumbnail","6":"product_cat-suu-irrigaatorid","8":"first","9":"instock","10":"sale","11":"taxable","12":"shipping-taxable","13":"purchasable","14":"product-type-simple"},"yoast_head":"<!-- This site is optimized with the Yoast SEO plugin v24.6 - https:\/\/yoast.com\/wordpress\/plugins\/seo\/ -->\n<title>Suu irrigaator Waterpik Complete Care CC-04 | Waterpik<\/title>\n<meta name=\"description\" content=\"Ettev\u00f5te tegeleb hambatehnikute ja stomatoloogiatarvikute m\u00fc\u00fcgiga. Kaksk\u00fcmmend aastat oleme Baltikumi Waterpiku tootja m\u00fc\u00fcgiesindaja.\" \/>\n<meta name=\"robots\" content=\"index, follow, max-snippet:-1, max-image-preview:large, max-video-preview:-1\" \/>\n<link rel=\"canonical\" href=\"https:\/\/waterpik.lt\/et\/toode\/suu-veeprits-complete-care-cc-04\/\" \/>\n<meta property=\"og:locale\" content=\"et_EE\" \/>\n<meta property=\"og:type\" content=\"article\" \/>\n<meta property=\"og:title\" content=\"Suu irrigaator Waterpik Complete Care CC-04 | Waterpik\" \/>\n<meta property=\"og:description\" content=\"Ettev\u00f5te tegeleb hambatehnikute ja stomatoloogiatarvikute m\u00fc\u00fcgiga. Kaksk\u00fcmmend aastat oleme Baltikumi Waterpiku tootja m\u00fc\u00fcgiesindaja.\" \/>\n<meta property=\"og:url\" content=\"https:\/\/waterpik.lt\/et\/toode\/suu-veeprits-complete-care-cc-04\/\" \/>\n<meta property=\"og:site_name\" content=\"Waterpik\" \/>\n<meta property=\"article:modified_time\" content=\"2025-12-03T13:13:42+00:00\" \/>\n<meta property=\"og:image\" content=\"https:\/\/waterpik.lt\/wp-content\/uploads\/2025\/02\/Sensonic_EE.jpg\" \/>\n\t<meta property=\"og:image:width\" content=\"1800\" \/>\n\t<meta property=\"og:image:height\" content=\"1800\" \/>\n\t<meta property=\"og:image:type\" content=\"image\/jpeg\" \/>\n<meta name=\"twitter:card\" content=\"summary_large_image\" \/>\n<meta name=\"twitter:label1\" content=\"Est. reading time\" \/>\n\t<meta name=\"twitter:data1\" content=\"2 minutit\" \/>\n<script type=\"application\/ld+json\" class=\"yoast-schema-graph\">{\"@context\":\"https:\/\/schema.org\",\"@graph\":[{\"@type\":\"WebPage\",\"@id\":\"https:\/\/waterpik.lt\/et\/toode\/suu-veeprits-complete-care-cc-04\/\",\"url\":\"https:\/\/waterpik.lt\/et\/toode\/suu-veeprits-complete-care-cc-04\/\",\"name\":\"Suu irrigaator Waterpik Complete Care CC-04 | Waterpik\",\"isPartOf\":{\"@id\":\"https:\/\/waterpik.lt\/#website\"},\"primaryImageOfPage\":{\"@id\":\"https:\/\/waterpik.lt\/et\/toode\/suu-veeprits-complete-care-cc-04\/#primaryimage\"},\"image\":{\"@id\":\"https:\/\/waterpik.lt\/et\/toode\/suu-veeprits-complete-care-cc-04\/#primaryimage\"},\"thumbnailUrl\":\"https:\/\/waterpik.lt\/wp-content\/uploads\/2025\/02\/Sensonic_EE.jpg\",\"datePublished\":\"2025-02-28T14:41:16+00:00\",\"dateModified\":\"2025-12-03T13:13:42+00:00\",\"description\":\"Ettev\u00f5te tegeleb hambatehnikute ja stomatoloogiatarvikute m\u00fc\u00fcgiga. Kaksk\u00fcmmend aastat oleme Baltikumi Waterpiku tootja m\u00fc\u00fcgiesindaja.\",\"breadcrumb\":{\"@id\":\"https:\/\/waterpik.lt\/et\/toode\/suu-veeprits-complete-care-cc-04\/#breadcrumb\"},\"inLanguage\":\"et\",\"potentialAction\":[{\"@type\":\"ReadAction\",\"target\":[\"https:\/\/waterpik.lt\/et\/toode\/suu-veeprits-complete-care-cc-04\/\"]}]},{\"@type\":\"ImageObject\",\"inLanguage\":\"et\",\"@id\":\"https:\/\/waterpik.lt\/et\/toode\/suu-veeprits-complete-care-cc-04\/#primaryimage\",\"url\":\"https:\/\/waterpik.lt\/wp-content\/uploads\/2025\/02\/Sensonic_EE.jpg\",\"contentUrl\":\"https:\/\/waterpik.lt\/wp-content\/uploads\/2025\/02\/Sensonic_EE.jpg\",\"width\":1800,\"height\":1800},{\"@type\":\"BreadcrumbList\",\"@id\":\"https:\/\/waterpik.lt\/et\/toode\/suu-veeprits-complete-care-cc-04\/#breadcrumb\",\"itemListElement\":[{\"@type\":\"ListItem\",\"position\":1,\"name\":\"Titulinis\",\"item\":\"https:\/\/waterpik.lt\/et\/\"},{\"@type\":\"ListItem\",\"position\":2,\"name\":\"Tooted\",\"item\":\"https:\/\/waterpik.lt\/et\/tooted\/\"},{\"@type\":\"ListItem\",\"position\":3,\"name\":\"Suu irrigaator Waterpik Complete Care CC-04\"}]},{\"@type\":\"WebSite\",\"@id\":\"https:\/\/waterpik.lt\/#website\",\"url\":\"https:\/\/waterpik.lt\/\",\"name\":\"Waterpik\",\"description\":\"Irigatoriai\",\"publisher\":{\"@id\":\"https:\/\/waterpik.lt\/#organization\"},\"potentialAction\":[{\"@type\":\"SearchAction\",\"target\":{\"@type\":\"EntryPoint\",\"urlTemplate\":\"https:\/\/waterpik.lt\/?s={search_term_string}\"},\"query-input\":{\"@type\":\"PropertyValueSpecification\",\"valueRequired\":true,\"valueName\":\"search_term_string\"}}],\"inLanguage\":\"et\"},{\"@type\":\"Organization\",\"@id\":\"https:\/\/waterpik.lt\/#organization\",\"name\":\"Waterpik\",\"url\":\"https:\/\/waterpik.lt\/\",\"logo\":{\"@type\":\"ImageObject\",\"inLanguage\":\"et\",\"@id\":\"https:\/\/waterpik.lt\/#\/schema\/logo\/image\/\",\"url\":\"https:\/\/waterpik.lt\/wp-content\/uploads\/2019\/05\/WP-160.jpg\",\"contentUrl\":\"https:\/\/waterpik.lt\/wp-content\/uploads\/2019\/05\/WP-160.jpg\",\"width\":2048,\"height\":2048,\"caption\":\"Waterpik\"},\"image\":{\"@id\":\"https:\/\/waterpik.lt\/#\/schema\/logo\/image\/\"}}]}<\/script>\n<!-- \/ Yoast SEO plugin. -->","yoast_head_json":{"title":"Suu irrigaator Waterpik Complete Care CC-04 | Waterpik","description":"Ettev\u00f5te tegeleb hambatehnikute ja stomatoloogiatarvikute m\u00fc\u00fcgiga. Kaksk\u00fcmmend aastat oleme Baltikumi Waterpiku tootja m\u00fc\u00fcgiesindaja.","robots":{"index":"index","follow":"follow","max-snippet":"max-snippet:-1","max-image-preview":"max-image-preview:large","max-video-preview":"max-video-preview:-1"},"canonical":"https:\/\/waterpik.lt\/et\/toode\/suu-veeprits-complete-care-cc-04\/","og_locale":"et_EE","og_type":"article","og_title":"Suu irrigaator Waterpik Complete Care CC-04 | Waterpik","og_description":"Ettev\u00f5te tegeleb hambatehnikute ja stomatoloogiatarvikute m\u00fc\u00fcgiga. Kaksk\u00fcmmend aastat oleme Baltikumi Waterpiku tootja m\u00fc\u00fcgiesindaja.","og_url":"https:\/\/waterpik.lt\/et\/toode\/suu-veeprits-complete-care-cc-04\/","og_site_name":"Waterpik","article_modified_time":"2025-12-03T13:13:42+00:00","og_image":[{"width":1800,"height":1800,"url":"https:\/\/waterpik.lt\/wp-content\/uploads\/2025\/02\/Sensonic_EE.jpg","type":"image\/jpeg"}],"twitter_card":"summary_large_image","twitter_misc":{"Est. reading time":"2 minutit"},"schema":{"@context":"https:\/\/schema.org","@graph":[{"@type":"WebPage","@id":"https:\/\/waterpik.lt\/et\/toode\/suu-veeprits-complete-care-cc-04\/","url":"https:\/\/waterpik.lt\/et\/toode\/suu-veeprits-complete-care-cc-04\/","name":"Suu irrigaator Waterpik Complete Care CC-04 | Waterpik","isPartOf":{"@id":"https:\/\/waterpik.lt\/#website"},"primaryImageOfPage":{"@id":"https:\/\/waterpik.lt\/et\/toode\/suu-veeprits-complete-care-cc-04\/#primaryimage"},"image":{"@id":"https:\/\/waterpik.lt\/et\/toode\/suu-veeprits-complete-care-cc-04\/#primaryimage"},"thumbnailUrl":"https:\/\/waterpik.lt\/wp-content\/uploads\/2025\/02\/Sensonic_EE.jpg","datePublished":"2025-02-28T14:41:16+00:00","dateModified":"2025-12-03T13:13:42+00:00","description":"Ettev\u00f5te tegeleb hambatehnikute ja stomatoloogiatarvikute m\u00fc\u00fcgiga. Kaksk\u00fcmmend aastat oleme Baltikumi Waterpiku tootja m\u00fc\u00fcgiesindaja.","breadcrumb":{"@id":"https:\/\/waterpik.lt\/et\/toode\/suu-veeprits-complete-care-cc-04\/#breadcrumb"},"inLanguage":"et","potentialAction":[{"@type":"ReadAction","target":["https:\/\/waterpik.lt\/et\/toode\/suu-veeprits-complete-care-cc-04\/"]}]},{"@type":"ImageObject","inLanguage":"et","@id":"https:\/\/waterpik.lt\/et\/toode\/suu-veeprits-complete-care-cc-04\/#primaryimage","url":"https:\/\/waterpik.lt\/wp-content\/uploads\/2025\/02\/Sensonic_EE.jpg","contentUrl":"https:\/\/waterpik.lt\/wp-content\/uploads\/2025\/02\/Sensonic_EE.jpg","width":1800,"height":1800},{"@type":"BreadcrumbList","@id":"https:\/\/waterpik.lt\/et\/toode\/suu-veeprits-complete-care-cc-04\/#breadcrumb","itemListElement":[{"@type":"ListItem","position":1,"name":"Titulinis","item":"https:\/\/waterpik.lt\/et\/"},{"@type":"ListItem","position":2,"name":"Tooted","item":"https:\/\/waterpik.lt\/et\/tooted\/"},{"@type":"ListItem","position":3,"name":"Suu irrigaator Waterpik Complete Care CC-04"}]},{"@type":"WebSite","@id":"https:\/\/waterpik.lt\/#website","url":"https:\/\/waterpik.lt\/","name":"Waterpik","description":"Irigatoriai","publisher":{"@id":"https:\/\/waterpik.lt\/#organization"},"potentialAction":[{"@type":"SearchAction","target":{"@type":"EntryPoint","urlTemplate":"https:\/\/waterpik.lt\/?s={search_term_string}"},"query-input":{"@type":"PropertyValueSpecification","valueRequired":true,"valueName":"search_term_string"}}],"inLanguage":"et"},{"@type":"Organization","@id":"https:\/\/waterpik.lt\/#organization","name":"Waterpik","url":"https:\/\/waterpik.lt\/","logo":{"@type":"ImageObject","inLanguage":"et","@id":"https:\/\/waterpik.lt\/#\/schema\/logo\/image\/","url":"https:\/\/waterpik.lt\/wp-content\/uploads\/2019\/05\/WP-160.jpg","contentUrl":"https:\/\/waterpik.lt\/wp-content\/uploads\/2019\/05\/WP-160.jpg","width":2048,"height":2048,"caption":"Waterpik"},"image":{"@id":"https:\/\/waterpik.lt\/#\/schema\/logo\/image\/"}}]}},"_links":{"self":[{"href":"https:\/\/waterpik.lt\/et\/wp-json\/wp\/v2\/product\/133397","targetHints":{"allow":["GET"]}}],"collection":[{"href":"https:\/\/waterpik.lt\/et\/wp-json\/wp\/v2\/product"}],"about":[{"href":"https:\/\/waterpik.lt\/et\/wp-json\/wp\/v2\/types\/product"}],"wp:featuredmedia":[{"embeddable":true,"href":"https:\/\/waterpik.lt\/et\/wp-json\/wp\/v2\/media\/137107"}],"wp:attachment":[{"href":"https:\/\/waterpik.lt\/et\/wp-json\/wp\/v2\/media?parent=133397"}],"wp:term":[{"taxonomy":"product_brand","embeddable":true,"href":"https:\/\/waterpik.lt\/et\/wp-json\/wp\/v2\/product_brand?post=133397"},{"taxonomy":"product_cat","embeddable":true,"href":"https:\/\/waterpik.lt\/et\/wp-json\/wp\/v2\/product_cat?post=133397"},{"taxonomy":"product_tag","embeddable":true,"href":"https:\/\/waterpik.lt\/et\/wp-json\/wp\/v2\/product_tag?post=133397"}],"curies":[{"name":"wp","href":"https:\/\/api.w.org\/{rel}","templated":true}]}}