{"id":1152,"date":"2018-11-29T12:59:23","date_gmt":"2018-11-29T12:59:23","guid":{"rendered":"https:\/\/waterpik.lt\/product\/atsargine-detale\/"},"modified":"2025-10-07T11:27:17","modified_gmt":"2025-10-07T08:27:17","slug":"varuosa","status":"publish","type":"product","link":"https:\/\/waterpik.lt\/et\/toode\/varuosa\/","title":{"rendered":"Varuosa"},"content":{"rendered":"","protected":false},"excerpt":{"rendered":"<p><b><\/b><br \/>\nVaruosa. WP-100 | WF-100 | WP-112 | WF-112 | WP-160 | WF-150 | WF-11 | WP-250 | WF-310 | WP-260 | WP-660 | WF-660 | WP-662 | WF-662 | WP-670 | WP-672 | CC-01 | CC-04 | WP-861 | WF-06 | WF-05 | WP-900 | WP-300<\/p>\n<p>&nbsp;<\/p>\n<div class=\"qbutton default\">[spu popup=\"637\"]TOLLI[\/spu]<\/div>\n","protected":false},"featured_media":1047,"template":"","meta":{"inline_featured_image":false},"product_brand":[],"product_cat":[49,78],"product_tag":[],"class_list":{"0":"post-1152","1":"product","2":"type-product","3":"status-publish","4":"has-post-thumbnail","6":"product_cat-lisatarvikud","7":"product_cat-69-et","9":"first","10":"instock","11":"taxable","12":"shipping-taxable","13":"purchasable","14":"product-type-variable"},"yoast_head":"<!-- This site is optimized with the Yoast SEO plugin v24.6 - https:\/\/yoast.com\/wordpress\/plugins\/seo\/ -->\n<title>Varuosa | Waterpik<\/title>\n<meta name=\"description\" content=\"Ettev\u00f5te tegeleb hambatehnikute ja stomatoloogiatarvikute m\u00fc\u00fcgiga. Kaksk\u00fcmmend aastat oleme Baltikumi Waterpiku tootja m\u00fc\u00fcgiesindaja.\" \/>\n<meta name=\"robots\" content=\"index, follow, max-snippet:-1, max-image-preview:large, max-video-preview:-1\" \/>\n<link rel=\"canonical\" href=\"https:\/\/waterpik.lt\/et\/toode\/varuosa\/\" \/>\n<meta property=\"og:locale\" content=\"et_EE\" \/>\n<meta property=\"og:type\" content=\"article\" \/>\n<meta property=\"og:title\" content=\"Varuosa | Waterpik\" \/>\n<meta property=\"og:description\" content=\"Ettev\u00f5te tegeleb hambatehnikute ja stomatoloogiatarvikute m\u00fc\u00fcgiga. Kaksk\u00fcmmend aastat oleme Baltikumi Waterpiku tootja m\u00fc\u00fcgiesindaja.\" \/>\n<meta property=\"og:url\" content=\"https:\/\/waterpik.lt\/et\/toode\/varuosa\/\" \/>\n<meta property=\"og:site_name\" content=\"Waterpik\" \/>\n<meta property=\"article:modified_time\" content=\"2025-10-07T08:27:17+00:00\" \/>\n<meta property=\"og:image\" content=\"https:\/\/waterpik.lt\/wp-content\/uploads\/2018\/11\/rankenos_juoda_balta-1.jpg\" \/>\n\t<meta property=\"og:image:width\" content=\"1000\" \/>\n\t<meta property=\"og:image:height\" content=\"1000\" \/>\n\t<meta property=\"og:image:type\" content=\"image\/jpeg\" \/>\n<meta name=\"twitter:card\" content=\"summary_large_image\" \/>\n<meta name=\"twitter:label1\" content=\"Est. reading time\" \/>\n\t<meta name=\"twitter:data1\" content=\"1 minut\" \/>\n<script type=\"application\/ld+json\" class=\"yoast-schema-graph\">{\"@context\":\"https:\/\/schema.org\",\"@graph\":[{\"@type\":\"WebPage\",\"@id\":\"https:\/\/waterpik.lt\/et\/toode\/varuosa\/\",\"url\":\"https:\/\/waterpik.lt\/et\/toode\/varuosa\/\",\"name\":\"Varuosa | Waterpik\",\"isPartOf\":{\"@id\":\"https:\/\/waterpik.lt\/#website\"},\"primaryImageOfPage\":{\"@id\":\"https:\/\/waterpik.lt\/et\/toode\/varuosa\/#primaryimage\"},\"image\":{\"@id\":\"https:\/\/waterpik.lt\/et\/toode\/varuosa\/#primaryimage\"},\"thumbnailUrl\":\"https:\/\/waterpik.lt\/wp-content\/uploads\/2018\/11\/rankenos_juoda_balta-1.jpg\",\"datePublished\":\"2018-11-29T12:59:23+00:00\",\"dateModified\":\"2025-10-07T08:27:17+00:00\",\"description\":\"Ettev\u00f5te tegeleb hambatehnikute ja stomatoloogiatarvikute m\u00fc\u00fcgiga. Kaksk\u00fcmmend aastat oleme Baltikumi Waterpiku tootja m\u00fc\u00fcgiesindaja.\",\"breadcrumb\":{\"@id\":\"https:\/\/waterpik.lt\/et\/toode\/varuosa\/#breadcrumb\"},\"inLanguage\":\"et\",\"potentialAction\":[{\"@type\":\"ReadAction\",\"target\":[\"https:\/\/waterpik.lt\/et\/toode\/varuosa\/\"]}]},{\"@type\":\"ImageObject\",\"inLanguage\":\"et\",\"@id\":\"https:\/\/waterpik.lt\/et\/toode\/varuosa\/#primaryimage\",\"url\":\"https:\/\/waterpik.lt\/wp-content\/uploads\/2018\/11\/rankenos_juoda_balta-1.jpg\",\"contentUrl\":\"https:\/\/waterpik.lt\/wp-content\/uploads\/2018\/11\/rankenos_juoda_balta-1.jpg\",\"width\":1000,\"height\":1000},{\"@type\":\"BreadcrumbList\",\"@id\":\"https:\/\/waterpik.lt\/et\/toode\/varuosa\/#breadcrumb\",\"itemListElement\":[{\"@type\":\"ListItem\",\"position\":1,\"name\":\"Titulinis\",\"item\":\"https:\/\/waterpik.lt\/et\/\"},{\"@type\":\"ListItem\",\"position\":2,\"name\":\"Tooted\",\"item\":\"https:\/\/waterpik.lt\/et\/tooted\/\"},{\"@type\":\"ListItem\",\"position\":3,\"name\":\"Varuosa\"}]},{\"@type\":\"WebSite\",\"@id\":\"https:\/\/waterpik.lt\/#website\",\"url\":\"https:\/\/waterpik.lt\/\",\"name\":\"Waterpik\",\"description\":\"Irigatoriai\",\"publisher\":{\"@id\":\"https:\/\/waterpik.lt\/#organization\"},\"potentialAction\":[{\"@type\":\"SearchAction\",\"target\":{\"@type\":\"EntryPoint\",\"urlTemplate\":\"https:\/\/waterpik.lt\/?s={search_term_string}\"},\"query-input\":{\"@type\":\"PropertyValueSpecification\",\"valueRequired\":true,\"valueName\":\"search_term_string\"}}],\"inLanguage\":\"et\"},{\"@type\":\"Organization\",\"@id\":\"https:\/\/waterpik.lt\/#organization\",\"name\":\"Waterpik\",\"url\":\"https:\/\/waterpik.lt\/\",\"logo\":{\"@type\":\"ImageObject\",\"inLanguage\":\"et\",\"@id\":\"https:\/\/waterpik.lt\/#\/schema\/logo\/image\/\",\"url\":\"https:\/\/waterpik.lt\/wp-content\/uploads\/2019\/05\/WP-160.jpg\",\"contentUrl\":\"https:\/\/waterpik.lt\/wp-content\/uploads\/2019\/05\/WP-160.jpg\",\"width\":2048,\"height\":2048,\"caption\":\"Waterpik\"},\"image\":{\"@id\":\"https:\/\/waterpik.lt\/#\/schema\/logo\/image\/\"}}]}<\/script>\n<!-- \/ Yoast SEO plugin. -->","yoast_head_json":{"title":"Varuosa | Waterpik","description":"Ettev\u00f5te tegeleb hambatehnikute ja stomatoloogiatarvikute m\u00fc\u00fcgiga. Kaksk\u00fcmmend aastat oleme Baltikumi Waterpiku tootja m\u00fc\u00fcgiesindaja.","robots":{"index":"index","follow":"follow","max-snippet":"max-snippet:-1","max-image-preview":"max-image-preview:large","max-video-preview":"max-video-preview:-1"},"canonical":"https:\/\/waterpik.lt\/et\/toode\/varuosa\/","og_locale":"et_EE","og_type":"article","og_title":"Varuosa | Waterpik","og_description":"Ettev\u00f5te tegeleb hambatehnikute ja stomatoloogiatarvikute m\u00fc\u00fcgiga. Kaksk\u00fcmmend aastat oleme Baltikumi Waterpiku tootja m\u00fc\u00fcgiesindaja.","og_url":"https:\/\/waterpik.lt\/et\/toode\/varuosa\/","og_site_name":"Waterpik","article_modified_time":"2025-10-07T08:27:17+00:00","og_image":[{"width":1000,"height":1000,"url":"https:\/\/waterpik.lt\/wp-content\/uploads\/2018\/11\/rankenos_juoda_balta-1.jpg","type":"image\/jpeg"}],"twitter_card":"summary_large_image","twitter_misc":{"Est. reading time":"1 minut"},"schema":{"@context":"https:\/\/schema.org","@graph":[{"@type":"WebPage","@id":"https:\/\/waterpik.lt\/et\/toode\/varuosa\/","url":"https:\/\/waterpik.lt\/et\/toode\/varuosa\/","name":"Varuosa | Waterpik","isPartOf":{"@id":"https:\/\/waterpik.lt\/#website"},"primaryImageOfPage":{"@id":"https:\/\/waterpik.lt\/et\/toode\/varuosa\/#primaryimage"},"image":{"@id":"https:\/\/waterpik.lt\/et\/toode\/varuosa\/#primaryimage"},"thumbnailUrl":"https:\/\/waterpik.lt\/wp-content\/uploads\/2018\/11\/rankenos_juoda_balta-1.jpg","datePublished":"2018-11-29T12:59:23+00:00","dateModified":"2025-10-07T08:27:17+00:00","description":"Ettev\u00f5te tegeleb hambatehnikute ja stomatoloogiatarvikute m\u00fc\u00fcgiga. Kaksk\u00fcmmend aastat oleme Baltikumi Waterpiku tootja m\u00fc\u00fcgiesindaja.","breadcrumb":{"@id":"https:\/\/waterpik.lt\/et\/toode\/varuosa\/#breadcrumb"},"inLanguage":"et","potentialAction":[{"@type":"ReadAction","target":["https:\/\/waterpik.lt\/et\/toode\/varuosa\/"]}]},{"@type":"ImageObject","inLanguage":"et","@id":"https:\/\/waterpik.lt\/et\/toode\/varuosa\/#primaryimage","url":"https:\/\/waterpik.lt\/wp-content\/uploads\/2018\/11\/rankenos_juoda_balta-1.jpg","contentUrl":"https:\/\/waterpik.lt\/wp-content\/uploads\/2018\/11\/rankenos_juoda_balta-1.jpg","width":1000,"height":1000},{"@type":"BreadcrumbList","@id":"https:\/\/waterpik.lt\/et\/toode\/varuosa\/#breadcrumb","itemListElement":[{"@type":"ListItem","position":1,"name":"Titulinis","item":"https:\/\/waterpik.lt\/et\/"},{"@type":"ListItem","position":2,"name":"Tooted","item":"https:\/\/waterpik.lt\/et\/tooted\/"},{"@type":"ListItem","position":3,"name":"Varuosa"}]},{"@type":"WebSite","@id":"https:\/\/waterpik.lt\/#website","url":"https:\/\/waterpik.lt\/","name":"Waterpik","description":"Irigatoriai","publisher":{"@id":"https:\/\/waterpik.lt\/#organization"},"potentialAction":[{"@type":"SearchAction","target":{"@type":"EntryPoint","urlTemplate":"https:\/\/waterpik.lt\/?s={search_term_string}"},"query-input":{"@type":"PropertyValueSpecification","valueRequired":true,"valueName":"search_term_string"}}],"inLanguage":"et"},{"@type":"Organization","@id":"https:\/\/waterpik.lt\/#organization","name":"Waterpik","url":"https:\/\/waterpik.lt\/","logo":{"@type":"ImageObject","inLanguage":"et","@id":"https:\/\/waterpik.lt\/#\/schema\/logo\/image\/","url":"https:\/\/waterpik.lt\/wp-content\/uploads\/2019\/05\/WP-160.jpg","contentUrl":"https:\/\/waterpik.lt\/wp-content\/uploads\/2019\/05\/WP-160.jpg","width":2048,"height":2048,"caption":"Waterpik"},"image":{"@id":"https:\/\/waterpik.lt\/#\/schema\/logo\/image\/"}}]}},"_links":{"self":[{"href":"https:\/\/waterpik.lt\/et\/wp-json\/wp\/v2\/product\/1152","targetHints":{"allow":["GET"]}}],"collection":[{"href":"https:\/\/waterpik.lt\/et\/wp-json\/wp\/v2\/product"}],"about":[{"href":"https:\/\/waterpik.lt\/et\/wp-json\/wp\/v2\/types\/product"}],"wp:featuredmedia":[{"embeddable":true,"href":"https:\/\/waterpik.lt\/et\/wp-json\/wp\/v2\/media\/1047"}],"wp:attachment":[{"href":"https:\/\/waterpik.lt\/et\/wp-json\/wp\/v2\/media?parent=1152"}],"wp:term":[{"taxonomy":"product_brand","embeddable":true,"href":"https:\/\/waterpik.lt\/et\/wp-json\/wp\/v2\/product_brand?post=1152"},{"taxonomy":"product_cat","embeddable":true,"href":"https:\/\/waterpik.lt\/et\/wp-json\/wp\/v2\/product_cat?post=1152"},{"taxonomy":"product_tag","embeddable":true,"href":"https:\/\/waterpik.lt\/et\/wp-json\/wp\/v2\/product_tag?post=1152"}],"curies":[{"name":"wp","href":"https:\/\/api.w.org\/{rel}","templated":true}]}}