{"id":8097,"date":"2019-11-23T11:58:13","date_gmt":"2019-11-23T09:58:13","guid":{"rendered":"https:\/\/waterpik.lt\/?page_id=8097"},"modified":"2025-12-05T10:51:42","modified_gmt":"2025-12-05T08:51:42","slug":"ostutingimused","status":"publish","type":"page","link":"https:\/\/waterpik.lt\/et\/ostutingimused\/","title":{"rendered":"Ostutingimused"},"content":{"rendered":"<p>WATERPIK.LT VEEBILEHE KASUTAMINE JA PRIVAATSUS<\/p>\n<p>&nbsp;<\/p>\n<p><b>1. \u00dcldreeglid<\/b><\/p>\n<p>1.1. \u00a0UAB \u201cVilniaus medicinos servisas\u201d (edaspidi \u2013 m\u00fc\u00fcja) omanduses olevas veebipoes waterpik.lt\/et (edaspidi pood) toimub kaubavahetus vastavalt k\u00e4esolevatele reeglitele (edaspidi \u2013 reeglid).<br \/>\n1.2. \u00a0Poes oste sooritavat isikut peetakse Tingimustega tutvumiseks ja ta n\u00f5ustub tingimusteta k\u00f5igi selles esitatud tingimustega.<br \/>\n1.3. \u00a0Registreeritud kasutajaks saab Kaupluse Klient (edaspidi Klient), kes omandab reeglites s\u00e4testatud \u00f5igused ja kohustused.<br \/>\n1.4. \u00a0M\u00fc\u00fcjal on \u00f5igus kliendi \u00f5igused igal ajal l\u00f5petada v\u00f5i registreerimine t\u00fchistada, kui klient ei vasta reeglites toodud tingimustele.<br \/>\n1.5. \u00a0Vastavalt Leedu Vabariigi seadustele on m\u00fc\u00fcjal \u00f5igus Tingimusi igal ajal muuta v\u00f5i t\u00e4iendada ilma klienti sellest eelnevalt teavitamata. \u00a0Uued reeglid j\u00f5ustuvad p\u00e4evast, mil need Kauplusesse postitatakse. \u00a0Enne reeglite muutmist esitatud tellimused t\u00e4idetakse vastavalt tellimuse vormistamise ajal kehtinud reeglitele.<br \/>\n1.6. \u00a0M\u00fc\u00fcja ei vastuta ega h\u00fcvita kliendile kahju, mis on kliendile tekkinud tingimuste mittet\u00e4itmise t\u00f5ttu.<\/p>\n<p><b>2. Isikuandmete kaitse<\/b><\/p>\n<p>2.1. \u00a0Kasutajaks saab Klient, registreerudes M\u00fc\u00fcja veebisaidil (www.waterpik.lt) ja edastades registreerimise ajal oma isikuandmeid; \u00a0v\u00f5i ostu sooritamata ilma kontot registreerimata, kui edastate oma isiklikud andmed.<br \/>\n2.2. \u00a0M\u00fc\u00fcja kinnitab e-kirjas m\u00e4rgitud kliendi registreerimise, saadab e-posti aadressile kliendi valitud kasutajanime ja parooli.<br \/>\n2.3. \u00a0Klient n\u00f5ustub, et m\u00fc\u00fcjal on \u00f5igus t\u00f6\u00f6delda kliendi isikuandmeid nendes reeglites s\u00e4testatud juhtudel ja eesm\u00e4rkidel.<br \/>\n2.4. \u00a0M\u00fc\u00fcja kinnitab, et kliendi isikuandmeid kasutatakse kliendi tuvastamiseks ainult tellimuse vormistamise ja tellitud kauba kohaletoimetamise ajal. \u00a0Kliendi isikuandmeid saab turunduseesm\u00e4rkidel t\u00f6\u00f6delda ainult juhul, kui klient n\u00f5ustub registreerimisvormi t\u00e4itmisega.<br \/>\n2.5. \u00a0M\u00fc\u00fcja kohustub mitte avaldama kliendi isikuandmeid ja tellimusega seotud teavet kolmandatele isikutele, v\u00e4lja arvatud m\u00fc\u00fcja partnerid, kes pakuvad kliendi tellimusega seotud kaupade tarnimist ja kohaletoimetamist v\u00f5i muid teenuseid. \u00a0Muudel juhtudel v\u00f5ib kliendi isikuandmeid avaldada p\u00e4deva riigiasutuse taotlusel Leedu Vabariigi \u00f5igusaktides s\u00e4testatud juhtudel v\u00f5i kliendi eraldi kirjalikul n\u00f5usolekul.<br \/>\n2.6. \u00a0M\u00fc\u00fcja kohustub tagama kliendi isikuandmete kaitse vastavalt Leedu Vabariigi \u00f5igusaktidele.<br \/>\n2.7. \u00a0Klient n\u00f5ustub kaitsma oma registreerimisteavet Poes ega avalda seda kolmandatele isikutele. \u00a0Tingimuste selle s\u00e4tte rikkumise eest vastutab ainult klient. \u00a0Klient, saades teada oma s\u00fcsteemi sisenemiseks vajalike andmete avalikustamise kohta, peab sellest viivitamata teavitama M\u00fc\u00fcjat, kes vastavalt Kliendi teavitusele blokeerib s\u00fcsteemi sissep\u00e4\u00e4su. \u00a0Kliendi registreerimise taasaktiveerimine toimub poolte eraldi kokkuleppel.<\/p>\n<p><b>3. Toote hind ja maksmise kord<\/b><\/p>\n<p>3.1. \u00a0Tellimuses ja poes esitatud ja m\u00fc\u00fcdud kaupade hinnad on n\u00e4idatud koos k\u00e4ibemaksuga.<br \/>\n3.2. \u00a0Postikulud kuvatakse tellimuse vormistamisel kuni selle kinnitamiseni.<br \/>\n3.3. \u00a0Klient saab tellitud Kauba eest ette maksta tellimuse numbriga panga\u00fclekandega; \u00a0v\u00f5i maksega Paysera kaudu.<\/p>\n<p><b>4. Kaupade ostmine<\/b><\/p>\n<p>4.1. \u00a0Ostja esitab tellimuse m\u00fc\u00fcjale p\u00e4rast talle meelep\u00e4rase toote valimist. \u00a0Kinnitatud ostja tellimus saadetakse m\u00fc\u00fcjale automaatselt (kl\u00f5psates nuppu \u201cKinnita tellimus\u201d).<br \/>\n4.2. \u00a0P\u00e4rast seda, kui klient on ostukorvi kinnitanud, genereeritakse tellimus automaatselt. \u00a0Kliendi poolt registreerimise ajal edastatud kliendi isikuandmed, tootekood ja hind salvestatakse automaatselt. \u00a0Puuduvad andmed sisestab klient tellimuses.<br \/>\n4.3. \u00a0Iga kord, kui klient tellimuse kinnitab, n\u00f5ustub ta sel ajal kehtivate tingimustega.<br \/>\n4.4. \u00a0Tellimuse kinnitamisega kohustub klient kontrollima k\u00f5igi tema isikuandmete \u00f5igsust. \u00a0Lahknevuste korral parandab klient enne tellimuse kinnitamist andmed.<br \/>\n4.5. \u00a0Klient n\u00f5ustub tellimislehel m\u00e4rkima, kuidas kaupa makstakse ja tarnitakse.<br \/>\n4.6. \u00a0Tellimus algab:<br \/>\n4.6.1. \u00a0P\u00e4rast Kliendi poolt tasutud raha laekumist M\u00fc\u00fcja kontole;<br \/>\n4.6.1. \u00a0Kui klient otsustab maksta Paysera kaudu, p\u00e4rast raha laekumist m\u00fc\u00fcja kontole.<br \/>\n4.7. \u00a0Tellimus t\u00e4ites peab klient m\u00e4rkima Toote individuaalsed omadused (v\u00e4rv, suurus jne), kogus ja muud Kauba kohaletoimetamiseks vajalikud andmed.<br \/>\n4.8. \u00a0Kui Klient taotleb, et Kaup toimetatakse teisele aadressile v\u00f5i v\u00f5etakse vastu teisele adreessil, m\u00e4rgitakse tellimuses uus tarneaadress ja saaja andmed.<\/p>\n<p><b>5. Kaupade kohaletoimetamine ja kohaletoimetamine<\/b><\/p>\n<p>5.1. \u00a0M\u00fc\u00fcja tarnib kauba kolmandate osapoolte \u2013 kullerite kaudu. \u00a0Kulleril on \u00f5igus enne Kauba k\u00e4ttetoimetamist Kliendiga \u00fchendust v\u00f5tta ja kinnitada t\u00e4pne aeg, millal Klient k\u00e4ttetoimetatud kauba saab. \u00a0Kui tellimuses ei ole m\u00e4rgitud kaupa vastu v\u00f5tvat muud isikut, peab klient selle aktsepteerima.<br \/>\n5.2. \u00a0Juhtudel, kui klient ei saa kaupa kokkulepitud ajal vastu v\u00f5tta, peab ta sellest viivitamatult teatama kullerile ja m\u00fc\u00fcjale telefoni teel.<br \/>\n5.3. \u00a0Kui Kaup tarnitakse Kliendi poolt kokkulepitud aadressile ja kellaajale, kuid Klienti ei leita, pole Kliendil \u00f5igust M\u00fc\u00fcjalt n\u00f5uda viivitusi Kauba kohaletoimetamisel.<br \/>\n5.4. \u00a0Kaupade kogust, nomenklatuuri ja kvaliteeti peab Klient kauba \u00fcleandmise ajal hoolikalt kontrollima. \u00a0Kauba vastuv\u00f5tmisel peab klient allkirjastama saatelehed, mis kinnitavad, et kaup talle \u00fcle anti.<br \/>\n5.5. \u00a0Ostja peab m\u00e4rkused kauba puuduste kohta tegema, aktsepteerides kirjalikult.\u00a0Pretensioone kauba varjatud puuduste kohta v\u00f5ib klient esitada kirjalikult hiljemalt 7 (seitsme) p\u00e4eva jooksul p\u00e4rast kauba k\u00e4ttesaamist.<br \/>\n5.6. \u00a0M\u00fc\u00fcja kohustub kauba toimetama tellimuses m\u00e4\u00e4ratud aadressil ja t\u00e4htajaks. \u00a0Kui ilmneb, et m\u00fc\u00fcja ei saa kaupa \u00f5igeaegselt kohale toimetada, peab ta sellest viivitamatult ostjat teavitama.<br \/>\n5.7. \u00a0P\u00e4rast seda, kui klient on kauba eest tasunud, saadab m\u00fc\u00fcja kliendile arve elektroonilisel kujul.<br \/>\n5.8. \u00a0M\u00fc\u00fcja vabastatakse vastutusest kauba kohaletoimetamise tingimuste rikkumise eest, kui selline rikkumine leidis aset kliendi s\u00fc\u00fcl.<\/p>\n<p><b>6.\u00a0Kauba tagastamine<\/b><\/p>\n<p>6.1. \u00a0Veebipoes waterpik.lt ostetud kaubad h\u00fcvitatakse 2014. aasta dekreediga. \u00a022. juuli Leedu Vabariigi valitsuse 11. juuni dekreedi resolutsioon nr 697 jaekaubanduse heakskiitmise muudatus.<br \/>\n6.2. \u00a0Kauba tagastamise kulud tasub kauba ostja.<br \/>\n6.3. \u00a0M\u00fc\u00fcja v\u00f5tab kauba ostjalt vastu juhul, kui:<br \/>\n6.3.1. \u00a0Toodet ei kasutatud, see ei kaotanud oma v\u00e4limust ega olnud kliendi poolt kahjustatud;<br \/>\n6.3.2. \u00a0Toode peab olema originaalpakendis;<br \/>\n6.3.3. \u00a0Toote t\u00e4ielik komplekt tagastatakse;<br \/>\n6.3.4. \u00a0Ostja peab esitama dokumendi kauba ostmise kohta.<br \/>\n6.4. \u00a0Kui ostetud toode ei vasta kvaliteedin\u00f5uetele, s.t. \u00a0oli puudusega, on Ostja n\u00f5us m\u00fc\u00fcjat sellest teavitama 7 t\u00f6\u00f6p\u00e4eva jooksul alates kauba k\u00e4ttesaamisest. \u00a0P\u00e4rast seda on m\u00fc\u00fcjal \u00f5igus l\u00fckata tagasi k\u00f5ik pretensioonid kauba kvaliteedi kohta. \u00a0M\u00fc\u00fcja kohustub defektse toote asendama hea kvaliteediga tootega, v\u00e4hendama vastavalt toote hinda v\u00f5i tagastama kauba ja selle kohaletoimetamise eest makstud raha 30 p\u00e4eva jooksul alates n\u00f5udmise kuup\u00e4evast. \u00a0Kaup tuleb tagastada kauba ja saadetise originaalpakendis. \u00a0Ostja peab esitama ka kauba originaalarve.<br \/>\n6.5. \u00a0M\u00fc\u00fcjal on \u00f5igus mitte vastu v\u00f5tta kvaliteetset kaupa, kui klient ei j\u00e4rgi reeglites s\u00e4testatud tagastamise protseduuri v\u00f5i kui kaup on kantud Leedu Vabariigi valitsuse kinnitatud tagastatavate kaupade nimekirja.<br \/>\n6.6. \u00a0Kui m\u00fc\u00fcja keeldub tagastatud kaupa vastu v\u00f5tmast, peab ostja kauba omal kulul kauba k\u00e4tte v\u00f5tma 14 t\u00f6\u00f6p\u00e4eva jooksul. \u00a0P\u00e4rast seda leitakse, et ostja keeldus tagastatud kaubast oma s\u00fc\u00fcl ja tal pole rahalist n\u00f5uet. \u00a0Sel juhul kauba eest ostjale raha ei tagastata.<br \/>\n6.7. \u00a0Tagastatud kaubad v\u00f5etakse vastu m\u00fc\u00fcjaga kokkulepitud ajal.<\/p>\n<p><b>7. Poolte \u00f5igused, kohustused ja vastutus<\/b><\/p>\n<p>7.1. \u00a0Poolte \u00f5igusi ja kohustusi teostatakse vastavalt kaupade m\u00fc\u00fcgi ja teenuste osutamise eeskirjadele lepingute s\u00f5lmimisel sidepidamise teel, mille Leedu Vabariigi majandusminister kinnitas 2001. aastal. \u00a017. augusti k\u00e4skkiri nr 258 Kaupade kaudu m\u00fc\u00fcki ja teenuste osutamist reguleerivate eeskirjade kinnitamise kohta.<br \/>\n7.2. \u00a0Kliendil on \u00f5igus:<br \/>\n7.2.1. \u00a0Osta kaup Poes n\u00e4idatud hinnaga vastavalt reeglitele;<br \/>\n7.2.2. \u00a0Suhtluse teel s\u00f5lmitud Kauba m\u00fc\u00fcgilepingust taganeda, teatades sellest M\u00fc\u00fcjale kirjalikult 7 (seitsme) t\u00f6\u00f6p\u00e4eva jooksul alates Kauba k\u00e4ttetoimetamise kuup\u00e4evast, kui ese ei olnud kahjustatud v\u00f5i selle v\u00e4limus ei ole oluliselt muutunud.<br \/>\n7.3. \u00a0Klient n\u00f5ustub:<br \/>\n7.3.1. \u00a0Kasutada m\u00fc\u00fcja poolt Poes osutatavaid teenuseid, et j\u00e4rgida ja j\u00e4rgida k\u00e4esolevate reeglite s\u00e4tteid;<br \/>\n7.3.2 Mitte avaldada oma registreerimisteavet kolmandatele isikutele;<br \/>\n7.3.3. \u00a0Esitama m\u00fc\u00fcjale k\u00e4esolevate reeglite kohaselt t\u00e4idetud avaldused;<br \/>\n7.3.4. \u00a0Tasuma ostetud Kaupade eest M\u00fc\u00fcjale eeskirjades etten\u00e4htud viisil;<br \/>\n7.3.5. \u00a0Registreerimisvormis sisalduvate isikuandmete muutumisel tuleb neid andmeid viivitamata uuendada;<br \/>\n7.3.6. \u00a0Tutvuge poe reeglitega.<br \/>\n7.4. \u00a0M\u00fc\u00fcjal on \u00f5igus:<br \/>\n7.4.1. \u00a0Peatada kauplemine igal ajal;<br \/>\n7.4.2. \u00a0Muuda v\u00f5i t\u00e4iendada reegleid<\/p>\n<p>7.4.3. \u00a0Muuta kaubavalikut ja hindu;<br \/>\n7.4.4. \u00a0Ostja v\u00f5i m\u00fc\u00fcja kahjuks tahtlikult tegutsedes piirata v\u00f5i t\u00fchistada kliendi registreerimine ja ligip\u00e4\u00e4s kliendi pakutavatele teenustele ilma ette teatamata.<br \/>\n7.5. \u00a0M\u00fc\u00fcja n\u00f5ustub:<br \/>\n7.5.1. \u00a0M\u00fc\u00fca Kaup ja v\u00e4ljastada Kliendile, p\u00e4rast selle eest tasumist, v\u00e4ljastada Kauba ostu-m\u00fc\u00fcki kinnitav dokument (raha maksmine);<br \/>\n7.5.2. \u00a0M\u00fc\u00fca Kaupu koos nende tarvikute ja tarvikutega kliendi valitud mudelile vastavas seisukorras;<br \/>\n7.5.3. \u00a0Tarnida tellitud kaup reeglites toodud tingimustel;<br \/>\n7.5.4. \u00a0Veenduda, et m\u00fc\u00fcakse ainult ohutuid ja kvaliteetseid tooteid;<br \/>\n7.5.5. \u00a0M\u00fc\u00fca tooteid, mille s\u00e4ilivusaeg m\u00e4\u00e4rati sellisel ajal, et kliendil oleks reaalne v\u00f5imalus kaupa kasutada enne aegumiskuup\u00e4eva;<br \/>\n7.5.6. \u00a0Andma kliendile vajalikku, \u00f5iget ja p\u00f5hjalikku teavet riigikeeles m\u00fc\u00fcdavate kaupade kohta;<br \/>\n7.5.7. \u00a0Kliendi soovil andke m\u00fc\u00fcdava toote kohta lisateavet;<br \/>\n7.5.8. \u00a0Anda Kliendile juurdep\u00e4\u00e4s Kaupluse pakutavatele teenustele reeglites s\u00e4testatud tingimustel.<br \/>\n7.6. \u00a0Klient vastutab tema poolt esitatud isikuandmete \u00f5igsuse, samuti tema registreerimisandmete s\u00e4ilitamise ja kolmandatele isikutele mitteavaldamise eest.<br \/>\n7.7. \u00a0Veebipoes tehtud toimingute eest vastutab ostja.<br \/>\n7.8. \u00a0M\u00fc\u00fcja ei vastuta kahjude eest, mis tulenevad asjaolust, et Klient ei ole neid Tingimusi lugenud, isegi kui selline v\u00f5imalus oli ette n\u00e4htud.<br \/>\n7.9. \u00a0Pooled lepivad kokku, et kui \u00fcks pooltest vastutab, h\u00fcvitab s\u00fc\u00fcdlane teisele.<\/p>\n<p><b>8. Muud reeglid<\/b><\/p>\n<p>8.1. \u00a0Reeglid on koostatud vastavalt Leedu Vabariigi \u00f5igusaktidele.<br \/>\n8.2. \u00a0K\u00e4esolevas reeglis s\u00e4testatud suhteid reguleerivad Leedu Vabariigi seadused.<br \/>\n8.3. \u00a0Pooled kohustuvad k\u00f5ik eeskirjade kohaldamisega seotud vaidlused lahendama l\u00e4bir\u00e4\u00e4kimiste teel telefoni, e-posti, t\u00e4hitud kirjaga v\u00f5i Euroopa Komisjoni elektroonilise vaidluste lahendamise portaali kaudu (link). \u00a0Kui vaidlust ei lahendata l\u00e4bir\u00e4\u00e4kimiste teel, lahendatakse vaidlus M\u00fc\u00fcja asukohas.<\/p>\n<p>&nbsp;<\/p>\n","protected":false},"excerpt":{"rendered":"<p>WATERPIK.LT VEEBILEHE KASUTAMINE JA PRIVAATSUS &nbsp; 1. \u00dcldreeglid 1.1. \u00a0UAB \u201cVilniaus medicinos servisas\u201d (edaspidi \u2013 m\u00fc\u00fcja) omanduses olevas veebipoes waterpik.lt\/et (edaspidi pood) toimub kaubavahetus vastavalt k\u00e4esolevatele reeglitele (edaspidi \u2013 reeglid). 1.2. \u00a0Poes oste sooritavat isikut peetakse Tingimustega tutvumiseks ja ta n\u00f5ustub tingimusteta k\u00f5igi selles esitatud&#8230;<\/p>\n","protected":false},"author":10,"featured_media":0,"parent":0,"menu_order":0,"comment_status":"closed","ping_status":"closed","template":"","meta":{"inline_featured_image":false,"footnotes":""},"class_list":["post-8097","page","type-page","status-publish","hentry"],"yoast_head":"<!-- This site is optimized with the Yoast SEO plugin v24.6 - https:\/\/yoast.com\/wordpress\/plugins\/seo\/ -->\n<title>Ostutingimused | Waterpik<\/title>\n<meta name=\"robots\" content=\"index, follow, max-snippet:-1, max-image-preview:large, max-video-preview:-1\" \/>\n<link rel=\"canonical\" href=\"https:\/\/waterpik.lt\/et\/ostutingimused\/\" \/>\n<meta property=\"og:locale\" content=\"et_EE\" \/>\n<meta property=\"og:type\" content=\"article\" \/>\n<meta property=\"og:title\" content=\"Ostutingimused | Waterpik\" \/>\n<meta property=\"og:description\" content=\"WATERPIK.LT VEEBILEHE KASUTAMINE JA PRIVAATSUS &nbsp; 1. \u00dcldreeglid 1.1. \u00a0UAB \u201cVilniaus medicinos servisas\u201d (edaspidi \u2013 m\u00fc\u00fcja) omanduses olevas veebipoes waterpik.lt\/et (edaspidi pood) toimub kaubavahetus vastavalt k\u00e4esolevatele reeglitele (edaspidi \u2013 reeglid). 1.2. \u00a0Poes oste sooritavat isikut peetakse Tingimustega tutvumiseks ja ta n\u00f5ustub tingimusteta k\u00f5igi selles esitatud...\" \/>\n<meta property=\"og:url\" content=\"https:\/\/waterpik.lt\/et\/ostutingimused\/\" \/>\n<meta property=\"og:site_name\" content=\"Waterpik\" \/>\n<meta property=\"article:modified_time\" content=\"2025-12-05T08:51:42+00:00\" \/>\n<meta property=\"og:image\" content=\"https:\/\/waterpik.lt\/wp-content\/uploads\/2020\/12\/WP670-webui-scaled.jpg\" \/>\n\t<meta property=\"og:image:width\" content=\"2560\" \/>\n\t<meta property=\"og:image:height\" content=\"2560\" \/>\n\t<meta property=\"og:image:type\" content=\"image\/jpeg\" \/>\n<meta name=\"twitter:card\" content=\"summary_large_image\" \/>\n<meta name=\"twitter:label1\" content=\"Est. reading time\" \/>\n\t<meta name=\"twitter:data1\" content=\"6 minutit\" \/>\n<script type=\"application\/ld+json\" class=\"yoast-schema-graph\">{\"@context\":\"https:\/\/schema.org\",\"@graph\":[{\"@type\":\"WebPage\",\"@id\":\"https:\/\/waterpik.lt\/et\/ostutingimused\/\",\"url\":\"https:\/\/waterpik.lt\/et\/ostutingimused\/\",\"name\":\"Ostutingimused | Waterpik\",\"isPartOf\":{\"@id\":\"https:\/\/waterpik.lt\/#website\"},\"datePublished\":\"2019-11-23T09:58:13+00:00\",\"dateModified\":\"2025-12-05T08:51:42+00:00\",\"breadcrumb\":{\"@id\":\"https:\/\/waterpik.lt\/et\/ostutingimused\/#breadcrumb\"},\"inLanguage\":\"et\",\"potentialAction\":[{\"@type\":\"ReadAction\",\"target\":[\"https:\/\/waterpik.lt\/et\/ostutingimused\/\"]}]},{\"@type\":\"BreadcrumbList\",\"@id\":\"https:\/\/waterpik.lt\/et\/ostutingimused\/#breadcrumb\",\"itemListElement\":[{\"@type\":\"ListItem\",\"position\":1,\"name\":\"Titulinis\",\"item\":\"https:\/\/waterpik.lt\/et\/\"},{\"@type\":\"ListItem\",\"position\":2,\"name\":\"Ostutingimused\"}]},{\"@type\":\"WebSite\",\"@id\":\"https:\/\/waterpik.lt\/#website\",\"url\":\"https:\/\/waterpik.lt\/\",\"name\":\"Waterpik\",\"description\":\"Irigatoriai\",\"publisher\":{\"@id\":\"https:\/\/waterpik.lt\/#organization\"},\"potentialAction\":[{\"@type\":\"SearchAction\",\"target\":{\"@type\":\"EntryPoint\",\"urlTemplate\":\"https:\/\/waterpik.lt\/?s={search_term_string}\"},\"query-input\":{\"@type\":\"PropertyValueSpecification\",\"valueRequired\":true,\"valueName\":\"search_term_string\"}}],\"inLanguage\":\"et\"},{\"@type\":\"Organization\",\"@id\":\"https:\/\/waterpik.lt\/#organization\",\"name\":\"Waterpik\",\"url\":\"https:\/\/waterpik.lt\/\",\"logo\":{\"@type\":\"ImageObject\",\"inLanguage\":\"et\",\"@id\":\"https:\/\/waterpik.lt\/#\/schema\/logo\/image\/\",\"url\":\"https:\/\/waterpik.lt\/wp-content\/uploads\/2019\/05\/WP-160.jpg\",\"contentUrl\":\"https:\/\/waterpik.lt\/wp-content\/uploads\/2019\/05\/WP-160.jpg\",\"width\":2048,\"height\":2048,\"caption\":\"Waterpik\"},\"image\":{\"@id\":\"https:\/\/waterpik.lt\/#\/schema\/logo\/image\/\"}}]}<\/script>\n<!-- \/ Yoast SEO plugin. -->","yoast_head_json":{"title":"Ostutingimused | Waterpik","robots":{"index":"index","follow":"follow","max-snippet":"max-snippet:-1","max-image-preview":"max-image-preview:large","max-video-preview":"max-video-preview:-1"},"canonical":"https:\/\/waterpik.lt\/et\/ostutingimused\/","og_locale":"et_EE","og_type":"article","og_title":"Ostutingimused | Waterpik","og_description":"WATERPIK.LT VEEBILEHE KASUTAMINE JA PRIVAATSUS &nbsp; 1. \u00dcldreeglid 1.1. \u00a0UAB \u201cVilniaus medicinos servisas\u201d (edaspidi \u2013 m\u00fc\u00fcja) omanduses olevas veebipoes waterpik.lt\/et (edaspidi pood) toimub kaubavahetus vastavalt k\u00e4esolevatele reeglitele (edaspidi \u2013 reeglid). 1.2. \u00a0Poes oste sooritavat isikut peetakse Tingimustega tutvumiseks ja ta n\u00f5ustub tingimusteta k\u00f5igi selles esitatud...","og_url":"https:\/\/waterpik.lt\/et\/ostutingimused\/","og_site_name":"Waterpik","article_modified_time":"2025-12-05T08:51:42+00:00","og_image":[{"width":2560,"height":2560,"url":"https:\/\/waterpik.lt\/wp-content\/uploads\/2020\/12\/WP670-webui-scaled.jpg","type":"image\/jpeg"}],"twitter_card":"summary_large_image","twitter_misc":{"Est. reading time":"6 minutit"},"schema":{"@context":"https:\/\/schema.org","@graph":[{"@type":"WebPage","@id":"https:\/\/waterpik.lt\/et\/ostutingimused\/","url":"https:\/\/waterpik.lt\/et\/ostutingimused\/","name":"Ostutingimused | Waterpik","isPartOf":{"@id":"https:\/\/waterpik.lt\/#website"},"datePublished":"2019-11-23T09:58:13+00:00","dateModified":"2025-12-05T08:51:42+00:00","breadcrumb":{"@id":"https:\/\/waterpik.lt\/et\/ostutingimused\/#breadcrumb"},"inLanguage":"et","potentialAction":[{"@type":"ReadAction","target":["https:\/\/waterpik.lt\/et\/ostutingimused\/"]}]},{"@type":"BreadcrumbList","@id":"https:\/\/waterpik.lt\/et\/ostutingimused\/#breadcrumb","itemListElement":[{"@type":"ListItem","position":1,"name":"Titulinis","item":"https:\/\/waterpik.lt\/et\/"},{"@type":"ListItem","position":2,"name":"Ostutingimused"}]},{"@type":"WebSite","@id":"https:\/\/waterpik.lt\/#website","url":"https:\/\/waterpik.lt\/","name":"Waterpik","description":"Irigatoriai","publisher":{"@id":"https:\/\/waterpik.lt\/#organization"},"potentialAction":[{"@type":"SearchAction","target":{"@type":"EntryPoint","urlTemplate":"https:\/\/waterpik.lt\/?s={search_term_string}"},"query-input":{"@type":"PropertyValueSpecification","valueRequired":true,"valueName":"search_term_string"}}],"inLanguage":"et"},{"@type":"Organization","@id":"https:\/\/waterpik.lt\/#organization","name":"Waterpik","url":"https:\/\/waterpik.lt\/","logo":{"@type":"ImageObject","inLanguage":"et","@id":"https:\/\/waterpik.lt\/#\/schema\/logo\/image\/","url":"https:\/\/waterpik.lt\/wp-content\/uploads\/2019\/05\/WP-160.jpg","contentUrl":"https:\/\/waterpik.lt\/wp-content\/uploads\/2019\/05\/WP-160.jpg","width":2048,"height":2048,"caption":"Waterpik"},"image":{"@id":"https:\/\/waterpik.lt\/#\/schema\/logo\/image\/"}}]}},"_links":{"self":[{"href":"https:\/\/waterpik.lt\/et\/wp-json\/wp\/v2\/pages\/8097","targetHints":{"allow":["GET"]}}],"collection":[{"href":"https:\/\/waterpik.lt\/et\/wp-json\/wp\/v2\/pages"}],"about":[{"href":"https:\/\/waterpik.lt\/et\/wp-json\/wp\/v2\/types\/page"}],"author":[{"embeddable":true,"href":"https:\/\/waterpik.lt\/et\/wp-json\/wp\/v2\/users\/10"}],"replies":[{"embeddable":true,"href":"https:\/\/waterpik.lt\/et\/wp-json\/wp\/v2\/comments?post=8097"}],"version-history":[{"count":4,"href":"https:\/\/waterpik.lt\/et\/wp-json\/wp\/v2\/pages\/8097\/revisions"}],"predecessor-version":[{"id":181279,"href":"https:\/\/waterpik.lt\/et\/wp-json\/wp\/v2\/pages\/8097\/revisions\/181279"}],"wp:attachment":[{"href":"https:\/\/waterpik.lt\/et\/wp-json\/wp\/v2\/media?parent=8097"}],"curies":[{"name":"wp","href":"https:\/\/api.w.org\/{rel}","templated":true}]}}