{"id":8058,"date":"2019-11-22T18:36:09","date_gmt":"2019-11-22T16:36:09","guid":{"rendered":"https:\/\/waterpik.lt\/?page_id=8058"},"modified":"2025-12-05T10:45:44","modified_gmt":"2025-12-05T08:45:44","slug":"kaupade-kohaletoimetamine","status":"publish","type":"page","link":"https:\/\/waterpik.lt\/et\/kaupade-kohaletoimetamine\/","title":{"rendered":"Kaupade kohaletoimetamine"},"content":{"rendered":"<div class=\"wpb-content-wrapper\"><p>[vc_row css_animation=&#8221;&#8221; row_type=&#8221;row&#8221; use_row_as_full_screen_section=&#8221;no&#8221; type=&#8221;grid&#8221; angled_section=&#8221;no&#8221; text_align=&#8221;left&#8221; background_image_as_pattern=&#8221;without_pattern&#8221; z_index=&#8221;&#8221; css=&#8221;.vc_custom_1574086303863{padding-top: 10px !important;padding-bottom: 90px !important;}&#8221;][vc_column][vc_column_text css=&#8221;&#8221;]Tasuta saatmine \u00fcle 20 \u20ac tellimustele<\/p>\n<p>&nbsp;<\/p>\n<p>Veebisaidil waterpik.lt\/et saate valida mitu tarneviisi:<\/p>\n<ul>\n<li>Kohaletoimetamine l\u00e4himasse OMNIVA pakiautomaati (alla 20 \u20ac tellimustele, kohaletoimetamine 2,00 \u20ac);<\/li>\n<li>Kohaletoimetamine Venipak kullerteenusega otse koju (tellimustele alla 20 euro, kohaletoimetamine 3,00 eurot).<\/li>\n<\/ul>\n<p>&nbsp;<\/p>\n<p>Olles valinud kohaletoimetamise OMNIVA pakiautomaadi, saate tellimuse k\u00e4tte v\u00f5tta teile sobival ajal ja kohas. Teile saadetakse SMS-kood PIN-koodiga, mille abil saate sisestada tellimuse valitud pakiautomaati. OMNIVA pakiautomaadid asuvad igas suuremas linnas ja t\u00e4ieliku pakiautomaatide nimekirja leiate siit: Pakiautomaatide loend. Kohaletoimetamine OMNIVA-sse 1-3 t\u00f6\u00f6p\u00e4eva jooksul p\u00e4rast tellimuse tasumist.<\/p>\n<p>Kohaletoimetamine OMNIVA pakiautomaati on v\u00e4hem kui 20 euroga tellimuste korral 2,00 eurot.<\/p>\n<p>&nbsp;<\/p>\n<p>Kui teie piirkonnas pole OMNIVA pakiautomaati v\u00f5i kui soovite kaupa mugavalt ja kodust lahkumata vastu v\u00f5tta, toimetame selle Venipaki kullerteenuse abil otse teie koju. Enne kohaletoimetamist helistab kuller teile ja t\u00e4psustab kohaletoimetamise aja. Kohaletoimetamine Venipaki kaudu 2-3 t\u00f6\u00f6p\u00e4eva jooksul p\u00e4rast tellimuse tasumist v\u00f5i kohaletoimetamisel sularahas, kui otsustate maksta kullerile. Alla 20-eurose tellimuse korral maksab Venipak kulleriga otsene kohaletoimetamine 3,00 eurot.<\/p>\n<p>&nbsp;<\/p>\n<p>&nbsp;<\/p>\n<p>Tellimuse vastuv\u00f5tmisel \u00e4rge unustage:<\/p>\n<ol>\n<li>P\u00e4rast paketi aktsepteerimist \u00e4rge allkirjastage P.O.D. (tarnekinnitus), kuni olete hindanud paki seisukorda v\u00e4ljast.<\/li>\n<li>P\u00e4rast pake aktsepteerimist \u00e4rge allkirjastage P.O.D. kui te pole kindel, et dokumendis m\u00e4rgitud pakendite arv ei vasta teile tarnitud pakendite arvule.<\/li>\n<li>Kui v\u00e4lispakendi kahjustused (purunenud v\u00f5i purunenud karp, scotch tape) ja pakendite arv on vastuolus, m\u00e4rkige see kindlasti RFP-s. v\u00f5i \u00e4rge v\u00f5tke kaupa (pakki) vastu.<\/li>\n<\/ol>\n<p>&nbsp;<\/p>\n<p>Kui soovite kasutada muud tellimuse kohaletoimetamise viisi, v\u00f5tke meiega \u00fchendust e-posti teel. E-post: vilmedservis@gmail.com ja proovime teie soovi t\u00e4ita.<\/p>\n<p>[\/vc_column_text][\/vc_column][\/vc_row]<\/p>\n<\/div>","protected":false},"excerpt":{"rendered":"<p>[vc_row css_animation=&#8221;&#8221; row_type=&#8221;row&#8221; use_row_as_full_screen_section=&#8221;no&#8221; type=&#8221;grid&#8221; angled_section=&#8221;no&#8221; text_align=&#8221;left&#8221; background_image_as_pattern=&#8221;without_pattern&#8221; z_index=&#8221;&#8221; css=&#8221;.vc_custom_1574086303863{padding-top: 10px !important;padding-bottom: 90px !important;}&#8221;][vc_column][vc_column_text css=&#8221;&#8221;]Tasuta saatmine \u00fcle 20 \u20ac tellimustele &nbsp; Veebisaidil waterpik.lt\/et saate valida mitu tarneviisi: Kohaletoimetamine l\u00e4himasse OMNIVA pakiautomaati (alla 20 \u20ac tellimustele, kohaletoimetamine 2,00 \u20ac); Kohaletoimetamine Venipak kullerteenusega otse koju (tellimustele alla&#8230;<\/p>\n","protected":false},"author":10,"featured_media":0,"parent":0,"menu_order":0,"comment_status":"closed","ping_status":"closed","template":"","meta":{"inline_featured_image":false,"footnotes":""},"class_list":["post-8058","page","type-page","status-publish","hentry"],"yoast_head":"<!-- This site is optimized with the Yoast SEO plugin v24.6 - https:\/\/yoast.com\/wordpress\/plugins\/seo\/ -->\n<title>Kaupade kohaletoimetamine | Waterpik<\/title>\n<meta name=\"robots\" content=\"index, follow, max-snippet:-1, max-image-preview:large, max-video-preview:-1\" \/>\n<link rel=\"canonical\" href=\"https:\/\/waterpik.lt\/et\/kaupade-kohaletoimetamine\/\" \/>\n<meta property=\"og:locale\" content=\"et_EE\" \/>\n<meta property=\"og:type\" content=\"article\" \/>\n<meta property=\"og:title\" content=\"Kaupade kohaletoimetamine | Waterpik\" \/>\n<meta property=\"og:description\" content=\"[vc_row css_animation=&#8221;&#8221; row_type=&#8221;row&#8221; use_row_as_full_screen_section=&#8221;no&#8221; type=&#8221;grid&#8221; angled_section=&#8221;no&#8221; text_align=&#8221;left&#8221; background_image_as_pattern=&#8221;without_pattern&#8221; z_index=&#8221;&#8221; css=&#8221;.vc_custom_1574086303863{padding-top: 10px !important;padding-bottom: 90px !important;}&#8221;][vc_column][vc_column_text css=&#8221;&#8221;]Tasuta saatmine \u00fcle 20 \u20ac tellimustele &nbsp; Veebisaidil waterpik.lt\/et saate valida mitu tarneviisi: Kohaletoimetamine l\u00e4himasse OMNIVA pakiautomaati (alla 20 \u20ac tellimustele, kohaletoimetamine 2,00 \u20ac); Kohaletoimetamine Venipak kullerteenusega otse koju (tellimustele alla...\" \/>\n<meta property=\"og:url\" content=\"https:\/\/waterpik.lt\/et\/kaupade-kohaletoimetamine\/\" \/>\n<meta property=\"og:site_name\" content=\"Waterpik\" \/>\n<meta property=\"article:modified_time\" content=\"2025-12-05T08:45:44+00:00\" \/>\n<meta property=\"og:image\" content=\"https:\/\/waterpik.lt\/wp-content\/uploads\/2020\/12\/WP670-webui-scaled.jpg\" \/>\n\t<meta property=\"og:image:width\" content=\"2560\" \/>\n\t<meta property=\"og:image:height\" content=\"2560\" \/>\n\t<meta property=\"og:image:type\" content=\"image\/jpeg\" \/>\n<meta name=\"twitter:card\" content=\"summary_large_image\" \/>\n<meta name=\"twitter:label1\" content=\"Est. reading time\" \/>\n\t<meta name=\"twitter:data1\" content=\"2 minutit\" \/>\n<script type=\"application\/ld+json\" class=\"yoast-schema-graph\">{\"@context\":\"https:\/\/schema.org\",\"@graph\":[{\"@type\":\"WebPage\",\"@id\":\"https:\/\/waterpik.lt\/et\/kaupade-kohaletoimetamine\/\",\"url\":\"https:\/\/waterpik.lt\/et\/kaupade-kohaletoimetamine\/\",\"name\":\"Kaupade kohaletoimetamine | Waterpik\",\"isPartOf\":{\"@id\":\"https:\/\/waterpik.lt\/#website\"},\"datePublished\":\"2019-11-22T16:36:09+00:00\",\"dateModified\":\"2025-12-05T08:45:44+00:00\",\"breadcrumb\":{\"@id\":\"https:\/\/waterpik.lt\/et\/kaupade-kohaletoimetamine\/#breadcrumb\"},\"inLanguage\":\"et\",\"potentialAction\":[{\"@type\":\"ReadAction\",\"target\":[\"https:\/\/waterpik.lt\/et\/kaupade-kohaletoimetamine\/\"]}]},{\"@type\":\"BreadcrumbList\",\"@id\":\"https:\/\/waterpik.lt\/et\/kaupade-kohaletoimetamine\/#breadcrumb\",\"itemListElement\":[{\"@type\":\"ListItem\",\"position\":1,\"name\":\"Titulinis\",\"item\":\"https:\/\/waterpik.lt\/et\/\"},{\"@type\":\"ListItem\",\"position\":2,\"name\":\"Kaupade kohaletoimetamine\"}]},{\"@type\":\"WebSite\",\"@id\":\"https:\/\/waterpik.lt\/#website\",\"url\":\"https:\/\/waterpik.lt\/\",\"name\":\"Waterpik\",\"description\":\"Irigatoriai\",\"publisher\":{\"@id\":\"https:\/\/waterpik.lt\/#organization\"},\"potentialAction\":[{\"@type\":\"SearchAction\",\"target\":{\"@type\":\"EntryPoint\",\"urlTemplate\":\"https:\/\/waterpik.lt\/?s={search_term_string}\"},\"query-input\":{\"@type\":\"PropertyValueSpecification\",\"valueRequired\":true,\"valueName\":\"search_term_string\"}}],\"inLanguage\":\"et\"},{\"@type\":\"Organization\",\"@id\":\"https:\/\/waterpik.lt\/#organization\",\"name\":\"Waterpik\",\"url\":\"https:\/\/waterpik.lt\/\",\"logo\":{\"@type\":\"ImageObject\",\"inLanguage\":\"et\",\"@id\":\"https:\/\/waterpik.lt\/#\/schema\/logo\/image\/\",\"url\":\"https:\/\/waterpik.lt\/wp-content\/uploads\/2019\/05\/WP-160.jpg\",\"contentUrl\":\"https:\/\/waterpik.lt\/wp-content\/uploads\/2019\/05\/WP-160.jpg\",\"width\":2048,\"height\":2048,\"caption\":\"Waterpik\"},\"image\":{\"@id\":\"https:\/\/waterpik.lt\/#\/schema\/logo\/image\/\"}}]}<\/script>\n<!-- \/ Yoast SEO plugin. -->","yoast_head_json":{"title":"Kaupade kohaletoimetamine | Waterpik","robots":{"index":"index","follow":"follow","max-snippet":"max-snippet:-1","max-image-preview":"max-image-preview:large","max-video-preview":"max-video-preview:-1"},"canonical":"https:\/\/waterpik.lt\/et\/kaupade-kohaletoimetamine\/","og_locale":"et_EE","og_type":"article","og_title":"Kaupade kohaletoimetamine | Waterpik","og_description":"[vc_row css_animation=&#8221;&#8221; row_type=&#8221;row&#8221; use_row_as_full_screen_section=&#8221;no&#8221; type=&#8221;grid&#8221; angled_section=&#8221;no&#8221; text_align=&#8221;left&#8221; background_image_as_pattern=&#8221;without_pattern&#8221; z_index=&#8221;&#8221; css=&#8221;.vc_custom_1574086303863{padding-top: 10px !important;padding-bottom: 90px !important;}&#8221;][vc_column][vc_column_text css=&#8221;&#8221;]Tasuta saatmine \u00fcle 20 \u20ac tellimustele &nbsp; Veebisaidil waterpik.lt\/et saate valida mitu tarneviisi: Kohaletoimetamine l\u00e4himasse OMNIVA pakiautomaati (alla 20 \u20ac tellimustele, kohaletoimetamine 2,00 \u20ac); Kohaletoimetamine Venipak kullerteenusega otse koju (tellimustele alla...","og_url":"https:\/\/waterpik.lt\/et\/kaupade-kohaletoimetamine\/","og_site_name":"Waterpik","article_modified_time":"2025-12-05T08:45:44+00:00","og_image":[{"width":2560,"height":2560,"url":"https:\/\/waterpik.lt\/wp-content\/uploads\/2020\/12\/WP670-webui-scaled.jpg","type":"image\/jpeg"}],"twitter_card":"summary_large_image","twitter_misc":{"Est. reading time":"2 minutit"},"schema":{"@context":"https:\/\/schema.org","@graph":[{"@type":"WebPage","@id":"https:\/\/waterpik.lt\/et\/kaupade-kohaletoimetamine\/","url":"https:\/\/waterpik.lt\/et\/kaupade-kohaletoimetamine\/","name":"Kaupade kohaletoimetamine | Waterpik","isPartOf":{"@id":"https:\/\/waterpik.lt\/#website"},"datePublished":"2019-11-22T16:36:09+00:00","dateModified":"2025-12-05T08:45:44+00:00","breadcrumb":{"@id":"https:\/\/waterpik.lt\/et\/kaupade-kohaletoimetamine\/#breadcrumb"},"inLanguage":"et","potentialAction":[{"@type":"ReadAction","target":["https:\/\/waterpik.lt\/et\/kaupade-kohaletoimetamine\/"]}]},{"@type":"BreadcrumbList","@id":"https:\/\/waterpik.lt\/et\/kaupade-kohaletoimetamine\/#breadcrumb","itemListElement":[{"@type":"ListItem","position":1,"name":"Titulinis","item":"https:\/\/waterpik.lt\/et\/"},{"@type":"ListItem","position":2,"name":"Kaupade kohaletoimetamine"}]},{"@type":"WebSite","@id":"https:\/\/waterpik.lt\/#website","url":"https:\/\/waterpik.lt\/","name":"Waterpik","description":"Irigatoriai","publisher":{"@id":"https:\/\/waterpik.lt\/#organization"},"potentialAction":[{"@type":"SearchAction","target":{"@type":"EntryPoint","urlTemplate":"https:\/\/waterpik.lt\/?s={search_term_string}"},"query-input":{"@type":"PropertyValueSpecification","valueRequired":true,"valueName":"search_term_string"}}],"inLanguage":"et"},{"@type":"Organization","@id":"https:\/\/waterpik.lt\/#organization","name":"Waterpik","url":"https:\/\/waterpik.lt\/","logo":{"@type":"ImageObject","inLanguage":"et","@id":"https:\/\/waterpik.lt\/#\/schema\/logo\/image\/","url":"https:\/\/waterpik.lt\/wp-content\/uploads\/2019\/05\/WP-160.jpg","contentUrl":"https:\/\/waterpik.lt\/wp-content\/uploads\/2019\/05\/WP-160.jpg","width":2048,"height":2048,"caption":"Waterpik"},"image":{"@id":"https:\/\/waterpik.lt\/#\/schema\/logo\/image\/"}}]}},"_links":{"self":[{"href":"https:\/\/waterpik.lt\/et\/wp-json\/wp\/v2\/pages\/8058","targetHints":{"allow":["GET"]}}],"collection":[{"href":"https:\/\/waterpik.lt\/et\/wp-json\/wp\/v2\/pages"}],"about":[{"href":"https:\/\/waterpik.lt\/et\/wp-json\/wp\/v2\/types\/page"}],"author":[{"embeddable":true,"href":"https:\/\/waterpik.lt\/et\/wp-json\/wp\/v2\/users\/10"}],"replies":[{"embeddable":true,"href":"https:\/\/waterpik.lt\/et\/wp-json\/wp\/v2\/comments?post=8058"}],"version-history":[{"count":10,"href":"https:\/\/waterpik.lt\/et\/wp-json\/wp\/v2\/pages\/8058\/revisions"}],"predecessor-version":[{"id":181276,"href":"https:\/\/waterpik.lt\/et\/wp-json\/wp\/v2\/pages\/8058\/revisions\/181276"}],"wp:attachment":[{"href":"https:\/\/waterpik.lt\/et\/wp-json\/wp\/v2\/media?parent=8058"}],"curies":[{"name":"wp","href":"https:\/\/api.w.org\/{rel}","templated":true}]}}