{"id":8051,"date":"2019-11-22T18:32:22","date_gmt":"2019-11-22T16:32:22","guid":{"rendered":"https:\/\/waterpik.lt\/?page_id=8051"},"modified":"2025-12-05T10:50:51","modified_gmt":"2025-12-05T08:50:51","slug":"turvaline-ja-kiire-arveldus","status":"publish","type":"page","link":"https:\/\/waterpik.lt\/et\/turvaline-ja-kiire-arveldus\/","title":{"rendered":"Turvaline ja kiire arveldus"},"content":{"rendered":"<div class=\"wpb-content-wrapper\"><p>[vc_row css_animation=&#8221;&#8221; row_type=&#8221;row&#8221; use_row_as_full_screen_section=&#8221;no&#8221; type=&#8221;grid&#8221; angled_section=&#8221;no&#8221; text_align=&#8221;left&#8221; background_image_as_pattern=&#8221;without_pattern&#8221; z_index=&#8221;&#8221; css=&#8221;.vc_custom_1574086303863{padding-top: 10px !important;padding-bottom: 90px !important;}&#8221;][vc_column][vc_column_text css=&#8221;&#8221;]Veebipoes waterpik.lt\/et saate valitud toote eest maksta teile sobival viisil:<\/p>\n<ul>\n<li>Tehke makse panga\u00fclekandega<\/li>\n<li>Makske Leedus elektroonilise panganduse kaudu v\u00f5i Paysera kaudu<\/li>\n<li>Makske kauba eest tellimuse \u00fcleandmise ajal kullerile<\/li>\n<\/ul>\n<p>&nbsp;<\/p>\n<p><b>Arveldamine Internetipanga v\u00f5i Paysera kaudu<\/b><\/p>\n<p>&nbsp;<\/p>\n<p>Kui kl\u00f5psate tellimisaknas Interneti-panga kaudu maksmise nuppu, palutakse teil valida \u00fcks pankadest ja teha makse vastava panga vastava internetipangas\u00fcsteemi kaudu.<\/p>\n<p>&nbsp;<\/p>\n<p>Panga\u00fclekanne<\/p>\n<p>&nbsp;<\/p>\n<p>P\u00e4rast selle makseviisi valimist tehke tavap\u00e4raselt panga\u00fclekanne UAB \u201cVilniaus medicinos servisas\u201d kontole. Pange t\u00e4hele, et makse sihtkoha v\u00e4ljale peate sisestama tellimisnumbri waterpik.lt, et saaksime teie makse kiirendada.<\/p>\n<p>&nbsp;<\/p>\n<p><b>Konto teave:<\/b><\/p>\n<p>&nbsp;<\/p>\n<p>Saaja: UAB \u201cVilniaus medicinos servisas\u201d<br \/>\nA\/S: LT747300010002421493<br \/>\nSWIFT: HABALT22<br \/>\nPank: Swedbank<br \/>\nA\/S: LT194010042400238947<br \/>\nSWIFT: AGBLLT2X<br \/>\nPank: Luminor<br \/>\nEttev\u00f5tte kood: 123070311<br \/>\nMakse eesm\u00e4rk: lisage kindlasti oma tellimuse number.<\/p>\n<p>&nbsp;<\/p>\n<p>Tasumine \u00fcleandmise ajal kullerile<\/p>\n<p>&nbsp;<\/p>\n<p>Tasumine tellimuse kohaletoimetamise ajal on v\u00f5imalik ainult kohaletoimetamise viisiga: Kojutoomine Venipak kullerteenusega. Siis ei pea tellimuse vormistamise ajal tellimuse eest maksma; Tellimuse eest saate tellimuse eest tasumisel tasuda kaardiga v\u00f5i sularahas (teil peab olema t\u00e4pne summa sularaha).<\/p>\n<p>&nbsp;<\/p>\n<p>P\u00e4rast summa tasumist t\u00e4ies mahus kullerile (toote hind + kohaletoimetamise tasu) loovutatakse toode teile.<\/p>\n<p>[\/vc_column_text][\/vc_column][\/vc_row]<\/p>\n<\/div>","protected":false},"excerpt":{"rendered":"<p>[vc_row css_animation=&#8221;&#8221; row_type=&#8221;row&#8221; use_row_as_full_screen_section=&#8221;no&#8221; type=&#8221;grid&#8221; angled_section=&#8221;no&#8221; text_align=&#8221;left&#8221; background_image_as_pattern=&#8221;without_pattern&#8221; z_index=&#8221;&#8221; css=&#8221;.vc_custom_1574086303863{padding-top: 10px !important;padding-bottom: 90px !important;}&#8221;][vc_column][vc_column_text css=&#8221;&#8221;]Veebipoes waterpik.lt\/et saate valitud toote eest maksta teile sobival viisil: Tehke makse panga\u00fclekandega Makske Leedus elektroonilise panganduse kaudu v\u00f5i Paysera kaudu Makske kauba eest tellimuse \u00fcleandmise ajal kullerile &nbsp; Arveldamine Internetipanga&#8230;<\/p>\n","protected":false},"author":10,"featured_media":0,"parent":0,"menu_order":0,"comment_status":"closed","ping_status":"closed","template":"","meta":{"inline_featured_image":false,"footnotes":""},"class_list":["post-8051","page","type-page","status-publish","hentry"],"yoast_head":"<!-- This site is optimized with the Yoast SEO plugin v24.6 - https:\/\/yoast.com\/wordpress\/plugins\/seo\/ -->\n<title>Turvaline ja kiire arveldus | Waterpik<\/title>\n<meta name=\"robots\" content=\"index, follow, max-snippet:-1, max-image-preview:large, max-video-preview:-1\" \/>\n<link rel=\"canonical\" href=\"https:\/\/waterpik.lt\/et\/turvaline-ja-kiire-arveldus\/\" \/>\n<meta property=\"og:locale\" content=\"et_EE\" \/>\n<meta property=\"og:type\" content=\"article\" \/>\n<meta property=\"og:title\" content=\"Turvaline ja kiire arveldus | Waterpik\" \/>\n<meta property=\"og:description\" content=\"[vc_row css_animation=&#8221;&#8221; row_type=&#8221;row&#8221; use_row_as_full_screen_section=&#8221;no&#8221; type=&#8221;grid&#8221; angled_section=&#8221;no&#8221; text_align=&#8221;left&#8221; background_image_as_pattern=&#8221;without_pattern&#8221; z_index=&#8221;&#8221; css=&#8221;.vc_custom_1574086303863{padding-top: 10px !important;padding-bottom: 90px !important;}&#8221;][vc_column][vc_column_text css=&#8221;&#8221;]Veebipoes waterpik.lt\/et saate valitud toote eest maksta teile sobival viisil: Tehke makse panga\u00fclekandega Makske Leedus elektroonilise panganduse kaudu v\u00f5i Paysera kaudu Makske kauba eest tellimuse \u00fcleandmise ajal kullerile &nbsp; Arveldamine Internetipanga...\" \/>\n<meta property=\"og:url\" content=\"https:\/\/waterpik.lt\/et\/turvaline-ja-kiire-arveldus\/\" \/>\n<meta property=\"og:site_name\" content=\"Waterpik\" \/>\n<meta property=\"article:modified_time\" content=\"2025-12-05T08:50:51+00:00\" \/>\n<meta property=\"og:image\" content=\"https:\/\/waterpik.lt\/wp-content\/uploads\/2020\/12\/WP670-webui-scaled.jpg\" \/>\n\t<meta property=\"og:image:width\" content=\"2560\" \/>\n\t<meta property=\"og:image:height\" content=\"2560\" \/>\n\t<meta property=\"og:image:type\" content=\"image\/jpeg\" \/>\n<meta name=\"twitter:card\" content=\"summary_large_image\" \/>\n<meta name=\"twitter:label1\" content=\"Est. reading time\" \/>\n\t<meta name=\"twitter:data1\" content=\"1 minut\" \/>\n<script type=\"application\/ld+json\" class=\"yoast-schema-graph\">{\"@context\":\"https:\/\/schema.org\",\"@graph\":[{\"@type\":\"WebPage\",\"@id\":\"https:\/\/waterpik.lt\/et\/turvaline-ja-kiire-arveldus\/\",\"url\":\"https:\/\/waterpik.lt\/et\/turvaline-ja-kiire-arveldus\/\",\"name\":\"Turvaline ja kiire arveldus | Waterpik\",\"isPartOf\":{\"@id\":\"https:\/\/waterpik.lt\/#website\"},\"datePublished\":\"2019-11-22T16:32:22+00:00\",\"dateModified\":\"2025-12-05T08:50:51+00:00\",\"breadcrumb\":{\"@id\":\"https:\/\/waterpik.lt\/et\/turvaline-ja-kiire-arveldus\/#breadcrumb\"},\"inLanguage\":\"et\",\"potentialAction\":[{\"@type\":\"ReadAction\",\"target\":[\"https:\/\/waterpik.lt\/et\/turvaline-ja-kiire-arveldus\/\"]}]},{\"@type\":\"BreadcrumbList\",\"@id\":\"https:\/\/waterpik.lt\/et\/turvaline-ja-kiire-arveldus\/#breadcrumb\",\"itemListElement\":[{\"@type\":\"ListItem\",\"position\":1,\"name\":\"Titulinis\",\"item\":\"https:\/\/waterpik.lt\/et\/\"},{\"@type\":\"ListItem\",\"position\":2,\"name\":\"Turvaline ja kiire arveldus\"}]},{\"@type\":\"WebSite\",\"@id\":\"https:\/\/waterpik.lt\/#website\",\"url\":\"https:\/\/waterpik.lt\/\",\"name\":\"Waterpik\",\"description\":\"Irigatoriai\",\"publisher\":{\"@id\":\"https:\/\/waterpik.lt\/#organization\"},\"potentialAction\":[{\"@type\":\"SearchAction\",\"target\":{\"@type\":\"EntryPoint\",\"urlTemplate\":\"https:\/\/waterpik.lt\/?s={search_term_string}\"},\"query-input\":{\"@type\":\"PropertyValueSpecification\",\"valueRequired\":true,\"valueName\":\"search_term_string\"}}],\"inLanguage\":\"et\"},{\"@type\":\"Organization\",\"@id\":\"https:\/\/waterpik.lt\/#organization\",\"name\":\"Waterpik\",\"url\":\"https:\/\/waterpik.lt\/\",\"logo\":{\"@type\":\"ImageObject\",\"inLanguage\":\"et\",\"@id\":\"https:\/\/waterpik.lt\/#\/schema\/logo\/image\/\",\"url\":\"https:\/\/waterpik.lt\/wp-content\/uploads\/2019\/05\/WP-160.jpg\",\"contentUrl\":\"https:\/\/waterpik.lt\/wp-content\/uploads\/2019\/05\/WP-160.jpg\",\"width\":2048,\"height\":2048,\"caption\":\"Waterpik\"},\"image\":{\"@id\":\"https:\/\/waterpik.lt\/#\/schema\/logo\/image\/\"}}]}<\/script>\n<!-- \/ Yoast SEO plugin. -->","yoast_head_json":{"title":"Turvaline ja kiire arveldus | Waterpik","robots":{"index":"index","follow":"follow","max-snippet":"max-snippet:-1","max-image-preview":"max-image-preview:large","max-video-preview":"max-video-preview:-1"},"canonical":"https:\/\/waterpik.lt\/et\/turvaline-ja-kiire-arveldus\/","og_locale":"et_EE","og_type":"article","og_title":"Turvaline ja kiire arveldus | Waterpik","og_description":"[vc_row css_animation=&#8221;&#8221; row_type=&#8221;row&#8221; use_row_as_full_screen_section=&#8221;no&#8221; type=&#8221;grid&#8221; angled_section=&#8221;no&#8221; text_align=&#8221;left&#8221; background_image_as_pattern=&#8221;without_pattern&#8221; z_index=&#8221;&#8221; css=&#8221;.vc_custom_1574086303863{padding-top: 10px !important;padding-bottom: 90px !important;}&#8221;][vc_column][vc_column_text css=&#8221;&#8221;]Veebipoes waterpik.lt\/et saate valitud toote eest maksta teile sobival viisil: Tehke makse panga\u00fclekandega Makske Leedus elektroonilise panganduse kaudu v\u00f5i Paysera kaudu Makske kauba eest tellimuse \u00fcleandmise ajal kullerile &nbsp; Arveldamine Internetipanga...","og_url":"https:\/\/waterpik.lt\/et\/turvaline-ja-kiire-arveldus\/","og_site_name":"Waterpik","article_modified_time":"2025-12-05T08:50:51+00:00","og_image":[{"width":2560,"height":2560,"url":"https:\/\/waterpik.lt\/wp-content\/uploads\/2020\/12\/WP670-webui-scaled.jpg","type":"image\/jpeg"}],"twitter_card":"summary_large_image","twitter_misc":{"Est. reading time":"1 minut"},"schema":{"@context":"https:\/\/schema.org","@graph":[{"@type":"WebPage","@id":"https:\/\/waterpik.lt\/et\/turvaline-ja-kiire-arveldus\/","url":"https:\/\/waterpik.lt\/et\/turvaline-ja-kiire-arveldus\/","name":"Turvaline ja kiire arveldus | Waterpik","isPartOf":{"@id":"https:\/\/waterpik.lt\/#website"},"datePublished":"2019-11-22T16:32:22+00:00","dateModified":"2025-12-05T08:50:51+00:00","breadcrumb":{"@id":"https:\/\/waterpik.lt\/et\/turvaline-ja-kiire-arveldus\/#breadcrumb"},"inLanguage":"et","potentialAction":[{"@type":"ReadAction","target":["https:\/\/waterpik.lt\/et\/turvaline-ja-kiire-arveldus\/"]}]},{"@type":"BreadcrumbList","@id":"https:\/\/waterpik.lt\/et\/turvaline-ja-kiire-arveldus\/#breadcrumb","itemListElement":[{"@type":"ListItem","position":1,"name":"Titulinis","item":"https:\/\/waterpik.lt\/et\/"},{"@type":"ListItem","position":2,"name":"Turvaline ja kiire arveldus"}]},{"@type":"WebSite","@id":"https:\/\/waterpik.lt\/#website","url":"https:\/\/waterpik.lt\/","name":"Waterpik","description":"Irigatoriai","publisher":{"@id":"https:\/\/waterpik.lt\/#organization"},"potentialAction":[{"@type":"SearchAction","target":{"@type":"EntryPoint","urlTemplate":"https:\/\/waterpik.lt\/?s={search_term_string}"},"query-input":{"@type":"PropertyValueSpecification","valueRequired":true,"valueName":"search_term_string"}}],"inLanguage":"et"},{"@type":"Organization","@id":"https:\/\/waterpik.lt\/#organization","name":"Waterpik","url":"https:\/\/waterpik.lt\/","logo":{"@type":"ImageObject","inLanguage":"et","@id":"https:\/\/waterpik.lt\/#\/schema\/logo\/image\/","url":"https:\/\/waterpik.lt\/wp-content\/uploads\/2019\/05\/WP-160.jpg","contentUrl":"https:\/\/waterpik.lt\/wp-content\/uploads\/2019\/05\/WP-160.jpg","width":2048,"height":2048,"caption":"Waterpik"},"image":{"@id":"https:\/\/waterpik.lt\/#\/schema\/logo\/image\/"}}]}},"_links":{"self":[{"href":"https:\/\/waterpik.lt\/et\/wp-json\/wp\/v2\/pages\/8051","targetHints":{"allow":["GET"]}}],"collection":[{"href":"https:\/\/waterpik.lt\/et\/wp-json\/wp\/v2\/pages"}],"about":[{"href":"https:\/\/waterpik.lt\/et\/wp-json\/wp\/v2\/types\/page"}],"author":[{"embeddable":true,"href":"https:\/\/waterpik.lt\/et\/wp-json\/wp\/v2\/users\/10"}],"replies":[{"embeddable":true,"href":"https:\/\/waterpik.lt\/et\/wp-json\/wp\/v2\/comments?post=8051"}],"version-history":[{"count":5,"href":"https:\/\/waterpik.lt\/et\/wp-json\/wp\/v2\/pages\/8051\/revisions"}],"predecessor-version":[{"id":181278,"href":"https:\/\/waterpik.lt\/et\/wp-json\/wp\/v2\/pages\/8051\/revisions\/181278"}],"wp:attachment":[{"href":"https:\/\/waterpik.lt\/et\/wp-json\/wp\/v2\/media?parent=8051"}],"curies":[{"name":"wp","href":"https:\/\/api.w.org\/{rel}","templated":true}]}}