{"id":8045,"date":"2019-11-22T18:26:48","date_gmt":"2019-11-22T16:26:48","guid":{"rendered":"https:\/\/waterpik.lt\/?page_id=8045"},"modified":"2025-12-05T10:49:12","modified_gmt":"2025-12-05T08:49:12","slug":"garantii-ja-muugijargne-teenindus","status":"publish","type":"page","link":"https:\/\/waterpik.lt\/et\/garantii-ja-muugijargne-teenindus\/","title":{"rendered":"Garantii ja m\u00fc\u00fcgij\u00e4rgne teenindus"},"content":{"rendered":"<div class=\"wpb-content-wrapper\"><p>[vc_row css_animation=&#8221;&#8221; row_type=&#8221;row&#8221; use_row_as_full_screen_section=&#8221;no&#8221; type=&#8221;grid&#8221; angled_section=&#8221;no&#8221; text_align=&#8221;left&#8221; background_image_as_pattern=&#8221;without_pattern&#8221; z_index=&#8221;&#8221; css=&#8221;.vc_custom_1574086303863{padding-top: 10px !important;padding-bottom: 90px !important;}&#8221;][vc_column][vc_column_text css=&#8221;&#8221;]<span lang=\"lt-LT\">Igale\u00a0e-kauplusest waterpik.lt m\u00fc\u00fcdud kaubale antakse garantii. Garantiiaja kestus on m\u00e4rgitud kauba kirjelduses. Kui kauba kirjelduses ei ole garantiiaja kehtivust eraldi v\u00e4lja toodud, siis arvestatakse, et kaubale on antud 24-kuu pikkune garantii.<\/span><\/p>\n<p>&nbsp;<\/p>\n<p><span lang=\"lt-LT\">Garantiiga seotud k\u00fcsimustes palume v\u00f5tta \u00fchendust telefonil +37066355112 v\u00f5i kirjutada e-kiri Tomasele aadressil\u00a0<\/span><span lang=\"lt-LT\"><u>tomas@vilmedservis.lt<\/u><\/span><span lang=\"lt-LT\">.<\/span><\/p>\n<p><span lang=\"lt-LT\">Garantiiteeninduseks palume tuua kaubad teeninduskeskusesse aadressil Mindaugo g. 23-116, Vilnius LT-03214.<\/span><\/p>\n<p>&nbsp;<\/p>\n<p><span lang=\"lt-LT\">Kui asute L\u00e4tis v\u00f5i Eestis, v\u00f5tke garantiiga seotud k\u00fcsimustes \u00fchendust e-posti v\u00f5i telefoni teel. Garantii alla kuuluva toimingu puhul saadame alati kohale oma kulleri, et ta tooks meile teie rikki l\u00e4inud seadme. Parandatud irrigaatori saadame samuti teile kulleriga tagasi. Saatekulud tasume MEIE, teil ei tule t\u00e4iendavalt midagi maksta.<\/span><\/p>\n<p><span lang=\"lt-LT\">Kui teil on mugavam saata kaup meile Omniva postiautomaadist, siis v\u00f5ime teile saata Omniva saadetise kleepsu ja teil tuleb vaid viia saadetis postiautomaati.<\/span><\/p>\n<p><span lang=\"lt-LT\">Tootja s\u00fc\u00fcl tekkinud rikked parandatakse garantiiteeninduses 1\u201314 p\u00e4eva jooksul p\u00e4rast kauba garantiiteenindusse \u00fcle andmist v\u00f5i 45 p\u00e4eva jooksul, kui garantiiremondi tegemiseks tuleb detail tellida v\u00e4lismaalt. K\u00f5igil juhtudel p\u00fc\u00fcame garantiiteenindust osutada v\u00f5imalikult l\u00fchikese aja jooksul.<\/span><\/p>\n<p>&nbsp;<\/p>\n<p><b>Tagastamise kord<\/b><\/p>\n<ul>\n<li>Ostetud kauba tagastamine veebipoes waterpik.lt 2014. aasta alusel. 22. juuli Leedu Vabariigi valitsuse 11. juuni m\u00e4\u00e4rus nr 697 jaekaubanduseeskirjade kinnitamise muudatus.<\/li>\n<li>Kauba tagastamise kulud kannab kauba ostja.<\/li>\n<li>M\u00fc\u00fcja vahetab v\u00f5i tagastab kaubad, mis ostjale ei meeldi kuju, suuruse, v\u00e4rvi, mustri v\u00f5i komplekti j\u00e4rgi 14 kalendrip\u00e4eva jooksul alates tarnekuup\u00e4evast. Postikulud ei kuulu tagastamisele. Ostja peab mitterahuldava kauba tagastama oma transpordiga v\u00f5i tasuma tagastamise kulud. Toode tuleb tagastada pakendis, milles see tarniti. Pakend peab olema terve, puhas, korralikult ettevalmistatud ja pakendatud.<\/li>\n<li>Ostja saab tagastamis\u00f5igust kasutada juhul, kui kaupa pole kasutatud, rikutud v\u00f5i kauba kaubanduslikku v\u00e4limust pole kaotatud. Tagastatud kaup peab olema t\u00e4ielikult kokku pandud. Ostja vastutab kauba t\u00e4ieliku komplekteerimise ja pakendamise eest. Kui kaup pole t\u00e4ielikult kokku pandud ja korralikult pakitud, v\u00f5ib m\u00fc\u00fcja v\u00f5i tema esindaja keelduda tagastatud kauba vastuv\u00f5tmisest. Toote v\u00f5i selle pakendi v\u00e4limuse muudatusi, mis olid vajalikud toote kontrollimiseks, ei tohiks t\u00f5lgendada toote v\u00e4limuse oluliste muutustena. M\u00fc\u00fcja v\u00f5ib keelduda kauba vastuv\u00f5tmisest, kui kauba pakend on spetsiaalselt rebenenud, purunenud v\u00f5i muul viisil kahjustatud ja kaotanud oma v\u00e4limuse. Pakend peab olema terve, puhas, korralikult ettevalmistatud ja pakendatud.<\/li>\n<li>Kui ostetud toode ei vasta kvaliteedin\u00f5uetele, s.t. oli puudusega, on Ostja n\u00f5us m\u00fc\u00fcjat sellest teavitama 7 t\u00f6\u00f6p\u00e4eva jooksul alates kauba k\u00e4ttesaamisest. P\u00e4rast seda on m\u00fc\u00fcjal \u00f5igus l\u00fckata tagasi k\u00f5ik pretensioonid kauba kvaliteedi kohta. M\u00fc\u00fcja kohustub defektse toote asendama hea kvaliteediga tootega, v\u00e4hendama vastavalt toote hinda v\u00f5i tagastama kauba ja selle kohaletoimetamise eest makstud raha 30 p\u00e4eva jooksul alates n\u00f5udmise kuup\u00e4evast. Kaup tuleb tagastada kauba ja saadetise originaalpakendis. Ostja peab esitama ka kauba originaalarve.<\/li>\n<li>Kui m\u00fc\u00fcja keeldub tagastatud kaupa vastu v\u00f5tmast, peab ostja kauba omal kulul kauba k\u00e4tte v\u00f5tma 14 t\u00f6\u00f6p\u00e4eva jooksul. P\u00e4rast seda leitakse, et ostja keeldus tagastatud kaubast oma s\u00fc\u00fcl ja tal pole rahalist n\u00f5uet. Sel juhul kauba eest ostjale raha ei tagastata.<\/li>\n<li>K\u00f5ik ostu-m\u00fc\u00fcgiga seotud v\u00f5i sellega seotud vaidlused lahendatakse l\u00e4bir\u00e4\u00e4kimiste teel. Lahkarvamuste korral lahendatakse vaidlus Leedu Vabariigi \u00f5igusaktidega etten\u00e4htud viisil.<\/li>\n<\/ul>\n<p>[\/vc_column_text][\/vc_column][\/vc_row]<\/p>\n<\/div>","protected":false},"excerpt":{"rendered":"<p>[vc_row css_animation=&#8221;&#8221; row_type=&#8221;row&#8221; use_row_as_full_screen_section=&#8221;no&#8221; type=&#8221;grid&#8221; angled_section=&#8221;no&#8221; text_align=&#8221;left&#8221; background_image_as_pattern=&#8221;without_pattern&#8221; z_index=&#8221;&#8221; css=&#8221;.vc_custom_1574086303863{padding-top: 10px !important;padding-bottom: 90px !important;}&#8221;][vc_column][vc_column_text css=&#8221;&#8221;]Igale\u00a0e-kauplusest waterpik.lt m\u00fc\u00fcdud kaubale antakse garantii. Garantiiaja kestus on m\u00e4rgitud kauba kirjelduses. Kui kauba kirjelduses ei ole garantiiaja kehtivust eraldi v\u00e4lja toodud, siis arvestatakse, et kaubale on antud 24-kuu pikkune garantii&#8230;.<\/p>\n","protected":false},"author":10,"featured_media":0,"parent":0,"menu_order":0,"comment_status":"closed","ping_status":"closed","template":"","meta":{"inline_featured_image":false,"footnotes":""},"class_list":["post-8045","page","type-page","status-publish","hentry"],"yoast_head":"<!-- This site is optimized with the Yoast SEO plugin v24.6 - https:\/\/yoast.com\/wordpress\/plugins\/seo\/ -->\n<title>Garantii ja m\u00fc\u00fcgij\u00e4rgne teenindus | Waterpik<\/title>\n<meta name=\"robots\" content=\"index, follow, max-snippet:-1, max-image-preview:large, max-video-preview:-1\" \/>\n<link rel=\"canonical\" href=\"https:\/\/waterpik.lt\/et\/garantii-ja-muugijargne-teenindus\/\" \/>\n<meta property=\"og:locale\" content=\"et_EE\" \/>\n<meta property=\"og:type\" content=\"article\" \/>\n<meta property=\"og:title\" content=\"Garantii ja m\u00fc\u00fcgij\u00e4rgne teenindus | Waterpik\" \/>\n<meta property=\"og:description\" content=\"[vc_row css_animation=&#8221;&#8221; row_type=&#8221;row&#8221; use_row_as_full_screen_section=&#8221;no&#8221; type=&#8221;grid&#8221; angled_section=&#8221;no&#8221; text_align=&#8221;left&#8221; background_image_as_pattern=&#8221;without_pattern&#8221; z_index=&#8221;&#8221; css=&#8221;.vc_custom_1574086303863{padding-top: 10px !important;padding-bottom: 90px !important;}&#8221;][vc_column][vc_column_text css=&#8221;&#8221;]Igale\u00a0e-kauplusest waterpik.lt m\u00fc\u00fcdud kaubale antakse garantii. Garantiiaja kestus on m\u00e4rgitud kauba kirjelduses. Kui kauba kirjelduses ei ole garantiiaja kehtivust eraldi v\u00e4lja toodud, siis arvestatakse, et kaubale on antud 24-kuu pikkune garantii....\" \/>\n<meta property=\"og:url\" content=\"https:\/\/waterpik.lt\/et\/garantii-ja-muugijargne-teenindus\/\" \/>\n<meta property=\"og:site_name\" content=\"Waterpik\" \/>\n<meta property=\"article:modified_time\" content=\"2025-12-05T08:49:12+00:00\" \/>\n<meta property=\"og:image\" content=\"https:\/\/waterpik.lt\/wp-content\/uploads\/2020\/12\/WP670-webui-scaled.jpg\" \/>\n\t<meta property=\"og:image:width\" content=\"2560\" \/>\n\t<meta property=\"og:image:height\" content=\"2560\" \/>\n\t<meta property=\"og:image:type\" content=\"image\/jpeg\" \/>\n<meta name=\"twitter:card\" content=\"summary_large_image\" \/>\n<meta name=\"twitter:label1\" content=\"Est. reading time\" \/>\n\t<meta name=\"twitter:data1\" content=\"3 minutit\" \/>\n<script type=\"application\/ld+json\" class=\"yoast-schema-graph\">{\"@context\":\"https:\/\/schema.org\",\"@graph\":[{\"@type\":\"WebPage\",\"@id\":\"https:\/\/waterpik.lt\/et\/garantii-ja-muugijargne-teenindus\/\",\"url\":\"https:\/\/waterpik.lt\/et\/garantii-ja-muugijargne-teenindus\/\",\"name\":\"Garantii ja m\u00fc\u00fcgij\u00e4rgne teenindus | Waterpik\",\"isPartOf\":{\"@id\":\"https:\/\/waterpik.lt\/#website\"},\"datePublished\":\"2019-11-22T16:26:48+00:00\",\"dateModified\":\"2025-12-05T08:49:12+00:00\",\"breadcrumb\":{\"@id\":\"https:\/\/waterpik.lt\/et\/garantii-ja-muugijargne-teenindus\/#breadcrumb\"},\"inLanguage\":\"et\",\"potentialAction\":[{\"@type\":\"ReadAction\",\"target\":[\"https:\/\/waterpik.lt\/et\/garantii-ja-muugijargne-teenindus\/\"]}]},{\"@type\":\"BreadcrumbList\",\"@id\":\"https:\/\/waterpik.lt\/et\/garantii-ja-muugijargne-teenindus\/#breadcrumb\",\"itemListElement\":[{\"@type\":\"ListItem\",\"position\":1,\"name\":\"Titulinis\",\"item\":\"https:\/\/waterpik.lt\/et\/\"},{\"@type\":\"ListItem\",\"position\":2,\"name\":\"Garantii ja m\u00fc\u00fcgij\u00e4rgne teenindus\"}]},{\"@type\":\"WebSite\",\"@id\":\"https:\/\/waterpik.lt\/#website\",\"url\":\"https:\/\/waterpik.lt\/\",\"name\":\"Waterpik\",\"description\":\"Irigatoriai\",\"publisher\":{\"@id\":\"https:\/\/waterpik.lt\/#organization\"},\"potentialAction\":[{\"@type\":\"SearchAction\",\"target\":{\"@type\":\"EntryPoint\",\"urlTemplate\":\"https:\/\/waterpik.lt\/?s={search_term_string}\"},\"query-input\":{\"@type\":\"PropertyValueSpecification\",\"valueRequired\":true,\"valueName\":\"search_term_string\"}}],\"inLanguage\":\"et\"},{\"@type\":\"Organization\",\"@id\":\"https:\/\/waterpik.lt\/#organization\",\"name\":\"Waterpik\",\"url\":\"https:\/\/waterpik.lt\/\",\"logo\":{\"@type\":\"ImageObject\",\"inLanguage\":\"et\",\"@id\":\"https:\/\/waterpik.lt\/#\/schema\/logo\/image\/\",\"url\":\"https:\/\/waterpik.lt\/wp-content\/uploads\/2019\/05\/WP-160.jpg\",\"contentUrl\":\"https:\/\/waterpik.lt\/wp-content\/uploads\/2019\/05\/WP-160.jpg\",\"width\":2048,\"height\":2048,\"caption\":\"Waterpik\"},\"image\":{\"@id\":\"https:\/\/waterpik.lt\/#\/schema\/logo\/image\/\"}}]}<\/script>\n<!-- \/ Yoast SEO plugin. -->","yoast_head_json":{"title":"Garantii ja m\u00fc\u00fcgij\u00e4rgne teenindus | Waterpik","robots":{"index":"index","follow":"follow","max-snippet":"max-snippet:-1","max-image-preview":"max-image-preview:large","max-video-preview":"max-video-preview:-1"},"canonical":"https:\/\/waterpik.lt\/et\/garantii-ja-muugijargne-teenindus\/","og_locale":"et_EE","og_type":"article","og_title":"Garantii ja m\u00fc\u00fcgij\u00e4rgne teenindus | Waterpik","og_description":"[vc_row css_animation=&#8221;&#8221; row_type=&#8221;row&#8221; use_row_as_full_screen_section=&#8221;no&#8221; type=&#8221;grid&#8221; angled_section=&#8221;no&#8221; text_align=&#8221;left&#8221; background_image_as_pattern=&#8221;without_pattern&#8221; z_index=&#8221;&#8221; css=&#8221;.vc_custom_1574086303863{padding-top: 10px !important;padding-bottom: 90px !important;}&#8221;][vc_column][vc_column_text css=&#8221;&#8221;]Igale\u00a0e-kauplusest waterpik.lt m\u00fc\u00fcdud kaubale antakse garantii. Garantiiaja kestus on m\u00e4rgitud kauba kirjelduses. Kui kauba kirjelduses ei ole garantiiaja kehtivust eraldi v\u00e4lja toodud, siis arvestatakse, et kaubale on antud 24-kuu pikkune garantii....","og_url":"https:\/\/waterpik.lt\/et\/garantii-ja-muugijargne-teenindus\/","og_site_name":"Waterpik","article_modified_time":"2025-12-05T08:49:12+00:00","og_image":[{"width":2560,"height":2560,"url":"https:\/\/waterpik.lt\/wp-content\/uploads\/2020\/12\/WP670-webui-scaled.jpg","type":"image\/jpeg"}],"twitter_card":"summary_large_image","twitter_misc":{"Est. reading time":"3 minutit"},"schema":{"@context":"https:\/\/schema.org","@graph":[{"@type":"WebPage","@id":"https:\/\/waterpik.lt\/et\/garantii-ja-muugijargne-teenindus\/","url":"https:\/\/waterpik.lt\/et\/garantii-ja-muugijargne-teenindus\/","name":"Garantii ja m\u00fc\u00fcgij\u00e4rgne teenindus | Waterpik","isPartOf":{"@id":"https:\/\/waterpik.lt\/#website"},"datePublished":"2019-11-22T16:26:48+00:00","dateModified":"2025-12-05T08:49:12+00:00","breadcrumb":{"@id":"https:\/\/waterpik.lt\/et\/garantii-ja-muugijargne-teenindus\/#breadcrumb"},"inLanguage":"et","potentialAction":[{"@type":"ReadAction","target":["https:\/\/waterpik.lt\/et\/garantii-ja-muugijargne-teenindus\/"]}]},{"@type":"BreadcrumbList","@id":"https:\/\/waterpik.lt\/et\/garantii-ja-muugijargne-teenindus\/#breadcrumb","itemListElement":[{"@type":"ListItem","position":1,"name":"Titulinis","item":"https:\/\/waterpik.lt\/et\/"},{"@type":"ListItem","position":2,"name":"Garantii ja m\u00fc\u00fcgij\u00e4rgne teenindus"}]},{"@type":"WebSite","@id":"https:\/\/waterpik.lt\/#website","url":"https:\/\/waterpik.lt\/","name":"Waterpik","description":"Irigatoriai","publisher":{"@id":"https:\/\/waterpik.lt\/#organization"},"potentialAction":[{"@type":"SearchAction","target":{"@type":"EntryPoint","urlTemplate":"https:\/\/waterpik.lt\/?s={search_term_string}"},"query-input":{"@type":"PropertyValueSpecification","valueRequired":true,"valueName":"search_term_string"}}],"inLanguage":"et"},{"@type":"Organization","@id":"https:\/\/waterpik.lt\/#organization","name":"Waterpik","url":"https:\/\/waterpik.lt\/","logo":{"@type":"ImageObject","inLanguage":"et","@id":"https:\/\/waterpik.lt\/#\/schema\/logo\/image\/","url":"https:\/\/waterpik.lt\/wp-content\/uploads\/2019\/05\/WP-160.jpg","contentUrl":"https:\/\/waterpik.lt\/wp-content\/uploads\/2019\/05\/WP-160.jpg","width":2048,"height":2048,"caption":"Waterpik"},"image":{"@id":"https:\/\/waterpik.lt\/#\/schema\/logo\/image\/"}}]}},"_links":{"self":[{"href":"https:\/\/waterpik.lt\/et\/wp-json\/wp\/v2\/pages\/8045","targetHints":{"allow":["GET"]}}],"collection":[{"href":"https:\/\/waterpik.lt\/et\/wp-json\/wp\/v2\/pages"}],"about":[{"href":"https:\/\/waterpik.lt\/et\/wp-json\/wp\/v2\/types\/page"}],"author":[{"embeddable":true,"href":"https:\/\/waterpik.lt\/et\/wp-json\/wp\/v2\/users\/10"}],"replies":[{"embeddable":true,"href":"https:\/\/waterpik.lt\/et\/wp-json\/wp\/v2\/comments?post=8045"}],"version-history":[{"count":6,"href":"https:\/\/waterpik.lt\/et\/wp-json\/wp\/v2\/pages\/8045\/revisions"}],"predecessor-version":[{"id":181277,"href":"https:\/\/waterpik.lt\/et\/wp-json\/wp\/v2\/pages\/8045\/revisions\/181277"}],"wp:attachment":[{"href":"https:\/\/waterpik.lt\/et\/wp-json\/wp\/v2\/media?parent=8045"}],"curies":[{"name":"wp","href":"https:\/\/api.w.org\/{rel}","templated":true}]}}