{"id":599,"date":"2016-11-03T11:19:12","date_gmt":"2016-11-03T11:19:12","guid":{"rendered":"https:\/\/waterpik.lt\/apie-mus\/"},"modified":"2021-03-17T16:54:09","modified_gmt":"2021-03-17T14:54:09","slug":"meist","status":"publish","type":"page","link":"https:\/\/waterpik.lt\/et\/meist\/","title":{"rendered":"Meist"},"content":{"rendered":"<div class=\"wpb-content-wrapper\"><p>[vc_row css_animation=&#8221;&#8221; row_type=&#8221;row&#8221; use_row_as_full_screen_section=&#8221;no&#8221; type=&#8221;grid&#8221; angled_section=&#8221;no&#8221; text_align=&#8221;left&#8221; background_image_as_pattern=&#8221;without_pattern&#8221; z_index=&#8221;&#8221; css=&#8221;.vc_custom_1542975180500{padding-top: 90px !important;padding-bottom: 90px !important;}&#8221;][vc_column width=&#8221;1\/4&#8243;][vc_single_image image=&#8221;596&#8243; img_size=&#8221;large&#8221; qode_css_animation=&#8221;&#8221;][\/vc_column][vc_column width=&#8221;3\/4&#8243;][vc_column_text]<\/p>\n<p class=\"western\" lang=\"lt-LT\">UAB Vilniaus medicinos servisas on asutatud 1995. aastal. Alates 1999. aastast oleme Waterpiki ametlik esindaja Balti riikides.<\/p>\n<p>Alates 1962. aastast on Water Pik, Inc. liider uuenduslike suuh\u00fcgieeni eest hoolitsevate irrigaatorite v\u00e4ljat\u00f6\u00f6tamise ja tootmise vallas. Aastate jooksul on Waterpik pidevalt t\u00e4iustanud oma irrigaatoreid ja registreerinud rohkem kui 500 patenti, p\u00fchendudes uuenduslike toodete v\u00e4ljat\u00f6\u00f6tamisele, mis annavad inimestele v\u00f5imaluse parendada tunduvalt oma suuh\u00fcgieeni. Meie irrigaatorite t\u00f5husus on t\u00f5estatud \u00fclikoolide kliinilistes uuringutes. Waterpiki kaubam\u00e4rgiga tooteid on autasustatud disaini ja tehnoloogiate eest.<\/p>\n<p>&nbsp;<\/p>\n<p>Waterpik on odontoloogide poolt maailmas k\u00f5ige rohkem soovitatud irrigaator, olles \u00fcks maailma usaldusv\u00e4\u00e4rsemaid irrigaatoreid. Ettev\u00f5te on v\u00f5tnud endale kohustuse t\u00f6\u00f6tada v\u00e4lja irrigaatorid, mis parendavad klientide tervist ja heaolu, s\u00e4\u00e4stes samal ajal vett ja energiat.<\/p>\n<p>&nbsp;<\/p>\n<p>Pakume klienditeenindust ning irrigaatorite garantii alla kuuluvat ja garantiij\u00e4rgset teenindust.<\/p>\n<p>&nbsp;<\/p>\n<p>Meie eesm\u00e4rk on, et k\u00f5ik kliendid oleks meie teenuste kvaliteediga rahul.[\/vc_column_text][\/vc_column][\/vc_row]<\/p>\n<\/div>","protected":false},"excerpt":{"rendered":"<p>[vc_row css_animation=&#8221;&#8221; row_type=&#8221;row&#8221; use_row_as_full_screen_section=&#8221;no&#8221; type=&#8221;grid&#8221; angled_section=&#8221;no&#8221; text_align=&#8221;left&#8221; background_image_as_pattern=&#8221;without_pattern&#8221; z_index=&#8221;&#8221; css=&#8221;.vc_custom_1542975180500{padding-top: 90px !important;padding-bottom: 90px !important;}&#8221;][vc_column width=&#8221;1\/4&#8243;][vc_single_image image=&#8221;596&#8243; img_size=&#8221;large&#8221; qode_css_animation=&#8221;&#8221;][\/vc_column][vc_column width=&#8221;3\/4&#8243;][vc_column_text] UAB Vilniaus medicinos servisas on asutatud 1995. aastal. Alates 1999. aastast oleme Waterpiki ametlik esindaja Balti riikides. Alates 1962. aastast on Water Pik, Inc. liider uuenduslike&#8230;<\/p>\n","protected":false},"author":10,"featured_media":0,"parent":0,"menu_order":0,"comment_status":"closed","ping_status":"closed","template":"full_width.php","meta":{"inline_featured_image":false,"footnotes":""},"class_list":["post-599","page","type-page","status-publish","hentry"],"yoast_head":"<!-- This site is optimized with the Yoast SEO plugin v24.6 - https:\/\/yoast.com\/wordpress\/plugins\/seo\/ -->\n<title>Meist | Waterpik<\/title>\n<meta name=\"description\" content=\"Ettev\u00f5te tegeleb hambatehnikute ja stomatoloogiatarvikute m\u00fc\u00fcgiga. Kaksk\u00fcmmend aastat oleme Baltikumi Waterpiku tootja m\u00fc\u00fcgiesindaja.\" \/>\n<meta name=\"robots\" content=\"index, follow, max-snippet:-1, max-image-preview:large, max-video-preview:-1\" \/>\n<link rel=\"canonical\" href=\"https:\/\/waterpik.lt\/et\/meist\/\" \/>\n<meta property=\"og:locale\" content=\"et_EE\" \/>\n<meta property=\"og:type\" content=\"article\" \/>\n<meta property=\"og:title\" content=\"Meist | Waterpik\" \/>\n<meta property=\"og:description\" content=\"Ettev\u00f5te tegeleb hambatehnikute ja stomatoloogiatarvikute m\u00fc\u00fcgiga. Kaksk\u00fcmmend aastat oleme Baltikumi Waterpiku tootja m\u00fc\u00fcgiesindaja.\" \/>\n<meta property=\"og:url\" content=\"https:\/\/waterpik.lt\/et\/meist\/\" \/>\n<meta property=\"og:site_name\" content=\"Waterpik\" \/>\n<meta property=\"article:modified_time\" content=\"2021-03-17T14:54:09+00:00\" \/>\n<meta property=\"og:image\" content=\"https:\/\/waterpik.lt\/wp-content\/uploads\/2020\/12\/WP670-webui-scaled.jpg\" \/>\n\t<meta property=\"og:image:width\" content=\"2560\" \/>\n\t<meta property=\"og:image:height\" content=\"2560\" \/>\n\t<meta property=\"og:image:type\" content=\"image\/jpeg\" \/>\n<meta name=\"twitter:card\" content=\"summary_large_image\" \/>\n<meta name=\"twitter:label1\" content=\"Est. reading time\" \/>\n\t<meta name=\"twitter:data1\" content=\"1 minut\" \/>\n<script type=\"application\/ld+json\" class=\"yoast-schema-graph\">{\"@context\":\"https:\/\/schema.org\",\"@graph\":[{\"@type\":\"WebPage\",\"@id\":\"https:\/\/waterpik.lt\/et\/meist\/\",\"url\":\"https:\/\/waterpik.lt\/et\/meist\/\",\"name\":\"Meist | Waterpik\",\"isPartOf\":{\"@id\":\"https:\/\/waterpik.lt\/#website\"},\"datePublished\":\"2016-11-03T11:19:12+00:00\",\"dateModified\":\"2021-03-17T14:54:09+00:00\",\"description\":\"Ettev\u00f5te tegeleb hambatehnikute ja stomatoloogiatarvikute m\u00fc\u00fcgiga. Kaksk\u00fcmmend aastat oleme Baltikumi Waterpiku tootja m\u00fc\u00fcgiesindaja.\",\"breadcrumb\":{\"@id\":\"https:\/\/waterpik.lt\/et\/meist\/#breadcrumb\"},\"inLanguage\":\"et\",\"potentialAction\":[{\"@type\":\"ReadAction\",\"target\":[\"https:\/\/waterpik.lt\/et\/meist\/\"]}]},{\"@type\":\"BreadcrumbList\",\"@id\":\"https:\/\/waterpik.lt\/et\/meist\/#breadcrumb\",\"itemListElement\":[{\"@type\":\"ListItem\",\"position\":1,\"name\":\"Titulinis\",\"item\":\"https:\/\/waterpik.lt\/et\/\"},{\"@type\":\"ListItem\",\"position\":2,\"name\":\"Meist\"}]},{\"@type\":\"WebSite\",\"@id\":\"https:\/\/waterpik.lt\/#website\",\"url\":\"https:\/\/waterpik.lt\/\",\"name\":\"Waterpik\",\"description\":\"Irigatoriai\",\"publisher\":{\"@id\":\"https:\/\/waterpik.lt\/#organization\"},\"potentialAction\":[{\"@type\":\"SearchAction\",\"target\":{\"@type\":\"EntryPoint\",\"urlTemplate\":\"https:\/\/waterpik.lt\/?s={search_term_string}\"},\"query-input\":{\"@type\":\"PropertyValueSpecification\",\"valueRequired\":true,\"valueName\":\"search_term_string\"}}],\"inLanguage\":\"et\"},{\"@type\":\"Organization\",\"@id\":\"https:\/\/waterpik.lt\/#organization\",\"name\":\"Waterpik\",\"url\":\"https:\/\/waterpik.lt\/\",\"logo\":{\"@type\":\"ImageObject\",\"inLanguage\":\"et\",\"@id\":\"https:\/\/waterpik.lt\/#\/schema\/logo\/image\/\",\"url\":\"https:\/\/waterpik.lt\/wp-content\/uploads\/2019\/05\/WP-160.jpg\",\"contentUrl\":\"https:\/\/waterpik.lt\/wp-content\/uploads\/2019\/05\/WP-160.jpg\",\"width\":2048,\"height\":2048,\"caption\":\"Waterpik\"},\"image\":{\"@id\":\"https:\/\/waterpik.lt\/#\/schema\/logo\/image\/\"}}]}<\/script>\n<!-- \/ Yoast SEO plugin. -->","yoast_head_json":{"title":"Meist | Waterpik","description":"Ettev\u00f5te tegeleb hambatehnikute ja stomatoloogiatarvikute m\u00fc\u00fcgiga. Kaksk\u00fcmmend aastat oleme Baltikumi Waterpiku tootja m\u00fc\u00fcgiesindaja.","robots":{"index":"index","follow":"follow","max-snippet":"max-snippet:-1","max-image-preview":"max-image-preview:large","max-video-preview":"max-video-preview:-1"},"canonical":"https:\/\/waterpik.lt\/et\/meist\/","og_locale":"et_EE","og_type":"article","og_title":"Meist | Waterpik","og_description":"Ettev\u00f5te tegeleb hambatehnikute ja stomatoloogiatarvikute m\u00fc\u00fcgiga. Kaksk\u00fcmmend aastat oleme Baltikumi Waterpiku tootja m\u00fc\u00fcgiesindaja.","og_url":"https:\/\/waterpik.lt\/et\/meist\/","og_site_name":"Waterpik","article_modified_time":"2021-03-17T14:54:09+00:00","og_image":[{"width":2560,"height":2560,"url":"https:\/\/waterpik.lt\/wp-content\/uploads\/2020\/12\/WP670-webui-scaled.jpg","type":"image\/jpeg"}],"twitter_card":"summary_large_image","twitter_misc":{"Est. reading time":"1 minut"},"schema":{"@context":"https:\/\/schema.org","@graph":[{"@type":"WebPage","@id":"https:\/\/waterpik.lt\/et\/meist\/","url":"https:\/\/waterpik.lt\/et\/meist\/","name":"Meist | Waterpik","isPartOf":{"@id":"https:\/\/waterpik.lt\/#website"},"datePublished":"2016-11-03T11:19:12+00:00","dateModified":"2021-03-17T14:54:09+00:00","description":"Ettev\u00f5te tegeleb hambatehnikute ja stomatoloogiatarvikute m\u00fc\u00fcgiga. Kaksk\u00fcmmend aastat oleme Baltikumi Waterpiku tootja m\u00fc\u00fcgiesindaja.","breadcrumb":{"@id":"https:\/\/waterpik.lt\/et\/meist\/#breadcrumb"},"inLanguage":"et","potentialAction":[{"@type":"ReadAction","target":["https:\/\/waterpik.lt\/et\/meist\/"]}]},{"@type":"BreadcrumbList","@id":"https:\/\/waterpik.lt\/et\/meist\/#breadcrumb","itemListElement":[{"@type":"ListItem","position":1,"name":"Titulinis","item":"https:\/\/waterpik.lt\/et\/"},{"@type":"ListItem","position":2,"name":"Meist"}]},{"@type":"WebSite","@id":"https:\/\/waterpik.lt\/#website","url":"https:\/\/waterpik.lt\/","name":"Waterpik","description":"Irigatoriai","publisher":{"@id":"https:\/\/waterpik.lt\/#organization"},"potentialAction":[{"@type":"SearchAction","target":{"@type":"EntryPoint","urlTemplate":"https:\/\/waterpik.lt\/?s={search_term_string}"},"query-input":{"@type":"PropertyValueSpecification","valueRequired":true,"valueName":"search_term_string"}}],"inLanguage":"et"},{"@type":"Organization","@id":"https:\/\/waterpik.lt\/#organization","name":"Waterpik","url":"https:\/\/waterpik.lt\/","logo":{"@type":"ImageObject","inLanguage":"et","@id":"https:\/\/waterpik.lt\/#\/schema\/logo\/image\/","url":"https:\/\/waterpik.lt\/wp-content\/uploads\/2019\/05\/WP-160.jpg","contentUrl":"https:\/\/waterpik.lt\/wp-content\/uploads\/2019\/05\/WP-160.jpg","width":2048,"height":2048,"caption":"Waterpik"},"image":{"@id":"https:\/\/waterpik.lt\/#\/schema\/logo\/image\/"}}]}},"_links":{"self":[{"href":"https:\/\/waterpik.lt\/et\/wp-json\/wp\/v2\/pages\/599","targetHints":{"allow":["GET"]}}],"collection":[{"href":"https:\/\/waterpik.lt\/et\/wp-json\/wp\/v2\/pages"}],"about":[{"href":"https:\/\/waterpik.lt\/et\/wp-json\/wp\/v2\/types\/page"}],"author":[{"embeddable":true,"href":"https:\/\/waterpik.lt\/et\/wp-json\/wp\/v2\/users\/10"}],"replies":[{"embeddable":true,"href":"https:\/\/waterpik.lt\/et\/wp-json\/wp\/v2\/comments?post=599"}],"version-history":[{"count":8,"href":"https:\/\/waterpik.lt\/et\/wp-json\/wp\/v2\/pages\/599\/revisions"}],"predecessor-version":[{"id":19326,"href":"https:\/\/waterpik.lt\/et\/wp-json\/wp\/v2\/pages\/599\/revisions\/19326"}],"wp:attachment":[{"href":"https:\/\/waterpik.lt\/et\/wp-json\/wp\/v2\/media?parent=599"}],"curies":[{"name":"wp","href":"https:\/\/api.w.org\/{rel}","templated":true}]}}